{"id":20,"date":"2016-04-20T18:00:05","date_gmt":"2016-04-20T16:00:05","guid":{"rendered":"http:\/\/hyfac.fr\/?page_id=20"},"modified":"2018-06-26T12:59:53","modified_gmt":"2018-06-26T10:59:53","slug":"informations","status":"publish","type":"page","link":"https:\/\/hyfac.fr\/bg\/informations\/","title":{"rendered":"\u0421\u0432\u044a\u0440\u0436\u0435\u0442\u0435 \u0441\u0435 \u0441"},"content":{"rendered":"<p><img loading=\"lazy\" class=\"alignnone size-full wp-image-1594\" src=\"http:\/\/hyfac.fr\/wp-content\/uploads\/2016\/04\/Contact.png\" alt=\"\u0421\u0432\u044a\u0440\u0436\u0435\u0442\u0435 \u0441\u0435 \u0441\" width=\"1776\" height=\"350\" srcset=\"https:\/\/hyfac.fr\/wp-content\/uploads\/2016\/04\/Contact.png 1776w, https:\/\/hyfac.fr\/wp-content\/uploads\/2016\/04\/Contact-300x59.png 300w, https:\/\/hyfac.fr\/wp-content\/uploads\/2016\/04\/Contact-1024x202.png 1024w\" sizes=\"(max-width: 1776px) 100vw, 1776px\" \/><\/p>\n<p style=\"text-align: center;\">\u0414\u043e\u0431\u0440\u0435 \u0434\u043e\u0448\u043b\u0438 \u0432 \u0443\u0435\u0431\u0441\u0430\u0439\u0442\u0430 \u043d\u0430 Moulin Royal Cosmetics. \u041d\u0430\u0448\u0438\u044f\u0442 \u0435\u043a\u0438\u043f \u0441 \u0443\u0434\u043e\u0432\u043e\u043b\u0441\u0442\u0432\u0438\u0435 \u0449\u0435 \u043e\u0442\u0433\u043e\u0432\u043e\u0440\u0438 \u043d\u0430 \u0432\u0441\u0438\u0447\u043a\u0438 \u0432\u0430\u0448\u0438 \u0432\u044a\u043f\u0440\u043e\u0441\u0438 \u043e\u0442 \u043f\u043e\u043d\u0435\u0434\u0435\u043b\u043d\u0438\u043a \u0434\u043e \u043f\u0435\u0442\u044a\u043a, \u043e\u0442 9 \u0434\u043e 12 \u0447. \u0438 \u043e\u0442 14 \u0434\u043e 17,30 \u0447. \u041d\u0435 \u0441\u0435 \u043a\u043e\u043b\u0435\u0431\u0430\u0439\u0442\u0435, \u043e\u0431\u0430\u0434\u0435\u0442\u0435 \u043d\u0438 \u0441\u0435 \u0438\u043b\u0438 \u043d\u0438 \u043e\u0441\u0442\u0430\u0432\u0435\u0442\u0435 \u0441\u044a\u043e\u0431\u0449\u0435\u043d\u0438\u0435, \u043a\u0430\u0442\u043e \u0438\u0437\u043f\u043e\u043b\u0437\u0432\u0430\u0442\u0435 \u0444\u043e\u0440\u043c\u0443\u043b\u044f\u0440\u0430 \u0437\u0430 \u043a\u043e\u043d\u0442\u0430\u043a\u0442 \u043f\u043e-\u0434\u043e\u043b\u0443.<\/p>\n<div style=\"float: right;\">\n<div style=\"display: block; position: relative; width: 80%; text-align: center;\">\n<h4 style=\"text-align: center; margin: 10px 0px 0px 0px; font-size: 30px; line-height: 24px;\"><a href=\"https:\/\/www.moulinroyalcosmetics.com\">Laboratoires Moulin Royal Cosmetics<\/a><\/h4>\n<p>&nbsp;<\/p>\n<p style=\"text-align: center;\">19, avenue de Cambridge<\/p>\n<p style=\"text-align: center; margin-top: -20px;\">14200 \u0425\u0435\u0440\u0443\u0432\u0438\u043b \u0421\u0435\u043d-\u041a\u043b\u0435\u0440<\/p>\n<p>&nbsp;<\/p>\n<p style=\"text-align: center;\">\u041f\u043e\u0449\u0430: contact@moulinroyal.com<\/p>\n<p style=\"text-align: center; margin-top: -20px;\">\u0422\u0435\u043b\u0435\u0444\u043e\u043d: 02.31.44.46.51<\/p>\n<p style=\"text-align: center; margin-top: -20px;\">\u0424\u0430\u043a\u0441: 09.70.61.41.14<\/p>\n<p><img loading=\"lazy\" class=\"aligncenter wp-image-140 size-full\" src=\"\/wp-content\/uploads\/2016\/04\/logo-MRC.png\" alt=\"\u043b\u043e\u0433\u043e-MRC\" width=\"300\" height=\"260\" \/><\/p>\n<\/div>\n<\/div>\n<div role=\"form\" class=\"wpcf7\" id=\"wpcf7-f65-o1\" lang=\"fr-FR\" dir=\"ltr\">\n<div class=\"screen-reader-response\"><\/div>\n<form action=\"\/bg\/wp-json\/wp\/v2\/pages\/20#wpcf7-f65-o1\" method=\"post\" class=\"wpcf7-form\" novalidate=\"novalidate\" data-trp-original-action=\"\/bg\/wp-json\/wp\/v2\/pages\/20#wpcf7-f65-o1\">\n<div style=\"display: none;\">\n<input type=\"hidden\" name=\"_wpcf7\" value=\"65\" \/>\n<input type=\"hidden\" name=\"_wpcf7_version\" value=\"5.1.1\" \/>\n<input type=\"hidden\" name=\"_wpcf7_locale\" value=\"fr_FR\" \/>\n<input type=\"hidden\" name=\"_wpcf7_unit_tag\" value=\"wpcf7-f65-o1\" \/>\n<input type=\"hidden\" name=\"_wpcf7_container_post\" value=\"0\" \/>\n<input type=\"hidden\" name=\"g-recaptcha-response\" value=\"\" \/>\n<\/div>\n<p>\u0412\u0430\u0448\u0435\u0442\u043e \u0438\u043c\u0435 (\u0437\u0430\u0434\u044a\u043b\u0436\u0438\u0442\u0435\u043b\u043d\u043e)<br \/>\n    <span class=\"wpcf7-form-control-wrap your-name\"><input type=\"text\" name=\"your-name\" value=\"\" size=\"40\" class=\"wpcf7-form-control wpcf7-text wpcf7-validates-as-required\" aria-required=\"true\" aria-invalid=\"false\" \/><\/span> <\/p>\n<p>\u0412\u0430\u0448\u0438\u044f\u0442 \u0438\u043c\u0435\u0439\u043b (\u0437\u0430\u0434\u044a\u043b\u0436\u0438\u0442\u0435\u043b\u043d\u043e)<br \/>\n    <span class=\"wpcf7-form-control-wrap your-email\"><input type=\"email\" name=\"your-email\" value=\"\" size=\"40\" class=\"wpcf7-form-control wpcf7-text wpcf7-email wpcf7-validates-as-required wpcf7-validates-as-email\" aria-required=\"true\" aria-invalid=\"false\" \/><\/span> <\/p>\n<p>\u0422\u0435\u043c\u0430<br \/>\n    <span class=\"wpcf7-form-control-wrap your-subject\"><input type=\"text\" name=\"your-subject\" value=\"\" size=\"40\" class=\"wpcf7-form-control wpcf7-text\" aria-invalid=\"false\" \/><\/span> <\/p>\n<p>\u0412\u0430\u0448\u0435\u0442\u043e \u0441\u044a\u043e\u0431\u0449\u0435\u043d\u0438\u0435<br \/>\n    <span class=\"wpcf7-form-control-wrap your-message\"><textarea name=\"your-message\" cols=\"40\" rows=\"10\" class=\"wpcf7-form-control wpcf7-textarea\" aria-invalid=\"false\"><\/textarea><\/span> <\/p>\n<p><input type=\"submit\" value=\"\u0418\u0437\u043f\u0440\u0430\u0442\u0438\" class=\"wpcf7-form-control wpcf7-submit\" \/><\/p>\n<p style=\"display: none !important;\" class=\"akismet-fields-container\" data-prefix=\"_wpcf7_ak_\"><label>&#916;<textarea name=\"_wpcf7_ak_hp_textarea\" cols=\"45\" rows=\"8\" maxlength=\"100\"><\/textarea><\/label><input type=\"hidden\" id=\"ak_js_1\" name=\"_wpcf7_ak_js\" value=\"108\"\/><script>document.getElementById( \"ak_js_1\" ).setAttribute( \"value\", ( new Date() ).getTime() );<\/script><\/p><div class=\"wpcf7-response-output wpcf7-display-none\"><\/div><input type=\"hidden\" name=\"trp-form-language\" value=\"bg\"\/><\/form><\/div>\n<p><a href=\"https:\/\/hyfac.fr\/bg\/vie-privee-mentions-legales\/\">\u041f\u043e\u0432\u0435\u0440\u0438\u0442\u0435\u043b\u043d\u043e\u0441\u0442 \u0438 \u043f\u0440\u0430\u0432\u043d\u0430 \u0438\u043d\u0444\u043e\u0440\u043c\u0430\u0446\u0438\u044f<\/a><\/p>","protected":false},"excerpt":{"rendered":"<p>Bienvenue sur le site de Moulin Royal Cosmetics, notre \u00e9quipe se fera un plaisir de r\u00e9pondre \u00e0 toutes vos questions, du Lundi au Vendredi de 9h \u00e0 12h et de 14h \u00e0 17h30. N&#8217;h\u00e9sitez plus, appelez nous ou laissez-nous un message par le biais du formulaire de contact ci-dessous. Laboratoires Moulin Royal Cosmetics &nbsp; 19,\u2026 <a class='lire-suite' href=\"https:\/\/hyfac.fr\/bg\/informations\/\">\u041f\u0440\u043e\u0447\u0435\u0442\u0435\u0442\u0435 \u043f\u043e\u0432\u0435\u0447\u0435 &gt;&gt;&gt;<\/a><\/p>","protected":false},"author":1,"featured_media":0,"parent":0,"menu_order":7,"comment_status":"closed","ping_status":"closed","template":"page\/page-template-defaulthyfac.php","meta":{"_mi_skip_tracking":false,"spay_email":""},"_links":{"self":[{"href":"https:\/\/hyfac.fr\/bg\/wp-json\/wp\/v2\/pages\/20"}],"collection":[{"href":"https:\/\/hyfac.fr\/bg\/wp-json\/wp\/v2\/pages"}],"about":[{"href":"https:\/\/hyfac.fr\/bg\/wp-json\/wp\/v2\/types\/page"}],"author":[{"embeddable":true,"href":"https:\/\/hyfac.fr\/bg\/wp-json\/wp\/v2\/users\/1"}],"replies":[{"embeddable":true,"href":"https:\/\/hyfac.fr\/bg\/wp-json\/wp\/v2\/comments?post=20"}],"version-history":[{"count":31,"href":"https:\/\/hyfac.fr\/bg\/wp-json\/wp\/v2\/pages\/20\/revisions"}],"predecessor-version":[{"id":68,"href":"https:\/\/hyfac.fr\/bg\/wp-json\/wp\/v2\/pages\/20\/revisions\/68"}],"wp:attachment":[{"href":"https:\/\/hyfac.fr\/bg\/wp-json\/wp\/v2\/media?parent=20"}],"curies":[{"name":"wp","href":"https:\/\/api.w.org\/{rel}","templated":true}]}}