{"id":47,"date":"2016-04-25T15:47:42","date_gmt":"2016-04-25T13:47:42","guid":{"rendered":"http:\/\/hyfac.fr\/?page_id=47"},"modified":"2018-06-20T11:35:22","modified_gmt":"2018-06-20T09:35:22","slug":"hyfac-woman","status":"publish","type":"page","link":"https:\/\/hyfac.fr\/bg\/nos-gammes\/hyfac-woman\/","title":{"rendered":"HYFAC WOMAN - \u041a\u043e\u0436\u0430 \u0437\u0430 \u0432\u044a\u0437\u0440\u0430\u0441\u0442\u043d\u0438 \u0441 \u043d\u0435\u0441\u044a\u0432\u044a\u0440\u0448\u0435\u043d\u0441\u0442\u0432\u0430"},"content":{"rendered":"<p><img loading=\"lazy\" class=\"alignleft wp-image-93\" src=\"http:\/\/hyfac.fr\/wp-content\/uploads\/2016\/04\/logo_HW.png\" alt=\"\u043b\u043e\u0433\u043e \u043d\u0430 hyfac woman\" width=\"260\" height=\"216\" srcset=\"https:\/\/hyfac.fr\/wp-content\/uploads\/2016\/04\/logo_HW.png 1092w, https:\/\/hyfac.fr\/wp-content\/uploads\/2016\/04\/logo_HW-300x249.png 300w, https:\/\/hyfac.fr\/wp-content\/uploads\/2016\/04\/logo_HW-1024x851.png 1024w\" sizes=\"(max-width: 260px) 100vw, 260px\" \/><\/p>\n<h1 class=\"entry-title\">HYFAC WOMAN - \u041a\u043e\u0436\u0430 \u0437\u0430 \u0432\u044a\u0437\u0440\u0430\u0441\u0442\u043d\u0438 \u0441 \u043d\u0435\u0441\u044a\u0432\u044a\u0440\u0448\u0435\u043d\u0441\u0442\u0432\u0430<\/h1>\n<p style=\"text-align: justify;\"><span style=\"color: #7f6f65;\">\u0410\u043a\u043d\u0435\u0442\u043e \u0437\u0430\u0441\u044f\u0433\u0430 \u0435\u0434\u043d\u0430 \u043e\u0442 \u0432\u0441\u0435\u043a\u0438 \u0434\u0432\u0435 \u0432\u044a\u0437\u0440\u0430\u0441\u0442\u043d\u0438 \u0436\u0435\u043d\u0438. \u041d\u0435\u0437\u0430\u0432\u0438\u0441\u0438\u043c\u043e \u0434\u0430\u043b\u0438 \u0441\u0442\u0430\u0432\u0430 \u0432\u044a\u043f\u0440\u043e\u0441 \u0437\u0430 \u0433\u0440\u043e\u0437\u043d\u0438 \u043f\u044a\u043f\u043a\u0438 \u0438\u043b\u0438 \u0437\u0430 \u043f\u044a\u043b\u043d\u043e\u0446\u0435\u043d\u043d\u043e \u0430\u043a\u043d\u0435, \u0442\u043e\u0432\u0430 \u0441\u044a\u0441\u0442\u043e\u044f\u043d\u0438\u0435 \u0447\u0435\u0441\u0442\u043e \u0435 \u043c\u043d\u043e\u0433\u043e \u0442\u0440\u0443\u0434\u043d\u043e \u0437\u0430 \u0442\u0435\u0437\u0438 \u0437\u0430\u0435\u0442\u0438 \u0436\u0435\u043d\u0438.<\/span><\/p>\n<p style=\"text-align: justify;\"><span style=\"color: #7f6f65;\">HYFAC WOMAN \u0435 \u0435\u0434\u043d\u0430 \u043e\u0442 \u043c\u0430\u043b\u043a\u043e\u0442\u043e \u0441\u0435\u0440\u0438\u0438, \u043a\u043e\u0438\u0442\u043e \u043f\u0440\u0435\u0434\u043b\u0430\u0433\u0430\u0442 \u0430\u0434\u0430\u043f\u0442\u0438\u0440\u0430\u043d\u0430 \u0433\u0440\u0438\u0436\u0430 \u0437\u0430 \u0436\u0435\u043d\u0438 \u0441 \u0443\u0432\u0440\u0435\u0434\u0435\u043d\u0430 \u043a\u043e\u0436\u0430. \u043f\u0440\u043e\u0434\u0443\u043a\u0442\u0438 \u0437\u0430 \u0433\u0440\u0438\u0436\u0430, \u0430\u0434\u0430\u043f\u0442\u0438\u0440\u0430\u043d\u0438 \u043a\u044a\u043c \u0442\u0435\u0445\u043d\u0438\u0442\u0435 \u0441\u043f\u0435\u0446\u0438\u0444\u0438\u0447\u043d\u0438 \u043d\u0443\u0436\u0434\u0438.<\/span><\/p>\n<p>&nbsp;<\/p>\n<h2 style=\"text-align: center;\">\u0412\u0441\u0438\u0447\u043a\u0438 \u043d\u0430\u0448\u0438 \u043f\u0440\u043e\u0434\u0443\u043a\u0442\u0438 \u043f\u0440\u043e\u0442\u0438\u0432 \u0431\u0440\u044a\u0447\u043a\u0438 \u0437\u0430 \u043a\u043e\u0436\u0430\u0442\u0430 \u043d\u0430 \u0432\u044a\u0437\u0440\u0430\u0441\u0442\u043d\u0438:<\/h2>\n<p>&nbsp;<\/p>","protected":false},"excerpt":{"rendered":"<p>HYFAC WOMAN \u2013 Peaux adultes \u00e0 imperfections L\u2019acn\u00e9 touche une femme adulte sur deux. Que ce soit des petits boutons disgracieux ou une v\u00e9ritable acn\u00e9, cette pathologie est souvent tr\u00e8s difficile \u00e0 vivre pour ces femmes actives. HYFAC WOMAN est\u00a0 l\u2019une des seules gammes qui propose une prise en charge adapt\u00e9e aux femmes ayant une\u2026 <a class='lire-suite' href=\"https:\/\/hyfac.fr\/bg\/nos-gammes\/hyfac-woman\/\">\u041f\u0440\u043e\u0447\u0435\u0442\u0435\u0442\u0435 \u043f\u043e\u0432\u0435\u0447\u0435 &gt;&gt;&gt;<\/a><\/p>","protected":false},"author":1,"featured_media":0,"parent":22,"menu_order":1,"comment_status":"closed","ping_status":"closed","template":"page\/page-template-hyfacwoman.php","meta":{"_mi_skip_tracking":false,"spay_email":""},"_links":{"self":[{"href":"https:\/\/hyfac.fr\/bg\/wp-json\/wp\/v2\/pages\/47"}],"collection":[{"href":"https:\/\/hyfac.fr\/bg\/wp-json\/wp\/v2\/pages"}],"about":[{"href":"https:\/\/hyfac.fr\/bg\/wp-json\/wp\/v2\/types\/page"}],"author":[{"embeddable":true,"href":"https:\/\/hyfac.fr\/bg\/wp-json\/wp\/v2\/users\/1"}],"replies":[{"embeddable":true,"href":"https:\/\/hyfac.fr\/bg\/wp-json\/wp\/v2\/comments?post=47"}],"version-history":[{"count":33,"href":"https:\/\/hyfac.fr\/bg\/wp-json\/wp\/v2\/pages\/47\/revisions"}],"predecessor-version":[{"id":4807,"href":"https:\/\/hyfac.fr\/bg\/wp-json\/wp\/v2\/pages\/47\/revisions\/4807"}],"up":[{"embeddable":true,"href":"https:\/\/hyfac.fr\/bg\/wp-json\/wp\/v2\/pages\/22"}],"wp:attachment":[{"href":"https:\/\/hyfac.fr\/bg\/wp-json\/wp\/v2\/media?parent=47"}],"curies":[{"name":"wp","href":"https:\/\/api.w.org\/{rel}","templated":true}]}}