{"id":1415,"date":"2016-05-25T23:41:21","date_gmt":"2016-05-25T21:41:21","guid":{"rendered":"http:\/\/hyfac.fr\/?page_id=1415"},"modified":"2022-02-10T01:50:26","modified_gmt":"2022-02-10T00:50:26","slug":"mousse-nettoyante-exfoliante","status":"publish","type":"page","link":"https:\/\/hyfac.fr\/cs\/nos-gammes\/hyfac-classique\/mousse-nettoyante-exfoliante\/","title":{"rendered":"Exfolia\u010dn\u00ed \u010distic\u00ed p\u011bna"},"content":{"rendered":"<div style=\"width: 960px;\"><\/div>\n<div id=\"prd\">\n<div class=\"csRow\">\n<div class=\"csColumn\" style=\"margin: 0px; padding: 0px; float: left; width: 43%;\" data-csstartpoint=\"0\" data-csendpoint=\"430\" data-cswidth=\"43.0%\" data-csid=\"beb42ad8-6bfd-a029-8282-bd93ae120b4d\">\n<style type=\"text\/css\">#soliloquy-container-5302 .soliloquy-pager{bottom: -30px;}<\/style><div class=\"soliloquy-outer-container\" data-soliloquy-loaded=\"0\"><div aria-live=\"polite\" id=\"soliloquy-container-5302\" class=\"soliloquy-container soliloquy-transition-horizontal soliloquy-slide-horizontal soliloquy-controls-active slider-img-prd soliloquy-theme-base\" style=\"max-width:340px;max-height:538px;margin:0 auto 20px;max-width:100%;max-height:none;\"><ul id=\"soliloquy-5302\" class=\"soliloquy-slider soliloquy-slides soliloquy-wrap soliloquy-clear\"><li aria-hidden=\"true\" class=\"soliloquy-item soliloquy-item-1 soliloquy-id-5566 soliloquy-image-slide\" draggable=\"false\" style=\"list-style:none;\"><img id=\"soliloquy-image-5566\" class=\"soliloquy-image soliloquy-image-1\" src=\"https:\/\/hyfac.fr\/wp-content\/uploads\/2018\/09\/Diapositive03-340x538_c.jpeg\" alt=\"HYFAC Exfolia\u010dn\u00ed \u010distic\u00ed p\u011bna proti akn\u00e9\" \/><\/li><li aria-hidden=\"true\" class=\"soliloquy-item soliloquy-item-2 soliloquy-id-5567 soliloquy-image-slide\" draggable=\"false\" style=\"list-style:none;\"><img id=\"soliloquy-image-5567\" class=\"soliloquy-image soliloquy-image-2 soliloquy-preload\" src=\"https:\/\/hyfac.fr\/wp-content\/plugins\/soliloquy\/assets\/css\/images\/holder.gif\" data-soliloquy-src=\"https:\/\/hyfac.fr\/wp-content\/uploads\/2018\/09\/Diapositive04-340x538_c.jpeg\" alt=\"HYFAC Exfolia\u010dn\u00ed \u010distic\u00ed p\u011bna proti akn\u00e9\" \/><\/li><\/ul><\/div><noscript><style type=\"text\/css\" scoped>#soliloquy-container-5302{opacity:1}#soliloquy-container-5302 li > .soliloquy-caption{display:none}#soliloquy-container-5302 li:first-child > .soliloquy-caption{display:block}<\/style><div class=\"soliloquy-no-js\" style=\"display:none;visibility:hidden;height:0;line-height:0;opacity:0;\"><img class=\"soliloquy-image soliloquy-no-js-image\" src=\"https:\/\/hyfac.fr\/wp-content\/uploads\/2018\/09\/Diapositive03.jpeg\" alt=\"HYFAC Exfolia\u010dn\u00ed \u010distic\u00ed p\u011bna proti akn\u00e9\" \/><img class=\"soliloquy-image soliloquy-no-js-image\" src=\"https:\/\/hyfac.fr\/wp-content\/uploads\/2018\/09\/Diapositive04.jpeg\" alt=\"HYFAC Exfolia\u010dn\u00ed \u010distic\u00ed p\u011bna proti akn\u00e9\" \/><\/div><\/noscript><\/div>\n<\/div>\n<div class=\"csColumnGap\" style=\"margin: 0px; padding: 0px; float: left; width: 7.7%;\"><img style=\"border: none;\" src=\"https:\/\/hyfac.fr\/wp-content\/plugins\/advanced-wp-columns\/assets\/js\/plugins\/views\/img\/1x1-pixel.png\" \/><\/div>\n<div class=\"csColumn\" style=\"margin: 0px; padding: 0px; float: left; width: 49.3%;\" data-csstartpoint=\"507\" data-csendpoint=\"1000\" data-cswidth=\"49.3%\" data-csid=\"56e6cac6-63f3-6945-9ddf-f20a5ec7912c\">\n<h1><span style=\"color: #df6c2e; line-height: 35px;\">EXFOLIA\u010cN\u00cd P\u011aNA<\/span><\/h1>\n<p><span style=\"color: #df6c2e;\">\u0158ada HYFAC Original<\/span><br \/>\nL\u00e1hev s pumpi\u010dkou 150 ml<\/p>\n<p><br \/>\nExfolia\u010dn\u00ed \u010distic\u00ed p\u011bna pro mastnou ple\u0165 se sklonem k akn\u00e9. Jemn\u011b \u010dist\u00ed a odstra\u0148uje ne\u010distoty.<\/p>\n<ul id=\"ulprd\">\n<li><img class=\"logo-prd\" src=\"\/wp-content\/uploads\/2018\/09\/Nettoie.png\" alt=\"\u010cist\u00ed\" width=\"50\" \/><br \/>\n\u00daKLID<\/li>\n<li><img class=\"logo-prd\" src=\"\/wp-content\/uploads\/2018\/09\/Desincruste.png\" alt=\"Nezahrnuje\" width=\"50\" \/><br \/>\nDESINCRUSTE<\/li>\n<li><img class=\"logo-prd\" src=\"\/wp-content\/uploads\/2018\/08\/doux.png\" alt=\"sladk\u00e9\" width=\"50\" \/><br \/>\nDOUX<\/li>\n<li><img class=\"logo-prd\" src=\"\/wp-content\/uploads\/2018\/09\/Mousse-aerienne.png\" alt=\"P\u011bna p\u0159en\u00e1\u0161en\u00e1 vzduchem\" width=\"50\" \/><br \/>\nVZDU\u0160N\u00c1 P\u011aNA<\/li>\n<\/ul>\n<ul id=\"ulprd-link\">\n<li><p class=\"product woocommerce add_to_cart_inline\" style=\"border:4px solid #ccc; padding: 12px;\"><span class=\"woocommerce-Price-amount amount\"><bdi>12,50&nbsp;<span class=\"woocommerce-Price-currencySymbol\">\u20ac<\/span><\/bdi><\/span><a href=\"?add-to-cart=14922\" data-quantity=\"1\" class=\"button product_type_simple add_to_cart_button ajax_add_to_cart\" data-product_id=\"14922\" data-product_sku=\"\" aria-label=\"P\u0159idat \u201eClassic - Mousse Nettoyante Exfoliante\u201c do ko\u0161\u00edku\" rel=\"nofollow\" data-no-translation=\"\" data-trp-gettext=\"\" data-no-translation-aria-label=\"\">P\u0159idat do ko\u0161\u00edku<\/a><\/p><\/li>\n<li><a href=\"https:\/\/hyfac.fr\/cs\/pres-de-chez-vous\/\"><img class=\"img2\" src=\"\/wp-content\/uploads\/2018\/06\/logo-map-e1530138886120.png\" alt=\"loc\" \/>Vyhled\u00e1n\u00ed prodejn\u00edho m\u00edsta<\/a><\/li>\n<\/ul>\n<ul id=\"ulprd-link\">\n<li class=\"infotri\"><span class=\"spantri\">Objevte na\u0161e pokyny k t\u0159\u00edd\u011bn\u00ed<\/span><br \/>\n<img class=\"imgtri\" src=\"https:\/\/hyfac.fr\/wp-content\/uploads\/2020\/12\/HYFAC-ORIGINAL-Mousse-nettoyante.png\" \/><\/li>\n<\/ul>\n<\/div>\n<div style=\"clear: both; float: none; display: block; visibility: hidden; width: 0px; font-size: 0px; line-height: 0;\"><\/div>\n<\/div>\n<\/div>\n<div id=\"descript-prd\">HYFAC exfolia\u010dn\u00ed \u010distic\u00ed p\u011bna <strong>\u010dist\u00ed<\/strong> a \u010dist\u00ed ple\u0165 s nedokonalostmi. D\u00edky sv\u00e9 vzdu\u0161n\u00e9 a mimo\u0159\u00e1dn\u011b jemn\u00e9 textu\u0159e je p\u0159\u00edjemn\u00e9 ji pou\u017e\u00edvat ka\u017ed\u00fd den k hloubkov\u00e9mu \u010di\u0161t\u011bn\u00ed. Na adrese . <strong>\u010dist\u00ed<\/strong> \u0161etrn\u011b odstra\u0148uje ne\u010distoty z mlad\u00e9 pleti se sklonem k akn\u00e9 d\u00edky sv\u00e9mu <strong>exfolia\u010dn\u00ed \u00fa\u010dinek<\/strong>. <strong>ovocn\u00fd majetek<\/strong> (AHA) zabra\u0148uj\u00ed vzniku pup\u00ednk\u016f a pom\u00e1haj\u00ed odstra\u0148ovat \u010dern\u00e9 te\u010dky a skvrny pro \u010distou a zdravou ple\u0165.<\/div>\n<div id=\"menu-prdnew\">\n<ul>\n<li><a id=\"lienmenuconseil\" href=\"#prd\">POU\u017dIT\u00cd RADY<\/a><\/li>\n<li><a id=\"lienmenuactifs\" href=\"#conseil-prd\">AKTIVA<\/a><\/li>\n<li><a id=\"lienmenucmplt\" href=\"#actifs-prd\">DOPL\u0147KOV\u00c9 PRODUKTY<\/a><\/li>\n<li><a id=\"lienmenusavoir\" href=\"#cmplt-prd\">ZJISTIT V\u00cdCE<\/a><\/li>\n<li><a id=\"lienmenucompo\" href=\"#savoir-prd\">SLO\u017dEN\u00cd<\/a><\/li>\n<\/ul>\n<\/div>\n<div id=\"conseil-prd\">\n<div class=\"csRow\">\n<div class=\"csColumn\" style=\"margin: 0px; padding: 0px; float: left; width: 70.8%;\" data-csstartpoint=\"0\" data-csendpoint=\"680\" data-cswidth=\"70.8%\" data-csid=\"7ce9a14c-d45b-a3f2-987b-63fd249cc312\">\n<p><span style=\"color: #df6c2e;\">JAK POU\u017d\u00cdVAT EXFOLIA\u010cN\u00cd \u010cISTIC\u00cd P\u011aNU HYFAC?<\/span><\/p>\n<p>R\u00e1no a\/nebo ve\u010der naneste 2 pumpi\u010dky p\u011bny do dlan\u011b. Naneste na navlh\u010denou ple\u0165 a jemn\u011b vmas\u00edrujte na cel\u00fd obli\u010dej. D\u016fkladn\u011b opl\u00e1chn\u011bte \u010distou vodou a osu\u0161te \u010dist\u00fdm ru\u010dn\u00edkem. Pak se doporu\u010duje pou\u017e\u00edt <a href=\"https:\/\/hyfac.fr\/cs\/nos-gammes\/hyfac-classique\/soin-global\/\">Komplexn\u00ed p\u00e9\u010de HYFAC<\/a> na dokonale suchou poko\u017eku.<\/p>\n<p>Pokud je poko\u017eka velmi citliv\u00e1, doporu\u010duje se pou\u017e\u00edvat exfolia\u010dn\u00ed p\u011bnu ka\u017ed\u00fd druh\u00fd den, nav\u00edc k peelingu. <a href=\"https:\/\/hyfac.fr\/cs\/nos-gammes\/hyfac-classique\/gel-nettoyant-purifiant\/\">\u010cistic\u00ed \u010distic\u00ed gel HYFAC<\/a>.<\/p>\n<p>Exfolia\u010dn\u00ed \u010distic\u00ed p\u011bna odstra\u0148uje ne\u010distoty z p\u00f3r\u016f a \u010dist\u00ed ple\u0165, ani\u017e by ji na rozd\u00edl od n\u011bkter\u00fdch peeling\u016f nebo peeling\u016f dr\u00e1\u017edila.<\/p>\n<\/div>\n<div class=\"csColumnGap\" style=\"margin: 0px; padding: 0px; float: left; width: 1.56%;\"><img style=\"border: none;\" src=\"https:\/\/hyfac.fr\/wp-content\/plugins\/advanced-wp-columns\/assets\/js\/plugins\/views\/img\/1x1-pixel.png\" \/><\/div>\n<div class=\"csColumn\" style=\"margin: 0px; padding: 0px; float: left; width: 27.6%;\" data-csstartpoint=\"695\" data-csendpoint=\"960\" data-cswidth=\"27.6%\" data-csid=\"2de6301b-fc0e-6c4c-b16e-671973f34d15\">\n<p><img loading=\"lazy\" class=\"aligncenter wp-image-5140\" src=\"https:\/\/hyfac.fr\/wp-content\/uploads\/2018\/07\/conseil-250x250.png\" alt=\"\" width=\"180\" height=\"181\" srcset=\"https:\/\/hyfac.fr\/wp-content\/uploads\/2018\/07\/conseil-250x250.png 250w, https:\/\/hyfac.fr\/wp-content\/uploads\/2018\/07\/conseil-298x300.png 298w, https:\/\/hyfac.fr\/wp-content\/uploads\/2018\/07\/conseil.png 308w\" sizes=\"(max-width: 180px) 100vw, 180px\" \/><\/p>\n<\/div>\n<div style=\"clear: both; float: none; display: block; visibility: hidden; width: 0px; font-size: 0px; line-height: 0;\"><\/div>\n<\/div>\n<\/div>\n<div id=\"actifs-prd\">\n<div class=\"h2prd\">\n<h2><span style=\"color: #df6c2e;\">KL\u00cd\u010cOV\u00c1 AKTIVA<\/span><\/h2>\n<\/div>\n<p><span style=\"color: #df6c2e;\">Kyselina jable\u010dn\u00e1: Keratolytick\u00e1 a hydrata\u010dn\u00ed \u00fa\u010dinn\u00e1 l\u00e1tka<\/span><br \/>\nKyselina jable\u010dn\u00e1 je ovocn\u00e1 kyselina (AHA) z\u00edsk\u00e1van\u00e1 z jablek a hrozn\u016f. P\u016fsob\u00ed exfolia\u010dn\u011b na odum\u0159el\u00e9 bu\u0148ky, kter\u00e9 blokuj\u00ed vylu\u010dovac\u00ed kan\u00e1lky, a hydratuje poko\u017eku. Ko\u017en\u00ed maz pak spr\u00e1vn\u011b odt\u00e9k\u00e1 a \u010dern\u00e9 te\u010dky postupn\u011b miz\u00ed.<\/p>\n<p><span style=\"color: #df6c2e;\">Pirokton olamin: antibakteri\u00e1ln\u00ed a konzerva\u010dn\u00ed l\u00e1tka<\/span><br \/>\nPiroctone Olamine je zn\u00e1m\u00fd sv\u00fdmi antimikrobi\u00e1ln\u00edmi \u00fa\u010dinky, zejm\u00e9na na mikroorganismy P.acnes a Malassezia, kter\u00e9 jsou zodpov\u011bdn\u00e9 za akn\u00e9. P\u016fsob\u00ed tak\u00e9 jako konzerva\u010dn\u00ed prost\u0159edek. P\u0159\u00edtomnost pirokton-olaminu v exfolia\u010dn\u00ed \u010distic\u00ed p\u011bn\u011b HYFAC znamen\u00e1, \u017ee nejsou p\u0159id\u00e1ny \u017e\u00e1dn\u00e9 konzerva\u010dn\u00ed l\u00e1tky, jako jsou parabeny.<\/p>\n<\/div>\n<div id=\"cmplt-prd\">\n<div class=\"h2prd\">\n<h2><span style=\"color: #df6c2e;\">DOPL\u0147KOV\u00c9 PRODUKTY<\/span><\/h2>\n<\/div>\n<style type=\"text\/css\">#soliloquy-container-5364 .soliloquy-prev{left: -60px;background-color:#df6c2e;}#soliloquy-container-5364 .soliloquy-next{right: -60px;background-color:#df6c2e;}#soliloquy-container-5364 .soliloquy-image{background: #f3f3f3;border: 1px solid #ddd;padding:3px;}#soliloquy-container-5364 .soliloquy-viewport{height: 260px !important;}#soliloquy-container-5364 .soliloquy-caption-bottom{position: relative;}#soliloquy-container-5364 .soliloquy-caption-inside{color:#CEBFB6; text-shadow:none;background:none;}@media only screen and (max-width: 1000px){#soliloquy-container-5364 .soliloquy-prev{left: 0px;}#soliloquy-container-5364 .soliloquy-next{right: 0px;}#soliloquy-container-5364 .soliloquy-viewport{height: 200px;}}<\/style><div class=\"soliloquy-outer-container soliloquy-carousel\" data-soliloquy-loaded=\"0\"><div aria-live=\"polite\" id=\"soliloquy-container-5364\" class=\"soliloquy-container soliloquy-transition-horizontal soliloquy-slide-horizontal soliloquy-arrows-active Produits-complmentaires-Hyfac soliloquy-theme-base\" style=\"max-width:960px;max-height:300px;margin:0 auto 20px;\"><ul id=\"soliloquy-5364\" class=\"soliloquy-slider soliloquy-slides soliloquy-wrap soliloquy-clear\"><li aria-hidden=\"true\" class=\"soliloquy-item soliloquy-item-1 soliloquy-id-5625 soliloquy-image-slide\" draggable=\"false\" style=\"list-style:none;\"><a href=\"https:\/\/hyfac.fr\/cs\/nos-gammes\/hyfac-classique\/gel-nettoyant-purifiant\/\" class=\"soliloquy-link\" title=\"HYFAC \u010distic\u00ed gel na akn\u00e9\"><img id=\"soliloquy-image-5625\" class=\"soliloquy-image soliloquy-image-1\" src=\"https:\/\/hyfac.fr\/wp-content\/uploads\/2018\/09\/Diapositive01-1-200x200_c.jpeg\" alt=\"HYFAC \u010distic\u00ed gel na akn\u00e9\" \/><\/a><div class=\"soliloquy-caption soliloquy-caption-bottom\"><div class=\"soliloquy-caption-inside\"><p>\u010cistic\u00ed \u010distic\u00ed gel<\/p><br \/>\n<p style=\"font-size:13px\">\u010cist\u00ed a pro\u010dist\u00ed<\/p><\/div><\/div><\/li><li aria-hidden=\"true\" class=\"soliloquy-item soliloquy-item-2 soliloquy-id-5626 soliloquy-image-slide\" draggable=\"false\" style=\"list-style:none;\"><a href=\"https:\/\/hyfac.fr\/cs\/nos-gammes\/hyfac-classique\/mousse-nettoyante-exfoliante\/\" class=\"soliloquy-link\" title=\"HYFAC Exfolia\u010dn\u00ed \u010distic\u00ed p\u011bna proti akn\u00e9\"><img id=\"soliloquy-image-5626\" class=\"soliloquy-image soliloquy-image-2\" src=\"https:\/\/hyfac.fr\/wp-content\/uploads\/2018\/09\/Diapositive03-1-200x200_c.jpeg\" alt=\"HYFAC Exfolia\u010dn\u00ed \u010distic\u00ed p\u011bna proti akn\u00e9\" \/><\/a><div class=\"soliloquy-caption soliloquy-caption-bottom\"><div class=\"soliloquy-caption-inside\"><p>Exfolia\u010dn\u00ed \u010distic\u00ed p\u011bna<\/p><br \/>\n<p style=\"font-size:13px\">\u010cist\u00ed a odstra\u0148uje ne\u010distoty<\/p><\/div><\/div><\/li><li aria-hidden=\"true\" class=\"soliloquy-item soliloquy-item-3 soliloquy-id-5627 soliloquy-image-slide\" draggable=\"false\" style=\"list-style:none;\"><a href=\"https:\/\/hyfac.fr\/cs\/nos-gammes\/hyfac-classique\/pain-nettoyant-purifiant\/\" class=\"soliloquy-link\" title=\"HYFAC \u010cist\u00edc\u00ed ty\u010dinka na akn\u00e9\"><img id=\"soliloquy-image-5627\" class=\"soliloquy-image soliloquy-image-3\" src=\"https:\/\/hyfac.fr\/wp-content\/uploads\/2018\/09\/Diapositive05-1-200x200_c.jpeg\" alt=\"HYFAC \u010cist\u00edc\u00ed ty\u010dinka na akn\u00e9\" \/><\/a><div class=\"soliloquy-caption soliloquy-caption-bottom\"><div class=\"soliloquy-caption-inside\"><p>\u010cistic\u00ed \u010distic\u00ed ty\u010dinka<\/p><br \/>\n<p style=\"font-size:13px\">\u010cist\u00ed a pro\u010dist\u00ed<\/p><\/div><\/div><\/li><li aria-hidden=\"true\" class=\"soliloquy-item soliloquy-item-4 soliloquy-id-5628 soliloquy-image-slide\" draggable=\"false\" style=\"list-style:none;\"><a href=\"https:\/\/hyfac.fr\/cs\/nos-gammes\/hyfac-classique\/soin-global\/\" class=\"soliloquy-link\" title=\"HYFAC Global Anti-Imperfection P\u00e9\u010de proti akn\u00e9\"><img id=\"soliloquy-image-5628\" class=\"soliloquy-image soliloquy-image-4\" src=\"https:\/\/hyfac.fr\/wp-content\/uploads\/2018\/09\/Diapositive07-1-200x200_c.jpeg\" alt=\"HYFAC Global Anti-Imperfection P\u00e9\u010de proti akn\u00e9\" \/><\/a><div class=\"soliloquy-caption soliloquy-caption-bottom\"><div class=\"soliloquy-caption-inside\"><p>Glob\u00e1ln\u00ed p\u00e9\u010de<\/p><br \/>\n<p style=\"font-size:13px\">Redukuje skvrny a hydratuje<\/p><\/div><\/div><\/li><li aria-hidden=\"true\" class=\"soliloquy-item soliloquy-item-5 soliloquy-id-5629 soliloquy-image-slide\" draggable=\"false\" style=\"list-style:none;\"><a href=\"https:\/\/hyfac.fr\/cs\/nos-gammes\/hyfac-classique\/emulsion-fluide\/\" class=\"soliloquy-link\" title=\"HYFAC Zklid\u0148uj\u00edc\u00ed hydrata\u010dn\u00ed fluidn\u00ed emulze na akn\u00e9\"><img id=\"soliloquy-image-5629\" class=\"soliloquy-image soliloquy-image-5\" src=\"https:\/\/hyfac.fr\/wp-content\/uploads\/2018\/09\/Diapositive09-1-200x200_c.jpeg\" alt=\"HYFAC Zklid\u0148uj\u00edc\u00ed hydrata\u010dn\u00ed fluidn\u00ed emulze na akn\u00e9\" \/><\/a><div class=\"soliloquy-caption soliloquy-caption-bottom\"><div class=\"soliloquy-caption-inside\"><p>Tekut\u00e1 emulze<\/p><br \/>\n<p style=\"font-size:13px\">Hydratuje a zmat\u0148uje<\/p><\/div><\/div><\/li><li aria-hidden=\"true\" class=\"soliloquy-item soliloquy-item-6 soliloquy-id-11232 soliloquy-image-slide\" draggable=\"false\" style=\"list-style:none;\"><a href=\"https:\/\/hyfac.fr\/cs\/nos-gammes\/hyfac-classique\/mousse-a-raser\/\" class=\"soliloquy-link\" title=\"HYFAC Zklid\u0148uj\u00edc\u00ed p\u011bna na holen\u00ed pro citlivou poko\u017eku\"><img id=\"soliloquy-image-11232\" class=\"soliloquy-image soliloquy-image-6\" src=\"https:\/\/hyfac.fr\/wp-content\/uploads\/2018\/09\/Diapositive11-1-200x200_c.png\" alt=\"HYFAC Zklid\u0148uj\u00edc\u00ed p\u011bna na holen\u00ed pro citlivou poko\u017eku\" \/><\/a><div class=\"soliloquy-caption soliloquy-caption-bottom\"><div class=\"soliloquy-caption-inside\"><p>P\u011bna na holen\u00ed<\/p><br \/>\n<p style=\"font-size:13px\">Zklid\u0148uje pop\u00e1leniny od \u017eiletek<\/p><\/div><\/div><\/li><li aria-hidden=\"true\" class=\"soliloquy-item soliloquy-item-7 soliloquy-id-5632 soliloquy-image-slide\" draggable=\"false\" style=\"list-style:none;\"><a href=\"https:\/\/hyfac.fr\/cs\/nos-gammes\/hyfac-classique\/patchs-anti-imperfections\/\" class=\"soliloquy-link\" title=\"N\u00e1plast HYFAC proti pup\u00ednk\u016fm vysu\u0161uje pup\u00ednky\"><img id=\"soliloquy-image-5632\" class=\"soliloquy-image soliloquy-image-7\" src=\"https:\/\/hyfac.fr\/wp-content\/uploads\/2018\/09\/Diapositive13-200x200_c.jpeg\" alt=\"N\u00e1plast HYFAC proti pup\u00ednk\u016fm vysu\u0161uje pup\u00ednky\" \/><\/a><div class=\"soliloquy-caption soliloquy-caption-bottom\"><div class=\"soliloquy-caption-inside\"><p>N\u00e1plast proti nedokonalostem<\/p><br \/>\n<p style=\"font-size:13px\">Vysu\u0161uje a zmen\u0161uje pup\u00ednek<\/p><\/div><\/div><\/li><\/ul><\/div><noscript><style type=\"text\/css\" scoped>#soliloquy-container-5364{opacity:1}#soliloquy-container-5364 li > .soliloquy-caption{display:none}#soliloquy-container-5364 li:first-child > .soliloquy-caption{display:block}<\/style><div class=\"soliloquy-no-js\" style=\"display:none;visibility:hidden;height:0;line-height:0;opacity:0;\"><img class=\"soliloquy-image soliloquy-no-js-image\" src=\"https:\/\/hyfac.fr\/wp-content\/uploads\/2018\/09\/Diapositive01-1.jpeg\" alt=\"HYFAC \u010distic\u00ed gel na akn\u00e9\" \/><img class=\"soliloquy-image soliloquy-no-js-image\" src=\"https:\/\/hyfac.fr\/wp-content\/uploads\/2018\/09\/Diapositive03-1.jpeg\" alt=\"HYFAC Exfolia\u010dn\u00ed \u010distic\u00ed p\u011bna proti akn\u00e9\" \/><img class=\"soliloquy-image soliloquy-no-js-image\" src=\"https:\/\/hyfac.fr\/wp-content\/uploads\/2018\/09\/Diapositive05-1.jpeg\" alt=\"HYFAC \u010cist\u00edc\u00ed ty\u010dinka na akn\u00e9\" \/><img class=\"soliloquy-image soliloquy-no-js-image\" src=\"https:\/\/hyfac.fr\/wp-content\/uploads\/2018\/09\/Diapositive07-1.jpeg\" alt=\"HYFAC Global Anti-Imperfection P\u00e9\u010de proti akn\u00e9\" \/><img class=\"soliloquy-image soliloquy-no-js-image\" src=\"https:\/\/hyfac.fr\/wp-content\/uploads\/2018\/09\/Diapositive09-1.jpeg\" alt=\"HYFAC Zklid\u0148uj\u00edc\u00ed hydrata\u010dn\u00ed fluidn\u00ed emulze na akn\u00e9\" \/><img class=\"soliloquy-image soliloquy-no-js-image\" src=\"https:\/\/hyfac.fr\/wp-content\/uploads\/2018\/09\/Diapositive11-1.png\" alt=\"HYFAC Zklid\u0148uj\u00edc\u00ed p\u011bna na holen\u00ed pro citlivou poko\u017eku\" \/><img class=\"soliloquy-image soliloquy-no-js-image\" src=\"https:\/\/hyfac.fr\/wp-content\/uploads\/2018\/09\/Diapositive13.jpeg\" alt=\"N\u00e1plast HYFAC proti pup\u00ednk\u016fm vysu\u0161uje pup\u00ednky\" \/><\/div><\/noscript><\/div>\n<\/div>\n<div id=\"savoir-prd\">\n<div class=\"h2prd\">\n<h2><span style=\"color: #df6c2e;\">ZJISTIT V\u00cdCE<\/span><\/h2>\n<\/div>\n<div class=\"csRow\">\n<div class=\"csColumn\" style=\"margin: 0px; padding: 0px; float: left; width: 38.6%;\" data-csstartpoint=\"0\" data-csendpoint=\"370.5\" data-cswidth=\"38.6%\" data-csid=\"beb42ad8-6bfd-a029-8282-bd93ae120b4d\"><a href=\"https:\/\/hyfac.fr\/cs\/sos-dermato\/4329-acne-de-l-adolescent\/\" target=\"_blank\" rel=\"noopener\"><img loading=\"lazy\" class=\"aligncenter wp-image-4345 size-thumbnail\" src=\"https:\/\/hyfac.fr\/wp-content\/uploads\/2018\/03\/banniere_carree_site_hyfac_intro_themes5-250x250.jpg\" alt=\"Akn\u00e9 u dosp\u00edvaj\u00edc\u00edch\" width=\"250\" height=\"250\" srcset=\"https:\/\/hyfac.fr\/wp-content\/uploads\/2018\/03\/banniere_carree_site_hyfac_intro_themes5-250x250.jpg 250w, https:\/\/hyfac.fr\/wp-content\/uploads\/2018\/03\/banniere_carree_site_hyfac_intro_themes5-300x300.jpg 300w, https:\/\/hyfac.fr\/wp-content\/uploads\/2018\/03\/banniere_carree_site_hyfac_intro_themes5.jpg 543w\" sizes=\"(max-width: 250px) 100vw, 250px\" \/><\/a><\/div>\n<div class=\"csColumnGap\" style=\"margin: 0px; padding: 0px; float: left; width: 1.56%;\"><img style=\"border: none;\" src=\"https:\/\/hyfac.fr\/wp-content\/plugins\/advanced-wp-columns\/assets\/js\/plugins\/views\/img\/1x1-pixel.png\" \/><\/div>\n<div class=\"csColumn\" style=\"margin: 0px; padding: 0px; float: left; width: 59.8%;\" data-csstartpoint=\"385.5\" data-csendpoint=\"960\" data-cswidth=\"59.8%\" data-csid=\"56e6cac6-63f3-6945-9ddf-f20a5ec7912c\">Mikrocystick\u00e9 akn\u00e9 v obli\u010deji je b\u011b\u017en\u00e9. Projevuje se b\u00edl\u00fdmi mikrocystami na obli\u010deji a je \u010dasto spojena s komedony (\u010dern\u00fdmi te\u010dkami) a pup\u00ednky. Tento typ akn\u00e9 vznik\u00e1 v d\u016fsledku toho, \u017ee ko\u017en\u00ed maz a keratin blokuj\u00ed ko\u017en\u00ed p\u00f3ry.<br \/>\nPoko\u017eku je proto t\u0159eba vy\u010distit vhodn\u00fdm p\u0159\u00edpravkem. Pou\u017eit\u00ed \u010distic\u00edho a peelingov\u00e9ho p\u0159\u00edpravku umo\u017e\u0148uje odstran\u011bn\u00ed t\u011bchto zrohovat\u011bl\u00fdch z\u00e1tek, ani\u017e by do\u0161lo k podr\u00e1\u017ed\u011bn\u00ed poko\u017eky obli\u010deje. Exfolia\u010dn\u00ed \u010distic\u00ed p\u011bna HYFAC byla speci\u00e1ln\u011b vyvinuta tak, aby respektovala rovnov\u00e1hu mlad\u00e9 pleti s nedokonalostmi, na rozd\u00edl od n\u011bkter\u00fdch p\u0159\u00edli\u0161 agresivn\u00edch peeling\u016f nebo masek proti \u010dern\u00fdm te\u010dk\u00e1m, kter\u00e9 jsou pro ple\u0165 skute\u010dn\u011b traumatizuj\u00edc\u00ed.<\/p>\n<div id=\"savoirplus\"><a href=\"https:\/\/hyfac.fr\/cs\/sos-dermato\/4329-acne-de-l-adolescent\/\">Dal\u0161\u00ed informace o akn\u00e9 u dosp\u00edvaj\u00edc\u00edch<\/a><\/div>\n<\/div>\n<div style=\"clear: both; float: none; display: block; visibility: hidden; width: 0px; font-size: 0px; line-height: 0;\"><\/div>\n<\/div>\n<\/div>\n<div id=\"compo-prd\">\n<div class=\"h2prd\">\n<h2><span style=\"color: #df6c2e;\">SLO\u017dEN\u00cd <span style=\"font-size: 14pt;\">\/<\/span> SLO\u017dEN\u00cd<\/span><\/h2>\n<\/div>\n<p><span style=\"color: #cebfb6;\">INCI : AQUA (VODA), DECYLGLUKOSID, KYSELINA JABLE\u010cN\u00c1, GLYCERIN, HYDROXID SODN\u00dd, KOKOAMFOACET\u00c1T SODN\u00dd, GLYCIN, KOKOGLUKOSID, GLYCERYL OLE\u00c1T, PIROKTON OLAMIN, DMDM HYDANTOIN, PARFUM (V\u016eN\u011a), KYSELINA CITRONOV\u00c1, CI 42090 (MODR\u00c1 1), TOKOFEROL, HYDROGENOVAN\u00dd CITR\u00c1T PALMOV\u00ddCH GLYCERID\u016e.<\/span><\/p>\n<\/div>","protected":false},"excerpt":{"rendered":"<p>\u010cist\u00ed a odstra\u0148uje odum\u0159el\u00e9 bu\u0148ky<\/p>","protected":false},"author":1,"featured_media":1760,"parent":54,"menu_order":1,"comment_status":"closed","ping_status":"closed","template":"page\/page-template-newprdoriginal.php","meta":{"_mi_skip_tracking":false,"spay_email":""},"_links":{"self":[{"href":"https:\/\/hyfac.fr\/cs\/wp-json\/wp\/v2\/pages\/1415"}],"collection":[{"href":"https:\/\/hyfac.fr\/cs\/wp-json\/wp\/v2\/pages"}],"about":[{"href":"https:\/\/hyfac.fr\/cs\/wp-json\/wp\/v2\/types\/page"}],"author":[{"embeddable":true,"href":"https:\/\/hyfac.fr\/cs\/wp-json\/wp\/v2\/users\/1"}],"replies":[{"embeddable":true,"href":"https:\/\/hyfac.fr\/cs\/wp-json\/wp\/v2\/comments?post=1415"}],"version-history":[{"count":53,"href":"https:\/\/hyfac.fr\/cs\/wp-json\/wp\/v2\/pages\/1415\/revisions"}],"predecessor-version":[{"id":15019,"href":"https:\/\/hyfac.fr\/cs\/wp-json\/wp\/v2\/pages\/1415\/revisions\/15019"}],"up":[{"embeddable":true,"href":"https:\/\/hyfac.fr\/cs\/wp-json\/wp\/v2\/pages\/54"}],"wp:featuredmedia":[{"embeddable":true,"href":"https:\/\/hyfac.fr\/cs\/wp-json\/wp\/v2\/media\/1760"}],"wp:attachment":[{"href":"https:\/\/hyfac.fr\/cs\/wp-json\/wp\/v2\/media?parent=1415"}],"curies":[{"name":"wp","href":"https:\/\/api.w.org\/{rel}","templated":true}]}}