{"id":1416,"date":"2016-05-25T23:41:52","date_gmt":"2016-05-25T21:41:52","guid":{"rendered":"http:\/\/hyfac.fr\/?page_id=1416"},"modified":"2022-02-05T00:04:54","modified_gmt":"2022-02-04T23:04:54","slug":"pain-nettoyant-purifiant","status":"publish","type":"page","link":"https:\/\/hyfac.fr\/cs\/nos-gammes\/hyfac-classique\/pain-nettoyant-purifiant\/","title":{"rendered":"\u010cistic\u00ed \u010distic\u00ed ty\u010dinka"},"content":{"rendered":"<p>&nbsp;<\/p>\n<div style=\"width: 960px;\">&nbsp;<\/div>\n<div id=\"prd\">\n<div class=\"csRow\">\n<div class=\"csColumn\" style=\"margin: 0px; padding: 0px; float: left; width: 43%;\" data-csstartpoint=\"0\" data-csendpoint=\"430\" data-cswidth=\"43.0%\" data-csid=\"beb42ad8-6bfd-a029-8282-bd93ae120b4d\">\n<style type=\"text\/css\">#soliloquy-container-5303 .soliloquy-pager{bottom: -30px;}<\/style><div class=\"soliloquy-outer-container\" data-soliloquy-loaded=\"0\"><div aria-live=\"polite\" id=\"soliloquy-container-5303\" class=\"soliloquy-container soliloquy-transition-horizontal soliloquy-slide-horizontal soliloquy-controls-active slider-img-prd soliloquy-theme-base\" style=\"max-width:500px;max-height:500px;margin:0 auto 20px;max-width:100%;max-height:none;\"><ul id=\"soliloquy-5303\" class=\"soliloquy-slider soliloquy-slides soliloquy-wrap soliloquy-clear\"><li aria-hidden=\"true\" class=\"soliloquy-item soliloquy-item-1 soliloquy-id-5654 soliloquy-image-slide\" draggable=\"false\" style=\"list-style:none;\"><a href=\"https:\/\/hyfac.fr\/wp-content\/uploads\/2018\/09\/Diapositive06-2-3-3.jpeg\" class=\"soliloquy-link\" title=\"Slide06 2 3\" rel=\"soliloquybox5303\" data-thumbnail=\"https:\/\/hyfac.fr\/wp-content\/uploads\/2018\/09\/Diapositive06-2-3-3-75x75_c.jpeg\"><img id=\"soliloquy-image-5654\" class=\"soliloquy-image soliloquy-image-1\" src=\"https:\/\/hyfac.fr\/wp-content\/uploads\/2018\/09\/Diapositive06-2-3-3-500x500_c.jpeg\" alt=\"Slide06 2 3\" \/><\/a><\/li><li aria-hidden=\"true\" class=\"soliloquy-item soliloquy-item-2 soliloquy-id-5655 soliloquy-image-slide\" draggable=\"false\" style=\"list-style:none;\"><a href=\"https:\/\/hyfac.fr\/wp-content\/uploads\/2018\/09\/Diapositive06-2-5.jpeg\" class=\"soliloquy-link\" title=\"Slide06 2\" rel=\"soliloquybox5303\" data-thumbnail=\"https:\/\/hyfac.fr\/wp-content\/uploads\/2018\/09\/Diapositive06-2-5-75x75_c.jpeg\"><img id=\"soliloquy-image-5655\" class=\"soliloquy-image soliloquy-image-2 soliloquy-preload\" src=\"https:\/\/hyfac.fr\/wp-content\/plugins\/soliloquy\/assets\/css\/images\/holder.gif\" data-soliloquy-src=\"https:\/\/hyfac.fr\/wp-content\/uploads\/2018\/09\/Diapositive06-2-5-500x500_c.jpeg\" alt=\"Slide06 2\" \/><\/a><\/li><\/ul><\/div><noscript><style type=\"text\/css\" scoped>#soliloquy-container-5303{opacity:1}#soliloquy-container-5303 li > .soliloquy-caption{display:none}#soliloquy-container-5303 li:first-child > .soliloquy-caption{display:block}<\/style><div class=\"soliloquy-no-js\" style=\"display:none;visibility:hidden;height:0;line-height:0;opacity:0;\"><img class=\"soliloquy-image soliloquy-no-js-image\" src=\"https:\/\/hyfac.fr\/wp-content\/uploads\/2018\/09\/Diapositive06-2-3-3.jpeg\" alt=\"Slide06 2 3\" \/><img class=\"soliloquy-image soliloquy-no-js-image\" src=\"https:\/\/hyfac.fr\/wp-content\/uploads\/2018\/09\/Diapositive06-2-5.jpeg\" alt=\"Slide06 2\" \/><\/div><\/noscript><\/div>\n<\/div>\n<div class=\"csColumnGap\" style=\"margin: 0px; padding: 0px; float: left; width: 7.7%;\"><img style=\"border: none;\" src=\"https:\/\/hyfac.fr\/wp-content\/plugins\/advanced-wp-columns\/assets\/js\/plugins\/views\/img\/1x1-pixel.png\"><\/div>\n<div class=\"csColumn\" style=\"margin: 0px; padding: 0px; float: left; width: 49.3%;\" data-csstartpoint=\"507\" data-csendpoint=\"1000\" data-cswidth=\"49.3%\" data-csid=\"56e6cac6-63f3-6945-9ddf-f20a5ec7912c\">\n<h1><span style=\"color: #df6c2e; line-height: 35px;\">\u010cISTIC\u00cd TY\u010cINKA<\/span><\/h1>\n<p><span style=\"color: #df6c2e;\">\u0158ada HYFAC Original<\/span><br \/>\nDermatologick\u00e1 ty\u010dinka 100g. Obli\u010dej a t\u011blo.<\/p>\n<p><br \/>\nPain nettoyant purifiant sans savon pour les&nbsp;peaux \u00e0 tendance acn\u00e9ique.&nbsp;Purifie en profondeur et r\u00e9duit les imperfections.<\/p>\n<ul id=\"ulprd\">\n<li><img class=\"logo-prd\" src=\"\/wp-content\/uploads\/2018\/09\/Nettoie.png\" alt=\"\u010cist\u00ed\" width=\"50\"><br \/>\n\u00daKLID<\/li>\n<li><img class=\"logo-prd\" src=\"\/wp-content\/uploads\/2018\/09\/PURIFIE.png\" alt=\"PURIFY\" width=\"50\"><br \/>\nPURIFY<\/li>\n<li><img class=\"logo-prd\" src=\"\/wp-content\/uploads\/2018\/08\/doux.png\" alt=\"sladk\u00e9\" width=\"50\"><br \/>\nDOUX<\/li>\n<li><img class=\"logo-prd\" src=\"\/wp-content\/uploads\/2018\/09\/Sans-savon.png\" alt=\"Bez m\u00fddla\" width=\"50\"><br \/>\nM\u00ddDLO ZDARMA<\/li>\n<\/ul>\n<ul id=\"ulprd-link\">\n<li><p class=\"product woocommerce add_to_cart_inline\" style=\"border:4px solid #ccc; padding: 12px;\"><span class=\"woocommerce-Price-amount amount\"><bdi>8,90&nbsp;<span class=\"woocommerce-Price-currencySymbol\">\u20ac<\/span><\/bdi><\/span><a href=\"?add-to-cart=14923\" data-quantity=\"1\" class=\"button product_type_simple add_to_cart_button ajax_add_to_cart\" data-product_id=\"14923\" data-product_sku=\"\" aria-label=\"P\u0159idat \u201eClassic - Pain Nettoyant Purifiant\u201c do ko\u0161\u00edku\" rel=\"nofollow\" data-no-translation=\"\" data-trp-gettext=\"\" data-no-translation-aria-label=\"\">P\u0159idat do ko\u0161\u00edku<\/a><\/p><\/li>\n<li>&nbsp;<\/li>\n<li><a href=\"https:\/\/hyfac.fr\/cs\/pres-de-chez-vous\/\"><img class=\"img2\" src=\"\/wp-content\/uploads\/2018\/06\/logo-map-e1530138886120.png\" alt=\"loc\">Vyhled\u00e1n\u00ed prodejn\u00edho m\u00edsta<\/a><\/li>\n<\/ul>\n<ul id=\"ulprd-link\">\n<li class=\"infotri\"><span class=\"spantri\">Objevte na\u0161e pokyny k t\u0159\u00edd\u011bn\u00ed<\/span><br \/>\n<img class=\"imgtri\" src=\"https:\/\/hyfac.fr\/wp-content\/uploads\/2020\/12\/HYFAC-ORIGINAL-Pain-nettoyant.png\"><\/li>\n<\/ul>\n<\/div>\n<div style=\"clear: both; float: none; display: block; visibility: hidden; width: 0px; font-size: 0px; line-height: 0;\">&nbsp;<\/div>\n<\/div>\n<\/div>\n<div id=\"descript-prd\">HYFAC Purifying Cleansing Bar <strong>\u010dist\u00ed<\/strong> a <strong>\u010dist\u00ed<\/strong> jemn\u011b \u010dist\u00ed mladou ple\u0165 s nedokonalostmi. Doporu\u010duje se na obli\u010dej a t\u011blo, usnad\u0148uje odstra\u0148ov\u00e1n\u00ed ne\u010distot a p\u0159ebyte\u010dn\u00e9ho ko\u017en\u00edho mazu a \u010dist\u00ed ple\u0165, ani\u017e by ji po\u0161kozoval. Jeho vzorec <strong>bez m\u00fddla<\/strong> zklid\u0148uje pocity pnut\u00ed a respektuje ko\u017en\u00ed bari\u00e9ru. Po vy\u010di\u0161t\u011bn\u00ed je ple\u0165 jasn\u011bj\u0161\u00ed, zdrav\u011bj\u0161\u00ed a hloubkov\u011b vy\u010di\u0161t\u011bn\u00e1.<\/div>\n<div id=\"menu-prdnew\">\n<ul>\n<li><a id=\"lienmenuconseil\" href=\"#prd\">POU\u017dIT\u00cd RADY<\/a><\/li>\n<li><a id=\"lienmenuactifs\" href=\"#conseil-prd\">AKTIVA<\/a><\/li>\n<li><a id=\"lienmenucmplt\" href=\"#actifs-prd\">DOPL\u0147KOV\u00c9 PRODUKTY<\/a><\/li>\n<li><a id=\"lienmenusavoir\" href=\"#cmplt-prd\">ZJISTIT V\u00cdCE<\/a><\/li>\n<li><a id=\"lienmenucompo\" href=\"#savoir-prd\">SLO\u017dEN\u00cd<\/a><\/li>\n<\/ul>\n<\/div>\n<div id=\"conseil-prd\">\n<div class=\"csRow\">\n<div class=\"csColumn\" style=\"margin: 0px; padding: 0px; float: left; width: 70.8%;\" data-csstartpoint=\"0\" data-csendpoint=\"680\" data-cswidth=\"70.8%\" data-csid=\"7ce9a14c-d45b-a3f2-987b-63fd249cc312\">\n<p><span style=\"color: #df6c2e;\">JAK POU\u017d\u00cdVAT \u010cISTIC\u00cd TY\u010cINKU HYFAC?<\/span><\/p>\n<p>\u010cist\u00edc\u00ed ty\u010dinku pou\u017e\u00edvejte r\u00e1no a ve\u010der na navlh\u010denou ple\u0165. Nap\u011b\u0148te ji mezi dlan\u011bmi a jemn\u00fdm vmas\u00edrov\u00e1n\u00edm ji naneste na poko\u017eku. D\u016fkladn\u011b opl\u00e1chn\u011bte \u010distou vodou. Pak se doporu\u010duje pou\u017e\u00edt <a href=\"https:\/\/hyfac.fr\/cs\/nos-gammes\/hyfac-classique\/soin-global\/\">Komplexn\u00ed p\u00e9\u010de HYFAC<\/a> na dokonale suchou poko\u017eku.<\/p>\n<p>Snadno se p\u0159en\u00e1\u0161\u00ed a je ide\u00e1ln\u00ed do kufru na cesty.<\/p>\n<p>Jeho mimo\u0159\u00e1dn\u011b jemn\u00e9 slo\u017een\u00ed je vhodn\u00e9 pro v\u0161echny typy pleti, dokonce i pro tu nejcitliv\u011bj\u0161\u00ed.<\/p>\n<\/div>\n<div class=\"csColumnGap\" style=\"margin: 0px; padding: 0px; float: left; width: 1.56%;\"><img style=\"border: none;\" src=\"https:\/\/hyfac.fr\/wp-content\/plugins\/advanced-wp-columns\/assets\/js\/plugins\/views\/img\/1x1-pixel.png\"><\/div>\n<div class=\"csColumn\" style=\"margin: 0px; padding: 0px; float: left; width: 27.6%;\" data-csstartpoint=\"695\" data-csendpoint=\"960\" data-cswidth=\"27.6%\" data-csid=\"2de6301b-fc0e-6c4c-b16e-671973f34d15\">\n<p><img loading=\"lazy\" class=\"aligncenter wp-image-5140\" src=\"https:\/\/hyfac.fr\/wp-content\/uploads\/2018\/07\/conseil-250x250.png\" alt=\"\" width=\"180\" height=\"181\" srcset=\"https:\/\/hyfac.fr\/wp-content\/uploads\/2018\/07\/conseil-250x250.png 250w, https:\/\/hyfac.fr\/wp-content\/uploads\/2018\/07\/conseil-298x300.png 298w, https:\/\/hyfac.fr\/wp-content\/uploads\/2018\/07\/conseil.png 308w\" sizes=\"(max-width: 180px) 100vw, 180px\" \/><\/p>\n<\/div>\n<div style=\"clear: both; float: none; display: block; visibility: hidden; width: 0px; font-size: 0px; line-height: 0;\">&nbsp;<\/div>\n<\/div>\n<\/div>\n<div id=\"actifs-prd\">\n<div class=\"h2prd\">\n<h2><span style=\"color: #df6c2e;\">KL\u00cd\u010cOV\u00c1 AKTIVA<\/span><\/h2>\n<\/div>\n<p><span style=\"color: #df6c2e;\">Glycocolla : Zklid\u0148uj\u00edc\u00ed<\/span><br \/>\nGlykokol je neutr\u00e1ln\u00ed aminokyselina p\u0159\u00edtomn\u00e1 v lidsk\u00e9m t\u011ble. P\u0159isp\u00edv\u00e1 k prevenci podr\u00e1\u017ed\u011bn\u00ed.<\/p>\n<p><span style=\"color: #df6c2e;\">Pirokton olamin: antibakteri\u00e1ln\u00ed a konzerva\u010dn\u00ed l\u00e1tka<\/span><br \/>\nPiroctone Olamine je \u00fa\u010dinn\u00e1 l\u00e1tka s prok\u00e1zanou \u00fa\u010dinnost\u00ed, kter\u00e1 je uzn\u00e1van\u00e1 pro sv\u00e9 antimikrobi\u00e1ln\u00ed \u00fa\u010dinky, zejm\u00e9na na P.acnes a Malassezia. P\u016fsob\u00ed tak\u00e9 jako konzerva\u010dn\u00ed prost\u0159edek. Tato funkce n\u00e1m umo\u017e\u0148uje nep\u0159id\u00e1vat do na\u0161eho slo\u017een\u00ed dal\u0161\u00ed konzerva\u010dn\u00ed l\u00e1tky, jako jsou parabeny.<\/p>\n<\/div>\n<div id=\"cmplt-prd\">\n<div class=\"h2prd\">\n<h2><span style=\"color: #df6c2e;\">DOPL\u0147KOV\u00c9 PRODUKTY<\/span><\/h2>\n<\/div>\n<style type=\"text\/css\">#soliloquy-container-5364 .soliloquy-prev{left: -60px;background-color:#df6c2e;}#soliloquy-container-5364 .soliloquy-next{right: -60px;background-color:#df6c2e;}#soliloquy-container-5364 .soliloquy-image{background: #f3f3f3;border: 1px solid #ddd;padding:3px;}#soliloquy-container-5364 .soliloquy-viewport{height: 260px !important;}#soliloquy-container-5364 .soliloquy-caption-bottom{position: relative;}#soliloquy-container-5364 .soliloquy-caption-inside{color:#CEBFB6; text-shadow:none;background:none;}@media only screen and (max-width: 1000px){#soliloquy-container-5364 .soliloquy-prev{left: 0px;}#soliloquy-container-5364 .soliloquy-next{right: 0px;}#soliloquy-container-5364 .soliloquy-viewport{height: 200px;}}<\/style><div class=\"soliloquy-outer-container soliloquy-carousel\" data-soliloquy-loaded=\"0\"><div aria-live=\"polite\" id=\"soliloquy-container-5364\" class=\"soliloquy-container soliloquy-transition-horizontal soliloquy-slide-horizontal soliloquy-arrows-active Produits-complmentaires-Hyfac soliloquy-theme-base\" style=\"max-width:960px;max-height:300px;margin:0 auto 20px;\"><ul id=\"soliloquy-5364\" class=\"soliloquy-slider soliloquy-slides soliloquy-wrap soliloquy-clear\"><li aria-hidden=\"true\" class=\"soliloquy-item soliloquy-item-1 soliloquy-id-5625 soliloquy-image-slide\" draggable=\"false\" style=\"list-style:none;\"><a href=\"https:\/\/hyfac.fr\/cs\/nos-gammes\/hyfac-classique\/gel-nettoyant-purifiant\/\" class=\"soliloquy-link\" title=\"HYFAC \u010distic\u00ed gel na akn\u00e9\"><img id=\"soliloquy-image-5625\" class=\"soliloquy-image soliloquy-image-1\" src=\"https:\/\/hyfac.fr\/wp-content\/uploads\/2018\/09\/Diapositive01-1-200x200_c.jpeg\" alt=\"HYFAC \u010distic\u00ed gel na akn\u00e9\" \/><\/a><div class=\"soliloquy-caption soliloquy-caption-bottom\"><div class=\"soliloquy-caption-inside\"><p>\u010cistic\u00ed \u010distic\u00ed gel<\/p><br \/>\n<p style=\"font-size:13px\">\u010cist\u00ed a pro\u010dist\u00ed<\/p><\/div><\/div><\/li><li aria-hidden=\"true\" class=\"soliloquy-item soliloquy-item-2 soliloquy-id-5626 soliloquy-image-slide\" draggable=\"false\" style=\"list-style:none;\"><a href=\"https:\/\/hyfac.fr\/cs\/nos-gammes\/hyfac-classique\/mousse-nettoyante-exfoliante\/\" class=\"soliloquy-link\" title=\"HYFAC Exfolia\u010dn\u00ed \u010distic\u00ed p\u011bna proti akn\u00e9\"><img id=\"soliloquy-image-5626\" class=\"soliloquy-image soliloquy-image-2\" src=\"https:\/\/hyfac.fr\/wp-content\/uploads\/2018\/09\/Diapositive03-1-200x200_c.jpeg\" alt=\"HYFAC Exfolia\u010dn\u00ed \u010distic\u00ed p\u011bna proti akn\u00e9\" \/><\/a><div class=\"soliloquy-caption soliloquy-caption-bottom\"><div class=\"soliloquy-caption-inside\"><p>Exfolia\u010dn\u00ed \u010distic\u00ed p\u011bna<\/p><br \/>\n<p style=\"font-size:13px\">\u010cist\u00ed a odstra\u0148uje ne\u010distoty<\/p><\/div><\/div><\/li><li aria-hidden=\"true\" class=\"soliloquy-item soliloquy-item-3 soliloquy-id-5627 soliloquy-image-slide\" draggable=\"false\" style=\"list-style:none;\"><a href=\"https:\/\/hyfac.fr\/cs\/nos-gammes\/hyfac-classique\/pain-nettoyant-purifiant\/\" class=\"soliloquy-link\" title=\"HYFAC \u010cist\u00edc\u00ed ty\u010dinka na akn\u00e9\"><img id=\"soliloquy-image-5627\" class=\"soliloquy-image soliloquy-image-3\" src=\"https:\/\/hyfac.fr\/wp-content\/uploads\/2018\/09\/Diapositive05-1-200x200_c.jpeg\" alt=\"HYFAC \u010cist\u00edc\u00ed ty\u010dinka na akn\u00e9\" \/><\/a><div class=\"soliloquy-caption soliloquy-caption-bottom\"><div class=\"soliloquy-caption-inside\"><p>\u010cistic\u00ed \u010distic\u00ed ty\u010dinka<\/p><br \/>\n<p style=\"font-size:13px\">\u010cist\u00ed a pro\u010dist\u00ed<\/p><\/div><\/div><\/li><li aria-hidden=\"true\" class=\"soliloquy-item soliloquy-item-4 soliloquy-id-5628 soliloquy-image-slide\" draggable=\"false\" style=\"list-style:none;\"><a href=\"https:\/\/hyfac.fr\/cs\/nos-gammes\/hyfac-classique\/soin-global\/\" class=\"soliloquy-link\" title=\"HYFAC Global Anti-Imperfection P\u00e9\u010de proti akn\u00e9\"><img id=\"soliloquy-image-5628\" class=\"soliloquy-image soliloquy-image-4\" src=\"https:\/\/hyfac.fr\/wp-content\/uploads\/2018\/09\/Diapositive07-1-200x200_c.jpeg\" alt=\"HYFAC Global Anti-Imperfection P\u00e9\u010de proti akn\u00e9\" \/><\/a><div class=\"soliloquy-caption soliloquy-caption-bottom\"><div class=\"soliloquy-caption-inside\"><p>Glob\u00e1ln\u00ed p\u00e9\u010de<\/p><br \/>\n<p style=\"font-size:13px\">Redukuje skvrny a hydratuje<\/p><\/div><\/div><\/li><li aria-hidden=\"true\" class=\"soliloquy-item soliloquy-item-5 soliloquy-id-5629 soliloquy-image-slide\" draggable=\"false\" style=\"list-style:none;\"><a href=\"https:\/\/hyfac.fr\/cs\/nos-gammes\/hyfac-classique\/emulsion-fluide\/\" class=\"soliloquy-link\" title=\"HYFAC Zklid\u0148uj\u00edc\u00ed hydrata\u010dn\u00ed fluidn\u00ed emulze na akn\u00e9\"><img id=\"soliloquy-image-5629\" class=\"soliloquy-image soliloquy-image-5\" src=\"https:\/\/hyfac.fr\/wp-content\/uploads\/2018\/09\/Diapositive09-1-200x200_c.jpeg\" alt=\"HYFAC Zklid\u0148uj\u00edc\u00ed hydrata\u010dn\u00ed fluidn\u00ed emulze na akn\u00e9\" \/><\/a><div class=\"soliloquy-caption soliloquy-caption-bottom\"><div class=\"soliloquy-caption-inside\"><p>Tekut\u00e1 emulze<\/p><br \/>\n<p style=\"font-size:13px\">Hydratuje a zmat\u0148uje<\/p><\/div><\/div><\/li><li aria-hidden=\"true\" class=\"soliloquy-item soliloquy-item-6 soliloquy-id-11232 soliloquy-image-slide\" draggable=\"false\" style=\"list-style:none;\"><a href=\"https:\/\/hyfac.fr\/cs\/nos-gammes\/hyfac-classique\/mousse-a-raser\/\" class=\"soliloquy-link\" title=\"HYFAC Zklid\u0148uj\u00edc\u00ed p\u011bna na holen\u00ed pro citlivou poko\u017eku\"><img id=\"soliloquy-image-11232\" class=\"soliloquy-image soliloquy-image-6\" src=\"https:\/\/hyfac.fr\/wp-content\/uploads\/2018\/09\/Diapositive11-1-200x200_c.png\" alt=\"HYFAC Zklid\u0148uj\u00edc\u00ed p\u011bna na holen\u00ed pro citlivou poko\u017eku\" \/><\/a><div class=\"soliloquy-caption soliloquy-caption-bottom\"><div class=\"soliloquy-caption-inside\"><p>P\u011bna na holen\u00ed<\/p><br \/>\n<p style=\"font-size:13px\">Zklid\u0148uje pop\u00e1leniny od \u017eiletek<\/p><\/div><\/div><\/li><li aria-hidden=\"true\" class=\"soliloquy-item soliloquy-item-7 soliloquy-id-5632 soliloquy-image-slide\" draggable=\"false\" style=\"list-style:none;\"><a href=\"https:\/\/hyfac.fr\/cs\/nos-gammes\/hyfac-classique\/patchs-anti-imperfections\/\" class=\"soliloquy-link\" title=\"N\u00e1plast HYFAC proti pup\u00ednk\u016fm vysu\u0161uje pup\u00ednky\"><img id=\"soliloquy-image-5632\" class=\"soliloquy-image soliloquy-image-7\" src=\"https:\/\/hyfac.fr\/wp-content\/uploads\/2018\/09\/Diapositive13-200x200_c.jpeg\" alt=\"N\u00e1plast HYFAC proti pup\u00ednk\u016fm vysu\u0161uje pup\u00ednky\" \/><\/a><div class=\"soliloquy-caption soliloquy-caption-bottom\"><div class=\"soliloquy-caption-inside\"><p>N\u00e1plast proti nedokonalostem<\/p><br \/>\n<p style=\"font-size:13px\">Vysu\u0161uje a zmen\u0161uje pup\u00ednek<\/p><\/div><\/div><\/li><\/ul><\/div><noscript><style type=\"text\/css\" scoped>#soliloquy-container-5364{opacity:1}#soliloquy-container-5364 li > .soliloquy-caption{display:none}#soliloquy-container-5364 li:first-child > .soliloquy-caption{display:block}<\/style><div class=\"soliloquy-no-js\" style=\"display:none;visibility:hidden;height:0;line-height:0;opacity:0;\"><img class=\"soliloquy-image soliloquy-no-js-image\" src=\"https:\/\/hyfac.fr\/wp-content\/uploads\/2018\/09\/Diapositive01-1.jpeg\" alt=\"HYFAC \u010distic\u00ed gel na akn\u00e9\" \/><img class=\"soliloquy-image soliloquy-no-js-image\" src=\"https:\/\/hyfac.fr\/wp-content\/uploads\/2018\/09\/Diapositive03-1.jpeg\" alt=\"HYFAC Exfolia\u010dn\u00ed \u010distic\u00ed p\u011bna proti akn\u00e9\" \/><img class=\"soliloquy-image soliloquy-no-js-image\" src=\"https:\/\/hyfac.fr\/wp-content\/uploads\/2018\/09\/Diapositive05-1.jpeg\" alt=\"HYFAC \u010cist\u00edc\u00ed ty\u010dinka na akn\u00e9\" \/><img class=\"soliloquy-image soliloquy-no-js-image\" src=\"https:\/\/hyfac.fr\/wp-content\/uploads\/2018\/09\/Diapositive07-1.jpeg\" alt=\"HYFAC Global Anti-Imperfection P\u00e9\u010de proti akn\u00e9\" \/><img class=\"soliloquy-image soliloquy-no-js-image\" src=\"https:\/\/hyfac.fr\/wp-content\/uploads\/2018\/09\/Diapositive09-1.jpeg\" alt=\"HYFAC Zklid\u0148uj\u00edc\u00ed hydrata\u010dn\u00ed fluidn\u00ed emulze na akn\u00e9\" \/><img class=\"soliloquy-image soliloquy-no-js-image\" src=\"https:\/\/hyfac.fr\/wp-content\/uploads\/2018\/09\/Diapositive11-1.png\" alt=\"HYFAC Zklid\u0148uj\u00edc\u00ed p\u011bna na holen\u00ed pro citlivou poko\u017eku\" \/><img class=\"soliloquy-image soliloquy-no-js-image\" src=\"https:\/\/hyfac.fr\/wp-content\/uploads\/2018\/09\/Diapositive13.jpeg\" alt=\"N\u00e1plast HYFAC proti pup\u00ednk\u016fm vysu\u0161uje pup\u00ednky\" \/><\/div><\/noscript><\/div>\n<\/div>\n<div id=\"savoir-prd\">\n<div class=\"h2prd\">\n<h2><span style=\"color: #df6c2e;\">ZJISTIT V\u00cdCE<\/span><\/h2>\n<\/div>\n<div class=\"csRow\">\n<div class=\"csColumn\" style=\"margin: 0px; padding: 0px; float: left; width: 38.6%;\" data-csstartpoint=\"0\" data-csendpoint=\"370.5\" data-cswidth=\"38.6%\" data-csid=\"beb42ad8-6bfd-a029-8282-bd93ae120b4d\"><a href=\"https:\/\/hyfac.fr\/cs\/sos-dermato\/4329-acne-de-l-adolescent\/\" target=\"_blank\" rel=\"noopener\"><img loading=\"lazy\" class=\"aligncenter wp-image-4345 size-thumbnail\" src=\"https:\/\/hyfac.fr\/wp-content\/uploads\/2018\/03\/banniere_carree_site_hyfac_intro_themes5-250x250.jpg\" alt=\"Akn\u00e9 u dosp\u00edvaj\u00edc\u00edch\" width=\"250\" height=\"250\" srcset=\"https:\/\/hyfac.fr\/wp-content\/uploads\/2018\/03\/banniere_carree_site_hyfac_intro_themes5-250x250.jpg 250w, https:\/\/hyfac.fr\/wp-content\/uploads\/2018\/03\/banniere_carree_site_hyfac_intro_themes5-300x300.jpg 300w, https:\/\/hyfac.fr\/wp-content\/uploads\/2018\/03\/banniere_carree_site_hyfac_intro_themes5.jpg 543w\" sizes=\"(max-width: 250px) 100vw, 250px\" \/><\/a><\/div>\n<div class=\"csColumnGap\" style=\"margin: 0px; padding: 0px; float: left; width: 1.56%;\"><img style=\"border: none;\" src=\"https:\/\/hyfac.fr\/wp-content\/plugins\/advanced-wp-columns\/assets\/js\/plugins\/views\/img\/1x1-pixel.png\"><\/div>\n<div class=\"csColumn\" style=\"margin: 0px; padding: 0px; float: left; width: 59.8%;\" data-csstartpoint=\"385.5\" data-csendpoint=\"960\" data-cswidth=\"59.8%\" data-csid=\"56e6cac6-63f3-6945-9ddf-f20a5ec7912c\">\n<p>\u010ci\u0161t\u011bn\u00ed pleti je prvn\u00edm krokem v p\u00e9\u010di o \u010distou ple\u0165 bez pup\u00ednk\u016f. U mlad\u00e9 problematick\u00e9 pleti, kter\u00e1 vy\u017eaduje ka\u017edodenn\u00ed d\u016fkladn\u00e9 \u010di\u0161t\u011bn\u00ed, je t\u0159eba postupovat opatrn\u011b. HYFAC Purifying Cleansing Bar je vhodn\u00fd zejm\u00e9na pro ple\u0165 se sklonem k akn\u00e9, s pup\u00ednky na obli\u010deji, \u010dern\u00fdmi te\u010dkami a\/nebo b\u00edl\u00fdmi mikrocystami. M\u016f\u017ee se pou\u017e\u00edvat ve spojen\u00ed s r\u016fzn\u00fdmi zp\u016fsoby l\u00e9\u010dby akn\u00e9, v\u010detn\u011b vysu\u0161uj\u00edc\u00edch lok\u00e1ln\u00edch p\u0159\u00edpravk\u016f, jako je adapalen nebo benzoylperoxid.<\/p>\n<p>HYFAC Purifying Cleansing Bar je jemn\u00e1 \u010distic\u00ed b\u00e1ze bez m\u00fddla, tzv. syndet. Jeho slo\u017een\u00ed zalo\u017een\u00e9 na pirokton olaminu, siln\u00e9 antibakteri\u00e1ln\u00ed \u00fa\u010dinn\u00e9 l\u00e1tce, vyrovn\u00e1v\u00e1 ko\u017en\u00ed fl\u00f3ru. Jeho supermastn\u00e1 slo\u017eka a fyziologick\u00e9 pH umo\u017e\u0148uj\u00ed \u010distit poko\u017eku p\u0159i dokonal\u00e9m respektov\u00e1n\u00ed hydrolipidov\u00e9ho filmu poko\u017eky.<\/p>\n<div id=\"savoirplus\"><a href=\"https:\/\/hyfac.fr\/cs\/sos-dermato\/4329-acne-de-l-adolescent\/\">Dal\u0161\u00ed informace o akn\u00e9 u dosp\u00edvaj\u00edc\u00edch<\/a><\/div>\n<\/div>\n<div style=\"clear: both; float: none; display: block; visibility: hidden; width: 0px; font-size: 0px; line-height: 0;\">&nbsp;<\/div>\n<\/div>\n<\/div>\n<div id=\"compo-prd\">\n<div class=\"h2prd\">\n<h2><span style=\"color: #df6c2e;\">SLO\u017dEN\u00cd <span style=\"font-size: 14pt;\">\/<\/span> SLO\u017dEN\u00cd<\/span><\/h2>\n<\/div>\n<p><span style=\"color: #cebfb6;\">SLO\u017dEN\u00cd : KUKU\u0158I\u010cN\u00dd \u0160KROB, LAURYLSULF\u00c1T DRASELN\u00dd, CETEARYLALKOHOL, LAURYLSULF\u00c1T SODN\u00dd, HYDROGENOVAN\u00dd RICINOV\u00dd OLEJ, AQUA (VODA), MASTEK, GLYCIN, GLYCERIN, PARFUM (V\u016eN\u011a), PIROCTONE OLAMINE, PARAFFINUM LIQUIDUM (MINER\u00c1LN\u00cd OLEJ), COCAMIDOPROPYL BETAINE, KYSELINA ML\u00c9\u010cN\u00c1, CI 77891 (OXID TITANI\u010cIT\u00dd), FOSFORE\u010cNAN DRASELN\u00dd, CI 77492 (OXIDY \u017dELEZA).<\/span><\/p>\n<\/div>","protected":false},"excerpt":{"rendered":"<p>\u010cist\u00ed a pro\u010dist\u00ed<\/p>","protected":false},"author":1,"featured_media":709,"parent":54,"menu_order":2,"comment_status":"closed","ping_status":"closed","template":"page\/page-template-newprdoriginal.php","meta":{"_mi_skip_tracking":false,"spay_email":""},"_links":{"self":[{"href":"https:\/\/hyfac.fr\/cs\/wp-json\/wp\/v2\/pages\/1416"}],"collection":[{"href":"https:\/\/hyfac.fr\/cs\/wp-json\/wp\/v2\/pages"}],"about":[{"href":"https:\/\/hyfac.fr\/cs\/wp-json\/wp\/v2\/types\/page"}],"author":[{"embeddable":true,"href":"https:\/\/hyfac.fr\/cs\/wp-json\/wp\/v2\/users\/1"}],"replies":[{"embeddable":true,"href":"https:\/\/hyfac.fr\/cs\/wp-json\/wp\/v2\/comments?post=1416"}],"version-history":[{"count":46,"href":"https:\/\/hyfac.fr\/cs\/wp-json\/wp\/v2\/pages\/1416\/revisions"}],"predecessor-version":[{"id":14972,"href":"https:\/\/hyfac.fr\/cs\/wp-json\/wp\/v2\/pages\/1416\/revisions\/14972"}],"up":[{"embeddable":true,"href":"https:\/\/hyfac.fr\/cs\/wp-json\/wp\/v2\/pages\/54"}],"wp:featuredmedia":[{"embeddable":true,"href":"https:\/\/hyfac.fr\/cs\/wp-json\/wp\/v2\/media\/709"}],"wp:attachment":[{"href":"https:\/\/hyfac.fr\/cs\/wp-json\/wp\/v2\/media?parent=1416"}],"curies":[{"name":"wp","href":"https:\/\/api.w.org\/{rel}","templated":true}]}}