{"id":1419,"date":"2016-05-25T23:44:02","date_gmt":"2016-05-25T21:44:02","guid":{"rendered":"http:\/\/hyfac.fr\/?page_id=1419"},"modified":"2022-02-10T01:52:36","modified_gmt":"2022-02-10T00:52:36","slug":"soin-global","status":"publish","type":"page","link":"https:\/\/hyfac.fr\/cs\/nos-gammes\/hyfac-classique\/soin-global\/","title":{"rendered":"Glob\u00e1ln\u00ed p\u00e9\u010de"},"content":{"rendered":"<p>&nbsp;<\/p>\n<div style=\"width: 960px;\">&nbsp;<\/div>\n<div id=\"prd\">\n<div class=\"csRow\">\n<div class=\"csColumn\" style=\"margin: 0px; padding: 0px; float: left; width: 43%;\" data-csstartpoint=\"0\" data-csendpoint=\"430\" data-cswidth=\"43.0%\" data-csid=\"beb42ad8-6bfd-a029-8282-bd93ae120b4d\">\n<style type=\"text\/css\">#soliloquy-container-5304 .soliloquy-pager{bottom: -30px;}<\/style><div class=\"soliloquy-outer-container\" data-soliloquy-loaded=\"0\"><div aria-live=\"polite\" id=\"soliloquy-container-5304\" class=\"soliloquy-container soliloquy-transition-horizontal soliloquy-slide-horizontal soliloquy-controls-active slider-img-prd soliloquy-theme-base\" style=\"max-width:400px;max-height:400px;margin:0 auto 20px;\"><ul id=\"soliloquy-5304\" class=\"soliloquy-slider soliloquy-slides soliloquy-wrap soliloquy-clear\"><li aria-hidden=\"true\" class=\"soliloquy-item soliloquy-item-1 soliloquy-id-5562 soliloquy-image-slide\" draggable=\"false\" style=\"list-style:none;\"><img id=\"soliloquy-image-5562\" class=\"soliloquy-image soliloquy-image-1\" src=\"https:\/\/hyfac.fr\/wp-content\/uploads\/2018\/09\/Diapositive07.jpeg\" alt=\"HYFAC Global Anti-Imperfection Care hydratuje a \u010dist\u00ed\" \/><\/li><li aria-hidden=\"true\" class=\"soliloquy-item soliloquy-item-2 soliloquy-id-5563 soliloquy-image-slide\" draggable=\"false\" style=\"list-style:none;\"><img id=\"soliloquy-image-5563\" class=\"soliloquy-image soliloquy-image-2 soliloquy-preload\" src=\"https:\/\/hyfac.fr\/wp-content\/plugins\/soliloquy\/assets\/css\/images\/holder.gif\" data-soliloquy-src=\"https:\/\/hyfac.fr\/wp-content\/uploads\/2018\/09\/Diapositive08.jpeg\" alt=\"HYFAC Global Anti-Imperfection Care hydratuje a \u010dist\u00ed\" \/><\/li><\/ul><\/div><noscript><style type=\"text\/css\" scoped>#soliloquy-container-5304{opacity:1}#soliloquy-container-5304 li > .soliloquy-caption{display:none}#soliloquy-container-5304 li:first-child > .soliloquy-caption{display:block}<\/style><div class=\"soliloquy-no-js\" style=\"display:none;visibility:hidden;height:0;line-height:0;opacity:0;\"><img class=\"soliloquy-image soliloquy-no-js-image\" src=\"https:\/\/hyfac.fr\/wp-content\/uploads\/2018\/09\/Diapositive07.jpeg\" alt=\"HYFAC Global Anti-Imperfection Care hydratuje a \u010dist\u00ed\" \/><img class=\"soliloquy-image soliloquy-no-js-image\" src=\"https:\/\/hyfac.fr\/wp-content\/uploads\/2018\/09\/Diapositive08.jpeg\" alt=\"HYFAC Global Anti-Imperfection Care hydratuje a \u010dist\u00ed\" \/><\/div><\/noscript><\/div>\n<\/div>\n<div class=\"csColumnGap\" style=\"margin: 0px; padding: 0px; float: left; width: 7.7%;\"><img style=\"border: none;\" src=\"https:\/\/hyfac.fr\/wp-content\/plugins\/advanced-wp-columns\/assets\/js\/plugins\/views\/img\/1x1-pixel.png\"><\/div>\n<div class=\"csColumn\" style=\"margin: 0px; padding: 0px; float: left; width: 49.3%;\" data-csstartpoint=\"507\" data-csendpoint=\"1000\" data-cswidth=\"49.3%\" data-csid=\"56e6cac6-63f3-6945-9ddf-f20a5ec7912c\">\n<h1><span style=\"color: #df6c2e; line-height: 35px;\">GLOB\u00c1LN\u00cd P\u00c9\u010cE<\/span><\/h1>\n<p><span style=\"color: #df6c2e;\">\u0158ada HYFAC Original<\/span><br \/>\n40ml lahvi\u010dka<\/p>\n<p><br \/>\nDenn\u00ed p\u00e9\u010de o ple\u0165 se sklonem k akn\u00e9. Bojuje proti z\u00e1n\u011btliv\u00fdm pup\u00ednk\u016fm a \u010dern\u00fdm te\u010dk\u00e1m, zmat\u0148uje a hydratuje.<\/p>\n<ul id=\"ulprd\">\n<li><img class=\"logo-prd\" src=\"\/wp-content\/uploads\/2018\/09\/Anti-boutons.png\" alt=\"Anti-button\" width=\"50\"><br \/>\nANTI-BUTTER<\/li>\n<li><img class=\"logo-prd\" src=\"\/wp-content\/uploads\/2018\/09\/Desincruste.png\" alt=\"Nezahrnuje\" width=\"50\"><br \/>\nDESINCRUSTE<\/li>\n<li><img class=\"logo-prd\" src=\"\/wp-content\/uploads\/2018\/09\/Matifie.png\" alt=\"Matifikuje\" width=\"50\"><br \/>\nMATIFY<\/li>\n<li><img class=\"logo-prd\" src=\"\/wp-content\/uploads\/2018\/09\/Hydrate.png\" alt=\"Zvlh\u010duje\" width=\"50\"><br \/>\nHYDRATE<\/li>\n<\/ul>\n<ul id=\"ulprd-link\">\n<li><p class=\"product woocommerce add_to_cart_inline\" style=\"border:4px solid #ccc; padding: 12px;\"><span class=\"woocommerce-Price-amount amount\"><bdi>12,50&nbsp;<span class=\"woocommerce-Price-currencySymbol\">\u20ac<\/span><\/bdi><\/span><a href=\"?add-to-cart=14924\" data-quantity=\"1\" class=\"button product_type_simple add_to_cart_button ajax_add_to_cart\" data-product_id=\"14924\" data-product_sku=\"\" aria-label=\"P\u0159idat \u201eClassic - Soin Global\u201c do ko\u0161\u00edku\" rel=\"nofollow\" data-no-translation=\"\" data-trp-gettext=\"\" data-no-translation-aria-label=\"\">P\u0159idat do ko\u0161\u00edku<\/a><\/p><\/li>\n<li>&nbsp;<\/li>\n<li><a href=\"https:\/\/hyfac.fr\/cs\/pres-de-chez-vous\/\"><img class=\"img2\" src=\"\/wp-content\/uploads\/2018\/06\/logo-map-e1530138886120.png\" alt=\"loc\">Vyhled\u00e1n\u00ed prodejn\u00edho m\u00edsta<\/a><\/li>\n<\/ul>\n<ul id=\"ulprd-link\">\n<li class=\"infotri\"><span class=\"spantri\">Objevte na\u0161e pokyny k t\u0159\u00edd\u011bn\u00ed<\/span><br \/>\n<img class=\"imgtri\" src=\"https:\/\/hyfac.fr\/wp-content\/uploads\/2020\/12\/Infotri-flacon-et-etui.png\"><\/li>\n<\/ul>\n<\/div>\n<div style=\"clear: both; float: none; display: block; visibility: hidden; width: 0px; font-size: 0px; line-height: 0;\">&nbsp;<\/div>\n<\/div>\n<\/div>\n<div id=\"descript-prd\">Glob\u00e1ln\u00ed p\u00e9\u010de HYFAC <strong>\"4 v 1\"<\/strong> podporuje odstran\u011bn\u00ed nedokonalost\u00ed (pup\u00ednky, \u010dern\u00e9 te\u010dky, mikrocysty), <strong>hydr\u00e1t<\/strong> a <strong>matn\u00fd<\/strong>. Jeho slo\u017een\u00ed kombinuje r\u016fzn\u00e9 aktivn\u00ed slo\u017eky, jejich\u017e v\u011bdecky uzn\u00e1van\u00e9 vlastnosti p\u016fsob\u00ed na akn\u00f3zn\u00ed ple\u0165 synergicky. <strong>ovocn\u00e9 kyseliny<\/strong> (AHA) \u010dist\u00ed p\u00f3ry bez po\u0161kozen\u00ed pleti a zabra\u0148uj\u00ed vzniku nedokonalost\u00ed. Je vynikaj\u00edc\u00edm podkladem pod make-up, kter\u00fd <strong>\u010dist\u00ed<\/strong> a zanech\u00e1v\u00e1 ple\u0165 \u010distou, hydratovanou a matnou.<\/div>\n<div id=\"menu-prdnew\">\n<ul>\n<li><a id=\"lienmenuconseil\" href=\"#prd\">POU\u017dIT\u00cd RADY<\/a><\/li>\n<li><a id=\"lienmenuactifs\" href=\"#conseil-prd\">AKTIVA<\/a><\/li>\n<li><a id=\"lienmenucmplt\" href=\"#actifs-prd\">DOPL\u0147KOV\u00c9 PRODUKTY<\/a><\/li>\n<li><a id=\"lienmenusavoir\" href=\"#cmplt-prd\">ZJISTIT V\u00cdCE<\/a><\/li>\n<li><a id=\"lienmenucompo\" href=\"#savoir-prd\">SLO\u017dEN\u00cd<\/a><\/li>\n<\/ul>\n<\/div>\n<div id=\"conseil-prd\">\n<div class=\"csRow\">\n<div class=\"csColumn\" style=\"margin: 0px; padding: 0px; float: left; width: 70.8%;\" data-csstartpoint=\"0\" data-csendpoint=\"680\" data-cswidth=\"70.8%\" data-csid=\"7ce9a14c-d45b-a3f2-987b-63fd249cc312\">\n<p><span style=\"color: #df6c2e;\">JAK POU\u017d\u00cdVAT HYFAC GLOBAL CARE?<\/span><\/p>\n<p>Aplikujte r\u00e1no a\/nebo ve\u010der na obli\u010dej po vy\u010di\u0161t\u011bn\u00ed pleti pomoc\u00ed <a href=\"https:\/\/hyfac.fr\/cs\/nos-gammes\/hyfac-classique\/gel-nettoyant-purifiant\/\">\u010cistic\u00ed \u010distic\u00ed gel HYFAC<\/a>a dokonale vysu\u0161en\u00e9. Tato p\u00e9\u010de \"4 v 1\" je vhodn\u00e1 jako podklad pod make-up.<\/p>\n<p>HYFAC Global Care lze pou\u017e\u00edvat jako monoterapii nebo jako dopln\u011bk l\u00e9\u010dby akn\u00e9. Po ukon\u010den\u00ed l\u00e9\u010dby akn\u00e9 je vhodn\u00e9 pokra\u010dovat v pou\u017e\u00edv\u00e1n\u00ed p\u0159\u00edpravku Global Care HYFAC jako udr\u017eovac\u00edho roztoku, aby se prodlou\u017eila \u00fa\u010dinnost l\u00e9\u010dby. Pou\u017e\u00edv\u00e1 se samostatn\u011b a doporu\u010duje se k p\u00e9\u010di o ple\u0165 se sklonem k akn\u00e9 jako denn\u00ed a\/nebo no\u010dn\u00ed kr\u00e9m. Jeho \u00fa\u010dinnost byla prok\u00e1z\u00e1na: pom\u00e1h\u00e1 odstra\u0148ovat \u010derven\u00e9 a b\u00edl\u00e9 pup\u00ednky, \u010dern\u00e9 te\u010dky a mikrocysty.<\/p>\n<p>Jeho 40ml \"airless\" l\u00e1hev omezuje mno\u017een\u00ed bakteri\u00ed uvnit\u0159 v\u00fdrobku.<\/p>\n<\/div>\n<div class=\"csColumnGap\" style=\"margin: 0px; padding: 0px; float: left; width: 1.56%;\"><img style=\"border: none;\" src=\"https:\/\/hyfac.fr\/wp-content\/plugins\/advanced-wp-columns\/assets\/js\/plugins\/views\/img\/1x1-pixel.png\"><\/div>\n<div class=\"csColumn\" style=\"margin: 0px; padding: 0px; float: left; width: 27.6%;\" data-csstartpoint=\"695\" data-csendpoint=\"960\" data-cswidth=\"27.6%\" data-csid=\"2de6301b-fc0e-6c4c-b16e-671973f34d15\">\n<p><img loading=\"lazy\" class=\"aligncenter wp-image-5140\" src=\"https:\/\/hyfac.fr\/wp-content\/uploads\/2018\/07\/conseil-250x250.png\" alt=\"\" width=\"180\" height=\"181\" srcset=\"https:\/\/hyfac.fr\/wp-content\/uploads\/2018\/07\/conseil-250x250.png 250w, https:\/\/hyfac.fr\/wp-content\/uploads\/2018\/07\/conseil-298x300.png 298w, https:\/\/hyfac.fr\/wp-content\/uploads\/2018\/07\/conseil.png 308w\" sizes=\"(max-width: 180px) 100vw, 180px\" \/><\/p>\n<\/div>\n<div style=\"clear: both; float: none; display: block; visibility: hidden; width: 0px; font-size: 0px; line-height: 0;\">&nbsp;<\/div>\n<\/div>\n<\/div>\n<div id=\"actifs-prd\">\n<div class=\"h2prd\">\n<h2><span style=\"color: #df6c2e;\">KL\u00cd\u010cOV\u00c1 AKTIVA<\/span><\/h2>\n<\/div>\n<p><span style=\"color: #df6c2e;\">Kyselina glykolov\u00e1: keratolytick\u00e1 \u00fa\u010dinn\u00e1 l\u00e1tka (proti \u010dern\u00fdm te\u010dk\u00e1m) <\/span><br \/>\nKyselina glykolov\u00e1 je ovocn\u00e1 kyselina s kr\u00e1tk\u00fdm \u0159et\u011bzcem (AHA). Je p\u0159\u00edrodn\u00edho p\u016fvodu, z\u00edsk\u00e1v\u00e1 se z cukrov\u00e9 t\u0159tiny. Jeho okam\u017eit\u00fd exfolia\u010dn\u00ed \u00fa\u010dinek na odum\u0159el\u00e9 bu\u0148ky, kter\u00e9 blokuj\u00ed vylu\u010dovac\u00ed kan\u00e1lky, obnovuje norm\u00e1ln\u00ed tok ko\u017en\u00edho mazu. Podporuje tak postupn\u00e9 mizen\u00ed \u010dern\u00fdch te\u010dek.<\/p>\n<p><span style=\"color: #df6c2e;\">Ester alkylmal\u00e1tu: Keratolytick\u00e1 a hydrata\u010dn\u00ed \u00fa\u010dinn\u00e1 l\u00e1tka<\/span><br \/>\nL\u2019alkyl malate est un acide de fruit (AHA) \u00e0 chaine longue, qui permet une action d\u2019exfoliation sur la dur\u00e9e et donc en douceur. Naturellement pr\u00e9sent dans la pomme, il est \u00e9galement reconnu pour ses propri\u00e9t\u00e9s hydratantes.&nbsp;La combinaison de ces deux actifs prodigue au soin global une efficacit\u00e9 doubl\u00e9e d\u2019une grande tol\u00e9rance.<\/p>\n<p><span style=\"color: #df6c2e;\">Pirokton olamin: antibakteri\u00e1ln\u00ed a konzerva\u010dn\u00ed l\u00e1tka<\/span><br \/>\nPiroctone Olamine p\u016fsob\u00ed na mikroorganismy zp\u016fsobuj\u00edc\u00ed akn\u00e9 a omezuje tvorbu z\u00e1n\u011btliv\u00fdch skvrn. Je zn\u00e1m\u00fd sv\u00fdmi antimikrobi\u00e1ln\u00edmi vlastnostmi a p\u016fsob\u00ed tak\u00e9 jako konzerva\u010dn\u00ed prost\u0159edek. Tato dvoj\u00ed p\u0159\u00edrodn\u00ed funkce zabra\u0148uje p\u0159id\u00e1v\u00e1n\u00ed dal\u0161\u00edch konzerva\u010dn\u00edch l\u00e1tek, jako jsou parabeny.<\/p>\n<\/div>\n<div id=\"cmplt-prd\">\n<div class=\"h2prd\">\n<h2><span style=\"color: #df6c2e;\">DOPL\u0147KOV\u00c9 PRODUKTY<\/span><\/h2>\n<\/div>\n<style type=\"text\/css\">#soliloquy-container-5364 .soliloquy-prev{left: -60px;background-color:#df6c2e;}#soliloquy-container-5364 .soliloquy-next{right: -60px;background-color:#df6c2e;}#soliloquy-container-5364 .soliloquy-image{background: #f3f3f3;border: 1px solid #ddd;padding:3px;}#soliloquy-container-5364 .soliloquy-viewport{height: 260px !important;}#soliloquy-container-5364 .soliloquy-caption-bottom{position: relative;}#soliloquy-container-5364 .soliloquy-caption-inside{color:#CEBFB6; text-shadow:none;background:none;}@media only screen and (max-width: 1000px){#soliloquy-container-5364 .soliloquy-prev{left: 0px;}#soliloquy-container-5364 .soliloquy-next{right: 0px;}#soliloquy-container-5364 .soliloquy-viewport{height: 200px;}}<\/style><div class=\"soliloquy-outer-container soliloquy-carousel\" data-soliloquy-loaded=\"0\"><div aria-live=\"polite\" id=\"soliloquy-container-5364\" class=\"soliloquy-container soliloquy-transition-horizontal soliloquy-slide-horizontal soliloquy-arrows-active Produits-complmentaires-Hyfac soliloquy-theme-base\" style=\"max-width:960px;max-height:300px;margin:0 auto 20px;\"><ul id=\"soliloquy-5364\" class=\"soliloquy-slider soliloquy-slides soliloquy-wrap soliloquy-clear\"><li aria-hidden=\"true\" class=\"soliloquy-item soliloquy-item-1 soliloquy-id-5625 soliloquy-image-slide\" draggable=\"false\" style=\"list-style:none;\"><a href=\"https:\/\/hyfac.fr\/cs\/nos-gammes\/hyfac-classique\/gel-nettoyant-purifiant\/\" class=\"soliloquy-link\" title=\"HYFAC \u010distic\u00ed gel na akn\u00e9\"><img id=\"soliloquy-image-5625\" class=\"soliloquy-image soliloquy-image-1\" src=\"https:\/\/hyfac.fr\/wp-content\/uploads\/2018\/09\/Diapositive01-1-200x200_c.jpeg\" alt=\"HYFAC \u010distic\u00ed gel na akn\u00e9\" \/><\/a><div class=\"soliloquy-caption soliloquy-caption-bottom\"><div class=\"soliloquy-caption-inside\"><p>\u010cistic\u00ed \u010distic\u00ed gel<\/p><br \/>\n<p style=\"font-size:13px\">\u010cist\u00ed a pro\u010dist\u00ed<\/p><\/div><\/div><\/li><li aria-hidden=\"true\" class=\"soliloquy-item soliloquy-item-2 soliloquy-id-5626 soliloquy-image-slide\" draggable=\"false\" style=\"list-style:none;\"><a href=\"https:\/\/hyfac.fr\/cs\/nos-gammes\/hyfac-classique\/mousse-nettoyante-exfoliante\/\" class=\"soliloquy-link\" title=\"HYFAC Exfolia\u010dn\u00ed \u010distic\u00ed p\u011bna proti akn\u00e9\"><img id=\"soliloquy-image-5626\" class=\"soliloquy-image soliloquy-image-2\" src=\"https:\/\/hyfac.fr\/wp-content\/uploads\/2018\/09\/Diapositive03-1-200x200_c.jpeg\" alt=\"HYFAC Exfolia\u010dn\u00ed \u010distic\u00ed p\u011bna proti akn\u00e9\" \/><\/a><div class=\"soliloquy-caption soliloquy-caption-bottom\"><div class=\"soliloquy-caption-inside\"><p>Exfolia\u010dn\u00ed \u010distic\u00ed p\u011bna<\/p><br \/>\n<p style=\"font-size:13px\">\u010cist\u00ed a odstra\u0148uje ne\u010distoty<\/p><\/div><\/div><\/li><li aria-hidden=\"true\" class=\"soliloquy-item soliloquy-item-3 soliloquy-id-5627 soliloquy-image-slide\" draggable=\"false\" style=\"list-style:none;\"><a href=\"https:\/\/hyfac.fr\/cs\/nos-gammes\/hyfac-classique\/pain-nettoyant-purifiant\/\" class=\"soliloquy-link\" title=\"HYFAC \u010cist\u00edc\u00ed ty\u010dinka na akn\u00e9\"><img id=\"soliloquy-image-5627\" class=\"soliloquy-image soliloquy-image-3\" src=\"https:\/\/hyfac.fr\/wp-content\/uploads\/2018\/09\/Diapositive05-1-200x200_c.jpeg\" alt=\"HYFAC \u010cist\u00edc\u00ed ty\u010dinka na akn\u00e9\" \/><\/a><div class=\"soliloquy-caption soliloquy-caption-bottom\"><div class=\"soliloquy-caption-inside\"><p>\u010cistic\u00ed \u010distic\u00ed ty\u010dinka<\/p><br \/>\n<p style=\"font-size:13px\">\u010cist\u00ed a pro\u010dist\u00ed<\/p><\/div><\/div><\/li><li aria-hidden=\"true\" class=\"soliloquy-item soliloquy-item-4 soliloquy-id-5628 soliloquy-image-slide\" draggable=\"false\" style=\"list-style:none;\"><a href=\"https:\/\/hyfac.fr\/cs\/nos-gammes\/hyfac-classique\/soin-global\/\" class=\"soliloquy-link\" title=\"HYFAC Global Anti-Imperfection P\u00e9\u010de proti akn\u00e9\"><img id=\"soliloquy-image-5628\" class=\"soliloquy-image soliloquy-image-4\" src=\"https:\/\/hyfac.fr\/wp-content\/uploads\/2018\/09\/Diapositive07-1-200x200_c.jpeg\" alt=\"HYFAC Global Anti-Imperfection P\u00e9\u010de proti akn\u00e9\" \/><\/a><div class=\"soliloquy-caption soliloquy-caption-bottom\"><div class=\"soliloquy-caption-inside\"><p>Glob\u00e1ln\u00ed p\u00e9\u010de<\/p><br \/>\n<p style=\"font-size:13px\">Redukuje skvrny a hydratuje<\/p><\/div><\/div><\/li><li aria-hidden=\"true\" class=\"soliloquy-item soliloquy-item-5 soliloquy-id-5629 soliloquy-image-slide\" draggable=\"false\" style=\"list-style:none;\"><a href=\"https:\/\/hyfac.fr\/cs\/nos-gammes\/hyfac-classique\/emulsion-fluide\/\" class=\"soliloquy-link\" title=\"HYFAC Zklid\u0148uj\u00edc\u00ed hydrata\u010dn\u00ed fluidn\u00ed emulze na akn\u00e9\"><img id=\"soliloquy-image-5629\" class=\"soliloquy-image soliloquy-image-5\" src=\"https:\/\/hyfac.fr\/wp-content\/uploads\/2018\/09\/Diapositive09-1-200x200_c.jpeg\" alt=\"HYFAC Zklid\u0148uj\u00edc\u00ed hydrata\u010dn\u00ed fluidn\u00ed emulze na akn\u00e9\" \/><\/a><div class=\"soliloquy-caption soliloquy-caption-bottom\"><div class=\"soliloquy-caption-inside\"><p>Tekut\u00e1 emulze<\/p><br \/>\n<p style=\"font-size:13px\">Hydratuje a zmat\u0148uje<\/p><\/div><\/div><\/li><li aria-hidden=\"true\" class=\"soliloquy-item soliloquy-item-6 soliloquy-id-11232 soliloquy-image-slide\" draggable=\"false\" style=\"list-style:none;\"><a href=\"https:\/\/hyfac.fr\/cs\/nos-gammes\/hyfac-classique\/mousse-a-raser\/\" class=\"soliloquy-link\" title=\"HYFAC Zklid\u0148uj\u00edc\u00ed p\u011bna na holen\u00ed pro citlivou poko\u017eku\"><img id=\"soliloquy-image-11232\" class=\"soliloquy-image soliloquy-image-6\" src=\"https:\/\/hyfac.fr\/wp-content\/uploads\/2018\/09\/Diapositive11-1-200x200_c.png\" alt=\"HYFAC Zklid\u0148uj\u00edc\u00ed p\u011bna na holen\u00ed pro citlivou poko\u017eku\" \/><\/a><div class=\"soliloquy-caption soliloquy-caption-bottom\"><div class=\"soliloquy-caption-inside\"><p>P\u011bna na holen\u00ed<\/p><br \/>\n<p style=\"font-size:13px\">Zklid\u0148uje pop\u00e1leniny od \u017eiletek<\/p><\/div><\/div><\/li><li aria-hidden=\"true\" class=\"soliloquy-item soliloquy-item-7 soliloquy-id-5632 soliloquy-image-slide\" draggable=\"false\" style=\"list-style:none;\"><a href=\"https:\/\/hyfac.fr\/cs\/nos-gammes\/hyfac-classique\/patchs-anti-imperfections\/\" class=\"soliloquy-link\" title=\"N\u00e1plast HYFAC proti pup\u00ednk\u016fm vysu\u0161uje pup\u00ednky\"><img id=\"soliloquy-image-5632\" class=\"soliloquy-image soliloquy-image-7\" src=\"https:\/\/hyfac.fr\/wp-content\/uploads\/2018\/09\/Diapositive13-200x200_c.jpeg\" alt=\"N\u00e1plast HYFAC proti pup\u00ednk\u016fm vysu\u0161uje pup\u00ednky\" \/><\/a><div class=\"soliloquy-caption soliloquy-caption-bottom\"><div class=\"soliloquy-caption-inside\"><p>N\u00e1plast proti nedokonalostem<\/p><br \/>\n<p style=\"font-size:13px\">Vysu\u0161uje a zmen\u0161uje pup\u00ednek<\/p><\/div><\/div><\/li><\/ul><\/div><noscript><style type=\"text\/css\" scoped>#soliloquy-container-5364{opacity:1}#soliloquy-container-5364 li > .soliloquy-caption{display:none}#soliloquy-container-5364 li:first-child > .soliloquy-caption{display:block}<\/style><div class=\"soliloquy-no-js\" style=\"display:none;visibility:hidden;height:0;line-height:0;opacity:0;\"><img class=\"soliloquy-image soliloquy-no-js-image\" src=\"https:\/\/hyfac.fr\/wp-content\/uploads\/2018\/09\/Diapositive01-1.jpeg\" alt=\"HYFAC \u010distic\u00ed gel na akn\u00e9\" \/><img class=\"soliloquy-image soliloquy-no-js-image\" src=\"https:\/\/hyfac.fr\/wp-content\/uploads\/2018\/09\/Diapositive03-1.jpeg\" alt=\"HYFAC Exfolia\u010dn\u00ed \u010distic\u00ed p\u011bna proti akn\u00e9\" \/><img class=\"soliloquy-image soliloquy-no-js-image\" src=\"https:\/\/hyfac.fr\/wp-content\/uploads\/2018\/09\/Diapositive05-1.jpeg\" alt=\"HYFAC \u010cist\u00edc\u00ed ty\u010dinka na akn\u00e9\" \/><img class=\"soliloquy-image soliloquy-no-js-image\" src=\"https:\/\/hyfac.fr\/wp-content\/uploads\/2018\/09\/Diapositive07-1.jpeg\" alt=\"HYFAC Global Anti-Imperfection P\u00e9\u010de proti akn\u00e9\" \/><img class=\"soliloquy-image soliloquy-no-js-image\" src=\"https:\/\/hyfac.fr\/wp-content\/uploads\/2018\/09\/Diapositive09-1.jpeg\" alt=\"HYFAC Zklid\u0148uj\u00edc\u00ed hydrata\u010dn\u00ed fluidn\u00ed emulze na akn\u00e9\" \/><img class=\"soliloquy-image soliloquy-no-js-image\" src=\"https:\/\/hyfac.fr\/wp-content\/uploads\/2018\/09\/Diapositive11-1.png\" alt=\"HYFAC Zklid\u0148uj\u00edc\u00ed p\u011bna na holen\u00ed pro citlivou poko\u017eku\" \/><img class=\"soliloquy-image soliloquy-no-js-image\" src=\"https:\/\/hyfac.fr\/wp-content\/uploads\/2018\/09\/Diapositive13.jpeg\" alt=\"N\u00e1plast HYFAC proti pup\u00ednk\u016fm vysu\u0161uje pup\u00ednky\" \/><\/div><\/noscript><\/div>\n<\/div>\n<div id=\"savoir-prd\">\n<div class=\"h2prd\">\n<h2><span style=\"color: #df6c2e;\">ZJISTIT V\u00cdCE<\/span><\/h2>\n<\/div>\n<div class=\"csRow\">\n<div class=\"csColumn\" style=\"margin: 0px; padding: 0px; float: left; width: 38.6%;\" data-csstartpoint=\"0\" data-csendpoint=\"370.5\" data-cswidth=\"38.6%\" data-csid=\"beb42ad8-6bfd-a029-8282-bd93ae120b4d\"><a href=\"https:\/\/hyfac.fr\/cs\/sos-dermato\/4329-acne-de-l-adolescent\/\" target=\"_blank\" rel=\"noopener\"><img loading=\"lazy\" class=\"aligncenter wp-image-4345 size-thumbnail\" src=\"https:\/\/hyfac.fr\/wp-content\/uploads\/2018\/03\/banniere_carree_site_hyfac_intro_themes5-250x250.jpg\" alt=\"Akn\u00e9 u dosp\u00edvaj\u00edc\u00edch\" width=\"250\" height=\"250\" srcset=\"https:\/\/hyfac.fr\/wp-content\/uploads\/2018\/03\/banniere_carree_site_hyfac_intro_themes5-250x250.jpg 250w, https:\/\/hyfac.fr\/wp-content\/uploads\/2018\/03\/banniere_carree_site_hyfac_intro_themes5-300x300.jpg 300w, https:\/\/hyfac.fr\/wp-content\/uploads\/2018\/03\/banniere_carree_site_hyfac_intro_themes5.jpg 543w\" sizes=\"(max-width: 250px) 100vw, 250px\" \/><\/a><\/div>\n<div class=\"csColumnGap\" style=\"margin: 0px; padding: 0px; float: left; width: 1.56%;\"><img style=\"border: none;\" src=\"https:\/\/hyfac.fr\/wp-content\/plugins\/advanced-wp-columns\/assets\/js\/plugins\/views\/img\/1x1-pixel.png\"><\/div>\n<div class=\"csColumn\" style=\"margin: 0px; padding: 0px; float: left; width: 59.8%;\" data-csstartpoint=\"385.5\" data-csendpoint=\"960\" data-cswidth=\"59.8%\" data-csid=\"56e6cac6-63f3-6945-9ddf-f20a5ec7912c\">HYFAC Global Care je ple\u0165ov\u00fd kr\u00e9m proti akn\u00e9, kter\u00fd je dokonale vhodn\u00fd pro ple\u0165 se sklonem k akn\u00e9. Jeho \u00fa\u010dinek \"4 v 1\" pom\u00e1h\u00e1 odstra\u0148ovat pup\u00ednky akn\u00e9 na obli\u010deji, uvol\u0148uje p\u00f3ry (p\u016fsob\u00ed proti \u010dern\u00fdm te\u010dk\u00e1m), hydratuje a reguluje vylu\u010dov\u00e1n\u00ed ko\u017en\u00edho mazu.<br \/>\nPirokton olamin p\u016fsob\u00ed na mikroorganismy, kter\u00e9 zp\u016fsobuj\u00ed akn\u00e9, a omezuje tak tvorbu z\u00e1n\u011btliv\u00fdch skvrn.<br \/>\nOvocn\u00e9 kyseliny (AHA) pou\u017eit\u00e9 v p\u0159\u00edpravku HYFAC global skin care se p\u0159irozen\u011b vyskytuj\u00ed v t\u0159tinov\u00e9m cukru (kyselina glykolov\u00e1) a jablk\u00e1ch (kyselina jable\u010dn\u00e1). P\u016fsob\u00ed postupn\u00fdm uvol\u0148ov\u00e1n\u00edm, aby uvolnily p\u00f3ry, ani\u017e by napadaly poko\u017eku, a umo\u017e\u0148uj\u00ed tak velkou toleranci.<br \/>\nHydrata\u010dn\u00ed \u00fa\u010dinky ovocn\u00fdch kyselin jsou v\u011bdecky uzn\u00e1van\u00e9. Zvy\u0161uje komfort pou\u017e\u00edv\u00e1n\u00ed tohoto kr\u00e9mu proti skvrn\u00e1m, stejn\u011b jako hydrata\u010dn\u00ed kr\u00e9m.<br \/>\nGlob\u00e1ln\u00ed p\u00e9\u010de HYFAC obsahuje matuj\u00edc\u00ed l\u00e1tky, kter\u00e9 absorbuj\u00ed p\u0159ebyte\u010dn\u00fd ko\u017en\u00ed maz.&nbsp;&nbsp;<\/p>\n<div id=\"savoirplus\"><a href=\"https:\/\/hyfac.fr\/cs\/sos-dermato\/4329-acne-de-l-adolescent\/\">Dal\u0161\u00ed informace o akn\u00e9 u dosp\u00edvaj\u00edc\u00edch<\/a><\/div>\n<\/div>\n<div style=\"clear: both; float: none; display: block; visibility: hidden; width: 0px; font-size: 0px; line-height: 0;\">&nbsp;<\/div>\n<\/div>\n<\/div>\n<div id=\"compo-prd\">\n<div class=\"h2prd\">\n<h2><span style=\"color: #df6c2e;\">SLO\u017dEN\u00cd <span style=\"font-size: 14pt;\">\/<\/span> SLO\u017dEN\u00cd<\/span><\/h2>\n<\/div>\n<p><span style=\"color: #cebfb6;\">INCI : AQUA (VODA), CETEARYL ETHYLHEXANO\u00c1T, DI C12-13 ALKYL MAL\u00c1T, KYSELINA GLYKOLOV\u00c1, CYKLOPENTASILOXAN, GLYCERIN, STEARETH-2, STEARETH-21, NYLON 12, CYKLOHEXASILOXAN, CETYLALKOHOL, POLYAKRYLAMID, HYDROXID SODN\u00dd, C13-14 ISOPARAFIN, DIAZOLIDINYLMO\u010cOVINA, DIMETIKONOL, PIROKTON OLAMIN, PARFUM (V\u016eN\u011a), LAURETH-7, XANTHANOV\u00c1 GUMA.<\/span><\/p>\n<\/div>","protected":false},"excerpt":{"rendered":"<p>Redukuje nedokonalosti a odstra\u0148uje ne\u010distoty.<\/p>","protected":false},"author":1,"featured_media":730,"parent":54,"menu_order":3,"comment_status":"closed","ping_status":"closed","template":"page\/page-template-newprdoriginal.php","meta":{"_mi_skip_tracking":false,"spay_email":""},"_links":{"self":[{"href":"https:\/\/hyfac.fr\/cs\/wp-json\/wp\/v2\/pages\/1419"}],"collection":[{"href":"https:\/\/hyfac.fr\/cs\/wp-json\/wp\/v2\/pages"}],"about":[{"href":"https:\/\/hyfac.fr\/cs\/wp-json\/wp\/v2\/types\/page"}],"author":[{"embeddable":true,"href":"https:\/\/hyfac.fr\/cs\/wp-json\/wp\/v2\/users\/1"}],"replies":[{"embeddable":true,"href":"https:\/\/hyfac.fr\/cs\/wp-json\/wp\/v2\/comments?post=1419"}],"version-history":[{"count":55,"href":"https:\/\/hyfac.fr\/cs\/wp-json\/wp\/v2\/pages\/1419\/revisions"}],"predecessor-version":[{"id":15022,"href":"https:\/\/hyfac.fr\/cs\/wp-json\/wp\/v2\/pages\/1419\/revisions\/15022"}],"up":[{"embeddable":true,"href":"https:\/\/hyfac.fr\/cs\/wp-json\/wp\/v2\/pages\/54"}],"wp:featuredmedia":[{"embeddable":true,"href":"https:\/\/hyfac.fr\/cs\/wp-json\/wp\/v2\/media\/730"}],"wp:attachment":[{"href":"https:\/\/hyfac.fr\/cs\/wp-json\/wp\/v2\/media?parent=1419"}],"curies":[{"name":"wp","href":"https:\/\/api.w.org\/{rel}","templated":true}]}}