{"id":1422,"date":"2016-05-25T23:45:09","date_gmt":"2016-05-25T21:45:09","guid":{"rendered":"http:\/\/hyfac.fr\/?page_id=1422"},"modified":"2025-10-06T11:58:50","modified_gmt":"2025-10-06T09:58:50","slug":"patchs-anti-imperfections","status":"publish","type":"page","link":"https:\/\/hyfac.fr\/cs\/nos-gammes\/hyfac-classique\/patchs-anti-imperfections\/","title":{"rendered":"N\u00e1plasti proti nedokonalostem"},"content":{"rendered":"<div style=\"width: 960px;\"><\/div>\n<div id=\"prd\">\n<div class=\"csRow\">\n<div class=\"csColumn\" style=\"margin: 0px; padding: 0px; float: left; width: 43%;\" data-csstartpoint=\"0\" data-csendpoint=\"430\" data-cswidth=\"43.0%\" data-csid=\"beb42ad8-6bfd-a029-8282-bd93ae120b4d\">\n<style type=\"text\/css\">#soliloquy-container-5306 .soliloquy-pager{bottom: -30px;}<\/style><div class=\"soliloquy-outer-container\" data-soliloquy-loaded=\"0\"><div aria-live=\"polite\" id=\"soliloquy-container-5306\" class=\"soliloquy-container soliloquy-transition-horizontal soliloquy-slide-horizontal soliloquy-controls-active slider-img-prd soliloquy-theme-base\" style=\"max-width:340px;max-height:538px;margin:0 auto 20px;max-width:100%;max-height:none;\"><ul id=\"soliloquy-5306\" class=\"soliloquy-slider soliloquy-slides soliloquy-wrap soliloquy-clear\"><li aria-hidden=\"true\" class=\"soliloquy-item soliloquy-item-1 soliloquy-id-15863 soliloquy-image-slide\" draggable=\"false\" style=\"list-style:none;\"><a href=\"https:\/\/hyfac.fr\/wp-content\/uploads\/2022\/02\/Unknown.jpeg\" class=\"soliloquy-link\" title=\"Unknown\" rel=\"soliloquybox5306\" data-thumbnail=\"https:\/\/hyfac.fr\/wp-content\/uploads\/2022\/02\/Unknown-75x75_c.jpeg\"><img id=\"soliloquy-image-15863\" class=\"soliloquy-image soliloquy-image-1\" src=\"https:\/\/hyfac.fr\/wp-content\/uploads\/2022\/02\/Unknown-340x538_c.jpeg\" alt=\"Unknown\" \/><\/a><\/li><\/ul><\/div><noscript><style type=\"text\/css\" scoped>#soliloquy-container-5306{opacity:1}#soliloquy-container-5306 li > .soliloquy-caption{display:none}#soliloquy-container-5306 li:first-child > .soliloquy-caption{display:block}<\/style><div class=\"soliloquy-no-js\" style=\"display:none;visibility:hidden;height:0;line-height:0;opacity:0;\"><img class=\"soliloquy-image soliloquy-no-js-image\" src=\"https:\/\/hyfac.fr\/wp-content\/uploads\/2022\/02\/Unknown.jpeg\" alt=\"Unknown\" \/><\/div><\/noscript><\/div>\n<\/div>\n<div class=\"csColumnGap\" style=\"margin: 0px; padding: 0px; float: left; width: 7.7%;\"><img style=\"border: none;\" src=\"https:\/\/hyfac.fr\/wp-content\/plugins\/advanced-wp-columns\/assets\/js\/plugins\/views\/img\/1x1-pixel.png\" \/><\/div>\n<div class=\"csColumn\" style=\"margin: 0px; padding: 0px; float: left; width: 49.3%;\" data-csstartpoint=\"507\" data-csendpoint=\"1000\" data-cswidth=\"49.3%\" data-csid=\"56e6cac6-63f3-6945-9ddf-f20a5ec7912c\">\n<h1><span style=\"color: #df6c2e; line-height: 35px;\">ANTIIMPERFEK\u010cN\u00cd N\u00c1PLASTI<\/span><\/h1>\n<p><span style=\"color: #df6c2e;\">\u0158ada HYFAC Original<\/span><br \/>\nKrabi\u010dka 30 n\u00e1plast\u00ed<\/p>\n<p><br \/>\nSolution d&#8217;urgence anti-bouton aux huiles essentielles pour ass\u00e9cher et diminuer le bouton inflammatoire. Invisible et sans odeur.<\/p>\n<ul id=\"ulprd\">\n<li><img class=\"logo-prd\" src=\"\/wp-content\/uploads\/2018\/09\/Urgence-anti-bouton.png\" alt=\"Nouzov\u00fd re\u017eim proti stisknut\u00ed tla\u010d\u00edtka\" width=\"50\" \/><br \/>\nANTI-BUTTON<\/li>\n<li><img class=\"logo-prd\" src=\"\/wp-content\/uploads\/2018\/09\/asseche.png\" alt=\"vysych\u00e1\" width=\"50\" \/><br \/>\nASSECHE<\/li>\n<li><img class=\"logo-prd\" src=\"\/wp-content\/uploads\/2018\/09\/Cicatriser.png\" alt=\"L\u00e9\u010den\u00ed\" width=\"50\" \/><br \/>\nCICATRISANT<\/li>\n<li><img class=\"logo-prd\" src=\"\/wp-content\/uploads\/2018\/09\/Invisible.png\" alt=\"Neviditeln\u00fd\" width=\"50\" \/><br \/>\nINVISIBLE<\/li>\n<\/ul>\n<ul id=\"ulprd-link\">\n<li><p class=\"product woocommerce add_to_cart_inline\" style=\"border:4px solid #ccc; padding: 12px;\"><span class=\"woocommerce-Price-amount amount\"><bdi>10,90&nbsp;<span class=\"woocommerce-Price-currencySymbol\">\u20ac<\/span><\/bdi><\/span><a href=\"?add-to-cart=14925\" data-quantity=\"1\" class=\"button product_type_simple add_to_cart_button ajax_add_to_cart\" data-product_id=\"14925\" data-product_sku=\"\" aria-label=\"P\u0159idat \u201eClassic - Patchs anti-Imperfections\u201c do ko\u0161\u00edku\" rel=\"nofollow\" data-no-translation=\"\" data-trp-gettext=\"\" data-no-translation-aria-label=\"\">P\u0159idat do ko\u0161\u00edku<\/a><\/p><\/li>\n<li><\/li>\n<li><a href=\"https:\/\/hyfac.fr\/cs\/pres-de-chez-vous\/\"><img class=\"img2\" src=\"\/wp-content\/uploads\/2018\/06\/logo-map-e1530138886120.png\" alt=\"loc\" \/>Vyhled\u00e1n\u00ed prodejn\u00edho m\u00edsta<\/a><\/li>\n<\/ul>\n<ul id=\"ulprd-link\">\n<li class=\"infotri\"><span class=\"spantri\">Objevte na\u0161e pokyny k t\u0159\u00edd\u011bn\u00ed<\/span><br \/>\n<img class=\"imgtri\" src=\"https:\/\/hyfac.fr\/wp-content\/uploads\/2020\/12\/HYFAC-ORIGINAL-Patchs.png\" \/><\/li>\n<\/ul>\n<\/div>\n<div style=\"clear: both; float: none; display: block; visibility: hidden; width: 0px; font-size: 0px; line-height: 0;\"><\/div>\n<\/div>\n<\/div>\n<div id=\"descript-prd\">N\u00e1plast HYFAC proti pup\u00ednk\u016fm vysu\u0161uje, zklid\u0148uje a redukuje z\u00e1n\u011btliv\u00e9 pup\u00ednky. Tento <strong>n\u00e1plast<\/strong> umo\u017e\u0148uje urychlit proces hojen\u00ed \u010derven\u00e9ho nebo b\u00edl\u00e9ho pup\u00ednku, aby rychle zmizel. Neviditeln\u00e9 a <strong>diskr\u00e9tn\u00ed<\/strong>N\u00e1plast p\u016fsob\u00ed lok\u00e1ln\u011b d\u00edky <strong>esenci\u00e1ln\u00ed oleje<\/strong> obsahuje. Pr\u016fhledn\u00e9 tablety p\u016fsob\u00ed mezi <strong>8 a 10 hodin<\/strong>. N\u00e1plast lze proto nechat na skvrn\u011b p\u0159es noc a odstranit ji.<\/div>\n<div id=\"menu-prdnew\">\n<ul>\n<li><a id=\"lienmenuconseil\" href=\"#prd\">POU\u017dIT\u00cd RADY<\/a><\/li>\n<li><a id=\"lienmenuactifs\" href=\"#conseil-prd\">AKTIVA<\/a><\/li>\n<li><a id=\"lienmenucmplt\" href=\"#actifs-prd\">DOPL\u0147KOV\u00c9 PRODUKTY<\/a><\/li>\n<li><a id=\"lienmenusavoir\" href=\"#cmplt-prd\">ZJISTIT V\u00cdCE<\/a><\/li>\n<li><a id=\"lienmenucompo\" href=\"#savoir-prd\">SLO\u017dEN\u00cd<\/a><\/li>\n<\/ul>\n<\/div>\n<div id=\"conseil-prd\">\n<div class=\"csRow\">\n<div class=\"csColumn\" style=\"margin: 0px; padding: 0px; float: left; width: 70.8%;\" data-csstartpoint=\"0\" data-csendpoint=\"680\" data-cswidth=\"70.8%\" data-csid=\"7ce9a14c-d45b-a3f2-987b-63fd249cc312\">\n<p><span style=\"color: #df6c2e;\">JAK POU\u017d\u00cdVAT N\u00c1PLASTI HYFAC PROTI IMPERFEKCI?<\/span><\/p>\n<p>Ve\u010der p\u0159ilo\u017ete n\u00e1plast p\u0159\u00edmo na lokalizovan\u00fd pup\u00ednek, kter\u00fd jste p\u0159edt\u00edm vy\u010distili pomoc\u00ed <a href=\"https:\/\/hyfac.fr\/cs\/nos-gammes\/hyfac-classique\/gel-nettoyant-purifiant\/\">\u010cistic\u00ed \u010distic\u00ed gel HYFAC<\/a> a vysu\u0161en\u00e9. N\u00e1plast nechte p\u016fsobit celou noc a po probuzen\u00ed ji odstra\u0148te. V p\u0159\u00edpad\u011b pot\u0159eby aplikaci zopakujte n\u00e1sleduj\u00edc\u00ed noc.<\/p>\n<p>Tablety na jedno pou\u017eit\u00ed. Pro dosa\u017een\u00ed nejlep\u0161\u00edch v\u00fdsledk\u016f nechte p\u016fsobit 8 a\u017e 10 hodin.<\/p>\n<\/div>\n<div class=\"csColumnGap\" style=\"margin: 0px; padding: 0px; float: left; width: 1.56%;\"><img style=\"border: none;\" src=\"https:\/\/hyfac.fr\/wp-content\/plugins\/advanced-wp-columns\/assets\/js\/plugins\/views\/img\/1x1-pixel.png\" \/><\/div>\n<div class=\"csColumn\" style=\"margin: 0px; padding: 0px; float: left; width: 27.6%;\" data-csstartpoint=\"695\" data-csendpoint=\"960\" data-cswidth=\"27.6%\" data-csid=\"2de6301b-fc0e-6c4c-b16e-671973f34d15\">\n<p><img loading=\"lazy\" class=\"aligncenter wp-image-5140\" src=\"https:\/\/hyfac.fr\/wp-content\/uploads\/2018\/07\/conseil-250x250.png\" alt=\"\" width=\"180\" height=\"181\" srcset=\"https:\/\/hyfac.fr\/wp-content\/uploads\/2018\/07\/conseil-250x250.png 250w, https:\/\/hyfac.fr\/wp-content\/uploads\/2018\/07\/conseil-298x300.png 298w, https:\/\/hyfac.fr\/wp-content\/uploads\/2018\/07\/conseil.png 308w\" sizes=\"(max-width: 180px) 100vw, 180px\" \/><\/p>\n<\/div>\n<div style=\"clear: both; float: none; display: block; visibility: hidden; width: 0px; font-size: 0px; line-height: 0;\"><\/div>\n<\/div>\n<\/div>\n<div id=\"actifs-prd\">\n<div class=\"h2prd\">\n<h2><span style=\"color: #df6c2e;\">KL\u00cd\u010cOV\u00c1 AKTIVA<\/span><\/h2>\n<\/div>\n<p><span style=\"color: #df6c2e;\">Esenci\u00e1ln\u00ed oleje: antimikrobi\u00e1ln\u00ed a konzerva\u010dn\u00ed l\u00e1tky<\/span><br \/>\nLe patch anti-imperfections contient de nombreuses huiles essentielles reconnues pour leurs propri\u00e9t\u00e9s antibact\u00e9riennes. Tea tree, lavande, romarin ou menthe poivr\u00e9e, ces huiles essentielles ass\u00e8chent et neutralisent l&#8217;inflammation pour faire dispara\u00eetre rapidement les boutons inflammatoires.<\/p>\n<\/div>\n<div id=\"cmplt-prd\">\n<div class=\"h2prd\">\n<h2><span style=\"color: #df6c2e;\">DOPL\u0147KOV\u00c9 PRODUKTY<\/span><\/h2>\n<\/div>\n<style type=\"text\/css\">#soliloquy-container-5364 .soliloquy-prev{left: -60px;background-color:#df6c2e;}#soliloquy-container-5364 .soliloquy-next{right: -60px;background-color:#df6c2e;}#soliloquy-container-5364 .soliloquy-image{background: #f3f3f3;border: 1px solid #ddd;padding:3px;}#soliloquy-container-5364 .soliloquy-viewport{height: 260px !important;}#soliloquy-container-5364 .soliloquy-caption-bottom{position: relative;}#soliloquy-container-5364 .soliloquy-caption-inside{color:#CEBFB6; text-shadow:none;background:none;}@media only screen and (max-width: 1000px){#soliloquy-container-5364 .soliloquy-prev{left: 0px;}#soliloquy-container-5364 .soliloquy-next{right: 0px;}#soliloquy-container-5364 .soliloquy-viewport{height: 200px;}}<\/style><div class=\"soliloquy-outer-container soliloquy-carousel\" data-soliloquy-loaded=\"0\"><div aria-live=\"polite\" id=\"soliloquy-container-5364\" class=\"soliloquy-container soliloquy-transition-horizontal soliloquy-slide-horizontal soliloquy-arrows-active Produits-complmentaires-Hyfac soliloquy-theme-base\" style=\"max-width:960px;max-height:300px;margin:0 auto 20px;\"><ul id=\"soliloquy-5364\" class=\"soliloquy-slider soliloquy-slides soliloquy-wrap soliloquy-clear\"><li aria-hidden=\"true\" class=\"soliloquy-item soliloquy-item-1 soliloquy-id-5625 soliloquy-image-slide\" draggable=\"false\" style=\"list-style:none;\"><a href=\"https:\/\/hyfac.fr\/cs\/nos-gammes\/hyfac-classique\/gel-nettoyant-purifiant\/\" class=\"soliloquy-link\" title=\"HYFAC \u010distic\u00ed gel na akn\u00e9\"><img id=\"soliloquy-image-5625\" class=\"soliloquy-image soliloquy-image-1\" src=\"https:\/\/hyfac.fr\/wp-content\/uploads\/2018\/09\/Diapositive01-1-200x200_c.jpeg\" alt=\"HYFAC \u010distic\u00ed gel na akn\u00e9\" \/><\/a><div class=\"soliloquy-caption soliloquy-caption-bottom\"><div class=\"soliloquy-caption-inside\"><p>\u010cistic\u00ed \u010distic\u00ed gel<\/p><br \/>\n<p style=\"font-size:13px\">\u010cist\u00ed a pro\u010dist\u00ed<\/p><\/div><\/div><\/li><li aria-hidden=\"true\" class=\"soliloquy-item soliloquy-item-2 soliloquy-id-5626 soliloquy-image-slide\" draggable=\"false\" style=\"list-style:none;\"><a href=\"https:\/\/hyfac.fr\/cs\/nos-gammes\/hyfac-classique\/mousse-nettoyante-exfoliante\/\" class=\"soliloquy-link\" title=\"HYFAC Exfolia\u010dn\u00ed \u010distic\u00ed p\u011bna proti akn\u00e9\"><img id=\"soliloquy-image-5626\" class=\"soliloquy-image soliloquy-image-2\" src=\"https:\/\/hyfac.fr\/wp-content\/uploads\/2018\/09\/Diapositive03-1-200x200_c.jpeg\" alt=\"HYFAC Exfolia\u010dn\u00ed \u010distic\u00ed p\u011bna proti akn\u00e9\" \/><\/a><div class=\"soliloquy-caption soliloquy-caption-bottom\"><div class=\"soliloquy-caption-inside\"><p>Exfolia\u010dn\u00ed \u010distic\u00ed p\u011bna<\/p><br \/>\n<p style=\"font-size:13px\">\u010cist\u00ed a odstra\u0148uje ne\u010distoty<\/p><\/div><\/div><\/li><li aria-hidden=\"true\" class=\"soliloquy-item soliloquy-item-3 soliloquy-id-5627 soliloquy-image-slide\" draggable=\"false\" style=\"list-style:none;\"><a href=\"https:\/\/hyfac.fr\/cs\/nos-gammes\/hyfac-classique\/pain-nettoyant-purifiant\/\" class=\"soliloquy-link\" title=\"HYFAC \u010cist\u00edc\u00ed ty\u010dinka na akn\u00e9\"><img id=\"soliloquy-image-5627\" class=\"soliloquy-image soliloquy-image-3\" src=\"https:\/\/hyfac.fr\/wp-content\/uploads\/2018\/09\/Diapositive05-1-200x200_c.jpeg\" alt=\"HYFAC \u010cist\u00edc\u00ed ty\u010dinka na akn\u00e9\" \/><\/a><div class=\"soliloquy-caption soliloquy-caption-bottom\"><div class=\"soliloquy-caption-inside\"><p>\u010cistic\u00ed \u010distic\u00ed ty\u010dinka<\/p><br \/>\n<p style=\"font-size:13px\">\u010cist\u00ed a pro\u010dist\u00ed<\/p><\/div><\/div><\/li><li aria-hidden=\"true\" class=\"soliloquy-item soliloquy-item-4 soliloquy-id-5628 soliloquy-image-slide\" draggable=\"false\" style=\"list-style:none;\"><a href=\"https:\/\/hyfac.fr\/cs\/nos-gammes\/hyfac-classique\/soin-global\/\" class=\"soliloquy-link\" title=\"HYFAC Global Anti-Imperfection P\u00e9\u010de proti akn\u00e9\"><img id=\"soliloquy-image-5628\" class=\"soliloquy-image soliloquy-image-4\" src=\"https:\/\/hyfac.fr\/wp-content\/uploads\/2018\/09\/Diapositive07-1-200x200_c.jpeg\" alt=\"HYFAC Global Anti-Imperfection P\u00e9\u010de proti akn\u00e9\" \/><\/a><div class=\"soliloquy-caption soliloquy-caption-bottom\"><div class=\"soliloquy-caption-inside\"><p>Glob\u00e1ln\u00ed p\u00e9\u010de<\/p><br \/>\n<p style=\"font-size:13px\">Redukuje skvrny a hydratuje<\/p><\/div><\/div><\/li><li aria-hidden=\"true\" class=\"soliloquy-item soliloquy-item-5 soliloquy-id-5629 soliloquy-image-slide\" draggable=\"false\" style=\"list-style:none;\"><a href=\"https:\/\/hyfac.fr\/cs\/nos-gammes\/hyfac-classique\/emulsion-fluide\/\" class=\"soliloquy-link\" title=\"HYFAC Zklid\u0148uj\u00edc\u00ed hydrata\u010dn\u00ed fluidn\u00ed emulze na akn\u00e9\"><img id=\"soliloquy-image-5629\" class=\"soliloquy-image soliloquy-image-5\" src=\"https:\/\/hyfac.fr\/wp-content\/uploads\/2018\/09\/Diapositive09-1-200x200_c.jpeg\" alt=\"HYFAC Zklid\u0148uj\u00edc\u00ed hydrata\u010dn\u00ed fluidn\u00ed emulze na akn\u00e9\" \/><\/a><div class=\"soliloquy-caption soliloquy-caption-bottom\"><div class=\"soliloquy-caption-inside\"><p>Tekut\u00e1 emulze<\/p><br \/>\n<p style=\"font-size:13px\">Hydratuje a zmat\u0148uje<\/p><\/div><\/div><\/li><li aria-hidden=\"true\" class=\"soliloquy-item soliloquy-item-6 soliloquy-id-11232 soliloquy-image-slide\" draggable=\"false\" style=\"list-style:none;\"><a href=\"https:\/\/hyfac.fr\/cs\/nos-gammes\/hyfac-classique\/mousse-a-raser\/\" class=\"soliloquy-link\" title=\"HYFAC Zklid\u0148uj\u00edc\u00ed p\u011bna na holen\u00ed pro citlivou poko\u017eku\"><img id=\"soliloquy-image-11232\" class=\"soliloquy-image soliloquy-image-6\" src=\"https:\/\/hyfac.fr\/wp-content\/uploads\/2018\/09\/Diapositive11-1-200x200_c.png\" alt=\"HYFAC Zklid\u0148uj\u00edc\u00ed p\u011bna na holen\u00ed pro citlivou poko\u017eku\" \/><\/a><div class=\"soliloquy-caption soliloquy-caption-bottom\"><div class=\"soliloquy-caption-inside\"><p>P\u011bna na holen\u00ed<\/p><br \/>\n<p style=\"font-size:13px\">Zklid\u0148uje pop\u00e1leniny od \u017eiletek<\/p><\/div><\/div><\/li><li aria-hidden=\"true\" class=\"soliloquy-item soliloquy-item-7 soliloquy-id-5632 soliloquy-image-slide\" draggable=\"false\" style=\"list-style:none;\"><a href=\"https:\/\/hyfac.fr\/cs\/nos-gammes\/hyfac-classique\/patchs-anti-imperfections\/\" class=\"soliloquy-link\" title=\"N\u00e1plast HYFAC proti pup\u00ednk\u016fm vysu\u0161uje pup\u00ednky\"><img id=\"soliloquy-image-5632\" class=\"soliloquy-image soliloquy-image-7\" src=\"https:\/\/hyfac.fr\/wp-content\/uploads\/2018\/09\/Diapositive13-200x200_c.jpeg\" alt=\"N\u00e1plast HYFAC proti pup\u00ednk\u016fm vysu\u0161uje pup\u00ednky\" \/><\/a><div class=\"soliloquy-caption soliloquy-caption-bottom\"><div class=\"soliloquy-caption-inside\"><p>N\u00e1plast proti nedokonalostem<\/p><br \/>\n<p style=\"font-size:13px\">Vysu\u0161uje a zmen\u0161uje pup\u00ednek<\/p><\/div><\/div><\/li><\/ul><\/div><noscript><style type=\"text\/css\" scoped>#soliloquy-container-5364{opacity:1}#soliloquy-container-5364 li > .soliloquy-caption{display:none}#soliloquy-container-5364 li:first-child > .soliloquy-caption{display:block}<\/style><div class=\"soliloquy-no-js\" style=\"display:none;visibility:hidden;height:0;line-height:0;opacity:0;\"><img class=\"soliloquy-image soliloquy-no-js-image\" src=\"https:\/\/hyfac.fr\/wp-content\/uploads\/2018\/09\/Diapositive01-1.jpeg\" alt=\"HYFAC \u010distic\u00ed gel na akn\u00e9\" \/><img class=\"soliloquy-image soliloquy-no-js-image\" src=\"https:\/\/hyfac.fr\/wp-content\/uploads\/2018\/09\/Diapositive03-1.jpeg\" alt=\"HYFAC Exfolia\u010dn\u00ed \u010distic\u00ed p\u011bna proti akn\u00e9\" \/><img class=\"soliloquy-image soliloquy-no-js-image\" src=\"https:\/\/hyfac.fr\/wp-content\/uploads\/2018\/09\/Diapositive05-1.jpeg\" alt=\"HYFAC \u010cist\u00edc\u00ed ty\u010dinka na akn\u00e9\" \/><img class=\"soliloquy-image soliloquy-no-js-image\" src=\"https:\/\/hyfac.fr\/wp-content\/uploads\/2018\/09\/Diapositive07-1.jpeg\" alt=\"HYFAC Global Anti-Imperfection P\u00e9\u010de proti akn\u00e9\" \/><img class=\"soliloquy-image soliloquy-no-js-image\" src=\"https:\/\/hyfac.fr\/wp-content\/uploads\/2018\/09\/Diapositive09-1.jpeg\" alt=\"HYFAC Zklid\u0148uj\u00edc\u00ed hydrata\u010dn\u00ed fluidn\u00ed emulze na akn\u00e9\" \/><img class=\"soliloquy-image soliloquy-no-js-image\" src=\"https:\/\/hyfac.fr\/wp-content\/uploads\/2018\/09\/Diapositive11-1.png\" alt=\"HYFAC Zklid\u0148uj\u00edc\u00ed p\u011bna na holen\u00ed pro citlivou poko\u017eku\" \/><img class=\"soliloquy-image soliloquy-no-js-image\" src=\"https:\/\/hyfac.fr\/wp-content\/uploads\/2018\/09\/Diapositive13.jpeg\" alt=\"N\u00e1plast HYFAC proti pup\u00ednk\u016fm vysu\u0161uje pup\u00ednky\" \/><\/div><\/noscript><\/div>\n<\/div>\n<div id=\"savoir-prd\">\n<div class=\"h2prd\">\n<h2><span style=\"color: #df6c2e;\">ZJISTIT V\u00cdCE<\/span><\/h2>\n<\/div>\n<div class=\"csRow\">\n<div class=\"csColumn\" style=\"margin: 0px; padding: 0px; float: left; width: 38.6%;\" data-csstartpoint=\"0\" data-csendpoint=\"370.5\" data-cswidth=\"38.6%\" data-csid=\"beb42ad8-6bfd-a029-8282-bd93ae120b4d\"><a href=\"https:\/\/hyfac.fr\/cs\/sos-dermato\/4329-acne-de-l-adolescent\/\" target=\"_blank\" rel=\"noopener\"><img loading=\"lazy\" class=\"aligncenter wp-image-4345 size-thumbnail\" src=\"https:\/\/hyfac.fr\/wp-content\/uploads\/2018\/03\/banniere_carree_site_hyfac_intro_themes5-250x250.jpg\" alt=\"Akn\u00e9 u dosp\u00edvaj\u00edc\u00edch\" width=\"250\" height=\"250\" srcset=\"https:\/\/hyfac.fr\/wp-content\/uploads\/2018\/03\/banniere_carree_site_hyfac_intro_themes5-250x250.jpg 250w, https:\/\/hyfac.fr\/wp-content\/uploads\/2018\/03\/banniere_carree_site_hyfac_intro_themes5-300x300.jpg 300w, https:\/\/hyfac.fr\/wp-content\/uploads\/2018\/03\/banniere_carree_site_hyfac_intro_themes5.jpg 543w\" sizes=\"(max-width: 250px) 100vw, 250px\" \/><\/a><\/div>\n<div class=\"csColumnGap\" style=\"margin: 0px; padding: 0px; float: left; width: 1.56%;\"><img style=\"border: none;\" src=\"https:\/\/hyfac.fr\/wp-content\/plugins\/advanced-wp-columns\/assets\/js\/plugins\/views\/img\/1x1-pixel.png\" \/><\/div>\n<div class=\"csColumn\" style=\"margin: 0px; padding: 0px; float: left; width: 59.8%;\" data-csstartpoint=\"385.5\" data-csendpoint=\"960\" data-cswidth=\"59.8%\" data-csid=\"56e6cac6-63f3-6945-9ddf-f20a5ec7912c\">Un gros bouton rouge appara\u00eet la veille d\u2019un \u00e9v\u00e9nement ou d&#8217;une r\u00e9union importante ? Comment s\u2019en d\u00e9barasser en urgence ?<br \/>\nNepropichujte b\u00edl\u00fd pup\u00ednek na obli\u010deji! To by situaci v\u00fdrazn\u011b zhor\u0161ilo a vedlo by k vytvo\u0159en\u00ed krusty, kter\u00e1 by byla je\u0161t\u011b viditeln\u011bj\u0161\u00ed ne\u017e samotn\u00fd pup\u00ednek. Krom\u011b t\u00e9to nevzhledn\u00e9 krusty hroz\u00ed, \u017ee po prop\u00edchnut\u00ed pup\u00ednku z\u016fstane jizva, kter\u00e1 se p\u0159id\u00e1 k jizv\u00e1m, je\u017e m\u016f\u017ee zanechat akn\u00e9.<br \/>\nN\u00e1plast HYFAC proti pup\u00ednk\u016fm obohacen\u00e1 o antiseptick\u00e9 esenci\u00e1ln\u00ed oleje urychluje proces hojen\u00ed pup\u00ednk\u016f. N\u00e1plast proti pup\u00ednk\u016fm je nouzov\u00e9 vysu\u0161uj\u00edc\u00ed \u0159e\u0161en\u00ed, kter\u00e9 tak\u00e9 pom\u00e1h\u00e1 zabr\u00e1nit zhor\u0161ov\u00e1n\u00ed pup\u00ednk\u016f a jizev \u0161kr\u00e1b\u00e1n\u00edm nebo t\u0159en\u00edm posti\u017een\u00e9 oblasti.<\/p>\n<div id=\"savoirplus\"><a href=\"https:\/\/hyfac.fr\/cs\/sos-dermato\/4329-acne-de-l-adolescent\/\">Dal\u0161\u00ed informace o akn\u00e9 u dosp\u00edvaj\u00edc\u00edch<\/a><\/div>\n<\/div>\n<div style=\"clear: both; float: none; display: block; visibility: hidden; width: 0px; font-size: 0px; line-height: 0;\"><\/div>\n<\/div>\n<\/div>\n<div id=\"compo-prd\">\n<div class=\"h2prd\">\n<h2><span style=\"color: #df6c2e;\">SLO\u017dEN\u00cd <span style=\"font-size: 14pt;\">\/<\/span> SLO\u017dEN\u00cd<\/span><\/h2>\n<\/div>\n<p><span style=\"color: #cebfb6;\">INCI : STYRENE\/ISOPRENE COPOLYMER, HYDROGENATED POLY (C6-20 OLEFIN), CELLULOSE GUM, POLYISOBUTENE, SALICYLIC ACID MELALEUCA ALTERNIFOLIA (TEA TREE) LEAF OIL, ASIATICOSIDE, MADECASSIC ACID.<\/span><\/p>\n<\/div>","protected":false},"excerpt":{"rendered":"<p>Vysu\u0161uje a redukuje z\u00e1n\u011btliv\u00fd pup\u00ednek<\/p>","protected":false},"author":1,"featured_media":15863,"parent":54,"menu_order":5,"comment_status":"closed","ping_status":"closed","template":"page\/page-template-newprdoriginal.php","meta":{"_mi_skip_tracking":false,"spay_email":""},"_links":{"self":[{"href":"https:\/\/hyfac.fr\/cs\/wp-json\/wp\/v2\/pages\/1422"}],"collection":[{"href":"https:\/\/hyfac.fr\/cs\/wp-json\/wp\/v2\/pages"}],"about":[{"href":"https:\/\/hyfac.fr\/cs\/wp-json\/wp\/v2\/types\/page"}],"author":[{"embeddable":true,"href":"https:\/\/hyfac.fr\/cs\/wp-json\/wp\/v2\/users\/1"}],"replies":[{"embeddable":true,"href":"https:\/\/hyfac.fr\/cs\/wp-json\/wp\/v2\/comments?post=1422"}],"version-history":[{"count":43,"href":"https:\/\/hyfac.fr\/cs\/wp-json\/wp\/v2\/pages\/1422\/revisions"}],"predecessor-version":[{"id":15870,"href":"https:\/\/hyfac.fr\/cs\/wp-json\/wp\/v2\/pages\/1422\/revisions\/15870"}],"up":[{"embeddable":true,"href":"https:\/\/hyfac.fr\/cs\/wp-json\/wp\/v2\/pages\/54"}],"wp:featuredmedia":[{"embeddable":true,"href":"https:\/\/hyfac.fr\/cs\/wp-json\/wp\/v2\/media\/15863"}],"wp:attachment":[{"href":"https:\/\/hyfac.fr\/cs\/wp-json\/wp\/v2\/media?parent=1422"}],"curies":[{"name":"wp","href":"https:\/\/api.w.org\/{rel}","templated":true}]}}