{"id":1432,"date":"2016-05-26T00:51:32","date_gmt":"2016-05-25T22:51:32","guid":{"rendered":"http:\/\/hyfac.fr\/?page_id=1432"},"modified":"2022-02-10T02:01:19","modified_gmt":"2022-02-10T01:01:19","slug":"soin-global","status":"publish","type":"page","link":"https:\/\/hyfac.fr\/cs\/nos-gammes\/hyfac-woman\/soin-global\/","title":{"rendered":"Glob\u00e1ln\u00ed p\u00e9\u010de"},"content":{"rendered":"<p>&nbsp;<\/p>\n<div style=\"width: 960px;\">&nbsp;<\/div>\n<div id=\"prd\">\n<div class=\"csRow\">\n<div class=\"csColumn\" style=\"margin: 0px; padding: 0px; float: left; width: 43%;\" data-csstartpoint=\"0\" data-csendpoint=\"430\" data-cswidth=\"43.0%\" data-csid=\"beb42ad8-6bfd-a029-8282-bd93ae120b4d\">\n<style type=\"text\/css\">#soliloquy-container-5299 .soliloquy-pager{bottom: -30px;}<\/style><div class=\"soliloquy-outer-container\" data-soliloquy-loaded=\"0\"><div aria-live=\"polite\" id=\"soliloquy-container-5299\" class=\"soliloquy-container soliloquy-transition-horizontal soliloquy-slide-horizontal soliloquy-controls-active slider-img-prd soliloquy-theme-base\" style=\"max-width:340px;max-height:538px;margin:0 auto 20px;max-width:100%;max-height:none;\"><ul id=\"soliloquy-5299\" class=\"soliloquy-slider soliloquy-slides soliloquy-wrap soliloquy-clear\"><li aria-hidden=\"true\" class=\"soliloquy-item soliloquy-item-1 soliloquy-id-5570 soliloquy-image-slide\" draggable=\"false\" style=\"list-style:none;\"><img id=\"soliloquy-image-5570\" class=\"soliloquy-image soliloquy-image-1\" src=\"https:\/\/hyfac.fr\/wp-content\/uploads\/2018\/09\/Diapositive15-340x538_c.jpeg\" alt=\"HYFAC WOMAN l\u00e9\u010dba akn\u00e9 pro \u017eeny\" \/><\/li><li aria-hidden=\"true\" class=\"soliloquy-item soliloquy-item-2 soliloquy-id-5571 soliloquy-image-slide\" draggable=\"false\" style=\"list-style:none;\"><img id=\"soliloquy-image-5571\" class=\"soliloquy-image soliloquy-image-2 soliloquy-preload\" src=\"https:\/\/hyfac.fr\/wp-content\/plugins\/soliloquy\/assets\/css\/images\/holder.gif\" data-soliloquy-src=\"https:\/\/hyfac.fr\/wp-content\/uploads\/2018\/09\/Diapositive16-340x538_c.jpeg\" alt=\"HYFAC WOMAN l\u00e9\u010dba akn\u00e9 pro \u017eeny\" \/><\/li><\/ul><\/div><noscript><style type=\"text\/css\" scoped>#soliloquy-container-5299{opacity:1}#soliloquy-container-5299 li > .soliloquy-caption{display:none}#soliloquy-container-5299 li:first-child > .soliloquy-caption{display:block}<\/style><div class=\"soliloquy-no-js\" style=\"display:none;visibility:hidden;height:0;line-height:0;opacity:0;\"><img class=\"soliloquy-image soliloquy-no-js-image\" src=\"https:\/\/hyfac.fr\/wp-content\/uploads\/2018\/09\/Diapositive15.jpeg\" alt=\"HYFAC WOMAN l\u00e9\u010dba akn\u00e9 pro \u017eeny\" \/><img class=\"soliloquy-image soliloquy-no-js-image\" src=\"https:\/\/hyfac.fr\/wp-content\/uploads\/2018\/09\/Diapositive16.jpeg\" alt=\"HYFAC WOMAN l\u00e9\u010dba akn\u00e9 pro \u017eeny\" \/><\/div><\/noscript><\/div>\n<\/div>\n<div class=\"csColumnGap\" style=\"margin: 0px; padding: 0px; float: left; width: 7.7%;\"><img style=\"border: none;\" src=\"https:\/\/hyfac.fr\/wp-content\/plugins\/advanced-wp-columns\/assets\/js\/plugins\/views\/img\/1x1-pixel.png\"><\/div>\n<div class=\"csColumn\" style=\"margin: 0px; padding: 0px; float: left; width: 49.3%;\" data-csstartpoint=\"507\" data-csendpoint=\"1000\" data-cswidth=\"49.3%\" data-csid=\"56e6cac6-63f3-6945-9ddf-f20a5ec7912c\">\n<h1><span style=\"color: #d0006d; line-height: 35px;\">GLOB\u00c1LN\u00cd P\u00c9\u010cE<\/span><\/h1>\n<p><span style=\"color: #d0006d;\">\u0158ada HYFAC Woman<\/span><br \/>\n40ml tuba<\/p>\n<p><br \/>\nP\u00e9\u010de 4 v 1 pro ple\u0165 s nedokonalostmi. Bojuje proti z\u00e1n\u011btliv\u00fdm pup\u00ednk\u016fm a \u010dern\u00fdm te\u010dk\u00e1m, zmat\u0148uje a hydratuje.<\/p>\n<ul id=\"ulprd\">\n<li><img class=\"logo-prd\" src=\"\/wp-content\/uploads\/2018\/09\/ANTI_BOUTONS_WOMAN.png\" alt=\"ANTI_BUTTONS_WOMAN\" width=\"50\"><br \/>\nANTI-BUTTER<\/li>\n<li><img class=\"logo-prd\" src=\"\/wp-content\/uploads\/2018\/09\/Desincruste.png\" alt=\"Nezahrnuje\" width=\"50\"><br \/>\nDESINCRUSTE<\/li>\n<li><img class=\"logo-prd\" src=\"\/wp-content\/uploads\/2018\/09\/Matifie.png\" alt=\"Matifikuje\" width=\"50\"><br \/>\nMATIFY<\/li>\n<li><img class=\"logo-prd\" src=\"\/wp-content\/uploads\/2018\/09\/Hydrate.png\" alt=\"Zvlh\u010duje\" width=\"50\"><br \/>\nHYDRATE<\/li>\n<\/ul>\n<ul id=\"ulprd-link\">\n<li><p class=\"product woocommerce add_to_cart_inline\" style=\"border:4px solid #ccc; padding: 12px;\"><span class=\"woocommerce-Price-amount amount\"><bdi>11,90&nbsp;<span class=\"woocommerce-Price-currencySymbol\">\u20ac<\/span><\/bdi><\/span><a href=\"https:\/\/hyfac.fr\/cs\/produkt\/woman-soin-global\/\" data-quantity=\"1\" class=\"button product_type_simple\" data-product_id=\"14929\" data-product_sku=\"\" aria-label=\"Zjistit v\u00edce o \u201eWoman - Soin Global\u201c\" rel=\"nofollow\" data-no-translation=\"\" data-trp-gettext=\"\" data-no-translation-aria-label=\"\">\u010ct\u011bte v\u00edce<\/a><\/p><\/li>\n<li>&nbsp;<\/li>\n<li><a href=\"https:\/\/hyfac.fr\/cs\/pres-de-chez-vous\/\"><img class=\"img2\" src=\"\/wp-content\/uploads\/2018\/06\/logo-map-e1530138886120.png\" alt=\"loc\">Vyhled\u00e1n\u00ed prodejn\u00edho m\u00edsta<\/a><\/li>\n<\/ul>\n<ul id=\"ulprd-link\">\n<li class=\"infotri\"><span class=\"spantri\">Objevte na\u0161e pokyny k t\u0159\u00edd\u011bn\u00ed<\/span><br \/>\n<img class=\"imgtri\" src=\"https:\/\/hyfac.fr\/wp-content\/uploads\/2020\/12\/Infotri-flacon-et-etui.png\"><\/li>\n<\/ul>\n<\/div>\n<div style=\"clear: both; float: none; display: block; visibility: hidden; width: 0px; font-size: 0px; line-height: 0;\">&nbsp;<\/div>\n<\/div>\n<\/div>\n<div id=\"descript-prd\">Kompletn\u00ed p\u00e9\u010de o obli\u010dej pro \u017eeny se skvrnami na pleti. Jeho slo\u017een\u00ed na b\u00e1zi antibakteri\u00e1ln\u00edho piroktonu olaminu umo\u017e\u0148uje <strong>omezit tvorbu z\u00e1n\u011btliv\u00fdch pup\u00ednk\u016f<\/strong> a bojuje proti akn\u00e9 u dosp\u011bl\u00fdch \u017een. Na adrese . <strong>sjednocuje<\/strong> a <strong>rozjas\u0148uje ple\u0165<\/strong> uvol\u0148uje p\u00f3ry a odstra\u0148uje ne\u010distoty. Jej\u00ed matri\u010dn\u00ed \u010dinidla reguluj\u00ed a <strong>absorbuj\u00ed p\u0159ebyte\u010dn\u00fd maz<\/strong>. D\u00edky sv\u011b\u017e\u00ed a diskr\u00e9tn\u00ed v\u016fni je vynikaj\u00edc\u00edm hydrata\u010dn\u00edm prost\u0159edkem, ide\u00e1ln\u00edm jako podklad pod make-up. Ple\u0165 je jasn\u011bj\u0161\u00ed, vy\u010di\u0161t\u011bn\u00e1, hydratovan\u00e1 a matn\u00e1.<\/div>\n<div id=\"menu-prdnew\">\n<ul>\n<li><a id=\"lienmenuconseil\" href=\"#prd\">POU\u017dIT\u00cd RADY<\/a><\/li>\n<li><a id=\"lienmenuactifs\" href=\"#conseil-prd\">AKTIVA<\/a><\/li>\n<li><a id=\"lienmenucmplt\" href=\"#actifs-prd\">DOPL\u0147KOV\u00c9 PRODUKTY<\/a><\/li>\n<li><a id=\"lienmenusavoir\" href=\"#cmplt-prd\">ZJISTIT V\u00cdCE<\/a><\/li>\n<li><a id=\"lienmenucompo\" href=\"#savoir-prd\">SLO\u017dEN\u00cd<\/a><\/li>\n<\/ul>\n<\/div>\n<div id=\"conseil-prd\">\n<div class=\"csRow\">\n<div class=\"csColumn\" style=\"margin: 0px; padding: 0px; float: left; width: 70.8%;\" data-csstartpoint=\"0\" data-csendpoint=\"680\" data-cswidth=\"70.8%\" data-csid=\"7ce9a14c-d45b-a3f2-987b-63fd249cc312\">\n<p><span style=\"color: #d0006d;\">JAK POU\u017d\u00cdVAT HYFAC WOMAN GLOBAL CARE?<\/span><\/p>\n<p>Jednou nebo dvakr\u00e1t denn\u011b naneste glob\u00e1ln\u00ed p\u00e9\u010di na obli\u010dej, kter\u00fd jste p\u0159edt\u00edm o\u010distili a odstranili pomoc\u00ed<a href=\"https:\/\/hyfac.fr\/cs\/nos-gammes\/hyfac-woman\/eau-micellaire\/\">Micel\u00e1rn\u00ed voda HYFAC Woman<\/a> a dokonale vysu\u0161en\u00e9. V\u00fdborn\u00fd podklad pod make-up.<\/p>\n<p>Glob\u00e1ln\u00ed p\u00e9\u010di HYFAC Woman lze pou\u017e\u00edvat jako monoterapii nebo jako dopln\u011bk ke v\u0161em typ\u016fm l\u00e9\u010dby akn\u00e9. Pou\u017e\u00edv\u00e1 se samostatn\u011b a doporu\u010duje se k p\u00e9\u010di o ple\u0165 se sklonem k akn\u00e9 u \u017een, kde pom\u00e1h\u00e1 redukovat \u010dern\u00e9 te\u010dky, mikrocysty na obli\u010deji a pup\u00ednky akn\u00e9.<\/p>\n<\/div>\n<div class=\"csColumnGap\" style=\"margin: 0px; padding: 0px; float: left; width: 1.56%;\"><img style=\"border: none;\" src=\"https:\/\/hyfac.fr\/wp-content\/plugins\/advanced-wp-columns\/assets\/js\/plugins\/views\/img\/1x1-pixel.png\"><\/div>\n<div class=\"csColumn\" style=\"margin: 0px; padding: 0px; float: left; width: 27.6%;\" data-csstartpoint=\"695\" data-csendpoint=\"960\" data-cswidth=\"27.6%\" data-csid=\"2de6301b-fc0e-6c4c-b16e-671973f34d15\">\n<p><img loading=\"lazy\" class=\"aligncenter wp-image-5140\" src=\"https:\/\/hyfac.fr\/wp-content\/uploads\/2018\/07\/conseil-250x250.png\" alt=\"\" width=\"180\" height=\"181\" srcset=\"https:\/\/hyfac.fr\/wp-content\/uploads\/2018\/07\/conseil-250x250.png 250w, https:\/\/hyfac.fr\/wp-content\/uploads\/2018\/07\/conseil-298x300.png 298w, https:\/\/hyfac.fr\/wp-content\/uploads\/2018\/07\/conseil.png 308w\" sizes=\"(max-width: 180px) 100vw, 180px\" \/><\/p>\n<\/div>\n<div style=\"clear: both; float: none; display: block; visibility: hidden; width: 0px; font-size: 0px; line-height: 0;\">&nbsp;<\/div>\n<\/div>\n<\/div>\n<div id=\"actifs-prd\">\n<div class=\"h2prd\">\n<h2><span style=\"color: #d0006d;\">KL\u00cd\u010cOV\u00c1 AKTIVA<\/span><\/h2>\n<\/div>\n<p><span style=\"color: #d0006d;\">Kyselina glykolov\u00e1: keratolytick\u00e1 \u00fa\u010dinn\u00e1 l\u00e1tka (proti \u010dern\u00fdm te\u010dk\u00e1m)<\/span><br \/>\nKyselina glykolov\u00e1 je ovocn\u00e1 kyselina s kr\u00e1tk\u00fdm \u0159et\u011bzcem (AHA). P\u0159irozen\u011b se z\u00edsk\u00e1v\u00e1 z cukrov\u00e9 t\u0159tiny. Jeho okam\u017eit\u00fd \u00fa\u010dinek exfoliuje poko\u017eku a zbavuje ji odum\u0159el\u00fdch bun\u011bk, kter\u00e9 blokuj\u00ed vylu\u010dovac\u00ed kan\u00e1lky. Ko\u017en\u00ed maz pak spr\u00e1vn\u011b odt\u00e9k\u00e1 a \u010dern\u00e9 te\u010dky postupn\u011b miz\u00ed.<\/p>\n<p><span style=\"color: #d0006d;\">Ester alkylmal\u00e1tu: Keratolytick\u00e1 a hydrata\u010dn\u00ed \u00fa\u010dinn\u00e1 l\u00e1tka<\/span><br \/>\nL\u2019alkyl malate est un acide de fruit (AHA) \u00e0 chaine longue qui permet une action d\u2019exfoliation sur la dur\u00e9e et donc en douceur. Il est \u00e9galement connu pour ses vertus d\u2019hydratation. Il est naturellement extrait de la pomme.&nbsp;La combinaison de ces deux actifs donne au soin global une efficacit\u00e9 sur le long terme, doubl\u00e9e d\u2019une grande tol\u00e9rance.<\/p>\n<p><span style=\"color: #d0006d;\">Pirokton olamin: antibakteri\u00e1ln\u00ed a konzerva\u010dn\u00ed l\u00e1tka<\/span><br \/>\nPirokton olamin je zn\u00e1m\u00fd sv\u00fdmi antimikrobi\u00e1ln\u00edmi vlastnostmi. P\u016fsob\u00ed na mikroorganismy zodpov\u011bdn\u00e9 za akn\u00e9 t\u00edm, \u017ee omezuje tvorbu z\u00e1n\u011btliv\u00fdch pup\u00ednk\u016f. P\u016fsob\u00ed tak\u00e9 jako konzervant, tak\u017ee se do n\u011bj nep\u0159id\u00e1vaj\u00ed \u017e\u00e1dn\u00e9 konzerva\u010dn\u00ed l\u00e1tky, jako jsou parabeny.<\/p>\n<\/div>\n<div id=\"cmplt-prd\">\n<div class=\"h2prd\">\n<h2><span style=\"color: #d0006d;\">DOPL\u0147KOV\u00c9 PRODUKTY<\/span><\/h2>\n<\/div>\n<style type=\"text\/css\">#soliloquy-container-5181 .soliloquy-prev{left: -60px;background-color:#d0006d;}#soliloquy-container-5181 .soliloquy-next{right: -60px;background-color:#d0006d;}#soliloquy-container-5181 .soliloquy-image{background: #f3f3f3;border: 1px solid #ddd;padding:3px;}#soliloquy-container-5181 .soliloquy-viewport{height: 260px !important;}#soliloquy-container-5181 .soliloquy-caption-bottom{position: relative;}#soliloquy-container-5181 .soliloquy-caption-inside{color:#CEBFB6; text-shadow:none;background:none;}@media only screen and (max-width: 1000px){#soliloquy-container-5181 .soliloquy-prev{left: 0px;}#soliloquy-container-5181 .soliloquy-next{right: 0px;}#soliloquy-container-5181 .soliloquy-viewport{height: 200px;}}<\/style><div class=\"soliloquy-outer-container soliloquy-carousel\" data-soliloquy-loaded=\"0\"><div aria-live=\"polite\" id=\"soliloquy-container-5181\" class=\"soliloquy-container soliloquy-transition-horizontal soliloquy-slide-horizontal soliloquy-arrows-active  soliloquy-theme-base\" style=\"max-width:960px;max-height:300px;margin:0 auto 20px;\"><ul id=\"soliloquy-5181\" class=\"soliloquy-slider soliloquy-slides soliloquy-wrap soliloquy-clear\"><li aria-hidden=\"true\" class=\"soliloquy-item soliloquy-item-1 soliloquy-id-5615 soliloquy-image-slide\" draggable=\"false\" style=\"list-style:none;\"><a href=\"https:\/\/hyfac.fr\/cs\/nos-gammes\/hyfac-woman\/eau-micellaire\/\" class=\"soliloquy-link\" title=\"HYFAC WOMAN \u010cistic\u00ed micel\u00e1rn\u00ed voda\"><img id=\"soliloquy-image-5615\" class=\"soliloquy-image soliloquy-image-1\" src=\"https:\/\/hyfac.fr\/wp-content\/uploads\/2018\/07\/Diapositive19-200x200_c.jpeg\" alt=\"HYFAC WOMAN \u010cistic\u00ed micel\u00e1rn\u00ed voda\" \/><\/a><div class=\"soliloquy-caption soliloquy-caption-bottom\"><div class=\"soliloquy-caption-inside\"><p>Micel\u00e1rn\u00ed voda<\/p><br \/>\n<p style=\"font-size:13px\">\u010cist\u00ed a odstra\u0148uje make-up<\/p><\/div><\/div><\/li><li aria-hidden=\"true\" class=\"soliloquy-item soliloquy-item-2 soliloquy-id-5613 soliloquy-image-slide\" draggable=\"false\" style=\"list-style:none;\"><a href=\"https:\/\/hyfac.fr\/cs\/nos-gammes\/hyfac-woman\/soin-global\/\" class=\"soliloquy-link\" title=\"HYFAC WOMAN - glob\u00e1ln\u00ed p\u00e9\u010de pro \u017eeny proti nedokonalostem\"><img id=\"soliloquy-image-5613\" class=\"soliloquy-image soliloquy-image-2\" src=\"https:\/\/hyfac.fr\/wp-content\/uploads\/2018\/07\/Diapositive15-200x200_c.jpeg\" alt=\"HYFAC WOMAN - glob\u00e1ln\u00ed p\u00e9\u010de pro \u017eeny proti nedokonalostem\" \/><\/a><div class=\"soliloquy-caption soliloquy-caption-bottom\"><div class=\"soliloquy-caption-inside\"><p>Glob\u00e1ln\u00ed p\u00e9\u010de<\/p><br \/>\n<p style=\"font-size:13px\">Redukuje skvrny a hydratuje<\/p><\/div><\/div><\/li><li aria-hidden=\"true\" class=\"soliloquy-item soliloquy-item-3 soliloquy-id-5614 soliloquy-image-slide\" draggable=\"false\" style=\"list-style:none;\"><a href=\"https:\/\/hyfac.fr\/cs\/nos-gammes\/hyfac-woman\/gommage-douceur\/\" class=\"soliloquy-link\" title=\"HYFAC WOMAN jemn\u00fd exfolia\u010dn\u00ed peeling\"><img id=\"soliloquy-image-5614\" class=\"soliloquy-image soliloquy-image-3\" src=\"https:\/\/hyfac.fr\/wp-content\/uploads\/2018\/07\/Diapositive17-200x200_c.jpeg\" alt=\"HYFAC WOMAN jemn\u00fd exfolia\u010dn\u00ed peeling\" \/><\/a><div class=\"soliloquy-caption soliloquy-caption-bottom\"><div class=\"soliloquy-caption-inside\"><p>Jemn\u00fd peeling<\/p><br \/>\n<p style=\"font-size:13px\">\u010cist\u00ed a obnovuje z\u00e1\u0159ivost<\/p><\/div><\/div><\/li><li aria-hidden=\"true\" class=\"soliloquy-item soliloquy-item-4 soliloquy-id-15334 soliloquy-image-slide\" draggable=\"false\" style=\"list-style:none;\"><a href=\"https:\/\/hyfac.fr\/cs\/nos-gammes\/hyfac-woman\/active-mask\/\" class=\"soliloquy-link\" title=\"HYFAC WOMAN Aktivn\u00ed maska na akn\u00e9 pro dosp\u011bl\u00e9 \u017eeny\"><img id=\"soliloquy-image-15334\" class=\"soliloquy-image soliloquy-image-4\" src=\"https:\/\/hyfac.fr\/wp-content\/uploads\/2022\/02\/Sans-titre-61-200x200_c.jpeg\" alt=\"HYFAC WOMAN Aktivn\u00ed maska na akn\u00e9 pro dosp\u011bl\u00e9 \u017eeny\" \/><\/a><div class=\"soliloquy-caption soliloquy-caption-bottom\"><div class=\"soliloquy-caption-inside\"><p>Aktivn\u00ed maska<\/p><br \/>\n<p style=\"font-size:13px\">L\u00e9\u010dba akn\u00e9 u \u017een<\/p><\/div><\/div><\/li><\/ul><\/div><noscript><style type=\"text\/css\" scoped>#soliloquy-container-5181{opacity:1}#soliloquy-container-5181 li > .soliloquy-caption{display:none}#soliloquy-container-5181 li:first-child > .soliloquy-caption{display:block}<\/style><div class=\"soliloquy-no-js\" style=\"display:none;visibility:hidden;height:0;line-height:0;opacity:0;\"><img class=\"soliloquy-image soliloquy-no-js-image\" src=\"https:\/\/hyfac.fr\/wp-content\/uploads\/2018\/07\/Diapositive19.jpeg\" alt=\"HYFAC WOMAN \u010cistic\u00ed micel\u00e1rn\u00ed voda\" \/><img class=\"soliloquy-image soliloquy-no-js-image\" src=\"https:\/\/hyfac.fr\/wp-content\/uploads\/2018\/07\/Diapositive15.jpeg\" alt=\"HYFAC WOMAN - glob\u00e1ln\u00ed p\u00e9\u010de pro \u017eeny proti nedokonalostem\" \/><img class=\"soliloquy-image soliloquy-no-js-image\" src=\"https:\/\/hyfac.fr\/wp-content\/uploads\/2018\/07\/Diapositive17.jpeg\" alt=\"HYFAC WOMAN jemn\u00fd exfolia\u010dn\u00ed peeling\" \/><img class=\"soliloquy-image soliloquy-no-js-image\" src=\"https:\/\/hyfac.fr\/wp-content\/uploads\/2022\/02\/Sans-titre-61.jpeg\" alt=\"HYFAC WOMAN Aktivn\u00ed maska na akn\u00e9 pro dosp\u011bl\u00e9 \u017eeny\" \/><\/div><\/noscript><\/div>\n<\/div>\n<div id=\"savoir-prd\">\n<div class=\"h2prd\">\n<h2><span style=\"color: #d0006d;\">ZJISTIT V\u00cdCE<\/span><\/h2>\n<\/div>\n<div class=\"csRow\">\n<div class=\"csColumn\" style=\"margin: 0px; padding: 0px; float: left; width: 38.6%;\" data-csstartpoint=\"0\" data-csendpoint=\"370.5\" data-cswidth=\"38.6%\" data-csid=\"beb42ad8-6bfd-a029-8282-bd93ae120b4d\"><a href=\"https:\/\/hyfac.fr\/cs\/sos-dermato\/4321-acne-de-la-femme-adulte\/\" target=\"_blank\" rel=\"noopener\"><img loading=\"lazy\" class=\"aligncenter wp-image-4368 size-thumbnail\" src=\"https:\/\/hyfac.fr\/wp-content\/uploads\/2018\/03\/banniere_carree_site_hyfac_intro_themes_femme-250x250.jpeg\" alt=\"akn\u00e9 u dosp\u011bl\u00fdch \u017een\" width=\"250\" height=\"250\" srcset=\"https:\/\/hyfac.fr\/wp-content\/uploads\/2018\/03\/banniere_carree_site_hyfac_intro_themes_femme-250x250.jpeg 250w, https:\/\/hyfac.fr\/wp-content\/uploads\/2018\/03\/banniere_carree_site_hyfac_intro_themes_femme-300x300.jpeg 300w, https:\/\/hyfac.fr\/wp-content\/uploads\/2018\/03\/banniere_carree_site_hyfac_intro_themes_femme.jpeg 543w\" sizes=\"(max-width: 250px) 100vw, 250px\" \/><\/a><\/div>\n<div class=\"csColumnGap\" style=\"margin: 0px; padding: 0px; float: left; width: 1.56%;\"><img style=\"border: none;\" src=\"https:\/\/hyfac.fr\/wp-content\/plugins\/advanced-wp-columns\/assets\/js\/plugins\/views\/img\/1x1-pixel.png\"><\/div>\n<div class=\"csColumn\" style=\"margin: 0px; padding: 0px; float: left; width: 59.8%;\" data-csstartpoint=\"385.5\" data-csendpoint=\"960\" data-cswidth=\"59.8%\" data-csid=\"56e6cac6-63f3-6945-9ddf-f20a5ec7912c\">Akn\u00e9 u dosp\u011bl\u00fdch \u017een je podobn\u00e9 akn\u00e9 u dosp\u00edvaj\u00edc\u00edch, i kdy\u017e se na n\u011bm pod\u00edlej\u00ed r\u016fzn\u00e9 faktory. P\u0159\u00edznaky jsou b\u011b\u017en\u00e9: mastn\u00e1 ple\u0165, v\u00fdskyt b\u00edl\u00fdch a \u010derven\u00fdch pup\u00ednk\u016f, \u010dern\u00fdch te\u010dek, komedon\u016f a mikrocyst.<br \/>\n\u010cern\u00e9 te\u010dky a mikrocysty jsou v\u00fdsledkem sm\u011bsi keratinu a ko\u017en\u00edho mazu, kter\u00e1 blokuje ko\u017en\u00ed p\u00f3ry. Pup\u00ednky akn\u00e9 vznikaj\u00ed v d\u016fsledku z\u00e1n\u011btu zp\u016fsoben\u00e9ho mikroby, kter\u00e9 p\u0159irozen\u011b \u017eij\u00ed v mazov\u00fdch \u017el\u00e1z\u00e1ch k\u016f\u017ee.<br \/>\nP\u00e9\u010de o ple\u0165 HYFAC WOMAN obsahuje dva r\u016fzn\u00e9 typy ovocn\u00fdch kyselin (AHA), kter\u00e9 bojuj\u00ed proti projev\u016fm akn\u00e9. P\u0159irozen\u011b se vyskytuj\u00ed v t\u0159tinov\u00e9m cukru (kyselina glykolov\u00e1) a v jablk\u00e1ch (kyselina jable\u010dn\u00e1).<br \/>\nKoncentrace t\u011bchto \u00fa\u010dinn\u00fdch l\u00e1tek v celkov\u00e9 p\u00e9\u010di \u00fa\u010dinn\u011b bojuje proti \u010dern\u00fdm te\u010dk\u00e1m a mikrocyst\u00e1m, ani\u017e by ple\u0165 dr\u00e1\u017edila nebo vysu\u0161ovala, co\u017e z n\u011bj \u010din\u00ed nejlep\u0161\u00ed kr\u00e9m na obli\u010dej pro \u017eeny se sklonem k akn\u00e9.&nbsp;&nbsp;&nbsp;<\/p>\n<div id=\"savoirplus\"><a href=\"https:\/\/hyfac.fr\/cs\/sos-dermato\/4321-acne-de-la-femme-adulte\/\">En savoir plus sur l&#8217;acn\u00e9 de la femme adulte<\/a><\/div>\n<\/div>\n<div style=\"clear: both; float: none; display: block; visibility: hidden; width: 0px; font-size: 0px; line-height: 0;\">&nbsp;<\/div>\n<\/div>\n<\/div>\n<div id=\"compo-prd\">\n<div class=\"h2prd\">\n<h2><span style=\"color: #d0006d;\">SLO\u017dEN\u00cd <span style=\"font-size: 14pt;\">\/<\/span> SLO\u017dEN\u00cd<\/span><\/h2>\n<\/div>\n<p><span style=\"color: #cebfb6;\">INCI : AQUA (VODA) \/ EAU, CETEARYL ETHYLHEXANO\u00c1T, DI C12-13 ALKYL MAL\u00c1T, KYSELINA GLYKOLOV\u00c1, CYKLOPENTASILOXAN, GLYCERIN, STEARETH-2, STEARETH-21, NYLON 12, CYKLOHEXASILOXAN, CETYLALKOHOL, POLYAKRYLAMID, HYDROXID SODN\u00dd, C13-14 ISOPARAFIN, DIAZOLIDINYLMO\u010cOVINA, DIMETIKONOL, PIROKTON OLAMIN, PARFUM (V\u016eN\u011a), LAURETH-7, XANTHANOV\u00c1 GUMA.<\/span><\/p>\n<\/div>","protected":false},"excerpt":{"rendered":"<p>Redukuje nedokonalosti a odstra\u0148uje ne\u010distoty.<\/p>","protected":false},"author":1,"featured_media":1796,"parent":47,"menu_order":2,"comment_status":"closed","ping_status":"closed","template":"page\/page-template-newprdwoman.php","meta":{"_mi_skip_tracking":false,"spay_email":""},"_links":{"self":[{"href":"https:\/\/hyfac.fr\/cs\/wp-json\/wp\/v2\/pages\/1432"}],"collection":[{"href":"https:\/\/hyfac.fr\/cs\/wp-json\/wp\/v2\/pages"}],"about":[{"href":"https:\/\/hyfac.fr\/cs\/wp-json\/wp\/v2\/types\/page"}],"author":[{"embeddable":true,"href":"https:\/\/hyfac.fr\/cs\/wp-json\/wp\/v2\/users\/1"}],"replies":[{"embeddable":true,"href":"https:\/\/hyfac.fr\/cs\/wp-json\/wp\/v2\/comments?post=1432"}],"version-history":[{"count":79,"href":"https:\/\/hyfac.fr\/cs\/wp-json\/wp\/v2\/pages\/1432\/revisions"}],"predecessor-version":[{"id":15029,"href":"https:\/\/hyfac.fr\/cs\/wp-json\/wp\/v2\/pages\/1432\/revisions\/15029"}],"up":[{"embeddable":true,"href":"https:\/\/hyfac.fr\/cs\/wp-json\/wp\/v2\/pages\/47"}],"wp:featuredmedia":[{"embeddable":true,"href":"https:\/\/hyfac.fr\/cs\/wp-json\/wp\/v2\/media\/1796"}],"wp:attachment":[{"href":"https:\/\/hyfac.fr\/cs\/wp-json\/wp\/v2\/media?parent=1432"}],"curies":[{"name":"wp","href":"https:\/\/api.w.org\/{rel}","templated":true}]}}