{"id":1433,"date":"2016-05-26T00:48:43","date_gmt":"2016-05-25T22:48:43","guid":{"rendered":"http:\/\/hyfac.fr\/?page_id=1433"},"modified":"2022-02-10T01:57:30","modified_gmt":"2022-02-10T00:57:30","slug":"eau-micellaire","status":"publish","type":"page","link":"https:\/\/hyfac.fr\/cs\/nos-gammes\/hyfac-woman\/eau-micellaire\/","title":{"rendered":"Micel\u00e1rn\u00ed voda"},"content":{"rendered":"<p>&nbsp;<\/p>\n<div style=\"width: 960px;\">&nbsp;<\/div>\n<div id=\"prd\">\n<div class=\"csRow\">\n<div class=\"csColumn\" style=\"margin: 0px; padding: 0px; float: left; width: 43%;\" data-csstartpoint=\"0\" data-csendpoint=\"430\" data-cswidth=\"43.0%\" data-csid=\"beb42ad8-6bfd-a029-8282-bd93ae120b4d\">\n<style type=\"text\/css\">#soliloquy-container-5297 .soliloquy-pager{bottom: -30px;}<\/style><div class=\"soliloquy-outer-container\" data-soliloquy-loaded=\"0\"><div aria-live=\"polite\" id=\"soliloquy-container-5297\" class=\"soliloquy-container soliloquy-transition-horizontal soliloquy-slide-horizontal soliloquy-controls-active slider-img-prd soliloquy-theme-base\" style=\"max-width:340px;max-height:538px;margin:0 auto 20px;max-width:100%;max-height:none;\"><ul id=\"soliloquy-5297\" class=\"soliloquy-slider soliloquy-slides soliloquy-wrap soliloquy-clear\"><li aria-hidden=\"true\" class=\"soliloquy-item soliloquy-item-1 soliloquy-id-5574 soliloquy-image-slide\" draggable=\"false\" style=\"list-style:none;\"><img id=\"soliloquy-image-5574\" class=\"soliloquy-image soliloquy-image-1\" src=\"https:\/\/hyfac.fr\/wp-content\/uploads\/2018\/09\/Diapositive19-340x538_c.jpeg\" alt=\"Micel\u00e1rn\u00ed voda HYFAC WOMAN \u010dist\u00ed a odstra\u0148uje make-up\" \/><\/li><li aria-hidden=\"true\" class=\"soliloquy-item soliloquy-item-2 soliloquy-id-5575 soliloquy-image-slide\" draggable=\"false\" style=\"list-style:none;\"><img id=\"soliloquy-image-5575\" class=\"soliloquy-image soliloquy-image-2 soliloquy-preload\" src=\"https:\/\/hyfac.fr\/wp-content\/plugins\/soliloquy\/assets\/css\/images\/holder.gif\" data-soliloquy-src=\"https:\/\/hyfac.fr\/wp-content\/uploads\/2018\/09\/Diapositive20-340x538_c.jpeg\" alt=\"Micel\u00e1rn\u00ed voda HYFAC WOMAN \u010dist\u00ed a odstra\u0148uje make-up\" \/><\/li><\/ul><\/div><noscript><style type=\"text\/css\" scoped>#soliloquy-container-5297{opacity:1}#soliloquy-container-5297 li > .soliloquy-caption{display:none}#soliloquy-container-5297 li:first-child > .soliloquy-caption{display:block}<\/style><div class=\"soliloquy-no-js\" style=\"display:none;visibility:hidden;height:0;line-height:0;opacity:0;\"><img class=\"soliloquy-image soliloquy-no-js-image\" src=\"https:\/\/hyfac.fr\/wp-content\/uploads\/2018\/09\/Diapositive19.jpeg\" alt=\"Micel\u00e1rn\u00ed voda HYFAC WOMAN \u010dist\u00ed a odstra\u0148uje make-up\" \/><img class=\"soliloquy-image soliloquy-no-js-image\" src=\"https:\/\/hyfac.fr\/wp-content\/uploads\/2018\/09\/Diapositive20.jpeg\" alt=\"Micel\u00e1rn\u00ed voda HYFAC WOMAN \u010dist\u00ed a odstra\u0148uje make-up\" \/><\/div><\/noscript><\/div>\n<\/div>\n<div class=\"csColumnGap\" style=\"margin: 0px; padding: 0px; float: left; width: 7.7%;\"><img style=\"border: none;\" src=\"https:\/\/hyfac.fr\/wp-content\/plugins\/advanced-wp-columns\/assets\/js\/plugins\/views\/img\/1x1-pixel.png\"><\/div>\n<div class=\"csColumn\" style=\"margin: 0px; padding: 0px; float: left; width: 49.3%;\" data-csstartpoint=\"507\" data-csendpoint=\"1000\" data-cswidth=\"49.3%\" data-csid=\"56e6cac6-63f3-6945-9ddf-f20a5ec7912c\">\n<h1><span style=\"color: #d0006d; line-height: 35px;\">MICEL\u00c1RN\u00cd VODA<\/span><\/h1>\n<p><span style=\"color: #d0006d;\">\u0158ada HYFAC Woman<\/span><br \/>\nFlacon de&nbsp;200ml<\/p>\n<p><br \/>\n\u010cist\u00edc\u00ed a odli\u010dovac\u00ed ml\u00e9ko bez oplachov\u00e1n\u00ed. Odstra\u0148uje ne\u010distoty, zklid\u0148uje a redukuje zarudnut\u00ed d\u00edky v\u00fdta\u017ek\u016fm z b\u00edl\u00e9ho \u010daje.<\/p>\n<ul id=\"ulprd\">\n<li><img class=\"logo-prd\" src=\"\/wp-content\/uploads\/2018\/09\/Nettoie.png\" alt=\"\u010dist\u00ed\" width=\"50\"><br \/>\n\u00daKLID<\/li>\n<li><img class=\"logo-prd\" src=\"\/wp-content\/uploads\/2018\/09\/Demaquille.png\" alt=\"demaquille\" width=\"50\"><br \/>\nDEMAQUILLE<\/li>\n<li><img class=\"logo-prd\" src=\"\/wp-content\/uploads\/2018\/09\/Apaise.png\" alt=\"zklid\u0148uje\" width=\"50\"><br \/>\nAPAISE<\/li>\n<li><img class=\"logo-prd\" src=\"\/wp-content\/uploads\/2018\/09\/ANTI_ROUGEURS.png\" alt=\"proti zarudnut\u00ed\" width=\"50\"><br \/>\nANTI-ROGERS<\/li>\n<\/ul>\n<ul id=\"ulprd-link\">\n<li><p class=\"product woocommerce add_to_cart_inline\" style=\"border:4px solid #ccc; padding: 12px;\"><span class=\"woocommerce-Price-amount amount\"><bdi>8,90&nbsp;<span class=\"woocommerce-Price-currencySymbol\">\u20ac<\/span><\/bdi><\/span><a href=\"?add-to-cart=14927\" data-quantity=\"1\" class=\"button product_type_simple add_to_cart_button ajax_add_to_cart\" data-product_id=\"14927\" data-product_sku=\"\" aria-label=\"P\u0159idat \u201eWoman - Eau Micellaire\u201c do ko\u0161\u00edku\" rel=\"nofollow\" data-no-translation=\"\" data-trp-gettext=\"\" data-no-translation-aria-label=\"\">P\u0159idat do ko\u0161\u00edku<\/a><\/p><\/li>\n<li>&nbsp;<\/li>\n<li><a href=\"https:\/\/hyfac.fr\/cs\/pres-de-chez-vous\/\"><img class=\"img2\" src=\"\/wp-content\/uploads\/2018\/06\/logo-map-e1530138886120.png\" alt=\"loc\">Vyhled\u00e1n\u00ed prodejn\u00edho m\u00edsta<\/a><\/li>\n<\/ul>\n<ul id=\"ulprd-link\">\n<li class=\"infotri\"><span class=\"spantri\">Objevte na\u0161e pokyny k t\u0159\u00edd\u011bn\u00ed<\/span><br \/>\n<img class=\"imgtri\" src=\"https:\/\/hyfac.fr\/wp-content\/uploads\/2020\/12\/HYFAC-WOMAN-Eau-micellaire.png\"><\/li>\n<\/ul>\n<\/div>\n<div style=\"clear: both; float: none; display: block; visibility: hidden; width: 0px; font-size: 0px; line-height: 0;\">&nbsp;<\/div>\n<\/div>\n<\/div>\n<div id=\"descript-prd\">Micel\u00e1rn\u00ed voda HYFAC WOMAN <strong>\u010dist\u00ed<\/strong> a <strong>odstra\u0148ova\u010d make-upu<\/strong> Jemn\u011b \u010dist\u00ed obli\u010dej a o\u010di. Odstra\u0148uje ne\u010distoty a odstra\u0148uje i <strong>vod\u011bodoln\u00fd make-up<\/strong>. V\u00fdta\u017eky z b\u00edl\u00e9ho \u010daje probud\u00ed z\u00e1\u0159ivost pleti a <strong>redukuje skvrny a zarudnut\u00ed<\/strong>. Zklid\u0148uj\u00edc\u00ed a bezoplachov\u00fd p\u0159\u00edpravek je ide\u00e1ln\u00ed pro \u017eeny s <strong>citliv\u00e1 poko\u017eka<\/strong> s nedokonalostmi. P\u0159i ka\u017edodenn\u00edm pou\u017e\u00edv\u00e1n\u00ed zanech\u00e1v\u00e1 ple\u0165 \u010distou, sv\u011b\u017e\u00ed a pro\u010di\u0161t\u011bnou. Jeho jemn\u00e1 kv\u011btinov\u00e1 v\u016fn\u011b \u010din\u00ed z jeho pou\u017eit\u00ed ryz\u00ed okam\u017eik \u0161t\u011bst\u00ed.<\/div>\n<div id=\"menu-prdnew\">\n<ul>\n<li><a id=\"lienmenuconseil\" href=\"#prd\">POU\u017dIT\u00cd RADY<\/a><\/li>\n<li><a id=\"lienmenuactifs\" href=\"#conseil-prd\">AKTIVA<\/a><\/li>\n<li><a id=\"lienmenucmplt\" href=\"#actifs-prd\">DOPL\u0147KOV\u00c9 PRODUKTY<\/a><\/li>\n<li><a id=\"lienmenusavoir\" href=\"#cmplt-prd\">ZJISTIT V\u00cdCE<\/a><\/li>\n<li><a id=\"lienmenucompo\" href=\"#savoir-prd\">SLO\u017dEN\u00cd<\/a><\/li>\n<\/ul>\n<\/div>\n<div id=\"conseil-prd\">\n<div class=\"csRow\">\n<div class=\"csColumn\" style=\"margin: 0px; padding: 0px; float: left; width: 70.8%;\" data-csstartpoint=\"0\" data-csendpoint=\"680\" data-cswidth=\"70.8%\" data-csid=\"7ce9a14c-d45b-a3f2-987b-63fd249cc312\">\n<p><span style=\"color: #d0006d;\">COMMENT UTILISER L&#8217;EAU MICELLAIRE HYFAC WOMAN ?<\/span><\/p>\n<p>R\u00e1no a\/nebo ve\u010der naneste na obli\u010dej a o\u010di pomoc\u00ed vatov\u00e9ho tamponu, abyste vy\u010distili a odstranili make-up. Operaci opakujte, dokud nebude vatov\u00fd tampon dokonale \u010dist\u00fd. Jemn\u011b osu\u0161te poko\u017eku \u010dist\u00fdm ru\u010dn\u00edkem. Neoplachujte. Pak se doporu\u010duje pou\u017e\u00edt <a href=\"https:\/\/hyfac.fr\/cs\/nos-gammes\/hyfac-woman\/soin-global\/\">HYFAC Woman glob\u00e1ln\u00ed p\u00e9\u010de proti nedokonalostem<\/a> na dokonale suchou ple\u0165, abyste dokon\u010dili p\u00e9\u010di.<\/p>\n<p><span style=\"color: #d0006d;\">Vhodn\u00e9 pro v\u0161echny typy pleti (citliv\u00e1 ple\u0165, ple\u0165 se sklonem k akn\u00e9).<\/span><\/p>\n<\/div>\n<div class=\"csColumnGap\" style=\"margin: 0px; padding: 0px; float: left; width: 1.56%;\"><img style=\"border: none;\" src=\"https:\/\/hyfac.fr\/wp-content\/plugins\/advanced-wp-columns\/assets\/js\/plugins\/views\/img\/1x1-pixel.png\"><\/div>\n<div class=\"csColumn\" style=\"margin: 0px; padding: 0px; float: left; width: 27.6%;\" data-csstartpoint=\"695\" data-csendpoint=\"960\" data-cswidth=\"27.6%\" data-csid=\"2de6301b-fc0e-6c4c-b16e-671973f34d15\">\n<p><img loading=\"lazy\" class=\"aligncenter wp-image-5140\" src=\"https:\/\/hyfac.fr\/wp-content\/uploads\/2018\/07\/conseil-250x250.png\" alt=\"\" width=\"180\" height=\"181\" srcset=\"https:\/\/hyfac.fr\/wp-content\/uploads\/2018\/07\/conseil-250x250.png 250w, https:\/\/hyfac.fr\/wp-content\/uploads\/2018\/07\/conseil-298x300.png 298w, https:\/\/hyfac.fr\/wp-content\/uploads\/2018\/07\/conseil.png 308w\" sizes=\"(max-width: 180px) 100vw, 180px\" \/><\/p>\n<\/div>\n<div style=\"clear: both; float: none; display: block; visibility: hidden; width: 0px; font-size: 0px; line-height: 0;\">&nbsp;<\/div>\n<\/div>\n<\/div>\n<div id=\"actifs-prd\">\n<div class=\"h2prd\">\n<h2><span style=\"color: #d0006d;\">KL\u00cd\u010cOV\u00c1 AKTIVA<\/span><\/h2>\n<\/div>\n<p><span style=\"color: #d0006d;\">Camellia Sinensis : Rozjas\u0148uje ple\u0165<\/span><br \/>\nMicel\u00e1rn\u00ed voda HYFAC WOMAN obsahuje v\u00fdta\u017eky z b\u00edl\u00e9ho \u010daje (Camellia Sinensis). B\u00edl\u00fd \u010daj zesv\u011btluje ple\u0165 t\u00edm, \u017ee redukuje skvrny a zarudnut\u00ed. Ple\u0165 pak znovu z\u00edsk\u00e1 z\u00e1\u0159iv\u00fd vzhled.<\/p>\n<p><span style=\"color: #d0006d;\">Polyfenoly: antioxidanty<\/span><br \/>\nPolyfenoly jsou molekuly, kter\u00e9 rostliny p\u0159irozen\u011b produkuj\u00ed na obranu proti vn\u011bj\u0161\u00ed agresi. L\u00e1tky, kter\u00e9 obsahuj\u00ed, p\u0159isp\u00edvaj\u00ed k boji proti tvorb\u011b voln\u00fdch radik\u00e1l\u016f, o nich\u017e je zn\u00e1mo, \u017ee jsou zodpov\u011bdn\u00e9 za rychl\u00e9 st\u00e1rnut\u00ed bun\u011bk.<\/p>\n<\/div>\n<div id=\"cmplt-prd\">\n<div class=\"h2prd\">\n<h2><span style=\"color: #d0006d;\">DOPL\u0147KOV\u00c9 PRODUKTY<\/span><\/h2>\n<\/div>\n<style type=\"text\/css\">#soliloquy-container-5181 .soliloquy-prev{left: -60px;background-color:#d0006d;}#soliloquy-container-5181 .soliloquy-next{right: -60px;background-color:#d0006d;}#soliloquy-container-5181 .soliloquy-image{background: #f3f3f3;border: 1px solid #ddd;padding:3px;}#soliloquy-container-5181 .soliloquy-viewport{height: 260px !important;}#soliloquy-container-5181 .soliloquy-caption-bottom{position: relative;}#soliloquy-container-5181 .soliloquy-caption-inside{color:#CEBFB6; text-shadow:none;background:none;}@media only screen and (max-width: 1000px){#soliloquy-container-5181 .soliloquy-prev{left: 0px;}#soliloquy-container-5181 .soliloquy-next{right: 0px;}#soliloquy-container-5181 .soliloquy-viewport{height: 200px;}}<\/style><div class=\"soliloquy-outer-container soliloquy-carousel\" data-soliloquy-loaded=\"0\"><div aria-live=\"polite\" id=\"soliloquy-container-5181\" class=\"soliloquy-container soliloquy-transition-horizontal soliloquy-slide-horizontal soliloquy-arrows-active  soliloquy-theme-base\" style=\"max-width:960px;max-height:300px;margin:0 auto 20px;\"><ul id=\"soliloquy-5181\" class=\"soliloquy-slider soliloquy-slides soliloquy-wrap soliloquy-clear\"><li aria-hidden=\"true\" class=\"soliloquy-item soliloquy-item-1 soliloquy-id-5615 soliloquy-image-slide\" draggable=\"false\" style=\"list-style:none;\"><a href=\"https:\/\/hyfac.fr\/cs\/nos-gammes\/hyfac-woman\/eau-micellaire\/\" class=\"soliloquy-link\" title=\"HYFAC WOMAN \u010cistic\u00ed micel\u00e1rn\u00ed voda\"><img id=\"soliloquy-image-5615\" class=\"soliloquy-image soliloquy-image-1\" src=\"https:\/\/hyfac.fr\/wp-content\/uploads\/2018\/07\/Diapositive19-200x200_c.jpeg\" alt=\"HYFAC WOMAN \u010cistic\u00ed micel\u00e1rn\u00ed voda\" \/><\/a><div class=\"soliloquy-caption soliloquy-caption-bottom\"><div class=\"soliloquy-caption-inside\"><p>Micel\u00e1rn\u00ed voda<\/p><br \/>\n<p style=\"font-size:13px\">\u010cist\u00ed a odstra\u0148uje make-up<\/p><\/div><\/div><\/li><li aria-hidden=\"true\" class=\"soliloquy-item soliloquy-item-2 soliloquy-id-5613 soliloquy-image-slide\" draggable=\"false\" style=\"list-style:none;\"><a href=\"https:\/\/hyfac.fr\/cs\/nos-gammes\/hyfac-woman\/soin-global\/\" class=\"soliloquy-link\" title=\"HYFAC WOMAN - glob\u00e1ln\u00ed p\u00e9\u010de pro \u017eeny proti nedokonalostem\"><img id=\"soliloquy-image-5613\" class=\"soliloquy-image soliloquy-image-2\" src=\"https:\/\/hyfac.fr\/wp-content\/uploads\/2018\/07\/Diapositive15-200x200_c.jpeg\" alt=\"HYFAC WOMAN - glob\u00e1ln\u00ed p\u00e9\u010de pro \u017eeny proti nedokonalostem\" \/><\/a><div class=\"soliloquy-caption soliloquy-caption-bottom\"><div class=\"soliloquy-caption-inside\"><p>Glob\u00e1ln\u00ed p\u00e9\u010de<\/p><br \/>\n<p style=\"font-size:13px\">Redukuje skvrny a hydratuje<\/p><\/div><\/div><\/li><li aria-hidden=\"true\" class=\"soliloquy-item soliloquy-item-3 soliloquy-id-5614 soliloquy-image-slide\" draggable=\"false\" style=\"list-style:none;\"><a href=\"https:\/\/hyfac.fr\/cs\/nos-gammes\/hyfac-woman\/gommage-douceur\/\" class=\"soliloquy-link\" title=\"HYFAC WOMAN jemn\u00fd exfolia\u010dn\u00ed peeling\"><img id=\"soliloquy-image-5614\" class=\"soliloquy-image soliloquy-image-3\" src=\"https:\/\/hyfac.fr\/wp-content\/uploads\/2018\/07\/Diapositive17-200x200_c.jpeg\" alt=\"HYFAC WOMAN jemn\u00fd exfolia\u010dn\u00ed peeling\" \/><\/a><div class=\"soliloquy-caption soliloquy-caption-bottom\"><div class=\"soliloquy-caption-inside\"><p>Jemn\u00fd peeling<\/p><br \/>\n<p style=\"font-size:13px\">\u010cist\u00ed a obnovuje z\u00e1\u0159ivost<\/p><\/div><\/div><\/li><li aria-hidden=\"true\" class=\"soliloquy-item soliloquy-item-4 soliloquy-id-15334 soliloquy-image-slide\" draggable=\"false\" style=\"list-style:none;\"><a href=\"https:\/\/hyfac.fr\/cs\/nos-gammes\/hyfac-woman\/active-mask\/\" class=\"soliloquy-link\" title=\"HYFAC WOMAN Aktivn\u00ed maska na akn\u00e9 pro dosp\u011bl\u00e9 \u017eeny\"><img id=\"soliloquy-image-15334\" class=\"soliloquy-image soliloquy-image-4\" src=\"https:\/\/hyfac.fr\/wp-content\/uploads\/2022\/02\/Sans-titre-61-200x200_c.jpeg\" alt=\"HYFAC WOMAN Aktivn\u00ed maska na akn\u00e9 pro dosp\u011bl\u00e9 \u017eeny\" \/><\/a><div class=\"soliloquy-caption soliloquy-caption-bottom\"><div class=\"soliloquy-caption-inside\"><p>Aktivn\u00ed maska<\/p><br \/>\n<p style=\"font-size:13px\">L\u00e9\u010dba akn\u00e9 u \u017een<\/p><\/div><\/div><\/li><\/ul><\/div><noscript><style type=\"text\/css\" scoped>#soliloquy-container-5181{opacity:1}#soliloquy-container-5181 li > .soliloquy-caption{display:none}#soliloquy-container-5181 li:first-child > .soliloquy-caption{display:block}<\/style><div class=\"soliloquy-no-js\" style=\"display:none;visibility:hidden;height:0;line-height:0;opacity:0;\"><img class=\"soliloquy-image soliloquy-no-js-image\" src=\"https:\/\/hyfac.fr\/wp-content\/uploads\/2018\/07\/Diapositive19.jpeg\" alt=\"HYFAC WOMAN \u010cistic\u00ed micel\u00e1rn\u00ed voda\" \/><img class=\"soliloquy-image soliloquy-no-js-image\" src=\"https:\/\/hyfac.fr\/wp-content\/uploads\/2018\/07\/Diapositive15.jpeg\" alt=\"HYFAC WOMAN - glob\u00e1ln\u00ed p\u00e9\u010de pro \u017eeny proti nedokonalostem\" \/><img class=\"soliloquy-image soliloquy-no-js-image\" src=\"https:\/\/hyfac.fr\/wp-content\/uploads\/2018\/07\/Diapositive17.jpeg\" alt=\"HYFAC WOMAN jemn\u00fd exfolia\u010dn\u00ed peeling\" \/><img class=\"soliloquy-image soliloquy-no-js-image\" src=\"https:\/\/hyfac.fr\/wp-content\/uploads\/2022\/02\/Sans-titre-61.jpeg\" alt=\"HYFAC WOMAN Aktivn\u00ed maska na akn\u00e9 pro dosp\u011bl\u00e9 \u017eeny\" \/><\/div><\/noscript><\/div>\n<\/div>\n<div id=\"savoir-prd\">\n<div class=\"h2prd\">\n<h2><span style=\"color: #d0006d;\">ZJISTIT V\u00cdCE<\/span><\/h2>\n<\/div>\n<div class=\"csRow\">\n<div class=\"csColumn\" style=\"margin: 0px; padding: 0px; float: left; width: 38.6%;\" data-csstartpoint=\"0\" data-csendpoint=\"370.5\" data-cswidth=\"38.6%\" data-csid=\"beb42ad8-6bfd-a029-8282-bd93ae120b4d\"><a href=\"https:\/\/hyfac.fr\/cs\/sos-dermato\/4321-acne-de-la-femme-adulte\/\" target=\"_blank\" rel=\"noopener\"><img loading=\"lazy\" class=\"aligncenter wp-image-4368 size-thumbnail\" src=\"https:\/\/hyfac.fr\/wp-content\/uploads\/2018\/03\/banniere_carree_site_hyfac_intro_themes_femme-250x250.jpeg\" alt=\"akn\u00e9 u dosp\u011bl\u00fdch \u017een\" width=\"250\" height=\"250\" srcset=\"https:\/\/hyfac.fr\/wp-content\/uploads\/2018\/03\/banniere_carree_site_hyfac_intro_themes_femme-250x250.jpeg 250w, https:\/\/hyfac.fr\/wp-content\/uploads\/2018\/03\/banniere_carree_site_hyfac_intro_themes_femme-300x300.jpeg 300w, https:\/\/hyfac.fr\/wp-content\/uploads\/2018\/03\/banniere_carree_site_hyfac_intro_themes_femme.jpeg 543w\" sizes=\"(max-width: 250px) 100vw, 250px\" \/><\/a><\/div>\n<div class=\"csColumnGap\" style=\"margin: 0px; padding: 0px; float: left; width: 1.56%;\"><img style=\"border: none;\" src=\"https:\/\/hyfac.fr\/wp-content\/plugins\/advanced-wp-columns\/assets\/js\/plugins\/views\/img\/1x1-pixel.png\"><\/div>\n<div class=\"csColumn\" style=\"margin: 0px; padding: 0px; float: left; width: 59.8%;\" data-csstartpoint=\"385.5\" data-csendpoint=\"960\" data-cswidth=\"59.8%\" data-csid=\"56e6cac6-63f3-6945-9ddf-f20a5ec7912c\">40% \u017een star\u0161\u00edch 20 let trp\u00ed p\u0159etrv\u00e1vaj\u00edc\u00edm akn\u00e9. Z\u00e1n\u011btliv\u00e9 pup\u00ednky, mastn\u00e1 ple\u0165 nebo \u010dern\u00e9 te\u010dky - \u0159ada HYFAC WOMAN byla vytvo\u0159ena speci\u00e1ln\u011b pro \u0159e\u0161en\u00ed probl\u00e9m\u016f s problematickou plet\u00ed dosp\u011bl\u00fdch \u017een.<br \/>\nMicel\u00e1rn\u00ed voda se doporu\u010duje zejm\u00e9na pro hygienu obli\u010deje \u017een. Skute\u010dn\u00e1 ple\u0165ov\u00e1 voda proti akn\u00e9 je vhodn\u00e1 pro v\u0161echny typy pleti, dokonce i pro citlivou, suchou nebo mastnou ple\u0165 s pup\u00ednky akn\u00e9, \u010dern\u00fdmi te\u010dkami nebo b\u00edl\u00fdmi komedony \u010di mikrocystami. Je kompatibiln\u00ed s l\u00e9\u010dbou akn\u00e9 a je vhodn\u00fd pro reaktivn\u00ed a intolerantn\u00ed ple\u0165.<br \/>\nMicel\u00e1rn\u00ed voda HYFAC WOMAN s v\u00fdta\u017eky z b\u00edl\u00e9ho \u010daje m\u00e1 zesv\u011btluj\u00edc\u00ed \u00fa\u010dinky na skvrny a zarudnut\u00ed. Pom\u00e1h\u00e1 vyblednout drobn\u00e9 hn\u011bd\u00e9 skvrny, kter\u00e9 jsou b\u011b\u017en\u00e9 po vymizen\u00ed z\u00e1n\u011btliv\u00fdch pup\u00ednk\u016f na obli\u010deji. Ple\u0165 je op\u011bt z\u00e1\u0159iv\u00e1.<br \/>\nTento kr\u00e9m proti skvrn\u00e1m lze snadno za\u010dlenit do jak\u00e9koli p\u00e9\u010de o ple\u0165. M\u016f\u017ee se pou\u017e\u00edvat jednou nebo dvakr\u00e1t denn\u011b, pokud se ple\u0165 p\u0159ed aplikac\u00ed pot\u0159ebn\u00fdch p\u0159\u00edpravk\u016f na akn\u00e9 pro dosp\u011bl\u00e9 \u017eeny opl\u00e1chne a osu\u0161\u00ed.&nbsp;<\/p>\n<div id=\"savoirplus\"><a href=\"https:\/\/hyfac.fr\/cs\/sos-dermato\/4321-acne-de-la-femme-adulte\/\">En savoir plus sur l&#8217;acn\u00e9 de la femme adulte<\/a><\/div>\n<\/div>\n<div style=\"clear: both; float: none; display: block; visibility: hidden; width: 0px; font-size: 0px; line-height: 0;\">&nbsp;<\/div>\n<\/div>\n<\/div>\n<div id=\"compo-prd\">\n<div class=\"h2prd\">\n<h2><span style=\"color: #d0006d;\">SLO\u017dEN\u00cd <span style=\"font-size: 14pt;\">\/<\/span> SLO\u017dEN\u00cd<\/span><\/h2>\n<\/div>\n<p><span style=\"color: #cebfb6;\">INCI : AQUA (VODA), PROPANEDIOL, PEG-6 KAPRYLOV\u00c9\/KAPRICOV\u00c9 GLYCERIDY, PEG-7 GLYCERYLKOKO\u00c1T, KAPRYLYL\/KAPRYLGLUKOSID, EXTRAKT Z LIST\u016e KAM\u00c9LIE SINENSIS, EXTRAKT Z CODIUM TOMENTOSUM, BUTYLENGLYKOL, HYDROXYETHYLCELUL\u00d3ZA, TETRASODIUM GLUTAM\u00c1T DIACET\u00c1T, KYSELINA CITRONOV\u00c1, PARFUM (V\u016eN\u011a), CETRIMONIUM BROMID.<\/span><\/p>\n<\/div>","protected":false},"excerpt":{"rendered":"<p>Rozjas\u0148uje ple\u0165, \u010dist\u00ed a odstra\u0148uje make-up.<\/p>","protected":false},"author":1,"featured_media":1788,"parent":47,"menu_order":0,"comment_status":"closed","ping_status":"closed","template":"page\/page-template-newprdwoman.php","meta":{"_mi_skip_tracking":false,"spay_email":""},"_links":{"self":[{"href":"https:\/\/hyfac.fr\/cs\/wp-json\/wp\/v2\/pages\/1433"}],"collection":[{"href":"https:\/\/hyfac.fr\/cs\/wp-json\/wp\/v2\/pages"}],"about":[{"href":"https:\/\/hyfac.fr\/cs\/wp-json\/wp\/v2\/types\/page"}],"author":[{"embeddable":true,"href":"https:\/\/hyfac.fr\/cs\/wp-json\/wp\/v2\/users\/1"}],"replies":[{"embeddable":true,"href":"https:\/\/hyfac.fr\/cs\/wp-json\/wp\/v2\/comments?post=1433"}],"version-history":[{"count":77,"href":"https:\/\/hyfac.fr\/cs\/wp-json\/wp\/v2\/pages\/1433\/revisions"}],"predecessor-version":[{"id":15025,"href":"https:\/\/hyfac.fr\/cs\/wp-json\/wp\/v2\/pages\/1433\/revisions\/15025"}],"up":[{"embeddable":true,"href":"https:\/\/hyfac.fr\/cs\/wp-json\/wp\/v2\/pages\/47"}],"wp:featuredmedia":[{"embeddable":true,"href":"https:\/\/hyfac.fr\/cs\/wp-json\/wp\/v2\/media\/1788"}],"wp:attachment":[{"href":"https:\/\/hyfac.fr\/cs\/wp-json\/wp\/v2\/media?parent=1433"}],"curies":[{"name":"wp","href":"https:\/\/api.w.org\/{rel}","templated":true}]}}