{"id":20,"date":"2016-04-20T18:00:05","date_gmt":"2016-04-20T16:00:05","guid":{"rendered":"http:\/\/hyfac.fr\/?page_id=20"},"modified":"2018-06-26T12:59:53","modified_gmt":"2018-06-26T10:59:53","slug":"informations","status":"publish","type":"page","link":"https:\/\/hyfac.fr\/cs\/informations\/","title":{"rendered":"Kontakt"},"content":{"rendered":"<p><img loading=\"lazy\" class=\"alignnone size-full wp-image-1594\" src=\"http:\/\/hyfac.fr\/wp-content\/uploads\/2016\/04\/Contact.png\" alt=\"Kontakt\" width=\"1776\" height=\"350\" srcset=\"https:\/\/hyfac.fr\/wp-content\/uploads\/2016\/04\/Contact.png 1776w, https:\/\/hyfac.fr\/wp-content\/uploads\/2016\/04\/Contact-300x59.png 300w, https:\/\/hyfac.fr\/wp-content\/uploads\/2016\/04\/Contact-1024x202.png 1024w\" sizes=\"(max-width: 1776px) 100vw, 1776px\" \/><\/p>\n<p style=\"text-align: center;\">V\u00edtejte na webov\u00fdch str\u00e1nk\u00e1ch kosmetiky Moulin Royal. N\u00e1\u0161 t\u00fdm v\u00e1m r\u00e1d zodpov\u00ed v\u0161echny va\u0161e dotazy, a to od pond\u011bl\u00ed do p\u00e1tku od 9 do 12 a od 14 do 17.30 hodin. Nev\u00e1hejte, zavolejte n\u00e1m nebo n\u00e1m zanechte zpr\u00e1vu pomoc\u00ed n\u00ed\u017ee uveden\u00e9ho kontaktn\u00edho formul\u00e1\u0159e.<\/p>\n<div style=\"float: right;\">\n<div style=\"display: block; position: relative; width: 80%; text-align: center;\">\n<h4 style=\"text-align: center; margin: 10px 0px 0px 0px; font-size: 30px; line-height: 24px;\"><a href=\"https:\/\/www.moulinroyalcosmetics.com\">Laboratoires Moulin Royal Cosmetics<\/a><\/h4>\n<p>&nbsp;<\/p>\n<p style=\"text-align: center;\">19, avenue de Cambridge<\/p>\n<p style=\"text-align: center; margin-top: -20px;\">14200 H\u00e9rouville Saint-Clair<\/p>\n<p>&nbsp;<\/p>\n<p style=\"text-align: center;\">Mail : contact@moulinroyal.com<\/p>\n<p style=\"text-align: center; margin-top: -20px;\">Tel: 02.31.44.46.51<\/p>\n<p style=\"text-align: center; margin-top: -20px;\">Fax: 09.70.61.41.14<\/p>\n<p><img loading=\"lazy\" class=\"aligncenter wp-image-140 size-full\" src=\"\/wp-content\/uploads\/2016\/04\/logo-MRC.png\" alt=\"logo-MRC\" width=\"300\" height=\"260\" \/><\/p>\n<\/div>\n<\/div>\n<div role=\"form\" class=\"wpcf7\" id=\"wpcf7-f65-o1\" lang=\"fr-FR\" dir=\"ltr\">\n<div class=\"screen-reader-response\"><\/div>\n<form action=\"\/cs\/wp-json\/wp\/v2\/pages\/20#wpcf7-f65-o1\" method=\"post\" class=\"wpcf7-form\" novalidate=\"novalidate\" data-trp-original-action=\"\/cs\/wp-json\/wp\/v2\/pages\/20#wpcf7-f65-o1\">\n<div style=\"display: none;\">\n<input type=\"hidden\" name=\"_wpcf7\" value=\"65\" \/>\n<input type=\"hidden\" name=\"_wpcf7_version\" value=\"5.1.1\" \/>\n<input type=\"hidden\" name=\"_wpcf7_locale\" value=\"fr_FR\" \/>\n<input type=\"hidden\" name=\"_wpcf7_unit_tag\" value=\"wpcf7-f65-o1\" \/>\n<input type=\"hidden\" name=\"_wpcf7_container_post\" value=\"0\" \/>\n<input type=\"hidden\" name=\"g-recaptcha-response\" value=\"\" \/>\n<\/div>\n<p>Va\u0161e jm\u00e9no (povinn\u00e9)<br \/>\n    <span class=\"wpcf7-form-control-wrap your-name\"><input type=\"text\" name=\"your-name\" value=\"\" size=\"40\" class=\"wpcf7-form-control wpcf7-text wpcf7-validates-as-required\" aria-required=\"true\" aria-invalid=\"false\" \/><\/span> <\/p>\n<p>V\u00e1\u0161 e-mail (povinn\u00e9)<br \/>\n    <span class=\"wpcf7-form-control-wrap your-email\"><input type=\"email\" name=\"your-email\" value=\"\" size=\"40\" class=\"wpcf7-form-control wpcf7-text wpcf7-email wpcf7-validates-as-required wpcf7-validates-as-email\" aria-required=\"true\" aria-invalid=\"false\" \/><\/span> <\/p>\n<p>P\u0159edm\u011bt<br \/>\n    <span class=\"wpcf7-form-control-wrap your-subject\"><input type=\"text\" name=\"your-subject\" value=\"\" size=\"40\" class=\"wpcf7-form-control wpcf7-text\" aria-invalid=\"false\" \/><\/span> <\/p>\n<p>Va\u0161e zpr\u00e1va<br \/>\n    <span class=\"wpcf7-form-control-wrap your-message\"><textarea name=\"your-message\" cols=\"40\" rows=\"10\" class=\"wpcf7-form-control wpcf7-textarea\" aria-invalid=\"false\"><\/textarea><\/span> <\/p>\n<p><input type=\"submit\" value=\"Odeslat\" class=\"wpcf7-form-control wpcf7-submit\" \/><\/p>\n<p style=\"display: none !important;\" class=\"akismet-fields-container\" data-prefix=\"_wpcf7_ak_\"><label>&#916;<textarea name=\"_wpcf7_ak_hp_textarea\" cols=\"45\" rows=\"8\" maxlength=\"100\"><\/textarea><\/label><input type=\"hidden\" id=\"ak_js_1\" name=\"_wpcf7_ak_js\" value=\"243\"\/><script>document.getElementById( \"ak_js_1\" ).setAttribute( \"value\", ( new Date() ).getTime() );<\/script><\/p><div class=\"wpcf7-response-output wpcf7-display-none\"><\/div><input type=\"hidden\" name=\"trp-form-language\" value=\"cs\"\/><\/form><\/div>\n<p><a href=\"https:\/\/hyfac.fr\/cs\/vie-privee-mentions-legales\/\">Ochrana osobn\u00edch \u00fadaj\u016f a pr\u00e1vn\u00ed informace<\/a><\/p>","protected":false},"excerpt":{"rendered":"<p>Bienvenue sur le site de Moulin Royal Cosmetics, notre \u00e9quipe se fera un plaisir de r\u00e9pondre \u00e0 toutes vos questions, du Lundi au Vendredi de 9h \u00e0 12h et de 14h \u00e0 17h30. N&#8217;h\u00e9sitez plus, appelez nous ou laissez-nous un message par le biais du formulaire de contact ci-dessous. Laboratoires Moulin Royal Cosmetics &nbsp; 19,\u2026 <a class='lire-suite' href=\"https:\/\/hyfac.fr\/cs\/informations\/\">P\u0159e\u010dt\u011bte si v\u00edce &gt;&gt;&gt;<\/a><\/p>","protected":false},"author":1,"featured_media":0,"parent":0,"menu_order":7,"comment_status":"closed","ping_status":"closed","template":"page\/page-template-defaulthyfac.php","meta":{"_mi_skip_tracking":false,"spay_email":""},"_links":{"self":[{"href":"https:\/\/hyfac.fr\/cs\/wp-json\/wp\/v2\/pages\/20"}],"collection":[{"href":"https:\/\/hyfac.fr\/cs\/wp-json\/wp\/v2\/pages"}],"about":[{"href":"https:\/\/hyfac.fr\/cs\/wp-json\/wp\/v2\/types\/page"}],"author":[{"embeddable":true,"href":"https:\/\/hyfac.fr\/cs\/wp-json\/wp\/v2\/users\/1"}],"replies":[{"embeddable":true,"href":"https:\/\/hyfac.fr\/cs\/wp-json\/wp\/v2\/comments?post=20"}],"version-history":[{"count":31,"href":"https:\/\/hyfac.fr\/cs\/wp-json\/wp\/v2\/pages\/20\/revisions"}],"predecessor-version":[{"id":68,"href":"https:\/\/hyfac.fr\/cs\/wp-json\/wp\/v2\/pages\/20\/revisions\/68"}],"wp:attachment":[{"href":"https:\/\/hyfac.fr\/cs\/wp-json\/wp\/v2\/media?parent=20"}],"curies":[{"name":"wp","href":"https:\/\/api.w.org\/{rel}","templated":true}]}}