{"id":22,"date":"2016-04-20T16:59:25","date_gmt":"2016-04-20T14:59:25","guid":{"rendered":"http:\/\/hyfac.fr\/?page_id=22"},"modified":"2019-06-30T17:46:29","modified_gmt":"2019-06-30T15:46:29","slug":"nos-gammes","status":"publish","type":"page","link":"https:\/\/hyfac.fr\/cs\/nos-gammes\/","title":{"rendered":"Na\u0161e sortimenty"},"content":{"rendered":"<p style=\"text-align: justify;\"><img loading=\"lazy\" class=\"alignnone size-full wp-image-1598\" src=\"http:\/\/hyfac.fr\/wp-content\/uploads\/2016\/04\/Nos-Gammes.png\" alt=\"Nos-Gammes\" width=\"1776\" height=\"350\" srcset=\"https:\/\/hyfac.fr\/wp-content\/uploads\/2016\/04\/Nos-Gammes.png 1776w, https:\/\/hyfac.fr\/wp-content\/uploads\/2016\/04\/Nos-Gammes-300x59.png 300w, https:\/\/hyfac.fr\/wp-content\/uploads\/2016\/04\/Nos-Gammes-1024x202.png 1024w\" sizes=\"(max-width: 1776px) 100vw, 1776px\" \/><br \/>\n<a href=\"https:\/\/hyfac.fr\/cs\/nos-gammes\/hyfac-classique\/\"><img loading=\"lazy\" id=\"logo-gamme-1\" class=\"alignleft wp-image-93\" src=\"http:\/\/hyfac.fr\/wp-content\/uploads\/2016\/04\/Logo-hyfac-ok-300x202.png\" alt=\"logo_HW\" width=\"160\" height=\"133\" \/><\/a><br \/>\n<strong>HYFAC ORIGINAL<\/strong>\u00a0je \u0159ada p\u00e9\u010de o mladou ple\u0165 s nedokonalostmi. D\u00edky v\u00edce ne\u017e 30 let\u016fm zku\u0161enost\u00ed se tato \u0159ada stala obl\u00edbenou mezi dermatology.<\/p>\n<p><a id=\"link-gamme-classic\" href=\"https:\/\/hyfac.fr\/cs\/nos-gammes\/hyfac-classique\/\">Objevte l\u00e9\u010debn\u00e9 postupy &gt;&gt;&gt;<\/a><\/p>\n<p>&nbsp;<\/p>\n<div class=\"hr-hyfac\"><\/div>\n<p>&nbsp;<\/p>\n<p style=\"text-align: justify;\"><a href=\"https:\/\/hyfac.fr\/cs\/nos-gammes\/hyfac-woman\/\"><img loading=\"lazy\" id=\"logo-gamme-2\" class=\"alignleft wp-image-93\" src=\"http:\/\/hyfac.fr\/wp-content\/uploads\/2016\/04\/logo_HW-300x249.png\" alt=\"logo_HW\" width=\"160\" height=\"133\" srcset=\"https:\/\/hyfac.fr\/wp-content\/uploads\/2016\/04\/logo_HW-300x249.png 300w, https:\/\/hyfac.fr\/wp-content\/uploads\/2016\/04\/logo_HW-1024x851.png 1024w, https:\/\/hyfac.fr\/wp-content\/uploads\/2016\/04\/logo_HW.png 1092w\" sizes=\"(max-width: 160px) 100vw, 160px\" \/><\/a><br \/>\n<strong>HYFAC WOMAN<\/strong>\u00a0je \u0159ada produkt\u016f ur\u010den\u00e1 \u017een\u00e1m s problematickou plet\u00ed. P\u0159esv\u011bd\u010d\u00ed v\u00e1s o tom nejen \u00fa\u010dinnost, ale tak\u00e9 jemnost a v\u016fn\u011b t\u011bchto p\u0159\u00edpravk\u016f, kter\u00e9 se stanou skute\u010dn\u00fdm pot\u011b\u0161en\u00edm v ka\u017edodenn\u00edm \u017eivot\u011b.<\/p>\n<p><a id=\"link-gamme-woman\" href=\"https:\/\/hyfac.fr\/cs\/nos-gammes\/hyfac-woman\/\">Objevte l\u00e9\u010debn\u00e9 postupy &gt;&gt;&gt;<\/a><\/p>\n<p>&nbsp;<\/p>\n<div class=\"hr-hyfac\"><\/div>\n<p>&nbsp;<\/p>\n<p style=\"text-align: justify;\"><a href=\"https:\/\/hyfac.fr\/cs\/nos-gammes\/hydrafac\/\"><img loading=\"lazy\" id=\"logo-gamme-3\" class=\"alignleft wp-image-2463\" src=\"http:\/\/hyfac.fr\/wp-content\/uploads\/2018\/02\/logo_hyfac_hydrafac.png\" alt=\"logo Hydrafac\" width=\"160\" height=\"135\" srcset=\"https:\/\/hyfac.fr\/wp-content\/uploads\/2018\/02\/logo_hyfac_hydrafac.png 1674w, https:\/\/hyfac.fr\/wp-content\/uploads\/2018\/02\/logo_hyfac_hydrafac-300x253.png 300w, https:\/\/hyfac.fr\/wp-content\/uploads\/2018\/02\/logo_hyfac_hydrafac-1024x865.png 1024w\" sizes=\"(max-width: 160px) 100vw, 160px\" \/><\/a><br \/>\n<strong>HYDRAFAC<\/strong>\u00a0est une gamme de produits d&#8217;hydratation pour tous type de peaux, qu&#8217;elles soient s\u00e8ches, normales ou mixtes.\u00a0Elle se compose d&#8217;une cr\u00e8me riche pour l&#8217;hiver, une cr\u00e8me l\u00e9g\u00e8re pour l&#8217;\u00e9t\u00e9 ainsi qu&#8217;un baume \u00e0 l\u00e8vres.<\/p>\n<p><a id=\"link-gamme-hydrafac\" href=\"https:\/\/hyfac.fr\/cs\/nos-gammes\/hydrafac\/\">Objevte l\u00e9\u010debn\u00e9 postupy &gt;&gt;&gt;<\/a><\/p>\n<p>&nbsp;<\/p>\n<div class=\"hr-hyfac\"><\/div>\n<p>&nbsp;<\/p>\n<p style=\"text-align: justify;\"><a href=\"https:\/\/hyfac.fr\/cs\/nos-gammes\/clarifac-soin-anti-taches\/\"><img loading=\"lazy\" id=\"logo-gamme-6\" class=\"alignleft wp-image-2820\" src=\"http:\/\/hyfac.fr\/wp-content\/uploads\/2018\/02\/logo_hyfac_clarifac.jpg\" alt=\"logo_hyfac_clarifac\" width=\"160\" height=\"135\" srcset=\"https:\/\/hyfac.fr\/wp-content\/uploads\/2018\/02\/logo_hyfac_clarifac.jpg 1674w, https:\/\/hyfac.fr\/wp-content\/uploads\/2018\/02\/logo_hyfac_clarifac-300x253.jpg 300w, https:\/\/hyfac.fr\/wp-content\/uploads\/2018\/02\/logo_hyfac_clarifac-1024x865.jpg 1024w\" sizes=\"(max-width: 160px) 100vw, 160px\" \/><\/a><br \/>\n<strong>CLARIFAC<\/strong> je p\u0159\u00edpravek proti pigmentov\u00fdm skvrn\u00e1m ur\u010den\u00fd speci\u00e1ln\u011b pro ple\u0165 s pigmentov\u00fdmi skvrnami. D\u00edky r\u016fzn\u00fdm aktivn\u00edm slo\u017ek\u00e1m na rostlinn\u00e9 b\u00e1zi rozjas\u0148uje, hydratuje a ka\u017edodenn\u011b chr\u00e1n\u00ed va\u0161i ple\u0165.<\/p>\n<p><a id=\"link-gamme-clarifac\" href=\"https:\/\/hyfac.fr\/cs\/nos-gammes\/clarifac-soin-anti-taches\/\">Objevte l\u00e9\u010debn\u00e9 postupy &gt;&gt;&gt;<\/a><\/p>\n<p>&nbsp;<\/p>\n<div class=\"hr-hyfac\"><\/div>\n<p>&nbsp;<\/p>\n<p style=\"text-align: justify;\"><a href=\"https:\/\/hyfac.fr\/cs\/nos-gammes\/fotoker-creme-dermatologique\/\"><img loading=\"lazy\" id=\"logo-gamme-5\" class=\"alignleft wp-image-2613\" src=\"http:\/\/hyfac.fr\/wp-content\/uploads\/2018\/02\/logo_hyfac_fotoker.jpg\" alt=\"logo fotoklubu\" width=\"160\" height=\"135\" srcset=\"https:\/\/hyfac.fr\/wp-content\/uploads\/2018\/02\/logo_hyfac_fotoker.jpg 1674w, https:\/\/hyfac.fr\/wp-content\/uploads\/2018\/02\/logo_hyfac_fotoker-300x253.jpg 300w, https:\/\/hyfac.fr\/wp-content\/uploads\/2018\/02\/logo_hyfac_fotoker-1024x865.jpg 1024w\" sizes=\"(max-width: 160px) 100vw, 160px\" \/><\/a><br \/>\n<strong>FOTOKER<\/strong> (zdravotnick\u00fd prost\u0159edek) je preventivn\u00ed l\u00e9\u010dba po\u0161kozen\u00ed zp\u016fsoben\u00e9ho slune\u010dn\u00edm z\u00e1\u0159en\u00edm, kter\u00e1 nab\u00edz\u00ed dvoj\u00ed \u00fa\u010dinek - opravu a prevenci - kombinac\u00ed fotol\u00fdzy, enzymu pro opravu DNA v epiderm\u00e1ln\u00edch bu\u0148k\u00e1ch, a \u0161irokospektr\u00e1ln\u00edho opalovac\u00edho kr\u00e9mu.<\/p>\n<p><a id=\"link-gamme-fotoker\" href=\"https:\/\/hyfac.fr\/cs\/nos-gammes\/fotoker-creme-dermatologique\/\">Objevte l\u00e9\u010debn\u00e9 postupy &gt;&gt;&gt;<\/a><\/p>\n<p>&nbsp;<\/p>\n<div class=\"hr-hyfac\"><\/div>\n<p>&nbsp;<\/p>\n<p style=\"text-align: justify;\">\n<a href=\"https:\/\/hyfac.fr\/cs\/nos-gammes\/hyfac-sun\/\"><img loading=\"lazy\" id=\"logo-gamme-5\" class=\"alignleft wp-image-2621\" src=\"https:\/\/hyfac.fr\/wp-content\/uploads\/2018\/02\/logo_hyfac_sun.jpg\" alt=\"logo hyfacsun\" width=\"160\" height=\"135\" srcset=\"https:\/\/hyfac.fr\/wp-content\/uploads\/2018\/02\/logo_hyfac_sun.jpg 1674w, https:\/\/hyfac.fr\/wp-content\/uploads\/2018\/02\/logo_hyfac_sun-300x253.jpg 300w, https:\/\/hyfac.fr\/wp-content\/uploads\/2018\/02\/logo_hyfac_sun-1024x865.jpg 1024w\" sizes=\"(max-width: 160px) 100vw, 160px\" \/><\/a><br \/>\n<strong>HYFAC SUN<\/strong> je \u0159ada v\u00fdrobk\u016f s velmi vysokou ochranou proti slune\u010dn\u00edmu z\u00e1\u0159en\u00ed (SPF 50+) s dvojn\u00e1sobnou \u00fa\u010dinnost\u00ed. Na\u0161e dva p\u0159\u00edpravky, neviditeln\u00e9 nebo t\u00f3novan\u00e9, chr\u00e1n\u00ed poko\u017eku p\u0159ed slune\u010dn\u00edmi paprsky (UVB a UVA) a vn\u011bj\u0161\u00edmi vlivy d\u00edky sv\u00fdm vlastnostem proti zne\u010di\u0161t\u011bn\u00ed.<\/p>\n<p><a id=\"link-gamme-hyfacsun\" href=\"https:\/\/hyfac.fr\/cs\/nos-gammes\/hyfac-sun\/\">Objevte l\u00e9\u010debn\u00e9 postupy &gt;&gt;&gt;<\/a><\/p>","protected":false},"excerpt":{"rendered":"<p>HYFAC ORIGINAL\u00a0est une gamme de soins pour les peaux jeunes \u00e0 imperfections. Avec plus de 30 ans d\u2019exp\u00e9rience, cette gamme est devenue l\u2019une des favorites des dermatologues. D\u00e9couvrir les soins &gt;&gt;&gt; &nbsp; &nbsp; HYFAC WOMAN\u00a0est une gamme de soins d\u00e9di\u00e9s aux femmes ayant une peau \u00e0 imperfections. Vous serez conquises par l\u2019efficacit\u00e9 mais aussi par\u2026 <a class='lire-suite' href=\"https:\/\/hyfac.fr\/cs\/nos-gammes\/\">P\u0159e\u010dt\u011bte si v\u00edce &gt;&gt;&gt;<\/a><\/p>","protected":false},"author":1,"featured_media":0,"parent":0,"menu_order":1,"comment_status":"closed","ping_status":"closed","template":"page\/page-template-defaulthyfac.php","meta":{"_mi_skip_tracking":false,"spay_email":""},"_links":{"self":[{"href":"https:\/\/hyfac.fr\/cs\/wp-json\/wp\/v2\/pages\/22"}],"collection":[{"href":"https:\/\/hyfac.fr\/cs\/wp-json\/wp\/v2\/pages"}],"about":[{"href":"https:\/\/hyfac.fr\/cs\/wp-json\/wp\/v2\/types\/page"}],"author":[{"embeddable":true,"href":"https:\/\/hyfac.fr\/cs\/wp-json\/wp\/v2\/users\/1"}],"replies":[{"embeddable":true,"href":"https:\/\/hyfac.fr\/cs\/wp-json\/wp\/v2\/comments?post=22"}],"version-history":[{"count":85,"href":"https:\/\/hyfac.fr\/cs\/wp-json\/wp\/v2\/pages\/22\/revisions"}],"predecessor-version":[{"id":7353,"href":"https:\/\/hyfac.fr\/cs\/wp-json\/wp\/v2\/pages\/22\/revisions\/7353"}],"wp:attachment":[{"href":"https:\/\/hyfac.fr\/cs\/wp-json\/wp\/v2\/media?parent=22"}],"curies":[{"name":"wp","href":"https:\/\/api.w.org\/{rel}","templated":true}]}}