{"id":24,"date":"2016-04-20T16:59:46","date_gmt":"2016-04-20T14:59:46","guid":{"rendered":"http:\/\/hyfac.fr\/?page_id=24"},"modified":"2020-12-08T08:54:00","modified_gmt":"2020-12-08T07:54:00","slug":"le-laboratoire","status":"publish","type":"page","link":"https:\/\/hyfac.fr\/cs\/le-laboratoire\/","title":{"rendered":"Laborato\u0159"},"content":{"rendered":"<h1><img loading=\"lazy\" class=\"alignnone size-full wp-image-1596\" src=\"http:\/\/hyfac.fr\/wp-content\/uploads\/2016\/04\/Le-Laboratoire.png\" alt=\"Laborato\u0159\" width=\"1776\" height=\"350\" srcset=\"https:\/\/hyfac.fr\/wp-content\/uploads\/2016\/04\/Le-Laboratoire.png 1776w, https:\/\/hyfac.fr\/wp-content\/uploads\/2016\/04\/Le-Laboratoire-300x59.png 300w, https:\/\/hyfac.fr\/wp-content\/uploads\/2016\/04\/Le-Laboratoire-1024x202.png 1024w\" sizes=\"(max-width: 1776px) 100vw, 1776px\" \/><\/h1>\n<h2><span style=\"color: #68153d;\">NA\u0160I DERMATOLOGOV\u00c9<\/span><\/h2>\n<div class=\"hr-hyfac hr-hyfac-labo\"><\/div>\n<p style=\"text-align: justify;\"><img loading=\"lazy\" class=\"alignleft size-medium wp-image-1660\" src=\"http:\/\/hyfac.fr\/wp-content\/uploads\/2016\/04\/illus_dermato_hyfac-259x300.png\" alt=\"illus_dermato_hyfac\" width=\"259\" height=\"300\" srcset=\"https:\/\/hyfac.fr\/wp-content\/uploads\/2016\/04\/illus_dermato_hyfac-259x300.png 259w, https:\/\/hyfac.fr\/wp-content\/uploads\/2016\/04\/illus_dermato_hyfac-883x1024.png 883w, https:\/\/hyfac.fr\/wp-content\/uploads\/2016\/04\/illus_dermato_hyfac.png 1545w\" sizes=\"(max-width: 259px) 100vw, 259px\" \/><\/p>\n<p style=\"text-align: justify;\">Od vytvo\u0159en\u00ed\u00a0<a href=\"https:\/\/www.moulinroyalcosmetics.com\">Laboratoires Moulin Royal Cosmetics<\/a>Na\u0161\u00edm p\u0159\u00e1n\u00edm bylo nav\u00e1zat privilegovan\u00fd vztah s dermatology. M\u00e1me stejn\u00fd c\u00edl: uspokojovat pot\u0159eby pacient\u016f bezpe\u010dn\u00fdmi, \u00fa\u010dinn\u00fdmi a dob\u0159e sn\u00e1\u0161en\u00fdmi produkty. V pr\u016fb\u011bhu let se toto partnerstv\u00ed rozrostlo a dnes pracujeme ruku v ruce s na\u0161imi dermatology. Spole\u010dn\u011b vyv\u00edj\u00edme nov\u00e9 dermokosmetick\u00e9 \u0159ady v n\u011bkolika oblastech (<a href=\"https:\/\/hyfac.fr\/cs\/nos-gammes\/hyfac-woman\/\">akn\u00e9 u \u017een<\/a>, <a href=\"https:\/\/hyfac.fr\/cs\/nos-gammes\/hydrafac\/\">hydratace<\/a>atd.).<\/p>\n<p style=\"text-align: justify;\">Vytvo\u0159ili jsme s nimi tak\u00e9 sekci \"SOS Dermato\", kter\u00e1 n\u00e1m umo\u017e\u0148uje odpov\u00eddat na dotazy spot\u0159ebitel\u016f t\u00fdkaj\u00edc\u00ed se poko\u017eky. <a href=\"https:\/\/hyfac.fr\/cs\/conseils-dermato\/1287-lacne-et-lalimentation\/\">nap\u00e1jen\u00ed<\/a>akn\u00e9 &amp; <a href=\"https:\/\/hyfac.fr\/cs\/conseils-dermato\/1289-lacne-et-la-contraception\/\">antikoncepce<\/a>, <a href=\"https:\/\/hyfac.fr\/cs\/sos-dermato\/4326-hydratation-de-la-peau\/\">hydratace<\/a>, <a href=\"https:\/\/hyfac.fr\/cs\/sos-dermato\/4324-le-soleil-et-la-peau\/\">k\u016f\u017ee a slunce<\/a>a mnoho dal\u0161\u00edho.<\/p>\n<p style=\"text-align: justify;\">V neposledn\u00ed \u0159ad\u011b pravideln\u011b cestujeme po Francii, abychom s dermatology diskutovali o ned\u00e1vno publikovan\u00fdch v\u011bdeck\u00fdch \u010dl\u00e1nc\u00edch. Tato setk\u00e1n\u00ed se naz\u00fdvaj\u00ed \"v\u011bdeck\u00e9 kav\u00e1rny\".<\/p>\n<p>&nbsp;<\/p>\n<h2><span style=\"color: #68153d;\">LA CREATION D&#8217;HYFAC<\/span><\/h2>\n<div class=\"hr-hyfac hr-hyfac-labo\"><\/div>\n<p><img loading=\"lazy\" class=\"alignleft size-medium wp-image-1661\" src=\"http:\/\/hyfac.fr\/wp-content\/uploads\/2016\/04\/labo_hyfac_1-300x200-300x200.jpg\" alt=\"labo_hyfac_1-300x200\" width=\"300\" height=\"200\" \/><\/p>\n<p style=\"text-align: justify;\">P\u0159\u00edb\u011bh za\u010d\u00edn\u00e1 v roce 1984 v laborato\u0159i. Alice pracovala jako chemi\u010dka na v\u00fdvoji \u0161amponu. Po n\u011bkolikadenn\u00edm testov\u00e1n\u00ed \u0161amponu si uv\u011bdomila, \u017ee na \u010dele, v oblasti bl\u00edzko poko\u017eky hlavy, se jej\u00ed ple\u0165 zd\u00e1 \u010dist\u0161\u00ed, m\u00e9n\u011b mastn\u00e1. Alice a jej\u00ed p\u0159\u00e1tel\u00e9 se pustili do pr\u00e1ce, aby zjistili p\u016fvod t\u00e9to vzne\u0161en\u00e9 akce. V\u00fdsledky uk\u00e1zaly, \u017ee za tento p\u0159\u00edzniv\u00fd \u00fa\u010dinek na poko\u017eku je zodpov\u011bdn\u00fd pirokton olamin. Po tomto n\u00e1hodn\u00e9m, ale slibn\u00e9m objevu se laborato\u0159 rozhodla vyvinout origin\u00e1ln\u00ed p\u0159\u00edpravky na b\u00e1zi pirokton olaminu, kter\u00e9 by pomohly pleti se sklonem k akn\u00e9.<\/p>\n<p style=\"text-align: justify;\">Tak se zrodil n\u00e1sleduj\u00edc\u00ed text <span style=\"color: #68153d;\"><strong>HYFAC<\/strong><\/span> <a href=\"https:\/\/hyfac.fr\/cs\/nos-gammes\/hyfac-classique\/\">p\u00e9\u010de o mladou ple\u0165<\/a>. \u0158ada <span style=\"color: #68153d;\"><strong>jednoduch\u00fd<\/strong>, <strong>efektivn\u00ed<\/strong><\/span>s <span style=\"color: #68153d;\"><strong>uznan\u00e1 aktiva<\/strong><\/span>.<\/p>\n<p style=\"text-align: justify;\">HYFAC je o tom, \u017ee si uv\u011bdomujeme, \u017ee s akn\u00e9 je t\u011b\u017ek\u00e9 \u017e\u00edt, \u017ee se objevuje v obdob\u00ed dosp\u00edv\u00e1n\u00ed a trv\u00e1 dlouho, ne\u017e odezn\u00ed. Akn\u00e9 je onemocn\u011bn\u00ed, kter\u00e9 vy\u017eaduje <span style=\"color: #68153d;\"><strong>komplexn\u00ed p\u00e9\u010de<\/strong><\/span> s dobr\u00fdmi v\u00fdrobky, ale tak\u00e9 s p\u0159izp\u016fsoben\u00fdm \u017eivotn\u00edm stylem. Proto v\u00e1m HYFAC pom\u00e1h\u00e1 porozum\u011bt va\u0161emu onemocn\u011bn\u00ed.<\/p>\n<p style=\"text-align: justify;\">Se zku\u0161en\u00fdm t\u00fdmem <span style=\"color: #68153d;\"><strong>dermatologov\u00e9<\/strong><\/span>z <span style=\"color: #68153d;\"><strong>l\u00e9k\u00e1rn\u00edci<\/strong><\/span> a mlad\u00e9 lidi, Laboratoire Moulin Royal Cosmetics pokra\u010duje ve v\u00fdvoji nov\u00fdch dermokosmetick\u00fdch \u0159ad p\u0159izp\u016fsoben\u00fdch ka\u017ed\u00e9 pot\u0159eb\u011b a ka\u017ed\u00e9mu \u017eivotn\u00edmu stylu.<\/p>\n<p>&nbsp;<\/p>\n<h2><span style=\"color: #68153d;\">KODEX CHOV\u00c1N\u00cd<\/span><\/h2>\n<div class=\"hr-hyfac hr-hyfac-labo\"><\/div>\n<p><img loading=\"lazy\" class=\"alignright wp-image-436\" src=\"http:\/\/hyfac.fr\/wp-content\/uploads\/2015\/07\/labo_hyfac_3.jpg\" alt=\"labo_hyfac\" width=\"250\" height=\"375\" \/>Zavazujeme se respektovat na\u0161i chartu zpravodajsk\u00fdch a kosmetick\u00fdch po\u017eadavk\u016f:<\/p>\n<ul>\n<li style=\"text-align: justify;\">Inovace a <span style=\"color: #68153d;\"><strong>hled\u00e1n\u00ed maxim\u00e1ln\u00ed kvality<\/strong><\/span> mus\u00ed b\u00fdt p\u0159\u00edtomny na v\u0161ech \u00farovn\u00edch, od n\u00e1vrhu a\u017e po distribuci.<\/li>\n<li style=\"text-align: justify;\">Na\u0161e slo\u017eky a \u00fa\u010dinn\u00e9 l\u00e1tky podl\u00e9haj\u00ed<span style=\"color: #68153d;\"><strong>rozs\u00e1hl\u00e9 z\u00e1kladn\u00ed studie<\/strong><\/span> pro jejich rozvoj.<\/li>\n<li style=\"text-align: justify;\">Technick\u00e1 kvalita na\u0161ich <span style=\"color: #68153d;\"><strong>dod\u00e1vkov\u00e9 syst\u00e9my<\/strong><\/span> umo\u017e\u0148uje u v\u011bt\u0161iny na\u0161ich v\u00fdrobk\u016f absenci kontaktu s okoln\u00edm vzduchem (airless syst\u00e9my).<\/li>\n<li style=\"text-align: justify;\">Realizace<span style=\"color: #68153d;\"><strong>klinick\u00e9 zkou\u0161ky<\/strong><\/span> je napl\u00e1nov\u00e1no pro v\u0161echny na\u0161e reference. Prov\u00e1d\u011bj\u00ed ji dermatologi\u010dt\u00ed vy\u0161et\u0159ovatel\u00e9.<\/li>\n<li style=\"text-align: justify;\">La <a href=\"https:\/\/hyfac.fr\/cs\/pres-de-chez-vous\/\">distribuce<\/a> na adrese <span style=\"color: #68153d;\"><strong>l\u00e9k\u00e1rny a parafarmacie<\/strong><\/span> je na\u0161\u00ed marketingovou volbou.<\/li>\n<li style=\"text-align: justify;\">A kone\u010dn\u011b, n\u00e1\u0161 c\u00edl rozv\u00edjet v<span style=\"color: #68153d;\"><strong>mezin\u00e1rodn\u00ed<\/strong><\/span> posiluje n\u00e1\u0161 z\u00e1jem o p\u0159\u00edsnou kvalitu.<\/li>\n<\/ul>\n<p>&nbsp;<\/p>\n<h2><span style=\"color: #68153d;\">MEZIN\u00c1RODN\u00cd P\u0158\u00cdTOMNOST<\/span><\/h2>\n<div class=\"hr-hyfac hr-hyfac-labo\"><\/div>\n<p><img loading=\"lazy\" class=\"aligncenter size-full wp-image-4704\" src=\"https:\/\/hyfac.fr\/wp-content\/uploads\/2018\/05\/carte_monde_vierge_frontiere_pays_continent_hyfac_toutes_gammes.jpg\" alt=\"\" width=\"1839\" height=\"878\" srcset=\"https:\/\/hyfac.fr\/wp-content\/uploads\/2018\/05\/carte_monde_vierge_frontiere_pays_continent_hyfac_toutes_gammes.jpg 1839w, https:\/\/hyfac.fr\/wp-content\/uploads\/2018\/05\/carte_monde_vierge_frontiere_pays_continent_hyfac_toutes_gammes-300x143.jpg 300w, https:\/\/hyfac.fr\/wp-content\/uploads\/2018\/05\/carte_monde_vierge_frontiere_pays_continent_hyfac_toutes_gammes-1024x489.jpg 1024w\" sizes=\"(max-width: 1839px) 100vw, 1839px\" \/><\/p>\n<h2><\/h2>\n<p style=\"text-align: center;\">Dal\u0161\u00ed informace naleznete na adrese : <a href=\"https:\/\/www.moulinroyalcosmetics.com\">www.moulinroyalcosmetics.com<\/a><\/p>","protected":false},"excerpt":{"rendered":"<p>NOS EXPERTS DERMATOLOGUES D\u00e8s la cr\u00e9ation des\u00a0Laboratoires Moulin Royal Cosmetics, notre souhait a \u00e9t\u00e9 de nouer avec les dermatologues des relations privil\u00e9gi\u00e9es. Nous avons la m\u00eame ligne de conduite\u00a0: r\u00e9pondre aux besoins des patients avec des produits s\u00fbrs, efficaces et bien tol\u00e9r\u00e9s. Au fil des ann\u00e9es, ce partenariat s\u2019amplifia et nous travaillons aujourd\u2019hui main dans\u2026 <a class='lire-suite' href=\"https:\/\/hyfac.fr\/cs\/le-laboratoire\/\">P\u0159e\u010dt\u011bte si v\u00edce &gt;&gt;&gt;<\/a><\/p>","protected":false},"author":1,"featured_media":0,"parent":0,"menu_order":4,"comment_status":"closed","ping_status":"closed","template":"page\/page-template-defaulthyfac.php","meta":{"_mi_skip_tracking":false,"spay_email":""},"_links":{"self":[{"href":"https:\/\/hyfac.fr\/cs\/wp-json\/wp\/v2\/pages\/24"}],"collection":[{"href":"https:\/\/hyfac.fr\/cs\/wp-json\/wp\/v2\/pages"}],"about":[{"href":"https:\/\/hyfac.fr\/cs\/wp-json\/wp\/v2\/types\/page"}],"author":[{"embeddable":true,"href":"https:\/\/hyfac.fr\/cs\/wp-json\/wp\/v2\/users\/1"}],"replies":[{"embeddable":true,"href":"https:\/\/hyfac.fr\/cs\/wp-json\/wp\/v2\/comments?post=24"}],"version-history":[{"count":48,"href":"https:\/\/hyfac.fr\/cs\/wp-json\/wp\/v2\/pages\/24\/revisions"}],"predecessor-version":[{"id":14760,"href":"https:\/\/hyfac.fr\/cs\/wp-json\/wp\/v2\/pages\/24\/revisions\/14760"}],"wp:attachment":[{"href":"https:\/\/hyfac.fr\/cs\/wp-json\/wp\/v2\/media?parent=24"}],"curies":[{"name":"wp","href":"https:\/\/api.w.org\/{rel}","templated":true}]}}