{"id":2441,"date":"2018-02-14T00:39:05","date_gmt":"2018-02-13T23:39:05","guid":{"rendered":"http:\/\/hyfac.fr\/?page_id=2441"},"modified":"2022-02-10T01:32:37","modified_gmt":"2022-02-10T00:32:37","slug":"creme-legere","status":"publish","type":"page","link":"https:\/\/hyfac.fr\/cs\/nos-gammes\/hydrafac\/creme-legere\/","title":{"rendered":"Sv\u011btl\u00e1 smetana"},"content":{"rendered":"<div style=\"width: 960px;\"><\/div>\n<div id=\"prd\">\n<div class=\"csRow\">\n<div class=\"csColumn\" style=\"margin: 0px; padding: 0px; float: left; width: 47%;\" data-csstartpoint=\"0\" data-csendpoint=\"470\" data-cswidth=\"47.0%\" data-csid=\"beb42ad8-6bfd-a029-8282-bd93ae120b4d\">\n<style type=\"text\/css\">#soliloquy-container-5185 .soliloquy-pager{bottom: 10px;}<\/style><div class=\"soliloquy-outer-container\" data-soliloquy-loaded=\"0\"><div aria-live=\"polite\" id=\"soliloquy-container-5308\" class=\"soliloquy-container soliloquy-transition-horizontal soliloquy-slide-horizontal soliloquy-controls-active slider-img-prd soliloquy-theme-base\" style=\"max-width:390px;max-height:600px;margin:0 auto 20px;max-width:100%;max-height:none;\"><ul id=\"soliloquy-5308\" class=\"soliloquy-slider soliloquy-slides soliloquy-wrap soliloquy-clear\"><li aria-hidden=\"true\" class=\"soliloquy-item soliloquy-item-1 soliloquy-id-5552 soliloquy-image-slide\" draggable=\"false\" style=\"list-style:none;\"><img id=\"soliloquy-image-5552\" class=\"soliloquy-image soliloquy-image-1\" src=\"https:\/\/hyfac.fr\/wp-content\/uploads\/2018\/09\/Diapositive23-390x600_c.jpeg\" alt=\"HYDRAFAC bohat\u00fd lehk\u00fd hydrata\u010dn\u00ed kr\u00e9m pro norm\u00e1ln\u00ed a\u017e sm\u00ed\u0161enou ple\u0165\" \/><\/li><li aria-hidden=\"true\" class=\"soliloquy-item soliloquy-item-2 soliloquy-id-5553 soliloquy-image-slide\" draggable=\"false\" style=\"list-style:none;\"><img id=\"soliloquy-image-5553\" class=\"soliloquy-image soliloquy-image-2 soliloquy-preload\" src=\"https:\/\/hyfac.fr\/wp-content\/plugins\/soliloquy\/assets\/css\/images\/holder.gif\" data-soliloquy-src=\"https:\/\/hyfac.fr\/wp-content\/uploads\/2018\/09\/Diapositive24-390x600_c.jpeg\" alt=\"HYDRAFAC bohat\u00fd lehk\u00fd hydrata\u010dn\u00ed kr\u00e9m pro norm\u00e1ln\u00ed a\u017e sm\u00ed\u0161enou ple\u0165\" \/><\/li><\/ul><\/div><noscript><style type=\"text\/css\" scoped>#soliloquy-container-5308{opacity:1}#soliloquy-container-5308 li > .soliloquy-caption{display:none}#soliloquy-container-5308 li:first-child > .soliloquy-caption{display:block}<\/style><div class=\"soliloquy-no-js\" style=\"display:none;visibility:hidden;height:0;line-height:0;opacity:0;\"><img class=\"soliloquy-image soliloquy-no-js-image\" src=\"https:\/\/hyfac.fr\/wp-content\/uploads\/2018\/09\/Diapositive23.jpeg\" alt=\"HYDRAFAC bohat\u00fd lehk\u00fd hydrata\u010dn\u00ed kr\u00e9m pro norm\u00e1ln\u00ed a\u017e sm\u00ed\u0161enou ple\u0165\" \/><img class=\"soliloquy-image soliloquy-no-js-image\" src=\"https:\/\/hyfac.fr\/wp-content\/uploads\/2018\/09\/Diapositive24.jpeg\" alt=\"HYDRAFAC bohat\u00fd lehk\u00fd hydrata\u010dn\u00ed kr\u00e9m pro norm\u00e1ln\u00ed a\u017e sm\u00ed\u0161enou ple\u0165\" \/><\/div><\/noscript><\/div>\n<\/div>\n<div class=\"csColumnGap\" style=\"margin: 0px; padding: 0px; float: left; width: 3.7%;\"><img style=\"border: none;\" src=\"https:\/\/hyfac.fr\/wp-content\/plugins\/advanced-wp-columns\/assets\/js\/plugins\/views\/img\/1x1-pixel.png\" \/><\/div>\n<div class=\"csColumn\" style=\"margin: 0px; padding: 0px; float: left; width: 49.3%;\" data-csstartpoint=\"507\" data-csendpoint=\"1000\" data-cswidth=\"49.3%\" data-csid=\"56e6cac6-63f3-6945-9ddf-f20a5ec7912c\">\n<h1><span style=\"color: #0075b2; line-height: 35px;\">CREAM LIGHT<\/span><\/h1>\n<p><span style=\"color: #0075b2;\">\u0158ada HYDRAFAC<\/span><br \/>\n40ml tuba<\/p>\n<p><br \/>\nSoin hydratant visage pour peaux normales \u00e0 mixtes. Am\u00e9liore le renouvellement de l&#8217;\u00e9piderme et prot\u00e8ge durablement la peau.<\/p>\n<ul id=\"ulprd\">\n<li><img class=\"logo-prd\" src=\"\/wp-content\/uploads\/2018\/09\/Hydrate.png\" alt=\"Zvlh\u010duje\" width=\"50\" \/><br \/>\nHYDRATE<\/li>\n<li><img class=\"logo-prd\" src=\"\/wp-content\/uploads\/2018\/09\/Protege.png\" alt=\"Chr\u00e1n\u00ed\" width=\"50\" \/><br \/>\nPROTECT<\/li>\n<li><img class=\"logo-prd\" src=\"\/wp-content\/uploads\/2018\/08\/lisse.png\" alt=\"Hladk\u00fd\" width=\"50\" \/><br \/>\nLISSE<\/li>\n<li><img class=\"logo-prd\" src=\"\/wp-content\/uploads\/2018\/09\/Confort.png\" alt=\"Comfort\" width=\"50\" \/><br \/>\nCOMFORT<\/li>\n<\/ul>\n<ul id=\"ulprd-link\">\n<li><p class=\"product woocommerce add_to_cart_inline\" style=\"border:4px solid #ccc; padding: 12px;\"><span class=\"woocommerce-Price-amount amount\"><bdi>11,50&nbsp;<span class=\"woocommerce-Price-currencySymbol\">\u20ac<\/span><\/bdi><\/span><a href=\"?add-to-cart=14931\" data-quantity=\"1\" class=\"button product_type_simple add_to_cart_button ajax_add_to_cart\" data-product_id=\"14931\" data-product_sku=\"\" aria-label=\"P\u0159idat \u201eHydrafac - Cr\u00e8me L\u00e9g\u00e8re\u201c do ko\u0161\u00edku\" rel=\"nofollow\" data-no-translation=\"\" data-trp-gettext=\"\" data-no-translation-aria-label=\"\">P\u0159idat do ko\u0161\u00edku<\/a><\/p><\/li>\n<li><\/li>\n<li><a href=\"https:\/\/hyfac.fr\/cs\/pres-de-chez-vous\/\"><img class=\"img2\" src=\"\/wp-content\/uploads\/2018\/06\/logo-map-e1530138886120.png\" alt=\"loc\" \/>Vyhled\u00e1n\u00ed prodejn\u00edho m\u00edsta<\/a><\/li>\n<\/ul>\n<ul id=\"ulprd-link\">\n<li class=\"infotri\"><span class=\"spantri\">Objevte na\u0161e pokyny k t\u0159\u00edd\u011bn\u00ed<\/span><br \/>\n<img class=\"imgtri\" src=\"https:\/\/hyfac.fr\/wp-content\/uploads\/2020\/12\/HYDRAFAC-Creme-legere.png\" \/><\/li>\n<\/ul>\n<\/div>\n<div style=\"clear: both; float: none; display: block; visibility: hidden; width: 0px; font-size: 0px; line-height: 0;\"><\/div>\n<\/div>\n<\/div>\n<div id=\"descript-prd\">La cr\u00e8me hydratante visage HYDRAFAC l\u00e9g\u00e8re procure une sensation d&#8217;hydratation imm\u00e9diate et durable de l\u2019\u00e9piderme et \u00ab booste \u00bb la fonction d\u2019hydratation de la peau. Enrichie en <strong>aktiva z\u00e1vodu<\/strong>jeho vzorec zlep\u0161uje <strong>obnova poko\u017eky<\/strong> k zachov\u00e1n\u00ed ochrany ko\u017en\u00ed bari\u00e9ry. P\u0159i ka\u017edodenn\u00edm pou\u017e\u00edv\u00e1n\u00ed vyhlazuje strukturu pleti a odhaluje z\u00e1\u0159ivost pleti. <strong>efekt \"nov\u00e9 k\u016f\u017ee<\/strong>. Jeho rozpl\u00fdvav\u00e1 a nemastn\u00e1 textura okam\u017eit\u011b zklid\u0148uje a p\u0159in\u00e1\u0161\u00ed pocit sv\u011b\u017eesti a pohodl\u00ed. Doporu\u010deno pro <strong>norm\u00e1ln\u00ed a\u017e sm\u00ed\u0161en\u00e1 ple\u0165<\/strong>V l\u00e9t\u011b je tak\u00e9 ide\u00e1ln\u00ed jako podklad pod make-up.<\/div>\n<div id=\"menu-prdnew\">\n<ul>\n<li><a id=\"lienmenuconseil\" href=\"#prd\">POU\u017dIT\u00cd RADY<\/a><\/li>\n<li><a id=\"lienmenuactifs\" href=\"#conseil-prd\">AKTIVA<\/a><\/li>\n<li><a id=\"lienmenucmplt\" href=\"#actifs-prd\">DOPL\u0147KOV\u00c9 PRODUKTY<\/a><\/li>\n<li><a id=\"lienmenusavoir\" href=\"#cmplt-prd\">ZJISTIT V\u00cdCE<\/a><\/li>\n<li><a id=\"lienmenucompo\" href=\"#savoir-prd\">SLO\u017dEN\u00cd<\/a><\/li>\n<\/ul>\n<\/div>\n<div id=\"conseil-prd\">\n<div class=\"csRow\">\n<div class=\"csColumn\" style=\"margin: 0px; padding: 0px; float: left; width: 70.8%;\" data-csstartpoint=\"0\" data-csendpoint=\"680\" data-cswidth=\"70.8%\" data-csid=\"7ce9a14c-d45b-a3f2-987b-63fd249cc312\">\n<p><span style=\"color: #0075b2;\">JAK POU\u017d\u00cdVAT HYDRATA\u010cN\u00cd KR\u00c9M HYDRAFAC LIGHT?<\/span><\/p>\n<p>Aplikujte r\u00e1no a\/nebo ve\u010der na obli\u010dej a krk po d\u016fkladn\u00e9m vy\u010di\u0161t\u011bn\u00ed pleti pomoc\u00ed <a href=\"https:\/\/hyfac.fr\/cs\/nos-gammes\/hyfac-classique\/gel-nettoyant-purifiant\/\">HYFAC Original Purifying Cleansing Gel<\/a>. Ide\u00e1ln\u00ed jako podklad pod make-up.<\/p>\n<p>La cr\u00e8me hydratante visage pour les peaux normales \u00e0 mixtes HYDRAFAC L\u00e9g\u00e8re hydrate et apaise la peau. Sa texture fine et non grasse d\u00e9salt\u00e8re la peau d\u00e8s l&#8217;application et lui procure souplesse, douceur et \u00e9clat. La peau retrouve toute sa fra\u00eecheur. Sans fini gras.<\/p>\n<\/div>\n<div class=\"csColumnGap\" style=\"margin: 0px; padding: 0px; float: left; width: 1.56%;\"><img style=\"border: none;\" src=\"https:\/\/hyfac.fr\/wp-content\/plugins\/advanced-wp-columns\/assets\/js\/plugins\/views\/img\/1x1-pixel.png\" \/><\/div>\n<div class=\"csColumn\" style=\"margin: 0px; padding: 0px; float: left; width: 27.6%;\" data-csstartpoint=\"695\" data-csendpoint=\"960\" data-cswidth=\"27.6%\" data-csid=\"2de6301b-fc0e-6c4c-b16e-671973f34d15\">\n<p><img loading=\"lazy\" class=\"aligncenter wp-image-5140\" src=\"https:\/\/hyfac.fr\/wp-content\/uploads\/2018\/07\/conseil-250x250.png\" alt=\"\" width=\"180\" height=\"181\" srcset=\"https:\/\/hyfac.fr\/wp-content\/uploads\/2018\/07\/conseil-250x250.png 250w, https:\/\/hyfac.fr\/wp-content\/uploads\/2018\/07\/conseil-298x300.png 298w, https:\/\/hyfac.fr\/wp-content\/uploads\/2018\/07\/conseil.png 308w\" sizes=\"(max-width: 180px) 100vw, 180px\" \/><\/p>\n<\/div>\n<div style=\"clear: both; float: none; display: block; visibility: hidden; width: 0px; font-size: 0px; line-height: 0;\"><\/div>\n<\/div>\n<\/div>\n<div id=\"actifs-prd\">\n<div class=\"h2prd\">\n<h2><span style=\"color: #0075b2;\">KL\u00cd\u010cOV\u00c1 AKTIVA<\/span><\/h2>\n<\/div>\n<p><span style=\"color: #0075b2;\">V\u00fdta\u017eky z ho\u0159ce<\/span><br \/>\nOkam\u017eit\u011b a trvale hydratuje poko\u017eku.<\/p>\n<p><span style=\"color: #0075b2;\">Exopolysacharidy\u00a0<\/span><br \/>\nZlep\u0161uje p\u0159irozenou obnovu poko\u017eky a posiluje jej\u00ed obrann\u00fd syst\u00e9m.<\/p>\n<p><span style=\"color: #0075b2;\">Glycerin<\/span><br \/>\nObnovuje ko\u017en\u00ed bari\u00e9ru a udr\u017euje poko\u017eku dlouhodob\u011b hydratovanou. Glycerin je siln\u00e1 hydrata\u010dn\u00ed l\u00e1tka, kter\u00e1 dok\u00e1\u017ee zadr\u017eet n\u011bkolikan\u00e1sobek sv\u00e9 hmotnosti ve vod\u011b.<\/p>\n<\/div>\n<div id=\"cmplt-prd\">\n<div class=\"h2prd\">\n<h2><span style=\"color: #0075b2;\">DOPL\u0147KOV\u00c9 PRODUKTY<\/span><\/h2>\n<\/div>\n<style type=\"text\/css\">#soliloquy-container-5438 .soliloquy-prev{left: -60px;background-color:#0075b2;}#soliloquy-container-5438 .soliloquy-next{right: -60px;background-color:#0075b2;}#soliloquy-container-5438 .soliloquy-image{background: #f3f3f3;border: 1px solid #ddd;padding:3px;}#soliloquy-container-5438 .soliloquy-viewport{height: 260px !important;}#soliloquy-container-5438 .soliloquy-caption-bottom{position: relative;}#soliloquy-container-5438 .soliloquy-caption-inside{color:#CEBFB6; text-shadow:none;background:none;}@media only screen and (max-width: 1000px){#soliloquy-container-5438 .soliloquy-prev{left: 0px;}#soliloquy-container-5438 .soliloquy-next{right: 0px;}#soliloquy-container-5438 .soliloquy-viewport{height: 200px;}}<\/style><div class=\"soliloquy-outer-container soliloquy-carousel\" data-soliloquy-loaded=\"0\"><div aria-live=\"polite\" id=\"soliloquy-container-5438\" class=\"soliloquy-container soliloquy-transition-horizontal soliloquy-slide-horizontal soliloquy-arrows-active Produits-complmentaires-Hyfac soliloquy-theme-base\" style=\"max-width:960px;max-height:300px;margin:0 auto 20px;\"><ul id=\"soliloquy-5438\" class=\"soliloquy-slider soliloquy-slides soliloquy-wrap soliloquy-clear\"><li aria-hidden=\"true\" class=\"soliloquy-item soliloquy-item-1 soliloquy-id-5603 soliloquy-image-slide\" draggable=\"false\" style=\"list-style:none;\"><a href=\"https:\/\/hyfac.fr\/cs\/nos-gammes\/hydrafac\/creme-legere\/\" class=\"soliloquy-link\" title=\"HYDRAFAC lehk\u00fd hydrata\u010dn\u00ed kr\u00e9m pro norm\u00e1ln\u00ed a\u017e sm\u00ed\u0161enou ple\u0165\"><img id=\"soliloquy-image-5603\" class=\"soliloquy-image soliloquy-image-1\" src=\"https:\/\/hyfac.fr\/wp-content\/uploads\/2018\/09\/Diapositive24-3-200x200_c.jpeg\" alt=\"HYDRAFAC lehk\u00fd hydrata\u010dn\u00ed kr\u00e9m pro norm\u00e1ln\u00ed a\u017e sm\u00ed\u0161enou ple\u0165\" \/><\/a><div class=\"soliloquy-caption soliloquy-caption-bottom\"><div class=\"soliloquy-caption-inside\"><p>Sv\u011btl\u00e1 smetana<\/p><br \/>\n<p style=\"font-size:13px\">Hydrata\u010dn\u00ed kr\u00e9m pro norm\u00e1ln\u00ed a\u017e sm\u00ed\u0161enou ple\u0165<\/p><\/div><\/div><\/li><li aria-hidden=\"true\" class=\"soliloquy-item soliloquy-item-2 soliloquy-id-5604 soliloquy-image-slide\" draggable=\"false\" style=\"list-style:none;\"><a href=\"https:\/\/hyfac.fr\/cs\/nos-gammes\/hydrafac\/creme-riche\/\" class=\"soliloquy-link\" title=\"HYDRAFAC bohat\u00fd hydrata\u010dn\u00ed kr\u00e9m pro suchou ple\u0165\"><img id=\"soliloquy-image-5604\" class=\"soliloquy-image soliloquy-image-2\" src=\"https:\/\/hyfac.fr\/wp-content\/uploads\/2018\/09\/Diapositive26-4-200x200_c.jpeg\" alt=\"HYDRAFAC bohat\u00fd hydrata\u010dn\u00ed kr\u00e9m pro suchou ple\u0165\" \/><\/a><div class=\"soliloquy-caption soliloquy-caption-bottom\"><div class=\"soliloquy-caption-inside\"><p>Bohat\u00fd kr\u00e9m<\/p><br \/>\n<p style=\"font-size:13px\">Hydrata\u010dn\u00ed kr\u00e9m pro suchou ple\u0165<\/p><\/div><\/div><\/li><li aria-hidden=\"true\" class=\"soliloquy-item soliloquy-item-3 soliloquy-id-5605 soliloquy-image-slide\" draggable=\"false\" style=\"list-style:none;\"><a href=\"https:\/\/hyfac.fr\/cs\/nos-gammes\/hydrafac\/baume-levres\/\" class=\"soliloquy-link\" title=\"HYDRAFAC vy\u017eivuj\u00edc\u00ed balz\u00e1m na rty\"><img id=\"soliloquy-image-5605\" class=\"soliloquy-image soliloquy-image-3\" src=\"https:\/\/hyfac.fr\/wp-content\/uploads\/2018\/09\/Diapositive28-2-200x200_c.jpeg\" alt=\"HYDRAFAC vy\u017eivuj\u00edc\u00ed balz\u00e1m na rty\" \/><\/a><div class=\"soliloquy-caption soliloquy-caption-bottom\"><div class=\"soliloquy-caption-inside\"><p>Balz\u00e1m na rty<\/p><br \/>\n<p style=\"font-size:13px\">Vy\u017eivuje a chr\u00e1n\u00ed<\/p><\/div><\/div><\/li><\/ul><\/div><noscript><style type=\"text\/css\" scoped>#soliloquy-container-5438{opacity:1}#soliloquy-container-5438 li > .soliloquy-caption{display:none}#soliloquy-container-5438 li:first-child > .soliloquy-caption{display:block}<\/style><div class=\"soliloquy-no-js\" style=\"display:none;visibility:hidden;height:0;line-height:0;opacity:0;\"><img class=\"soliloquy-image soliloquy-no-js-image\" src=\"https:\/\/hyfac.fr\/wp-content\/uploads\/2018\/09\/Diapositive24-3.jpeg\" alt=\"HYDRAFAC lehk\u00fd hydrata\u010dn\u00ed kr\u00e9m pro norm\u00e1ln\u00ed a\u017e sm\u00ed\u0161enou ple\u0165\" \/><img class=\"soliloquy-image soliloquy-no-js-image\" src=\"https:\/\/hyfac.fr\/wp-content\/uploads\/2018\/09\/Diapositive26-4.jpeg\" alt=\"HYDRAFAC bohat\u00fd hydrata\u010dn\u00ed kr\u00e9m pro suchou ple\u0165\" \/><img class=\"soliloquy-image soliloquy-no-js-image\" src=\"https:\/\/hyfac.fr\/wp-content\/uploads\/2018\/09\/Diapositive28-2.jpeg\" alt=\"HYDRAFAC vy\u017eivuj\u00edc\u00ed balz\u00e1m na rty\" \/><\/div><\/noscript><\/div>\n<\/div>\n<div id=\"savoir-prd\">\n<div class=\"h2prd\">\n<h2><span style=\"color: #0075b2;\">ZJISTIT V\u00cdCE<\/span><\/h2>\n<\/div>\n<div class=\"csRow\">\n<div class=\"csColumn\" style=\"margin: 0px; padding: 0px; float: left; width: 38.6%;\" data-csstartpoint=\"0\" data-csendpoint=\"370.5\" data-cswidth=\"38.6%\" data-csid=\"beb42ad8-6bfd-a029-8282-bd93ae120b4d\"><a href=\"https:\/\/hyfac.fr\/cs\/sos-dermato\/4326-hydratation-de-la-peau\/\" target=\"_blank\" rel=\"noopener\"><img loading=\"lazy\" class=\"aligncenter wp-image-4346 size-thumbnail\" src=\"https:\/\/hyfac.fr\/wp-content\/uploads\/2018\/03\/banniere_carree_site_hyfac_intro_themes6-250x250.jpg\" alt=\"Hydratace poko\u017eky\" width=\"250\" height=\"250\" srcset=\"https:\/\/hyfac.fr\/wp-content\/uploads\/2018\/03\/banniere_carree_site_hyfac_intro_themes6-250x250.jpg 250w, https:\/\/hyfac.fr\/wp-content\/uploads\/2018\/03\/banniere_carree_site_hyfac_intro_themes6-300x300.jpg 300w, https:\/\/hyfac.fr\/wp-content\/uploads\/2018\/03\/banniere_carree_site_hyfac_intro_themes6.jpg 543w\" sizes=\"(max-width: 250px) 100vw, 250px\" \/><\/a><\/div>\n<div class=\"csColumnGap\" style=\"margin: 0px; padding: 0px; float: left; width: 1.56%;\"><img style=\"border: none;\" src=\"https:\/\/hyfac.fr\/wp-content\/plugins\/advanced-wp-columns\/assets\/js\/plugins\/views\/img\/1x1-pixel.png\" \/><\/div>\n<div class=\"csColumn\" style=\"margin: 0px; padding: 0px; float: left; width: 59.8%;\" data-csstartpoint=\"385.5\" data-csendpoint=\"960\" data-cswidth=\"59.8%\" data-csid=\"56e6cac6-63f3-6945-9ddf-f20a5ec7912c\">Slunce a teplo jsou faktory, kter\u00e9 se pod\u00edlej\u00ed na vysu\u0161ov\u00e1n\u00ed poko\u017eky. Teplo zvy\u0161uje odpa\u0159ov\u00e1n\u00ed vody a oslabuje ko\u017en\u00ed bari\u00e9ru: v\u00fdsledkem je such\u00e1 poko\u017eka. Sm\u00ed\u0161en\u00e1 a\u017e mastn\u00e1 ple\u0165 pot\u0159ebuje leh\u010d\u00ed hydrataci ne\u017e ple\u0165 such\u00e1.<br \/>\nLehk\u00fd hydrata\u010dn\u00ed kr\u00e9m HYDRAFAC poskytuje okam\u017eitou hydrataci poko\u017eky a \"posiluje\" jej\u00ed hydrata\u010dn\u00ed funkci. Jeho rostlinn\u00fd komplex zlep\u0161uje obnovu epidermis a udr\u017euje ochranu ko\u017en\u00ed bari\u00e9ry. Jeho hydrata\u010dn\u00ed l\u00e1tky zvy\u0161uj\u00ed p\u0159\u00edtomnost vody ve stratum corneum (povrchov\u00e9 vrstv\u011b poko\u017eky).<br \/>\nD\u00edky p\u016fsoben\u00ed p\u0159\u00edrodn\u00edho hydrata\u010dn\u00edho komplexu, kter\u00fd zaji\u0161\u0165uje optim\u00e1ln\u00ed dif\u00fazi vody do poko\u017eky a omezuje jej\u00ed odpa\u0159ov\u00e1n\u00ed, kr\u00e9m HYDRAFAC light denn\u011b intenzivn\u011b hydratuje poko\u017eku.<\/p>\n<div id=\"savoirplus\"><a href=\"https:\/\/hyfac.fr\/cs\/sos-dermato\/4326-hydratation-de-la-peau\/\">Dal\u0161\u00ed informace o hydrataci pleti<\/a><\/div>\n<\/div>\n<div style=\"clear: both; float: none; display: block; visibility: hidden; width: 0px; font-size: 0px; line-height: 0;\"><\/div>\n<\/div>\n<\/div>\n<div id=\"compo-prd\">\n<div class=\"h2prd\">\n<h2><span style=\"color: #0075b2;\">SLO\u017dEN\u00cd <span style=\"font-size: 14pt;\">\/<\/span> SLO\u017dEN\u00cd<\/span><\/h2>\n<\/div>\n<p><span style=\"color: #cebfb6;\">INCI : AQUA (VODA) \/ EAU , ISONONYL ISONONANO\u00c1T , PROPANEDIOL , BUTYLENGLYKOL , POLYAKRYL\u00c1T SODN\u00dd , PENTYLENGLYKOL , EXTRAKT Z CHONDRUS CRISPUS , EXTRAKT Z LIST\u016e\/KO\u0158EN\u016e\/STONK\u016e ULEX EUROPAEUS , ISOMER\u00c1T SACHARID\u016e , GLYCERIN , PARFUM (V\u016eN\u011a) , XANTANOV\u00c1 GUMA , KAPRYLYLGLYKOL , ETHYLHEXYLGLYCERIN , FENETYLALKOHOL , GLUK\u00d3ZA , KARAGENAN , EDTA DISODN\u00c1 , KYSELINA CITRONOV\u00c1 , BENZOAN SODN\u00dd , CI 42090 (MODR\u00c1 1).<\/span><\/p>\n<\/div>","protected":false},"excerpt":{"rendered":"<p>Cr\u00e8me hydratante adapt\u00e9e aux peaux mixtes, l&#8217;\u00e9t\u00e9 ou en base de maquillage. Augmente la pr\u00e9sence d&#8217;eau dans le stratum corn\u00e9um.<\/p>","protected":false},"author":1,"featured_media":2506,"parent":56,"menu_order":0,"comment_status":"closed","ping_status":"closed","template":"page\/page-template-newprdhydrafac.php","meta":{"_mi_skip_tracking":false,"spay_email":""},"_links":{"self":[{"href":"https:\/\/hyfac.fr\/cs\/wp-json\/wp\/v2\/pages\/2441"}],"collection":[{"href":"https:\/\/hyfac.fr\/cs\/wp-json\/wp\/v2\/pages"}],"about":[{"href":"https:\/\/hyfac.fr\/cs\/wp-json\/wp\/v2\/types\/page"}],"author":[{"embeddable":true,"href":"https:\/\/hyfac.fr\/cs\/wp-json\/wp\/v2\/users\/1"}],"replies":[{"embeddable":true,"href":"https:\/\/hyfac.fr\/cs\/wp-json\/wp\/v2\/comments?post=2441"}],"version-history":[{"count":42,"href":"https:\/\/hyfac.fr\/cs\/wp-json\/wp\/v2\/pages\/2441\/revisions"}],"predecessor-version":[{"id":15016,"href":"https:\/\/hyfac.fr\/cs\/wp-json\/wp\/v2\/pages\/2441\/revisions\/15016"}],"up":[{"embeddable":true,"href":"https:\/\/hyfac.fr\/cs\/wp-json\/wp\/v2\/pages\/56"}],"wp:featuredmedia":[{"embeddable":true,"href":"https:\/\/hyfac.fr\/cs\/wp-json\/wp\/v2\/media\/2506"}],"wp:attachment":[{"href":"https:\/\/hyfac.fr\/cs\/wp-json\/wp\/v2\/media?parent=2441"}],"curies":[{"name":"wp","href":"https:\/\/api.w.org\/{rel}","templated":true}]}}