{"id":2592,"date":"2018-02-19T16:32:52","date_gmt":"2018-02-19T15:32:52","guid":{"rendered":"http:\/\/hyfac.fr\/?page_id=2592"},"modified":"2019-01-19T17:32:13","modified_gmt":"2019-01-19T16:32:13","slug":"hyfac-sun","status":"publish","type":"page","link":"https:\/\/hyfac.fr\/cs\/nos-gammes\/hyfac-sun\/","title":{"rendered":"HYFAC SUN - Ochrana p\u0159ed sluncem"},"content":{"rendered":"<p><img loading=\"lazy\" class=\"alignleft wp-image-2621\" src=\"http:\/\/hyfac.fr\/wp-content\/uploads\/2018\/02\/logo_hyfac_sun.jpg\" alt=\"logo hyfac sun\" width=\"260\" height=\"220\" srcset=\"https:\/\/hyfac.fr\/wp-content\/uploads\/2018\/02\/logo_hyfac_sun.jpg 1674w, https:\/\/hyfac.fr\/wp-content\/uploads\/2018\/02\/logo_hyfac_sun-300x253.jpg 300w, https:\/\/hyfac.fr\/wp-content\/uploads\/2018\/02\/logo_hyfac_sun-1024x865.jpg 1024w\" sizes=\"(max-width: 260px) 100vw, 260px\" \/><\/p>\n<h1 class=\"entry-title\">HYFAC SUN - Ochrana p\u0159ed sluncem<\/h1>\n<p style=\"text-align: justify;\">V l\u00e9t\u011b i v zim\u011b je poko\u017eka vystavena slune\u010dn\u00edm paprsk\u016fm, zejm\u00e9na UVA a UVB.<\/p>\n<p style=\"text-align: justify;\">UVB z\u00e1\u0159en\u00ed je nejagresivn\u011bj\u0161\u00ed, zp\u016fsobuje sp\u00e1len\u00ed a z dlouhodob\u00e9ho hlediska i rakovinu k\u016f\u017ee. Ochrana proti UVB z\u00e1\u0159en\u00ed se m\u011b\u0159\u00ed pomoc\u00ed SPF.<\/p>\n<p style=\"text-align: justify;\">Paprsky UVA jsou nejm\u00e9n\u011b energetick\u00e9, ale nejpo\u010detn\u011bj\u0161\u00ed (95% slune\u010dn\u00edho z\u00e1\u0159en\u00ed). Pronikaj\u00ed hluboko do dermis a dlouhodob\u011b zp\u016fsobuj\u00ed st\u00e1rnut\u00ed pleti (vr\u00e1sky, skvrny). Toto p\u0159ed\u010dasn\u00e9 st\u00e1rnut\u00ed pleti m\u016f\u017ee b\u00fdt tak\u00e9 urychleno p\u016fsoben\u00edm zne\u010di\u0161t\u011bn\u00fdch \u010d\u00e1stic v \u017eivotn\u00edm prost\u0159ed\u00ed (kou\u0159, stres, v\u00edtr...).<\/p>\n<p>P\u00e9\u010de o ochranu p\u0159ed sluncem <strong>HYFAC SUN<\/strong>\u00a0vyu\u017e\u00edvat v\u00fdhod dvoj\u00ed \u00fa\u010dinnosti, <strong>filtrov\u00e1n\u00ed<\/strong> UVB i UVA z\u00e1\u0159en\u00ed, zat\u00edmco <strong>ochrana<\/strong> ple\u0165 d\u00edky aktivn\u00edm slo\u017ek\u00e1m proti zne\u010di\u0161t\u011bn\u00ed.<\/p>","protected":false},"excerpt":{"rendered":"<p>HYFAC SUN &#8211; Protection solaire En \u00e9t\u00e9 comme en hiver, la peau est expos\u00e9e aux rayons du soleil et notamment aux rayons UVA et UVB. Les UVB sont les plus agressifs, responsables des coups de soleil et \u00e0 long terme des cancers cutan\u00e9s. La protection contre les UVB est mesur\u00e9e par le SPF. Les UVA\u2026 <a class='lire-suite' href=\"https:\/\/hyfac.fr\/cs\/nos-gammes\/hyfac-sun\/\">P\u0159e\u010dt\u011bte si v\u00edce &gt;&gt;&gt;<\/a><\/p>","protected":false},"author":1,"featured_media":0,"parent":22,"menu_order":3,"comment_status":"closed","ping_status":"closed","template":"page\/page-template-hyfacsun.php","meta":{"_mi_skip_tracking":false,"spay_email":""},"_links":{"self":[{"href":"https:\/\/hyfac.fr\/cs\/wp-json\/wp\/v2\/pages\/2592"}],"collection":[{"href":"https:\/\/hyfac.fr\/cs\/wp-json\/wp\/v2\/pages"}],"about":[{"href":"https:\/\/hyfac.fr\/cs\/wp-json\/wp\/v2\/types\/page"}],"author":[{"embeddable":true,"href":"https:\/\/hyfac.fr\/cs\/wp-json\/wp\/v2\/users\/1"}],"replies":[{"embeddable":true,"href":"https:\/\/hyfac.fr\/cs\/wp-json\/wp\/v2\/comments?post=2592"}],"version-history":[{"count":7,"href":"https:\/\/hyfac.fr\/cs\/wp-json\/wp\/v2\/pages\/2592\/revisions"}],"predecessor-version":[{"id":2735,"href":"https:\/\/hyfac.fr\/cs\/wp-json\/wp\/v2\/pages\/2592\/revisions\/2735"}],"up":[{"embeddable":true,"href":"https:\/\/hyfac.fr\/cs\/wp-json\/wp\/v2\/pages\/22"}],"wp:attachment":[{"href":"https:\/\/hyfac.fr\/cs\/wp-json\/wp\/v2\/media?parent=2592"}],"curies":[{"name":"wp","href":"https:\/\/api.w.org\/{rel}","templated":true}]}}