{"id":2596,"date":"2018-02-19T16:41:19","date_gmt":"2018-02-19T15:41:19","guid":{"rendered":"http:\/\/hyfac.fr\/?page_id=2596"},"modified":"2022-02-10T02:07:27","modified_gmt":"2022-02-10T01:07:27","slug":"protection-solaire-invisible","status":"publish","type":"page","link":"https:\/\/hyfac.fr\/cs\/nos-gammes\/hyfac-sun\/protection-solaire-invisible\/","title":{"rendered":"Neviditeln\u00e1 ochrana p\u0159ed sluncem"},"content":{"rendered":"<p>&nbsp;<\/p>\n<div style=\"width: 960px;\">&nbsp;<\/div>\n<div id=\"prd\">\n<div class=\"csRow\">\n<div class=\"csColumn\" style=\"margin: 0px; padding: 0px; float: left; width: 47%;\" data-csstartpoint=\"0\" data-csendpoint=\"470\" data-cswidth=\"47.0%\" data-csid=\"beb42ad8-6bfd-a029-8282-bd93ae120b4d\">\n<style type=\"text\/css\">#soliloquy-container-5795 .soliloquy-pager{bottom: -30px;}<\/style><div class=\"soliloquy-outer-container\" data-soliloquy-loaded=\"0\"><div aria-live=\"polite\" id=\"soliloquy-container-5795\" class=\"soliloquy-container soliloquy-transition-horizontal soliloquy-slide-horizontal soliloquy-controls-active slider-img-prd soliloquy-theme-base\" style=\"max-width:380px;max-height:600px;margin:0 auto 20px;max-width:100%;max-height:none;\"><ul id=\"soliloquy-5795\" class=\"soliloquy-slider soliloquy-slides soliloquy-wrap soliloquy-clear\"><li aria-hidden=\"true\" class=\"soliloquy-item soliloquy-item-1 soliloquy-id-5792 soliloquy-image-slide\" draggable=\"false\" style=\"list-style:none;\"><img id=\"soliloquy-image-5792\" class=\"soliloquy-image soliloquy-image-1\" src=\"https:\/\/hyfac.fr\/wp-content\/uploads\/2019\/01\/Diapositive34-380x600_c.jpeg\" alt=\"Hyfacsun Neviditeln\u00e1 ochrana proti slunci\" \/><\/li><li aria-hidden=\"true\" class=\"soliloquy-item soliloquy-item-2 soliloquy-id-5791 soliloquy-image-slide\" draggable=\"false\" style=\"list-style:none;\"><img id=\"soliloquy-image-5791\" class=\"soliloquy-image soliloquy-image-2 soliloquy-preload\" src=\"https:\/\/hyfac.fr\/wp-content\/plugins\/soliloquy\/assets\/css\/images\/holder.gif\" data-soliloquy-src=\"https:\/\/hyfac.fr\/wp-content\/uploads\/2019\/01\/Diapositive35-380x600_c.jpeg\" alt=\"Hyfacsun Neviditeln\u00e1 ochrana proti slunci\" \/><\/li><\/ul><\/div><noscript><style type=\"text\/css\" scoped>#soliloquy-container-5795{opacity:1}#soliloquy-container-5795 li > .soliloquy-caption{display:none}#soliloquy-container-5795 li:first-child > .soliloquy-caption{display:block}<\/style><div class=\"soliloquy-no-js\" style=\"display:none;visibility:hidden;height:0;line-height:0;opacity:0;\"><img class=\"soliloquy-image soliloquy-no-js-image\" src=\"https:\/\/hyfac.fr\/wp-content\/uploads\/2019\/01\/Diapositive34.jpeg\" alt=\"Hyfacsun Neviditeln\u00e1 ochrana proti slunci\" \/><img class=\"soliloquy-image soliloquy-no-js-image\" src=\"https:\/\/hyfac.fr\/wp-content\/uploads\/2019\/01\/Diapositive35.jpeg\" alt=\"Hyfacsun Neviditeln\u00e1 ochrana proti slunci\" \/><\/div><\/noscript><\/div>\n<\/div>\n<div class=\"csColumnGap\" style=\"margin: 0px; padding: 0px; float: left; width: 3.7%;\"><img style=\"border: none;\" src=\"https:\/\/hyfac.fr\/wp-content\/plugins\/advanced-wp-columns\/assets\/js\/plugins\/views\/img\/1x1-pixel.png\"><\/div>\n<div class=\"csColumn\" style=\"margin: 0px; padding: 0px; float: left; width: 49.3%;\" data-csstartpoint=\"507\" data-csendpoint=\"1000\" data-cswidth=\"49.3%\" data-csid=\"56e6cac6-63f3-6945-9ddf-f20a5ec7912c\">\n<h1><span style=\"color: #fd4700; line-height: 35px;\">NEVIDITELN\u00c1 OCHRANA PROTI SLUNCI SPF 50+<\/span><\/h1>\n<p><span style=\"color: #fd4700;\">\u0158ada HYFAC SUN<\/span><br \/>\n40ml tuba<\/p>\n<p><br \/>\nVelmi vysok\u00e1 ochrana proti slune\u010dn\u00edmu z\u00e1\u0159en\u00ed SPF 50+. Chr\u00e1n\u00ed p\u0159ed UVA a UVB z\u00e1\u0159en\u00edm a zne\u010di\u0161\u0165uj\u00edc\u00edmi l\u00e1tkami. Nezanech\u00e1v\u00e1 b\u00edl\u00e9 stopy.<\/p>\n<ul id=\"ulprd\">\n<li><img class=\"logo-prd\" src=\"\/wp-content\/uploads\/2018\/09\/Protege-des-UV.png\" alt=\"Ochrana proti UV z\u00e1\u0159en\u00ed\" width=\"50\"><br \/>\nSPF 50+.<\/li>\n<li><img class=\"logo-prd\" src=\"\/wp-content\/uploads\/2018\/09\/uvb_uva.png\" alt=\"uvb_uva\" width=\"50\"><br \/>\nOCHRANA UVA\/UVB<\/li>\n<li><img class=\"logo-prd\" src=\"\/wp-content\/uploads\/2019\/01\/anti-pollution.png\" alt=\"Anti-polution\" width=\"50\"><br \/>\nPROTI ZNE\u010cI\u0160T\u011aN\u00cd<\/li>\n<li><img class=\"logo-prd\" src=\"\/wp-content\/uploads\/2019\/01\/toucher_sec.png\" alt=\"Dry-Touch\" width=\"50\"><br \/>\nDRY TOUCH<\/li>\n<\/ul>\n<ul id=\"ulprd-link\">\n<li><p class=\"product woocommerce add_to_cart_inline\" style=\"border:4px solid #ccc; padding: 12px;\"><span class=\"woocommerce-Price-amount amount\"><bdi>13,50&nbsp;<span class=\"woocommerce-Price-currencySymbol\">\u20ac<\/span><\/bdi><\/span><a href=\"?add-to-cart=14933\" data-quantity=\"1\" class=\"button product_type_simple add_to_cart_button ajax_add_to_cart\" data-product_id=\"14933\" data-product_sku=\"\" aria-label=\"P\u0159idat \u201eSun - Protection Solaire Invisible\u201c do ko\u0161\u00edku\" rel=\"nofollow\" data-no-translation=\"\" data-trp-gettext=\"\" data-no-translation-aria-label=\"\">P\u0159idat do ko\u0161\u00edku<\/a><\/p><\/li>\n<li>&nbsp;<\/li>\n<li><a href=\"https:\/\/hyfac.fr\/cs\/pres-de-chez-vous\/\"><img class=\"img2\" src=\"\/wp-content\/uploads\/2018\/06\/logo-map-e1530138886120.png\" alt=\"loc\">Vyhled\u00e1n\u00ed prodejn\u00edho m\u00edsta<\/a><\/li>\n<\/ul>\n<ul id=\"ulprd-link\">\n<li class=\"infotri\"><span class=\"spantri\">Objevte na\u0161e pokyny k t\u0159\u00edd\u011bn\u00ed<\/span><br \/>\n<img class=\"imgtri\" src=\"https:\/\/hyfac.fr\/wp-content\/uploads\/2020\/12\/HYFAC-SUN-Invisible.png\"><\/li>\n<\/ul>\n<\/div>\n<div style=\"clear: both; float: none; display: block; visibility: hidden; width: 0px; font-size: 0px; line-height: 0;\">&nbsp;<\/div>\n<\/div>\n<\/div>\n<div id=\"descript-prd\">HYFAC SUN Neviditeln\u00e1 ochrana proti slunci poskytuje velmi vysokou ochranu proti slune\u010dn\u00edmu z\u00e1\u0159en\u00ed UVB a UVA. Komplex \u00fa\u010dinn\u00fdch l\u00e1tek chr\u00e1n\u00ed p\u0159ed vn\u011bj\u0161\u00edmi vlivy (v\u00edtr, stres, zne\u010di\u0161t\u011bn\u00ed). Je zn\u00e1mo, \u017ee v\u00fdta\u017eky ze semen moringy zvy\u0161uj\u00ed schopnost ko\u017en\u00edch bun\u011bk chr\u00e1nit se a odstra\u0148ovat \u0161kodliviny (p\u016fsob\u00ed proti zne\u010di\u0161t\u011bn\u00ed). Jeho lehk\u00e1 a nemastn\u00e1 textura se snadno rozt\u00edr\u00e1. Nezanech\u00e1v\u00e1 b\u00edl\u00e9 stopy. Such\u00fd dotek.<\/div>\n<div id=\"menu-prdnew\">\n<ul>\n<li><a id=\"lienmenuconseil\" href=\"#prd\">POU\u017dIT\u00cd RADY<\/a><\/li>\n<li><a id=\"lienmenuactifs\" href=\"#conseil-prd\">AKTIVA<\/a><\/li>\n<li><a id=\"lienmenucmplt\" href=\"#actifs-prd\">DOPL\u0147KOV\u00c9 PRODUKTY<\/a><\/li>\n<li><a id=\"lienmenusavoir\" href=\"#cmplt-prd\">ZJISTIT V\u00cdCE<\/a><\/li>\n<li><a id=\"lienmenucompo\" href=\"#savoir-prd\">SLO\u017dEN\u00cd<\/a><\/li>\n<\/ul>\n<\/div>\n<div id=\"conseil-prd\">\n<div class=\"csRow\">\n<div class=\"csColumn\" style=\"margin: 0px; padding: 0px; float: left; width: 70.8%;\" data-csstartpoint=\"0\" data-csendpoint=\"680\" data-cswidth=\"70.8%\" data-csid=\"7ce9a14c-d45b-a3f2-987b-63fd249cc312\">\n<p><span style=\"color: #fd4700;\">JAK APLIKOVAT HYFAC SUN INVISIBLE ?<\/span><\/p>\n<p>P\u0159ed jak\u00fdmkoli pobytem na slunci naneste dostate\u010dn\u00e9 mno\u017estv\u00ed p\u0159\u00edpravku, abyste pokryli vystavenou plochu. Men\u0161\u00ed mno\u017estv\u00ed p\u0159\u00edpravku sni\u017euje ochranu p\u0159ed sluncem.<br \/>\nAplikujte \u010dasto znovu, zejm\u00e9na po koup\u00e1n\u00ed, t\u0159en\u00ed nebo pocen\u00ed.<\/p>\n<p>Jeho lehk\u00e1 nemastn\u00e1 textura nelep\u00ed a snadno se rozt\u00edr\u00e1.<\/p>\n<\/div>\n<div class=\"csColumnGap\" style=\"margin: 0px; padding: 0px; float: left; width: 1.56%;\"><img style=\"border: none;\" src=\"https:\/\/hyfac.fr\/wp-content\/plugins\/advanced-wp-columns\/assets\/js\/plugins\/views\/img\/1x1-pixel.png\"><\/div>\n<div class=\"csColumn\" style=\"margin: 0px; padding: 0px; float: left; width: 27.6%;\" data-csstartpoint=\"695\" data-csendpoint=\"960\" data-cswidth=\"27.6%\" data-csid=\"2de6301b-fc0e-6c4c-b16e-671973f34d15\">\n<p><img loading=\"lazy\" class=\"aligncenter wp-image-5140\" src=\"https:\/\/hyfac.fr\/wp-content\/uploads\/2018\/07\/conseil-250x250.png\" alt=\"\" width=\"180\" height=\"181\" srcset=\"https:\/\/hyfac.fr\/wp-content\/uploads\/2018\/07\/conseil-250x250.png 250w, https:\/\/hyfac.fr\/wp-content\/uploads\/2018\/07\/conseil-298x300.png 298w, https:\/\/hyfac.fr\/wp-content\/uploads\/2018\/07\/conseil.png 308w\" sizes=\"(max-width: 180px) 100vw, 180px\" \/><\/p>\n<\/div>\n<div style=\"clear: both; float: none; display: block; visibility: hidden; width: 0px; font-size: 0px; line-height: 0;\">&nbsp;<\/div>\n<\/div>\n<\/div>\n<div id=\"actifs-prd\">\n<div class=\"h2prd\">\n<h2><span style=\"color: #fd4700;\">KL\u00cd\u010cOV\u00c1 AKTIVA<\/span><\/h2>\n<\/div>\n<p><span style=\"color: #fd4700;\">Extrait de Moringa Oleifera :&nbsp;Prot\u00e8ge les cellules de la peau.<\/span><br \/>\nMoringa olejod\u00e1rn\u00e1 je exotick\u00e1 rostlina s \u00fa\u010dinn\u00fdmi ochrann\u00fdmi vlastnostmi proti zne\u010di\u0161t\u011bn\u00ed (cigaretov\u00fd kou\u0159, jemn\u00e9 \u010d\u00e1stice, t\u011b\u017ek\u00e9 kovy). Sv\u00fdm \u00fa\u010dinkem fixuje \u010d\u00e1stice a zabra\u0148uje tak jejich pronik\u00e1n\u00ed do epidermis. Extrakt z Moringa Oleifera chr\u00e1n\u00ed ko\u017en\u00ed bu\u0148ky p\u0159ed \u00fatoky \u0161kodlivin a usnad\u0148uje odstra\u0148ov\u00e1n\u00ed v\u0161ech mikro\u010d\u00e1stic z prost\u0159ed\u00ed.<\/p>\n<\/div>\n<div id=\"cmplt-prd\">\n<div class=\"h2prd\">\n<h2><span style=\"color: #fd4700;\">DOPL\u0147KOV\u00c9 PRODUKTY<\/span><\/h2>\n<\/div>\n<style type=\"text\/css\">#soliloquy-container-5784 .soliloquy-prev{left: -60px;background-color:#fd4700;}#soliloquy-container-5784 .soliloquy-next{right: -60px;background-color:#fd4700;}#soliloquy-container-5784 .soliloquy-image{background: #f3f3f3;border: 1px solid #ddd;padding:3px;}#soliloquy-container-5784 .soliloquy-viewport{height: 260px !important;}#soliloquy-container-5784 .soliloquy-caption-bottom{position: relative;}#soliloquy-container-5784 .soliloquy-caption-inside{color:#CEBFB6; text-shadow:none;background:none;}@media only screen and (max-width: 1000px){#soliloquy-container-5784 .soliloquy-prev{left: 0px;}#soliloquy-container-5784 .soliloquy-next{right: 0px;}#soliloquy-container-5784 .soliloquy-viewport{height: 200px;}}<\/style><div class=\"soliloquy-outer-container soliloquy-carousel\" data-soliloquy-loaded=\"0\"><div aria-live=\"polite\" id=\"soliloquy-container-5784\" class=\"soliloquy-container soliloquy-transition-horizontal soliloquy-slide-horizontal soliloquy-arrows-active Produits-complmentaires-Hyfac soliloquy-theme-base\" style=\"max-width:960px;max-height:300px;margin:0 auto 20px;\"><ul id=\"soliloquy-5784\" class=\"soliloquy-slider soliloquy-slides soliloquy-wrap soliloquy-clear\"><li aria-hidden=\"true\" class=\"soliloquy-item soliloquy-item-1 soliloquy-id-7346 soliloquy-image-slide\" draggable=\"false\" style=\"list-style:none;\"><a href=\"https:\/\/hyfac.fr\/cs\/nos-gammes\/hyfac-sun\/protection-solaire-invisible\/\" class=\"soliloquy-link\" title=\"HYFAC SUN Neviditeln\u00e1 ochrana proti slunci\"><img id=\"soliloquy-image-7346\" class=\"soliloquy-image soliloquy-image-1\" src=\"https:\/\/hyfac.fr\/wp-content\/uploads\/2019\/01\/Diapositive34-1-200x200_c.jpeg\" alt=\"HYFAC SUN Neviditeln\u00e1 ochrana proti slunci\" \/><\/a><div class=\"soliloquy-caption soliloquy-caption-bottom\"><div class=\"soliloquy-caption-inside\"><p>Neviditeln\u00e1 ochrana p\u0159ed sluncem<\/p><br \/>\n<p style=\"font-size:13px\">SPF50+, proti zne\u010di\u0161t\u011bn\u00ed<\/p><\/div><\/div><\/li><li aria-hidden=\"true\" class=\"soliloquy-item soliloquy-item-2 soliloquy-id-7347 soliloquy-image-slide\" draggable=\"false\" style=\"list-style:none;\"><a href=\"https:\/\/hyfac.fr\/cs\/nos-gammes\/hyfac-sun\/protection-solaire-teintee\/\" class=\"soliloquy-link\" title=\"HYFAC SUN T\u00f3novan\u00e1 ochrana proti slunci SPF50+ (poprv\u00e9)\"><img id=\"soliloquy-image-7347\" class=\"soliloquy-image soliloquy-image-2\" src=\"https:\/\/hyfac.fr\/wp-content\/uploads\/2019\/01\/Diapositive36-1-200x200_c.jpeg\" alt=\"HYFAC SUN T\u00f3novan\u00e1 ochrana proti slunci SPF50+ (poprv\u00e9)\" \/><\/a><div class=\"soliloquy-caption soliloquy-caption-bottom\"><div class=\"soliloquy-caption-inside\"><p>T\u00f3novan\u00e1 ochrana proti slunci<\/p><br \/>\n<p style=\"font-size:13px\">SPF50+, proti zne\u010di\u0161t\u011bn\u00ed<\/p><\/div><\/div><\/li><li aria-hidden=\"true\" class=\"soliloquy-item soliloquy-item-3 soliloquy-id-2824 soliloquy-image-slide\" draggable=\"false\" style=\"list-style:none;\"><a href=\"https:\/\/hyfac.fr\/cs\/nos-gammes\/clarifac-soin-anti-taches\/\" class=\"soliloquy-link\" title=\"CLARIFAC zesv\u011btluj\u00edc\u00ed p\u00e9\u010de proti skvrn\u00e1m\"><img id=\"soliloquy-image-2824\" class=\"soliloquy-image soliloquy-image-3\" src=\"https:\/\/hyfac.fr\/wp-content\/uploads\/2018\/02\/Hyfac-Clarifac-soin-anti-taches-200x200_c.jpg\" alt=\"CLARIFAC zesv\u011btluj\u00edc\u00ed p\u00e9\u010de proti skvrn\u00e1m\" \/><\/a><div class=\"soliloquy-caption soliloquy-caption-bottom\"><div class=\"soliloquy-caption-inside\"><p>P\u00e9\u010de proti skvrn\u00e1m<\/p><br \/>\n<p style=\"font-size:13px\">Vyrovn\u00e1v\u00e1 a rozjas\u0148uje ple\u0165<\/p><\/div><\/div><\/li><li aria-hidden=\"true\" class=\"soliloquy-item soliloquy-item-4 soliloquy-id-4698 soliloquy-image-slide\" draggable=\"false\" style=\"list-style:none;\"><a href=\"https:\/\/hyfac.fr\/cs\/nos-gammes\/fotoker-creme-dermatologique\/\" class=\"soliloquy-link\" title=\"FOTOKER Dermatologick\u00fd kr\u00e9m\"><img id=\"soliloquy-image-4698\" class=\"soliloquy-image soliloquy-image-4\" src=\"https:\/\/hyfac.fr\/wp-content\/uploads\/2018\/03\/visuel-fotoker-e1526992981647.jpg\" alt=\"FOTOKER Dermatologick\u00fd kr\u00e9m\" \/><\/a><div class=\"soliloquy-caption soliloquy-caption-bottom\"><div class=\"soliloquy-caption-inside\"><p>Dermatologick\u00fd kr\u00e9m<\/p><br \/>\n<p style=\"font-size:13px\">Zvlh\u010duje a opravuje<\/p><\/div><\/div><\/li><li aria-hidden=\"true\" class=\"soliloquy-item soliloquy-item-5 soliloquy-id-2506 soliloquy-image-slide\" draggable=\"false\" style=\"list-style:none;\"><a href=\"https:\/\/hyfac.fr\/cs\/nos-gammes\/hydrafac\/creme-legere\/\" class=\"soliloquy-link\" title=\"HYDRAFAC lehk\u00fd hydrata\u010dn\u00ed kr\u00e9m pro norm\u00e1ln\u00ed a sm\u00ed\u0161enou ple\u0165\"><img id=\"soliloquy-image-2506\" class=\"soliloquy-image soliloquy-image-5\" src=\"https:\/\/hyfac.fr\/wp-content\/uploads\/2018\/02\/hydrafac-creme-legere-200x200_c.jpg\" alt=\"HYDRAFAC lehk\u00fd hydrata\u010dn\u00ed kr\u00e9m pro norm\u00e1ln\u00ed a sm\u00ed\u0161enou ple\u0165\" \/><\/a><div class=\"soliloquy-caption soliloquy-caption-bottom\"><div class=\"soliloquy-caption-inside\"><p>Sv\u011btl\u00e1 smetana<\/p><br \/>\n<p style=\"font-size:13px\">Hydrata\u010dn\u00ed kr\u00e9m pro norm\u00e1ln\u00ed a\u017e sm\u00ed\u0161enou ple\u0165<\/p><\/div><\/div><\/li><li aria-hidden=\"true\" class=\"soliloquy-item soliloquy-item-6 soliloquy-id-2507 soliloquy-image-slide\" draggable=\"false\" style=\"list-style:none;\"><a href=\"https:\/\/hyfac.fr\/cs\/nos-gammes\/hydrafac\/creme-riche\/%20\/\" class=\"soliloquy-link\" title=\"HYDRAFAC bohat\u00fd hydrata\u010dn\u00ed kr\u00e9m pro suchou ple\u0165\"><img id=\"soliloquy-image-2507\" class=\"soliloquy-image soliloquy-image-6\" src=\"https:\/\/hyfac.fr\/wp-content\/uploads\/2018\/02\/hydrafac-creme-riche-200x200_c.jpg\" alt=\"HYDRAFAC bohat\u00fd hydrata\u010dn\u00ed kr\u00e9m pro suchou ple\u0165\" \/><\/a><div class=\"soliloquy-caption soliloquy-caption-bottom\"><div class=\"soliloquy-caption-inside\"><p>Bohat\u00fd kr\u00e9m<\/p><br \/>\n<p style=\"font-size:13px\">Hydrata\u010dn\u00ed kr\u00e9m pro suchou ple\u0165<\/p><\/div><\/div><\/li><li aria-hidden=\"true\" class=\"soliloquy-item soliloquy-item-7 soliloquy-id-2505 soliloquy-image-slide\" draggable=\"false\" style=\"list-style:none;\"><a href=\"https:\/\/hyfac.fr\/cs\/nos-gammes\/hydrafac\/baume-levres\/\" class=\"soliloquy-link\" title=\"HYDRAFAC Hydrata\u010dn\u00ed balz\u00e1m na rty\"><img id=\"soliloquy-image-2505\" class=\"soliloquy-image soliloquy-image-7\" src=\"https:\/\/hyfac.fr\/wp-content\/uploads\/2018\/02\/baume_hydrafac_3D-200x200_c.jpg\" alt=\"HYDRAFAC Hydrata\u010dn\u00ed balz\u00e1m na rty\" \/><\/a><div class=\"soliloquy-caption soliloquy-caption-bottom\"><div class=\"soliloquy-caption-inside\"><p>Balz\u00e1m na rty<\/p><br \/>\n<p style=\"font-size:13px\">Vy\u017eivuje a hydratuje<\/p><\/div><\/div><\/li><\/ul><\/div><noscript><style type=\"text\/css\" scoped>#soliloquy-container-5784{opacity:1}#soliloquy-container-5784 li > .soliloquy-caption{display:none}#soliloquy-container-5784 li:first-child > .soliloquy-caption{display:block}<\/style><div class=\"soliloquy-no-js\" style=\"display:none;visibility:hidden;height:0;line-height:0;opacity:0;\"><img class=\"soliloquy-image soliloquy-no-js-image\" src=\"https:\/\/hyfac.fr\/wp-content\/uploads\/2019\/01\/Diapositive34-1.jpeg\" alt=\"HYFAC SUN Neviditeln\u00e1 ochrana proti slunci\" \/><img class=\"soliloquy-image soliloquy-no-js-image\" src=\"https:\/\/hyfac.fr\/wp-content\/uploads\/2019\/01\/Diapositive36-1.jpeg\" alt=\"HYFAC SUN T\u00f3novan\u00e1 ochrana proti slunci SPF50+ (poprv\u00e9)\" \/><img class=\"soliloquy-image soliloquy-no-js-image\" src=\"https:\/\/hyfac.fr\/wp-content\/uploads\/2018\/02\/Hyfac-Clarifac-soin-anti-taches.jpg\" alt=\"CLARIFAC zesv\u011btluj\u00edc\u00ed p\u00e9\u010de proti skvrn\u00e1m\" \/><img class=\"soliloquy-image soliloquy-no-js-image\" src=\"https:\/\/hyfac.fr\/wp-content\/uploads\/2018\/03\/visuel-fotoker-e1526992981647.jpg\" alt=\"FOTOKER Dermatologick\u00fd kr\u00e9m\" \/><img class=\"soliloquy-image soliloquy-no-js-image\" src=\"https:\/\/hyfac.fr\/wp-content\/uploads\/2018\/02\/hydrafac-creme-legere.jpg\" alt=\"HYDRAFAC lehk\u00fd hydrata\u010dn\u00ed kr\u00e9m pro norm\u00e1ln\u00ed a sm\u00ed\u0161enou ple\u0165\" \/><img class=\"soliloquy-image soliloquy-no-js-image\" src=\"https:\/\/hyfac.fr\/wp-content\/uploads\/2018\/02\/hydrafac-creme-riche.jpg\" alt=\"HYDRAFAC bohat\u00fd hydrata\u010dn\u00ed kr\u00e9m pro suchou ple\u0165\" \/><img class=\"soliloquy-image soliloquy-no-js-image\" src=\"https:\/\/hyfac.fr\/wp-content\/uploads\/2018\/02\/baume_hydrafac_3D.jpg\" alt=\"HYDRAFAC Hydrata\u010dn\u00ed balz\u00e1m na rty\" \/><\/div><\/noscript><\/div>\n<\/div>\n<div id=\"savoir-prd\">\n<div class=\"h2prd\">\n<h2><span style=\"color: #fd4700;\">ZJISTIT V\u00cdCE<\/span><\/h2>\n<\/div>\n<div class=\"csRow\">\n<div class=\"csColumn\" style=\"margin: 0px; padding: 0px; float: left; width: 38.6%;\" data-csstartpoint=\"0\" data-csendpoint=\"370.5\" data-cswidth=\"38.6%\" data-csid=\"beb42ad8-6bfd-a029-8282-bd93ae120b4d\"><a href=\"https:\/\/hyfac.fr\/cs\/sos-dermato\/4323-cremes-solaire-proteger-sa-peau\/\" target=\"_blank\" rel=\"noopener\"><img loading=\"lazy\" class=\"aligncenter wp-image-4346 size-thumbnail\" src=\"https:\/\/hyfac.fr\/wp-content\/uploads\/2018\/03\/banniere_carree_site_hyfac_intro_themes3-250x250.jpg\" alt=\"produkty na ochranu p\u0159ed sluncem\" width=\"250\" height=\"250\"><\/a><\/div>\n<div class=\"csColumnGap\" style=\"margin: 0px; padding: 0px; float: left; width: 1.56%;\"><img style=\"border: none;\" src=\"https:\/\/hyfac.fr\/wp-content\/plugins\/advanced-wp-columns\/assets\/js\/plugins\/views\/img\/1x1-pixel.png\"><\/div>\n<div class=\"csColumn\" style=\"margin: 0px; padding: 0px; float: left; width: 59.8%;\" data-csstartpoint=\"385.5\" data-csendpoint=\"960\" data-cswidth=\"59.8%\" data-csid=\"56e6cac6-63f3-6945-9ddf-f20a5ec7912c\">\n<p>P\u0159\u00edpravky na ochranu p\u0159ed sluncem \u00fa\u010dinn\u011b chr\u00e1n\u00ed poko\u017eku p\u0159ed slune\u010dn\u00edmi paprsky, pokud jsou pravideln\u011b a hojn\u011b pou\u017e\u00edv\u00e1ny. Oble\u010den\u00ed, klobouky se \u0161irokou krempou a slune\u010dn\u00ed br\u00fdle jsou samoz\u0159ejm\u011b nezbytnou ochranou, zejm\u00e9na mezi 11. a 15. hodinou (kdy jsou slune\u010dn\u00ed paprsky nejagresivn\u011bj\u0161\u00ed), ale je t\u0159eba je kombinovat s ochrann\u00fdm prost\u0159edkem p\u0159izp\u016fsoben\u00fdm dan\u00e9 situaci a va\u0161emu fototypu. P\u0159\u00edpravky na ochranu p\u0159ed sluncem jsou \u00fa\u010dinn\u00e9, pokud p\u016fsob\u00ed proti UV z\u00e1\u0159en\u00ed a UVB z\u00e1\u0159en\u00ed. Na trhu existuj\u00ed ochrann\u00e9 p\u0159\u00edpravky, kter\u00e9 obsahuj\u00ed slune\u010dn\u00ed filtry nebo opalovac\u00ed kr\u00e9my.<\/p>\n<div id=\"savoirplus\"><a href=\"https:\/\/hyfac.fr\/cs\/sos-dermato\/4323-cremes-solaire-proteger-sa-peau\/\">Dal\u0161\u00ed informace o produktech na ochranu p\u0159ed sluncem<\/a><\/div>\n<\/div>\n<div style=\"clear: both; float: none; display: block; visibility: hidden; width: 0px; font-size: 0px; line-height: 0;\">&nbsp;<\/div>\n<\/div>\n<\/div>\n<div id=\"compo-prd\">\n<div class=\"h2prd\">\n<h2><span style=\"color: #fd4700;\">SLO\u017dEN\u00cd <span style=\"font-size: 14pt;\">\/<\/span> SLO\u017dEN\u00cd<\/span><\/h2>\n<\/div>\n<p><span style=\"color: #cebfb6;\">INCI : AQUA (VODA), OKTOKRYLEN, METHYLEN BIS-BENZOTRIAZOLYL TETRAMETHYLBUTYLFENOL [NANO], DIBUTYL ADIP\u00c1T, DIKAPRILYLKARBON\u00c1T, CYKLOPENTASILOXAN, CETEARETH-20, CYKLOHEXASILOXAN, GLYCERIN, PTFE, BUTYLMETHOXYDIBENZOYLMETHAN (AVOBENZON), BIS-ETHYLHEXYLOXYFENOL METHOXYFENYL TRIAZIN, DECYLGLUKOSID, BUTYLENGLYKOL, ETHYLHEXYL TRIAZON, TOKOFEROL, OLEJ ZE SEMEN ORBIGNYA OLEIFERA, MALTODEXTRIN, EXTRAKT ZE SEMEN MORINGA OLEIFERA, POLYAKRYL\u00c1T SODN\u00dd, PARFUM (V\u016eN\u011a), XANTHAN GUM, KYSELINA CITROV\u00c1, PROPYLEN GLYKOL, CHLORFENESIN, TETRASODN\u00dd GLUTAM\u00c1T DIACET\u00c1T, BENZOAN SODN\u00dd, o-CYMEN-5-OL.<\/span><\/p>\n<\/div>","protected":false},"excerpt":{"rendered":"<p>SPF 50+, proti zne\u010di\u0161t\u011bn\u00ed.<\/p>","protected":false},"author":1,"featured_media":2648,"parent":2592,"menu_order":0,"comment_status":"closed","ping_status":"closed","template":"page\/page-template-newprdhyfacsun.php","meta":{"_mi_skip_tracking":false,"spay_email":""},"_links":{"self":[{"href":"https:\/\/hyfac.fr\/cs\/wp-json\/wp\/v2\/pages\/2596"}],"collection":[{"href":"https:\/\/hyfac.fr\/cs\/wp-json\/wp\/v2\/pages"}],"about":[{"href":"https:\/\/hyfac.fr\/cs\/wp-json\/wp\/v2\/types\/page"}],"author":[{"embeddable":true,"href":"https:\/\/hyfac.fr\/cs\/wp-json\/wp\/v2\/users\/1"}],"replies":[{"embeddable":true,"href":"https:\/\/hyfac.fr\/cs\/wp-json\/wp\/v2\/comments?post=2596"}],"version-history":[{"count":49,"href":"https:\/\/hyfac.fr\/cs\/wp-json\/wp\/v2\/pages\/2596\/revisions"}],"predecessor-version":[{"id":15034,"href":"https:\/\/hyfac.fr\/cs\/wp-json\/wp\/v2\/pages\/2596\/revisions\/15034"}],"up":[{"embeddable":true,"href":"https:\/\/hyfac.fr\/cs\/wp-json\/wp\/v2\/pages\/2592"}],"wp:featuredmedia":[{"embeddable":true,"href":"https:\/\/hyfac.fr\/cs\/wp-json\/wp\/v2\/media\/2648"}],"wp:attachment":[{"href":"https:\/\/hyfac.fr\/cs\/wp-json\/wp\/v2\/media?parent=2596"}],"curies":[{"name":"wp","href":"https:\/\/api.w.org\/{rel}","templated":true}]}}