{"id":2599,"date":"2018-02-19T16:48:37","date_gmt":"2018-02-19T15:48:37","guid":{"rendered":"http:\/\/hyfac.fr\/?page_id=2599"},"modified":"2022-02-10T02:06:07","modified_gmt":"2022-02-10T01:06:07","slug":"fotoker-creme-dermatologique","status":"publish","type":"page","link":"https:\/\/hyfac.fr\/cs\/nos-gammes\/fotoker-creme-dermatologique\/","title":{"rendered":"FOTOKER - Prevence a n\u00e1prava po\u0161kozen\u00ed zp\u016fsoben\u00fdch sluncem"},"content":{"rendered":"<div style=\"width: 960px;\">&nbsp;<\/div>\n<div id=\"prd\">\n<div class=\"csRow\">\n<div class=\"csColumn\" style=\"margin: 0px; padding: 0px; float: left; width: 43%;\" data-csstartpoint=\"0\" data-csendpoint=\"430\" data-cswidth=\"43.0%\" data-csid=\"beb42ad8-6bfd-a029-8282-bd93ae120b4d\">\n<style type=\"text\/css\">#soliloquy-container-5312 .soliloquy-pager{bottom: -30px;}<\/style><div class=\"soliloquy-outer-container\" data-soliloquy-loaded=\"0\"><div aria-live=\"polite\" id=\"soliloquy-container-5312\" class=\"soliloquy-container soliloquy-transition-horizontal soliloquy-slide-horizontal soliloquy-controls-active slider-img-prd soliloquy-theme-base\" style=\"max-width:330px;max-height:600px;margin:0 auto 20px;max-width:100%;max-height:none;\"><ul id=\"soliloquy-5312\" class=\"soliloquy-slider soliloquy-slides soliloquy-wrap soliloquy-clear\"><li aria-hidden=\"true\" class=\"soliloquy-item soliloquy-item-1 soliloquy-id-5589 soliloquy-image-slide\" draggable=\"false\" style=\"list-style:none;\"><img id=\"soliloquy-image-5589\" class=\"soliloquy-image soliloquy-image-1\" src=\"https:\/\/hyfac.fr\/wp-content\/uploads\/2018\/09\/Diapositive32-1-330x600_c.jpeg\" alt=\"FOTOKER dermatologick\u00fd kr\u00e9m aktinick\u00e9 po\u0161kozen\u00ed\" \/><\/li><li aria-hidden=\"true\" class=\"soliloquy-item soliloquy-item-2 soliloquy-id-5546 soliloquy-image-slide\" draggable=\"false\" style=\"list-style:none;\"><img id=\"soliloquy-image-5546\" class=\"soliloquy-image soliloquy-image-2 soliloquy-preload\" src=\"https:\/\/hyfac.fr\/wp-content\/plugins\/soliloquy\/assets\/css\/images\/holder.gif\" data-soliloquy-src=\"https:\/\/hyfac.fr\/wp-content\/uploads\/2018\/09\/Diapositive32-330x600_c.jpeg\" alt=\"FOTOKER dermatologick\u00fd kr\u00e9m aktinick\u00e9 po\u0161kozen\u00ed\" \/><\/li><\/ul><\/div><noscript><style type=\"text\/css\" scoped>#soliloquy-container-5312{opacity:1}#soliloquy-container-5312 li > .soliloquy-caption{display:none}#soliloquy-container-5312 li:first-child > .soliloquy-caption{display:block}<\/style><div class=\"soliloquy-no-js\" style=\"display:none;visibility:hidden;height:0;line-height:0;opacity:0;\"><img class=\"soliloquy-image soliloquy-no-js-image\" src=\"https:\/\/hyfac.fr\/wp-content\/uploads\/2018\/09\/Diapositive32-1.jpeg\" alt=\"FOTOKER dermatologick\u00fd kr\u00e9m aktinick\u00e9 po\u0161kozen\u00ed\" \/><img class=\"soliloquy-image soliloquy-no-js-image\" src=\"https:\/\/hyfac.fr\/wp-content\/uploads\/2018\/09\/Diapositive32.jpeg\" alt=\"FOTOKER dermatologick\u00fd kr\u00e9m aktinick\u00e9 po\u0161kozen\u00ed\" \/><\/div><\/noscript><\/div>\n<\/div>\n<div class=\"csColumnGap\" style=\"margin: 0px; padding: 0px; float: left; width: 7.7%;\"><img style=\"border: none;\" src=\"https:\/\/hyfac.fr\/wp-content\/plugins\/advanced-wp-columns\/assets\/js\/plugins\/views\/img\/1x1-pixel.png\"><\/div>\n<div class=\"csColumn\" style=\"margin: 0px; padding: 0px; float: left; width: 49.3%;\" data-csstartpoint=\"507\" data-csendpoint=\"1000\" data-cswidth=\"49.3%\" data-csid=\"56e6cac6-63f3-6945-9ddf-f20a5ec7912c\">\n<h1><span style=\"color: #11568c; line-height: 35px;\">FOTOKER<\/span><\/h1>\n<p><span style=\"color: #11568c;\">\u0158ada FOTOKER<\/span><br \/>\n50ml tuba. Zdravotnick\u00fd prost\u0159edek.<\/p>\n<p><br \/>\nPr\u00e9vention et r\u00e9paration des dommages caus\u00e9s par le soleil (dommages actiniques).&nbsp;Cr\u00e8me dermatologique.<\/p>\n<ul id=\"ulprd\">\n<li><img class=\"logo-prd\" src=\"\/wp-content\/uploads\/2018\/09\/Repare_ADN.png\" alt=\"Repair_DNA\" width=\"50\"><br \/>\nREPARE<\/li>\n<li><img class=\"logo-prd\" src=\"\/wp-content\/uploads\/2018\/09\/Protege-des-UV.png\" alt=\"Ochrana proti UV z\u00e1\u0159en\u00ed\" width=\"50\"><br \/>\nSPF 50+.<\/li>\n<li><img class=\"logo-prd\" src=\"\/wp-content\/uploads\/2018\/09\/uvb_uva.png\" alt=\"uvb_uva\" width=\"50\"><br \/>\nOCHRANA UVA\/UVB<\/li>\n<li><img class=\"logo-prd\" src=\"\/wp-content\/uploads\/2018\/09\/Hydrate.png\" alt=\"Zvlh\u010duje\" width=\"50\"><br \/>\nHYDRATE<\/li>\n<\/ul>\n<ul id=\"ulprd-link\">\n<li><a href=\"https:\/\/fotoker.fr\/produit\/fotoker-creme-dermatologique\/\"><img class=\"img1\" src=\"\/wp-content\/uploads\/2018\/11\/caddie-copy.png\" alt=\"koupit\">Objednat online<\/a><\/li>\n<li><a href=\"https:\/\/hyfac.fr\/cs\/pres-de-chez-vous\/\"><img class=\"img2\" src=\"\/wp-content\/uploads\/2018\/06\/logo-map-e1530138886120.png\" alt=\"loc\">Vyhled\u00e1n\u00ed prodejn\u00edho m\u00edsta<\/a><\/li>\n<\/ul>\n<ul id=\"ulprd-link\">\n<li class=\"infotri\"><span class=\"spantri\">Objevte na\u0161e pokyny k t\u0159\u00edd\u011bn\u00ed<\/span><br \/>\n<img class=\"imgtri\" src=\"https:\/\/hyfac.fr\/wp-content\/uploads\/2020\/12\/FOTOKER.png\"><\/li>\n<\/ul>\n<\/div>\n<div style=\"clear: both; float: none; display: block; visibility: hidden; width: 0px; font-size: 0px; line-height: 0;\">&nbsp;<\/div>\n<\/div>\n<\/div>\n<div id=\"descript-prd\">La&nbsp;cr\u00e8me dermatologique FOTOKER apporte une <strong>dvoj\u00ed preventivn\u00ed opat\u0159en\u00ed<\/strong> na k\u016f\u017ei. Vytv\u00e1\u0159\u00ed na poko\u017ece ochrann\u00fd film a poskytuje ochranu p\u0159ed slune\u010dn\u00edm z\u00e1\u0159en\u00edm UVA a UVB. Omezuje tedy pronik\u00e1n\u00ed UV z\u00e1\u0159en\u00ed a tak\u00e9 napravuje bun\u011b\u010dn\u00e9 zm\u011bny zp\u016fsoben\u00e9 UV z\u00e1\u0159en\u00edm, kter\u00e9 uniklo t\u00e9to prvn\u00ed bari\u00e9\u0159e (fotol\u00fdze). FOTOKER v sob\u011b kombinuje enzym, kter\u00fd <strong>fotol\u00fdza<\/strong> na <strong>\u0161irokospektr\u00e1ln\u00ed opalovac\u00ed kr\u00e9my<\/strong> (opalovac\u00ed kr\u00e9m 50+). Fotol\u00fdza m\u00e1 schopnost okam\u017eit\u011b opravit \u010d\u00e1st po\u0161kozen\u00ed DNA v na\u0161ich bu\u0148k\u00e1ch zp\u016fsoben\u00e9ho slune\u010dn\u00edm UV z\u00e1\u0159en\u00edm. Jeho <strong>hydrata\u010dn\u00ed textura<\/strong> a pokryt\u00ed zaji\u0161\u0165uje p\u0159\u00edjemnou aplikaci a optim\u00e1ln\u00ed shodu.<\/div>\n<div id=\"menu-prdnew\">\n<ul>\n<li><a id=\"lienmenuconseil\" href=\"#prd\">POU\u017dIT\u00cd RADY<\/a><\/li>\n<li><a id=\"lienmenuactifs\" href=\"#conseil-prd\">AKTIVA<\/a><\/li>\n<li><a id=\"lienmenucmplt\" href=\"#actifs-prd\">DOPL\u0147KOV\u00c9 PRODUKTY<\/a><\/li>\n<li><a id=\"lienmenusavoir\" href=\"#cmplt-prd\">ZJISTIT V\u00cdCE<\/a><\/li>\n<li><a id=\"lienmenucompo\" href=\"#savoir-prd\">SLO\u017dEN\u00cd<\/a><\/li>\n<\/ul>\n<\/div>\n<div id=\"conseil-prd\">\n<div class=\"csRow\">\n<div class=\"csColumn\" style=\"margin: 0px; padding: 0px; float: left; width: 70.8%;\" data-csstartpoint=\"0\" data-csendpoint=\"680\" data-cswidth=\"70.8%\" data-csid=\"7ce9a14c-d45b-a3f2-987b-63fd249cc312\">\n<p><span style=\"color: #11568c;\">JAK SPR\u00c1VN\u011a APLIKOVAT DERMATOLOGICK\u00dd KR\u00c9M FOTOKER?<\/span><\/p>\n<p>FOTOKER je zdravotnick\u00fd prost\u0159edek doporu\u010den\u00fd k prevenci aktinick\u00fdch kerat\u00f3z. Doporu\u010duje se pro osoby, kter\u00e9 se pravideln\u011b pohybuj\u00ed venku, aby se zabr\u00e1nilo vzniku po\u0161kozen\u00ed zp\u016fsoben\u00fdch sluncem.<\/p>\n<p>Aplikujte alespo\u0148 dvakr\u00e1t denn\u011b (r\u00e1no kolem 10. hodiny a odpoledne kolem 14. hodiny) na exponovan\u00e1 m\u00edsta (obli\u010dej, lebka, krk, ruce). Zejm\u00e9na v p\u0159\u00edpad\u011b, \u017ee se na k\u016f\u017ei vyskytuj\u00ed aktinick\u00e9 kerat\u00f3zy, bude aplikace p\u0159ednostn\u011b prov\u00e1d\u011bna na z\u00f3ny k\u016f\u017ee, kter\u00fdch se tyto kerat\u00f3zy dot\u00fdkaj\u00ed.<\/p>\n<p>D\u016fle\u017eit\u00e9 je pou\u017e\u00edvat ji po cel\u00fd rok (ve v\u0161ech ro\u010dn\u00edch obdob\u00edch), nejen v l\u00e9t\u011b nebo za slune\u010dn\u00e9ho po\u010das\u00ed.<\/p>\n<\/div>\n<div class=\"csColumnGap\" style=\"margin: 0px; padding: 0px; float: left; width: 1.56%;\"><img style=\"border: none;\" src=\"https:\/\/hyfac.fr\/wp-content\/plugins\/advanced-wp-columns\/assets\/js\/plugins\/views\/img\/1x1-pixel.png\"><\/div>\n<div class=\"csColumn\" style=\"margin: 0px; padding: 0px; float: left; width: 27.6%;\" data-csstartpoint=\"695\" data-csendpoint=\"960\" data-cswidth=\"27.6%\" data-csid=\"2de6301b-fc0e-6c4c-b16e-671973f34d15\">&nbsp;<br \/>\n&nbsp;<br \/>\n&nbsp;<br \/>\n<img loading=\"lazy\" class=\"aligncenter wp-image-5140\" src=\"https:\/\/hyfac.fr\/wp-content\/uploads\/2018\/07\/conseil-250x250.png\" alt=\"\" width=\"180\" height=\"181\" srcset=\"https:\/\/hyfac.fr\/wp-content\/uploads\/2018\/07\/conseil-250x250.png 250w, https:\/\/hyfac.fr\/wp-content\/uploads\/2018\/07\/conseil-298x300.png 298w, https:\/\/hyfac.fr\/wp-content\/uploads\/2018\/07\/conseil.png 308w\" sizes=\"(max-width: 180px) 100vw, 180px\" \/>&nbsp;<\/p>\n<\/div>\n<div style=\"clear: both; float: none; display: block; visibility: hidden; width: 0px; font-size: 0px; line-height: 0;\">&nbsp;<\/div>\n<p><span style=\"color: #11568c;\">Co p\u0159in\u00e1\u0161\u00ed FOTOKER v prevenci aktinick\u00fdch kerat\u00f3z?<\/span><br \/>\nOpalovac\u00ed kr\u00e9m, a to i ten s velmi \u0161irok\u00fdm spektrem, nen\u00ed \u00faplnou ochranou. FOTOKER je v\u00edc ne\u017e jen opalovac\u00ed kr\u00e9m, proto\u017ee obsahuje enzym, kter\u00fd m\u00e1 schopnost okam\u017eit\u011b opravit \u010d\u00e1st po\u0161kozen\u00ed DNA ko\u017en\u00edch bun\u011bk. Tento enzym je <strong>fotol\u00fdza.<\/strong> U \u010dlov\u011bka se p\u0159irozen\u011b nevyskytuje a je p\u0159\u00edtomen u mnoha rostlinn\u00fdch a \u017eivo\u010di\u0161n\u00fdch druh\u016f. FOTOKER kombinuje fotol\u00fdzu se \u0161irok\u00fdm spektrem 50+ opalovac\u00edho kr\u00e9mu.<\/p>\n<\/div>\n<\/div>\n<div id=\"actifs-prd\">\n<div class=\"h2prd\">\n<h2><span style=\"color: #11568c;\">KL\u00cd\u010cOV\u00c1 AKTIVA<\/span><\/h2>\n<\/div>\n<p><span style=\"color: #11568c;\">Fotol\u00fdza (extrakt z planktonu)<\/span><br \/>\nFotol\u00fdza je enzym, kter\u00fd okam\u017eit\u011b opravuje po\u0161kozen\u00ed DNA epiderm\u00e1ln\u00edch bun\u011bk zp\u016fsoben\u00e9 UV z\u00e1\u0159en\u00edm. Tento enzym se u \u010dlov\u011bka p\u0159irozen\u011b nevyskytuje a je p\u0159\u00edtomen u mnoha rostlinn\u00fdch a \u017eivo\u010di\u0161n\u00fdch druh\u016f.<\/p>\n<p><span style=\"color: #11568c;\">Opalovac\u00ed kr\u00e9m 50+ se \u0161irok\u00fdm spektrem, bez miner\u00e1ln\u00edch ochrann\u00fdch l\u00e1tek<\/span><br \/>\n\u0160irok\u00e9 spektrum opalovac\u00edch kr\u00e9m\u016f poskytuje vysokou ochranu proti UVA a UVB z\u00e1\u0159en\u00ed.<\/p>\n<\/div>\n<div id=\"cmplt-prd\">\n<div class=\"h2prd\">\n<h2><span style=\"color: #11568c;\">DOPL\u0147KOV\u00c9 PRODUKTY<\/span><\/h2>\n<\/div>\n<style type=\"text\/css\">#soliloquy-container-5444 .soliloquy-prev{left: -60px;background-color:#11568C;}#soliloquy-container-5444 .soliloquy-next{right: -60px;background-color:#11568C;}#soliloquy-container-5444 .soliloquy-image{background: #f3f3f3;border: 1px solid #ddd;padding:3px;}#soliloquy-container-5444 .soliloquy-viewport{height: 260px !important;}#soliloquy-container-5444 .soliloquy-caption-bottom{position: relative;}#soliloquy-container-5444 .soliloquy-caption-inside{color:#CEBFB6; text-shadow:none;background:none;}@media only screen and (max-width: 1000px){#soliloquy-container-5444 .soliloquy-prev{left: 0px;}#soliloquy-container-5444 .soliloquy-next{right: 0px;}#soliloquy-container-5444 .soliloquy-viewport{height: 200px;}}<\/style><div class=\"soliloquy-outer-container soliloquy-carousel\" data-soliloquy-loaded=\"0\"><div aria-live=\"polite\" id=\"soliloquy-container-5444\" class=\"soliloquy-container soliloquy-transition-horizontal soliloquy-slide-horizontal soliloquy-arrows-active Produits-complmentaires-Hyfac soliloquy-theme-base\" style=\"max-width:960px;max-height:300px;margin:0 auto 20px;\"><ul id=\"soliloquy-5444\" class=\"soliloquy-slider soliloquy-slides soliloquy-wrap soliloquy-clear\"><li aria-hidden=\"true\" class=\"soliloquy-item soliloquy-item-1 soliloquy-id-5591 soliloquy-image-slide\" draggable=\"false\" style=\"list-style:none;\"><a href=\"https:\/\/hyfac.fr\/cs\/nos-gammes\/hydrafac\/creme-legere\/\" class=\"soliloquy-link\" title=\"HYDRAFAC lehk\u00fd hydrata\u010dn\u00ed kr\u00e9m pro sm\u00ed\u0161enou ple\u0165\"><img id=\"soliloquy-image-5591\" class=\"soliloquy-image soliloquy-image-1\" src=\"https:\/\/hyfac.fr\/wp-content\/uploads\/2018\/09\/Diapositive24-1-200x200_c.jpeg\" alt=\"HYDRAFAC lehk\u00fd hydrata\u010dn\u00ed kr\u00e9m pro sm\u00ed\u0161enou ple\u0165\" \/><\/a><div class=\"soliloquy-caption soliloquy-caption-bottom\"><div class=\"soliloquy-caption-inside\"><p>Sv\u011btl\u00e1 smetana<\/p><br \/>\n<p style=\"font-size:13px\">Hydrata\u010dn\u00ed kr\u00e9m pro norm\u00e1ln\u00ed a\u017e sm\u00ed\u0161enou ple\u0165<\/p><\/div><\/div><\/li><li aria-hidden=\"true\" class=\"soliloquy-item soliloquy-item-2 soliloquy-id-5592 soliloquy-image-slide\" draggable=\"false\" style=\"list-style:none;\"><a href=\"https:\/\/hyfac.fr\/cs\/nos-gammes\/hydrafac\/creme-riche\/\" class=\"soliloquy-link\" title=\"HYDRAFAC bohat\u00fd hydrata\u010dn\u00ed kr\u00e9m pro suchou ple\u0165\"><img id=\"soliloquy-image-5592\" class=\"soliloquy-image soliloquy-image-2\" src=\"https:\/\/hyfac.fr\/wp-content\/uploads\/2018\/09\/Diapositive26-1-200x200_c.jpeg\" alt=\"HYDRAFAC bohat\u00fd hydrata\u010dn\u00ed kr\u00e9m pro suchou ple\u0165\" \/><\/a><div class=\"soliloquy-caption soliloquy-caption-bottom\"><div class=\"soliloquy-caption-inside\"><p>Bohat\u00fd kr\u00e9m<\/p><br \/>\n<p style=\"font-size:13px\">Hydrata\u010dn\u00ed kr\u00e9m pro suchou ple\u0165<\/p><\/div><\/div><\/li><li aria-hidden=\"true\" class=\"soliloquy-item soliloquy-item-3 soliloquy-id-5593 soliloquy-image-slide\" draggable=\"false\" style=\"list-style:none;\"><a href=\"https:\/\/hyfac.fr\/cs\/nos-gammes\/hydrafac\/baume-levres\/\" class=\"soliloquy-link\" title=\"HYDRAFAC Hydrata\u010dn\u00ed balz\u00e1m na rty\"><img id=\"soliloquy-image-5593\" class=\"soliloquy-image soliloquy-image-3\" src=\"https:\/\/hyfac.fr\/wp-content\/uploads\/2018\/09\/Diapositive28-200x200_c.jpeg\" alt=\"HYDRAFAC Hydrata\u010dn\u00ed balz\u00e1m na rty\" \/><\/a><div class=\"soliloquy-caption soliloquy-caption-bottom\"><div class=\"soliloquy-caption-inside\"><p>Balz\u00e1m na rty<\/p><br \/>\n<p style=\"font-size:13px\">Vy\u017eivuje a hydratuje<\/p><\/div><\/div><\/li><li aria-hidden=\"true\" class=\"soliloquy-item soliloquy-item-4 soliloquy-id-5594 soliloquy-image-slide\" draggable=\"false\" style=\"list-style:none;\"><a href=\"https:\/\/hyfac.fr\/cs\/nos-gammes\/clarifac-soin-anti-taches\/\" class=\"soliloquy-link\" title=\"CLARIFAC zesv\u011btluj\u00edc\u00ed p\u00e9\u010de proti skvrn\u00e1m\"><img id=\"soliloquy-image-5594\" class=\"soliloquy-image soliloquy-image-4\" src=\"https:\/\/hyfac.fr\/wp-content\/uploads\/2018\/09\/Diapositive30-1-200x200_c.jpeg\" alt=\"CLARIFAC zesv\u011btluj\u00edc\u00ed p\u00e9\u010de proti skvrn\u00e1m\" \/><\/a><div class=\"soliloquy-caption soliloquy-caption-bottom\"><div class=\"soliloquy-caption-inside\"><p>P\u00e9\u010de proti skvrn\u00e1m<\/p><br \/>\n<p style=\"font-size:13px\">Vyrovn\u00e1v\u00e1 a rozjas\u0148uje ple\u0165<\/p><\/div><\/div><\/li><\/ul><\/div><noscript><style type=\"text\/css\" scoped>#soliloquy-container-5444{opacity:1}#soliloquy-container-5444 li > .soliloquy-caption{display:none}#soliloquy-container-5444 li:first-child > .soliloquy-caption{display:block}<\/style><div class=\"soliloquy-no-js\" style=\"display:none;visibility:hidden;height:0;line-height:0;opacity:0;\"><img class=\"soliloquy-image soliloquy-no-js-image\" src=\"https:\/\/hyfac.fr\/wp-content\/uploads\/2018\/09\/Diapositive24-1.jpeg\" alt=\"HYDRAFAC lehk\u00fd hydrata\u010dn\u00ed kr\u00e9m pro sm\u00ed\u0161enou ple\u0165\" \/><img class=\"soliloquy-image soliloquy-no-js-image\" src=\"https:\/\/hyfac.fr\/wp-content\/uploads\/2018\/09\/Diapositive26-1.jpeg\" alt=\"HYDRAFAC bohat\u00fd hydrata\u010dn\u00ed kr\u00e9m pro suchou ple\u0165\" \/><img class=\"soliloquy-image soliloquy-no-js-image\" src=\"https:\/\/hyfac.fr\/wp-content\/uploads\/2018\/09\/Diapositive28.jpeg\" alt=\"HYDRAFAC Hydrata\u010dn\u00ed balz\u00e1m na rty\" \/><img class=\"soliloquy-image soliloquy-no-js-image\" src=\"https:\/\/hyfac.fr\/wp-content\/uploads\/2018\/09\/Diapositive30-1.jpeg\" alt=\"CLARIFAC zesv\u011btluj\u00edc\u00ed p\u00e9\u010de proti skvrn\u00e1m\" \/><\/div><\/noscript><\/div>\n<\/div>\n<div id=\"savoir-prd\">\n<div class=\"h2prd\">\n<h2><span style=\"color: #11568c;\">ZJISTIT V\u00cdCE<\/span><\/h2>\n<\/div>\n<div class=\"csRow\">\n<div class=\"csColumn\" style=\"margin: 0px; padding: 0px; float: left; width: 38.6%;\" data-csstartpoint=\"0\" data-csendpoint=\"370.5\" data-cswidth=\"38.6%\" data-csid=\"beb42ad8-6bfd-a029-8282-bd93ae120b4d\"><a href=\"https:\/\/hyfac.fr\/cs\/sos-dermato\/4322-keratoses-actiniques-prevention\/\" target=\"_blank\" rel=\"noopener\"><img loading=\"lazy\" class=\"aligncenter wp-image-4342 size-thumbnail\" src=\"https:\/\/hyfac.fr\/wp-content\/uploads\/2018\/03\/banniere_carree_site_hyfac_intro_themes2-250x250.jpg\" alt=\"Aktinick\u00e9 kerat\u00f3zy a prevence\" width=\"250\" height=\"250\" srcset=\"https:\/\/hyfac.fr\/wp-content\/uploads\/2018\/03\/banniere_carree_site_hyfac_intro_themes2-250x250.jpg 250w, https:\/\/hyfac.fr\/wp-content\/uploads\/2018\/03\/banniere_carree_site_hyfac_intro_themes2-300x300.jpg 300w, https:\/\/hyfac.fr\/wp-content\/uploads\/2018\/03\/banniere_carree_site_hyfac_intro_themes2.jpg 543w\" sizes=\"(max-width: 250px) 100vw, 250px\" \/><\/a><\/div>\n<div class=\"csColumnGap\" style=\"margin: 0px; padding: 0px; float: left; width: 1.56%;\"><img style=\"border: none;\" src=\"https:\/\/hyfac.fr\/wp-content\/plugins\/advanced-wp-columns\/assets\/js\/plugins\/views\/img\/1x1-pixel.png\"><\/div>\n<div class=\"csColumn\" style=\"margin: 0px; padding: 0px; float: left; width: 59.8%;\" data-csstartpoint=\"385.5\" data-csendpoint=\"960\" data-cswidth=\"59.8%\" data-csid=\"56e6cac6-63f3-6945-9ddf-f20a5ec7912c\"><span style=\"color: #11568c;\">Co jsou aktinick\u00e9 kerat\u00f3zy?<\/span><br \/>\nJe to m\u00e1lo zn\u00e1m\u00fd n\u00e1zev pro jeden z nej\u010dast\u011bj\u0161\u00edch ko\u017en\u00edch probl\u00e9m\u016f!<br \/>\nAktinick\u00e9 kerat\u00f3zy, zn\u00e1m\u00e9 tak\u00e9 jako sol\u00e1rn\u00ed kerat\u00f3zy, jsou p\u0159edrakovinn\u00e9 ko\u017en\u00ed l\u00e9ze. Jsou to p\u0159edstupn\u011b ur\u010dit\u00e9 formy rakoviny k\u016f\u017ee. Aktinick\u00e9 kerat\u00f3zy jsou spojeny s chronick\u00fdm nebo opakovan\u00fdm vystavov\u00e1n\u00edm se slune\u010dn\u00edmu z\u00e1\u0159en\u00ed, a\u0165 u\u017e p\u0159i pr\u00e1ci (n\u00e1mo\u0159n\u00edci, zem\u011bd\u011blci, sportovci, stavebn\u00ed d\u011bln\u00edci atd.), nebo ve voln\u00e9m \u010dase (zahradni\u010den\u00ed, ch\u016fze na slunci, j\u00edzda na kole atd.). Vyskytuj\u00ed se p\u0159edev\u0161\u00edm na exponovan\u00fdch m\u00edstech (obli\u010dej, lysina, z\u00e1tylek, nohy, dekolt a ruce).<br \/>\nAktinick\u00e9 kerat\u00f3zy jsou mal\u00e9 chronick\u00e9 l\u00e9ze, r\u016f\u017eov\u00e9 nebo hn\u011bd\u00e9, \u0161upinat\u00e9 nebo krustovit\u00e9, ploch\u00e9 nebo m\u00edrn\u011b vyv\u00fd\u0161en\u00e9, velmi \u010dasto drsn\u00e9 na dotek. Jsou velmi \u010dast\u00fdm d\u016fvodem pro konzultaci v dermatologii.<br \/>\nNel\u00e9\u010den\u00e1 sol\u00e1rn\u00ed kerat\u00f3za m\u016f\u017ee bu\u010f p\u0159etrv\u00e1vat, spont\u00e1nn\u011b vymizet, nebo se m\u016f\u017ee vyvinout ve spinocelul\u00e1rn\u00ed karcinom (rakovinu k\u016f\u017ee). Odhaduje se, \u017ee jedinec s v\u00edce ne\u017e 10 aktinick\u00fdmi kerat\u00f3zami m\u00e1 10% pravd\u011bpodobnost, \u017ee se u n\u011bj do 10 let vyvine spinocelul\u00e1rn\u00ed karcinom. V\u00fdskyt aktinick\u00fdch kerat\u00f3z p\u0159\u00edmo souvis\u00ed s expozic\u00ed slune\u010dn\u00edmu z\u00e1\u0159en\u00ed, proto je z\u00e1sadn\u00ed prevence (oble\u010den\u00ed, \u0161irokospektr\u00e1ln\u00ed opalovac\u00ed kr\u00e9my na exponovan\u00fdch m\u00edstech).&nbsp;<\/p>\n<div id=\"savoirplus\"><a href=\"https:\/\/hyfac.fr\/cs\/sos-dermato\/4322-keratoses-actiniques-prevention\/\">Dal\u0161\u00ed informace o aktinick\u00fdch kerat\u00f3z\u00e1ch a prevenci<\/a><\/div>\n<\/div>\n<div style=\"clear: both; float: none; display: block; visibility: hidden; width: 0px; font-size: 0px; line-height: 0;\">&nbsp;<\/div>\n<\/div>\n<\/div>\n<div id=\"compo-prd\">\n<div class=\"h2prd\">\n<h2><span style=\"color: #11568c;\">SLO\u017dEN\u00cd <span style=\"font-size: 14pt;\">\/<\/span> SLO\u017dEN\u00cd<\/span><\/h2>\n<\/div>\n<p><span style=\"color: #cebfb6;\">INCI: AQUA, METHYLEN BIS-BENZOTRIAZOLYL TETRAMETHYLBUTYLFENOL [NANO], ETHYLHEXYL METHOXYCINNAMATE, BIS-ETHYLHEXYLOXYPHENOL METHOXYPHENYL TRIAZINE, DICAPRYLYL ETHER, OCTOCRYLENE, CETEARYL ETHYLHEXANOATE, CYCLOPENTESILOXANE, BUTYL METHOXYDIBENZOYLMETHANE, GLYCERIN, CETEARYL ALCOHOL, GLYCERYL STEARATE, PROPYLENE GLYCOL, DECYLGLUKOSID, TRIACONTANYL PVP, KOPOLYMER AMONIUM AKRYLOYLDIMETHYLTAUR\u00c1T\/VP, HYDROLYZOVAN\u00dd P\u0160ENI\u010cN\u00dd PROTEIN PALMITOYL DRASELN\u00dd, FENETYLALKOHOL, KAPRYLYLGLYKOL, TOKOFERYLACET\u00c1T, EXTRAKT Z PLANKTONU, DIAMINOPROPIONOYLTRIPEPTID-33, PARFUM, KYSELINA CITRONOV\u00c1, LECITIN, XANTHANOV\u00c1 GUMA, TOKOFEROL, ASKORBYLPALMIT\u00c1T.<\/span><\/p>\n<\/div>","protected":false},"excerpt":{"rendered":"<p>Dispositif m\u00e9dical.<\/p>","protected":false},"author":1,"featured_media":4698,"parent":22,"menu_order":4,"comment_status":"closed","ping_status":"closed","template":"page\/page-template-newprdfotoker.php","meta":{"_mi_skip_tracking":false,"spay_email":""},"_links":{"self":[{"href":"https:\/\/hyfac.fr\/cs\/wp-json\/wp\/v2\/pages\/2599"}],"collection":[{"href":"https:\/\/hyfac.fr\/cs\/wp-json\/wp\/v2\/pages"}],"about":[{"href":"https:\/\/hyfac.fr\/cs\/wp-json\/wp\/v2\/types\/page"}],"author":[{"embeddable":true,"href":"https:\/\/hyfac.fr\/cs\/wp-json\/wp\/v2\/users\/1"}],"replies":[{"embeddable":true,"href":"https:\/\/hyfac.fr\/cs\/wp-json\/wp\/v2\/comments?post=2599"}],"version-history":[{"count":59,"href":"https:\/\/hyfac.fr\/cs\/wp-json\/wp\/v2\/pages\/2599\/revisions"}],"predecessor-version":[{"id":15033,"href":"https:\/\/hyfac.fr\/cs\/wp-json\/wp\/v2\/pages\/2599\/revisions\/15033"}],"up":[{"embeddable":true,"href":"https:\/\/hyfac.fr\/cs\/wp-json\/wp\/v2\/pages\/22"}],"wp:featuredmedia":[{"embeddable":true,"href":"https:\/\/hyfac.fr\/cs\/wp-json\/wp\/v2\/media\/4698"}],"wp:attachment":[{"href":"https:\/\/hyfac.fr\/cs\/wp-json\/wp\/v2\/media?parent=2599"}],"curies":[{"name":"wp","href":"https:\/\/api.w.org\/{rel}","templated":true}]}}