{"id":2606,"date":"2016-05-26T00:50:46","date_gmt":"2016-05-25T22:50:46","guid":{"rendered":"http:\/\/hyfac.fr\/?page_id=2606"},"modified":"2025-10-31T14:22:36","modified_gmt":"2025-10-31T13:22:36","slug":"active-mask","status":"publish","type":"page","link":"https:\/\/hyfac.fr\/cs\/nos-gammes\/hyfac-woman\/active-mask\/","title":{"rendered":"Aktivn\u00ed maska"},"content":{"rendered":"<div style=\"width: 960px;\"><\/div>\n<div id=\"prd\">\n<div class=\"csRow\">\n<div class=\"csColumn\" style=\"margin: 0px; padding: 0px; float: left; width: 43%;\" data-csstartpoint=\"0\" data-csendpoint=\"430\" data-cswidth=\"43.0%\" data-csid=\"beb42ad8-6bfd-a029-8282-bd93ae120b4d\">\n<style type=\"text\/css\">#soliloquy-container-5298 .soliloquy-pager{bottom: -30px;}<\/style><div class=\"soliloquy-outer-container\" data-soliloquy-loaded=\"0\"><div aria-live=\"polite\" id=\"soliloquy-container-5298\" class=\"soliloquy-container soliloquy-transition-horizontal soliloquy-slide-horizontal soliloquy-controls-active slider-img-prd soliloquy-theme-base\" style=\"max-width:400px;max-height:500px;margin:0 auto 20px;max-width:100%;max-height:none;\"><ul id=\"soliloquy-5298\" class=\"soliloquy-slider soliloquy-slides soliloquy-wrap soliloquy-clear\"><li aria-hidden=\"true\" class=\"soliloquy-item soliloquy-item-1 soliloquy-id-15334 soliloquy-image-slide\" draggable=\"false\" style=\"list-style:none;\"><a href=\"https:\/\/hyfac.fr\/wp-content\/uploads\/2022\/02\/Sans-titre-61.jpeg\" class=\"soliloquy-link\" title=\"Aktivn\u00ed maska\" rel=\"soliloquybox5298\" data-thumbnail=\"https:\/\/hyfac.fr\/wp-content\/uploads\/2022\/02\/Sans-titre-61-75x75_c.jpeg\"><img id=\"soliloquy-image-15334\" class=\"soliloquy-image soliloquy-image-1\" src=\"https:\/\/hyfac.fr\/wp-content\/uploads\/2022\/02\/Sans-titre-61-400x500_c.jpeg\" alt=\"Aktivn\u00ed maska\" \/><\/a><\/li><li aria-hidden=\"true\" class=\"soliloquy-item soliloquy-item-2 soliloquy-id-5573 soliloquy-image-slide\" draggable=\"false\" style=\"list-style:none;\"><img id=\"soliloquy-image-5573\" class=\"soliloquy-image soliloquy-image-2 soliloquy-preload\" src=\"https:\/\/hyfac.fr\/wp-content\/plugins\/soliloquy\/assets\/css\/images\/holder.gif\" data-soliloquy-src=\"https:\/\/hyfac.fr\/wp-content\/uploads\/2018\/09\/Diapositive22-400x500_c.jpeg\" alt=\"HYFAC WOMAN Aktivn\u00ed maska pro \u017eeny\" \/><\/li><li aria-hidden=\"true\" class=\"soliloquy-item soliloquy-item-3 soliloquy-id-5585 soliloquy-image-slide\" draggable=\"false\" style=\"list-style:none;\"><img id=\"soliloquy-image-5585\" class=\"soliloquy-image soliloquy-image-3 soliloquy-preload\" src=\"https:\/\/hyfac.fr\/wp-content\/plugins\/soliloquy\/assets\/css\/images\/holder.gif\" data-soliloquy-src=\"https:\/\/hyfac.fr\/wp-content\/uploads\/2018\/09\/Diapositive23-2-400x500_c.jpeg\" alt=\"HYFAC WOMAN Aktivn\u00ed maska pro \u017eeny\" \/><\/li><\/ul><\/div><noscript><style type=\"text\/css\" scoped>#soliloquy-container-5298{opacity:1}#soliloquy-container-5298 li > .soliloquy-caption{display:none}#soliloquy-container-5298 li:first-child > .soliloquy-caption{display:block}<\/style><div class=\"soliloquy-no-js\" style=\"display:none;visibility:hidden;height:0;line-height:0;opacity:0;\"><img class=\"soliloquy-image soliloquy-no-js-image\" src=\"https:\/\/hyfac.fr\/wp-content\/uploads\/2022\/02\/Sans-titre-61.jpeg\" alt=\"Aktivn\u00ed maska\" \/><img class=\"soliloquy-image soliloquy-no-js-image\" src=\"https:\/\/hyfac.fr\/wp-content\/uploads\/2018\/09\/Diapositive22.jpeg\" alt=\"HYFAC WOMAN Aktivn\u00ed maska pro \u017eeny\" \/><img class=\"soliloquy-image soliloquy-no-js-image\" src=\"https:\/\/hyfac.fr\/wp-content\/uploads\/2018\/09\/Diapositive23-2.jpeg\" alt=\"HYFAC WOMAN Aktivn\u00ed maska pro \u017eeny\" \/><\/div><\/noscript><\/div>\n<\/div>\n<div class=\"csColumnGap\" style=\"margin: 0px; padding: 0px; float: left; width: 7.7%;\"><img style=\"border: none;\" src=\"https:\/\/hyfac.fr\/wp-content\/plugins\/advanced-wp-columns\/assets\/js\/plugins\/views\/img\/1x1-pixel.png\" \/><\/div>\n<div class=\"csColumn\" style=\"margin: 0px; padding: 0px; float: left; width: 49.3%;\" data-csstartpoint=\"507\" data-csendpoint=\"1000\" data-cswidth=\"49.3%\" data-csid=\"56e6cac6-63f3-6945-9ddf-f20a5ec7912c\">\n<h1><span style=\"color: #d0006d; line-height: 35px;\">AKTIVN\u00cd MASKA<\/span><\/h1>\n<p><span style=\"color: #d0006d;\">\u0158ada HYFAC Woman<\/span><br \/>\nBoite 15 sachets.<\/p>\n<p><br \/>\nMasque peel-off pour l&#8217;acn\u00e9 de la femme adulte cibl\u00e9 sur la glande s\u00e9bac\u00e9e. Diminue la s\u00e9cr\u00e9tion de s\u00e9bum et les l\u00e9sions r\u00e9tentionnelles.<\/p>\n<ul id=\"ulprd\">\n<li><img class=\"logo-prd\" src=\"\/wp-content\/uploads\/2018\/10\/ANTI_BOUTONS_WOMAN.png\" alt=\"anti_acne\" width=\"50\" \/><br \/>\nANTI ACNE<\/li>\n<li><img class=\"logo-prd\" src=\"\/wp-content\/uploads\/2018\/10\/Desincruste.png\" alt=\"odblokov\u00e1n\u00ed\" width=\"50\" \/><br \/>\nDESINCRUSTE<\/li>\n<li><img class=\"logo-prd\" src=\"\/wp-content\/uploads\/2018\/10\/Matifie.png\" alt=\"matn\u00fd\" width=\"50\" \/><br \/>\nMATIFY<\/li>\n<\/ul>\n<ul id=\"ulprd-link\">\n<li><p class=\"product woocommerce add_to_cart_inline\" style=\"border:4px solid #ccc; padding: 12px;\"><span class=\"woocommerce-Price-amount amount\"><bdi>24,90&nbsp;<span class=\"woocommerce-Price-currencySymbol\">\u20ac<\/span><\/bdi><\/span><a href=\"?add-to-cart=14928\" data-quantity=\"1\" class=\"button product_type_simple add_to_cart_button ajax_add_to_cart\" data-product_id=\"14928\" data-product_sku=\"\" aria-label=\"P\u0159idat \u201eWoman - Active Mask\u201c do ko\u0161\u00edku\" rel=\"nofollow\" data-no-translation=\"\" data-trp-gettext=\"\" data-no-translation-aria-label=\"\">P\u0159idat do ko\u0161\u00edku<\/a><\/p><\/li>\n<li><\/li>\n<li><a href=\"https:\/\/hyfac.fr\/cs\/pres-de-chez-vous\/\"><img class=\"img2\" src=\"\/wp-content\/uploads\/2018\/06\/logo-map-e1530138886120.png\" alt=\"loc\" \/>Vyhled\u00e1n\u00ed prodejn\u00edho m\u00edsta<\/a><\/li>\n<\/ul>\n<ul id=\"ulprd-link\">\n<li class=\"infotri\"><span class=\"spantri\">Objevte na\u0161e pokyny k t\u0159\u00edd\u011bn\u00ed<\/span><br \/>\n<img class=\"imgtri\" src=\"https:\/\/hyfac.fr\/wp-content\/uploads\/2020\/12\/HYFAC-WOMAN-Active-Mask.png\" \/><\/li>\n<\/ul>\n<\/div>\n<div style=\"clear: both; float: none; display: block; visibility: hidden; width: 0px; font-size: 0px; line-height: 0;\"><\/div>\n<\/div>\n<\/div>\n<div id=\"descript-prd\">HYFAC WOMAN ACTIVE MASK est une <strong>solution<\/strong> innovante de l\u2019acn\u00e9 de la femme adulte. Il agit localement et directement \u00e0 l\u2019origine de l\u2019apparition des boutons, com\u00e9dons et microkystes. Ses actifs agissent au sein de la <strong>mazov\u00e1 \u017el\u00e1za<\/strong> sn\u00ed\u017een\u00edm p\u0159\u00edtomnosti <strong>mu\u017esk\u00e9 hormony<\/strong> a t\u00edm, \u017ee podporuje mechanismus sebevylu\u010dov\u00e1n\u00ed odpadn\u00edch l\u00e1tek v ko\u017en\u00edch bu\u0148k\u00e1ch. A <strong>klinick\u00e9 hodnocen\u00ed<\/strong> proveden\u00fd na 40 \u017een\u00e1ch prokazuje \u00fa\u010dinnost masky proti akn\u00e9 i jej\u00ed vysokou sn\u00e1\u0161enlivost.<\/div>\n<div id=\"menu-prdnew\">\n<ul>\n<li><a id=\"lienmenuconseil\" href=\"#prd\">POU\u017dIT\u00cd RADY<\/a><\/li>\n<li><a id=\"lienmenuactifs\" href=\"#conseil-prd\">AKTIVA<\/a><\/li>\n<li><a id=\"lienmenucmplt\" href=\"#actifs-prd\">DOPL\u0147KOV\u00c9 PRODUKTY<\/a><\/li>\n<li><a id=\"lienmenusavoir\" href=\"#cmplt-prd\">ZJISTIT V\u00cdCE<\/a><\/li>\n<li><a id=\"lienmenucompo\" href=\"#savoir-prd\">SLO\u017dEN\u00cd<\/a><\/li>\n<\/ul>\n<\/div>\n<div id=\"conseil-prd\">\n<div class=\"csRow\">\n<div class=\"csColumn\" style=\"margin: 0px; padding: 0px; float: left; width: 70.8%;\" data-csstartpoint=\"0\" data-csendpoint=\"680\" data-cswidth=\"70.8%\" data-csid=\"7ce9a14c-d45b-a3f2-987b-63fd249cc312\">\n<p><span style=\"color: #d0006d;\">JAK POU\u017d\u00cdVAT MASKU HYFAC WOMAN ACTIVE?<\/span><\/p>\n<p>Ve\u010der po vy\u010di\u0161t\u011bn\u00ed a osu\u0161en\u00ed pleti naneste obsah gelov\u00e9ho s\u00e1\u010dku na obli\u010dej, zejm\u00e9na na nejv\u00edce posti\u017een\u00e1 m\u00edsta. Vyhn\u011bte se kontaktu s o\u010dima a \u00fasty. Nechte p\u016fsobit p\u0159es noc a druh\u00fd den r\u00e1no masku odstra\u0148te.<\/p>\n<p>Gel zaschne za 1 hodinu a p\u0159em\u011bn\u00ed se na slupovac\u00ed masku. Peelingov\u00e1 maska umo\u017e\u0148uje hlubok\u00e9 proniknut\u00ed \u00fa\u010dinn\u00fdch l\u00e1tek okluz\u00ed. Aplikace mus\u00ed trvat minim\u00e1ln\u011b 4 hodiny.<\/p>\n<p>Appliquer le masque 3 fois par semaine pendant 2 mois. A la fin, il est conseill\u00e9 de faire un masque par semaine pour entretenir sa peau.<\/p>\n<p><span style=\"color: #d0006d;\">Une bo\u00eete d\u2019Active Mask contient 15 sachets de 5ml (un mois d&#8217;utilisation). Un sachet est \u00e0 usage unique et correspond \u00e0 une application.<\/span><\/p>\n<\/div>\n<div class=\"csColumnGap\" style=\"margin: 0px; padding: 0px; float: left; width: 1.56%;\"><img style=\"border: none;\" src=\"https:\/\/hyfac.fr\/wp-content\/plugins\/advanced-wp-columns\/assets\/js\/plugins\/views\/img\/1x1-pixel.png\" \/><\/div>\n<div class=\"csColumn\" style=\"margin: 0px; padding: 0px; float: left; width: 27.6%;\" data-csstartpoint=\"695\" data-csendpoint=\"960\" data-cswidth=\"27.6%\" data-csid=\"2de6301b-fc0e-6c4c-b16e-671973f34d15\">\n<p><img loading=\"lazy\" class=\"aligncenter wp-image-5140\" src=\"https:\/\/hyfac.fr\/wp-content\/uploads\/2018\/07\/conseil-250x250.png\" alt=\"\" width=\"180\" height=\"181\" srcset=\"https:\/\/hyfac.fr\/wp-content\/uploads\/2018\/07\/conseil-250x250.png 250w, https:\/\/hyfac.fr\/wp-content\/uploads\/2018\/07\/conseil-298x300.png 298w, https:\/\/hyfac.fr\/wp-content\/uploads\/2018\/07\/conseil.png 308w\" sizes=\"(max-width: 180px) 100vw, 180px\" \/><\/p>\n<\/div>\n<div style=\"clear: both; float: none; display: block; visibility: hidden; width: 0px; font-size: 0px; line-height: 0;\"><\/div>\n<\/div>\n<\/div>\n<div id=\"actifs-prd\">\n<div class=\"h2prd\">\n<h2><span style=\"color: #d0006d;\">KL\u00cd\u010cOV\u00c1 AKTIVA<\/span><\/h2>\n<\/div>\n<p><span style=\"color: #d0006d;\">Myo-Inositol 1%<\/span><br \/>\nDiminue la concentration d\u2019hormones m\u00e2les (responsables de l&#8217;apparition de l&#8217;acn\u00e9 de la femme) au sein de la glande s\u00e9bac\u00e9e.\u00a0Diminue la s\u00e9cr\u00e9tion de s\u00e9bum.<\/p>\n<p><span style=\"color: #d0006d;\">Extremosio\u00ae 4%<\/span><br \/>\nPodporuje mechanismus autofagie v keratinocytech. Bu\u0148ky tr\u00e1v\u00ed vlastn\u00ed odpad, tak\u017ee p\u00f3ry jsou m\u00e9n\u011b ucpan\u00e9. Sni\u017euje reten\u010dn\u00ed l\u00e9ze.<\/p>\n<\/div>\n<div id=\"cmplt-prd\">\n<div class=\"h2prd\">\n<h2><span style=\"color: #d0006d;\">DOPL\u0147KOV\u00c9 PRODUKTY<\/span><\/h2>\n<\/div>\n<style type=\"text\/css\">#soliloquy-container-5181 .soliloquy-prev{left: -60px;background-color:#d0006d;}#soliloquy-container-5181 .soliloquy-next{right: -60px;background-color:#d0006d;}#soliloquy-container-5181 .soliloquy-image{background: #f3f3f3;border: 1px solid #ddd;padding:3px;}#soliloquy-container-5181 .soliloquy-viewport{height: 260px !important;}#soliloquy-container-5181 .soliloquy-caption-bottom{position: relative;}#soliloquy-container-5181 .soliloquy-caption-inside{color:#CEBFB6; text-shadow:none;background:none;}@media only screen and (max-width: 1000px){#soliloquy-container-5181 .soliloquy-prev{left: 0px;}#soliloquy-container-5181 .soliloquy-next{right: 0px;}#soliloquy-container-5181 .soliloquy-viewport{height: 200px;}}<\/style><div class=\"soliloquy-outer-container soliloquy-carousel\" data-soliloquy-loaded=\"0\"><div aria-live=\"polite\" id=\"soliloquy-container-5181\" class=\"soliloquy-container soliloquy-transition-horizontal soliloquy-slide-horizontal soliloquy-arrows-active  soliloquy-theme-base\" style=\"max-width:960px;max-height:300px;margin:0 auto 20px;\"><ul id=\"soliloquy-5181\" class=\"soliloquy-slider soliloquy-slides soliloquy-wrap soliloquy-clear\"><li aria-hidden=\"true\" class=\"soliloquy-item soliloquy-item-1 soliloquy-id-5615 soliloquy-image-slide\" draggable=\"false\" style=\"list-style:none;\"><a href=\"https:\/\/hyfac.fr\/cs\/nos-gammes\/hyfac-woman\/eau-micellaire\/\" class=\"soliloquy-link\" title=\"HYFAC WOMAN \u010cistic\u00ed micel\u00e1rn\u00ed voda\"><img id=\"soliloquy-image-5615\" class=\"soliloquy-image soliloquy-image-1\" src=\"https:\/\/hyfac.fr\/wp-content\/uploads\/2018\/07\/Diapositive19-200x200_c.jpeg\" alt=\"HYFAC WOMAN \u010cistic\u00ed micel\u00e1rn\u00ed voda\" \/><\/a><div class=\"soliloquy-caption soliloquy-caption-bottom\"><div class=\"soliloquy-caption-inside\"><p>Micel\u00e1rn\u00ed voda<\/p><br \/>\n<p style=\"font-size:13px\">\u010cist\u00ed a odstra\u0148uje make-up<\/p><\/div><\/div><\/li><li aria-hidden=\"true\" class=\"soliloquy-item soliloquy-item-2 soliloquy-id-5613 soliloquy-image-slide\" draggable=\"false\" style=\"list-style:none;\"><a href=\"https:\/\/hyfac.fr\/cs\/nos-gammes\/hyfac-woman\/soin-global\/\" class=\"soliloquy-link\" title=\"HYFAC WOMAN - glob\u00e1ln\u00ed p\u00e9\u010de pro \u017eeny proti nedokonalostem\"><img id=\"soliloquy-image-5613\" class=\"soliloquy-image soliloquy-image-2\" src=\"https:\/\/hyfac.fr\/wp-content\/uploads\/2018\/07\/Diapositive15-200x200_c.jpeg\" alt=\"HYFAC WOMAN - glob\u00e1ln\u00ed p\u00e9\u010de pro \u017eeny proti nedokonalostem\" \/><\/a><div class=\"soliloquy-caption soliloquy-caption-bottom\"><div class=\"soliloquy-caption-inside\"><p>Glob\u00e1ln\u00ed p\u00e9\u010de<\/p><br \/>\n<p style=\"font-size:13px\">Redukuje skvrny a hydratuje<\/p><\/div><\/div><\/li><li aria-hidden=\"true\" class=\"soliloquy-item soliloquy-item-3 soliloquy-id-5614 soliloquy-image-slide\" draggable=\"false\" style=\"list-style:none;\"><a href=\"https:\/\/hyfac.fr\/cs\/nos-gammes\/hyfac-woman\/gommage-douceur\/\" class=\"soliloquy-link\" title=\"HYFAC WOMAN jemn\u00fd exfolia\u010dn\u00ed peeling\"><img id=\"soliloquy-image-5614\" class=\"soliloquy-image soliloquy-image-3\" src=\"https:\/\/hyfac.fr\/wp-content\/uploads\/2018\/07\/Diapositive17-200x200_c.jpeg\" alt=\"HYFAC WOMAN jemn\u00fd exfolia\u010dn\u00ed peeling\" \/><\/a><div class=\"soliloquy-caption soliloquy-caption-bottom\"><div class=\"soliloquy-caption-inside\"><p>Jemn\u00fd peeling<\/p><br \/>\n<p style=\"font-size:13px\">\u010cist\u00ed a obnovuje z\u00e1\u0159ivost<\/p><\/div><\/div><\/li><li aria-hidden=\"true\" class=\"soliloquy-item soliloquy-item-4 soliloquy-id-15334 soliloquy-image-slide\" draggable=\"false\" style=\"list-style:none;\"><a href=\"https:\/\/hyfac.fr\/cs\/nos-gammes\/hyfac-woman\/active-mask\/\" class=\"soliloquy-link\" title=\"HYFAC WOMAN Aktivn\u00ed maska na akn\u00e9 pro dosp\u011bl\u00e9 \u017eeny\"><img id=\"soliloquy-image-15334\" class=\"soliloquy-image soliloquy-image-4\" src=\"https:\/\/hyfac.fr\/wp-content\/uploads\/2022\/02\/Sans-titre-61-200x200_c.jpeg\" alt=\"HYFAC WOMAN Aktivn\u00ed maska na akn\u00e9 pro dosp\u011bl\u00e9 \u017eeny\" \/><\/a><div class=\"soliloquy-caption soliloquy-caption-bottom\"><div class=\"soliloquy-caption-inside\"><p>Aktivn\u00ed maska<\/p><br \/>\n<p style=\"font-size:13px\">L\u00e9\u010dba akn\u00e9 u \u017een<\/p><\/div><\/div><\/li><\/ul><\/div><noscript><style type=\"text\/css\" scoped>#soliloquy-container-5181{opacity:1}#soliloquy-container-5181 li > .soliloquy-caption{display:none}#soliloquy-container-5181 li:first-child > .soliloquy-caption{display:block}<\/style><div class=\"soliloquy-no-js\" style=\"display:none;visibility:hidden;height:0;line-height:0;opacity:0;\"><img class=\"soliloquy-image soliloquy-no-js-image\" src=\"https:\/\/hyfac.fr\/wp-content\/uploads\/2018\/07\/Diapositive19.jpeg\" alt=\"HYFAC WOMAN \u010cistic\u00ed micel\u00e1rn\u00ed voda\" \/><img class=\"soliloquy-image soliloquy-no-js-image\" src=\"https:\/\/hyfac.fr\/wp-content\/uploads\/2018\/07\/Diapositive15.jpeg\" alt=\"HYFAC WOMAN - glob\u00e1ln\u00ed p\u00e9\u010de pro \u017eeny proti nedokonalostem\" \/><img class=\"soliloquy-image soliloquy-no-js-image\" src=\"https:\/\/hyfac.fr\/wp-content\/uploads\/2018\/07\/Diapositive17.jpeg\" alt=\"HYFAC WOMAN jemn\u00fd exfolia\u010dn\u00ed peeling\" \/><img class=\"soliloquy-image soliloquy-no-js-image\" src=\"https:\/\/hyfac.fr\/wp-content\/uploads\/2022\/02\/Sans-titre-61.jpeg\" alt=\"HYFAC WOMAN Aktivn\u00ed maska na akn\u00e9 pro dosp\u011bl\u00e9 \u017eeny\" \/><\/div><\/noscript><\/div>\n<\/div>\n<div id=\"savoir-prd\">\n<div class=\"h2prd\">\n<h2><span style=\"color: #d0006d;\">ZJISTIT V\u00cdCE<\/span><\/h2>\n<\/div>\n<div class=\"csRow\">\n<div class=\"csColumn\" style=\"margin: 0px; padding: 0px; float: left; width: 38.6%;\" data-csstartpoint=\"0\" data-csendpoint=\"370.5\" data-cswidth=\"38.6%\" data-csid=\"beb42ad8-6bfd-a029-8282-bd93ae120b4d\"><a href=\"https:\/\/hyfac.fr\/cs\/sos-dermato\/4321-acne-de-la-femme-adulte\/\" target=\"_blank\" rel=\"noopener\"><img loading=\"lazy\" class=\"aligncenter wp-image-4368 size-thumbnail\" src=\"https:\/\/hyfac.fr\/wp-content\/uploads\/2018\/03\/banniere_carree_site_hyfac_intro_themes_femme-250x250.jpeg\" alt=\"akn\u00e9 u dosp\u011bl\u00fdch \u017een\" width=\"250\" height=\"250\" srcset=\"https:\/\/hyfac.fr\/wp-content\/uploads\/2018\/03\/banniere_carree_site_hyfac_intro_themes_femme-250x250.jpeg 250w, https:\/\/hyfac.fr\/wp-content\/uploads\/2018\/03\/banniere_carree_site_hyfac_intro_themes_femme-300x300.jpeg 300w, https:\/\/hyfac.fr\/wp-content\/uploads\/2018\/03\/banniere_carree_site_hyfac_intro_themes_femme.jpeg 543w\" sizes=\"(max-width: 250px) 100vw, 250px\" \/><\/a><\/div>\n<div class=\"csColumnGap\" style=\"margin: 0px; padding: 0px; float: left; width: 1.56%;\"><img style=\"border: none;\" src=\"https:\/\/hyfac.fr\/wp-content\/plugins\/advanced-wp-columns\/assets\/js\/plugins\/views\/img\/1x1-pixel.png\" \/><\/div>\n<div class=\"csColumn\" style=\"margin: 0px; padding: 0px; float: left; width: 59.8%;\" data-csstartpoint=\"385.5\" data-csendpoint=\"960\" data-cswidth=\"59.8%\" data-csid=\"56e6cac6-63f3-6945-9ddf-f20a5ec7912c\">Akn\u00e9 u dosp\u011bl\u00fdch \u017een je v posledn\u00edch letech na vzestupu: odhaduje se, \u017ee t\u00e9m\u011b\u0159 40% \u017een star\u0161\u00edch 20 let si st\u011b\u017euje na akn\u00e9. Tento typ akn\u00e9 se vyskytuje p\u0159edev\u0161\u00edm na obli\u010deji, zejm\u00e9na v oblasti tv\u00e1\u0159\u00ed a brady. M\u016f\u017ee m\u00edt stejnou podobu jako akn\u00e9 u dosp\u00edvaj\u00edc\u00edch, kdy se na obli\u010deji m\u00eds\u00ed z\u00e1n\u011btliv\u00e9 pup\u00ednky, komedony (\u010dern\u00e9 te\u010dky) a b\u00edl\u00e9 mikrocysty. Akn\u00e9 je pro \u017eeny obecn\u011b velmi obt\u00ed\u017en\u00e9. Obt\u00ed\u017enost l\u00e9\u010dby akn\u00e9 u dosp\u011bl\u00fdch \u017een, z\u00e1vislost na make-upu, kter\u00fd zakr\u00fdv\u00e1 nedokonalosti, pocit n\u00e1vratu do puberty, to v\u0161e jsou d\u016fvody, kter\u00e9 m\u011bn\u00ed kvalitu \u017eivota. Ned\u00e1vn\u00e1 studie prok\u00e1zala zejm\u00e9na v\u00fdraznou zm\u011bnu sebev\u011bdom\u00ed u dosp\u011bl\u00fdch \u017een trp\u00edc\u00edch akn\u00e9. Aplikace masky proti akn\u00e9 umo\u017e\u0148uje optim\u00e1ln\u00ed pr\u016fnik \u00fa\u010dinn\u00fdch l\u00e1tek d\u00edky okluzivn\u00edmu \u00fa\u010dinku. Aktivn\u00ed maska je ve form\u011b gelu. Po nanesen\u00ed na poko\u017eku do hodiny zaschne a stane se z n\u00ed maska, kterou lze velmi snadno odstranit. Doporu\u010duje se nechat masku na obli\u010deji p\u0159es noc. Frekvence aplikace je 3kr\u00e1t t\u00fddn\u011b po celkovou dobu l\u00e9\u010dby 2 m\u011bs\u00edce.<br \/>\nPublikovan\u00e1 pilotn\u00ed studie (klinick\u00e1 studie: aplikace p\u0159\u00edpravku po dobu 60 dn\u016f u 40 pacient\u016f) ukazuje v\u00fdrazn\u00e9 zlep\u0161en\u00ed z\u00e1n\u011btliv\u00fdch pup\u00ednk\u016f, \u010dern\u00fdch te\u010dek a mikrocyst na obli\u010deji po dvou m\u011bs\u00edc\u00edch pou\u017e\u00edv\u00e1n\u00ed.<\/p>\n<div id=\"savoirplus\"><a href=\"https:\/\/hyfac.fr\/cs\/sos-dermato\/4321-acne-de-la-femme-adulte\/\">En savoir plus sur l&#8217;acn\u00e9 de la femme adulte<\/a><\/div>\n<\/div>\n<div style=\"clear: both; float: none; display: block; visibility: hidden; width: 0px; font-size: 0px; line-height: 0;\"><\/div>\n<\/div>\n<\/div>\n<div id=\"compo-prd\">\n<div class=\"h2prd\">\n<h2><span style=\"color: #d0006d;\">SLO\u017dEN\u00cd <span style=\"font-size: 14pt;\">\/<\/span> SLO\u017dEN\u00cd<\/span><\/h2>\n<\/div>\n<p><span style=\"color: #cebfb6;\">INCI : POLYVINYLALKOHOL (PVA), PROPANEDIOL, RAMN\u00d3ZA, GLUK\u00d3ZA, KYSELINA GLUKURONOV\u00c1, LIPOSOMY S TREHAL\u00d3ZOU, MYO-INOSITOL, ETHYLALKOHOL, ROSTLINN\u00dd GLYCERIN, XANTHANOV\u00c1 GUMA, KYSELINA CITRONOV\u00c1, ST\u0158\u00cdBRO, DEHYDROACET\u00c1T SODN\u00dd, CHLORFENESIN, VODA.<\/span><\/p>\n<\/div>","protected":false},"excerpt":{"rendered":"<p>Traitement de l&#8217;acn\u00e9 de la femme.<\/p>","protected":false},"author":1,"featured_media":15334,"parent":47,"menu_order":1,"comment_status":"closed","ping_status":"closed","template":"page\/page-template-newprdwoman.php","meta":{"_mi_skip_tracking":false,"spay_email":""},"_links":{"self":[{"href":"https:\/\/hyfac.fr\/cs\/wp-json\/wp\/v2\/pages\/2606"}],"collection":[{"href":"https:\/\/hyfac.fr\/cs\/wp-json\/wp\/v2\/pages"}],"about":[{"href":"https:\/\/hyfac.fr\/cs\/wp-json\/wp\/v2\/types\/page"}],"author":[{"embeddable":true,"href":"https:\/\/hyfac.fr\/cs\/wp-json\/wp\/v2\/users\/1"}],"replies":[{"embeddable":true,"href":"https:\/\/hyfac.fr\/cs\/wp-json\/wp\/v2\/comments?post=2606"}],"version-history":[{"count":41,"href":"https:\/\/hyfac.fr\/cs\/wp-json\/wp\/v2\/pages\/2606\/revisions"}],"predecessor-version":[{"id":15889,"href":"https:\/\/hyfac.fr\/cs\/wp-json\/wp\/v2\/pages\/2606\/revisions\/15889"}],"up":[{"embeddable":true,"href":"https:\/\/hyfac.fr\/cs\/wp-json\/wp\/v2\/pages\/47"}],"wp:featuredmedia":[{"embeddable":true,"href":"https:\/\/hyfac.fr\/cs\/wp-json\/wp\/v2\/media\/15334"}],"wp:attachment":[{"href":"https:\/\/hyfac.fr\/cs\/wp-json\/wp\/v2\/media?parent=2606"}],"curies":[{"name":"wp","href":"https:\/\/api.w.org\/{rel}","templated":true}]}}