{"id":2823,"date":"2018-02-21T01:24:54","date_gmt":"2018-02-21T00:24:54","guid":{"rendered":"http:\/\/hyfac.fr\/?page_id=2823"},"modified":"2022-02-10T02:05:06","modified_gmt":"2022-02-10T01:05:06","slug":"clarifac-soin-anti-taches","status":"publish","type":"page","link":"https:\/\/hyfac.fr\/cs\/nos-gammes\/clarifac-soin-anti-taches\/","title":{"rendered":"CLARIFAC - Poruchy pigmentace"},"content":{"rendered":"<p>&nbsp;<\/p>\n<div style=\"width: 960px;\">&nbsp;<\/div>\n<div id=\"prd\">\n<div class=\"csRow\">\n<div class=\"csColumn\" style=\"margin: 0px; padding: 0px; float: left; width: 43%;\" data-csstartpoint=\"0\" data-csendpoint=\"430\" data-cswidth=\"43.0%\" data-csid=\"beb42ad8-6bfd-a029-8282-bd93ae120b4d\">\n<style type=\"text\/css\">#soliloquy-container-5311 .soliloquy-pager{bottom: -30px;}<\/style><div class=\"soliloquy-outer-container\" data-soliloquy-loaded=\"0\"><div aria-live=\"polite\" id=\"soliloquy-container-5311\" class=\"soliloquy-container soliloquy-transition-horizontal soliloquy-slide-horizontal soliloquy-controls-active slider-img-prd soliloquy-theme-base\" style=\"max-width:340px;max-height:538px;margin:0 auto 20px;max-width:100%;max-height:none;\"><ul id=\"soliloquy-5311\" class=\"soliloquy-slider soliloquy-slides soliloquy-wrap soliloquy-clear\"><li aria-hidden=\"true\" class=\"soliloquy-item soliloquy-item-1 soliloquy-id-5547 soliloquy-image-slide\" draggable=\"false\" style=\"list-style:none;\"><img id=\"soliloquy-image-5547\" class=\"soliloquy-image soliloquy-image-1\" src=\"https:\/\/hyfac.fr\/wp-content\/uploads\/2018\/09\/Diapositive29-340x538_c.jpeg\" alt=\"CLARIFAC zesv\u011btluj\u00edc\u00ed p\u00e9\u010de proti skvrn\u00e1m\" \/><\/li><li aria-hidden=\"true\" class=\"soliloquy-item soliloquy-item-2 soliloquy-id-5548 soliloquy-image-slide\" draggable=\"false\" style=\"list-style:none;\"><img id=\"soliloquy-image-5548\" class=\"soliloquy-image soliloquy-image-2 soliloquy-preload\" src=\"https:\/\/hyfac.fr\/wp-content\/plugins\/soliloquy\/assets\/css\/images\/holder.gif\" data-soliloquy-src=\"https:\/\/hyfac.fr\/wp-content\/uploads\/2018\/09\/Diapositive30-340x538_c.jpeg\" alt=\"CLARIFAC zesv\u011btluj\u00edc\u00ed p\u00e9\u010de proti skvrn\u00e1m\" \/><\/li><\/ul><\/div><noscript><style type=\"text\/css\" scoped>#soliloquy-container-5311{opacity:1}#soliloquy-container-5311 li > .soliloquy-caption{display:none}#soliloquy-container-5311 li:first-child > .soliloquy-caption{display:block}<\/style><div class=\"soliloquy-no-js\" style=\"display:none;visibility:hidden;height:0;line-height:0;opacity:0;\"><img class=\"soliloquy-image soliloquy-no-js-image\" src=\"https:\/\/hyfac.fr\/wp-content\/uploads\/2018\/09\/Diapositive29.jpeg\" alt=\"CLARIFAC zesv\u011btluj\u00edc\u00ed p\u00e9\u010de proti skvrn\u00e1m\" \/><img class=\"soliloquy-image soliloquy-no-js-image\" src=\"https:\/\/hyfac.fr\/wp-content\/uploads\/2018\/09\/Diapositive30.jpeg\" alt=\"CLARIFAC zesv\u011btluj\u00edc\u00ed p\u00e9\u010de proti skvrn\u00e1m\" \/><\/div><\/noscript><\/div>\n<\/div>\n<div class=\"csColumnGap\" style=\"margin: 0px; padding: 0px; float: left; width: 7.7%;\"><img style=\"border: none;\" src=\"https:\/\/hyfac.fr\/wp-content\/plugins\/advanced-wp-columns\/assets\/js\/plugins\/views\/img\/1x1-pixel.png\"><\/div>\n<div class=\"csColumn\" style=\"margin: 0px; padding: 0px; float: left; width: 49.3%;\" data-csstartpoint=\"507\" data-csendpoint=\"1000\" data-cswidth=\"49.3%\" data-csid=\"56e6cac6-63f3-6945-9ddf-f20a5ec7912c\">\n<h1><span style=\"color: #5e2f24; line-height: 35px;\">o\u0161et\u0159en\u00ed proti skvrn\u00e1m<\/span><\/h1>\n<p><span style=\"color: #5e2f24;\">\u0158ada CLARIFAC<\/span><br \/>\n40ml tuba<\/p>\n<p><br \/>\nZesv\u011btluj\u00edc\u00ed sjednocuj\u00edc\u00ed kr\u00e9m SPF30. Sni\u017euje produkci melaninu a zesv\u011btluje ple\u0165 d\u00edky rostlinn\u00e9mu komplexu.<\/p>\n<ul id=\"ulprd\">\n<li><img class=\"logo-prd\" src=\"\/wp-content\/uploads\/2018\/09\/ESTOMPE.png\" alt=\"ESTOMPE\" width=\"50\"><br \/>\nESTOMPE<\/li>\n<li><img class=\"logo-prd\" src=\"\/wp-content\/uploads\/2018\/09\/Unifie.png\" alt=\"Sjednocuje\" width=\"50\"><br \/>\nUNIFIED<\/li>\n<li><img class=\"logo-prd\" src=\"\/wp-content\/uploads\/2018\/09\/Hydrate.png\" alt=\"Zvlh\u010duje\" width=\"50\"><br \/>\nHYDRATE<\/li>\n<li><img class=\"logo-prd\" src=\"\/wp-content\/uploads\/2018\/09\/Protege-des-UV.png\" alt=\"Ochrana proti UV z\u00e1\u0159en\u00ed\" width=\"50\"><br \/>\nSPF 30<\/li>\n<\/ul>\n<ul id=\"ulprd-link\">\n<li><p class=\"product woocommerce add_to_cart_inline\" style=\"border:4px solid #ccc; padding: 12px;\"><span class=\"woocommerce-Price-amount amount\"><bdi>13,90&nbsp;<span class=\"woocommerce-Price-currencySymbol\">\u20ac<\/span><\/bdi><\/span><a href=\"?add-to-cart=14935\" data-quantity=\"1\" class=\"button product_type_simple add_to_cart_button ajax_add_to_cart\" data-product_id=\"14935\" data-product_sku=\"\" aria-label=\"P\u0159idat \u201eClarifac - Troubles de la Pigmentation\u201c do ko\u0161\u00edku\" rel=\"nofollow\" data-no-translation=\"\" data-trp-gettext=\"\" data-no-translation-aria-label=\"\">P\u0159idat do ko\u0161\u00edku<\/a><\/p><\/li>\n<li>&nbsp;<\/li>\n<li><a href=\"https:\/\/hyfac.fr\/cs\/pres-de-chez-vous\/\"><img class=\"img2\" src=\"\/wp-content\/uploads\/2018\/06\/logo-map-e1530138886120.png\" alt=\"loc\">Vyhled\u00e1n\u00ed prodejn\u00edho m\u00edsta<\/a><\/li>\n<\/ul>\n<ul id=\"ulprd-link\">\n<li class=\"infotri\"><span class=\"spantri\">Objevte na\u0161e pokyny k t\u0159\u00edd\u011bn\u00ed<\/span><br \/>\n<img class=\"imgtri\" src=\"https:\/\/hyfac.fr\/wp-content\/uploads\/2020\/12\/CLARIFAC.png\"><\/li>\n<\/ul>\n<\/div>\n<div style=\"clear: both; float: none; display: block; visibility: hidden; width: 0px; font-size: 0px; line-height: 0;\">&nbsp;<\/div>\n<\/div>\n<\/div>\n<div id=\"descript-prd\">O\u0161et\u0159en\u00ed proti skvrn\u00e1m CLARIFAC zesv\u011btluje, <strong>sjednocuje<\/strong> a obnovuje p\u0159irozen\u00fd lesk pleti. Jeho <strong>aktiva z\u00e1vodu<\/strong> p\u016fsob\u00ed v srdci k\u016f\u017ee a reguluj\u00ed produkci melaninu, kter\u00fd je zodpov\u011bdn\u00fd za poruchy pigmentace. V kombinaci s <strong>ochrana proti slune\u010dn\u00edmu z\u00e1\u0159en\u00ed SPF30<\/strong>Zesv\u011btluj\u00edc\u00ed p\u00e9\u010de CLARIFAC pom\u00e1h\u00e1 zmizet hn\u011bd\u00fdm skvrn\u00e1m (lentigo, melasma, jizvy), sjednocuje a rozjas\u0148uje ple\u0165. Ji\u017e za n\u011bkolik t\u00fddn\u016f se skvrny viditeln\u011b zmen\u0161\u00ed na 75%*.<\/div>\n<div id=\"menu-prdnew\">\n<ul>\n<li><a id=\"lienmenuconseil\" href=\"#prd\">POU\u017dIT\u00cd RADY<\/a><\/li>\n<li><a id=\"lienmenuactifs\" href=\"#conseil-prd\">AKTIVA<\/a><\/li>\n<li><a id=\"lienmenucmplt\" href=\"#actifs-prd\">DOPL\u0147KOV\u00c9 PRODUKTY<\/a><\/li>\n<li><a id=\"lienmenusavoir\" href=\"#cmplt-prd\">ZJISTIT V\u00cdCE<\/a><\/li>\n<li><a id=\"lienmenucompo\" href=\"#savoir-prd\">SLO\u017dEN\u00cd<\/a><\/li>\n<\/ul>\n<\/div>\n<div id=\"conseil-prd\">\n<div class=\"csRow\">\n<div class=\"csColumn\" style=\"margin: 0px; padding: 0px; float: left; width: 70.8%;\" data-csstartpoint=\"0\" data-csendpoint=\"680\" data-cswidth=\"70.8%\" data-csid=\"7ce9a14c-d45b-a3f2-987b-63fd249cc312\">\n<p><span style=\"color: #5e2f24;\">JAK POU\u017d\u00cdVAT P\u0158\u00cdPRAVEK CLARIFAC PROTI SKVRN\u00c1M?<\/span><\/p>\n<p>Po vy\u010di\u0161t\u011bn\u00ed a osu\u0161en\u00ed pleti naneste na obli\u010dej a krk p\u0159\u00edpravek CLARIFAC proti skvrn\u00e1m. Pou\u017e\u00edvejte dvakr\u00e1t denn\u011b, nejl\u00e9pe r\u00e1no a v poledne, vyhn\u011bte se o\u010dn\u00edmu okol\u00ed.<\/p>\n<p>Zesv\u011btluj\u00edc\u00ed kr\u00e9m CLARIFAC obsahuje rostlinn\u00fd komplex, kter\u00fd p\u016fsob\u00ed v srdci skvrn a sni\u017euje jejich velikost a intenzitu. Jeho SPF 30 chr\u00e1n\u00ed ple\u0165 p\u0159ed UV z\u00e1\u0159en\u00edm a zabra\u0148uje vzniku nov\u00fdch pigmentov\u00fdch skvrn.<\/p>\n<\/div>\n<div class=\"csColumnGap\" style=\"margin: 0px; padding: 0px; float: left; width: 1.56%;\"><img style=\"border: none;\" src=\"https:\/\/hyfac.fr\/wp-content\/plugins\/advanced-wp-columns\/assets\/js\/plugins\/views\/img\/1x1-pixel.png\"><\/div>\n<div class=\"csColumn\" style=\"margin: 0px; padding: 0px; float: left; width: 27.6%;\" data-csstartpoint=\"695\" data-csendpoint=\"960\" data-cswidth=\"27.6%\" data-csid=\"2de6301b-fc0e-6c4c-b16e-671973f34d15\">\n<p><img loading=\"lazy\" class=\"aligncenter wp-image-5140\" src=\"https:\/\/hyfac.fr\/wp-content\/uploads\/2018\/07\/conseil-250x250.png\" alt=\"\" width=\"180\" height=\"181\" srcset=\"https:\/\/hyfac.fr\/wp-content\/uploads\/2018\/07\/conseil-250x250.png 250w, https:\/\/hyfac.fr\/wp-content\/uploads\/2018\/07\/conseil-298x300.png 298w, https:\/\/hyfac.fr\/wp-content\/uploads\/2018\/07\/conseil.png 308w\" sizes=\"(max-width: 180px) 100vw, 180px\" \/><\/p>\n<\/div>\n<div style=\"clear: both; float: none; display: block; visibility: hidden; width: 0px; font-size: 0px; line-height: 0;\">&nbsp;<\/div>\n<\/div>\n<\/div>\n<div id=\"actifs-prd\">\n<div class=\"h2prd\">\n<h2><span style=\"color: #5e2f24;\">KL\u00cd\u010cOV\u00c1 AKTIVA<\/span><\/h2>\n<\/div>\n<p><span style=\"color: #5e2f24;\">Dictyopteris membranacea<\/span><br \/>\nSni\u017euje produkci melaninu a zesv\u011btluje ple\u0165.<br \/>\nDictyopteris membranacea je mo\u0159sk\u00e1 \u0159asa, kter\u00e1 p\u016fsob\u00ed na t\u0159i kl\u00ed\u010dov\u00e9 f\u00e1ze mechanismu pigmentace k\u016f\u017ee: melanogenezi.<\/p>\n<ol>\n<li>Inhibuje melanogenezi: Inhibuje uvol\u0148ov\u00e1n\u00ed endotelinu.<\/li>\n<li>Synt\u00e9za melaninu: Inhibuje 2 geny pod\u00edlej\u00edc\u00ed se na zr\u00e1n\u00ed melanozom\u016f.<\/li>\n<li>Migrace a p\u0159enos melaninu: Inhibuje geny pod\u00edlej\u00edc\u00ed se na p\u0159enosu melaninu.<\/li>\n<\/ol>\n<\/div>\n<div id=\"cmplt-prd\">\n<div class=\"h2prd\">\n<h2><span style=\"color: #5e2f24;\">DOPL\u0147KOV\u00c9 PRODUKTY<\/span><\/h2>\n<\/div>\n<style type=\"text\/css\">#soliloquy-container-5442 .soliloquy-prev{left: -60px;background-color:#5E2F24;}#soliloquy-container-5442 .soliloquy-next{right: -60px;background-color:#5E2F24;}#soliloquy-container-5442 .soliloquy-image{background: #f3f3f3;border: 1px solid #ddd;padding:3px;}#soliloquy-container-5442 .soliloquy-viewport{height: 260px !important;}#soliloquy-container-5442 .soliloquy-caption-bottom{position: relative;}#soliloquy-container-5442 .soliloquy-caption-inside{color:#CEBFB6; text-shadow:none;background:none;}@media only screen and (max-width: 1000px){#soliloquy-container-5442 .soliloquy-prev{left: 0px;}#soliloquy-container-5442 .soliloquy-next{right: 0px;}#soliloquy-container-5442 .soliloquy-viewport{height: 200px;}}<\/style><div class=\"soliloquy-outer-container soliloquy-carousel\" data-soliloquy-loaded=\"0\"><div aria-live=\"polite\" id=\"soliloquy-container-5442\" class=\"soliloquy-container soliloquy-transition-horizontal soliloquy-slide-horizontal soliloquy-arrows-active Produits-complmentaires-Hyfac soliloquy-theme-base\" style=\"max-width:960px;max-height:300px;margin:0 auto 20px;\"><ul id=\"soliloquy-5442\" class=\"soliloquy-slider soliloquy-slides soliloquy-wrap soliloquy-clear\"><li aria-hidden=\"true\" class=\"soliloquy-item soliloquy-item-1 soliloquy-id-5598 soliloquy-image-slide\" draggable=\"false\" style=\"list-style:none;\"><a href=\"https:\/\/hyfac.fr\/cs\/nos-gammes\/hydrafac\/creme-legere\/\" class=\"soliloquy-link\" title=\"HYDRAFAC lehk\u00fd hydrata\u010dn\u00ed kr\u00e9m pro norm\u00e1ln\u00ed a sm\u00ed\u0161enou ple\u0165\"><img id=\"soliloquy-image-5598\" class=\"soliloquy-image soliloquy-image-1\" src=\"https:\/\/hyfac.fr\/wp-content\/uploads\/2018\/09\/Diapositive24-2-200x200_c.jpeg\" alt=\"HYDRAFAC lehk\u00fd hydrata\u010dn\u00ed kr\u00e9m pro norm\u00e1ln\u00ed a sm\u00ed\u0161enou ple\u0165\" \/><\/a><div class=\"soliloquy-caption soliloquy-caption-bottom\"><div class=\"soliloquy-caption-inside\"><p>Sv\u011btl\u00e1 smetana<\/p><br \/>\n<p style=\"font-size:13px\">Hydrata\u010dn\u00ed kr\u00e9m pro norm\u00e1ln\u00ed a\u017e sm\u00ed\u0161enou ple\u0165<\/p><\/div><\/div><\/li><li aria-hidden=\"true\" class=\"soliloquy-item soliloquy-item-2 soliloquy-id-5600 soliloquy-image-slide\" draggable=\"false\" style=\"list-style:none;\"><a href=\"https:\/\/hyfac.fr\/cs\/nos-gammes\/hydrafac\/creme-riche\/\" class=\"soliloquy-link\" title=\"HYDRAFAC bohat\u00fd hydrata\u010dn\u00ed kr\u00e9m pro suchou ple\u0165\"><img id=\"soliloquy-image-5600\" class=\"soliloquy-image soliloquy-image-2\" src=\"https:\/\/hyfac.fr\/wp-content\/uploads\/2018\/09\/Diapositive26-3-200x200_c.jpeg\" alt=\"HYDRAFAC bohat\u00fd hydrata\u010dn\u00ed kr\u00e9m pro suchou ple\u0165\" \/><\/a><div class=\"soliloquy-caption soliloquy-caption-bottom\"><div class=\"soliloquy-caption-inside\"><p>Bohat\u00fd kr\u00e9m<\/p><br \/>\n<p style=\"font-size:13px\">Hydrata\u010dn\u00ed kr\u00e9m pro suchou ple\u0165<\/p><\/div><\/div><\/li><li aria-hidden=\"true\" class=\"soliloquy-item soliloquy-item-3 soliloquy-id-5601 soliloquy-image-slide\" draggable=\"false\" style=\"list-style:none;\"><a href=\"https:\/\/hyfac.fr\/cs\/nos-gammes\/hydrafac\/baume-levres\/\" class=\"soliloquy-link\" title=\"HYDRAFAC Hydrata\u010dn\u00ed balz\u00e1m na rty\"><img id=\"soliloquy-image-5601\" class=\"soliloquy-image soliloquy-image-3\" src=\"https:\/\/hyfac.fr\/wp-content\/uploads\/2018\/09\/Diapositive28-1-200x200_c.jpeg\" alt=\"HYDRAFAC Hydrata\u010dn\u00ed balz\u00e1m na rty\" \/><\/a><div class=\"soliloquy-caption soliloquy-caption-bottom\"><div class=\"soliloquy-caption-inside\"><p>Balz\u00e1m na rty<\/p><br \/>\n<p style=\"font-size:13px\">Vy\u017eivuje a hydratuje<\/p><\/div><\/div><\/li><li aria-hidden=\"true\" class=\"soliloquy-item soliloquy-item-4 soliloquy-id-5595 soliloquy-image-slide\" draggable=\"false\" style=\"list-style:none;\"><a href=\"https:\/\/hyfac.fr\/cs\/nos-gammes\/hyfac-woman\/soin-global\/\" class=\"soliloquy-link\" title=\"HYFAC WOMAN glob\u00e1ln\u00ed p\u00e9\u010de proti nedokonalostem pro \u017eeny s akn\u00e9\"><img id=\"soliloquy-image-5595\" class=\"soliloquy-image soliloquy-image-4\" src=\"https:\/\/hyfac.fr\/wp-content\/uploads\/2018\/09\/Diapositive15-1-200x200_c.jpeg\" alt=\"HYFAC WOMAN glob\u00e1ln\u00ed p\u00e9\u010de proti nedokonalostem pro \u017eeny s akn\u00e9\" \/><\/a><div class=\"soliloquy-caption soliloquy-caption-bottom\"><div class=\"soliloquy-caption-inside\"><p>Glob\u00e1ln\u00ed p\u00e9\u010de<\/p><br \/>\n<p style=\"font-size:13px\">Redukuje skvrny a hydratuje<\/p><\/div><\/div><\/li><li aria-hidden=\"true\" class=\"soliloquy-item soliloquy-item-5 soliloquy-id-5596 soliloquy-image-slide\" draggable=\"false\" style=\"list-style:none;\"><a href=\"https:\/\/hyfac.fr\/cs\/nos-gammes\/hyfac-woman\/gommage-douceur\/\" class=\"soliloquy-link\" title=\"HYFAC WOMAN Jemn\u00fd peeling \u010dist\u00ed\"><img id=\"soliloquy-image-5596\" class=\"soliloquy-image soliloquy-image-5\" src=\"https:\/\/hyfac.fr\/wp-content\/uploads\/2018\/09\/Diapositive17-200x200_c.jpeg\" alt=\"HYFAC WOMAN Jemn\u00fd peeling \u010dist\u00ed\" \/><\/a><div class=\"soliloquy-caption soliloquy-caption-bottom\"><div class=\"soliloquy-caption-inside\"><p>Jemn\u00fd peeling<\/p><br \/>\n<p style=\"font-size:13px\">\u010cist\u00ed a obnovuje z\u00e1\u0159ivost<\/p><\/div><\/div><\/li><li aria-hidden=\"true\" class=\"soliloquy-item soliloquy-item-6 soliloquy-id-5597 soliloquy-image-slide\" draggable=\"false\" style=\"list-style:none;\"><a href=\"https:\/\/hyfac.fr\/cs\/nos-gammes\/hyfac-woman\/eau-micellaire\/\" class=\"soliloquy-link\" title=\"HYFAC WOMAN Micel\u00e1rn\u00ed voda \u010dist\u00ed a odstra\u0148uje make-up\"><img id=\"soliloquy-image-5597\" class=\"soliloquy-image soliloquy-image-6\" src=\"https:\/\/hyfac.fr\/wp-content\/uploads\/2018\/09\/Diapositive19-1-200x200_c.jpeg\" alt=\"HYFAC WOMAN Micel\u00e1rn\u00ed voda \u010dist\u00ed a odstra\u0148uje make-up\" \/><\/a><div class=\"soliloquy-caption soliloquy-caption-bottom\"><div class=\"soliloquy-caption-inside\"><p>Micel\u00e1rn\u00ed voda<\/p><br \/>\n<p style=\"font-size:13px\">\u010cist\u00ed a odstra\u0148uje make-up<\/p><\/div><\/div><\/li><li aria-hidden=\"true\" class=\"soliloquy-item soliloquy-item-7 soliloquy-id-15334 soliloquy-image-slide\" draggable=\"false\" style=\"list-style:none;\"><a href=\"https:\/\/hyfac.fr\/cs\/nos-gammes\/hyfac-woman\/active-mask\/\" class=\"soliloquy-link\" title=\"HYFAC WOMAN Aktivn\u00ed maska na akn\u00e9 pro \u017eeny\"><img id=\"soliloquy-image-15334\" class=\"soliloquy-image soliloquy-image-7\" src=\"https:\/\/hyfac.fr\/wp-content\/uploads\/2022\/02\/Sans-titre-61-200x200_c.jpeg\" alt=\"HYFAC WOMAN Aktivn\u00ed maska na akn\u00e9 pro \u017eeny\" \/><\/a><div class=\"soliloquy-caption soliloquy-caption-bottom\"><div class=\"soliloquy-caption-inside\"><p>Aktivn\u00ed maska<\/p><br \/>\n<p style=\"font-size:13px\">L\u00e9\u010dba akn\u00e9 u dosp\u011bl\u00fdch \u017een<\/p><\/div><\/div><\/li><\/ul><\/div><noscript><style type=\"text\/css\" scoped>#soliloquy-container-5442{opacity:1}#soliloquy-container-5442 li > .soliloquy-caption{display:none}#soliloquy-container-5442 li:first-child > .soliloquy-caption{display:block}<\/style><div class=\"soliloquy-no-js\" style=\"display:none;visibility:hidden;height:0;line-height:0;opacity:0;\"><img class=\"soliloquy-image soliloquy-no-js-image\" src=\"https:\/\/hyfac.fr\/wp-content\/uploads\/2018\/09\/Diapositive24-2.jpeg\" alt=\"HYDRAFAC lehk\u00fd hydrata\u010dn\u00ed kr\u00e9m pro norm\u00e1ln\u00ed a sm\u00ed\u0161enou ple\u0165\" \/><img class=\"soliloquy-image soliloquy-no-js-image\" src=\"https:\/\/hyfac.fr\/wp-content\/uploads\/2018\/09\/Diapositive26-3.jpeg\" alt=\"HYDRAFAC bohat\u00fd hydrata\u010dn\u00ed kr\u00e9m pro suchou ple\u0165\" \/><img class=\"soliloquy-image soliloquy-no-js-image\" src=\"https:\/\/hyfac.fr\/wp-content\/uploads\/2018\/09\/Diapositive28-1.jpeg\" alt=\"HYDRAFAC Hydrata\u010dn\u00ed balz\u00e1m na rty\" \/><img class=\"soliloquy-image soliloquy-no-js-image\" src=\"https:\/\/hyfac.fr\/wp-content\/uploads\/2018\/09\/Diapositive15-1.jpeg\" alt=\"HYFAC WOMAN glob\u00e1ln\u00ed p\u00e9\u010de proti nedokonalostem pro \u017eeny s akn\u00e9\" \/><img class=\"soliloquy-image soliloquy-no-js-image\" src=\"https:\/\/hyfac.fr\/wp-content\/uploads\/2018\/09\/Diapositive17.jpeg\" alt=\"HYFAC WOMAN Jemn\u00fd peeling \u010dist\u00ed\" \/><img class=\"soliloquy-image soliloquy-no-js-image\" src=\"https:\/\/hyfac.fr\/wp-content\/uploads\/2018\/09\/Diapositive19-1.jpeg\" alt=\"HYFAC WOMAN Micel\u00e1rn\u00ed voda \u010dist\u00ed a odstra\u0148uje make-up\" \/><img class=\"soliloquy-image soliloquy-no-js-image\" src=\"https:\/\/hyfac.fr\/wp-content\/uploads\/2022\/02\/Sans-titre-61.jpeg\" alt=\"HYFAC WOMAN Aktivn\u00ed maska na akn\u00e9 pro \u017eeny\" \/><\/div><\/noscript><\/div>\n<\/div>\n<div id=\"savoir-prd\">\n<div class=\"h2prd\">\n<h2><span style=\"color: #5e2f24;\">ZJISTIT V\u00cdCE<\/span><\/h2>\n<\/div>\n<div class=\"csRow\">\n<div class=\"csColumn\" style=\"margin: 0px; padding: 0px; float: left; width: 38.6%;\" data-csstartpoint=\"0\" data-csendpoint=\"370.5\" data-cswidth=\"38.6%\" data-csid=\"beb42ad8-6bfd-a029-8282-bd93ae120b4d\"><a href=\"https:\/\/hyfac.fr\/cs\/sos-dermato\/4328-hyperpigmentation-taches-cutanees\/\" target=\"_blank\" rel=\"noopener\"><img loading=\"lazy\" class=\"aligncenter wp-image-4348 size-thumbnail\" src=\"https:\/\/hyfac.fr\/wp-content\/uploads\/2018\/03\/banniere_carree_site_hyfac_intro_themes8-250x250.jpg\" alt=\"Hyperpigmentace\" width=\"250\" height=\"250\" srcset=\"https:\/\/hyfac.fr\/wp-content\/uploads\/2018\/03\/banniere_carree_site_hyfac_intro_themes8-250x250.jpg 250w, https:\/\/hyfac.fr\/wp-content\/uploads\/2018\/03\/banniere_carree_site_hyfac_intro_themes8-300x300.jpg 300w, https:\/\/hyfac.fr\/wp-content\/uploads\/2018\/03\/banniere_carree_site_hyfac_intro_themes8.jpg 543w\" sizes=\"(max-width: 250px) 100vw, 250px\" \/><\/a><\/div>\n<div class=\"csColumnGap\" style=\"margin: 0px; padding: 0px; float: left; width: 1.56%;\"><img style=\"border: none;\" src=\"https:\/\/hyfac.fr\/wp-content\/plugins\/advanced-wp-columns\/assets\/js\/plugins\/views\/img\/1x1-pixel.png\"><\/div>\n<div class=\"csColumn\" style=\"margin: 0px; padding: 0px; float: left; width: 59.8%;\" data-csstartpoint=\"385.5\" data-csendpoint=\"960\" data-cswidth=\"59.8%\" data-csid=\"56e6cac6-63f3-6945-9ddf-f20a5ec7912c\"><span style=\"color: #5e2f24;\">Pro koho je Clarifac ur\u010den?<\/span><br \/>\nO\u0161et\u0159en\u00ed CLARIFAC proti skvrn\u00e1m se doporu\u010duje pro ple\u0165 s hn\u011bd\u00fdmi skvrnami. Tyto skvrny, kter\u00e9 se vyskytuj\u00ed p\u0159edev\u0161\u00edm na exponovan\u00fdch \u010d\u00e1stech t\u011bla (obli\u010dej, dekolt, ruce), jsou zp\u016fsobeny nebo zv\u00fdrazn\u011bny sluncem.<br \/>\nNej\u010dast\u011bji se vyskytuje sol\u00e1rn\u00ed lentigo. Jedn\u00e1 se o mal\u00e9 tmav\u011b hn\u011bd\u00e9 skvrny, kter\u00e9 se \u010dast\u011bji vyskytuj\u00ed na m\u00edstech vystaven\u00fdch slunci. Tyto slune\u010dn\u00ed skvrny jsou hlavn\u00edm c\u00edlem projektu CLARIFAC.<br \/>\nC\u00edlem p\u0159\u00edpravku CLARIFAC je tak\u00e9 poz\u00e1n\u011btliv\u00e1 hyperpigmentace. Jedn\u00e1 se o hn\u011bd\u00e9 skvrny vznikl\u00e9 v d\u016fsledku z\u00e1n\u011btu k\u016f\u017ee: mohou se objevit po ko\u017en\u00ed infekci, ko\u017en\u00ed alergii, reakci na slunce nebo po poran\u011bn\u00ed k\u016f\u017ee vystaven\u00e9 slunci. Pup\u00ednky mohou tak\u00e9 zanechat jizvy po akn\u00e9 v podob\u011b hn\u011bd\u00fdch skvrn.<br \/>\nMelasma je forma pigmentace, kterou je obt\u00ed\u017en\u00e9 odstranit. Objevuje se hlavn\u011b b\u011bhem t\u011bhotenstv\u00ed nebo p\u0159i hormon\u00e1ln\u00ed l\u00e9\u010db\u011b (pilulky) spojen\u00e9 se slun\u011bn\u00edm. Jedn\u00e1 se o hn\u011bd\u00e9 skvrny s nepravideln\u00fdmi okraji, sv\u011btle hn\u011bd\u00e9 a\u017e velmi tmav\u011b hn\u011bd\u00e9. Obvykle se nach\u00e1z\u00ed symetricky na \u010dele, tv\u00e1\u0159\u00edch a n\u011bkdy i na horn\u00edm rtu. Pou\u017eit\u00edm p\u0159\u00edpravku CLARIFAC lze redukovat pouze pigment p\u0159\u00edtomn\u00fd v epidermis. \u017d\u00e1dn\u00fd kosmetick\u00fd kr\u00e9m nedok\u00e1\u017ee zp\u016fsobit, aby pigment v dermis zmizel.&nbsp;<\/p>\n<div id=\"savoirplus\"><a href=\"https:\/\/hyfac.fr\/cs\/sos-dermato\/4328-hyperpigmentation-taches-cutanees\/\">Dal\u0161\u00ed informace o hyperpigmentaci<\/a><\/div>\n<\/div>\n<div style=\"clear: both; float: none; display: block; visibility: hidden; width: 0px; font-size: 0px; line-height: 0;\">&nbsp;<\/div>\n<\/div>\n<\/div>\n<div id=\"compo-prd\">\n<div class=\"h2prd\">\n<h2><span style=\"color: #5e2f24;\">SLO\u017dEN\u00cd <span style=\"font-size: 14pt;\">\/<\/span> SLO\u017dEN\u00cd<\/span><\/h2>\n<\/div>\n<p><span style=\"color: #cebfb6;\">INCI : AQUA (VODA) \/ EAU, OKTOKRYLEN, DIKAPRILYLKARBON\u00c1T, GLYCERIN, METHYLEN BIS-BENZOTRIAZOLYL TETRAMETYLBUTYLFENOL [NANO], CYKLOPENTASILOXAN, PENTYLENGLYKOL, BIS-ETHYLHEXYLOXYFENOL METHOXYFENYL TRIAZIN, OLEYLERUK\u00c1T, CETEARYLALKOHOL, CI 77891 (OXID TITANI\u010cIT\u00dd), COCO-GLUKOSID, MARIS AQUA (MO\u0158SK\u00c1 VODA) \/ EAU DE MER, ISOPROPYL ISOSTEAR\u00c1T, DECYL GLUKOSID, PARFUM (V\u016eN\u011a), DIFENYL DIMETIKON, HYDROXYETHYL AKRYL\u00c1T\/AKRYLOYLDIMETHYL TAUR\u00c1T KOPOLYMER SODN\u00dd, TOKOFERYL ACET\u00c1T, BUTYROSPERMUM PARKII (SHEA) BUTTER, SQUALANE, XANTHAN GUM, DIMETHICONE, TETRASODIUM GLUTAMATE DIACETATE, SODIUM BENZOATE, STEARIC ACID, CITRIC ACID, SILICA, o-CYMEN-5-OL, POLYHYDROXYSTEARIC ACID, POLYSORB\u00c1T 60, OXID HLINIT\u00dd, ASKORBYL TETRAISOPALMIT\u00c1T, EXTRAKT Z \u0158AS, PROPYLENGLYKOL, EXTRAKT Z KV\u011aT\u016e LILIUM CANDIDUM, SORBITAN ISOSTEAR\u00c1T, EXTRAKT Z KV\u011aT\u016e PRUNUS CERASUS (HO\u0158K\u00c1 T\u0158E\u0160E\u0147), TOKOFEROL, SORBAN DRASELN\u00dd.<\/span><\/p>\n<\/div>","protected":false},"excerpt":{"rendered":"<p>Estompe les taches pigment\u00e9es, donne de l\u2019\u00e9clat.<\/p>","protected":false},"author":1,"featured_media":2824,"parent":22,"menu_order":5,"comment_status":"closed","ping_status":"closed","template":"page\/page-template-newprdclarifac.php","meta":{"_mi_skip_tracking":false,"spay_email":""},"_links":{"self":[{"href":"https:\/\/hyfac.fr\/cs\/wp-json\/wp\/v2\/pages\/2823"}],"collection":[{"href":"https:\/\/hyfac.fr\/cs\/wp-json\/wp\/v2\/pages"}],"about":[{"href":"https:\/\/hyfac.fr\/cs\/wp-json\/wp\/v2\/types\/page"}],"author":[{"embeddable":true,"href":"https:\/\/hyfac.fr\/cs\/wp-json\/wp\/v2\/users\/1"}],"replies":[{"embeddable":true,"href":"https:\/\/hyfac.fr\/cs\/wp-json\/wp\/v2\/comments?post=2823"}],"version-history":[{"count":37,"href":"https:\/\/hyfac.fr\/cs\/wp-json\/wp\/v2\/pages\/2823\/revisions"}],"predecessor-version":[{"id":15032,"href":"https:\/\/hyfac.fr\/cs\/wp-json\/wp\/v2\/pages\/2823\/revisions\/15032"}],"up":[{"embeddable":true,"href":"https:\/\/hyfac.fr\/cs\/wp-json\/wp\/v2\/pages\/22"}],"wp:featuredmedia":[{"embeddable":true,"href":"https:\/\/hyfac.fr\/cs\/wp-json\/wp\/v2\/media\/2824"}],"wp:attachment":[{"href":"https:\/\/hyfac.fr\/cs\/wp-json\/wp\/v2\/media?parent=2823"}],"curies":[{"name":"wp","href":"https:\/\/api.w.org\/{rel}","templated":true}]}}