{"id":47,"date":"2016-04-25T15:47:42","date_gmt":"2016-04-25T13:47:42","guid":{"rendered":"http:\/\/hyfac.fr\/?page_id=47"},"modified":"2018-06-20T11:35:22","modified_gmt":"2018-06-20T09:35:22","slug":"hyfac-woman","status":"publish","type":"page","link":"https:\/\/hyfac.fr\/cs\/nos-gammes\/hyfac-woman\/","title":{"rendered":"HYFAC WOMAN - Dosp\u011bl\u00e1 ple\u0165 s nedokonalostmi"},"content":{"rendered":"<p><img loading=\"lazy\" class=\"alignleft wp-image-93\" src=\"http:\/\/hyfac.fr\/wp-content\/uploads\/2016\/04\/logo_HW.png\" alt=\"logo hyfac woman\" width=\"260\" height=\"216\" srcset=\"https:\/\/hyfac.fr\/wp-content\/uploads\/2016\/04\/logo_HW.png 1092w, https:\/\/hyfac.fr\/wp-content\/uploads\/2016\/04\/logo_HW-300x249.png 300w, https:\/\/hyfac.fr\/wp-content\/uploads\/2016\/04\/logo_HW-1024x851.png 1024w\" sizes=\"(max-width: 260px) 100vw, 260px\" \/><\/p>\n<h1 class=\"entry-title\">HYFAC WOMAN - Dosp\u011bl\u00e1 ple\u0165 s nedokonalostmi<\/h1>\n<p style=\"text-align: justify;\"><span style=\"color: #7f6f65;\">Akn\u00e9 postihuje ka\u017edou druhou dosp\u011blou \u017eenu. A\u0165 u\u017e se jedn\u00e1 o mal\u00e9 nevzhledn\u00e9 pup\u00ednky, nebo o skute\u010dn\u00e9 akn\u00e9, tento stav je pro tyto aktivn\u00ed \u017eeny \u010dasto velmi obt\u00ed\u017en\u00fd.<\/span><\/p>\n<p style=\"text-align: justify;\"><span style=\"color: #7f6f65;\">HYFAC WOMAN je jednou z m\u00e1la \u0159ad, kter\u00e9 nab\u00edzej\u00ed p\u00e9\u010di p\u0159izp\u016fsobenou \u017een\u00e1m se skvrnitou plet\u00ed. produkty p\u00e9\u010de p\u0159izp\u016fsoben\u00e9 jejich specifick\u00fdm pot\u0159eb\u00e1m.<\/span><\/p>\n<p>&nbsp;<\/p>\n<h2 style=\"text-align: center;\">V\u0161echny na\u0161e produkty proti nedokonalostem pleti pro dosp\u011bl\u00e9:<\/h2>\n<p>&nbsp;<\/p>","protected":false},"excerpt":{"rendered":"<p>HYFAC WOMAN \u2013 Peaux adultes \u00e0 imperfections L\u2019acn\u00e9 touche une femme adulte sur deux. Que ce soit des petits boutons disgracieux ou une v\u00e9ritable acn\u00e9, cette pathologie est souvent tr\u00e8s difficile \u00e0 vivre pour ces femmes actives. HYFAC WOMAN est\u00a0 l\u2019une des seules gammes qui propose une prise en charge adapt\u00e9e aux femmes ayant une\u2026 <a class='lire-suite' href=\"https:\/\/hyfac.fr\/cs\/nos-gammes\/hyfac-woman\/\">P\u0159e\u010dt\u011bte si v\u00edce &gt;&gt;&gt;<\/a><\/p>","protected":false},"author":1,"featured_media":0,"parent":22,"menu_order":1,"comment_status":"closed","ping_status":"closed","template":"page\/page-template-hyfacwoman.php","meta":{"_mi_skip_tracking":false,"spay_email":""},"_links":{"self":[{"href":"https:\/\/hyfac.fr\/cs\/wp-json\/wp\/v2\/pages\/47"}],"collection":[{"href":"https:\/\/hyfac.fr\/cs\/wp-json\/wp\/v2\/pages"}],"about":[{"href":"https:\/\/hyfac.fr\/cs\/wp-json\/wp\/v2\/types\/page"}],"author":[{"embeddable":true,"href":"https:\/\/hyfac.fr\/cs\/wp-json\/wp\/v2\/users\/1"}],"replies":[{"embeddable":true,"href":"https:\/\/hyfac.fr\/cs\/wp-json\/wp\/v2\/comments?post=47"}],"version-history":[{"count":33,"href":"https:\/\/hyfac.fr\/cs\/wp-json\/wp\/v2\/pages\/47\/revisions"}],"predecessor-version":[{"id":4807,"href":"https:\/\/hyfac.fr\/cs\/wp-json\/wp\/v2\/pages\/47\/revisions\/4807"}],"up":[{"embeddable":true,"href":"https:\/\/hyfac.fr\/cs\/wp-json\/wp\/v2\/pages\/22"}],"wp:attachment":[{"href":"https:\/\/hyfac.fr\/cs\/wp-json\/wp\/v2\/media?parent=47"}],"curies":[{"name":"wp","href":"https:\/\/api.w.org\/{rel}","templated":true}]}}