{"id":4907,"date":"2018-06-26T12:45:16","date_gmt":"2018-06-26T10:45:16","guid":{"rendered":"https:\/\/hyfac.fr\/?page_id=4907"},"modified":"2018-06-26T13:03:17","modified_gmt":"2018-06-26T11:03:17","slug":"plan-du-site","status":"publish","type":"page","link":"https:\/\/hyfac.fr\/cs\/plan-du-site\/","title":{"rendered":"Mapa str\u00e1nek"},"content":{"rendered":"<p><strong><div class=\"wsp-container\"><h2 class=\"wsp-pages-title\" data-no-translation=\"\" data-trp-gettext=\"\">Pages<\/h2>\n<ul class=\"wsp-pages-list\">\n<li class=\"page_item page-item-2\"><a href=\"https:\/\/hyfac.fr\/cs\/\">Home<\/a><\/li>\n<li class=\"page_item page-item-14911\"><a href=\"https:\/\/hyfac.fr\/cs\/boutique\/\">Boutique<\/a><\/li>\n<li class=\"page_item page-item-14998\"><a href=\"https:\/\/hyfac.fr\/cs\/cgv\/\">V\u0160EOBECN\u00c9 PODM\u00cdNKY<\/a><\/li>\n<li class=\"page_item page-item-14914\"><a href=\"https:\/\/hyfac.fr\/cs\/mon-compte\/\">M\u016fj \u00fa\u010det<\/a><\/li>\n<li class=\"page_item page-item-14912\"><a href=\"https:\/\/hyfac.fr\/cs\/panier\/\">Ko\u0161\u00edk<\/a><\/li>\n<li class=\"page_item page-item-14913\"><a href=\"https:\/\/hyfac.fr\/cs\/commander\/\">Validation de la commande<\/a><\/li>\n<li class=\"page_item page-item-22 page_item_has_children\"><a href=\"https:\/\/hyfac.fr\/cs\/nos-gammes\/\">Na\u0161e sortimenty<\/a>\n<ul class='children'>\n\t<li class=\"page_item page-item-54 page_item_has_children\"><a href=\"https:\/\/hyfac.fr\/cs\/nos-gammes\/hyfac-classique\/\">HYFAC ORIGINAL - Mlad\u00e1 ple\u0165 s nedokonalostmi<\/a>\n\t<ul class='children'>\n\t\t<li class=\"page_item page-item-1396\"><a href=\"https:\/\/hyfac.fr\/cs\/nos-gammes\/hyfac-classique\/gel-nettoyant-purifiant\/\">\u010cistic\u00ed \u010distic\u00ed gel<\/a><\/li>\n\t\t<li class=\"page_item page-item-1415\"><a href=\"https:\/\/hyfac.fr\/cs\/nos-gammes\/hyfac-classique\/mousse-nettoyante-exfoliante\/\">Exfolia\u010dn\u00ed \u010distic\u00ed p\u011bna<\/a><\/li>\n\t\t<li class=\"page_item page-item-1416\"><a href=\"https:\/\/hyfac.fr\/cs\/nos-gammes\/hyfac-classique\/pain-nettoyant-purifiant\/\">\u010cistic\u00ed \u010distic\u00ed ty\u010dinka<\/a><\/li>\n\t\t<li class=\"page_item page-item-1419\"><a href=\"https:\/\/hyfac.fr\/cs\/nos-gammes\/hyfac-classique\/soin-global\/\">Glob\u00e1ln\u00ed p\u00e9\u010de<\/a><\/li>\n\t\t<li class=\"page_item page-item-1422\"><a href=\"https:\/\/hyfac.fr\/cs\/nos-gammes\/hyfac-classique\/patchs-anti-imperfections\/\">N\u00e1plasti proti nedokonalostem<\/a><\/li>\n\t<\/ul>\n<\/li>\n\t<li class=\"page_item page-item-47 page_item_has_children\"><a href=\"https:\/\/hyfac.fr\/cs\/nos-gammes\/hyfac-woman\/\">HYFAC WOMAN - Dosp\u011bl\u00e1 ple\u0165 s nedokonalostmi<\/a>\n\t<ul class='children'>\n\t\t<li class=\"page_item page-item-1433\"><a href=\"https:\/\/hyfac.fr\/cs\/nos-gammes\/hyfac-woman\/eau-micellaire\/\">Micel\u00e1rn\u00ed voda<\/a><\/li>\n\t\t<li class=\"page_item page-item-2606\"><a href=\"https:\/\/hyfac.fr\/cs\/nos-gammes\/hyfac-woman\/active-mask\/\">Aktivn\u00ed maska<\/a><\/li>\n\t\t<li class=\"page_item page-item-1432\"><a href=\"https:\/\/hyfac.fr\/cs\/nos-gammes\/hyfac-woman\/soin-global\/\">Glob\u00e1ln\u00ed p\u00e9\u010de<\/a><\/li>\n\t<\/ul>\n<\/li>\n\t<li class=\"page_item page-item-56 page_item_has_children\"><a href=\"https:\/\/hyfac.fr\/cs\/nos-gammes\/hydrafac\/\">HYDRAFAC - Denn\u00ed vlhkost<\/a>\n\t<ul class='children'>\n\t\t<li class=\"page_item page-item-2441\"><a href=\"https:\/\/hyfac.fr\/cs\/nos-gammes\/hydrafac\/creme-legere\/\">Sv\u011btl\u00e1 smetana<\/a><\/li>\n\t<\/ul>\n<\/li>\n\t<li class=\"page_item page-item-2592 page_item_has_children\"><a href=\"https:\/\/hyfac.fr\/cs\/nos-gammes\/hyfac-sun\/\">HYFAC SUN - Ochrana p\u0159ed sluncem<\/a>\n\t<ul class='children'>\n\t\t<li class=\"page_item page-item-2596\"><a href=\"https:\/\/hyfac.fr\/cs\/nos-gammes\/hyfac-sun\/protection-solaire-invisible\/\">Neviditeln\u00e1 ochrana p\u0159ed sluncem<\/a><\/li>\n\t\t<li class=\"page_item page-item-2597\"><a href=\"https:\/\/hyfac.fr\/cs\/nos-gammes\/hyfac-sun\/protection-solaire-teintee\/\">T\u00f3novan\u00e1 ochrana proti slunci<\/a><\/li>\n\t<\/ul>\n<\/li>\n\t<li class=\"page_item page-item-2599\"><a href=\"https:\/\/hyfac.fr\/cs\/nos-gammes\/fotoker-creme-dermatologique\/\">FOTOKER - Prevence a n\u00e1prava po\u0161kozen\u00ed zp\u016fsoben\u00fdch sluncem<\/a><\/li>\n\t<li class=\"page_item page-item-2823\"><a href=\"https:\/\/hyfac.fr\/cs\/nos-gammes\/clarifac-soin-anti-taches\/\">CLARIFAC - Poruchy pigmentace<\/a><\/li>\n<\/ul>\n<\/li>\n<li class=\"page_item page-item-4319\"><a href=\"https:\/\/hyfac.fr\/cs\/sos-dermato\/\">SOS Dermato<\/a><\/li>\n<li class=\"page_item page-item-15\"><a href=\"https:\/\/hyfac.fr\/cs\/evenements\/\">Ud\u00e1losti<\/a><\/li>\n<li class=\"page_item page-item-24\"><a href=\"https:\/\/hyfac.fr\/cs\/le-laboratoire\/\">Laborato\u0159<\/a><\/li>\n<li class=\"page_item page-item-74\"><a href=\"https:\/\/hyfac.fr\/cs\/pres-de-chez-vous\/\">Ve va\u0161em okol\u00ed<\/a><\/li>\n<li class=\"page_item page-item-72\"><a href=\"https:\/\/hyfac.fr\/cs\/sur-internet\/\">Na internetu<\/a><\/li>\n<li class=\"page_item page-item-20\"><a href=\"https:\/\/hyfac.fr\/cs\/informations\/\">Kontakt<\/a><\/li>\n<li class=\"page_item page-item-4307\"><a href=\"https:\/\/hyfac.fr\/cs\/vie-privee-mentions-legales\/\">Ochrana osobn\u00edch \u00fadaj\u016f a pr\u00e1vn\u00ed informace<\/a><\/li>\n<li class=\"page_item page-item-4907\"><a href=\"https:\/\/hyfac.fr\/cs\/plan-du-site\/\">Mapa str\u00e1nek<\/a><\/li>\n<\/ul>\n<\/div><\/strong><\/p>","protected":false},"excerpt":{"rendered":"","protected":false},"author":1,"featured_media":0,"parent":0,"menu_order":10,"comment_status":"closed","ping_status":"closed","template":"","meta":{"_mi_skip_tracking":false,"spay_email":""},"_links":{"self":[{"href":"https:\/\/hyfac.fr\/cs\/wp-json\/wp\/v2\/pages\/4907"}],"collection":[{"href":"https:\/\/hyfac.fr\/cs\/wp-json\/wp\/v2\/pages"}],"about":[{"href":"https:\/\/hyfac.fr\/cs\/wp-json\/wp\/v2\/types\/page"}],"author":[{"embeddable":true,"href":"https:\/\/hyfac.fr\/cs\/wp-json\/wp\/v2\/users\/1"}],"replies":[{"embeddable":true,"href":"https:\/\/hyfac.fr\/cs\/wp-json\/wp\/v2\/comments?post=4907"}],"version-history":[{"count":6,"href":"https:\/\/hyfac.fr\/cs\/wp-json\/wp\/v2\/pages\/4907\/revisions"}],"predecessor-version":[{"id":4913,"href":"https:\/\/hyfac.fr\/cs\/wp-json\/wp\/v2\/pages\/4907\/revisions\/4913"}],"wp:attachment":[{"href":"https:\/\/hyfac.fr\/cs\/wp-json\/wp\/v2\/media?parent=4907"}],"curies":[{"name":"wp","href":"https:\/\/api.w.org\/{rel}","templated":true}]}}