{"id":56,"date":"2016-04-26T06:05:09","date_gmt":"2016-04-26T04:05:09","guid":{"rendered":"http:\/\/hyfac.fr\/?page_id=56"},"modified":"2018-06-20T11:48:03","modified_gmt":"2018-06-20T09:48:03","slug":"hydrafac","status":"publish","type":"page","link":"https:\/\/hyfac.fr\/cs\/nos-gammes\/hydrafac\/","title":{"rendered":"HYDRAFAC - Denn\u00ed vlhkost"},"content":{"rendered":"<p><img loading=\"lazy\" class=\"alignleft wp-image-2463\" src=\"http:\/\/hyfac.fr\/wp-content\/uploads\/2018\/02\/logo_hyfac_hydrafac.png\" alt=\"logo hydrafac\" width=\"260\" height=\"220\" srcset=\"https:\/\/hyfac.fr\/wp-content\/uploads\/2018\/02\/logo_hyfac_hydrafac.png 1674w, https:\/\/hyfac.fr\/wp-content\/uploads\/2018\/02\/logo_hyfac_hydrafac-300x253.png 300w, https:\/\/hyfac.fr\/wp-content\/uploads\/2018\/02\/logo_hyfac_hydrafac-1024x865.png 1024w\" sizes=\"(max-width: 260px) 100vw, 260px\" \/><\/p>\n<h1 class=\"entry-title\">Hydrafac - Denn\u00ed hydratace pro v\u0161echny typy pleti<\/h1>\n<p style=\"text-align: justify;\">Hydratace je ka\u017edodenn\u00edm gestem pro zachov\u00e1n\u00ed dobr\u00e9 rovnov\u00e1hy poko\u017eky. Dob\u0159e hydratovan\u00e1 poko\u017eka je chr\u00e1n\u011bn\u00e1 a zdrav\u00e1.<\/p>\n<p style=\"text-align: justify;\">HYDRAFAC je \u0159ada, jej\u00edm\u017e c\u00edlem je ka\u017edodenn\u00ed hydratace v\u0161ech typ\u016f pleti za v\u0161ech okolnost\u00ed. Dv\u011b alternativy p\u0159izp\u016fsoben\u00e9 pot\u0159eb\u00e1m ka\u017ed\u00e9ho:<\/p>\n<ul>\n<li style=\"text-align: justify;\">A <a href=\"https:\/\/hyfac.fr\/cs\/nos-gammes\/hydrafac\/creme-legere\/\">lehk\u00fd vzorec<\/a> pro sm\u00ed\u0161enou ple\u0165, v l\u00e9t\u011b nebo jako podklad pod make-up.<\/li>\n<li style=\"text-align: justify;\">A <a href=\"https:\/\/hyfac.fr\/cs\/nos-gammes\/hydrafac\/creme-riche\/\">bohat\u00fd vzorec<\/a> pro suchou ple\u0165, v zim\u011b nebo jako no\u010dn\u00ed kr\u00e9m.<\/li>\n<li style=\"text-align: justify;\">Ale tak\u00e9 <a href=\"https:\/\/hyfac.fr\/cs\/nos-gammes\/hydrafac\/baume-levres\/\">balz\u00e1m na rty<\/a> 100% p\u0159\u00edrodn\u00ed.<\/li>\n<\/ul>\n<h2><\/h2>\n<p>&nbsp;<\/p>\n<p>&nbsp;<\/p>\n<p>&nbsp;<\/p>\n<h2 style=\"text-align: center;\">V\u0161echny na\u0161e produkty pro p\u00e9\u010di o ple\u0165 hydratuj\u00ed va\u0161i poko\u017eku:<\/h2>\n<p>&nbsp;<\/p>","protected":false},"excerpt":{"rendered":"<p>Hydrafac &#8211; Hydratation de toutes les peaux au quotidien L\u2019hydratation est le geste quotidien pour pr\u00e9server un bon \u00e9quilibre de la peau. Une peau bien hydrat\u00e9e est prot\u00e9g\u00e9e et en bonne sant\u00e9. HYDRAFAC est la gamme dont l\u2019objectif est d\u2019hydrater au quotidien toutes les peaux en toutes circonstances. Deux alternatives adapt\u00e9es aux besoins de chacun\u00a0:\u2026 <a class='lire-suite' href=\"https:\/\/hyfac.fr\/cs\/nos-gammes\/hydrafac\/\">P\u0159e\u010dt\u011bte si v\u00edce &gt;&gt;&gt;<\/a><\/p>","protected":false},"author":1,"featured_media":0,"parent":22,"menu_order":2,"comment_status":"closed","ping_status":"closed","template":"page\/page-template-hydrafac.php","meta":{"_mi_skip_tracking":false,"spay_email":""},"_links":{"self":[{"href":"https:\/\/hyfac.fr\/cs\/wp-json\/wp\/v2\/pages\/56"}],"collection":[{"href":"https:\/\/hyfac.fr\/cs\/wp-json\/wp\/v2\/pages"}],"about":[{"href":"https:\/\/hyfac.fr\/cs\/wp-json\/wp\/v2\/types\/page"}],"author":[{"embeddable":true,"href":"https:\/\/hyfac.fr\/cs\/wp-json\/wp\/v2\/users\/1"}],"replies":[{"embeddable":true,"href":"https:\/\/hyfac.fr\/cs\/wp-json\/wp\/v2\/comments?post=56"}],"version-history":[{"count":29,"href":"https:\/\/hyfac.fr\/cs\/wp-json\/wp\/v2\/pages\/56\/revisions"}],"predecessor-version":[{"id":4886,"href":"https:\/\/hyfac.fr\/cs\/wp-json\/wp\/v2\/pages\/56\/revisions\/4886"}],"up":[{"embeddable":true,"href":"https:\/\/hyfac.fr\/cs\/wp-json\/wp\/v2\/pages\/22"}],"wp:attachment":[{"href":"https:\/\/hyfac.fr\/cs\/wp-json\/wp\/v2\/media?parent=56"}],"curies":[{"name":"wp","href":"https:\/\/api.w.org\/{rel}","templated":true}]}}