{"id":14924,"date":"2022-02-03T01:25:15","date_gmt":"2022-02-03T00:25:15","guid":{"rendered":"https:\/\/hyfac.fr\/?post_type=product&#038;p=14924"},"modified":"2026-03-17T10:42:06","modified_gmt":"2026-03-17T09:42:06","slug":"classic-soin-global","status":"publish","type":"product","link":"https:\/\/hyfac.fr\/cs\/produkt\/classic-soin-global\/","title":{"rendered":"Classic - Glob\u00e1ln\u00ed p\u00e9\u010de"},"content":{"rendered":"","protected":false},"excerpt":{"rendered":"","protected":false},"featured_media":5644,"comment_status":"closed","ping_status":"closed","template":"","meta":{"_mi_skip_tracking":false,"spay_email":""},"product_cat":[185],"product_tag":[],"_links":{"self":[{"href":"https:\/\/hyfac.fr\/cs\/wp-json\/wp\/v2\/product\/14924"}],"collection":[{"href":"https:\/\/hyfac.fr\/cs\/wp-json\/wp\/v2\/product"}],"about":[{"href":"https:\/\/hyfac.fr\/cs\/wp-json\/wp\/v2\/types\/product"}],"replies":[{"embeddable":true,"href":"https:\/\/hyfac.fr\/cs\/wp-json\/wp\/v2\/comments?post=14924"}],"wp:featuredmedia":[{"embeddable":true,"href":"https:\/\/hyfac.fr\/cs\/wp-json\/wp\/v2\/media\/5644"}],"wp:attachment":[{"href":"https:\/\/hyfac.fr\/cs\/wp-json\/wp\/v2\/media?parent=14924"}],"wp:term":[{"taxonomy":"product_cat","embeddable":true,"href":"https:\/\/hyfac.fr\/cs\/wp-json\/wp\/v2\/product_cat?post=14924"},{"taxonomy":"product_tag","embeddable":true,"href":"https:\/\/hyfac.fr\/cs\/wp-json\/wp\/v2\/product_tag?post=14924"}],"curies":[{"name":"wp","href":"https:\/\/api.w.org\/{rel}","templated":true}]}}