{"id":14931,"date":"2022-02-03T01:29:43","date_gmt":"2022-02-03T00:29:43","guid":{"rendered":"https:\/\/hyfac.fr\/?post_type=product&#038;p=14931"},"modified":"2026-04-01T11:16:01","modified_gmt":"2026-04-01T09:16:01","slug":"hydrafac-creme-legere","status":"publish","type":"product","link":"https:\/\/hyfac.fr\/cs\/produkt\/hydrafac-creme-legere\/","title":{"rendered":"Hydrafac &#8211; Cr\u00e8me L\u00e9g\u00e8re"},"content":{"rendered":"","protected":false},"excerpt":{"rendered":"","protected":false},"featured_media":5554,"comment_status":"closed","ping_status":"closed","template":"","meta":{"_mi_skip_tracking":false,"spay_email":""},"product_cat":[185],"product_tag":[],"_links":{"self":[{"href":"https:\/\/hyfac.fr\/cs\/wp-json\/wp\/v2\/product\/14931"}],"collection":[{"href":"https:\/\/hyfac.fr\/cs\/wp-json\/wp\/v2\/product"}],"about":[{"href":"https:\/\/hyfac.fr\/cs\/wp-json\/wp\/v2\/types\/product"}],"replies":[{"embeddable":true,"href":"https:\/\/hyfac.fr\/cs\/wp-json\/wp\/v2\/comments?post=14931"}],"wp:featuredmedia":[{"embeddable":true,"href":"https:\/\/hyfac.fr\/cs\/wp-json\/wp\/v2\/media\/5554"}],"wp:attachment":[{"href":"https:\/\/hyfac.fr\/cs\/wp-json\/wp\/v2\/media?parent=14931"}],"wp:term":[{"taxonomy":"product_cat","embeddable":true,"href":"https:\/\/hyfac.fr\/cs\/wp-json\/wp\/v2\/product_cat?post=14931"},{"taxonomy":"product_tag","embeddable":true,"href":"https:\/\/hyfac.fr\/cs\/wp-json\/wp\/v2\/product_tag?post=14931"}],"curies":[{"name":"wp","href":"https:\/\/api.w.org\/{rel}","templated":true}]}}