{"id":1433,"date":"2016-05-26T00:48:43","date_gmt":"2016-05-25T22:48:43","guid":{"rendered":"http:\/\/hyfac.fr\/?page_id=1433"},"modified":"2022-02-10T01:57:30","modified_gmt":"2022-02-10T00:57:30","slug":"eau-micellaire","status":"publish","type":"page","link":"https:\/\/hyfac.fr\/de\/nos-gammes\/hyfac-woman\/eau-micellaire\/","title":{"rendered":"Micellar Wasser"},"content":{"rendered":"<p>&nbsp;<\/p>\n<div style=\"width: 960px;\">&nbsp;<\/div>\n<div id=\"prd\">\n<div class=\"csRow\">\n<div class=\"csColumn\" style=\"margin: 0px; padding: 0px; float: left; width: 43%;\" data-csstartpoint=\"0\" data-csendpoint=\"430\" data-cswidth=\"43.0%\" data-csid=\"beb42ad8-6bfd-a029-8282-bd93ae120b4d\">\n<style type=\"text\/css\">#soliloquy-container-5297 .soliloquy-pager{bottom: -30px;}<\/style><div class=\"soliloquy-outer-container\" data-soliloquy-loaded=\"0\"><div aria-live=\"polite\" id=\"soliloquy-container-5297\" class=\"soliloquy-container soliloquy-transition-horizontal soliloquy-slide-horizontal soliloquy-controls-active slider-img-prd soliloquy-theme-base\" style=\"max-width:340px;max-height:538px;margin:0 auto 20px;max-width:100%;max-height:none;\"><ul id=\"soliloquy-5297\" class=\"soliloquy-slider soliloquy-slides soliloquy-wrap soliloquy-clear\"><li aria-hidden=\"true\" class=\"soliloquy-item soliloquy-item-1 soliloquy-id-5574 soliloquy-image-slide\" draggable=\"false\" style=\"list-style:none;\"><img id=\"soliloquy-image-5574\" class=\"soliloquy-image soliloquy-image-1\" src=\"https:\/\/hyfac.fr\/wp-content\/uploads\/2018\/09\/Diapositive19-340x538_c.jpeg\" alt=\"HYFAC WOMAN Mizellenwasser reinigt und entfernt Make-up\" \/><\/li><li aria-hidden=\"true\" class=\"soliloquy-item soliloquy-item-2 soliloquy-id-5575 soliloquy-image-slide\" draggable=\"false\" style=\"list-style:none;\"><img id=\"soliloquy-image-5575\" class=\"soliloquy-image soliloquy-image-2 soliloquy-preload\" src=\"https:\/\/hyfac.fr\/wp-content\/plugins\/soliloquy\/assets\/css\/images\/holder.gif\" data-soliloquy-src=\"https:\/\/hyfac.fr\/wp-content\/uploads\/2018\/09\/Diapositive20-340x538_c.jpeg\" alt=\"HYFAC WOMAN Mizellenwasser reinigt und entfernt Make-up\" \/><\/li><\/ul><\/div><noscript><style type=\"text\/css\" scoped>#soliloquy-container-5297{opacity:1}#soliloquy-container-5297 li > .soliloquy-caption{display:none}#soliloquy-container-5297 li:first-child > .soliloquy-caption{display:block}<\/style><div class=\"soliloquy-no-js\" style=\"display:none;visibility:hidden;height:0;line-height:0;opacity:0;\"><img class=\"soliloquy-image soliloquy-no-js-image\" src=\"https:\/\/hyfac.fr\/wp-content\/uploads\/2018\/09\/Diapositive19.jpeg\" alt=\"HYFAC WOMAN Mizellenwasser reinigt und entfernt Make-up\" \/><img class=\"soliloquy-image soliloquy-no-js-image\" src=\"https:\/\/hyfac.fr\/wp-content\/uploads\/2018\/09\/Diapositive20.jpeg\" alt=\"HYFAC WOMAN Mizellenwasser reinigt und entfernt Make-up\" \/><\/div><\/noscript><\/div>\n<\/div>\n<div class=\"csColumnGap\" style=\"margin: 0px; padding: 0px; float: left; width: 7.7%;\"><img style=\"border: none;\" src=\"https:\/\/hyfac.fr\/wp-content\/plugins\/advanced-wp-columns\/assets\/js\/plugins\/views\/img\/1x1-pixel.png\"><\/div>\n<div class=\"csColumn\" style=\"margin: 0px; padding: 0px; float: left; width: 49.3%;\" data-csstartpoint=\"507\" data-csendpoint=\"1000\" data-cswidth=\"49.3%\" data-csid=\"56e6cac6-63f3-6945-9ddf-f20a5ec7912c\">\n<h1><span style=\"color: #d0006d; line-height: 35px;\">MIZELLENWASSER<\/span><\/h1>\n<p><span style=\"color: #d0006d;\">Baureihe HYFAC Woman<\/span><br \/>\nFlacon de&nbsp;200ml<\/p>\n<p><br \/>\nReinigungs- und Abschminklotion ohne Absp\u00fclen. Entfernt Unreinheiten, beruhigt und reduziert R\u00f6tungen dank der Extrakte aus wei\u00dfem Tee.<\/p>\n<ul id=\"ulprd\">\n<li><img class=\"logo-prd\" src=\"\/wp-content\/uploads\/2018\/09\/Nettoie.png\" alt=\"reinigt\" width=\"50\"><br \/>\nAUFR\u00c4UMEN<\/li>\n<li><img class=\"logo-prd\" src=\"\/wp-content\/uploads\/2018\/09\/Demaquille.png\" alt=\"demaquille\" width=\"50\"><br \/>\nDEMAQUILLE<\/li>\n<li><img class=\"logo-prd\" src=\"\/wp-content\/uploads\/2018\/09\/Apaise.png\" alt=\"beruhigt\" width=\"50\"><br \/>\nAPAISE<\/li>\n<li><img class=\"logo-prd\" src=\"\/wp-content\/uploads\/2018\/09\/ANTI_ROUGEURS.png\" alt=\"Anti-R\u00f6tung\" width=\"50\"><br \/>\nANTI-ROGER<\/li>\n<\/ul>\n<ul id=\"ulprd-link\">\n<li><p class=\"product woocommerce add_to_cart_inline\" style=\"border:4px solid #ccc; padding: 12px;\"><span class=\"woocommerce-Price-amount amount\"><bdi>8,90&nbsp;<span class=\"woocommerce-Price-currencySymbol\">\u20ac<\/span><\/bdi><\/span><a href=\"?add-to-cart=14927\" data-quantity=\"1\" class=\"button product_type_simple add_to_cart_button ajax_add_to_cart\" data-product_id=\"14927\" data-product_sku=\"\" aria-label=\"\u201eWoman - Eau Micellaire\u201c zu deinem Warenkorb hinzuf\u00fcgen\" rel=\"nofollow\" data-no-translation=\"\" data-trp-gettext=\"\" data-no-translation-aria-label=\"\">In den Warenkorb<\/a><\/p><\/li>\n<li>&nbsp;<\/li>\n<li><a href=\"https:\/\/hyfac.fr\/de\/pres-de-chez-vous\/\"><img class=\"img2\" src=\"\/wp-content\/uploads\/2018\/06\/logo-map-e1530138886120.png\" alt=\"loc\">Finden Sie eine Verkaufsstelle<\/a><\/li>\n<\/ul>\n<ul id=\"ulprd-link\">\n<li class=\"infotri\"><span class=\"spantri\">Entdecken Sie unsere Sortieranleitung<\/span><br \/>\n<img class=\"imgtri\" src=\"https:\/\/hyfac.fr\/wp-content\/uploads\/2020\/12\/HYFAC-WOMAN-Eau-micellaire.png\"><\/li>\n<\/ul>\n<\/div>\n<div style=\"clear: both; float: none; display: block; visibility: hidden; width: 0px; font-size: 0px; line-height: 0;\">&nbsp;<\/div>\n<\/div>\n<\/div>\n<div id=\"descript-prd\">HYFAC WOMAN mizellares Wasser <strong>reinigt<\/strong> und <strong>Make-up-Entferner<\/strong> Es reinigt sanft das Gesicht und die Augen. Es beseitigt Verunreinigungen und entfernt sogar die <strong>wasserfestes Make-up<\/strong>. Seine Extrakte aus wei\u00dfem Tee wecken die Strahlkraft des Teints und <strong>reduziert Flecken und R\u00f6tungen<\/strong>. Beruhigend und lindernd, ist es ideal f\u00fcr Frauen mit einer <strong>empfindliche Haut<\/strong> mit Unvollkommenheiten. T\u00e4glich angewendet, hinterl\u00e4sst es die Haut sauber, frisch und gereinigt. Sein subtiler blumiger Duft macht seine Anwendung zu einem reinen Gl\u00fccksmoment.<\/div>\n<div id=\"menu-prdnew\">\n<ul>\n<li><a id=\"lienmenuconseil\" href=\"#prd\">ANWENDUNGSTIPPS<\/a><\/li>\n<li><a id=\"lienmenuactifs\" href=\"#conseil-prd\">AKTIVA<\/a><\/li>\n<li><a id=\"lienmenucmplt\" href=\"#actifs-prd\">KOMPLEMENT\u00c4RPRODUKTE<\/a><\/li>\n<li><a id=\"lienmenusavoir\" href=\"#cmplt-prd\">MEHR LERNEN<\/a><\/li>\n<li><a id=\"lienmenucompo\" href=\"#savoir-prd\">ZUSAMMENSETZUNG<\/a><\/li>\n<\/ul>\n<\/div>\n<div id=\"conseil-prd\">\n<div class=\"csRow\">\n<div class=\"csColumn\" style=\"margin: 0px; padding: 0px; float: left; width: 70.8%;\" data-csstartpoint=\"0\" data-csendpoint=\"680\" data-cswidth=\"70.8%\" data-csid=\"7ce9a14c-d45b-a3f2-987b-63fd249cc312\">\n<p><span style=\"color: #d0006d;\">COMMENT UTILISER L&#8217;EAU MICELLAIRE HYFAC WOMAN ?<\/span><\/p>\n<p>Morgens und\/oder abends mit einem Wattepad auf Gesicht und Augen auftragen, um zu reinigen und Make-up zu entfernen. Wiederholen Sie den Vorgang, bis das Wattepad perfekt sauber ist. Trocknen Sie die Haut sanft mit einem sauberen Handtuch ab. Nicht aussp\u00fclen. Es wird dann empfohlen, die <a href=\"https:\/\/hyfac.fr\/de\/nos-gammes\/hyfac-woman\/soin-global\/\">HYFAC Woman globale Anti-Perfektionspflege<\/a> auf die vollkommen trockene Haut auftragen, um die Pflegeroutine abzuschlie\u00dfen.<\/p>\n<p><span style=\"color: #d0006d;\">Geeignet f\u00fcr alle Hauttypen (empfindliche Haut, zu Akne neigende Haut).<\/span><\/p>\n<\/div>\n<div class=\"csColumnGap\" style=\"margin: 0px; padding: 0px; float: left; width: 1.56%;\"><img style=\"border: none;\" src=\"https:\/\/hyfac.fr\/wp-content\/plugins\/advanced-wp-columns\/assets\/js\/plugins\/views\/img\/1x1-pixel.png\"><\/div>\n<div class=\"csColumn\" style=\"margin: 0px; padding: 0px; float: left; width: 27.6%;\" data-csstartpoint=\"695\" data-csendpoint=\"960\" data-cswidth=\"27.6%\" data-csid=\"2de6301b-fc0e-6c4c-b16e-671973f34d15\">\n<p><img loading=\"lazy\" class=\"aligncenter wp-image-5140\" src=\"https:\/\/hyfac.fr\/wp-content\/uploads\/2018\/07\/conseil-250x250.png\" alt=\"\" width=\"180\" height=\"181\" srcset=\"https:\/\/hyfac.fr\/wp-content\/uploads\/2018\/07\/conseil-250x250.png 250w, https:\/\/hyfac.fr\/wp-content\/uploads\/2018\/07\/conseil-298x300.png 298w, https:\/\/hyfac.fr\/wp-content\/uploads\/2018\/07\/conseil.png 308w\" sizes=\"(max-width: 180px) 100vw, 180px\" \/><\/p>\n<\/div>\n<div style=\"clear: both; float: none; display: block; visibility: hidden; width: 0px; font-size: 0px; line-height: 0;\">&nbsp;<\/div>\n<\/div>\n<\/div>\n<div id=\"actifs-prd\">\n<div class=\"h2prd\">\n<h2><span style=\"color: #d0006d;\">SCHWERPUNKTVERM\u00d6GEN<\/span><\/h2>\n<\/div>\n<p><span style=\"color: #d0006d;\">Camellia Sinensis : Hellt den Teint auf<\/span><br \/>\nHYFAC WOMAN Mizellenwasser enth\u00e4lt Extrakte aus Camellia Sinensis (Wei\u00dfer Tee). Wei\u00dfer Tee hellt den Teint auf, indem er Flecken und R\u00f6tungen reduziert. Die Haut gewinnt dann ihre Strahlkraft zur\u00fcck.<\/p>\n<p><span style=\"color: #d0006d;\">Polyphenole: Antioxidantien<\/span><br \/>\nPolyphenole sind Molek\u00fcle, die von Pflanzen nat\u00fcrlich produziert werden, um sich gegen \u00e4u\u00dfere Angriffe zu verteidigen. Die in ihnen enthaltenen Substanzen tragen zum Kampf gegen die Produktion von freien Radikalen bei, die bekannterma\u00dfen f\u00fcr die schnelle Alterung der Zellen verantwortlich sind.<\/p>\n<\/div>\n<div id=\"cmplt-prd\">\n<div class=\"h2prd\">\n<h2><span style=\"color: #d0006d;\">KOMPLEMENT\u00c4RPRODUKTE<\/span><\/h2>\n<\/div>\n<style type=\"text\/css\">#soliloquy-container-5181 .soliloquy-prev{left: -60px;background-color:#d0006d;}#soliloquy-container-5181 .soliloquy-next{right: -60px;background-color:#d0006d;}#soliloquy-container-5181 .soliloquy-image{background: #f3f3f3;border: 1px solid #ddd;padding:3px;}#soliloquy-container-5181 .soliloquy-viewport{height: 260px !important;}#soliloquy-container-5181 .soliloquy-caption-bottom{position: relative;}#soliloquy-container-5181 .soliloquy-caption-inside{color:#CEBFB6; text-shadow:none;background:none;}@media only screen and (max-width: 1000px){#soliloquy-container-5181 .soliloquy-prev{left: 0px;}#soliloquy-container-5181 .soliloquy-next{right: 0px;}#soliloquy-container-5181 .soliloquy-viewport{height: 200px;}}<\/style><div class=\"soliloquy-outer-container soliloquy-carousel\" data-soliloquy-loaded=\"0\"><div aria-live=\"polite\" id=\"soliloquy-container-5181\" class=\"soliloquy-container soliloquy-transition-horizontal soliloquy-slide-horizontal soliloquy-arrows-active  soliloquy-theme-base\" style=\"max-width:960px;max-height:300px;margin:0 auto 20px;\"><ul id=\"soliloquy-5181\" class=\"soliloquy-slider soliloquy-slides soliloquy-wrap soliloquy-clear\"><li aria-hidden=\"true\" class=\"soliloquy-item soliloquy-item-1 soliloquy-id-5615 soliloquy-image-slide\" draggable=\"false\" style=\"list-style:none;\"><a href=\"https:\/\/hyfac.fr\/de\/nos-gammes\/hyfac-woman\/eau-micellaire\/\" class=\"soliloquy-link\" title=\"HYFAC WOMAN Reinigendes Mizellenwasser\"><img id=\"soliloquy-image-5615\" class=\"soliloquy-image soliloquy-image-1\" src=\"https:\/\/hyfac.fr\/wp-content\/uploads\/2018\/07\/Diapositive19-200x200_c.jpeg\" alt=\"HYFAC WOMAN Reinigendes Mizellenwasser\" \/><\/a><div class=\"soliloquy-caption soliloquy-caption-bottom\"><div class=\"soliloquy-caption-inside\"><p>Micellar Wasser<\/p><br \/>\n<p style=\"font-size:13px\">Reinigt und entfernt Make-up<\/p><\/div><\/div><\/li><li aria-hidden=\"true\" class=\"soliloquy-item soliloquy-item-2 soliloquy-id-5613 soliloquy-image-slide\" draggable=\"false\" style=\"list-style:none;\"><a href=\"https:\/\/hyfac.fr\/de\/nos-gammes\/hyfac-woman\/soin-global\/\" class=\"soliloquy-link\" title=\"HYFAC WOMAN globale Antiimperfektionspflege f\u00fcr Frauen\"><img id=\"soliloquy-image-5613\" class=\"soliloquy-image soliloquy-image-2\" src=\"https:\/\/hyfac.fr\/wp-content\/uploads\/2018\/07\/Diapositive15-200x200_c.jpeg\" alt=\"HYFAC WOMAN globale Antiimperfektionspflege f\u00fcr Frauen\" \/><\/a><div class=\"soliloquy-caption soliloquy-caption-bottom\"><div class=\"soliloquy-caption-inside\"><p>Globale Pflege<\/p><br \/>\n<p style=\"font-size:13px\">Reduziert Hautunreinheiten und spendet Feuchtigkeit<\/p><\/div><\/div><\/li><li aria-hidden=\"true\" class=\"soliloquy-item soliloquy-item-3 soliloquy-id-5614 soliloquy-image-slide\" draggable=\"false\" style=\"list-style:none;\"><a href=\"https:\/\/hyfac.fr\/de\/nos-gammes\/hyfac-woman\/gommage-douceur\/\" class=\"soliloquy-link\" title=\"HYFAC WOMAN sanftes Peeling-Peeling\"><img id=\"soliloquy-image-5614\" class=\"soliloquy-image soliloquy-image-3\" src=\"https:\/\/hyfac.fr\/wp-content\/uploads\/2018\/07\/Diapositive17-200x200_c.jpeg\" alt=\"HYFAC WOMAN sanftes Peeling-Peeling\" \/><\/a><div class=\"soliloquy-caption soliloquy-caption-bottom\"><div class=\"soliloquy-caption-inside\"><p>Sanftes Peeling<\/p><br \/>\n<p style=\"font-size:13px\">Kl\u00e4rt und stellt die Strahlkraft wieder her<\/p><\/div><\/div><\/li><li aria-hidden=\"true\" class=\"soliloquy-item soliloquy-item-4 soliloquy-id-15334 soliloquy-image-slide\" draggable=\"false\" style=\"list-style:none;\"><a href=\"https:\/\/hyfac.fr\/de\/nos-gammes\/hyfac-woman\/active-mask\/\" class=\"soliloquy-link\" title=\"HYFAC WOMAN Active Mask Aknebehandlung f\u00fcr erwachsene Frauen\"><img id=\"soliloquy-image-15334\" class=\"soliloquy-image soliloquy-image-4\" src=\"https:\/\/hyfac.fr\/wp-content\/uploads\/2022\/02\/Sans-titre-61-200x200_c.jpeg\" alt=\"HYFAC WOMAN Active Mask Aknebehandlung f\u00fcr erwachsene Frauen\" \/><\/a><div class=\"soliloquy-caption soliloquy-caption-bottom\"><div class=\"soliloquy-caption-inside\"><p>Aktive Maske<\/p><br \/>\n<p style=\"font-size:13px\">Behandlung von Akne bei Frauen<\/p><\/div><\/div><\/li><\/ul><\/div><noscript><style type=\"text\/css\" scoped>#soliloquy-container-5181{opacity:1}#soliloquy-container-5181 li > .soliloquy-caption{display:none}#soliloquy-container-5181 li:first-child > .soliloquy-caption{display:block}<\/style><div class=\"soliloquy-no-js\" style=\"display:none;visibility:hidden;height:0;line-height:0;opacity:0;\"><img class=\"soliloquy-image soliloquy-no-js-image\" src=\"https:\/\/hyfac.fr\/wp-content\/uploads\/2018\/07\/Diapositive19.jpeg\" alt=\"HYFAC WOMAN Reinigendes Mizellenwasser\" \/><img class=\"soliloquy-image soliloquy-no-js-image\" src=\"https:\/\/hyfac.fr\/wp-content\/uploads\/2018\/07\/Diapositive15.jpeg\" alt=\"HYFAC WOMAN globale Antiimperfektionspflege f\u00fcr Frauen\" \/><img class=\"soliloquy-image soliloquy-no-js-image\" src=\"https:\/\/hyfac.fr\/wp-content\/uploads\/2018\/07\/Diapositive17.jpeg\" alt=\"HYFAC WOMAN sanftes Peeling-Peeling\" \/><img class=\"soliloquy-image soliloquy-no-js-image\" src=\"https:\/\/hyfac.fr\/wp-content\/uploads\/2022\/02\/Sans-titre-61.jpeg\" alt=\"HYFAC WOMAN Active Mask Aknebehandlung f\u00fcr erwachsene Frauen\" \/><\/div><\/noscript><\/div>\n<\/div>\n<div id=\"savoir-prd\">\n<div class=\"h2prd\">\n<h2><span style=\"color: #d0006d;\">MEHR LERNEN<\/span><\/h2>\n<\/div>\n<div class=\"csRow\">\n<div class=\"csColumn\" style=\"margin: 0px; padding: 0px; float: left; width: 38.6%;\" data-csstartpoint=\"0\" data-csendpoint=\"370.5\" data-cswidth=\"38.6%\" data-csid=\"beb42ad8-6bfd-a029-8282-bd93ae120b4d\"><a href=\"https:\/\/hyfac.fr\/de\/sos-dermato\/4321-acne-de-la-femme-adulte\/\" target=\"_blank\" rel=\"noopener\"><img loading=\"lazy\" class=\"aligncenter wp-image-4368 size-thumbnail\" src=\"https:\/\/hyfac.fr\/wp-content\/uploads\/2018\/03\/banniere_carree_site_hyfac_intro_themes_femme-250x250.jpeg\" alt=\"Akne bei erwachsenen Frauen\" width=\"250\" height=\"250\" srcset=\"https:\/\/hyfac.fr\/wp-content\/uploads\/2018\/03\/banniere_carree_site_hyfac_intro_themes_femme-250x250.jpeg 250w, https:\/\/hyfac.fr\/wp-content\/uploads\/2018\/03\/banniere_carree_site_hyfac_intro_themes_femme-300x300.jpeg 300w, https:\/\/hyfac.fr\/wp-content\/uploads\/2018\/03\/banniere_carree_site_hyfac_intro_themes_femme.jpeg 543w\" sizes=\"(max-width: 250px) 100vw, 250px\" \/><\/a><\/div>\n<div class=\"csColumnGap\" style=\"margin: 0px; padding: 0px; float: left; width: 1.56%;\"><img style=\"border: none;\" src=\"https:\/\/hyfac.fr\/wp-content\/plugins\/advanced-wp-columns\/assets\/js\/plugins\/views\/img\/1x1-pixel.png\"><\/div>\n<div class=\"csColumn\" style=\"margin: 0px; padding: 0px; float: left; width: 59.8%;\" data-csstartpoint=\"385.5\" data-csendpoint=\"960\" data-cswidth=\"59.8%\" data-csid=\"56e6cac6-63f3-6945-9ddf-f20a5ec7912c\">40% der Frauen \u00fcber 20 leiden unter hartn\u00e4ckiger Akne. Ob entz\u00fcndliche Pickel, fettige Haut oder Mitesser - die HYFAC WOMAN-Serie wurde speziell f\u00fcr die Probleme unreiner Haut bei erwachsenen Frauen entwickelt.<br \/>\nMizellenwasser ist besonders f\u00fcr die Gesichtshygiene von Frauen zu empfehlen. Als echte Anti-Akne-Lotion ist sie f\u00fcr alle Hauttypen geeignet, auch f\u00fcr empfindliche Haut, trockene Haut oder fettige Haut mit Akne-Pickeln, Mitessern oder wei\u00dfen Mitessern oder Mikrozysten. Es ist mit Aknebehandlungen kompatibel und eignet sich f\u00fcr reaktive und intolerante Haut.<br \/>\nHYFAC WOMAN Mizellenwasser mit Extrakten aus wei\u00dfem Tee hat eine aufhellende Wirkung auf Pickel und R\u00f6tungen. Es hilft, kleine braune Flecken zu verblassen, die h\u00e4ufig nach dem Verschwinden von entz\u00fcndlichen Pickeln im Gesicht auftreten. Die Ausstrahlung des Teints wird wiederbelebt.<br \/>\nDiese Anti-Blemish-Lotion l\u00e4sst sich leicht in jede Hautpflege-Routine integrieren. Es kann ein- bis zweimal t\u00e4glich angewendet werden, solange die Haut vor der Anwendung der notwendigen Aknebehandlungen f\u00fcr erwachsene Frauen abgesp\u00fclt und getrocknet wird.&nbsp;<\/p>\n<div id=\"savoirplus\"><a href=\"https:\/\/hyfac.fr\/de\/sos-dermato\/4321-acne-de-la-femme-adulte\/\">En savoir plus sur l&#8217;acn\u00e9 de la femme adulte<\/a><\/div>\n<\/div>\n<div style=\"clear: both; float: none; display: block; visibility: hidden; width: 0px; font-size: 0px; line-height: 0;\">&nbsp;<\/div>\n<\/div>\n<\/div>\n<div id=\"compo-prd\">\n<div class=\"h2prd\">\n<h2><span style=\"color: #d0006d;\">ZUSAMMENSETZUNGEN <span style=\"font-size: 14pt;\">\/<\/span> ZUTATEN<\/span><\/h2>\n<\/div>\n<p><span style=\"color: #cebfb6;\">INCI : AQUA (WASSER), PROPANEDIOL, PEG-6 CAPRYLIC\/CAPRIC GLYCERIDES, PEG-7 GLYCERYL COCOATE, CAPRYLYL\/CAPRYL GLUCOSIDE, CAMELLIA SINENSIS LEAF EXTRACT, CODIUM TOMENTOSUM EXTRACT, BUTYLENE GLYCOL, HYDROXYETHYLCELLULOSE, TETRASODIUM GLUTAMATE DIACETATE, CITRIC ACID, PARFUM (DUFT), CETRIMONIUM BROMIDE.<\/span><\/p>\n<\/div>","protected":false},"excerpt":{"rendered":"<p>Bringt den Teint zum Strahlen, reinigt und entfernt Make-up.<\/p>","protected":false},"author":1,"featured_media":1788,"parent":47,"menu_order":0,"comment_status":"closed","ping_status":"closed","template":"page\/page-template-newprdwoman.php","meta":{"_mi_skip_tracking":false,"spay_email":""},"_links":{"self":[{"href":"https:\/\/hyfac.fr\/de\/wp-json\/wp\/v2\/pages\/1433"}],"collection":[{"href":"https:\/\/hyfac.fr\/de\/wp-json\/wp\/v2\/pages"}],"about":[{"href":"https:\/\/hyfac.fr\/de\/wp-json\/wp\/v2\/types\/page"}],"author":[{"embeddable":true,"href":"https:\/\/hyfac.fr\/de\/wp-json\/wp\/v2\/users\/1"}],"replies":[{"embeddable":true,"href":"https:\/\/hyfac.fr\/de\/wp-json\/wp\/v2\/comments?post=1433"}],"version-history":[{"count":77,"href":"https:\/\/hyfac.fr\/de\/wp-json\/wp\/v2\/pages\/1433\/revisions"}],"predecessor-version":[{"id":15025,"href":"https:\/\/hyfac.fr\/de\/wp-json\/wp\/v2\/pages\/1433\/revisions\/15025"}],"up":[{"embeddable":true,"href":"https:\/\/hyfac.fr\/de\/wp-json\/wp\/v2\/pages\/47"}],"wp:featuredmedia":[{"embeddable":true,"href":"https:\/\/hyfac.fr\/de\/wp-json\/wp\/v2\/media\/1788"}],"wp:attachment":[{"href":"https:\/\/hyfac.fr\/de\/wp-json\/wp\/v2\/media?parent=1433"}],"curies":[{"name":"wp","href":"https:\/\/api.w.org\/{rel}","templated":true}]}}