{"id":22,"date":"2016-04-20T16:59:25","date_gmt":"2016-04-20T14:59:25","guid":{"rendered":"http:\/\/hyfac.fr\/?page_id=22"},"modified":"2019-06-30T17:46:29","modified_gmt":"2019-06-30T15:46:29","slug":"nos-gammes","status":"publish","type":"page","link":"https:\/\/hyfac.fr\/de\/nos-gammes\/","title":{"rendered":"Unser Angebot"},"content":{"rendered":"<p style=\"text-align: justify;\"><img loading=\"lazy\" class=\"alignnone size-full wp-image-1598\" src=\"http:\/\/hyfac.fr\/wp-content\/uploads\/2016\/04\/Nos-Gammes.png\" alt=\"Nos-Gammes\" width=\"1776\" height=\"350\" srcset=\"https:\/\/hyfac.fr\/wp-content\/uploads\/2016\/04\/Nos-Gammes.png 1776w, https:\/\/hyfac.fr\/wp-content\/uploads\/2016\/04\/Nos-Gammes-300x59.png 300w, https:\/\/hyfac.fr\/wp-content\/uploads\/2016\/04\/Nos-Gammes-1024x202.png 1024w\" sizes=\"(max-width: 1776px) 100vw, 1776px\" \/><br \/>\n<a href=\"https:\/\/hyfac.fr\/de\/nos-gammes\/hyfac-classique\/\"><img loading=\"lazy\" id=\"logo-gamme-1\" class=\"alignleft wp-image-93\" src=\"http:\/\/hyfac.fr\/wp-content\/uploads\/2016\/04\/Logo-hyfac-ok-300x202.png\" alt=\"Logoo_HW\" width=\"160\" height=\"133\" \/><\/a><br \/>\n<strong>HYFAC ORIGINAL<\/strong>\u00a0ist eine Pflegelinie f\u00fcr junge Haut mit Unebenheiten. Mit \u00fcber 30 Jahren Erfahrung hat sich diese Linie zu einem Favoriten unter Dermatologen entwickelt.<\/p>\n<p><a id=\"link-gamme-classic\" href=\"https:\/\/hyfac.fr\/de\/nos-gammes\/hyfac-classique\/\">Entdecken Sie die Behandlungen &gt;&gt;&gt;<\/a><\/p>\n<p>&nbsp;<\/p>\n<div class=\"hr-hyfac\"><\/div>\n<p>&nbsp;<\/p>\n<p style=\"text-align: justify;\"><a href=\"https:\/\/hyfac.fr\/de\/nos-gammes\/hyfac-woman\/\"><img loading=\"lazy\" id=\"logo-gamme-2\" class=\"alignleft wp-image-93\" src=\"http:\/\/hyfac.fr\/wp-content\/uploads\/2016\/04\/logo_HW-300x249.png\" alt=\"Logoo_HW\" width=\"160\" height=\"133\" srcset=\"https:\/\/hyfac.fr\/wp-content\/uploads\/2016\/04\/logo_HW-300x249.png 300w, https:\/\/hyfac.fr\/wp-content\/uploads\/2016\/04\/logo_HW-1024x851.png 1024w, https:\/\/hyfac.fr\/wp-content\/uploads\/2016\/04\/logo_HW.png 1092w\" sizes=\"(max-width: 160px) 100vw, 160px\" \/><\/a><br \/>\n<strong>HYFAC WOMAN<\/strong>\u00a0ist eine Produktserie, die sich an Frauen mit unreiner Haut richtet. Sie werden von der Wirksamkeit, aber auch von der Sanftheit und dem Duft dieser Pflegemittel \u00fcberzeugt sein, die zu einem echten Vergn\u00fcgen im Alltag werden.<\/p>\n<p><a id=\"link-gamme-woman\" href=\"https:\/\/hyfac.fr\/de\/nos-gammes\/hyfac-woman\/\">Entdecken Sie die Behandlungen &gt;&gt;&gt;<\/a><\/p>\n<p>&nbsp;<\/p>\n<div class=\"hr-hyfac\"><\/div>\n<p>&nbsp;<\/p>\n<p style=\"text-align: justify;\"><a href=\"https:\/\/hyfac.fr\/de\/nos-gammes\/hydrafac\/\"><img loading=\"lazy\" id=\"logo-gamme-3\" class=\"alignleft wp-image-2463\" src=\"http:\/\/hyfac.fr\/wp-content\/uploads\/2018\/02\/logo_hyfac_hydrafac.png\" alt=\"Logo Hydrafac\" width=\"160\" height=\"135\" srcset=\"https:\/\/hyfac.fr\/wp-content\/uploads\/2018\/02\/logo_hyfac_hydrafac.png 1674w, https:\/\/hyfac.fr\/wp-content\/uploads\/2018\/02\/logo_hyfac_hydrafac-300x253.png 300w, https:\/\/hyfac.fr\/wp-content\/uploads\/2018\/02\/logo_hyfac_hydrafac-1024x865.png 1024w\" sizes=\"(max-width: 160px) 100vw, 160px\" \/><\/a><br \/>\n<strong>HYDRAFAC<\/strong>\u00a0est une gamme de produits d&#8217;hydratation pour tous type de peaux, qu&#8217;elles soient s\u00e8ches, normales ou mixtes.\u00a0Elle se compose d&#8217;une cr\u00e8me riche pour l&#8217;hiver, une cr\u00e8me l\u00e9g\u00e8re pour l&#8217;\u00e9t\u00e9 ainsi qu&#8217;un baume \u00e0 l\u00e8vres.<\/p>\n<p><a id=\"link-gamme-hydrafac\" href=\"https:\/\/hyfac.fr\/de\/nos-gammes\/hydrafac\/\">Entdecken Sie die Behandlungen &gt;&gt;&gt;<\/a><\/p>\n<p>&nbsp;<\/p>\n<div class=\"hr-hyfac\"><\/div>\n<p>&nbsp;<\/p>\n<p style=\"text-align: justify;\"><a href=\"https:\/\/hyfac.fr\/de\/nos-gammes\/clarifac-soin-anti-taches\/\"><img loading=\"lazy\" id=\"logo-gamme-6\" class=\"alignleft wp-image-2820\" src=\"http:\/\/hyfac.fr\/wp-content\/uploads\/2018\/02\/logo_hyfac_clarifac.jpg\" alt=\"logo_hyfac_clarifac\" width=\"160\" height=\"135\" srcset=\"https:\/\/hyfac.fr\/wp-content\/uploads\/2018\/02\/logo_hyfac_clarifac.jpg 1674w, https:\/\/hyfac.fr\/wp-content\/uploads\/2018\/02\/logo_hyfac_clarifac-300x253.jpg 300w, https:\/\/hyfac.fr\/wp-content\/uploads\/2018\/02\/logo_hyfac_clarifac-1024x865.jpg 1024w\" sizes=\"(max-width: 160px) 100vw, 160px\" \/><\/a><br \/>\n<strong>CLARIFAC<\/strong> ist eine Anti-Pickel-Behandlung, die speziell f\u00fcr Haut mit Pigmentflecken entwickelt wurde. Dank seiner verschiedenen pflanzlichen Wirkstoffe hellt es Ihre Haut auf, spendet Feuchtigkeit und sch\u00fctzt sie t\u00e4glich.<\/p>\n<p><a id=\"link-gamme-clarifac\" href=\"https:\/\/hyfac.fr\/de\/nos-gammes\/clarifac-soin-anti-taches\/\">Entdecken Sie die Behandlungen &gt;&gt;&gt;<\/a><\/p>\n<p>&nbsp;<\/p>\n<div class=\"hr-hyfac\"><\/div>\n<p>&nbsp;<\/p>\n<p style=\"text-align: justify;\"><a href=\"https:\/\/hyfac.fr\/de\/nos-gammes\/fotoker-creme-dermatologique\/\"><img loading=\"lazy\" id=\"logo-gamme-5\" class=\"alignleft wp-image-2613\" src=\"http:\/\/hyfac.fr\/wp-content\/uploads\/2018\/02\/logo_hyfac_fotoker.jpg\" alt=\"Fotoker-Logo\" width=\"160\" height=\"135\" srcset=\"https:\/\/hyfac.fr\/wp-content\/uploads\/2018\/02\/logo_hyfac_fotoker.jpg 1674w, https:\/\/hyfac.fr\/wp-content\/uploads\/2018\/02\/logo_hyfac_fotoker-300x253.jpg 300w, https:\/\/hyfac.fr\/wp-content\/uploads\/2018\/02\/logo_hyfac_fotoker-1024x865.jpg 1024w\" sizes=\"(max-width: 160px) 100vw, 160px\" \/><\/a><br \/>\n<strong>FOTOKER<\/strong> (Medizinprodukt) ist eine pr\u00e4ventive Behandlung f\u00fcr Sonnensch\u00e4den, die eine doppelte Wirkung von Reparatur und Pr\u00e4vention bietet, indem sie Photolyase, ein DNA-Reparaturenzym in epidermalen Zellen, mit einem Breitspektrum-Sonnenschutzmittel kombiniert.<\/p>\n<p><a id=\"link-gamme-fotoker\" href=\"https:\/\/hyfac.fr\/de\/nos-gammes\/fotoker-creme-dermatologique\/\">Entdecken Sie die Behandlungen &gt;&gt;&gt;<\/a><\/p>\n<p>&nbsp;<\/p>\n<div class=\"hr-hyfac\"><\/div>\n<p>&nbsp;<\/p>\n<p style=\"text-align: justify;\">\n<a href=\"https:\/\/hyfac.fr\/de\/nos-gammes\/hyfac-sun\/\"><img loading=\"lazy\" id=\"logo-gamme-5\" class=\"alignleft wp-image-2621\" src=\"https:\/\/hyfac.fr\/wp-content\/uploads\/2018\/02\/logo_hyfac_sun.jpg\" alt=\"hyfacsun-Logo\" width=\"160\" height=\"135\" srcset=\"https:\/\/hyfac.fr\/wp-content\/uploads\/2018\/02\/logo_hyfac_sun.jpg 1674w, https:\/\/hyfac.fr\/wp-content\/uploads\/2018\/02\/logo_hyfac_sun-300x253.jpg 300w, https:\/\/hyfac.fr\/wp-content\/uploads\/2018\/02\/logo_hyfac_sun-1024x865.jpg 1024w\" sizes=\"(max-width: 160px) 100vw, 160px\" \/><\/a><br \/>\n<strong>HYFAC SUN<\/strong> ist eine Reihe von sehr hohen Sonnenschutzprodukten (SPF 50+) mit doppelter Wirksamkeit. Ob unsichtbar oder get\u00f6nt, unsere beiden Formeln sch\u00fctzen die Haut dank ihrer Anti-Pollution-Eigenschaften vor Sonnenstrahlen (UVB und UVA) und \u00e4u\u00dferen Aggressionen.<\/p>\n<p><a id=\"link-gamme-hyfacsun\" href=\"https:\/\/hyfac.fr\/de\/nos-gammes\/hyfac-sun\/\">Entdecken Sie die Behandlungen &gt;&gt;&gt;<\/a><\/p>","protected":false},"excerpt":{"rendered":"<p>HYFAC ORIGINAL\u00a0est une gamme de soins pour les peaux jeunes \u00e0 imperfections. Avec plus de 30 ans d\u2019exp\u00e9rience, cette gamme est devenue l\u2019une des favorites des dermatologues. D\u00e9couvrir les soins &gt;&gt;&gt; &nbsp; &nbsp; HYFAC WOMAN\u00a0est une gamme de soins d\u00e9di\u00e9s aux femmes ayant une peau \u00e0 imperfections. Vous serez conquises par l\u2019efficacit\u00e9 mais aussi par\u2026 <a class='lire-suite' href=\"https:\/\/hyfac.fr\/de\/nos-gammes\/\">Mehr lesen &gt;&gt;&gt;<\/a><\/p>","protected":false},"author":1,"featured_media":0,"parent":0,"menu_order":1,"comment_status":"closed","ping_status":"closed","template":"page\/page-template-defaulthyfac.php","meta":{"_mi_skip_tracking":false,"spay_email":""},"_links":{"self":[{"href":"https:\/\/hyfac.fr\/de\/wp-json\/wp\/v2\/pages\/22"}],"collection":[{"href":"https:\/\/hyfac.fr\/de\/wp-json\/wp\/v2\/pages"}],"about":[{"href":"https:\/\/hyfac.fr\/de\/wp-json\/wp\/v2\/types\/page"}],"author":[{"embeddable":true,"href":"https:\/\/hyfac.fr\/de\/wp-json\/wp\/v2\/users\/1"}],"replies":[{"embeddable":true,"href":"https:\/\/hyfac.fr\/de\/wp-json\/wp\/v2\/comments?post=22"}],"version-history":[{"count":85,"href":"https:\/\/hyfac.fr\/de\/wp-json\/wp\/v2\/pages\/22\/revisions"}],"predecessor-version":[{"id":7353,"href":"https:\/\/hyfac.fr\/de\/wp-json\/wp\/v2\/pages\/22\/revisions\/7353"}],"wp:attachment":[{"href":"https:\/\/hyfac.fr\/de\/wp-json\/wp\/v2\/media?parent=22"}],"curies":[{"name":"wp","href":"https:\/\/api.w.org\/{rel}","templated":true}]}}