{"id":24,"date":"2016-04-20T16:59:46","date_gmt":"2016-04-20T14:59:46","guid":{"rendered":"http:\/\/hyfac.fr\/?page_id=24"},"modified":"2020-12-08T08:54:00","modified_gmt":"2020-12-08T07:54:00","slug":"le-laboratoire","status":"publish","type":"page","link":"https:\/\/hyfac.fr\/de\/le-laboratoire\/","title":{"rendered":"Das Labor"},"content":{"rendered":"<h1><img loading=\"lazy\" class=\"alignnone size-full wp-image-1596\" src=\"http:\/\/hyfac.fr\/wp-content\/uploads\/2016\/04\/Le-Laboratoire.png\" alt=\"Das Labor\" width=\"1776\" height=\"350\" srcset=\"https:\/\/hyfac.fr\/wp-content\/uploads\/2016\/04\/Le-Laboratoire.png 1776w, https:\/\/hyfac.fr\/wp-content\/uploads\/2016\/04\/Le-Laboratoire-300x59.png 300w, https:\/\/hyfac.fr\/wp-content\/uploads\/2016\/04\/Le-Laboratoire-1024x202.png 1024w\" sizes=\"(max-width: 1776px) 100vw, 1776px\" \/><\/h1>\n<h2><span style=\"color: #68153d;\">UNSERE DERMATOLOGIE-EXPERTEN<\/span><\/h2>\n<div class=\"hr-hyfac hr-hyfac-labo\"><\/div>\n<p style=\"text-align: justify;\"><img loading=\"lazy\" class=\"alignleft size-medium wp-image-1660\" src=\"http:\/\/hyfac.fr\/wp-content\/uploads\/2016\/04\/illus_dermato_hyfac-259x300.png\" alt=\"illus_dermato_hyfac\" width=\"259\" height=\"300\" srcset=\"https:\/\/hyfac.fr\/wp-content\/uploads\/2016\/04\/illus_dermato_hyfac-259x300.png 259w, https:\/\/hyfac.fr\/wp-content\/uploads\/2016\/04\/illus_dermato_hyfac-883x1024.png 883w, https:\/\/hyfac.fr\/wp-content\/uploads\/2016\/04\/illus_dermato_hyfac.png 1545w\" sizes=\"(max-width: 259px) 100vw, 259px\" \/><\/p>\n<p style=\"text-align: justify;\">Seit der Erstellung des\u00a0<a href=\"https:\/\/www.moulinroyalcosmetics.com\">Laboratoires Moulin Royal Cosmetics<\/a>Unser Wunsch war es, eine privilegierte Beziehung zu Dermatologen aufzubauen. Wir haben die gleiche Leitlinie: die Bed\u00fcrfnisse der Patienten mit sicheren, wirksamen und gut vertr\u00e4glichen Produkten zu erf\u00fcllen. Im Laufe der Jahre ist diese Partnerschaft gewachsen und heute arbeiten wir Hand in Hand mit unseren Dermatologen. Gemeinsam entwickeln wir neue dermo-kosmetische Sortimente in mehreren Bereichen (<a href=\"https:\/\/hyfac.fr\/de\/nos-gammes\/hyfac-woman\/\">Akne bei Frauen<\/a>, <a href=\"https:\/\/hyfac.fr\/de\/nos-gammes\/hydrafac\/\">Hydratation<\/a>etc.).<\/p>\n<p style=\"text-align: justify;\">Wir haben mit ihnen auch einen \"SOS Dermato\"-Bereich aufgebaut, in dem wir die Fragen der Verbraucher zum Thema Haut beantworten k\u00f6nnen. Jeden Monat finden Sie auf unserer Website und in unseren sozialen Netzwerken Ratschl\u00e4ge von unseren Dermatologen-Experten zu verschiedenen Themen: Akne &amp; Hautprobleme, Hautprobleme, Hautprobleme, Hautprobleme, Hautprobleme. <a href=\"https:\/\/hyfac.fr\/de\/conseils-dermato\/1287-lacne-et-lalimentation\/\">Netzger\u00e4t<\/a>Akne &amp; <a href=\"https:\/\/hyfac.fr\/de\/conseils-dermato\/1289-lacne-et-la-contraception\/\">Verh\u00fctung<\/a>, <a href=\"https:\/\/hyfac.fr\/de\/sos-dermato\/4326-hydratation-de-la-peau\/\">Hydratation<\/a>, <a href=\"https:\/\/hyfac.fr\/de\/sos-dermato\/4324-le-soleil-et-la-peau\/\">Haut und Sonne<\/a>und vieles mehr.<\/p>\n<p style=\"text-align: justify;\">Schlie\u00dflich reisen wir regelm\u00e4\u00dfig durch ganz Frankreich, um neu ver\u00f6ffentlichte wissenschaftliche Artikel mit Dermatologen zu diskutieren. Diese Treffen werden \"Wissenschaftliche Caf\u00e9s\" genannt.<\/p>\n<p>&nbsp;<\/p>\n<h2><span style=\"color: #68153d;\">LA CREATION D&#8217;HYFAC<\/span><\/h2>\n<div class=\"hr-hyfac hr-hyfac-labo\"><\/div>\n<p><img loading=\"lazy\" class=\"alignleft size-medium wp-image-1661\" src=\"http:\/\/hyfac.fr\/wp-content\/uploads\/2016\/04\/labo_hyfac_1-300x200-300x200.jpg\" alt=\"labo_hyfac_1-300x200\" width=\"300\" height=\"200\" \/><\/p>\n<p style=\"text-align: justify;\">Die Geschichte beginnt im Jahr 1984 in einem Labor. Alice arbeitete als Chemikerin an der Entwicklung eines Shampoos. Nachdem sie das Shampoo mehrere Tage lang getestet hatte, stellte sie fest, dass ihre Haut auf der Stirn, in einem Bereich nahe der Kopfhaut, klarer und weniger fettig erschien. Alice und ihre Forschungsfreunde machen sich an die Arbeit, um den Ursprung dieser erhabenen Aktion zu ermitteln. Die Ergebnisse zeigten, dass Piroctone Olamine f\u00fcr diese positive Wirkung auf die Haut verantwortlich war. Nach dieser zuf\u00e4lligen, aber vielversprechenden Entdeckung beschloss das Labor, auf der Basis von Piroctone Olamine Originalrezepturen zu entwickeln, die der zu Akne neigenden Haut helfen sollten.<\/p>\n<p style=\"text-align: justify;\">So entstand das Folgende <span style=\"color: #68153d;\"><strong>HYFAC<\/strong><\/span> <a href=\"https:\/\/hyfac.fr\/de\/nos-gammes\/hyfac-classique\/\">Pflege f\u00fcr junge Haut<\/a>. Eine Reihe von <span style=\"color: #68153d;\"><strong>einfach<\/strong>, <strong>effektiv<\/strong><\/span>mit <span style=\"color: #68153d;\"><strong>ausgewiesene Verm\u00f6genswerte<\/strong><\/span>.<\/p>\n<p style=\"text-align: justify;\">Bei HYFAC geht es darum, sich bewusst zu machen, dass das Leben mit Akne schwierig sein kann, dass sie in der Pubert\u00e4t auftritt und lange Zeit braucht, um zu verschwinden. Akne ist eine Krankheit, die <span style=\"color: #68153d;\"><strong>umfassende Pflege<\/strong><\/span> mit guten Produkten, sondern auch mit einem angepassten Lebensstil. Deshalb hilft HYFAC Ihnen, Ihre Krankheit zu verstehen.<\/p>\n<p style=\"text-align: justify;\">Mit einem erfahrenen Team von <span style=\"color: #68153d;\"><strong>Dermatologen<\/strong><\/span>von <span style=\"color: #68153d;\"><strong>Apotheker<\/strong><\/span> und jungen Menschen hat Laboratoire Moulin Royal Cosmetics immer wieder neue dermo-kosmetische Serien entwickelt, die an jedes Bed\u00fcrfnis und jeden Lebensstil angepasst sind.<\/p>\n<p>&nbsp;<\/p>\n<h2><span style=\"color: #68153d;\">VERHALTENSKODEX<\/span><\/h2>\n<div class=\"hr-hyfac hr-hyfac-labo\"><\/div>\n<p><img loading=\"lazy\" class=\"alignright wp-image-436\" src=\"http:\/\/hyfac.fr\/wp-content\/uploads\/2015\/07\/labo_hyfac_3.jpg\" alt=\"labo_hyfac\" width=\"250\" height=\"375\" \/>Wir verpflichten uns, unsere Charta der Intelligenz und kosmetischen Anforderungen zu respektieren:<\/p>\n<ul>\n<li style=\"text-align: justify;\">Innovation und <span style=\"color: #68153d;\"><strong>Suche nach maximaler Qualit\u00e4t<\/strong><\/span> muss auf allen Ebenen vorhanden sein, vom Design bis zum Vertrieb.<\/li>\n<li style=\"text-align: justify;\">Unsere Inhalts- und Wirkstoffe unterliegen den<span style=\"color: #68153d;\"><strong>umfangreiche Grundlagenstudien<\/strong><\/span> f\u00fcr deren Entwicklung.<\/li>\n<li style=\"text-align: justify;\">Die technische Qualit\u00e4t unserer <span style=\"color: #68153d;\"><strong>Liefersysteme<\/strong><\/span> erm\u00f6glicht bei den meisten unserer Produkte den Verzicht auf den Kontakt mit der Umgebungsluft (Airless-Systeme).<\/li>\n<li style=\"text-align: justify;\">Die Realisierung von<span style=\"color: #68153d;\"><strong>klinische Studien<\/strong><\/span> ist f\u00fcr alle unsere Referenzen vorgesehen. Sie wird von dermatologischen Untersuchern durchgef\u00fchrt.<\/li>\n<li style=\"text-align: justify;\">Die <a href=\"https:\/\/hyfac.fr\/de\/pres-de-chez-vous\/\">Verteilung<\/a> in <span style=\"color: #68153d;\"><strong>Apotheke und Parapharmazie<\/strong><\/span> ist unsere Marketingwahl.<\/li>\n<li style=\"text-align: justify;\">Schlie\u00dflich ist unser Ziel der Entwicklung im<span style=\"color: #68153d;\"><strong>international<\/strong><\/span> unterstreicht unser Bestreben nach strenger Qualit\u00e4t.<\/li>\n<\/ul>\n<p>&nbsp;<\/p>\n<h2><span style=\"color: #68153d;\">EINE INTERNATIONALE PR\u00c4SENZ<\/span><\/h2>\n<div class=\"hr-hyfac hr-hyfac-labo\"><\/div>\n<p><img loading=\"lazy\" class=\"aligncenter size-full wp-image-4704\" src=\"https:\/\/hyfac.fr\/wp-content\/uploads\/2018\/05\/carte_monde_vierge_frontiere_pays_continent_hyfac_toutes_gammes.jpg\" alt=\"\" width=\"1839\" height=\"878\" srcset=\"https:\/\/hyfac.fr\/wp-content\/uploads\/2018\/05\/carte_monde_vierge_frontiere_pays_continent_hyfac_toutes_gammes.jpg 1839w, https:\/\/hyfac.fr\/wp-content\/uploads\/2018\/05\/carte_monde_vierge_frontiere_pays_continent_hyfac_toutes_gammes-300x143.jpg 300w, https:\/\/hyfac.fr\/wp-content\/uploads\/2018\/05\/carte_monde_vierge_frontiere_pays_continent_hyfac_toutes_gammes-1024x489.jpg 1024w\" sizes=\"(max-width: 1839px) 100vw, 1839px\" \/><\/p>\n<h2><\/h2>\n<p style=\"text-align: center;\">F\u00fcr weitere Informationen besuchen Sie bitte : <a href=\"https:\/\/www.moulinroyalcosmetics.com\">www.moulinroyalcosmetics.com<\/a><\/p>","protected":false},"excerpt":{"rendered":"<p>NOS EXPERTS DERMATOLOGUES D\u00e8s la cr\u00e9ation des\u00a0Laboratoires Moulin Royal Cosmetics, notre souhait a \u00e9t\u00e9 de nouer avec les dermatologues des relations privil\u00e9gi\u00e9es. Nous avons la m\u00eame ligne de conduite\u00a0: r\u00e9pondre aux besoins des patients avec des produits s\u00fbrs, efficaces et bien tol\u00e9r\u00e9s. Au fil des ann\u00e9es, ce partenariat s\u2019amplifia et nous travaillons aujourd\u2019hui main dans\u2026 <a class='lire-suite' href=\"https:\/\/hyfac.fr\/de\/le-laboratoire\/\">Mehr lesen &gt;&gt;&gt;<\/a><\/p>","protected":false},"author":1,"featured_media":0,"parent":0,"menu_order":4,"comment_status":"closed","ping_status":"closed","template":"page\/page-template-defaulthyfac.php","meta":{"_mi_skip_tracking":false,"spay_email":""},"_links":{"self":[{"href":"https:\/\/hyfac.fr\/de\/wp-json\/wp\/v2\/pages\/24"}],"collection":[{"href":"https:\/\/hyfac.fr\/de\/wp-json\/wp\/v2\/pages"}],"about":[{"href":"https:\/\/hyfac.fr\/de\/wp-json\/wp\/v2\/types\/page"}],"author":[{"embeddable":true,"href":"https:\/\/hyfac.fr\/de\/wp-json\/wp\/v2\/users\/1"}],"replies":[{"embeddable":true,"href":"https:\/\/hyfac.fr\/de\/wp-json\/wp\/v2\/comments?post=24"}],"version-history":[{"count":48,"href":"https:\/\/hyfac.fr\/de\/wp-json\/wp\/v2\/pages\/24\/revisions"}],"predecessor-version":[{"id":14760,"href":"https:\/\/hyfac.fr\/de\/wp-json\/wp\/v2\/pages\/24\/revisions\/14760"}],"wp:attachment":[{"href":"https:\/\/hyfac.fr\/de\/wp-json\/wp\/v2\/media?parent=24"}],"curies":[{"name":"wp","href":"https:\/\/api.w.org\/{rel}","templated":true}]}}