{"id":2441,"date":"2018-02-14T00:39:05","date_gmt":"2018-02-13T23:39:05","guid":{"rendered":"http:\/\/hyfac.fr\/?page_id=2441"},"modified":"2022-02-10T01:32:37","modified_gmt":"2022-02-10T00:32:37","slug":"creme-legere","status":"publish","type":"page","link":"https:\/\/hyfac.fr\/de\/nos-gammes\/hydrafac\/creme-legere\/","title":{"rendered":"Creme hell"},"content":{"rendered":"<div style=\"width: 960px;\"><\/div>\n<div id=\"prd\">\n<div class=\"csRow\">\n<div class=\"csColumn\" style=\"margin: 0px; padding: 0px; float: left; width: 47%;\" data-csstartpoint=\"0\" data-csendpoint=\"470\" data-cswidth=\"47.0%\" data-csid=\"beb42ad8-6bfd-a029-8282-bd93ae120b4d\">\n<style type=\"text\/css\">#soliloquy-container-5185 .soliloquy-pager{bottom: 10px;}<\/style><div class=\"soliloquy-outer-container\" data-soliloquy-loaded=\"0\"><div aria-live=\"polite\" id=\"soliloquy-container-5308\" class=\"soliloquy-container soliloquy-transition-horizontal soliloquy-slide-horizontal soliloquy-controls-active slider-img-prd soliloquy-theme-base\" style=\"max-width:390px;max-height:600px;margin:0 auto 20px;max-width:100%;max-height:none;\"><ul id=\"soliloquy-5308\" class=\"soliloquy-slider soliloquy-slides soliloquy-wrap soliloquy-clear\"><li aria-hidden=\"true\" class=\"soliloquy-item soliloquy-item-1 soliloquy-id-5552 soliloquy-image-slide\" draggable=\"false\" style=\"list-style:none;\"><img id=\"soliloquy-image-5552\" class=\"soliloquy-image soliloquy-image-1\" src=\"https:\/\/hyfac.fr\/wp-content\/uploads\/2018\/09\/Diapositive23-390x600_c.jpeg\" alt=\"HYDRAFAC reichhaltige leichte Feuchtigkeitspflege f\u00fcr normale bis Mischhaut\" \/><\/li><li aria-hidden=\"true\" class=\"soliloquy-item soliloquy-item-2 soliloquy-id-5553 soliloquy-image-slide\" draggable=\"false\" style=\"list-style:none;\"><img id=\"soliloquy-image-5553\" class=\"soliloquy-image soliloquy-image-2 soliloquy-preload\" src=\"https:\/\/hyfac.fr\/wp-content\/plugins\/soliloquy\/assets\/css\/images\/holder.gif\" data-soliloquy-src=\"https:\/\/hyfac.fr\/wp-content\/uploads\/2018\/09\/Diapositive24-390x600_c.jpeg\" alt=\"HYDRAFAC reichhaltige leichte Feuchtigkeitspflege f\u00fcr normale bis Mischhaut\" \/><\/li><\/ul><\/div><noscript><style type=\"text\/css\" scoped>#soliloquy-container-5308{opacity:1}#soliloquy-container-5308 li > .soliloquy-caption{display:none}#soliloquy-container-5308 li:first-child > .soliloquy-caption{display:block}<\/style><div class=\"soliloquy-no-js\" style=\"display:none;visibility:hidden;height:0;line-height:0;opacity:0;\"><img class=\"soliloquy-image soliloquy-no-js-image\" src=\"https:\/\/hyfac.fr\/wp-content\/uploads\/2018\/09\/Diapositive23.jpeg\" alt=\"HYDRAFAC reichhaltige leichte Feuchtigkeitspflege f\u00fcr normale bis Mischhaut\" \/><img class=\"soliloquy-image soliloquy-no-js-image\" src=\"https:\/\/hyfac.fr\/wp-content\/uploads\/2018\/09\/Diapositive24.jpeg\" alt=\"HYDRAFAC reichhaltige leichte Feuchtigkeitspflege f\u00fcr normale bis Mischhaut\" \/><\/div><\/noscript><\/div>\n<\/div>\n<div class=\"csColumnGap\" style=\"margin: 0px; padding: 0px; float: left; width: 3.7%;\"><img style=\"border: none;\" src=\"https:\/\/hyfac.fr\/wp-content\/plugins\/advanced-wp-columns\/assets\/js\/plugins\/views\/img\/1x1-pixel.png\" \/><\/div>\n<div class=\"csColumn\" style=\"margin: 0px; padding: 0px; float: left; width: 49.3%;\" data-csstartpoint=\"507\" data-csendpoint=\"1000\" data-cswidth=\"49.3%\" data-csid=\"56e6cac6-63f3-6945-9ddf-f20a5ec7912c\">\n<h1><span style=\"color: #0075b2; line-height: 35px;\">CREAM LIGHT<\/span><\/h1>\n<p><span style=\"color: #0075b2;\">HYDRAFAC-Reihe<\/span><br \/>\n40ml-Tube<\/p>\n<p><br \/>\nFeuchtigkeitsspendende Gesichtspflege f\u00fcr normale Haut bis Mischhaut. Verbessert die Erneuerung der Epidermis und sch\u00fctzt die Haut nachhaltig.<\/p>\n<ul id=\"ulprd\">\n<li><img class=\"logo-prd\" src=\"\/wp-content\/uploads\/2018\/09\/Hydrate.png\" alt=\"Befeuchtet\" width=\"50\" \/><br \/>\nHYDRATE<\/li>\n<li><img class=\"logo-prd\" src=\"\/wp-content\/uploads\/2018\/09\/Protege.png\" alt=\"Sch\u00fctzt\" width=\"50\" \/><br \/>\nSCH\u00dcTZEN<\/li>\n<li><img class=\"logo-prd\" src=\"\/wp-content\/uploads\/2018\/08\/lisse.png\" alt=\"Glatt\" width=\"50\" \/><br \/>\nSMOOTH<\/li>\n<li><img class=\"logo-prd\" src=\"\/wp-content\/uploads\/2018\/09\/Confort.png\" alt=\"Komfort\" width=\"50\" \/><br \/>\nKOMFORT<\/li>\n<\/ul>\n<ul id=\"ulprd-link\">\n<li><p class=\"product woocommerce add_to_cart_inline\" style=\"border:4px solid #ccc; padding: 12px;\"><span class=\"woocommerce-Price-amount amount\"><bdi>11,50&nbsp;<span class=\"woocommerce-Price-currencySymbol\">\u20ac<\/span><\/bdi><\/span><a href=\"?add-to-cart=14931\" data-quantity=\"1\" class=\"button product_type_simple add_to_cart_button ajax_add_to_cart\" data-product_id=\"14931\" data-product_sku=\"\" aria-label=\"\u201eHydrafac - Cr\u00e8me L\u00e9g\u00e8re\u201c zu deinem Warenkorb hinzuf\u00fcgen\" rel=\"nofollow\" data-no-translation=\"\" data-trp-gettext=\"\" data-no-translation-aria-label=\"\">In den Warenkorb<\/a><\/p><\/li>\n<li><\/li>\n<li><a href=\"https:\/\/hyfac.fr\/de\/pres-de-chez-vous\/\"><img class=\"img2\" src=\"\/wp-content\/uploads\/2018\/06\/logo-map-e1530138886120.png\" alt=\"loc\" \/>Finden Sie eine Verkaufsstelle<\/a><\/li>\n<\/ul>\n<ul id=\"ulprd-link\">\n<li class=\"infotri\"><span class=\"spantri\">Entdecken Sie unsere Sortieranleitung<\/span><br \/>\n<img class=\"imgtri\" src=\"https:\/\/hyfac.fr\/wp-content\/uploads\/2020\/12\/HYDRAFAC-Creme-legere.png\" \/><\/li>\n<\/ul>\n<\/div>\n<div style=\"clear: both; float: none; display: block; visibility: hidden; width: 0px; font-size: 0px; line-height: 0;\"><\/div>\n<\/div>\n<\/div>\n<div id=\"descript-prd\">Die feuchtigkeitsspendende Gesichtscreme HYDRAFAC l\u00e9g\u00e8re verleiht der Epidermis ein sofortiges und lang anhaltendes Feuchtigkeitsgef\u00fchl und \"boostet\" die Feuchtigkeitsfunktion der Haut. Angereichert mit <strong>Anlageng\u00fcter<\/strong>seine Formel verbessert die <strong>Erneuerung der Epidermis<\/strong> um den Schutz der Hautbarriere aufrechtzuerhalten. Bei t\u00e4glicher Anwendung gl\u00e4ttet es das Hautbild und l\u00e4sst den Teint strahlen. <strong>neuer Skin-Effekt<\/strong>. Seine schmelzende und nicht fettende Textur beruhigt die Haut sofort und verleiht ihr ein Gef\u00fchl von Frische und Komfort. Empfohlen f\u00fcr <strong>normale bis Mischhaut<\/strong>Es ist auch ideal als Make-up-Unterlage geeignet.<\/div>\n<div id=\"menu-prdnew\">\n<ul>\n<li><a id=\"lienmenuconseil\" href=\"#prd\">ANWENDUNGSTIPPS<\/a><\/li>\n<li><a id=\"lienmenuactifs\" href=\"#conseil-prd\">AKTIVA<\/a><\/li>\n<li><a id=\"lienmenucmplt\" href=\"#actifs-prd\">KOMPLEMENT\u00c4RPRODUKTE<\/a><\/li>\n<li><a id=\"lienmenusavoir\" href=\"#cmplt-prd\">MEHR LERNEN<\/a><\/li>\n<li><a id=\"lienmenucompo\" href=\"#savoir-prd\">ZUSAMMENSETZUNG<\/a><\/li>\n<\/ul>\n<\/div>\n<div id=\"conseil-prd\">\n<div class=\"csRow\">\n<div class=\"csColumn\" style=\"margin: 0px; padding: 0px; float: left; width: 70.8%;\" data-csstartpoint=\"0\" data-csendpoint=\"680\" data-cswidth=\"70.8%\" data-csid=\"7ce9a14c-d45b-a3f2-987b-63fd249cc312\">\n<p><span style=\"color: #0075b2;\">WIE VERWENDE ICH DIE FEUCHTIGKEITSCREME HYDRAFAC LIGHT?<\/span><\/p>\n<p>Morgens und\/oder abends auf Gesicht und Hals auftragen, nachdem die Haut gr\u00fcndlich mit dem <a href=\"https:\/\/hyfac.fr\/de\/nos-gammes\/hyfac-classique\/gel-nettoyant-purifiant\/\">HYFAC Original Reinigendes Reinigungsgel<\/a>. Ideal als Make-up-Unterlage.<\/p>\n<p>Die Feuchtigkeitscreme f\u00fcr das Gesicht f\u00fcr normale bis Mischhaut HYDRAFAC L\u00e9g\u00e8re spendet Feuchtigkeit und beruhigt die Haut. Ihre feine, nicht fettende Textur l\u00f6scht den Durst der Haut sofort nach dem Auftragen und verleiht ihr Geschmeidigkeit, Zartheit und Ausstrahlung. Die Haut erh\u00e4lt ihre ganze Frische zur\u00fcck. Ohne fettiges Finish.<\/p>\n<\/div>\n<div class=\"csColumnGap\" style=\"margin: 0px; padding: 0px; float: left; width: 1.56%;\"><img style=\"border: none;\" src=\"https:\/\/hyfac.fr\/wp-content\/plugins\/advanced-wp-columns\/assets\/js\/plugins\/views\/img\/1x1-pixel.png\" \/><\/div>\n<div class=\"csColumn\" style=\"margin: 0px; padding: 0px; float: left; width: 27.6%;\" data-csstartpoint=\"695\" data-csendpoint=\"960\" data-cswidth=\"27.6%\" data-csid=\"2de6301b-fc0e-6c4c-b16e-671973f34d15\">\n<p><img loading=\"lazy\" class=\"aligncenter wp-image-5140\" src=\"https:\/\/hyfac.fr\/wp-content\/uploads\/2018\/07\/conseil-250x250.png\" alt=\"\" width=\"180\" height=\"181\" srcset=\"https:\/\/hyfac.fr\/wp-content\/uploads\/2018\/07\/conseil-250x250.png 250w, https:\/\/hyfac.fr\/wp-content\/uploads\/2018\/07\/conseil-298x300.png 298w, https:\/\/hyfac.fr\/wp-content\/uploads\/2018\/07\/conseil.png 308w\" sizes=\"(max-width: 180px) 100vw, 180px\" \/><\/p>\n<\/div>\n<div style=\"clear: both; float: none; display: block; visibility: hidden; width: 0px; font-size: 0px; line-height: 0;\"><\/div>\n<\/div>\n<\/div>\n<div id=\"actifs-prd\">\n<div class=\"h2prd\">\n<h2><span style=\"color: #0075b2;\">SCHWERPUNKTVERM\u00d6GEN<\/span><\/h2>\n<\/div>\n<p><span style=\"color: #0075b2;\">Ginster-Extrakte<\/span><br \/>\nVersorgt die Haut sofort und lang anhaltend mit Feuchtigkeit.<\/p>\n<p><span style=\"color: #0075b2;\">Exopolysaccharide\u00a0<\/span><br \/>\nVerbessert die nat\u00fcrliche Erneuerung der Epidermis und st\u00e4rkt das Abwehrsystem der Haut.<\/p>\n<p><span style=\"color: #0075b2;\">Glyzerin<\/span><br \/>\nStellt die Hautbarriere wieder her und h\u00e4lt die Haut l\u00e4nger mit Feuchtigkeit versorgt. Glycerin ist ein starker Feuchtigkeitsspender, der ein Vielfaches seines Gewichts an Wasser binden kann.<\/p>\n<\/div>\n<div id=\"cmplt-prd\">\n<div class=\"h2prd\">\n<h2><span style=\"color: #0075b2;\">KOMPLEMENT\u00c4RPRODUKTE<\/span><\/h2>\n<\/div>\n<style type=\"text\/css\">#soliloquy-container-5438 .soliloquy-prev{left: -60px;background-color:#0075b2;}#soliloquy-container-5438 .soliloquy-next{right: -60px;background-color:#0075b2;}#soliloquy-container-5438 .soliloquy-image{background: #f3f3f3;border: 1px solid #ddd;padding:3px;}#soliloquy-container-5438 .soliloquy-viewport{height: 260px !important;}#soliloquy-container-5438 .soliloquy-caption-bottom{position: relative;}#soliloquy-container-5438 .soliloquy-caption-inside{color:#CEBFB6; text-shadow:none;background:none;}@media only screen and (max-width: 1000px){#soliloquy-container-5438 .soliloquy-prev{left: 0px;}#soliloquy-container-5438 .soliloquy-next{right: 0px;}#soliloquy-container-5438 .soliloquy-viewport{height: 200px;}}<\/style><div class=\"soliloquy-outer-container soliloquy-carousel\" data-soliloquy-loaded=\"0\"><div aria-live=\"polite\" id=\"soliloquy-container-5438\" class=\"soliloquy-container soliloquy-transition-horizontal soliloquy-slide-horizontal soliloquy-arrows-active Produits-complmentaires-Hyfac soliloquy-theme-base\" style=\"max-width:960px;max-height:300px;margin:0 auto 20px;\"><ul id=\"soliloquy-5438\" class=\"soliloquy-slider soliloquy-slides soliloquy-wrap soliloquy-clear\"><li aria-hidden=\"true\" class=\"soliloquy-item soliloquy-item-1 soliloquy-id-5603 soliloquy-image-slide\" draggable=\"false\" style=\"list-style:none;\"><a href=\"https:\/\/hyfac.fr\/de\/nos-gammes\/hydrafac\/creme-legere\/\" class=\"soliloquy-link\" title=\"HYDRAFAC leichte Feuchtigkeitscreme f\u00fcr normale bis Mischhaut\"><img id=\"soliloquy-image-5603\" class=\"soliloquy-image soliloquy-image-1\" src=\"https:\/\/hyfac.fr\/wp-content\/uploads\/2018\/09\/Diapositive24-3-200x200_c.jpeg\" alt=\"HYDRAFAC leichte Feuchtigkeitscreme f\u00fcr normale bis Mischhaut\" \/><\/a><div class=\"soliloquy-caption soliloquy-caption-bottom\"><div class=\"soliloquy-caption-inside\"><p>Creme hell<\/p><br \/>\n<p style=\"font-size:13px\">Feuchtigkeitscreme f\u00fcr normale bis Mischhaut<\/p><\/div><\/div><\/li><li aria-hidden=\"true\" class=\"soliloquy-item soliloquy-item-2 soliloquy-id-5604 soliloquy-image-slide\" draggable=\"false\" style=\"list-style:none;\"><a href=\"https:\/\/hyfac.fr\/de\/nos-gammes\/hydrafac\/creme-riche\/\" class=\"soliloquy-link\" title=\"HYDRAFAC reichhaltige Feuchtigkeitscreme f\u00fcr trockene Haut\"><img id=\"soliloquy-image-5604\" class=\"soliloquy-image soliloquy-image-2\" src=\"https:\/\/hyfac.fr\/wp-content\/uploads\/2018\/09\/Diapositive26-4-200x200_c.jpeg\" alt=\"HYDRAFAC reichhaltige Feuchtigkeitscreme f\u00fcr trockene Haut\" \/><\/a><div class=\"soliloquy-caption soliloquy-caption-bottom\"><div class=\"soliloquy-caption-inside\"><p>Reichhaltige Creme<\/p><br \/>\n<p style=\"font-size:13px\">Feuchthaltecreme f\u00fcr trockene Haut<\/p><\/div><\/div><\/li><li aria-hidden=\"true\" class=\"soliloquy-item soliloquy-item-3 soliloquy-id-5605 soliloquy-image-slide\" draggable=\"false\" style=\"list-style:none;\"><a href=\"https:\/\/hyfac.fr\/de\/nos-gammes\/hydrafac\/baume-levres\/\" class=\"soliloquy-link\" title=\"HYDRAFAC n\u00e4hrender Lippenbalsam\"><img id=\"soliloquy-image-5605\" class=\"soliloquy-image soliloquy-image-3\" src=\"https:\/\/hyfac.fr\/wp-content\/uploads\/2018\/09\/Diapositive28-2-200x200_c.jpeg\" alt=\"HYDRAFAC n\u00e4hrender Lippenbalsam\" \/><\/a><div class=\"soliloquy-caption soliloquy-caption-bottom\"><div class=\"soliloquy-caption-inside\"><p>Lippenbalsam<\/p><br \/>\n<p style=\"font-size:13px\">N\u00e4hrt und sch\u00fctzt<\/p><\/div><\/div><\/li><\/ul><\/div><noscript><style type=\"text\/css\" scoped>#soliloquy-container-5438{opacity:1}#soliloquy-container-5438 li > .soliloquy-caption{display:none}#soliloquy-container-5438 li:first-child > .soliloquy-caption{display:block}<\/style><div class=\"soliloquy-no-js\" style=\"display:none;visibility:hidden;height:0;line-height:0;opacity:0;\"><img class=\"soliloquy-image soliloquy-no-js-image\" src=\"https:\/\/hyfac.fr\/wp-content\/uploads\/2018\/09\/Diapositive24-3.jpeg\" alt=\"HYDRAFAC leichte Feuchtigkeitscreme f\u00fcr normale bis Mischhaut\" \/><img class=\"soliloquy-image soliloquy-no-js-image\" src=\"https:\/\/hyfac.fr\/wp-content\/uploads\/2018\/09\/Diapositive26-4.jpeg\" alt=\"HYDRAFAC reichhaltige Feuchtigkeitscreme f\u00fcr trockene Haut\" \/><img class=\"soliloquy-image soliloquy-no-js-image\" src=\"https:\/\/hyfac.fr\/wp-content\/uploads\/2018\/09\/Diapositive28-2.jpeg\" alt=\"HYDRAFAC n\u00e4hrender Lippenbalsam\" \/><\/div><\/noscript><\/div>\n<\/div>\n<div id=\"savoir-prd\">\n<div class=\"h2prd\">\n<h2><span style=\"color: #0075b2;\">MEHR LERNEN<\/span><\/h2>\n<\/div>\n<div class=\"csRow\">\n<div class=\"csColumn\" style=\"margin: 0px; padding: 0px; float: left; width: 38.6%;\" data-csstartpoint=\"0\" data-csendpoint=\"370.5\" data-cswidth=\"38.6%\" data-csid=\"beb42ad8-6bfd-a029-8282-bd93ae120b4d\"><a href=\"https:\/\/hyfac.fr\/de\/sos-dermato\/4326-hydratation-de-la-peau\/\" target=\"_blank\" rel=\"noopener\"><img loading=\"lazy\" class=\"aligncenter wp-image-4346 size-thumbnail\" src=\"https:\/\/hyfac.fr\/wp-content\/uploads\/2018\/03\/banniere_carree_site_hyfac_intro_themes6-250x250.jpg\" alt=\"Befeuchtung der Haut\" width=\"250\" height=\"250\" srcset=\"https:\/\/hyfac.fr\/wp-content\/uploads\/2018\/03\/banniere_carree_site_hyfac_intro_themes6-250x250.jpg 250w, https:\/\/hyfac.fr\/wp-content\/uploads\/2018\/03\/banniere_carree_site_hyfac_intro_themes6-300x300.jpg 300w, https:\/\/hyfac.fr\/wp-content\/uploads\/2018\/03\/banniere_carree_site_hyfac_intro_themes6.jpg 543w\" sizes=\"(max-width: 250px) 100vw, 250px\" \/><\/a><\/div>\n<div class=\"csColumnGap\" style=\"margin: 0px; padding: 0px; float: left; width: 1.56%;\"><img style=\"border: none;\" src=\"https:\/\/hyfac.fr\/wp-content\/plugins\/advanced-wp-columns\/assets\/js\/plugins\/views\/img\/1x1-pixel.png\" \/><\/div>\n<div class=\"csColumn\" style=\"margin: 0px; padding: 0px; float: left; width: 59.8%;\" data-csstartpoint=\"385.5\" data-csendpoint=\"960\" data-cswidth=\"59.8%\" data-csid=\"56e6cac6-63f3-6945-9ddf-f20a5ec7912c\">Sonne und Hitze sind Faktoren, die zur Austrocknung der Haut beitragen. Hitze verst\u00e4rkt die Verdunstung von Wasser und schw\u00e4cht die Hautbarriere: Dies f\u00fchrt zu trockener Haut. Mischhaut bis fettige Haut ben\u00f6tigt eine geringere Feuchtigkeitspflege als trockene Haut.<br \/>\nHYDRAFAC leichte Feuchtigkeitscreme spendet der Epidermis sofort Feuchtigkeit und st\u00e4rkt die Feuchtigkeitsfunktion der Haut. Der Pflanzenkomplex verbessert die Erneuerung der Epidermis, um den Schutz der Hautbarriere zu erhalten. Seine feuchtigkeitsspendenden Wirkstoffe erh\u00f6hen den Wassergehalt der Hornschicht (Oberfl\u00e4chenschicht der Haut).<br \/>\nDank der Wirkung ihres nat\u00fcrlichen Feuchtigkeitskomplexes, der f\u00fcr eine optimale Diffusion des Wassers in der Haut sorgt und seine Verdunstung begrenzt, versorgt HYDRAFAC light cream die Haut jeden Tag intensiv mit Feuchtigkeit.<\/p>\n<div id=\"savoirplus\"><a href=\"https:\/\/hyfac.fr\/de\/sos-dermato\/4326-hydratation-de-la-peau\/\">Erfahren Sie mehr \u00fcber Hautfeuchtigkeit<\/a><\/div>\n<\/div>\n<div style=\"clear: both; float: none; display: block; visibility: hidden; width: 0px; font-size: 0px; line-height: 0;\"><\/div>\n<\/div>\n<\/div>\n<div id=\"compo-prd\">\n<div class=\"h2prd\">\n<h2><span style=\"color: #0075b2;\">ZUSAMMENSETZUNGEN <span style=\"font-size: 14pt;\">\/<\/span> ZUTATEN<\/span><\/h2>\n<\/div>\n<p><span style=\"color: #cebfb6;\">INCI : AQUA (WASSER) \/ EAU , ISONONYL ISONONANOATE , PROPANEDIOL , BUTYLENE GLYCOL , SODIUM POLYACRYLATE , PENTYLENE GLYCOL , CHONDRUS CRISPUS EXTRACT , ULEX EUROPAEUS LEAF\/ROOT\/STEM EXTRACT , SACCHARIDE ISOMERATE , GLYCERIN , PARFUM (PARF\u00dcM) , XANTHAN GUM , CAPRYLYL GLYCOL , ETHYLHEXYLGLYCERIN , PHENETHYLALKOHOL , GLUCOSE , CARRAGEENAN , DISODIUM EDTA , ZITRONENS\u00c4URE , NATRIUMBENZOAT , CI 42090 (BLAU 1).<\/span><\/p>\n<\/div>","protected":false},"excerpt":{"rendered":"<p>Cr\u00e8me hydratante adapt\u00e9e aux peaux mixtes, l&#8217;\u00e9t\u00e9 ou en base de maquillage. Augmente la pr\u00e9sence d&#8217;eau dans le stratum corn\u00e9um.<\/p>","protected":false},"author":1,"featured_media":2506,"parent":56,"menu_order":0,"comment_status":"closed","ping_status":"closed","template":"page\/page-template-newprdhydrafac.php","meta":{"_mi_skip_tracking":false,"spay_email":""},"_links":{"self":[{"href":"https:\/\/hyfac.fr\/de\/wp-json\/wp\/v2\/pages\/2441"}],"collection":[{"href":"https:\/\/hyfac.fr\/de\/wp-json\/wp\/v2\/pages"}],"about":[{"href":"https:\/\/hyfac.fr\/de\/wp-json\/wp\/v2\/types\/page"}],"author":[{"embeddable":true,"href":"https:\/\/hyfac.fr\/de\/wp-json\/wp\/v2\/users\/1"}],"replies":[{"embeddable":true,"href":"https:\/\/hyfac.fr\/de\/wp-json\/wp\/v2\/comments?post=2441"}],"version-history":[{"count":42,"href":"https:\/\/hyfac.fr\/de\/wp-json\/wp\/v2\/pages\/2441\/revisions"}],"predecessor-version":[{"id":15016,"href":"https:\/\/hyfac.fr\/de\/wp-json\/wp\/v2\/pages\/2441\/revisions\/15016"}],"up":[{"embeddable":true,"href":"https:\/\/hyfac.fr\/de\/wp-json\/wp\/v2\/pages\/56"}],"wp:featuredmedia":[{"embeddable":true,"href":"https:\/\/hyfac.fr\/de\/wp-json\/wp\/v2\/media\/2506"}],"wp:attachment":[{"href":"https:\/\/hyfac.fr\/de\/wp-json\/wp\/v2\/media?parent=2441"}],"curies":[{"name":"wp","href":"https:\/\/api.w.org\/{rel}","templated":true}]}}