{"id":2443,"date":"2018-02-14T00:40:15","date_gmt":"2018-02-13T23:40:15","guid":{"rendered":"http:\/\/hyfac.fr\/?page_id=2443"},"modified":"2022-02-10T02:04:19","modified_gmt":"2022-02-10T01:04:19","slug":"creme-riche","status":"publish","type":"page","link":"https:\/\/hyfac.fr\/de\/nos-gammes\/hydrafac\/creme-riche\/","title":{"rendered":"Reichhaltige Creme"},"content":{"rendered":"<div style=\"width: 960px;\"><\/div>\n<div id=\"prd\">\n<div class=\"csRow\">\n<div class=\"csColumn\" style=\"margin: 0px; padding: 0px; float: left; width: 47%;\" data-csstartpoint=\"0\" data-csendpoint=\"470\" data-cswidth=\"47.0%\" data-csid=\"beb42ad8-6bfd-a029-8282-bd93ae120b4d\">\n<style type=\"text\/css\">#soliloquy-container-5309 .soliloquy-pager{bottom: -30px;}<\/style><div class=\"soliloquy-outer-container\" data-soliloquy-loaded=\"0\"><div aria-live=\"polite\" id=\"soliloquy-container-5309\" class=\"soliloquy-container soliloquy-transition-horizontal soliloquy-slide-horizontal soliloquy-controls-active slider-img-prd soliloquy-theme-base\" style=\"max-width:340px;max-height:538px;margin:0 auto 20px;max-width:100%;max-height:none;\"><ul id=\"soliloquy-5309\" class=\"soliloquy-slider soliloquy-slides soliloquy-wrap soliloquy-clear\"><li aria-hidden=\"true\" class=\"soliloquy-item soliloquy-item-1 soliloquy-id-5550 soliloquy-image-slide\" draggable=\"false\" style=\"list-style:none;\"><img id=\"soliloquy-image-5550\" class=\"soliloquy-image soliloquy-image-1\" src=\"https:\/\/hyfac.fr\/wp-content\/uploads\/2018\/09\/Diapositive25-340x538_c.jpeg\" alt=\"HYDRAFAC riche cr\u00e8me hydratante peaux s\u00e8ches\" \/><\/li><li aria-hidden=\"true\" class=\"soliloquy-item soliloquy-item-2 soliloquy-id-5551 soliloquy-image-slide\" draggable=\"false\" style=\"list-style:none;\"><img id=\"soliloquy-image-5551\" class=\"soliloquy-image soliloquy-image-2 soliloquy-preload\" src=\"https:\/\/hyfac.fr\/wp-content\/plugins\/soliloquy\/assets\/css\/images\/holder.gif\" data-soliloquy-src=\"https:\/\/hyfac.fr\/wp-content\/uploads\/2018\/09\/Diapositive26-340x538_c.jpeg\" alt=\"HYDRAFAC riche cr\u00e8me hydratante peaux s\u00e8ches\" \/><\/li><\/ul><\/div><noscript><style type=\"text\/css\" scoped>#soliloquy-container-5309{opacity:1}#soliloquy-container-5309 li > .soliloquy-caption{display:none}#soliloquy-container-5309 li:first-child > .soliloquy-caption{display:block}<\/style><div class=\"soliloquy-no-js\" style=\"display:none;visibility:hidden;height:0;line-height:0;opacity:0;\"><img class=\"soliloquy-image soliloquy-no-js-image\" src=\"https:\/\/hyfac.fr\/wp-content\/uploads\/2018\/09\/Diapositive25.jpeg\" alt=\"HYDRAFAC riche cr\u00e8me hydratante peaux s\u00e8ches\" \/><img class=\"soliloquy-image soliloquy-no-js-image\" src=\"https:\/\/hyfac.fr\/wp-content\/uploads\/2018\/09\/Diapositive26.jpeg\" alt=\"HYDRAFAC riche cr\u00e8me hydratante peaux s\u00e8ches\" \/><\/div><\/noscript><\/div>\n<\/div>\n<div class=\"csColumnGap\" style=\"margin: 0px; padding: 0px; float: left; width: 3.7%;\"><img style=\"border: none;\" src=\"https:\/\/hyfac.fr\/wp-content\/plugins\/advanced-wp-columns\/assets\/js\/plugins\/views\/img\/1x1-pixel.png\" \/><\/div>\n<div class=\"csColumn\" style=\"margin: 0px; padding: 0px; float: left; width: 49.3%;\" data-csstartpoint=\"507\" data-csendpoint=\"1000\" data-cswidth=\"49.3%\" data-csid=\"56e6cac6-63f3-6945-9ddf-f20a5ec7912c\">\n<h1><span style=\"color: #0075b2; line-height: 35px;\">CR\u00e8ME RICHE<\/span><\/h1>\n<p><span style=\"color: #0075b2;\">HYDRAFAC-Reihe<\/span><br \/>\n40ml-Tube<\/p>\n<p><br \/>\nSoin hydratant pour les peaux s\u00e8ches \u00e0 tr\u00e8s s\u00e8ches. Prot\u00e8ge, apaise et apporte une hydratation maximale \u00e0 la peau. Texture non grasse.<\/p>\n<ul id=\"ulprd\">\n<li><img class=\"logo-prd\" src=\"\/wp-content\/uploads\/2018\/09\/Hydrate.png\" alt=\"Befeuchtet\" width=\"50\" \/><br \/>\nHYDRATE<\/li>\n<li><img class=\"logo-prd\" src=\"\/wp-content\/uploads\/2018\/09\/Protege.png\" alt=\"Sch\u00fctzt\" width=\"50\" \/><br \/>\nSCH\u00dcTZEN<\/li>\n<li><img class=\"logo-prd\" src=\"\/wp-content\/uploads\/2018\/09\/Apaise.png\" alt=\"Apaise\" width=\"50\" \/><br \/>\nAPAISE<\/li>\n<li><img class=\"logo-prd\" src=\"\/wp-content\/uploads\/2018\/09\/Confort.png\" alt=\"Komfort\" width=\"50\" \/><br \/>\nKOMFORT<\/li>\n<\/ul>\n<ul id=\"ulprd-link\">\n<li><\/li>\n<li><\/li>\n<li><a href=\"https:\/\/hyfac.fr\/de\/pres-de-chez-vous\/\"><img class=\"img2\" src=\"\/wp-content\/uploads\/2018\/06\/logo-map-e1530138886120.png\" alt=\"loc\" \/>Finden Sie eine Verkaufsstelle<\/a><\/li>\n<\/ul>\n<ul id=\"ulprd-link\">\n<li class=\"infotri\"><span class=\"spantri\">Entdecken Sie unsere Sortieranleitung<\/span><br \/>\n<img class=\"imgtri\" src=\"https:\/\/hyfac.fr\/wp-content\/uploads\/2020\/12\/HYDRAFAC-Creme-riche.png\" \/><\/li>\n<\/ul>\n<\/div>\n<div style=\"clear: both; float: none; display: block; visibility: hidden; width: 0px; font-size: 0px; line-height: 0;\"><\/div>\n<\/div>\n<\/div>\n<div id=\"descript-prd\">La cr\u00e8me hydratante HYDRAFAC Riche contient un complexe hydratant v\u00e9g\u00e9tal et min\u00e9ral qui <strong>restructure la couche corn\u00e9e<\/strong> de la peau, apporte une hydratation maximale et prot\u00e8ge l\u2019\u00e9piderme. Elle <strong>beruhigt<\/strong>, <strong>nourrit<\/strong> und <strong>renforce la barri\u00e8re cutan\u00e9e<\/strong> face aux agressions en emp\u00eachant la p\u00e9n\u00e9tration d\u2019agents irritants. Formul\u00e9e avec des actifs rigoureusement s\u00e9lectionn\u00e9s, la cr\u00e8me hydratante visage HYDRAFAC Riche assure une tol\u00e9rance optimale. Recommand\u00e9e pour les <strong>peaux s\u00e8ches \u00e0 tr\u00e8s s\u00e8ches<\/strong>, ou durant l\u2019hiver, elle est \u00e9galement id\u00e9ale comme base de maquillage.<\/div>\n<div id=\"menu-prdnew\">\n<ul>\n<li><a id=\"lienmenuconseil\" href=\"#prd\">ANWENDUNGSTIPPS<\/a><\/li>\n<li><a id=\"lienmenuactifs\" href=\"#conseil-prd\">AKTIVA<\/a><\/li>\n<li><a id=\"lienmenucmplt\" href=\"#actifs-prd\">KOMPLEMENT\u00c4RPRODUKTE<\/a><\/li>\n<li><a id=\"lienmenusavoir\" href=\"#cmplt-prd\">MEHR LERNEN<\/a><\/li>\n<li><a id=\"lienmenucompo\" href=\"#savoir-prd\">ZUSAMMENSETZUNG<\/a><\/li>\n<\/ul>\n<\/div>\n<div id=\"conseil-prd\">\n<div class=\"csRow\">\n<div class=\"csColumn\" style=\"margin: 0px; padding: 0px; float: left; width: 70.8%;\" data-csstartpoint=\"0\" data-csendpoint=\"680\" data-cswidth=\"70.8%\" data-csid=\"7ce9a14c-d45b-a3f2-987b-63fd249cc312\">\n<p><span style=\"color: #0075b2;\">COMMENT UTILISER LA CREME HYDRATANTE RICHE HYDRAFAC ?<\/span><\/p>\n<p>Appliquer matin et\/ou soir sur le visage et le cou parfaitement nettoy\u00e9s avec le <a href=\"https:\/\/hyfac.fr\/de\/nos-gammes\/hyfac-classique\/gel-nettoyant-purifiant\/\">HYFAC Original Reinigendes Reinigungsgel<\/a>. Ideal als Make-up-Unterlage.<\/p>\n<p>La cr\u00e8me hydratante visage pour les peaux s\u00e8ches \u00e0 tr\u00e8s s\u00e8ches HYDRAFAC Riche nourrit, prot\u00e8ge et apaise la peau durablement. Sa texture enveloppante et non grasse d\u00e9salt\u00e8re la peau d\u00e8s l\u2019application et lui procure confort, douceur et \u00e9clat. La peau retrouve toute sa fra\u00eecheur.<\/p>\n<\/div>\n<div class=\"csColumnGap\" style=\"margin: 0px; padding: 0px; float: left; width: 1.56%;\"><img style=\"border: none;\" src=\"https:\/\/hyfac.fr\/wp-content\/plugins\/advanced-wp-columns\/assets\/js\/plugins\/views\/img\/1x1-pixel.png\" \/><\/div>\n<div class=\"csColumn\" style=\"margin: 0px; padding: 0px; float: left; width: 27.6%;\" data-csstartpoint=\"695\" data-csendpoint=\"960\" data-cswidth=\"27.6%\" data-csid=\"2de6301b-fc0e-6c4c-b16e-671973f34d15\">\n<p><img loading=\"lazy\" class=\"aligncenter wp-image-5140\" src=\"https:\/\/hyfac.fr\/wp-content\/uploads\/2018\/07\/conseil-250x250.png\" alt=\"\" width=\"180\" height=\"181\" srcset=\"https:\/\/hyfac.fr\/wp-content\/uploads\/2018\/07\/conseil-250x250.png 250w, https:\/\/hyfac.fr\/wp-content\/uploads\/2018\/07\/conseil-298x300.png 298w, https:\/\/hyfac.fr\/wp-content\/uploads\/2018\/07\/conseil.png 308w\" sizes=\"(max-width: 180px) 100vw, 180px\" \/><\/p>\n<\/div>\n<div style=\"clear: both; float: none; display: block; visibility: hidden; width: 0px; font-size: 0px; line-height: 0;\"><\/div>\n<\/div>\n<\/div>\n<div id=\"actifs-prd\">\n<div class=\"h2prd\">\n<h2><span style=\"color: #0075b2;\">SCHWERPUNKTVERM\u00d6GEN<\/span><\/h2>\n<\/div>\n<p><span style=\"color: #0075b2;\">Complexe v\u00e9g\u00e9tal et min\u00e9ral : Hydratant et restructurant<\/span><br \/>\nCe complexe hydratant (algue rouge, eau de mer et glyc\u00e9rine) multiplie l\u2019hydratation par 3 d\u00e8s les 2 premi\u00e8res heures et se poursuit sur les 24 heures suivantes.\u00a0Hydrate et restructure l\u2019\u00e9piderme.<\/p>\n<p><span style=\"color: #0075b2;\">Extraits de mauve : Apaisant<\/span><br \/>\nApaise la peau d\u00e8s l\u2019application.<\/p>\n<\/div>\n<div id=\"cmplt-prd\">\n<div class=\"h2prd\">\n<h2><span style=\"color: #0075b2;\">KOMPLEMENT\u00c4RPRODUKTE<\/span><\/h2>\n<\/div>\n<style type=\"text\/css\">#soliloquy-container-5438 .soliloquy-prev{left: -60px;background-color:#0075b2;}#soliloquy-container-5438 .soliloquy-next{right: -60px;background-color:#0075b2;}#soliloquy-container-5438 .soliloquy-image{background: #f3f3f3;border: 1px solid #ddd;padding:3px;}#soliloquy-container-5438 .soliloquy-viewport{height: 260px !important;}#soliloquy-container-5438 .soliloquy-caption-bottom{position: relative;}#soliloquy-container-5438 .soliloquy-caption-inside{color:#CEBFB6; text-shadow:none;background:none;}@media only screen and (max-width: 1000px){#soliloquy-container-5438 .soliloquy-prev{left: 0px;}#soliloquy-container-5438 .soliloquy-next{right: 0px;}#soliloquy-container-5438 .soliloquy-viewport{height: 200px;}}<\/style><div class=\"soliloquy-outer-container soliloquy-carousel\" data-soliloquy-loaded=\"0\"><div aria-live=\"polite\" id=\"soliloquy-container-5438\" class=\"soliloquy-container soliloquy-transition-horizontal soliloquy-slide-horizontal soliloquy-arrows-active Produits-complmentaires-Hyfac soliloquy-theme-base\" style=\"max-width:960px;max-height:300px;margin:0 auto 20px;\"><ul id=\"soliloquy-5438\" class=\"soliloquy-slider soliloquy-slides soliloquy-wrap soliloquy-clear\"><li aria-hidden=\"true\" class=\"soliloquy-item soliloquy-item-1 soliloquy-id-5603 soliloquy-image-slide\" draggable=\"false\" style=\"list-style:none;\"><a href=\"https:\/\/hyfac.fr\/de\/nos-gammes\/hydrafac\/creme-legere\/\" class=\"soliloquy-link\" title=\"HYDRAFAC leichte Feuchtigkeitscreme f\u00fcr normale bis Mischhaut\"><img id=\"soliloquy-image-5603\" class=\"soliloquy-image soliloquy-image-1\" src=\"https:\/\/hyfac.fr\/wp-content\/uploads\/2018\/09\/Diapositive24-3-200x200_c.jpeg\" alt=\"HYDRAFAC leichte Feuchtigkeitscreme f\u00fcr normale bis Mischhaut\" \/><\/a><div class=\"soliloquy-caption soliloquy-caption-bottom\"><div class=\"soliloquy-caption-inside\"><p>Creme hell<\/p><br \/>\n<p style=\"font-size:13px\">Feuchtigkeitscreme f\u00fcr normale bis Mischhaut<\/p><\/div><\/div><\/li><li aria-hidden=\"true\" class=\"soliloquy-item soliloquy-item-2 soliloquy-id-5604 soliloquy-image-slide\" draggable=\"false\" style=\"list-style:none;\"><a href=\"https:\/\/hyfac.fr\/de\/nos-gammes\/hydrafac\/creme-riche\/\" class=\"soliloquy-link\" title=\"HYDRAFAC reichhaltige Feuchtigkeitscreme f\u00fcr trockene Haut\"><img id=\"soliloquy-image-5604\" class=\"soliloquy-image soliloquy-image-2\" src=\"https:\/\/hyfac.fr\/wp-content\/uploads\/2018\/09\/Diapositive26-4-200x200_c.jpeg\" alt=\"HYDRAFAC reichhaltige Feuchtigkeitscreme f\u00fcr trockene Haut\" \/><\/a><div class=\"soliloquy-caption soliloquy-caption-bottom\"><div class=\"soliloquy-caption-inside\"><p>Reichhaltige Creme<\/p><br \/>\n<p style=\"font-size:13px\">Feuchthaltecreme f\u00fcr trockene Haut<\/p><\/div><\/div><\/li><li aria-hidden=\"true\" class=\"soliloquy-item soliloquy-item-3 soliloquy-id-5605 soliloquy-image-slide\" draggable=\"false\" style=\"list-style:none;\"><a href=\"https:\/\/hyfac.fr\/de\/nos-gammes\/hydrafac\/baume-levres\/\" class=\"soliloquy-link\" title=\"HYDRAFAC n\u00e4hrender Lippenbalsam\"><img id=\"soliloquy-image-5605\" class=\"soliloquy-image soliloquy-image-3\" src=\"https:\/\/hyfac.fr\/wp-content\/uploads\/2018\/09\/Diapositive28-2-200x200_c.jpeg\" alt=\"HYDRAFAC n\u00e4hrender Lippenbalsam\" \/><\/a><div class=\"soliloquy-caption soliloquy-caption-bottom\"><div class=\"soliloquy-caption-inside\"><p>Lippenbalsam<\/p><br \/>\n<p style=\"font-size:13px\">N\u00e4hrt und sch\u00fctzt<\/p><\/div><\/div><\/li><\/ul><\/div><noscript><style type=\"text\/css\" scoped>#soliloquy-container-5438{opacity:1}#soliloquy-container-5438 li > .soliloquy-caption{display:none}#soliloquy-container-5438 li:first-child > .soliloquy-caption{display:block}<\/style><div class=\"soliloquy-no-js\" style=\"display:none;visibility:hidden;height:0;line-height:0;opacity:0;\"><img class=\"soliloquy-image soliloquy-no-js-image\" src=\"https:\/\/hyfac.fr\/wp-content\/uploads\/2018\/09\/Diapositive24-3.jpeg\" alt=\"HYDRAFAC leichte Feuchtigkeitscreme f\u00fcr normale bis Mischhaut\" \/><img class=\"soliloquy-image soliloquy-no-js-image\" src=\"https:\/\/hyfac.fr\/wp-content\/uploads\/2018\/09\/Diapositive26-4.jpeg\" alt=\"HYDRAFAC reichhaltige Feuchtigkeitscreme f\u00fcr trockene Haut\" \/><img class=\"soliloquy-image soliloquy-no-js-image\" src=\"https:\/\/hyfac.fr\/wp-content\/uploads\/2018\/09\/Diapositive28-2.jpeg\" alt=\"HYDRAFAC n\u00e4hrender Lippenbalsam\" \/><\/div><\/noscript><\/div>\n<\/div>\n<div id=\"savoir-prd\">\n<div class=\"h2prd\">\n<h2><span style=\"color: #0075b2;\">MEHR LERNEN<\/span><\/h2>\n<\/div>\n<div class=\"csRow\">\n<div class=\"csColumn\" style=\"margin: 0px; padding: 0px; float: left; width: 38.6%;\" data-csstartpoint=\"0\" data-csendpoint=\"370.5\" data-cswidth=\"38.6%\" data-csid=\"beb42ad8-6bfd-a029-8282-bd93ae120b4d\"><a href=\"https:\/\/hyfac.fr\/de\/sos-dermato\/4326-hydratation-de-la-peau\/\" target=\"_blank\" rel=\"noopener\"><img loading=\"lazy\" class=\"aligncenter wp-image-4346 size-thumbnail\" src=\"https:\/\/hyfac.fr\/wp-content\/uploads\/2018\/03\/banniere_carree_site_hyfac_intro_themes6-250x250.jpg\" alt=\"Befeuchtung der Haut\" width=\"250\" height=\"250\" srcset=\"https:\/\/hyfac.fr\/wp-content\/uploads\/2018\/03\/banniere_carree_site_hyfac_intro_themes6-250x250.jpg 250w, https:\/\/hyfac.fr\/wp-content\/uploads\/2018\/03\/banniere_carree_site_hyfac_intro_themes6-300x300.jpg 300w, https:\/\/hyfac.fr\/wp-content\/uploads\/2018\/03\/banniere_carree_site_hyfac_intro_themes6.jpg 543w\" sizes=\"(max-width: 250px) 100vw, 250px\" \/><\/a><\/div>\n<div class=\"csColumnGap\" style=\"margin: 0px; padding: 0px; float: left; width: 1.56%;\"><img style=\"border: none;\" src=\"https:\/\/hyfac.fr\/wp-content\/plugins\/advanced-wp-columns\/assets\/js\/plugins\/views\/img\/1x1-pixel.png\" \/><\/div>\n<div class=\"csColumn\" style=\"margin: 0px; padding: 0px; float: left; width: 59.8%;\" data-csstartpoint=\"385.5\" data-csendpoint=\"960\" data-cswidth=\"59.8%\" data-csid=\"56e6cac6-63f3-6945-9ddf-f20a5ec7912c\">La peau est tr\u00e8s sensible aux conditions climatiques. Le froid et le vent sont des facteurs de dess\u00e8chement, s\u2019accompagnant souvent de sensations d\u2019inconfort et de tiraillements. Ce dess\u00e8chement de la peau peut aller jusqu\u2019\u00e0 l\u2019apparition d\u2019un ecz\u00e9ma sec.<br \/>\nLa cr\u00e8me hydratante riche HYDRAFAC permet alors de compenser ce dess\u00e8chement. Elle augmente la r\u00e9sistance structurale du stratum corn\u00e9um (couche sup\u00e9rieure de la peau) et am\u00e9liore la biosynth\u00e8se du ciment lipidique. Ce ciment lipidique, fait de c\u00e9ramides, d\u2019acides gras et de cholest\u00e9rol est indispensable pour maintenir la structure de la barri\u00e8re cutan\u00e9e.<\/p>\n<div id=\"savoirplus\"><a href=\"https:\/\/hyfac.fr\/de\/sos-dermato\/4326-hydratation-de-la-peau\/\">Erfahren Sie mehr \u00fcber Hautfeuchtigkeit<\/a><\/div>\n<\/div>\n<div style=\"clear: both; float: none; display: block; visibility: hidden; width: 0px; font-size: 0px; line-height: 0;\"><\/div>\n<\/div>\n<\/div>\n<div id=\"compo-prd\">\n<div class=\"h2prd\">\n<h2><span style=\"color: #0075b2;\">ZUSAMMENSETZUNGEN <span style=\"font-size: 14pt;\">\/<\/span> ZUTATEN<\/span><\/h2>\n<\/div>\n<p><span style=\"color: #cebfb6;\">INCI : AQUA (WATER) \/ EAU , GLYCERIN , ETHYLHEXYL PALMITATE , PROPANEDIOL , GLYCERYL STEARATE , OCTYLDODECANOL , CETEARYL ALCOHOL , HYDROGENATED PALM KERNEL GLYCERIDES , HYDROGENATED VEGETABLE OIL , BUTYLENE GLYCOL , DIMETHICONE , GLYCERYL STEARATE CITRATE , PENTYLENE GLYCOL , KAPPAPHYCUS ALVAREZII EXTRACT , CHONDRUS CRISPUS EXTRACT , MARIS AQUA (SEA WATER) \/ EAU DE MER , MALVA SYLVESTRIS (MALLOW) EXTRACT , TOCOPHEROL , XANTHAN GUM , GLYCINE SOJA (SOYBEAN) OIL , CYCLOPENTASILOXANE , ETHYLHEXYLGLYCERIN , CETEARYL GLUCOSIDE , SODIUM POLYACRYLATE , PARFUM (FRAGRANCE) , HYDROGENATED PALM GLYCERIDES , DIMETHICONE CROSSPOLYMER , CITRIC ACID, SODIUM BENZOATE, POTASSIUM SORBATE, CI 42090 (BLUE 1).<\/span><\/p>\n<\/div>","protected":false},"excerpt":{"rendered":"<p>Cr\u00e8me hydratante adapt\u00e9e aux peaux s\u00e8ches, l&#8217;hiver ou en cr\u00e8me de nuit. Am\u00e9liore la biosynth\u00e8se du ciment lipidique.<\/p>","protected":false},"author":1,"featured_media":2507,"parent":56,"menu_order":1,"comment_status":"closed","ping_status":"closed","template":"page\/page-template-newprdhydrafac.php","meta":{"_mi_skip_tracking":false,"spay_email":""},"_links":{"self":[{"href":"https:\/\/hyfac.fr\/de\/wp-json\/wp\/v2\/pages\/2443"}],"collection":[{"href":"https:\/\/hyfac.fr\/de\/wp-json\/wp\/v2\/pages"}],"about":[{"href":"https:\/\/hyfac.fr\/de\/wp-json\/wp\/v2\/types\/page"}],"author":[{"embeddable":true,"href":"https:\/\/hyfac.fr\/de\/wp-json\/wp\/v2\/users\/1"}],"replies":[{"embeddable":true,"href":"https:\/\/hyfac.fr\/de\/wp-json\/wp\/v2\/comments?post=2443"}],"version-history":[{"count":42,"href":"https:\/\/hyfac.fr\/de\/wp-json\/wp\/v2\/pages\/2443\/revisions"}],"predecessor-version":[{"id":15031,"href":"https:\/\/hyfac.fr\/de\/wp-json\/wp\/v2\/pages\/2443\/revisions\/15031"}],"up":[{"embeddable":true,"href":"https:\/\/hyfac.fr\/de\/wp-json\/wp\/v2\/pages\/56"}],"wp:featuredmedia":[{"embeddable":true,"href":"https:\/\/hyfac.fr\/de\/wp-json\/wp\/v2\/media\/2507"}],"wp:attachment":[{"href":"https:\/\/hyfac.fr\/de\/wp-json\/wp\/v2\/media?parent=2443"}],"curies":[{"name":"wp","href":"https:\/\/api.w.org\/{rel}","templated":true}]}}