{"id":2592,"date":"2018-02-19T16:32:52","date_gmt":"2018-02-19T15:32:52","guid":{"rendered":"http:\/\/hyfac.fr\/?page_id=2592"},"modified":"2019-01-19T17:32:13","modified_gmt":"2019-01-19T16:32:13","slug":"hyfac-sun","status":"publish","type":"page","link":"https:\/\/hyfac.fr\/de\/nos-gammes\/hyfac-sun\/","title":{"rendered":"HYFAC SUN - Sonnenschutz"},"content":{"rendered":"<p><img loading=\"lazy\" class=\"alignleft wp-image-2621\" src=\"http:\/\/hyfac.fr\/wp-content\/uploads\/2018\/02\/logo_hyfac_sun.jpg\" alt=\"logo hyfac sun\" width=\"260\" height=\"220\" srcset=\"https:\/\/hyfac.fr\/wp-content\/uploads\/2018\/02\/logo_hyfac_sun.jpg 1674w, https:\/\/hyfac.fr\/wp-content\/uploads\/2018\/02\/logo_hyfac_sun-300x253.jpg 300w, https:\/\/hyfac.fr\/wp-content\/uploads\/2018\/02\/logo_hyfac_sun-1024x865.jpg 1024w\" sizes=\"(max-width: 260px) 100vw, 260px\" \/><\/p>\n<h1 class=\"entry-title\">HYFAC SUN - Sonnenschutz<\/h1>\n<p style=\"text-align: justify;\">En \u00e9t\u00e9 comme en hiver, la peau est expos\u00e9e aux rayons du soleil et notamment aux rayons UVA et UVB.<\/p>\n<p style=\"text-align: justify;\">Les UVB sont les plus agressifs, responsables des coups de soleil et \u00e0 long terme des cancers cutan\u00e9s. La protection contre les UVB est mesur\u00e9e par le SPF.<\/p>\n<p style=\"text-align: justify;\">Les UVA sont les rayons les moins \u00e9nerg\u00e9tiques, mais les plus nombreux (95% de la lumi\u00e8re solaire).\u00a0Ils p\u00e9n\u00e8trent profond\u00e9ment dans le derme, et provoquent \u00e0 long terme le vieillissement de la peau (rides, taches). Ce vieillissement pr\u00e9matur\u00e9 de la peau peut \u00e9galement \u00eatre acc\u00e9l\u00e9r\u00e9 par l\u2019exposition aux particules de pollution pr\u00e9sentes dans l\u2019environnement (fum\u00e9es, stress, vent\u2026).<\/p>\n<p>Les soins de protection solaire <strong>HYFAC SUN<\/strong>\u00a0b\u00e9n\u00e9ficient d\u2019une double efficacit\u00e9, <strong>filtrant<\/strong> \u00e0 la fois les UVB et les UVA, tout en <strong>prot\u00e9geant<\/strong> la peau gr\u00e2ce \u00e0 des actifs anti-pollution.<\/p>","protected":false},"excerpt":{"rendered":"<p>HYFAC SUN &#8211; Protection solaire En \u00e9t\u00e9 comme en hiver, la peau est expos\u00e9e aux rayons du soleil et notamment aux rayons UVA et UVB. Les UVB sont les plus agressifs, responsables des coups de soleil et \u00e0 long terme des cancers cutan\u00e9s. La protection contre les UVB est mesur\u00e9e par le SPF. Les UVA\u2026 <a class='lire-suite' href=\"https:\/\/hyfac.fr\/de\/nos-gammes\/hyfac-sun\/\">Mehr lesen &gt;&gt;&gt;<\/a><\/p>","protected":false},"author":1,"featured_media":0,"parent":22,"menu_order":3,"comment_status":"closed","ping_status":"closed","template":"page\/page-template-hyfacsun.php","meta":{"_mi_skip_tracking":false,"spay_email":""},"_links":{"self":[{"href":"https:\/\/hyfac.fr\/de\/wp-json\/wp\/v2\/pages\/2592"}],"collection":[{"href":"https:\/\/hyfac.fr\/de\/wp-json\/wp\/v2\/pages"}],"about":[{"href":"https:\/\/hyfac.fr\/de\/wp-json\/wp\/v2\/types\/page"}],"author":[{"embeddable":true,"href":"https:\/\/hyfac.fr\/de\/wp-json\/wp\/v2\/users\/1"}],"replies":[{"embeddable":true,"href":"https:\/\/hyfac.fr\/de\/wp-json\/wp\/v2\/comments?post=2592"}],"version-history":[{"count":7,"href":"https:\/\/hyfac.fr\/de\/wp-json\/wp\/v2\/pages\/2592\/revisions"}],"predecessor-version":[{"id":2735,"href":"https:\/\/hyfac.fr\/de\/wp-json\/wp\/v2\/pages\/2592\/revisions\/2735"}],"up":[{"embeddable":true,"href":"https:\/\/hyfac.fr\/de\/wp-json\/wp\/v2\/pages\/22"}],"wp:attachment":[{"href":"https:\/\/hyfac.fr\/de\/wp-json\/wp\/v2\/media?parent=2592"}],"curies":[{"name":"wp","href":"https:\/\/api.w.org\/{rel}","templated":true}]}}