{"id":2596,"date":"2018-02-19T16:41:19","date_gmt":"2018-02-19T15:41:19","guid":{"rendered":"http:\/\/hyfac.fr\/?page_id=2596"},"modified":"2022-02-10T02:07:27","modified_gmt":"2022-02-10T01:07:27","slug":"protection-solaire-invisible","status":"publish","type":"page","link":"https:\/\/hyfac.fr\/de\/nos-gammes\/hyfac-sun\/protection-solaire-invisible\/","title":{"rendered":"Unsichtbarer Sonnenschutz"},"content":{"rendered":"<p>&nbsp;<\/p>\n<div style=\"width: 960px;\">&nbsp;<\/div>\n<div id=\"prd\">\n<div class=\"csRow\">\n<div class=\"csColumn\" style=\"margin: 0px; padding: 0px; float: left; width: 47%;\" data-csstartpoint=\"0\" data-csendpoint=\"470\" data-cswidth=\"47.0%\" data-csid=\"beb42ad8-6bfd-a029-8282-bd93ae120b4d\">\n<style type=\"text\/css\">#soliloquy-container-5795 .soliloquy-pager{bottom: -30px;}<\/style><div class=\"soliloquy-outer-container\" data-soliloquy-loaded=\"0\"><div aria-live=\"polite\" id=\"soliloquy-container-5795\" class=\"soliloquy-container soliloquy-transition-horizontal soliloquy-slide-horizontal soliloquy-controls-active slider-img-prd soliloquy-theme-base\" style=\"max-width:380px;max-height:600px;margin:0 auto 20px;max-width:100%;max-height:none;\"><ul id=\"soliloquy-5795\" class=\"soliloquy-slider soliloquy-slides soliloquy-wrap soliloquy-clear\"><li aria-hidden=\"true\" class=\"soliloquy-item soliloquy-item-1 soliloquy-id-5792 soliloquy-image-slide\" draggable=\"false\" style=\"list-style:none;\"><img id=\"soliloquy-image-5792\" class=\"soliloquy-image soliloquy-image-1\" src=\"https:\/\/hyfac.fr\/wp-content\/uploads\/2019\/01\/Diapositive34-380x600_c.jpeg\" alt=\"Unsichtbarer Sonnenschutz Hyfacsun\" \/><\/li><li aria-hidden=\"true\" class=\"soliloquy-item soliloquy-item-2 soliloquy-id-5791 soliloquy-image-slide\" draggable=\"false\" style=\"list-style:none;\"><img id=\"soliloquy-image-5791\" class=\"soliloquy-image soliloquy-image-2 soliloquy-preload\" src=\"https:\/\/hyfac.fr\/wp-content\/plugins\/soliloquy\/assets\/css\/images\/holder.gif\" data-soliloquy-src=\"https:\/\/hyfac.fr\/wp-content\/uploads\/2019\/01\/Diapositive35-380x600_c.jpeg\" alt=\"Unsichtbarer Sonnenschutz Hyfacsun\" \/><\/li><\/ul><\/div><noscript><style type=\"text\/css\" scoped>#soliloquy-container-5795{opacity:1}#soliloquy-container-5795 li > .soliloquy-caption{display:none}#soliloquy-container-5795 li:first-child > .soliloquy-caption{display:block}<\/style><div class=\"soliloquy-no-js\" style=\"display:none;visibility:hidden;height:0;line-height:0;opacity:0;\"><img class=\"soliloquy-image soliloquy-no-js-image\" src=\"https:\/\/hyfac.fr\/wp-content\/uploads\/2019\/01\/Diapositive34.jpeg\" alt=\"Unsichtbarer Sonnenschutz Hyfacsun\" \/><img class=\"soliloquy-image soliloquy-no-js-image\" src=\"https:\/\/hyfac.fr\/wp-content\/uploads\/2019\/01\/Diapositive35.jpeg\" alt=\"Unsichtbarer Sonnenschutz Hyfacsun\" \/><\/div><\/noscript><\/div>\n<\/div>\n<div class=\"csColumnGap\" style=\"margin: 0px; padding: 0px; float: left; width: 3.7%;\"><img style=\"border: none;\" src=\"https:\/\/hyfac.fr\/wp-content\/plugins\/advanced-wp-columns\/assets\/js\/plugins\/views\/img\/1x1-pixel.png\"><\/div>\n<div class=\"csColumn\" style=\"margin: 0px; padding: 0px; float: left; width: 49.3%;\" data-csstartpoint=\"507\" data-csendpoint=\"1000\" data-cswidth=\"49.3%\" data-csid=\"56e6cac6-63f3-6945-9ddf-f20a5ec7912c\">\n<h1><span style=\"color: #fd4700; line-height: 35px;\">UNSICHTBARER SONNENSCHUTZ SPF 50+<\/span><\/h1>\n<p><span style=\"color: #fd4700;\">HYFAC SUN-Reihe<\/span><br \/>\n40ml-Tube<\/p>\n<p><br \/>\nSehr hoher Sonnenschutz SPF 50+. Sch\u00fctzt vor UVA- und UVB-Strahlen sowie vor Schadstoffen. Hinterl\u00e4sst keine wei\u00dfen Spuren.<\/p>\n<ul id=\"ulprd\">\n<li><img class=\"logo-prd\" src=\"\/wp-content\/uploads\/2018\/09\/Protege-des-UV.png\" alt=\"UV-Schutz\" width=\"50\"><br \/>\nSPF 50+.<\/li>\n<li><img class=\"logo-prd\" src=\"\/wp-content\/uploads\/2018\/09\/uvb_uva.png\" alt=\"uvb_uva\" width=\"50\"><br \/>\nUVA\/UVB-SCHUTZ<\/li>\n<li><img class=\"logo-prd\" src=\"\/wp-content\/uploads\/2019\/01\/anti-pollution.png\" alt=\"Anti-Polution\" width=\"50\"><br \/>\nANTI-POLLUTION<\/li>\n<li><img class=\"logo-prd\" src=\"\/wp-content\/uploads\/2019\/01\/toucher_sec.png\" alt=\"Toucher-Sec\" width=\"50\"><br \/>\nTROCKENE BER\u00dcHRUNG<\/li>\n<\/ul>\n<ul id=\"ulprd-link\">\n<li><p class=\"product woocommerce add_to_cart_inline\" style=\"border:4px solid #ccc; padding: 12px;\"><span class=\"woocommerce-Price-amount amount\"><bdi>13,50&nbsp;<span class=\"woocommerce-Price-currencySymbol\">\u20ac<\/span><\/bdi><\/span><a href=\"?add-to-cart=14933\" data-quantity=\"1\" class=\"button product_type_simple add_to_cart_button ajax_add_to_cart\" data-product_id=\"14933\" data-product_sku=\"\" aria-label=\"\u201eSun - Protection Solaire Invisible\u201c zu deinem Warenkorb hinzuf\u00fcgen\" rel=\"nofollow\" data-no-translation=\"\" data-trp-gettext=\"\" data-no-translation-aria-label=\"\">In den Warenkorb<\/a><\/p><\/li>\n<li>&nbsp;<\/li>\n<li><a href=\"https:\/\/hyfac.fr\/de\/pres-de-chez-vous\/\"><img class=\"img2\" src=\"\/wp-content\/uploads\/2018\/06\/logo-map-e1530138886120.png\" alt=\"loc\">Finden Sie eine Verkaufsstelle<\/a><\/li>\n<\/ul>\n<ul id=\"ulprd-link\">\n<li class=\"infotri\"><span class=\"spantri\">Entdecken Sie unsere Sortieranleitung<\/span><br \/>\n<img class=\"imgtri\" src=\"https:\/\/hyfac.fr\/wp-content\/uploads\/2020\/12\/HYFAC-SUN-Invisible.png\"><\/li>\n<\/ul>\n<\/div>\n<div style=\"clear: both; float: none; display: block; visibility: hidden; width: 0px; font-size: 0px; line-height: 0;\">&nbsp;<\/div>\n<\/div>\n<\/div>\n<div id=\"descript-prd\">Der Sonnenschutz HYFAC SUN Invisible bietet einen sehr hohen Schutz vor den UVB- und UVA-Strahlen der Sonne. Sein Wirkstoffkomplex sch\u00fctzt vor \u00e4u\u00dferen Aggressionen (Wind, Stress, Umweltverschmutzung). Moringa-Samen-Extrakte sind daf\u00fcr bekannt, die F\u00e4higkeit der Hautzellen zu erh\u00f6hen, sich selbst zu sch\u00fctzen und Schadstoffe auszuscheiden (Anti-Pollution-Wirkung). Die leichte, nicht fettende Textur l\u00e4sst sich leicht verteilen. Hinterl\u00e4sst keine wei\u00dfen Spuren. F\u00fchlt sich trocken an.<\/div>\n<div id=\"menu-prdnew\">\n<ul>\n<li><a id=\"lienmenuconseil\" href=\"#prd\">ANWENDUNGSTIPPS<\/a><\/li>\n<li><a id=\"lienmenuactifs\" href=\"#conseil-prd\">AKTIVA<\/a><\/li>\n<li><a id=\"lienmenucmplt\" href=\"#actifs-prd\">KOMPLEMENT\u00c4RPRODUKTE<\/a><\/li>\n<li><a id=\"lienmenusavoir\" href=\"#cmplt-prd\">MEHR LERNEN<\/a><\/li>\n<li><a id=\"lienmenucompo\" href=\"#savoir-prd\">ZUSAMMENSETZUNG<\/a><\/li>\n<\/ul>\n<\/div>\n<div id=\"conseil-prd\">\n<div class=\"csRow\">\n<div class=\"csColumn\" style=\"margin: 0px; padding: 0px; float: left; width: 70.8%;\" data-csstartpoint=\"0\" data-csendpoint=\"680\" data-cswidth=\"70.8%\" data-csid=\"7ce9a14c-d45b-a3f2-987b-63fd249cc312\">\n<p><span style=\"color: #fd4700;\">WIE TRAGE ICH HYFAC SUN INVISIBLE RICHTIG AUF?<\/span><\/p>\n<p>Tragen Sie vor dem Sonnenbad eine ausreichende Menge des Produkts auf, um die exponierte Stelle abzudecken. Eine geringere Menge des Produkts verringert den Sonnenschutz.<br \/>\nWiederholen Sie die Anwendung h\u00e4ufig, vor allem nach jedem Bad, Reiben oder Schwitzen.<\/p>\n<p>Die leichte, nicht fettende Textur klebt nicht und l\u00e4sst sich leicht verteilen.<\/p>\n<\/div>\n<div class=\"csColumnGap\" style=\"margin: 0px; padding: 0px; float: left; width: 1.56%;\"><img style=\"border: none;\" src=\"https:\/\/hyfac.fr\/wp-content\/plugins\/advanced-wp-columns\/assets\/js\/plugins\/views\/img\/1x1-pixel.png\"><\/div>\n<div class=\"csColumn\" style=\"margin: 0px; padding: 0px; float: left; width: 27.6%;\" data-csstartpoint=\"695\" data-csendpoint=\"960\" data-cswidth=\"27.6%\" data-csid=\"2de6301b-fc0e-6c4c-b16e-671973f34d15\">\n<p><img loading=\"lazy\" class=\"aligncenter wp-image-5140\" src=\"https:\/\/hyfac.fr\/wp-content\/uploads\/2018\/07\/conseil-250x250.png\" alt=\"\" width=\"180\" height=\"181\" srcset=\"https:\/\/hyfac.fr\/wp-content\/uploads\/2018\/07\/conseil-250x250.png 250w, https:\/\/hyfac.fr\/wp-content\/uploads\/2018\/07\/conseil-298x300.png 298w, https:\/\/hyfac.fr\/wp-content\/uploads\/2018\/07\/conseil.png 308w\" sizes=\"(max-width: 180px) 100vw, 180px\" \/><\/p>\n<\/div>\n<div style=\"clear: both; float: none; display: block; visibility: hidden; width: 0px; font-size: 0px; line-height: 0;\">&nbsp;<\/div>\n<\/div>\n<\/div>\n<div id=\"actifs-prd\">\n<div class=\"h2prd\">\n<h2><span style=\"color: #fd4700;\">SCHWERPUNKTVERM\u00d6GEN<\/span><\/h2>\n<\/div>\n<p><span style=\"color: #fd4700;\">Extrakt aus Moringa Oleifera : Sch\u00fctzt die Hautzellen.<\/span><br \/>\nMoringa Oleifera ist eine exotische Pflanze mit wirksamen Schutzeigenschaften gegen Umweltverschmutzung (Zigarettenrauch, Feinstaub, Schwermetalle). Seine Wirkungsweise bindet die Partikel und verhindert so, dass sie in die Epidermis eindringen. Der Extrakt aus Moringa Oleifera sch\u00fctzt die Hautzellen vor Angriffen durch Schadstoffe und erleichtert die Ausscheidung aller Mikropartikel aus der Umwelt.<\/p>\n<\/div>\n<div id=\"cmplt-prd\">\n<div class=\"h2prd\">\n<h2><span style=\"color: #fd4700;\">KOMPLEMENT\u00c4RPRODUKTE<\/span><\/h2>\n<\/div>\n<style type=\"text\/css\">#soliloquy-container-5784 .soliloquy-prev{left: -60px;background-color:#fd4700;}#soliloquy-container-5784 .soliloquy-next{right: -60px;background-color:#fd4700;}#soliloquy-container-5784 .soliloquy-image{background: #f3f3f3;border: 1px solid #ddd;padding:3px;}#soliloquy-container-5784 .soliloquy-viewport{height: 260px !important;}#soliloquy-container-5784 .soliloquy-caption-bottom{position: relative;}#soliloquy-container-5784 .soliloquy-caption-inside{color:#CEBFB6; text-shadow:none;background:none;}@media only screen and (max-width: 1000px){#soliloquy-container-5784 .soliloquy-prev{left: 0px;}#soliloquy-container-5784 .soliloquy-next{right: 0px;}#soliloquy-container-5784 .soliloquy-viewport{height: 200px;}}<\/style><div class=\"soliloquy-outer-container soliloquy-carousel\" data-soliloquy-loaded=\"0\"><div aria-live=\"polite\" id=\"soliloquy-container-5784\" class=\"soliloquy-container soliloquy-transition-horizontal soliloquy-slide-horizontal soliloquy-arrows-active Produits-complmentaires-Hyfac soliloquy-theme-base\" style=\"max-width:960px;max-height:300px;margin:0 auto 20px;\"><ul id=\"soliloquy-5784\" class=\"soliloquy-slider soliloquy-slides soliloquy-wrap soliloquy-clear\"><li aria-hidden=\"true\" class=\"soliloquy-item soliloquy-item-1 soliloquy-id-7346 soliloquy-image-slide\" draggable=\"false\" style=\"list-style:none;\"><a href=\"https:\/\/hyfac.fr\/de\/nos-gammes\/hyfac-sun\/protection-solaire-invisible\/\" class=\"soliloquy-link\" title=\"HYFAC SUN Unsichtbarer Sonnenschutz\"><img id=\"soliloquy-image-7346\" class=\"soliloquy-image soliloquy-image-1\" src=\"https:\/\/hyfac.fr\/wp-content\/uploads\/2019\/01\/Diapositive34-1-200x200_c.jpeg\" alt=\"HYFAC SUN Unsichtbarer Sonnenschutz\" \/><\/a><div class=\"soliloquy-caption soliloquy-caption-bottom\"><div class=\"soliloquy-caption-inside\"><p>Unsichtbarer Sonnenschutz<\/p><br \/>\n<p style=\"font-size:13px\">SPF50+, Anti-Pollution<\/p><\/div><\/div><\/li><li aria-hidden=\"true\" class=\"soliloquy-item soliloquy-item-2 soliloquy-id-7347 soliloquy-image-slide\" draggable=\"false\" style=\"list-style:none;\"><a href=\"https:\/\/hyfac.fr\/de\/nos-gammes\/hyfac-sun\/protection-solaire-teintee\/\" class=\"soliloquy-link\" title=\"HYFAC SUN Get\u00f6nter Sonnenschutz SPF50+\"><img id=\"soliloquy-image-7347\" class=\"soliloquy-image soliloquy-image-2\" src=\"https:\/\/hyfac.fr\/wp-content\/uploads\/2019\/01\/Diapositive36-1-200x200_c.jpeg\" alt=\"HYFAC SUN Get\u00f6nter Sonnenschutz SPF50+\" \/><\/a><div class=\"soliloquy-caption soliloquy-caption-bottom\"><div class=\"soliloquy-caption-inside\"><p>Get\u00f6nter Sonnenschutz<\/p><br \/>\n<p style=\"font-size:13px\">SPF50+, Anti-Pollution<\/p><\/div><\/div><\/li><li aria-hidden=\"true\" class=\"soliloquy-item soliloquy-item-3 soliloquy-id-2824 soliloquy-image-slide\" draggable=\"false\" style=\"list-style:none;\"><a href=\"https:\/\/hyfac.fr\/de\/nos-gammes\/clarifac-soin-anti-taches\/\" class=\"soliloquy-link\" title=\"CLARIFAC Pflege gegen Fleckenaufhellung\"><img id=\"soliloquy-image-2824\" class=\"soliloquy-image soliloquy-image-3\" src=\"https:\/\/hyfac.fr\/wp-content\/uploads\/2018\/02\/Hyfac-Clarifac-soin-anti-taches-200x200_c.jpg\" alt=\"CLARIFAC Pflege gegen Fleckenaufhellung\" \/><\/a><div class=\"soliloquy-caption soliloquy-caption-bottom\"><div class=\"soliloquy-caption-inside\"><p>Anti-Flecken-Pflege<\/p><br \/>\n<p style=\"font-size:13px\">Gl\u00e4ttet und hellt den Teint auf<\/p><\/div><\/div><\/li><li aria-hidden=\"true\" class=\"soliloquy-item soliloquy-item-4 soliloquy-id-4698 soliloquy-image-slide\" draggable=\"false\" style=\"list-style:none;\"><a href=\"https:\/\/hyfac.fr\/de\/nos-gammes\/fotoker-creme-dermatologique\/\" class=\"soliloquy-link\" title=\"FOTOKER Dermatologische Creme\"><img id=\"soliloquy-image-4698\" class=\"soliloquy-image soliloquy-image-4\" src=\"https:\/\/hyfac.fr\/wp-content\/uploads\/2018\/03\/visuel-fotoker-e1526992981647.jpg\" alt=\"FOTOKER Dermatologische Creme\" \/><\/a><div class=\"soliloquy-caption soliloquy-caption-bottom\"><div class=\"soliloquy-caption-inside\"><p>Dermatologische Creme<\/p><br \/>\n<p style=\"font-size:13px\">Spendet Feuchtigkeit und repariert<\/p><\/div><\/div><\/li><li aria-hidden=\"true\" class=\"soliloquy-item soliloquy-item-5 soliloquy-id-2506 soliloquy-image-slide\" draggable=\"false\" style=\"list-style:none;\"><a href=\"https:\/\/hyfac.fr\/de\/nos-gammes\/hydrafac\/creme-legere\/\" class=\"soliloquy-link\" title=\"HYDRAFAC leichte Feuchtigkeitscreme f\u00fcr normale Haut und Mischhaut\"><img id=\"soliloquy-image-2506\" class=\"soliloquy-image soliloquy-image-5\" src=\"https:\/\/hyfac.fr\/wp-content\/uploads\/2018\/02\/hydrafac-creme-legere-200x200_c.jpg\" alt=\"HYDRAFAC leichte Feuchtigkeitscreme f\u00fcr normale Haut und Mischhaut\" \/><\/a><div class=\"soliloquy-caption soliloquy-caption-bottom\"><div class=\"soliloquy-caption-inside\"><p>Creme hell<\/p><br \/>\n<p style=\"font-size:13px\">Feuchtigkeitscreme f\u00fcr normale bis Mischhaut<\/p><\/div><\/div><\/li><li aria-hidden=\"true\" class=\"soliloquy-item soliloquy-item-6 soliloquy-id-2507 soliloquy-image-slide\" draggable=\"false\" style=\"list-style:none;\"><a href=\"https:\/\/hyfac.fr\/de\/nos-gammes\/hydrafac\/creme-riche\/%20\/\" class=\"soliloquy-link\" title=\"HYDRAFAC reichhaltige Feuchtigkeitscreme f\u00fcr trockene Haut\"><img id=\"soliloquy-image-2507\" class=\"soliloquy-image soliloquy-image-6\" src=\"https:\/\/hyfac.fr\/wp-content\/uploads\/2018\/02\/hydrafac-creme-riche-200x200_c.jpg\" alt=\"HYDRAFAC reichhaltige Feuchtigkeitscreme f\u00fcr trockene Haut\" \/><\/a><div class=\"soliloquy-caption soliloquy-caption-bottom\"><div class=\"soliloquy-caption-inside\"><p>Reichhaltige Creme<\/p><br \/>\n<p style=\"font-size:13px\">Feuchthaltecreme f\u00fcr trockene Haut<\/p><\/div><\/div><\/li><li aria-hidden=\"true\" class=\"soliloquy-item soliloquy-item-7 soliloquy-id-2505 soliloquy-image-slide\" draggable=\"false\" style=\"list-style:none;\"><a href=\"https:\/\/hyfac.fr\/de\/nos-gammes\/hydrafac\/baume-levres\/\" class=\"soliloquy-link\" title=\"HYDRAFAC Feuchthalte-Lippenbalsam\"><img id=\"soliloquy-image-2505\" class=\"soliloquy-image soliloquy-image-7\" src=\"https:\/\/hyfac.fr\/wp-content\/uploads\/2018\/02\/baume_hydrafac_3D-200x200_c.jpg\" alt=\"HYDRAFAC Feuchthalte-Lippenbalsam\" \/><\/a><div class=\"soliloquy-caption soliloquy-caption-bottom\"><div class=\"soliloquy-caption-inside\"><p>Lippenbalsam<\/p><br \/>\n<p style=\"font-size:13px\">N\u00e4hrt und spendet Feuchtigkeit<\/p><\/div><\/div><\/li><\/ul><\/div><noscript><style type=\"text\/css\" scoped>#soliloquy-container-5784{opacity:1}#soliloquy-container-5784 li > .soliloquy-caption{display:none}#soliloquy-container-5784 li:first-child > .soliloquy-caption{display:block}<\/style><div class=\"soliloquy-no-js\" style=\"display:none;visibility:hidden;height:0;line-height:0;opacity:0;\"><img class=\"soliloquy-image soliloquy-no-js-image\" src=\"https:\/\/hyfac.fr\/wp-content\/uploads\/2019\/01\/Diapositive34-1.jpeg\" alt=\"HYFAC SUN Unsichtbarer Sonnenschutz\" \/><img class=\"soliloquy-image soliloquy-no-js-image\" src=\"https:\/\/hyfac.fr\/wp-content\/uploads\/2019\/01\/Diapositive36-1.jpeg\" alt=\"HYFAC SUN Get\u00f6nter Sonnenschutz SPF50+\" \/><img class=\"soliloquy-image soliloquy-no-js-image\" src=\"https:\/\/hyfac.fr\/wp-content\/uploads\/2018\/02\/Hyfac-Clarifac-soin-anti-taches.jpg\" alt=\"CLARIFAC Pflege gegen Fleckenaufhellung\" \/><img class=\"soliloquy-image soliloquy-no-js-image\" src=\"https:\/\/hyfac.fr\/wp-content\/uploads\/2018\/03\/visuel-fotoker-e1526992981647.jpg\" alt=\"FOTOKER Dermatologische Creme\" \/><img class=\"soliloquy-image soliloquy-no-js-image\" src=\"https:\/\/hyfac.fr\/wp-content\/uploads\/2018\/02\/hydrafac-creme-legere.jpg\" alt=\"HYDRAFAC leichte Feuchtigkeitscreme f\u00fcr normale Haut und Mischhaut\" \/><img class=\"soliloquy-image soliloquy-no-js-image\" src=\"https:\/\/hyfac.fr\/wp-content\/uploads\/2018\/02\/hydrafac-creme-riche.jpg\" alt=\"HYDRAFAC reichhaltige Feuchtigkeitscreme f\u00fcr trockene Haut\" \/><img class=\"soliloquy-image soliloquy-no-js-image\" src=\"https:\/\/hyfac.fr\/wp-content\/uploads\/2018\/02\/baume_hydrafac_3D.jpg\" alt=\"HYDRAFAC Feuchthalte-Lippenbalsam\" \/><\/div><\/noscript><\/div>\n<\/div>\n<div id=\"savoir-prd\">\n<div class=\"h2prd\">\n<h2><span style=\"color: #fd4700;\">MEHR LERNEN<\/span><\/h2>\n<\/div>\n<div class=\"csRow\">\n<div class=\"csColumn\" style=\"margin: 0px; padding: 0px; float: left; width: 38.6%;\" data-csstartpoint=\"0\" data-csendpoint=\"370.5\" data-cswidth=\"38.6%\" data-csid=\"beb42ad8-6bfd-a029-8282-bd93ae120b4d\"><a href=\"https:\/\/hyfac.fr\/de\/sos-dermato\/4323-cremes-solaire-proteger-sa-peau\/\" target=\"_blank\" rel=\"noopener\"><img loading=\"lazy\" class=\"aligncenter wp-image-4346 size-thumbnail\" src=\"https:\/\/hyfac.fr\/wp-content\/uploads\/2018\/03\/banniere_carree_site_hyfac_intro_themes3-250x250.jpg\" alt=\"Sonnenschutzmittel\" width=\"250\" height=\"250\"><\/a><\/div>\n<div class=\"csColumnGap\" style=\"margin: 0px; padding: 0px; float: left; width: 1.56%;\"><img style=\"border: none;\" src=\"https:\/\/hyfac.fr\/wp-content\/plugins\/advanced-wp-columns\/assets\/js\/plugins\/views\/img\/1x1-pixel.png\"><\/div>\n<div class=\"csColumn\" style=\"margin: 0px; padding: 0px; float: left; width: 59.8%;\" data-csstartpoint=\"385.5\" data-csendpoint=\"960\" data-cswidth=\"59.8%\" data-csid=\"56e6cac6-63f3-6945-9ddf-f20a5ec7912c\">\n<p>Sonnenschutzmittel sind wirksam, um die Haut vor Sonnenstrahlen zu sch\u00fctzen, vorausgesetzt, sie werden regelm\u00e4\u00dfig und gro\u00dffl\u00e4chig aufgetragen. Nat\u00fcrlich sind Kleidung, breitkrempige H\u00fcte und Sonnenbrillen unverzichtbare Schutzmittel, vor allem zwischen 11:00 und 15:00 Uhr (in dieser Zeit sind die Sonnenstrahlen am aggressivsten), aber sie m\u00fcssen mit einem Sonnenschutzmittel kombiniert werden, das auf die jeweilige Situation und den eigenen Phototyp abgestimmt ist. Sonnenschutzmittel sind wirksam, wenn sie gegen UVA und UVB wirken. Auf dem Markt gibt es Schutzprodukte, die Sonnenfilter enthalten, oder Sonnenschutzmittel.<\/p>\n<div id=\"savoirplus\"><a href=\"https:\/\/hyfac.fr\/de\/sos-dermato\/4323-cremes-solaire-proteger-sa-peau\/\">Mehr \u00fcber Sonnenschutzprodukte<\/a><\/div>\n<\/div>\n<div style=\"clear: both; float: none; display: block; visibility: hidden; width: 0px; font-size: 0px; line-height: 0;\">&nbsp;<\/div>\n<\/div>\n<\/div>\n<div id=\"compo-prd\">\n<div class=\"h2prd\">\n<h2><span style=\"color: #fd4700;\">ZUSAMMENSETZUNGEN <span style=\"font-size: 14pt;\">\/<\/span> ZUTATEN<\/span><\/h2>\n<\/div>\n<p><span style=\"color: #cebfb6;\">INCI: AQUA (WATER), OCTOCRYLENE, METHYLENE BIS-BENZOTRIAZOLYL TETRAMETHYLBUTYLPHENOL [NANO], DIBUTYL ADIPAT, DICAPRYLYL CARBONATE, CYCLOPENTASILOXANE, CETEARETH-20, CYCLOHEXASILOXANE, GLYCERIN, PTFE, BUTYL METHOXYDIBENZOYLMETHANE (AVOBENZON), BIS-ETHYLHEXYLOXYPHENOL METHOXYPHENYL TRIAZINE, DECYL GLUCOSIDE, BUTYLENE GLYCOL, ETHYLHEXYL TRIAZONE, TOCOPHEROL, ORBIGNYA OLEIFERA SEED OIL, MALTODEXTRIN, MORINGA OLEIFERA SEED EXTRACT, SODIUM POLYACRYLATE, PARFUM (FRAGRANCE), XANTHAN GUM, CITRIC ACID, PROPYLENE GLYCOL, CHLORPHENESIN, TETRASODIUM GLUTAMATE DIACETATE, SODIUM BENZOATE, o-CYMEN-5-OL.<\/span><\/p>\n<\/div>","protected":false},"excerpt":{"rendered":"<p>SPF 50+, anti-pollution.<\/p>","protected":false},"author":1,"featured_media":2648,"parent":2592,"menu_order":0,"comment_status":"closed","ping_status":"closed","template":"page\/page-template-newprdhyfacsun.php","meta":{"_mi_skip_tracking":false,"spay_email":""},"_links":{"self":[{"href":"https:\/\/hyfac.fr\/de\/wp-json\/wp\/v2\/pages\/2596"}],"collection":[{"href":"https:\/\/hyfac.fr\/de\/wp-json\/wp\/v2\/pages"}],"about":[{"href":"https:\/\/hyfac.fr\/de\/wp-json\/wp\/v2\/types\/page"}],"author":[{"embeddable":true,"href":"https:\/\/hyfac.fr\/de\/wp-json\/wp\/v2\/users\/1"}],"replies":[{"embeddable":true,"href":"https:\/\/hyfac.fr\/de\/wp-json\/wp\/v2\/comments?post=2596"}],"version-history":[{"count":49,"href":"https:\/\/hyfac.fr\/de\/wp-json\/wp\/v2\/pages\/2596\/revisions"}],"predecessor-version":[{"id":15034,"href":"https:\/\/hyfac.fr\/de\/wp-json\/wp\/v2\/pages\/2596\/revisions\/15034"}],"up":[{"embeddable":true,"href":"https:\/\/hyfac.fr\/de\/wp-json\/wp\/v2\/pages\/2592"}],"wp:featuredmedia":[{"embeddable":true,"href":"https:\/\/hyfac.fr\/de\/wp-json\/wp\/v2\/media\/2648"}],"wp:attachment":[{"href":"https:\/\/hyfac.fr\/de\/wp-json\/wp\/v2\/media?parent=2596"}],"curies":[{"name":"wp","href":"https:\/\/api.w.org\/{rel}","templated":true}]}}