{"id":2606,"date":"2016-05-26T00:50:46","date_gmt":"2016-05-25T22:50:46","guid":{"rendered":"http:\/\/hyfac.fr\/?page_id=2606"},"modified":"2025-10-31T14:22:36","modified_gmt":"2025-10-31T13:22:36","slug":"active-mask","status":"publish","type":"page","link":"https:\/\/hyfac.fr\/de\/nos-gammes\/hyfac-woman\/active-mask\/","title":{"rendered":"Aktive Maske"},"content":{"rendered":"<div style=\"width: 960px;\"><\/div>\n<div id=\"prd\">\n<div class=\"csRow\">\n<div class=\"csColumn\" style=\"margin: 0px; padding: 0px; float: left; width: 43%;\" data-csstartpoint=\"0\" data-csendpoint=\"430\" data-cswidth=\"43.0%\" data-csid=\"beb42ad8-6bfd-a029-8282-bd93ae120b4d\">\n<style type=\"text\/css\">#soliloquy-container-5298 .soliloquy-pager{bottom: -30px;}<\/style><div class=\"soliloquy-outer-container\" data-soliloquy-loaded=\"0\"><div aria-live=\"polite\" id=\"soliloquy-container-5298\" class=\"soliloquy-container soliloquy-transition-horizontal soliloquy-slide-horizontal soliloquy-controls-active slider-img-prd soliloquy-theme-base\" style=\"max-width:400px;max-height:500px;margin:0 auto 20px;max-width:100%;max-height:none;\"><ul id=\"soliloquy-5298\" class=\"soliloquy-slider soliloquy-slides soliloquy-wrap soliloquy-clear\"><li aria-hidden=\"true\" class=\"soliloquy-item soliloquy-item-1 soliloquy-id-15334 soliloquy-image-slide\" draggable=\"false\" style=\"list-style:none;\"><a href=\"https:\/\/hyfac.fr\/wp-content\/uploads\/2022\/02\/Sans-titre-61.jpeg\" class=\"soliloquy-link\" title=\"Aktive Maske\" rel=\"soliloquybox5298\" data-thumbnail=\"https:\/\/hyfac.fr\/wp-content\/uploads\/2022\/02\/Sans-titre-61-75x75_c.jpeg\"><img id=\"soliloquy-image-15334\" class=\"soliloquy-image soliloquy-image-1\" src=\"https:\/\/hyfac.fr\/wp-content\/uploads\/2022\/02\/Sans-titre-61-400x500_c.jpeg\" alt=\"Aktive Maske\" \/><\/a><\/li><li aria-hidden=\"true\" class=\"soliloquy-item soliloquy-item-2 soliloquy-id-5573 soliloquy-image-slide\" draggable=\"false\" style=\"list-style:none;\"><img id=\"soliloquy-image-5573\" class=\"soliloquy-image soliloquy-image-2 soliloquy-preload\" src=\"https:\/\/hyfac.fr\/wp-content\/plugins\/soliloquy\/assets\/css\/images\/holder.gif\" data-soliloquy-src=\"https:\/\/hyfac.fr\/wp-content\/uploads\/2018\/09\/Diapositive22-400x500_c.jpeg\" alt=\"HYFAC WOMAN Aktiv-Maske f\u00fcr Frauen\" \/><\/li><li aria-hidden=\"true\" class=\"soliloquy-item soliloquy-item-3 soliloquy-id-5585 soliloquy-image-slide\" draggable=\"false\" style=\"list-style:none;\"><img id=\"soliloquy-image-5585\" class=\"soliloquy-image soliloquy-image-3 soliloquy-preload\" src=\"https:\/\/hyfac.fr\/wp-content\/plugins\/soliloquy\/assets\/css\/images\/holder.gif\" data-soliloquy-src=\"https:\/\/hyfac.fr\/wp-content\/uploads\/2018\/09\/Diapositive23-2-400x500_c.jpeg\" alt=\"HYFAC WOMAN Aktiv-Maske f\u00fcr Frauen\" \/><\/li><\/ul><\/div><noscript><style type=\"text\/css\" scoped>#soliloquy-container-5298{opacity:1}#soliloquy-container-5298 li > .soliloquy-caption{display:none}#soliloquy-container-5298 li:first-child > .soliloquy-caption{display:block}<\/style><div class=\"soliloquy-no-js\" style=\"display:none;visibility:hidden;height:0;line-height:0;opacity:0;\"><img class=\"soliloquy-image soliloquy-no-js-image\" src=\"https:\/\/hyfac.fr\/wp-content\/uploads\/2022\/02\/Sans-titre-61.jpeg\" alt=\"Aktive Maske\" \/><img class=\"soliloquy-image soliloquy-no-js-image\" src=\"https:\/\/hyfac.fr\/wp-content\/uploads\/2018\/09\/Diapositive22.jpeg\" alt=\"HYFAC WOMAN Aktiv-Maske f\u00fcr Frauen\" \/><img class=\"soliloquy-image soliloquy-no-js-image\" src=\"https:\/\/hyfac.fr\/wp-content\/uploads\/2018\/09\/Diapositive23-2.jpeg\" alt=\"HYFAC WOMAN Aktiv-Maske f\u00fcr Frauen\" \/><\/div><\/noscript><\/div>\n<\/div>\n<div class=\"csColumnGap\" style=\"margin: 0px; padding: 0px; float: left; width: 7.7%;\"><img style=\"border: none;\" src=\"https:\/\/hyfac.fr\/wp-content\/plugins\/advanced-wp-columns\/assets\/js\/plugins\/views\/img\/1x1-pixel.png\" \/><\/div>\n<div class=\"csColumn\" style=\"margin: 0px; padding: 0px; float: left; width: 49.3%;\" data-csstartpoint=\"507\" data-csendpoint=\"1000\" data-cswidth=\"49.3%\" data-csid=\"56e6cac6-63f3-6945-9ddf-f20a5ec7912c\">\n<h1><span style=\"color: #d0006d; line-height: 35px;\">AKTIV-MASKE<\/span><\/h1>\n<p><span style=\"color: #d0006d;\">Baureihe HYFAC Woman<\/span><br \/>\nBoite 15 sachets.<\/p>\n<p><br \/>\nMasque peel-off pour l&#8217;acn\u00e9 de la femme adulte cibl\u00e9 sur la glande s\u00e9bac\u00e9e. Diminue la s\u00e9cr\u00e9tion de s\u00e9bum et les l\u00e9sions r\u00e9tentionnelles.<\/p>\n<ul id=\"ulprd\">\n<li><img class=\"logo-prd\" src=\"\/wp-content\/uploads\/2018\/10\/ANTI_BOUTONS_WOMAN.png\" alt=\"anti_akne\" width=\"50\" \/><br \/>\nANTI-AKNE<\/li>\n<li><img class=\"logo-prd\" src=\"\/wp-content\/uploads\/2018\/10\/Desincruste.png\" alt=\"unclogs\" width=\"50\" \/><br \/>\nDESINCRUSTE<\/li>\n<li><img class=\"logo-prd\" src=\"\/wp-content\/uploads\/2018\/10\/Matifie.png\" alt=\"matt\" width=\"50\" \/><br \/>\nMATIFY<\/li>\n<\/ul>\n<ul id=\"ulprd-link\">\n<li><p class=\"product woocommerce add_to_cart_inline\" style=\"border:4px solid #ccc; padding: 12px;\"><span class=\"woocommerce-Price-amount amount\"><bdi>24,90&nbsp;<span class=\"woocommerce-Price-currencySymbol\">\u20ac<\/span><\/bdi><\/span><a href=\"?add-to-cart=14928\" data-quantity=\"1\" class=\"button product_type_simple add_to_cart_button ajax_add_to_cart\" data-product_id=\"14928\" data-product_sku=\"\" aria-label=\"\u201eWoman - Active Mask\u201c zu deinem Warenkorb hinzuf\u00fcgen\" rel=\"nofollow\" data-no-translation=\"\" data-trp-gettext=\"\" data-no-translation-aria-label=\"\">In den Warenkorb<\/a><\/p><\/li>\n<li><\/li>\n<li><a href=\"https:\/\/hyfac.fr\/de\/pres-de-chez-vous\/\"><img class=\"img2\" src=\"\/wp-content\/uploads\/2018\/06\/logo-map-e1530138886120.png\" alt=\"loc\" \/>Finden Sie eine Verkaufsstelle<\/a><\/li>\n<\/ul>\n<ul id=\"ulprd-link\">\n<li class=\"infotri\"><span class=\"spantri\">Entdecken Sie unsere Sortieranleitung<\/span><br \/>\n<img class=\"imgtri\" src=\"https:\/\/hyfac.fr\/wp-content\/uploads\/2020\/12\/HYFAC-WOMAN-Active-Mask.png\" \/><\/li>\n<\/ul>\n<\/div>\n<div style=\"clear: both; float: none; display: block; visibility: hidden; width: 0px; font-size: 0px; line-height: 0;\"><\/div>\n<\/div>\n<\/div>\n<div id=\"descript-prd\">HYFAC WOMAN ACTIVE MASK est une <strong>solution<\/strong> innovante de l\u2019acn\u00e9 de la femme adulte. Il agit localement et directement \u00e0 l\u2019origine de l\u2019apparition des boutons, com\u00e9dons et microkystes. Ses actifs agissent au sein de la <strong>Talgdr\u00fcse<\/strong> durch Reduzierung der Anwesenheit von <strong>m\u00e4nnliche Hormone<\/strong> und durch die F\u00f6rderung des Selbstausscheidungsmechanismus von Abfallstoffen innerhalb der Hautzellen. A <strong>klinische Studie<\/strong> die an 40 Frauen durchgef\u00fchrt wurde, zeigt die Wirksamkeit der Maske gegen Akne sowie ihre hohe Vertr\u00e4glichkeit.<\/div>\n<div id=\"menu-prdnew\">\n<ul>\n<li><a id=\"lienmenuconseil\" href=\"#prd\">ANWENDUNGSTIPPS<\/a><\/li>\n<li><a id=\"lienmenuactifs\" href=\"#conseil-prd\">AKTIVA<\/a><\/li>\n<li><a id=\"lienmenucmplt\" href=\"#actifs-prd\">KOMPLEMENT\u00c4RPRODUKTE<\/a><\/li>\n<li><a id=\"lienmenusavoir\" href=\"#cmplt-prd\">MEHR LERNEN<\/a><\/li>\n<li><a id=\"lienmenucompo\" href=\"#savoir-prd\">ZUSAMMENSETZUNG<\/a><\/li>\n<\/ul>\n<\/div>\n<div id=\"conseil-prd\">\n<div class=\"csRow\">\n<div class=\"csColumn\" style=\"margin: 0px; padding: 0px; float: left; width: 70.8%;\" data-csstartpoint=\"0\" data-csendpoint=\"680\" data-cswidth=\"70.8%\" data-csid=\"7ce9a14c-d45b-a3f2-987b-63fd249cc312\">\n<p><span style=\"color: #d0006d;\">WIE WIRD DIE HYFAC WOMAN ACTIVE MASK ANGEWENDET?<\/span><\/p>\n<p>Abends nach der Reinigung und dem Abtrocknen der Haut den Inhalt eines Gel-Beutels auf das Gesicht auftragen, insbesondere auf die am meisten betroffenen Stellen. Vermeiden Sie den Kontakt mit den Augen und dem Mund. Lassen Sie die Maske \u00fcber Nacht einwirken und entfernen Sie sie am n\u00e4chsten Morgen.<\/p>\n<p>Das Gel trocknet in 1 Stunde und verwandelt sich in eine Peel-off-Maske. Die Peel-off-Maske erm\u00f6glicht das tiefe Eindringen der Wirkstoffe durch Okklusion. Es sind mindestens 4 Stunden Anwendung erforderlich.<\/p>\n<p>Appliquer le masque 3 fois par semaine pendant 2 mois. A la fin, il est conseill\u00e9 de faire un masque par semaine pour entretenir sa peau.<\/p>\n<p><span style=\"color: #d0006d;\">Une bo\u00eete d\u2019Active Mask contient 15 sachets de 5ml (un mois d&#8217;utilisation). Un sachet est \u00e0 usage unique et correspond \u00e0 une application.<\/span><\/p>\n<\/div>\n<div class=\"csColumnGap\" style=\"margin: 0px; padding: 0px; float: left; width: 1.56%;\"><img style=\"border: none;\" src=\"https:\/\/hyfac.fr\/wp-content\/plugins\/advanced-wp-columns\/assets\/js\/plugins\/views\/img\/1x1-pixel.png\" \/><\/div>\n<div class=\"csColumn\" style=\"margin: 0px; padding: 0px; float: left; width: 27.6%;\" data-csstartpoint=\"695\" data-csendpoint=\"960\" data-cswidth=\"27.6%\" data-csid=\"2de6301b-fc0e-6c4c-b16e-671973f34d15\">\n<p><img loading=\"lazy\" class=\"aligncenter wp-image-5140\" src=\"https:\/\/hyfac.fr\/wp-content\/uploads\/2018\/07\/conseil-250x250.png\" alt=\"\" width=\"180\" height=\"181\" srcset=\"https:\/\/hyfac.fr\/wp-content\/uploads\/2018\/07\/conseil-250x250.png 250w, https:\/\/hyfac.fr\/wp-content\/uploads\/2018\/07\/conseil-298x300.png 298w, https:\/\/hyfac.fr\/wp-content\/uploads\/2018\/07\/conseil.png 308w\" sizes=\"(max-width: 180px) 100vw, 180px\" \/><\/p>\n<\/div>\n<div style=\"clear: both; float: none; display: block; visibility: hidden; width: 0px; font-size: 0px; line-height: 0;\"><\/div>\n<\/div>\n<\/div>\n<div id=\"actifs-prd\">\n<div class=\"h2prd\">\n<h2><span style=\"color: #d0006d;\">SCHWERPUNKTVERM\u00d6GEN<\/span><\/h2>\n<\/div>\n<p><span style=\"color: #d0006d;\">Myo-Inositol 1%<\/span><br \/>\nDiminue la concentration d\u2019hormones m\u00e2les (responsables de l&#8217;apparition de l&#8217;acn\u00e9 de la femme) au sein de la glande s\u00e9bac\u00e9e.\u00a0Diminue la s\u00e9cr\u00e9tion de s\u00e9bum.<\/p>\n<p><span style=\"color: #d0006d;\">Extremosio\u00ae 4%<\/span><br \/>\nF\u00f6rdert den Autophagie-Mechanismus in den Keratinozyten. Die Zellen verdauen ihren eigenen Abfall, so dass die Poren weniger verstopft sind. Reduziert retentive L\u00e4sionen.<\/p>\n<\/div>\n<div id=\"cmplt-prd\">\n<div class=\"h2prd\">\n<h2><span style=\"color: #d0006d;\">KOMPLEMENT\u00c4RPRODUKTE<\/span><\/h2>\n<\/div>\n<style type=\"text\/css\">#soliloquy-container-5181 .soliloquy-prev{left: -60px;background-color:#d0006d;}#soliloquy-container-5181 .soliloquy-next{right: -60px;background-color:#d0006d;}#soliloquy-container-5181 .soliloquy-image{background: #f3f3f3;border: 1px solid #ddd;padding:3px;}#soliloquy-container-5181 .soliloquy-viewport{height: 260px !important;}#soliloquy-container-5181 .soliloquy-caption-bottom{position: relative;}#soliloquy-container-5181 .soliloquy-caption-inside{color:#CEBFB6; text-shadow:none;background:none;}@media only screen and (max-width: 1000px){#soliloquy-container-5181 .soliloquy-prev{left: 0px;}#soliloquy-container-5181 .soliloquy-next{right: 0px;}#soliloquy-container-5181 .soliloquy-viewport{height: 200px;}}<\/style><div class=\"soliloquy-outer-container soliloquy-carousel\" data-soliloquy-loaded=\"0\"><div aria-live=\"polite\" id=\"soliloquy-container-5181\" class=\"soliloquy-container soliloquy-transition-horizontal soliloquy-slide-horizontal soliloquy-arrows-active  soliloquy-theme-base\" style=\"max-width:960px;max-height:300px;margin:0 auto 20px;\"><ul id=\"soliloquy-5181\" class=\"soliloquy-slider soliloquy-slides soliloquy-wrap soliloquy-clear\"><li aria-hidden=\"true\" class=\"soliloquy-item soliloquy-item-1 soliloquy-id-5615 soliloquy-image-slide\" draggable=\"false\" style=\"list-style:none;\"><a href=\"https:\/\/hyfac.fr\/de\/nos-gammes\/hyfac-woman\/eau-micellaire\/\" class=\"soliloquy-link\" title=\"HYFAC WOMAN Reinigendes Mizellenwasser\"><img id=\"soliloquy-image-5615\" class=\"soliloquy-image soliloquy-image-1\" src=\"https:\/\/hyfac.fr\/wp-content\/uploads\/2018\/07\/Diapositive19-200x200_c.jpeg\" alt=\"HYFAC WOMAN Reinigendes Mizellenwasser\" \/><\/a><div class=\"soliloquy-caption soliloquy-caption-bottom\"><div class=\"soliloquy-caption-inside\"><p>Micellar Wasser<\/p><br \/>\n<p style=\"font-size:13px\">Reinigt und entfernt Make-up<\/p><\/div><\/div><\/li><li aria-hidden=\"true\" class=\"soliloquy-item soliloquy-item-2 soliloquy-id-5613 soliloquy-image-slide\" draggable=\"false\" style=\"list-style:none;\"><a href=\"https:\/\/hyfac.fr\/de\/nos-gammes\/hyfac-woman\/soin-global\/\" class=\"soliloquy-link\" title=\"HYFAC WOMAN globale Antiimperfektionspflege f\u00fcr Frauen\"><img id=\"soliloquy-image-5613\" class=\"soliloquy-image soliloquy-image-2\" src=\"https:\/\/hyfac.fr\/wp-content\/uploads\/2018\/07\/Diapositive15-200x200_c.jpeg\" alt=\"HYFAC WOMAN globale Antiimperfektionspflege f\u00fcr Frauen\" \/><\/a><div class=\"soliloquy-caption soliloquy-caption-bottom\"><div class=\"soliloquy-caption-inside\"><p>Globale Pflege<\/p><br \/>\n<p style=\"font-size:13px\">Reduziert Hautunreinheiten und spendet Feuchtigkeit<\/p><\/div><\/div><\/li><li aria-hidden=\"true\" class=\"soliloquy-item soliloquy-item-3 soliloquy-id-5614 soliloquy-image-slide\" draggable=\"false\" style=\"list-style:none;\"><a href=\"https:\/\/hyfac.fr\/de\/nos-gammes\/hyfac-woman\/gommage-douceur\/\" class=\"soliloquy-link\" title=\"HYFAC WOMAN sanftes Peeling-Peeling\"><img id=\"soliloquy-image-5614\" class=\"soliloquy-image soliloquy-image-3\" src=\"https:\/\/hyfac.fr\/wp-content\/uploads\/2018\/07\/Diapositive17-200x200_c.jpeg\" alt=\"HYFAC WOMAN sanftes Peeling-Peeling\" \/><\/a><div class=\"soliloquy-caption soliloquy-caption-bottom\"><div class=\"soliloquy-caption-inside\"><p>Sanftes Peeling<\/p><br \/>\n<p style=\"font-size:13px\">Kl\u00e4rt und stellt die Strahlkraft wieder her<\/p><\/div><\/div><\/li><li aria-hidden=\"true\" class=\"soliloquy-item soliloquy-item-4 soliloquy-id-15334 soliloquy-image-slide\" draggable=\"false\" style=\"list-style:none;\"><a href=\"https:\/\/hyfac.fr\/de\/nos-gammes\/hyfac-woman\/active-mask\/\" class=\"soliloquy-link\" title=\"HYFAC WOMAN Active Mask Aknebehandlung f\u00fcr erwachsene Frauen\"><img id=\"soliloquy-image-15334\" class=\"soliloquy-image soliloquy-image-4\" src=\"https:\/\/hyfac.fr\/wp-content\/uploads\/2022\/02\/Sans-titre-61-200x200_c.jpeg\" alt=\"HYFAC WOMAN Active Mask Aknebehandlung f\u00fcr erwachsene Frauen\" \/><\/a><div class=\"soliloquy-caption soliloquy-caption-bottom\"><div class=\"soliloquy-caption-inside\"><p>Aktive Maske<\/p><br \/>\n<p style=\"font-size:13px\">Behandlung von Akne bei Frauen<\/p><\/div><\/div><\/li><\/ul><\/div><noscript><style type=\"text\/css\" scoped>#soliloquy-container-5181{opacity:1}#soliloquy-container-5181 li > .soliloquy-caption{display:none}#soliloquy-container-5181 li:first-child > .soliloquy-caption{display:block}<\/style><div class=\"soliloquy-no-js\" style=\"display:none;visibility:hidden;height:0;line-height:0;opacity:0;\"><img class=\"soliloquy-image soliloquy-no-js-image\" src=\"https:\/\/hyfac.fr\/wp-content\/uploads\/2018\/07\/Diapositive19.jpeg\" alt=\"HYFAC WOMAN Reinigendes Mizellenwasser\" \/><img class=\"soliloquy-image soliloquy-no-js-image\" src=\"https:\/\/hyfac.fr\/wp-content\/uploads\/2018\/07\/Diapositive15.jpeg\" alt=\"HYFAC WOMAN globale Antiimperfektionspflege f\u00fcr Frauen\" \/><img class=\"soliloquy-image soliloquy-no-js-image\" src=\"https:\/\/hyfac.fr\/wp-content\/uploads\/2018\/07\/Diapositive17.jpeg\" alt=\"HYFAC WOMAN sanftes Peeling-Peeling\" \/><img class=\"soliloquy-image soliloquy-no-js-image\" src=\"https:\/\/hyfac.fr\/wp-content\/uploads\/2022\/02\/Sans-titre-61.jpeg\" alt=\"HYFAC WOMAN Active Mask Aknebehandlung f\u00fcr erwachsene Frauen\" \/><\/div><\/noscript><\/div>\n<\/div>\n<div id=\"savoir-prd\">\n<div class=\"h2prd\">\n<h2><span style=\"color: #d0006d;\">MEHR LERNEN<\/span><\/h2>\n<\/div>\n<div class=\"csRow\">\n<div class=\"csColumn\" style=\"margin: 0px; padding: 0px; float: left; width: 38.6%;\" data-csstartpoint=\"0\" data-csendpoint=\"370.5\" data-cswidth=\"38.6%\" data-csid=\"beb42ad8-6bfd-a029-8282-bd93ae120b4d\"><a href=\"https:\/\/hyfac.fr\/de\/sos-dermato\/4321-acne-de-la-femme-adulte\/\" target=\"_blank\" rel=\"noopener\"><img loading=\"lazy\" class=\"aligncenter wp-image-4368 size-thumbnail\" src=\"https:\/\/hyfac.fr\/wp-content\/uploads\/2018\/03\/banniere_carree_site_hyfac_intro_themes_femme-250x250.jpeg\" alt=\"Akne bei erwachsenen Frauen\" width=\"250\" height=\"250\" srcset=\"https:\/\/hyfac.fr\/wp-content\/uploads\/2018\/03\/banniere_carree_site_hyfac_intro_themes_femme-250x250.jpeg 250w, https:\/\/hyfac.fr\/wp-content\/uploads\/2018\/03\/banniere_carree_site_hyfac_intro_themes_femme-300x300.jpeg 300w, https:\/\/hyfac.fr\/wp-content\/uploads\/2018\/03\/banniere_carree_site_hyfac_intro_themes_femme.jpeg 543w\" sizes=\"(max-width: 250px) 100vw, 250px\" \/><\/a><\/div>\n<div class=\"csColumnGap\" style=\"margin: 0px; padding: 0px; float: left; width: 1.56%;\"><img style=\"border: none;\" src=\"https:\/\/hyfac.fr\/wp-content\/plugins\/advanced-wp-columns\/assets\/js\/plugins\/views\/img\/1x1-pixel.png\" \/><\/div>\n<div class=\"csColumn\" style=\"margin: 0px; padding: 0px; float: left; width: 59.8%;\" data-csstartpoint=\"385.5\" data-csendpoint=\"960\" data-cswidth=\"59.8%\" data-csid=\"56e6cac6-63f3-6945-9ddf-f20a5ec7912c\">Akne bei erwachsenen Frauen ist in den letzten Jahren auf dem Vormarsch: Man sch\u00e4tzt, dass fast 40% der Frauen \u00fcber 20 Jahren \u00fcber Akne klagen. Diese besondere Form der Akne tritt haupts\u00e4chlich im Gesicht auf, vor allem an der Basis der Wangen und des Kinns. Sie kann die gleiche Form wie die Teenager-Akne annehmen, eine Mischung aus entz\u00fcndlichen Pickeln, Komedonen (Mitessern) und wei\u00dfen Mikrozysten im Gesicht. Akne ist f\u00fcr Frauen im Allgemeinen sehr schwer zu bew\u00e4ltigen. Die Schwierigkeit, Akne bei erwachsenen Frauen zu behandeln, die Abh\u00e4ngigkeit von Make-up, um Unvollkommenheiten zu verbergen, das Gef\u00fchl, in die Pubert\u00e4t zur\u00fcckzukehren, sind alles Gr\u00fcnde, die die Lebensqualit\u00e4t ver\u00e4ndern. Eine aktuelle Studie zeigt insbesondere bei erwachsenen Frauen, die unter Akne leiden, eine signifikante Ver\u00e4nderung des Selbstbewusstseins.Die Anwendung einer Anti-Akne-Maske erm\u00f6glicht durch die okklusive Wirkung eine optimale Penetration der Wirkstoffe. Active Mask wird in Form eines Gels pr\u00e4sentiert. Nach dem Auftragen trocknet es innerhalb einer Stunde auf der Haut und wird zu einer Maske, die sehr leicht zu entfernen ist. Es wird empfohlen, die Maske \u00fcber Nacht auf dem Gesicht zu lassen. Die H\u00e4ufigkeit der Anwendung betr\u00e4gt 3 mal pro Woche f\u00fcr eine Gesamtbehandlungsdauer von 2 Monaten.<br \/>\nEine ver\u00f6ffentlichte Pilotstudie (klinische Studie: Anwendung des Produkts \u00fcber 60 Tage bei 40 Patienten) zeigt eine signifikante Verbesserung von entz\u00fcndlichen Pickeln, Mitessern und Mikrozysten im Gesicht nach zweimonatiger Anwendung.<\/p>\n<div id=\"savoirplus\"><a href=\"https:\/\/hyfac.fr\/de\/sos-dermato\/4321-acne-de-la-femme-adulte\/\">En savoir plus sur l&#8217;acn\u00e9 de la femme adulte<\/a><\/div>\n<\/div>\n<div style=\"clear: both; float: none; display: block; visibility: hidden; width: 0px; font-size: 0px; line-height: 0;\"><\/div>\n<\/div>\n<\/div>\n<div id=\"compo-prd\">\n<div class=\"h2prd\">\n<h2><span style=\"color: #d0006d;\">ZUSAMMENSETZUNGEN <span style=\"font-size: 14pt;\">\/<\/span> ZUTATEN<\/span><\/h2>\n<\/div>\n<p><span style=\"color: #cebfb6;\">INCI : POLYVINYLALKOHOL (PVA), PROPANDIOL, RHAMNOSE, GLUCOSE, GLUCURONS\u00c4URE, LIPOSOMEN MIT TREHALOSE, MYO-INOSITOL, ETHYLALKOHOL, PFLANZLICHES GLYCERIN, XANTHANGUMMI, ZITRONENS\u00c4URE, SILBER, DEHYDROACETAT-NATRIUM, CHLORPHENESIN, WASSER.<\/span><\/p>\n<\/div>","protected":false},"excerpt":{"rendered":"<p>Behandlung von Akne bei Frauen.<\/p>","protected":false},"author":1,"featured_media":15334,"parent":47,"menu_order":1,"comment_status":"closed","ping_status":"closed","template":"page\/page-template-newprdwoman.php","meta":{"_mi_skip_tracking":false,"spay_email":""},"_links":{"self":[{"href":"https:\/\/hyfac.fr\/de\/wp-json\/wp\/v2\/pages\/2606"}],"collection":[{"href":"https:\/\/hyfac.fr\/de\/wp-json\/wp\/v2\/pages"}],"about":[{"href":"https:\/\/hyfac.fr\/de\/wp-json\/wp\/v2\/types\/page"}],"author":[{"embeddable":true,"href":"https:\/\/hyfac.fr\/de\/wp-json\/wp\/v2\/users\/1"}],"replies":[{"embeddable":true,"href":"https:\/\/hyfac.fr\/de\/wp-json\/wp\/v2\/comments?post=2606"}],"version-history":[{"count":41,"href":"https:\/\/hyfac.fr\/de\/wp-json\/wp\/v2\/pages\/2606\/revisions"}],"predecessor-version":[{"id":15889,"href":"https:\/\/hyfac.fr\/de\/wp-json\/wp\/v2\/pages\/2606\/revisions\/15889"}],"up":[{"embeddable":true,"href":"https:\/\/hyfac.fr\/de\/wp-json\/wp\/v2\/pages\/47"}],"wp:featuredmedia":[{"embeddable":true,"href":"https:\/\/hyfac.fr\/de\/wp-json\/wp\/v2\/media\/15334"}],"wp:attachment":[{"href":"https:\/\/hyfac.fr\/de\/wp-json\/wp\/v2\/media?parent=2606"}],"curies":[{"name":"wp","href":"https:\/\/api.w.org\/{rel}","templated":true}]}}