{"id":2823,"date":"2018-02-21T01:24:54","date_gmt":"2018-02-21T00:24:54","guid":{"rendered":"http:\/\/hyfac.fr\/?page_id=2823"},"modified":"2022-02-10T02:05:06","modified_gmt":"2022-02-10T01:05:06","slug":"clarifac-soin-anti-taches","status":"publish","type":"page","link":"https:\/\/hyfac.fr\/de\/nos-gammes\/clarifac-soin-anti-taches\/","title":{"rendered":"CLARIFAC - Pigmentierungsst\u00f6rungen"},"content":{"rendered":"<p>&nbsp;<\/p>\n<div style=\"width: 960px;\">&nbsp;<\/div>\n<div id=\"prd\">\n<div class=\"csRow\">\n<div class=\"csColumn\" style=\"margin: 0px; padding: 0px; float: left; width: 43%;\" data-csstartpoint=\"0\" data-csendpoint=\"430\" data-cswidth=\"43.0%\" data-csid=\"beb42ad8-6bfd-a029-8282-bd93ae120b4d\">\n<style type=\"text\/css\">#soliloquy-container-5311 .soliloquy-pager{bottom: -30px;}<\/style><div class=\"soliloquy-outer-container\" data-soliloquy-loaded=\"0\"><div aria-live=\"polite\" id=\"soliloquy-container-5311\" class=\"soliloquy-container soliloquy-transition-horizontal soliloquy-slide-horizontal soliloquy-controls-active slider-img-prd soliloquy-theme-base\" style=\"max-width:340px;max-height:538px;margin:0 auto 20px;max-width:100%;max-height:none;\"><ul id=\"soliloquy-5311\" class=\"soliloquy-slider soliloquy-slides soliloquy-wrap soliloquy-clear\"><li aria-hidden=\"true\" class=\"soliloquy-item soliloquy-item-1 soliloquy-id-5547 soliloquy-image-slide\" draggable=\"false\" style=\"list-style:none;\"><img id=\"soliloquy-image-5547\" class=\"soliloquy-image soliloquy-image-1\" src=\"https:\/\/hyfac.fr\/wp-content\/uploads\/2018\/09\/Diapositive29-340x538_c.jpeg\" alt=\"CLARIFAC Anti-Punkt-Aufhellungspflege\" \/><\/li><li aria-hidden=\"true\" class=\"soliloquy-item soliloquy-item-2 soliloquy-id-5548 soliloquy-image-slide\" draggable=\"false\" style=\"list-style:none;\"><img id=\"soliloquy-image-5548\" class=\"soliloquy-image soliloquy-image-2 soliloquy-preload\" src=\"https:\/\/hyfac.fr\/wp-content\/plugins\/soliloquy\/assets\/css\/images\/holder.gif\" data-soliloquy-src=\"https:\/\/hyfac.fr\/wp-content\/uploads\/2018\/09\/Diapositive30-340x538_c.jpeg\" alt=\"CLARIFAC Anti-Punkt-Aufhellungspflege\" \/><\/li><\/ul><\/div><noscript><style type=\"text\/css\" scoped>#soliloquy-container-5311{opacity:1}#soliloquy-container-5311 li > .soliloquy-caption{display:none}#soliloquy-container-5311 li:first-child > .soliloquy-caption{display:block}<\/style><div class=\"soliloquy-no-js\" style=\"display:none;visibility:hidden;height:0;line-height:0;opacity:0;\"><img class=\"soliloquy-image soliloquy-no-js-image\" src=\"https:\/\/hyfac.fr\/wp-content\/uploads\/2018\/09\/Diapositive29.jpeg\" alt=\"CLARIFAC Anti-Punkt-Aufhellungspflege\" \/><img class=\"soliloquy-image soliloquy-no-js-image\" src=\"https:\/\/hyfac.fr\/wp-content\/uploads\/2018\/09\/Diapositive30.jpeg\" alt=\"CLARIFAC Anti-Punkt-Aufhellungspflege\" \/><\/div><\/noscript><\/div>\n<\/div>\n<div class=\"csColumnGap\" style=\"margin: 0px; padding: 0px; float: left; width: 7.7%;\"><img style=\"border: none;\" src=\"https:\/\/hyfac.fr\/wp-content\/plugins\/advanced-wp-columns\/assets\/js\/plugins\/views\/img\/1x1-pixel.png\"><\/div>\n<div class=\"csColumn\" style=\"margin: 0px; padding: 0px; float: left; width: 49.3%;\" data-csstartpoint=\"507\" data-csendpoint=\"1000\" data-cswidth=\"49.3%\" data-csid=\"56e6cac6-63f3-6945-9ddf-f20a5ec7912c\">\n<h1><span style=\"color: #5e2f24; line-height: 35px;\">Anti-Flecken-Behandlung<\/span><\/h1>\n<p><span style=\"color: #5e2f24;\">CLARIFAC-Reihe<\/span><br \/>\n40ml-Tube<\/p>\n<p><br \/>\nAufhellende, vereinheitlichende Creme SPF30. Reduziert die Melaninproduktion und hellt den Teint dank des Pflanzenkomplexes auf.<\/p>\n<ul id=\"ulprd\">\n<li><img class=\"logo-prd\" src=\"\/wp-content\/uploads\/2018\/09\/ESTOMPE.png\" alt=\"ESTOMPE\" width=\"50\"><br \/>\nESTOMPE<\/li>\n<li><img class=\"logo-prd\" src=\"\/wp-content\/uploads\/2018\/09\/Unifie.png\" alt=\"Vereinheitlicht\" width=\"50\"><br \/>\nUNIFIED<\/li>\n<li><img class=\"logo-prd\" src=\"\/wp-content\/uploads\/2018\/09\/Hydrate.png\" alt=\"Befeuchtet\" width=\"50\"><br \/>\nHYDRATE<\/li>\n<li><img class=\"logo-prd\" src=\"\/wp-content\/uploads\/2018\/09\/Protege-des-UV.png\" alt=\"UV-Schutz\" width=\"50\"><br \/>\nSPF 30<\/li>\n<\/ul>\n<ul id=\"ulprd-link\">\n<li><p class=\"product woocommerce add_to_cart_inline\" style=\"border:4px solid #ccc; padding: 12px;\"><span class=\"woocommerce-Price-amount amount\"><bdi>13,90&nbsp;<span class=\"woocommerce-Price-currencySymbol\">\u20ac<\/span><\/bdi><\/span><a href=\"?add-to-cart=14935\" data-quantity=\"1\" class=\"button product_type_simple add_to_cart_button ajax_add_to_cart\" data-product_id=\"14935\" data-product_sku=\"\" aria-label=\"\u201eClarifac - Troubles de la Pigmentation\u201c zu deinem Warenkorb hinzuf\u00fcgen\" rel=\"nofollow\" data-no-translation=\"\" data-trp-gettext=\"\" data-no-translation-aria-label=\"\">In den Warenkorb<\/a><\/p><\/li>\n<li>&nbsp;<\/li>\n<li><a href=\"https:\/\/hyfac.fr\/de\/pres-de-chez-vous\/\"><img class=\"img2\" src=\"\/wp-content\/uploads\/2018\/06\/logo-map-e1530138886120.png\" alt=\"loc\">Finden Sie eine Verkaufsstelle<\/a><\/li>\n<\/ul>\n<ul id=\"ulprd-link\">\n<li class=\"infotri\"><span class=\"spantri\">Entdecken Sie unsere Sortieranleitung<\/span><br \/>\n<img class=\"imgtri\" src=\"https:\/\/hyfac.fr\/wp-content\/uploads\/2020\/12\/CLARIFAC.png\"><\/li>\n<\/ul>\n<\/div>\n<div style=\"clear: both; float: none; display: block; visibility: hidden; width: 0px; font-size: 0px; line-height: 0;\">&nbsp;<\/div>\n<\/div>\n<\/div>\n<div id=\"descript-prd\">Die CLARIFAC-Behandlung gegen Flecken hellt auf, <strong>vereinheitlicht<\/strong> und stellt die nat\u00fcrliche Ausstrahlung der Haut wieder her. Seine <strong>Anlageng\u00fcter<\/strong> wirken im Herzen der Haut und regulieren die Produktion von Melanin, das f\u00fcr Pigmentst\u00f6rungen verantwortlich ist. Kombiniert mit einer <strong>Sonnenschutz SPF30<\/strong>Die aufhellende Pflege von CLARIFAC l\u00e4sst braune Flecken (Lentigo, Melasma, Narben) verschwinden, vereinheitlicht und erhellt den Teint. Nach einigen Wochen sind Gr\u00f6\u00dfe und Intensit\u00e4t der Flecken sichtbar auf 75%* reduziert.<\/div>\n<div id=\"menu-prdnew\">\n<ul>\n<li><a id=\"lienmenuconseil\" href=\"#prd\">ANWENDUNGSTIPPS<\/a><\/li>\n<li><a id=\"lienmenuactifs\" href=\"#conseil-prd\">AKTIVA<\/a><\/li>\n<li><a id=\"lienmenucmplt\" href=\"#actifs-prd\">KOMPLEMENT\u00c4RPRODUKTE<\/a><\/li>\n<li><a id=\"lienmenusavoir\" href=\"#cmplt-prd\">MEHR LERNEN<\/a><\/li>\n<li><a id=\"lienmenucompo\" href=\"#savoir-prd\">ZUSAMMENSETZUNG<\/a><\/li>\n<\/ul>\n<\/div>\n<div id=\"conseil-prd\">\n<div class=\"csRow\">\n<div class=\"csColumn\" style=\"margin: 0px; padding: 0px; float: left; width: 70.8%;\" data-csstartpoint=\"0\" data-csendpoint=\"680\" data-cswidth=\"70.8%\" data-csid=\"7ce9a14c-d45b-a3f2-987b-63fd249cc312\">\n<p><span style=\"color: #5e2f24;\">WIE WIRD CLARIFAC ANTI-SPOT AUFHELLENDE PFLEGE ANGEWENDET?<\/span><\/p>\n<p>Tragen Sie CLARIFAC Anti-Pickel-Behandlung nach der Reinigung und dem Abtrocknen auf Gesicht und Hals auf. Zweimal t\u00e4glich anwenden, am besten morgens und mittags, dabei die Augenpartie aussparen.<\/p>\n<p>CLARIFAC Aufhellungscreme enth\u00e4lt einen pflanzlichen Komplex, der im Herzen der Flecken wirkt, um ihre Gr\u00f6\u00dfe und Intensit\u00e4t zu reduzieren. Der Lichtschutzfaktor 30 sch\u00fctzt die Haut vor UV-Strahlen und verhindert das Auftreten neuer Pigmentflecken.<\/p>\n<\/div>\n<div class=\"csColumnGap\" style=\"margin: 0px; padding: 0px; float: left; width: 1.56%;\"><img style=\"border: none;\" src=\"https:\/\/hyfac.fr\/wp-content\/plugins\/advanced-wp-columns\/assets\/js\/plugins\/views\/img\/1x1-pixel.png\"><\/div>\n<div class=\"csColumn\" style=\"margin: 0px; padding: 0px; float: left; width: 27.6%;\" data-csstartpoint=\"695\" data-csendpoint=\"960\" data-cswidth=\"27.6%\" data-csid=\"2de6301b-fc0e-6c4c-b16e-671973f34d15\">\n<p><img loading=\"lazy\" class=\"aligncenter wp-image-5140\" src=\"https:\/\/hyfac.fr\/wp-content\/uploads\/2018\/07\/conseil-250x250.png\" alt=\"\" width=\"180\" height=\"181\" srcset=\"https:\/\/hyfac.fr\/wp-content\/uploads\/2018\/07\/conseil-250x250.png 250w, https:\/\/hyfac.fr\/wp-content\/uploads\/2018\/07\/conseil-298x300.png 298w, https:\/\/hyfac.fr\/wp-content\/uploads\/2018\/07\/conseil.png 308w\" sizes=\"(max-width: 180px) 100vw, 180px\" \/><\/p>\n<\/div>\n<div style=\"clear: both; float: none; display: block; visibility: hidden; width: 0px; font-size: 0px; line-height: 0;\">&nbsp;<\/div>\n<\/div>\n<\/div>\n<div id=\"actifs-prd\">\n<div class=\"h2prd\">\n<h2><span style=\"color: #5e2f24;\">SCHWERPUNKTVERM\u00d6GEN<\/span><\/h2>\n<\/div>\n<p><span style=\"color: #5e2f24;\">Dictyopteris membranacea<\/span><br \/>\nReduziert die Melaninproduktion und hellt den Teint auf.<br \/>\nDictyopteris membranacea ist eine Meeresalge, die auf die 3 wichtigsten Phasen des Pigmentierungsmechanismus der Haut einwirkt: die Melanogenese.<\/p>\n<ol>\n<li>Hemmt die Melanogenese: Hemmt die Freisetzung von Endothelin.<\/li>\n<li>Melaninsynthese: Hemmt die 2 Gene, die an der Melanosomenreifung beteiligt sind.<\/li>\n<li>Migration und Transfer von Melanin: Hemmt die am Melanintransport beteiligten Gene.<\/li>\n<\/ol>\n<\/div>\n<div id=\"cmplt-prd\">\n<div class=\"h2prd\">\n<h2><span style=\"color: #5e2f24;\">KOMPLEMENT\u00c4RPRODUKTE<\/span><\/h2>\n<\/div>\n<style type=\"text\/css\">#soliloquy-container-5442 .soliloquy-prev{left: -60px;background-color:#5E2F24;}#soliloquy-container-5442 .soliloquy-next{right: -60px;background-color:#5E2F24;}#soliloquy-container-5442 .soliloquy-image{background: #f3f3f3;border: 1px solid #ddd;padding:3px;}#soliloquy-container-5442 .soliloquy-viewport{height: 260px !important;}#soliloquy-container-5442 .soliloquy-caption-bottom{position: relative;}#soliloquy-container-5442 .soliloquy-caption-inside{color:#CEBFB6; text-shadow:none;background:none;}@media only screen and (max-width: 1000px){#soliloquy-container-5442 .soliloquy-prev{left: 0px;}#soliloquy-container-5442 .soliloquy-next{right: 0px;}#soliloquy-container-5442 .soliloquy-viewport{height: 200px;}}<\/style><div class=\"soliloquy-outer-container soliloquy-carousel\" data-soliloquy-loaded=\"0\"><div aria-live=\"polite\" id=\"soliloquy-container-5442\" class=\"soliloquy-container soliloquy-transition-horizontal soliloquy-slide-horizontal soliloquy-arrows-active Produits-complmentaires-Hyfac soliloquy-theme-base\" style=\"max-width:960px;max-height:300px;margin:0 auto 20px;\"><ul id=\"soliloquy-5442\" class=\"soliloquy-slider soliloquy-slides soliloquy-wrap soliloquy-clear\"><li aria-hidden=\"true\" class=\"soliloquy-item soliloquy-item-1 soliloquy-id-5598 soliloquy-image-slide\" draggable=\"false\" style=\"list-style:none;\"><a href=\"https:\/\/hyfac.fr\/de\/nos-gammes\/hydrafac\/creme-legere\/\" class=\"soliloquy-link\" title=\"HYDRAFAC leichte Feuchtigkeitscreme f\u00fcr normale Haut und Mischhaut\"><img id=\"soliloquy-image-5598\" class=\"soliloquy-image soliloquy-image-1\" src=\"https:\/\/hyfac.fr\/wp-content\/uploads\/2018\/09\/Diapositive24-2-200x200_c.jpeg\" alt=\"HYDRAFAC leichte Feuchtigkeitscreme f\u00fcr normale Haut und Mischhaut\" \/><\/a><div class=\"soliloquy-caption soliloquy-caption-bottom\"><div class=\"soliloquy-caption-inside\"><p>Creme hell<\/p><br \/>\n<p style=\"font-size:13px\">Feuchtigkeitscreme f\u00fcr normale bis Mischhaut<\/p><\/div><\/div><\/li><li aria-hidden=\"true\" class=\"soliloquy-item soliloquy-item-2 soliloquy-id-5600 soliloquy-image-slide\" draggable=\"false\" style=\"list-style:none;\"><a href=\"https:\/\/hyfac.fr\/de\/nos-gammes\/hydrafac\/creme-riche\/\" class=\"soliloquy-link\" title=\"HYDRAFAC reichhaltige Feuchtigkeitscreme f\u00fcr trockene Haut\"><img id=\"soliloquy-image-5600\" class=\"soliloquy-image soliloquy-image-2\" src=\"https:\/\/hyfac.fr\/wp-content\/uploads\/2018\/09\/Diapositive26-3-200x200_c.jpeg\" alt=\"HYDRAFAC reichhaltige Feuchtigkeitscreme f\u00fcr trockene Haut\" \/><\/a><div class=\"soliloquy-caption soliloquy-caption-bottom\"><div class=\"soliloquy-caption-inside\"><p>Reichhaltige Creme<\/p><br \/>\n<p style=\"font-size:13px\">Feuchthaltecreme f\u00fcr trockene Haut<\/p><\/div><\/div><\/li><li aria-hidden=\"true\" class=\"soliloquy-item soliloquy-item-3 soliloquy-id-5601 soliloquy-image-slide\" draggable=\"false\" style=\"list-style:none;\"><a href=\"https:\/\/hyfac.fr\/de\/nos-gammes\/hydrafac\/baume-levres\/\" class=\"soliloquy-link\" title=\"HYDRAFAC Feuchthalte-Lippenbalsam\"><img id=\"soliloquy-image-5601\" class=\"soliloquy-image soliloquy-image-3\" src=\"https:\/\/hyfac.fr\/wp-content\/uploads\/2018\/09\/Diapositive28-1-200x200_c.jpeg\" alt=\"HYDRAFAC Feuchthalte-Lippenbalsam\" \/><\/a><div class=\"soliloquy-caption soliloquy-caption-bottom\"><div class=\"soliloquy-caption-inside\"><p>Lippenbalsam<\/p><br \/>\n<p style=\"font-size:13px\">N\u00e4hrt und spendet Feuchtigkeit<\/p><\/div><\/div><\/li><li aria-hidden=\"true\" class=\"soliloquy-item soliloquy-item-4 soliloquy-id-5595 soliloquy-image-slide\" draggable=\"false\" style=\"list-style:none;\"><a href=\"https:\/\/hyfac.fr\/de\/nos-gammes\/hyfac-woman\/soin-global\/\" class=\"soliloquy-link\" title=\"HYFAC WOMAN globale Anti-Perfektionspflege f\u00fcr Frauen mit Akne\"><img id=\"soliloquy-image-5595\" class=\"soliloquy-image soliloquy-image-4\" src=\"https:\/\/hyfac.fr\/wp-content\/uploads\/2018\/09\/Diapositive15-1-200x200_c.jpeg\" alt=\"HYFAC WOMAN globale Anti-Perfektionspflege f\u00fcr Frauen mit Akne\" \/><\/a><div class=\"soliloquy-caption soliloquy-caption-bottom\"><div class=\"soliloquy-caption-inside\"><p>Globale Pflege<\/p><br \/>\n<p style=\"font-size:13px\">Reduziert Hautunreinheiten und spendet Feuchtigkeit<\/p><\/div><\/div><\/li><li aria-hidden=\"true\" class=\"soliloquy-item soliloquy-item-5 soliloquy-id-5596 soliloquy-image-slide\" draggable=\"false\" style=\"list-style:none;\"><a href=\"https:\/\/hyfac.fr\/de\/nos-gammes\/hyfac-woman\/gommage-douceur\/\" class=\"soliloquy-link\" title=\"HYFAC WOMAN Sanftes Peeling reinigt\"><img id=\"soliloquy-image-5596\" class=\"soliloquy-image soliloquy-image-5\" src=\"https:\/\/hyfac.fr\/wp-content\/uploads\/2018\/09\/Diapositive17-200x200_c.jpeg\" alt=\"HYFAC WOMAN Sanftes Peeling reinigt\" \/><\/a><div class=\"soliloquy-caption soliloquy-caption-bottom\"><div class=\"soliloquy-caption-inside\"><p>Sanftes Peeling<\/p><br \/>\n<p style=\"font-size:13px\">Kl\u00e4rt und stellt die Ausstrahlung wieder her<\/p><\/div><\/div><\/li><li aria-hidden=\"true\" class=\"soliloquy-item soliloquy-item-6 soliloquy-id-5597 soliloquy-image-slide\" draggable=\"false\" style=\"list-style:none;\"><a href=\"https:\/\/hyfac.fr\/de\/nos-gammes\/hyfac-woman\/eau-micellaire\/\" class=\"soliloquy-link\" title=\"HYFAC WOMAN Micellar Wasser reinigt und entfernt Make-up\"><img id=\"soliloquy-image-5597\" class=\"soliloquy-image soliloquy-image-6\" src=\"https:\/\/hyfac.fr\/wp-content\/uploads\/2018\/09\/Diapositive19-1-200x200_c.jpeg\" alt=\"HYFAC WOMAN Micellar Wasser reinigt und entfernt Make-up\" \/><\/a><div class=\"soliloquy-caption soliloquy-caption-bottom\"><div class=\"soliloquy-caption-inside\"><p>Micellar Wasser<\/p><br \/>\n<p style=\"font-size:13px\">Reinigt und entfernt Make-up<\/p><\/div><\/div><\/li><li aria-hidden=\"true\" class=\"soliloquy-item soliloquy-item-7 soliloquy-id-15334 soliloquy-image-slide\" draggable=\"false\" style=\"list-style:none;\"><a href=\"https:\/\/hyfac.fr\/de\/nos-gammes\/hyfac-woman\/active-mask\/\" class=\"soliloquy-link\" title=\"HYFAC WOMAN Aktiv-Maske Aknebehandlung f\u00fcr Frauen\"><img id=\"soliloquy-image-15334\" class=\"soliloquy-image soliloquy-image-7\" src=\"https:\/\/hyfac.fr\/wp-content\/uploads\/2022\/02\/Sans-titre-61-200x200_c.jpeg\" alt=\"HYFAC WOMAN Aktiv-Maske Aknebehandlung f\u00fcr Frauen\" \/><\/a><div class=\"soliloquy-caption soliloquy-caption-bottom\"><div class=\"soliloquy-caption-inside\"><p>Aktive Maske<\/p><br \/>\n<p style=\"font-size:13px\">Behandlung von Akne bei erwachsenen Frauen<\/p><\/div><\/div><\/li><\/ul><\/div><noscript><style type=\"text\/css\" scoped>#soliloquy-container-5442{opacity:1}#soliloquy-container-5442 li > .soliloquy-caption{display:none}#soliloquy-container-5442 li:first-child > .soliloquy-caption{display:block}<\/style><div class=\"soliloquy-no-js\" style=\"display:none;visibility:hidden;height:0;line-height:0;opacity:0;\"><img class=\"soliloquy-image soliloquy-no-js-image\" src=\"https:\/\/hyfac.fr\/wp-content\/uploads\/2018\/09\/Diapositive24-2.jpeg\" alt=\"HYDRAFAC leichte Feuchtigkeitscreme f\u00fcr normale Haut und Mischhaut\" \/><img class=\"soliloquy-image soliloquy-no-js-image\" src=\"https:\/\/hyfac.fr\/wp-content\/uploads\/2018\/09\/Diapositive26-3.jpeg\" alt=\"HYDRAFAC reichhaltige Feuchtigkeitscreme f\u00fcr trockene Haut\" \/><img class=\"soliloquy-image soliloquy-no-js-image\" src=\"https:\/\/hyfac.fr\/wp-content\/uploads\/2018\/09\/Diapositive28-1.jpeg\" alt=\"HYDRAFAC Feuchthalte-Lippenbalsam\" \/><img class=\"soliloquy-image soliloquy-no-js-image\" src=\"https:\/\/hyfac.fr\/wp-content\/uploads\/2018\/09\/Diapositive15-1.jpeg\" alt=\"HYFAC WOMAN globale Anti-Perfektionspflege f\u00fcr Frauen mit Akne\" \/><img class=\"soliloquy-image soliloquy-no-js-image\" src=\"https:\/\/hyfac.fr\/wp-content\/uploads\/2018\/09\/Diapositive17.jpeg\" alt=\"HYFAC WOMAN Sanftes Peeling reinigt\" \/><img class=\"soliloquy-image soliloquy-no-js-image\" src=\"https:\/\/hyfac.fr\/wp-content\/uploads\/2018\/09\/Diapositive19-1.jpeg\" alt=\"HYFAC WOMAN Micellar Wasser reinigt und entfernt Make-up\" \/><img class=\"soliloquy-image soliloquy-no-js-image\" src=\"https:\/\/hyfac.fr\/wp-content\/uploads\/2022\/02\/Sans-titre-61.jpeg\" alt=\"HYFAC WOMAN Aktiv-Maske Aknebehandlung f\u00fcr Frauen\" \/><\/div><\/noscript><\/div>\n<\/div>\n<div id=\"savoir-prd\">\n<div class=\"h2prd\">\n<h2><span style=\"color: #5e2f24;\">MEHR LERNEN<\/span><\/h2>\n<\/div>\n<div class=\"csRow\">\n<div class=\"csColumn\" style=\"margin: 0px; padding: 0px; float: left; width: 38.6%;\" data-csstartpoint=\"0\" data-csendpoint=\"370.5\" data-cswidth=\"38.6%\" data-csid=\"beb42ad8-6bfd-a029-8282-bd93ae120b4d\"><a href=\"https:\/\/hyfac.fr\/de\/sos-dermato\/4328-hyperpigmentation-taches-cutanees\/\" target=\"_blank\" rel=\"noopener\"><img loading=\"lazy\" class=\"aligncenter wp-image-4348 size-thumbnail\" src=\"https:\/\/hyfac.fr\/wp-content\/uploads\/2018\/03\/banniere_carree_site_hyfac_intro_themes8-250x250.jpg\" alt=\"Hyperpigmentierung\" width=\"250\" height=\"250\" srcset=\"https:\/\/hyfac.fr\/wp-content\/uploads\/2018\/03\/banniere_carree_site_hyfac_intro_themes8-250x250.jpg 250w, https:\/\/hyfac.fr\/wp-content\/uploads\/2018\/03\/banniere_carree_site_hyfac_intro_themes8-300x300.jpg 300w, https:\/\/hyfac.fr\/wp-content\/uploads\/2018\/03\/banniere_carree_site_hyfac_intro_themes8.jpg 543w\" sizes=\"(max-width: 250px) 100vw, 250px\" \/><\/a><\/div>\n<div class=\"csColumnGap\" style=\"margin: 0px; padding: 0px; float: left; width: 1.56%;\"><img style=\"border: none;\" src=\"https:\/\/hyfac.fr\/wp-content\/plugins\/advanced-wp-columns\/assets\/js\/plugins\/views\/img\/1x1-pixel.png\"><\/div>\n<div class=\"csColumn\" style=\"margin: 0px; padding: 0px; float: left; width: 59.8%;\" data-csstartpoint=\"385.5\" data-csendpoint=\"960\" data-cswidth=\"59.8%\" data-csid=\"56e6cac6-63f3-6945-9ddf-f20a5ec7912c\"><span style=\"color: #5e2f24;\">F\u00fcr wen ist Clarifac geeignet?<\/span><br \/>\nDie CLARIFAC Anti-Flecken-Behandlung wird f\u00fcr Haut mit braunen Flecken empfohlen. Diese Flecken, die vor allem an den exponierten Stellen des K\u00f6rpers (Gesicht, Dekollet\u00e9, H\u00e4nde) auftreten, werden durch die Sonne verursacht oder noch verst\u00e4rkt.<br \/>\nDie h\u00e4ufigsten sind die solare Lentigo. Dabei handelt es sich um kleine dunkelbraune Flecken, die h\u00e4ufiger an Stellen auftreten, die der Sonne ausgesetzt sind. Diese Sonnenflecken sind das Hauptziel von CLARIFAC.<br \/>\nAuch die postinflammatorische Hyperpigmentierung ist das Ziel von CLARIFAC. Dabei handelt es sich um braune Flecken, die durch eine Entz\u00fcndung der Haut entstehen: Sie k\u00f6nnen nach einer Hautinfektion, einer Hautallergie, einer Reaktion auf die Sonne oder einer Verletzung der der Sonne ausgesetzten Haut auftreten. Aknepickel k\u00f6nnen auch Aknenarben in Form von braunen Flecken hinterlassen.<br \/>\nMelasma ist eine Form der Pigmentierung, die schwer zu entfernen ist. Sie tritt vor allem w\u00e4hrend der Schwangerschaft oder w\u00e4hrend einer Hormonbehandlung (Pille) in Verbindung mit Sonne auf. Es handelt sich um braune Flecken mit unregelm\u00e4\u00dfigen R\u00e4ndern, hellbraun bis sehr dunkelbraun. Es befindet sich im Allgemeinen symmetrisch auf der Stirn, den Wangen und manchmal auf der Oberlippe. Mit CLARIFAC kann nur das in der Epidermis vorhandene Pigment reduziert werden. Keine kosmetische Creme kann das Pigment in der Dermis verschwinden lassen.&nbsp;<\/p>\n<div id=\"savoirplus\"><a href=\"https:\/\/hyfac.fr\/de\/sos-dermato\/4328-hyperpigmentation-taches-cutanees\/\">Erfahren Sie mehr \u00fcber Hyperpigmentierung<\/a><\/div>\n<\/div>\n<div style=\"clear: both; float: none; display: block; visibility: hidden; width: 0px; font-size: 0px; line-height: 0;\">&nbsp;<\/div>\n<\/div>\n<\/div>\n<div id=\"compo-prd\">\n<div class=\"h2prd\">\n<h2><span style=\"color: #5e2f24;\">ZUSAMMENSETZUNGEN <span style=\"font-size: 14pt;\">\/<\/span> ZUTATEN<\/span><\/h2>\n<\/div>\n<p><span style=\"color: #cebfb6;\">INCI : AQUA (WASSER) \/ EAU, OCTOCRYLEN, DICAPRYLYLCARBONAT, GLYCERIN, METHYLEN-BIS-BENZOTRIAZOLYL-TETRAMETHYLBUTYLPHENOL [NANO], CYCLOPENTASILOXAN, PENTYLENGLYKOL, BIS-ETHYLHEXYLOXYPHENOL-METHOXYPHENYLTRIAZIN, OLEYL ERUCATE, CETEARYLALKOHOL, CI 77891 (TITANDIOXID), COCO-GLUCOSID, MARIS AQUA (MEERWASSER) \/ EAU DE MER, ISOPROPYL ISOSTEARATE, DECYL GLUCOSIDE, PARFUM (DUFT), DIPHENYL DIMETHICONE, HYDROXYETHYL ACRYLATE\/SODIUM ACRYLOYLDIMETHYL TAURATE COPOLYMER, TOCOPHERYL ACETATE, BUTYROSPERMUM PARKII (SHEA) BUTTER, SQUALANE, XANTHAN GUM, DIMETHICONE, TETRASODIUM GLUTAMATE DIACETATE, SODIUM BENZOATE, STEARIC ACID, CITRIC ACID, SILICA, o-CYMEN-5-OL, POLYHYDROXYSTEARIC ACID, POLYSORBAT 60, TONERDE, ASCORBYLTETRAISOPALMITAT, ALGENEXTRAKT, PROPYLENGLYKOL, LILIUM CANDIDUM BL\u00dcTENEXTRAKT, SORBITANISOSTEARAT, PRUNUS CERASUS (BITTERKIRSCHE) BL\u00dcTENEXTRAKT, TOCOPHEROL, KALIUMSORBAT.<\/span><\/p>\n<\/div>","protected":false},"excerpt":{"rendered":"<p>Estompe les taches pigment\u00e9es, donne de l\u2019\u00e9clat.<\/p>","protected":false},"author":1,"featured_media":2824,"parent":22,"menu_order":5,"comment_status":"closed","ping_status":"closed","template":"page\/page-template-newprdclarifac.php","meta":{"_mi_skip_tracking":false,"spay_email":""},"_links":{"self":[{"href":"https:\/\/hyfac.fr\/de\/wp-json\/wp\/v2\/pages\/2823"}],"collection":[{"href":"https:\/\/hyfac.fr\/de\/wp-json\/wp\/v2\/pages"}],"about":[{"href":"https:\/\/hyfac.fr\/de\/wp-json\/wp\/v2\/types\/page"}],"author":[{"embeddable":true,"href":"https:\/\/hyfac.fr\/de\/wp-json\/wp\/v2\/users\/1"}],"replies":[{"embeddable":true,"href":"https:\/\/hyfac.fr\/de\/wp-json\/wp\/v2\/comments?post=2823"}],"version-history":[{"count":37,"href":"https:\/\/hyfac.fr\/de\/wp-json\/wp\/v2\/pages\/2823\/revisions"}],"predecessor-version":[{"id":15032,"href":"https:\/\/hyfac.fr\/de\/wp-json\/wp\/v2\/pages\/2823\/revisions\/15032"}],"up":[{"embeddable":true,"href":"https:\/\/hyfac.fr\/de\/wp-json\/wp\/v2\/pages\/22"}],"wp:featuredmedia":[{"embeddable":true,"href":"https:\/\/hyfac.fr\/de\/wp-json\/wp\/v2\/media\/2824"}],"wp:attachment":[{"href":"https:\/\/hyfac.fr\/de\/wp-json\/wp\/v2\/media?parent=2823"}],"curies":[{"name":"wp","href":"https:\/\/api.w.org\/{rel}","templated":true}]}}