{"id":72,"date":"2016-04-27T02:37:37","date_gmt":"2016-04-27T00:37:37","guid":{"rendered":"http:\/\/hyfac.fr\/?page_id=72"},"modified":"2018-06-26T12:59:39","modified_gmt":"2018-06-26T10:59:39","slug":"sur-internet","status":"publish","type":"page","link":"https:\/\/hyfac.fr\/de\/sur-internet\/","title":{"rendered":"Im Internet"},"content":{"rendered":"<p><img loading=\"lazy\" class=\"aligncenter size-full wp-image-4291\" src=\"https:\/\/hyfac.fr\/wp-content\/uploads\/2018\/03\/acheter-hyfac-en-ligne.jpg\" alt=\"\" width=\"1500\" height=\"295\" srcset=\"https:\/\/hyfac.fr\/wp-content\/uploads\/2018\/03\/acheter-hyfac-en-ligne.jpg 1500w, https:\/\/hyfac.fr\/wp-content\/uploads\/2018\/03\/acheter-hyfac-en-ligne-300x59.jpg 300w, https:\/\/hyfac.fr\/wp-content\/uploads\/2018\/03\/acheter-hyfac-en-ligne-1024x201.jpg 1024w\" sizes=\"(max-width: 1500px) 100vw, 1500px\" \/><\/p>\n<p>W\u00e4hlen Sie eine der Websites, die HYFAC-Produkte vertreiben. Z\u00f6gern Sie nicht, uns unter 02.31.44.46.51 zu kontaktieren. Dar\u00fcber hinaus sind die Hyfac-Produkte \u00fcber ihre Gro\u00dfh\u00e4ndler in jeder Apotheke erh\u00e4ltlich.<\/p>","protected":false},"excerpt":{"rendered":"<p>W\u00e4hlen Sie eine der Websites, die HYFAC-Produkte vertreiben. Z\u00f6gern Sie nicht, uns unter 02.31.44.46.51 zu kontaktieren. Dar\u00fcber hinaus sind die Hyfac-Produkte \u00fcber ihre Gro\u00dfh\u00e4ndler in jeder Apotheke erh\u00e4ltlich.<\/p>","protected":false},"author":1,"featured_media":0,"parent":0,"menu_order":6,"comment_status":"closed","ping_status":"closed","template":"page\/page-template-surinternet.php","meta":{"_mi_skip_tracking":false,"spay_email":""},"_links":{"self":[{"href":"https:\/\/hyfac.fr\/de\/wp-json\/wp\/v2\/pages\/72"}],"collection":[{"href":"https:\/\/hyfac.fr\/de\/wp-json\/wp\/v2\/pages"}],"about":[{"href":"https:\/\/hyfac.fr\/de\/wp-json\/wp\/v2\/types\/page"}],"author":[{"embeddable":true,"href":"https:\/\/hyfac.fr\/de\/wp-json\/wp\/v2\/users\/1"}],"replies":[{"embeddable":true,"href":"https:\/\/hyfac.fr\/de\/wp-json\/wp\/v2\/comments?post=72"}],"version-history":[{"count":11,"href":"https:\/\/hyfac.fr\/de\/wp-json\/wp\/v2\/pages\/72\/revisions"}],"predecessor-version":[{"id":4292,"href":"https:\/\/hyfac.fr\/de\/wp-json\/wp\/v2\/pages\/72\/revisions\/4292"}],"wp:attachment":[{"href":"https:\/\/hyfac.fr\/de\/wp-json\/wp\/v2\/media?parent=72"}],"curies":[{"name":"wp","href":"https:\/\/api.w.org\/{rel}","templated":true}]}}