{"id":24,"date":"2016-04-20T16:59:46","date_gmt":"2016-04-20T14:59:46","guid":{"rendered":"http:\/\/hyfac.fr\/?page_id=24"},"modified":"2020-12-08T08:54:00","modified_gmt":"2020-12-08T07:54:00","slug":"le-laboratoire","status":"publish","type":"page","link":"https:\/\/hyfac.fr\/en\/le-laboratoire\/","title":{"rendered":"The laboratory"},"content":{"rendered":"<h1><img loading=\"lazy\" class=\"alignnone size-full wp-image-1596\" src=\"http:\/\/hyfac.fr\/wp-content\/uploads\/2016\/04\/Le-Laboratoire.png\" alt=\"The Laboratory\" width=\"1776\" height=\"350\" srcset=\"https:\/\/hyfac.fr\/wp-content\/uploads\/2016\/04\/Le-Laboratoire.png 1776w, https:\/\/hyfac.fr\/wp-content\/uploads\/2016\/04\/Le-Laboratoire-300x59.png 300w, https:\/\/hyfac.fr\/wp-content\/uploads\/2016\/04\/Le-Laboratoire-1024x202.png 1024w\" sizes=\"(max-width: 1776px) 100vw, 1776px\" \/><\/h1>\n<h2><span style=\"color: #68153d;\">OUR DERMATOLOGIST EXPERTS<\/span><\/h2>\n<div class=\"hr-hyfac hr-hyfac-labo\"><\/div>\n<p style=\"text-align: justify;\"><img loading=\"lazy\" class=\"alignleft size-medium wp-image-1660\" src=\"http:\/\/hyfac.fr\/wp-content\/uploads\/2016\/04\/illus_dermato_hyfac-259x300.png\" alt=\"illus_dermato_hyfac\" width=\"259\" height=\"300\" srcset=\"https:\/\/hyfac.fr\/wp-content\/uploads\/2016\/04\/illus_dermato_hyfac-259x300.png 259w, https:\/\/hyfac.fr\/wp-content\/uploads\/2016\/04\/illus_dermato_hyfac-883x1024.png 883w, https:\/\/hyfac.fr\/wp-content\/uploads\/2016\/04\/illus_dermato_hyfac.png 1545w\" sizes=\"(max-width: 259px) 100vw, 259px\" \/><\/p>\n<p style=\"text-align: justify;\">Since the creation of the\u00a0<a href=\"https:\/\/www.moulinroyalcosmetics.com\">Laboratoires Moulin Royal Cosmetics<\/a>Our wish has been to establish a privileged relationship with dermatologists. We have the same line of conduct: to meet the needs of patients with safe, effective and well-tolerated products. Over the years, this partnership has grown and today we work hand in hand with our dermatologists. Together we develop new dermo-cosmetic ranges in several areas (<a href=\"https:\/\/hyfac.fr\/en\/nos-gammes\/hyfac-woman\/\">acne in women<\/a>, <a href=\"https:\/\/hyfac.fr\/en\/nos-gammes\/hydrafac\/\">hydration<\/a>etc.).<\/p>\n<p style=\"text-align: justify;\">We have also built with them a \"SOS Dermato\" section, allowing us to answer consumers' questions about the skin. Every month you will find on our website and on our social networks advice from our dermatologist experts on different themes: acne &amp; skin problems, skin problems, skin problems, skin problems, skin problems. <a href=\"https:\/\/hyfac.fr\/en\/conseils-dermato\/1287-lacne-et-lalimentation\/\">power supply<\/a>acne &amp; <a href=\"https:\/\/hyfac.fr\/en\/conseils-dermato\/1289-lacne-et-la-contraception\/\">contraception<\/a>, <a href=\"https:\/\/hyfac.fr\/en\/sos-dermato\/4326-hydratation-de-la-peau\/\">hydration<\/a>, <a href=\"https:\/\/hyfac.fr\/en\/sos-dermato\/4324-le-soleil-et-la-peau\/\">skin and sun<\/a>and much more.<\/p>\n<p style=\"text-align: justify;\">Finally, we regularly travel throughout France to discuss recently published scientific articles with dermatologists. These meetings are called \"Scientific Caf\u00e9s\".<\/p>\n<p>&nbsp;<\/p>\n<h2><span style=\"color: #68153d;\">THE CREATION OF HYFAC<\/span><\/h2>\n<div class=\"hr-hyfac hr-hyfac-labo\"><\/div>\n<p><img loading=\"lazy\" class=\"alignleft size-medium wp-image-1661\" src=\"http:\/\/hyfac.fr\/wp-content\/uploads\/2016\/04\/labo_hyfac_1-300x200-300x200.jpg\" alt=\"labo_hyfac_1-300x200\" width=\"300\" height=\"200\" \/><\/p>\n<p style=\"text-align: justify;\">The story begins in 1984 in a laboratory. Alice was working as a chemist on the development of a shampoo. After testing her shampoo for several days, she realized that on the forehead, in an area close to the scalp, her skin seemed clearer and less oily. Alice and her research friends set to work to determine the origin of this sublime action. The results showed that Piroctone Olamine was responsible for this beneficial action on the skin. Following this fortuitous but promising discovery, the laboratory decided to develop original formulations based on Piroctone Olamine to help acne-prone skin.<\/p>\n<p style=\"text-align: justify;\">This is how the following was born <span style=\"color: #68153d;\"><strong>HYFAC<\/strong><\/span> <a href=\"https:\/\/hyfac.fr\/en\/nos-gammes\/hyfac-classique\/\">care for young skin<\/a>. A range of <span style=\"color: #68153d;\"><strong>simple<\/strong>, <strong>effective<\/strong><\/span>with <span style=\"color: #68153d;\"><strong>recognized assets<\/strong><\/span>.<\/p>\n<p style=\"text-align: justify;\">HYFAC is about being aware that acne can be difficult to live with, that it occurs around adolescence and takes a long time to leave. Acne is a disease that requires <span style=\"color: #68153d;\"><strong>comprehensive care<\/strong><\/span> with good products but also with an adapted lifestyle. This is why HYFAC helps you to understand your disease.<\/p>\n<p style=\"text-align: justify;\">With an experienced team of <span style=\"color: #68153d;\"><strong>dermatologists<\/strong><\/span>of <span style=\"color: #68153d;\"><strong>pharmacists<\/strong><\/span> and young people, Laboratoire Moulin Royal Cosmetics has continued to develop new dermo-cosmetic ranges adapted to each need and each lifestyle.<\/p>\n<p>&nbsp;<\/p>\n<h2><span style=\"color: #68153d;\">CODE OF CONDUCT<\/span><\/h2>\n<div class=\"hr-hyfac hr-hyfac-labo\"><\/div>\n<p><img loading=\"lazy\" class=\"alignright wp-image-436\" src=\"http:\/\/hyfac.fr\/wp-content\/uploads\/2015\/07\/labo_hyfac_3.jpg\" alt=\"labo_hyfac\" width=\"250\" height=\"375\" \/>We are committed to respecting our charter of intelligence and cosmetic requirements:<\/p>\n<ul>\n<li style=\"text-align: justify;\">Innovation and <span style=\"color: #68153d;\"><strong>search for maximum quality<\/strong><\/span> must be present at all levels, from design to distribution.<\/li>\n<li style=\"text-align: justify;\">Our ingredients and active ingredients are subject to<span style=\"color: #68153d;\"><strong>extensive basic studies<\/strong><\/span> for their development.<\/li>\n<li style=\"text-align: justify;\">The technical quality of our <span style=\"color: #68153d;\"><strong>delivery systems<\/strong><\/span> allows the absence of contact with the ambient air (airless systems) in most of our products.<\/li>\n<li style=\"text-align: justify;\">The realization of<span style=\"color: #68153d;\"><strong>clinical trials<\/strong><\/span> is scheduled for all our references. It is carried out by dermatologist investigators.<\/li>\n<li style=\"text-align: justify;\">The <a href=\"https:\/\/hyfac.fr\/en\/pres-de-chez-vous\/\">distribution<\/a> in <span style=\"color: #68153d;\"><strong>pharmacy and parapharmacy<\/strong><\/span> is our marketing choice.<\/li>\n<li style=\"text-align: justify;\">Finally, our objective of developing in the<span style=\"color: #68153d;\"><strong>international<\/strong><\/span> reinforces our concern for rigorous quality.<\/li>\n<\/ul>\n<p>&nbsp;<\/p>\n<h2><span style=\"color: #68153d;\">AN INTERNATIONAL PRESENCE<\/span><\/h2>\n<div class=\"hr-hyfac hr-hyfac-labo\"><\/div>\n<p><img loading=\"lazy\" class=\"aligncenter size-full wp-image-4704\" src=\"https:\/\/hyfac.fr\/wp-content\/uploads\/2018\/05\/carte_monde_vierge_frontiere_pays_continent_hyfac_toutes_gammes.jpg\" alt=\"\" width=\"1839\" height=\"878\" srcset=\"https:\/\/hyfac.fr\/wp-content\/uploads\/2018\/05\/carte_monde_vierge_frontiere_pays_continent_hyfac_toutes_gammes.jpg 1839w, https:\/\/hyfac.fr\/wp-content\/uploads\/2018\/05\/carte_monde_vierge_frontiere_pays_continent_hyfac_toutes_gammes-300x143.jpg 300w, https:\/\/hyfac.fr\/wp-content\/uploads\/2018\/05\/carte_monde_vierge_frontiere_pays_continent_hyfac_toutes_gammes-1024x489.jpg 1024w\" sizes=\"(max-width: 1839px) 100vw, 1839px\" \/><\/p>\n<h2><\/h2>\n<p style=\"text-align: center;\">For more information, please visit : <a href=\"https:\/\/www.moulinroyalcosmetics.com\">www.moulinroyalcosmetics.com<\/a><\/p>","protected":false},"excerpt":{"rendered":"<p>NOS EXPERTS DERMATOLOGUES D\u00e8s la cr\u00e9ation des\u00a0Laboratoires Moulin Royal Cosmetics, notre souhait a \u00e9t\u00e9 de nouer avec les dermatologues des relations privil\u00e9gi\u00e9es. Nous avons la m\u00eame ligne de conduite\u00a0: r\u00e9pondre aux besoins des patients avec des produits s\u00fbrs, efficaces et bien tol\u00e9r\u00e9s. Au fil des ann\u00e9es, ce partenariat s\u2019amplifia et nous travaillons aujourd\u2019hui main dans\u2026 <a class='lire-suite' href=\"https:\/\/hyfac.fr\/en\/le-laboratoire\/\">Read more &gt;&gt;&gt;<\/a><\/p>","protected":false},"author":1,"featured_media":0,"parent":0,"menu_order":4,"comment_status":"closed","ping_status":"closed","template":"page\/page-template-defaulthyfac.php","meta":{"_mi_skip_tracking":false,"spay_email":""},"_links":{"self":[{"href":"https:\/\/hyfac.fr\/en\/wp-json\/wp\/v2\/pages\/24"}],"collection":[{"href":"https:\/\/hyfac.fr\/en\/wp-json\/wp\/v2\/pages"}],"about":[{"href":"https:\/\/hyfac.fr\/en\/wp-json\/wp\/v2\/types\/page"}],"author":[{"embeddable":true,"href":"https:\/\/hyfac.fr\/en\/wp-json\/wp\/v2\/users\/1"}],"replies":[{"embeddable":true,"href":"https:\/\/hyfac.fr\/en\/wp-json\/wp\/v2\/comments?post=24"}],"version-history":[{"count":48,"href":"https:\/\/hyfac.fr\/en\/wp-json\/wp\/v2\/pages\/24\/revisions"}],"predecessor-version":[{"id":14760,"href":"https:\/\/hyfac.fr\/en\/wp-json\/wp\/v2\/pages\/24\/revisions\/14760"}],"wp:attachment":[{"href":"https:\/\/hyfac.fr\/en\/wp-json\/wp\/v2\/media?parent=24"}],"curies":[{"name":"wp","href":"https:\/\/api.w.org\/{rel}","templated":true}]}}