{"id":2441,"date":"2018-02-14T00:39:05","date_gmt":"2018-02-13T23:39:05","guid":{"rendered":"http:\/\/hyfac.fr\/?page_id=2441"},"modified":"2022-02-10T01:32:37","modified_gmt":"2022-02-10T00:32:37","slug":"creme-legere","status":"publish","type":"page","link":"https:\/\/hyfac.fr\/en\/nos-gammes\/hydrafac\/creme-legere\/","title":{"rendered":"Light cream"},"content":{"rendered":"<div style=\"width: 960px;\"><\/div>\n<div id=\"prd\">\n<div class=\"csRow\">\n<div class=\"csColumn\" style=\"margin: 0px; padding: 0px; float: left; width: 47%;\" data-csstartpoint=\"0\" data-csendpoint=\"470\" data-cswidth=\"47.0%\" data-csid=\"beb42ad8-6bfd-a029-8282-bd93ae120b4d\">\n<style type=\"text\/css\">#soliloquy-container-5185 .soliloquy-pager{bottom: 10px;}<\/style><div class=\"soliloquy-outer-container\" data-soliloquy-loaded=\"0\"><div aria-live=\"polite\" id=\"soliloquy-container-5308\" class=\"soliloquy-container soliloquy-transition-horizontal soliloquy-slide-horizontal soliloquy-controls-active slider-img-prd soliloquy-theme-base\" style=\"max-width:390px;max-height:600px;margin:0 auto 20px;max-width:100%;max-height:none;\"><ul id=\"soliloquy-5308\" class=\"soliloquy-slider soliloquy-slides soliloquy-wrap soliloquy-clear\"><li aria-hidden=\"true\" class=\"soliloquy-item soliloquy-item-1 soliloquy-id-5552 soliloquy-image-slide\" draggable=\"false\" style=\"list-style:none;\"><img id=\"soliloquy-image-5552\" class=\"soliloquy-image soliloquy-image-1\" src=\"https:\/\/hyfac.fr\/wp-content\/uploads\/2018\/09\/Diapositive23-390x600_c.jpeg\" alt=\"HYDRAFAC rich light moisturizer for normal to combination skin\" \/><\/li><li aria-hidden=\"true\" class=\"soliloquy-item soliloquy-item-2 soliloquy-id-5553 soliloquy-image-slide\" draggable=\"false\" style=\"list-style:none;\"><img id=\"soliloquy-image-5553\" class=\"soliloquy-image soliloquy-image-2 soliloquy-preload\" src=\"https:\/\/hyfac.fr\/wp-content\/plugins\/soliloquy\/assets\/css\/images\/holder.gif\" data-soliloquy-src=\"https:\/\/hyfac.fr\/wp-content\/uploads\/2018\/09\/Diapositive24-390x600_c.jpeg\" alt=\"HYDRAFAC rich light moisturizer for normal to combination skin\" \/><\/li><\/ul><\/div><noscript><style type=\"text\/css\" scoped>#soliloquy-container-5308{opacity:1}#soliloquy-container-5308 li > .soliloquy-caption{display:none}#soliloquy-container-5308 li:first-child > .soliloquy-caption{display:block}<\/style><div class=\"soliloquy-no-js\" style=\"display:none;visibility:hidden;height:0;line-height:0;opacity:0;\"><img class=\"soliloquy-image soliloquy-no-js-image\" src=\"https:\/\/hyfac.fr\/wp-content\/uploads\/2018\/09\/Diapositive23.jpeg\" alt=\"HYDRAFAC rich light moisturizer for normal to combination skin\" \/><img class=\"soliloquy-image soliloquy-no-js-image\" src=\"https:\/\/hyfac.fr\/wp-content\/uploads\/2018\/09\/Diapositive24.jpeg\" alt=\"HYDRAFAC rich light moisturizer for normal to combination skin\" \/><\/div><\/noscript><\/div>\n<\/div>\n<div class=\"csColumnGap\" style=\"margin: 0px; padding: 0px; float: left; width: 3.7%;\"><img style=\"border: none;\" src=\"https:\/\/hyfac.fr\/wp-content\/plugins\/advanced-wp-columns\/assets\/js\/plugins\/views\/img\/1x1-pixel.png\" \/><\/div>\n<div class=\"csColumn\" style=\"margin: 0px; padding: 0px; float: left; width: 49.3%;\" data-csstartpoint=\"507\" data-csendpoint=\"1000\" data-cswidth=\"49.3%\" data-csid=\"56e6cac6-63f3-6945-9ddf-f20a5ec7912c\">\n<h1><span style=\"color: #0075b2; line-height: 35px;\">CREAM LIGHT<\/span><\/h1>\n<p><span style=\"color: #0075b2;\">HYDRAFAC range<\/span><br \/>\n40ml tube<\/p>\n<p><br \/>\nMoisturizing face care for normal to combination skin. Improves skin renewal and provides long-lasting protection.<\/p>\n<ul id=\"ulprd\">\n<li><img class=\"logo-prd\" src=\"\/wp-content\/uploads\/2018\/09\/Hydrate.png\" alt=\"Moisturizes\" width=\"50\" \/><br \/>\nHYDRATE<\/li>\n<li><img class=\"logo-prd\" src=\"\/wp-content\/uploads\/2018\/09\/Protege.png\" alt=\"Protects\" width=\"50\" \/><br \/>\nPROTECT<\/li>\n<li><img class=\"logo-prd\" src=\"\/wp-content\/uploads\/2018\/08\/lisse.png\" alt=\"Smooth\" width=\"50\" \/><br \/>\nLISSE<\/li>\n<li><img class=\"logo-prd\" src=\"\/wp-content\/uploads\/2018\/09\/Confort.png\" alt=\"Comfort\" width=\"50\" \/><br \/>\nCOMFORT<\/li>\n<\/ul>\n<ul id=\"ulprd-link\">\n<li><p class=\"product woocommerce add_to_cart_inline\" style=\"border:4px solid #ccc; padding: 12px;\"><span class=\"woocommerce-Price-amount amount\"><bdi>11,50&nbsp;<span class=\"woocommerce-Price-currencySymbol\">\u20ac<\/span><\/bdi><\/span><a href=\"?add-to-cart=14931\" data-quantity=\"1\" class=\"button product_type_simple add_to_cart_button ajax_add_to_cart\" data-product_id=\"14931\" data-product_sku=\"\" aria-label=\"Add \u201cHydrafac - Cr\u00e8me L\u00e9g\u00e8re\u201d to your basket\" rel=\"nofollow\" data-no-translation=\"\" data-trp-gettext=\"\" data-no-translation-aria-label=\"\">Add to basket<\/a><\/p><\/li>\n<li><\/li>\n<li><a href=\"https:\/\/hyfac.fr\/en\/pres-de-chez-vous\/\"><img class=\"img2\" src=\"\/wp-content\/uploads\/2018\/06\/logo-map-e1530138886120.png\" alt=\"loc\" \/>Find a point of sale<\/a><\/li>\n<\/ul>\n<ul id=\"ulprd-link\">\n<li class=\"infotri\"><span class=\"spantri\">Discover our sorting instructions<\/span><br \/>\n<img class=\"imgtri\" src=\"https:\/\/hyfac.fr\/wp-content\/uploads\/2020\/12\/HYDRAFAC-Creme-legere.png\" \/><\/li>\n<\/ul>\n<\/div>\n<div style=\"clear: both; float: none; display: block; visibility: hidden; width: 0px; font-size: 0px; line-height: 0;\"><\/div>\n<\/div>\n<\/div>\n<div id=\"descript-prd\">HYDRAFAC light moisturizing face cream provides an immediate and long-lasting sensation of hydration for the epidermis, and boosts the skin's hydration function. Enriched with <strong>plant assets<\/strong>its formula improves the <strong>skin renewal<\/strong> to maintain the protection of the skin barrier. Used daily, it smoothes the skin texture and reveals the radiance of the complexion for a <strong>new skin\" effect<\/strong>. Its melting and non-greasy texture immediately soothes and brings a sensation of freshness and comfort to the skin. Recommended for <strong>normal to combination skin<\/strong>It is also ideal as a make-up base during the summer.<\/div>\n<div id=\"menu-prdnew\">\n<ul>\n<li><a id=\"lienmenuconseil\" href=\"#prd\">INSTRUCTIONS FOR USE<\/a><\/li>\n<li><a id=\"lienmenuactifs\" href=\"#conseil-prd\">ASSETS<\/a><\/li>\n<li><a id=\"lienmenucmplt\" href=\"#actifs-prd\">COMPLEMENTARY PRODUCTS<\/a><\/li>\n<li><a id=\"lienmenusavoir\" href=\"#cmplt-prd\">LEARN MORE<\/a><\/li>\n<li><a id=\"lienmenucompo\" href=\"#savoir-prd\">COMPOSITION<\/a><\/li>\n<\/ul>\n<\/div>\n<div id=\"conseil-prd\">\n<div class=\"csRow\">\n<div class=\"csColumn\" style=\"margin: 0px; padding: 0px; float: left; width: 70.8%;\" data-csstartpoint=\"0\" data-csendpoint=\"680\" data-cswidth=\"70.8%\" data-csid=\"7ce9a14c-d45b-a3f2-987b-63fd249cc312\">\n<p><span style=\"color: #0075b2;\">HOW TO USE HYDRAFAC LIGHT MOISTURIZER?<\/span><\/p>\n<p>Apply morning and\/or evening to the face and neck after thorough cleansing with the <a href=\"https:\/\/hyfac.fr\/en\/nos-gammes\/hyfac-classique\/gel-nettoyant-purifiant\/\">HYFAC Original Purifying Cleansing Gel<\/a>. Ideal as a make-up base.<\/p>\n<p>HYDRAFAC L\u00e9g\u00e8re moisturizing face cream for normal to combination skin moisturizes and soothes the skin. Its fine, non-greasy texture quenches skin's thirst on application, leaving it supple, soft and radiant. Skin regains its freshness. No greasy finish.<\/p>\n<\/div>\n<div class=\"csColumnGap\" style=\"margin: 0px; padding: 0px; float: left; width: 1.56%;\"><img style=\"border: none;\" src=\"https:\/\/hyfac.fr\/wp-content\/plugins\/advanced-wp-columns\/assets\/js\/plugins\/views\/img\/1x1-pixel.png\" \/><\/div>\n<div class=\"csColumn\" style=\"margin: 0px; padding: 0px; float: left; width: 27.6%;\" data-csstartpoint=\"695\" data-csendpoint=\"960\" data-cswidth=\"27.6%\" data-csid=\"2de6301b-fc0e-6c4c-b16e-671973f34d15\">\n<p><img loading=\"lazy\" class=\"aligncenter wp-image-5140\" src=\"https:\/\/hyfac.fr\/wp-content\/uploads\/2018\/07\/conseil-250x250.png\" alt=\"\" width=\"180\" height=\"181\" srcset=\"https:\/\/hyfac.fr\/wp-content\/uploads\/2018\/07\/conseil-250x250.png 250w, https:\/\/hyfac.fr\/wp-content\/uploads\/2018\/07\/conseil-298x300.png 298w, https:\/\/hyfac.fr\/wp-content\/uploads\/2018\/07\/conseil.png 308w\" sizes=\"(max-width: 180px) 100vw, 180px\" \/><\/p>\n<\/div>\n<div style=\"clear: both; float: none; display: block; visibility: hidden; width: 0px; font-size: 0px; line-height: 0;\"><\/div>\n<\/div>\n<\/div>\n<div id=\"actifs-prd\">\n<div class=\"h2prd\">\n<h2><span style=\"color: #0075b2;\">KEY ASSETS<\/span><\/h2>\n<\/div>\n<p><span style=\"color: #0075b2;\">Gorse extracts<\/span><br \/>\nImmediately and durably moisturizes the skin.<\/p>\n<p><span style=\"color: #0075b2;\">Exopolysaccharides\u00a0<\/span><br \/>\nImproves the natural renewal of the epidermis and strengthens the skin's defence system.<\/p>\n<p><span style=\"color: #0075b2;\">Glycerin<\/span><br \/>\nRestores the skin barrier and keeps the skin moisturized for a long time. Glycerin is a powerful moisturizing agent that can retain several times its weight in water.<\/p>\n<\/div>\n<div id=\"cmplt-prd\">\n<div class=\"h2prd\">\n<h2><span style=\"color: #0075b2;\">COMPLEMENTARY PRODUCTS<\/span><\/h2>\n<\/div>\n<style type=\"text\/css\">#soliloquy-container-5438 .soliloquy-prev{left: -60px;background-color:#0075b2;}#soliloquy-container-5438 .soliloquy-next{right: -60px;background-color:#0075b2;}#soliloquy-container-5438 .soliloquy-image{background: #f3f3f3;border: 1px solid #ddd;padding:3px;}#soliloquy-container-5438 .soliloquy-viewport{height: 260px !important;}#soliloquy-container-5438 .soliloquy-caption-bottom{position: relative;}#soliloquy-container-5438 .soliloquy-caption-inside{color:#CEBFB6; text-shadow:none;background:none;}@media only screen and (max-width: 1000px){#soliloquy-container-5438 .soliloquy-prev{left: 0px;}#soliloquy-container-5438 .soliloquy-next{right: 0px;}#soliloquy-container-5438 .soliloquy-viewport{height: 200px;}}<\/style><div class=\"soliloquy-outer-container soliloquy-carousel\" data-soliloquy-loaded=\"0\"><div aria-live=\"polite\" id=\"soliloquy-container-5438\" class=\"soliloquy-container soliloquy-transition-horizontal soliloquy-slide-horizontal soliloquy-arrows-active Produits-complmentaires-Hyfac soliloquy-theme-base\" style=\"max-width:960px;max-height:300px;margin:0 auto 20px;\"><ul id=\"soliloquy-5438\" class=\"soliloquy-slider soliloquy-slides soliloquy-wrap soliloquy-clear\"><li aria-hidden=\"true\" class=\"soliloquy-item soliloquy-item-1 soliloquy-id-5603 soliloquy-image-slide\" draggable=\"false\" style=\"list-style:none;\"><a href=\"https:\/\/hyfac.fr\/en\/nos-gammes\/hydrafac\/creme-legere\/\" class=\"soliloquy-link\" title=\"HYDRAFAC light moisturizing cream for normal to combination skin\"><img id=\"soliloquy-image-5603\" class=\"soliloquy-image soliloquy-image-1\" src=\"https:\/\/hyfac.fr\/wp-content\/uploads\/2018\/09\/Diapositive24-3-200x200_c.jpeg\" alt=\"HYDRAFAC light moisturizing cream for normal to combination skin\" \/><\/a><div class=\"soliloquy-caption soliloquy-caption-bottom\"><div class=\"soliloquy-caption-inside\"><p>Light cream<\/p><br \/>\n<p style=\"font-size:13px\">Moisturizing cream for normal to combination skin<\/p><\/div><\/div><\/li><li aria-hidden=\"true\" class=\"soliloquy-item soliloquy-item-2 soliloquy-id-5604 soliloquy-image-slide\" draggable=\"false\" style=\"list-style:none;\"><a href=\"https:\/\/hyfac.fr\/en\/nos-gammes\/hydrafac\/creme-riche\/\" class=\"soliloquy-link\" title=\"HYDRAFAC rich moisturizing cream for dry skin\"><img id=\"soliloquy-image-5604\" class=\"soliloquy-image soliloquy-image-2\" src=\"https:\/\/hyfac.fr\/wp-content\/uploads\/2018\/09\/Diapositive26-4-200x200_c.jpeg\" alt=\"HYDRAFAC rich moisturizing cream for dry skin\" \/><\/a><div class=\"soliloquy-caption soliloquy-caption-bottom\"><div class=\"soliloquy-caption-inside\"><p>Rich cream<\/p><br \/>\n<p style=\"font-size:13px\">Moisturizing cream for dry skin<\/p><\/div><\/div><\/li><li aria-hidden=\"true\" class=\"soliloquy-item soliloquy-item-3 soliloquy-id-5605 soliloquy-image-slide\" draggable=\"false\" style=\"list-style:none;\"><a href=\"https:\/\/hyfac.fr\/en\/nos-gammes\/hydrafac\/baume-levres\/\" class=\"soliloquy-link\" title=\"HYDRAFAC nourishing lip balm\"><img id=\"soliloquy-image-5605\" class=\"soliloquy-image soliloquy-image-3\" src=\"https:\/\/hyfac.fr\/wp-content\/uploads\/2018\/09\/Diapositive28-2-200x200_c.jpeg\" alt=\"HYDRAFAC nourishing lip balm\" \/><\/a><div class=\"soliloquy-caption soliloquy-caption-bottom\"><div class=\"soliloquy-caption-inside\"><p>Lip balm<\/p><br \/>\n<p style=\"font-size:13px\">Nourishes and protects<\/p><\/div><\/div><\/li><\/ul><\/div><noscript><style type=\"text\/css\" scoped>#soliloquy-container-5438{opacity:1}#soliloquy-container-5438 li > .soliloquy-caption{display:none}#soliloquy-container-5438 li:first-child > .soliloquy-caption{display:block}<\/style><div class=\"soliloquy-no-js\" style=\"display:none;visibility:hidden;height:0;line-height:0;opacity:0;\"><img class=\"soliloquy-image soliloquy-no-js-image\" src=\"https:\/\/hyfac.fr\/wp-content\/uploads\/2018\/09\/Diapositive24-3.jpeg\" alt=\"HYDRAFAC light moisturizing cream for normal to combination skin\" \/><img class=\"soliloquy-image soliloquy-no-js-image\" src=\"https:\/\/hyfac.fr\/wp-content\/uploads\/2018\/09\/Diapositive26-4.jpeg\" alt=\"HYDRAFAC rich moisturizing cream for dry skin\" \/><img class=\"soliloquy-image soliloquy-no-js-image\" src=\"https:\/\/hyfac.fr\/wp-content\/uploads\/2018\/09\/Diapositive28-2.jpeg\" alt=\"HYDRAFAC nourishing lip balm\" \/><\/div><\/noscript><\/div>\n<\/div>\n<div id=\"savoir-prd\">\n<div class=\"h2prd\">\n<h2><span style=\"color: #0075b2;\">LEARN MORE<\/span><\/h2>\n<\/div>\n<div class=\"csRow\">\n<div class=\"csColumn\" style=\"margin: 0px; padding: 0px; float: left; width: 38.6%;\" data-csstartpoint=\"0\" data-csendpoint=\"370.5\" data-cswidth=\"38.6%\" data-csid=\"beb42ad8-6bfd-a029-8282-bd93ae120b4d\"><a href=\"https:\/\/hyfac.fr\/en\/sos-dermato\/4326-hydratation-de-la-peau\/\" target=\"_blank\" rel=\"noopener\"><img loading=\"lazy\" class=\"aligncenter wp-image-4346 size-thumbnail\" src=\"https:\/\/hyfac.fr\/wp-content\/uploads\/2018\/03\/banniere_carree_site_hyfac_intro_themes6-250x250.jpg\" alt=\"Skin hydration\" width=\"250\" height=\"250\" srcset=\"https:\/\/hyfac.fr\/wp-content\/uploads\/2018\/03\/banniere_carree_site_hyfac_intro_themes6-250x250.jpg 250w, https:\/\/hyfac.fr\/wp-content\/uploads\/2018\/03\/banniere_carree_site_hyfac_intro_themes6-300x300.jpg 300w, https:\/\/hyfac.fr\/wp-content\/uploads\/2018\/03\/banniere_carree_site_hyfac_intro_themes6.jpg 543w\" sizes=\"(max-width: 250px) 100vw, 250px\" \/><\/a><\/div>\n<div class=\"csColumnGap\" style=\"margin: 0px; padding: 0px; float: left; width: 1.56%;\"><img style=\"border: none;\" src=\"https:\/\/hyfac.fr\/wp-content\/plugins\/advanced-wp-columns\/assets\/js\/plugins\/views\/img\/1x1-pixel.png\" \/><\/div>\n<div class=\"csColumn\" style=\"margin: 0px; padding: 0px; float: left; width: 59.8%;\" data-csstartpoint=\"385.5\" data-csendpoint=\"960\" data-cswidth=\"59.8%\" data-csid=\"56e6cac6-63f3-6945-9ddf-f20a5ec7912c\">The sun and heat are factors in the drying of the skin. Heat intensifies the evaporation of water and weakens the skin barrier: this results in dry skin. Combination to oily skin needs lighter moisturizing than dry skin.<br \/>\nHYDRAFAC light moisturizing cream provides immediate hydration of the epidermis and \"boosts\" the skin's hydration function. Its plant complex improves the renewal of the epidermis to maintain the protection of the skin barrier. Its moisturizing agents increase the presence of water in the stratum corneum (surface layer of the skin).<br \/>\nThanks to the action of its natural moisturizing complex, which ensures optimal diffusion of water into the skin and limits its evaporation, HYDRAFAC light cream intensely moisturizes the skin on a daily basis.<\/p>\n<div id=\"savoirplus\"><a href=\"https:\/\/hyfac.fr\/en\/sos-dermato\/4326-hydratation-de-la-peau\/\">Learn more about skin hydration<\/a><\/div>\n<\/div>\n<div style=\"clear: both; float: none; display: block; visibility: hidden; width: 0px; font-size: 0px; line-height: 0;\"><\/div>\n<\/div>\n<\/div>\n<div id=\"compo-prd\">\n<div class=\"h2prd\">\n<h2><span style=\"color: #0075b2;\">COMPOSITIONS <span style=\"font-size: 14pt;\">\/<\/span> INGREDIENTS<\/span><\/h2>\n<\/div>\n<p><span style=\"color: #cebfb6;\">INCI : AQUA (WATER) \/ EAU , ISONONYL ISONONANOATE , PROPANEDIOL , BUTYLENE GLYCOL , SODIUM POLYACRYLATE , PENTYLENE GLYCOL , CHONDRUS CRISPUS EXTRACT , ULEX EUROPAEUS LEAF\/ROOT\/STEM EXTRACT , SACCHARIDE ISOMERATE , GLYCERIN , PARFUM (FRAGRANCE) , XANTHAN GUM , CAPRYLYL GLYCOL , ETHYLHEXYLGLYCERIN , PHENETHYL ALCOHOL , GLUCOSE , CARRAGEENAN , DISODIUM EDTA , CITRIC ACID , SODIUM BENZOATE , CI 42090 (BLUE 1).<\/span><\/p>\n<\/div>","protected":false},"excerpt":{"rendered":"<p>Moisturizing cream for combination skin in summer or as a make-up base. Increases water content in the stratum corneum.<\/p>","protected":false},"author":1,"featured_media":2506,"parent":56,"menu_order":0,"comment_status":"closed","ping_status":"closed","template":"page\/page-template-newprdhydrafac.php","meta":{"_mi_skip_tracking":false,"spay_email":""},"_links":{"self":[{"href":"https:\/\/hyfac.fr\/en\/wp-json\/wp\/v2\/pages\/2441"}],"collection":[{"href":"https:\/\/hyfac.fr\/en\/wp-json\/wp\/v2\/pages"}],"about":[{"href":"https:\/\/hyfac.fr\/en\/wp-json\/wp\/v2\/types\/page"}],"author":[{"embeddable":true,"href":"https:\/\/hyfac.fr\/en\/wp-json\/wp\/v2\/users\/1"}],"replies":[{"embeddable":true,"href":"https:\/\/hyfac.fr\/en\/wp-json\/wp\/v2\/comments?post=2441"}],"version-history":[{"count":42,"href":"https:\/\/hyfac.fr\/en\/wp-json\/wp\/v2\/pages\/2441\/revisions"}],"predecessor-version":[{"id":15016,"href":"https:\/\/hyfac.fr\/en\/wp-json\/wp\/v2\/pages\/2441\/revisions\/15016"}],"up":[{"embeddable":true,"href":"https:\/\/hyfac.fr\/en\/wp-json\/wp\/v2\/pages\/56"}],"wp:featuredmedia":[{"embeddable":true,"href":"https:\/\/hyfac.fr\/en\/wp-json\/wp\/v2\/media\/2506"}],"wp:attachment":[{"href":"https:\/\/hyfac.fr\/en\/wp-json\/wp\/v2\/media?parent=2441"}],"curies":[{"name":"wp","href":"https:\/\/api.w.org\/{rel}","templated":true}]}}