{"id":2592,"date":"2018-02-19T16:32:52","date_gmt":"2018-02-19T15:32:52","guid":{"rendered":"http:\/\/hyfac.fr\/?page_id=2592"},"modified":"2019-01-19T17:32:13","modified_gmt":"2019-01-19T16:32:13","slug":"hyfac-sun","status":"publish","type":"page","link":"https:\/\/hyfac.fr\/en\/nos-gammes\/hyfac-sun\/","title":{"rendered":"HYFAC SUN - Sun protection"},"content":{"rendered":"<p><img loading=\"lazy\" class=\"alignleft wp-image-2621\" src=\"http:\/\/hyfac.fr\/wp-content\/uploads\/2018\/02\/logo_hyfac_sun.jpg\" alt=\"hyfac sun logo\" width=\"260\" height=\"220\" srcset=\"https:\/\/hyfac.fr\/wp-content\/uploads\/2018\/02\/logo_hyfac_sun.jpg 1674w, https:\/\/hyfac.fr\/wp-content\/uploads\/2018\/02\/logo_hyfac_sun-300x253.jpg 300w, https:\/\/hyfac.fr\/wp-content\/uploads\/2018\/02\/logo_hyfac_sun-1024x865.jpg 1024w\" sizes=\"(max-width: 260px) 100vw, 260px\" \/><\/p>\n<h1 class=\"entry-title\">HYFAC SUN - Sun protection<\/h1>\n<p style=\"text-align: justify;\">In summer as in winter, the skin is exposed to the sun's rays, especially UVA and UVB rays.<\/p>\n<p style=\"text-align: justify;\">UVB is the most aggressive, responsible for sunburn and, in the long term, skin cancer. Protection against UVB is measured by the SPF.<\/p>\n<p style=\"text-align: justify;\">UVA rays are the least energetic, but the most present (95% of sunlight). They penetrate deeply into the dermis, and in the long term cause skin aging (wrinkles, spots). This premature ageing of the skin can also be accelerated by exposure to pollution particles present in the environment (smoke, stress, wind...).<\/p>\n<p>Sun protection care <strong>HYFAC SUN<\/strong>\u00a0benefit from a double efficiency, <strong>filtering<\/strong> both UVB and UVA radiation, while <strong>protecting<\/strong> the skin thanks to anti-pollution active ingredients.<\/p>","protected":false},"excerpt":{"rendered":"<p>HYFAC SUN &#8211; Protection solaire En \u00e9t\u00e9 comme en hiver, la peau est expos\u00e9e aux rayons du soleil et notamment aux rayons UVA et UVB. Les UVB sont les plus agressifs, responsables des coups de soleil et \u00e0 long terme des cancers cutan\u00e9s. La protection contre les UVB est mesur\u00e9e par le SPF. Les UVA\u2026 <a class='lire-suite' href=\"https:\/\/hyfac.fr\/en\/nos-gammes\/hyfac-sun\/\">Read more &gt;&gt;&gt;<\/a><\/p>","protected":false},"author":1,"featured_media":0,"parent":22,"menu_order":3,"comment_status":"closed","ping_status":"closed","template":"page\/page-template-hyfacsun.php","meta":{"_mi_skip_tracking":false,"spay_email":""},"_links":{"self":[{"href":"https:\/\/hyfac.fr\/en\/wp-json\/wp\/v2\/pages\/2592"}],"collection":[{"href":"https:\/\/hyfac.fr\/en\/wp-json\/wp\/v2\/pages"}],"about":[{"href":"https:\/\/hyfac.fr\/en\/wp-json\/wp\/v2\/types\/page"}],"author":[{"embeddable":true,"href":"https:\/\/hyfac.fr\/en\/wp-json\/wp\/v2\/users\/1"}],"replies":[{"embeddable":true,"href":"https:\/\/hyfac.fr\/en\/wp-json\/wp\/v2\/comments?post=2592"}],"version-history":[{"count":7,"href":"https:\/\/hyfac.fr\/en\/wp-json\/wp\/v2\/pages\/2592\/revisions"}],"predecessor-version":[{"id":2735,"href":"https:\/\/hyfac.fr\/en\/wp-json\/wp\/v2\/pages\/2592\/revisions\/2735"}],"up":[{"embeddable":true,"href":"https:\/\/hyfac.fr\/en\/wp-json\/wp\/v2\/pages\/22"}],"wp:attachment":[{"href":"https:\/\/hyfac.fr\/en\/wp-json\/wp\/v2\/media?parent=2592"}],"curies":[{"name":"wp","href":"https:\/\/api.w.org\/{rel}","templated":true}]}}