{"id":47,"date":"2016-04-25T15:47:42","date_gmt":"2016-04-25T13:47:42","guid":{"rendered":"http:\/\/hyfac.fr\/?page_id=47"},"modified":"2018-06-20T11:35:22","modified_gmt":"2018-06-20T09:35:22","slug":"hyfac-woman","status":"publish","type":"page","link":"https:\/\/hyfac.fr\/en\/nos-gammes\/hyfac-woman\/","title":{"rendered":"HYFAC WOMAN - Adult skin with imperfections"},"content":{"rendered":"<p><img loading=\"lazy\" class=\"alignleft wp-image-93\" src=\"http:\/\/hyfac.fr\/wp-content\/uploads\/2016\/04\/logo_HW.png\" alt=\"hyfac woman logo\" width=\"260\" height=\"216\" srcset=\"https:\/\/hyfac.fr\/wp-content\/uploads\/2016\/04\/logo_HW.png 1092w, https:\/\/hyfac.fr\/wp-content\/uploads\/2016\/04\/logo_HW-300x249.png 300w, https:\/\/hyfac.fr\/wp-content\/uploads\/2016\/04\/logo_HW-1024x851.png 1024w\" sizes=\"(max-width: 260px) 100vw, 260px\" \/><\/p>\n<h1 class=\"entry-title\">HYFAC WOMAN - Adult skin with imperfections<\/h1>\n<p style=\"text-align: justify;\"><span style=\"color: #7f6f65;\">Acne affects one in two adult women. Whether it's small unsightly pimples or real acne, this condition is often very difficult to live with for these active women.<\/span><\/p>\n<p style=\"text-align: justify;\"><span style=\"color: #7f6f65;\">HYFAC WOMAN is one of the only ranges that offers care adapted to women with blemished skin. Care products adapted to their specific needs.<\/span><\/p>\n<p>&nbsp;<\/p>\n<h2 style=\"text-align: center;\">All our anti-imperfection products for adult skin:<\/h2>\n<p>&nbsp;<\/p>","protected":false},"excerpt":{"rendered":"<p>HYFAC WOMAN \u2013 Peaux adultes \u00e0 imperfections L\u2019acn\u00e9 touche une femme adulte sur deux. Que ce soit des petits boutons disgracieux ou une v\u00e9ritable acn\u00e9, cette pathologie est souvent tr\u00e8s difficile \u00e0 vivre pour ces femmes actives. HYFAC WOMAN est\u00a0 l\u2019une des seules gammes qui propose une prise en charge adapt\u00e9e aux femmes ayant une\u2026 <a class='lire-suite' href=\"https:\/\/hyfac.fr\/en\/nos-gammes\/hyfac-woman\/\">Read more &gt;&gt;&gt;<\/a><\/p>","protected":false},"author":1,"featured_media":0,"parent":22,"menu_order":1,"comment_status":"closed","ping_status":"closed","template":"page\/page-template-hyfacwoman.php","meta":{"_mi_skip_tracking":false,"spay_email":""},"_links":{"self":[{"href":"https:\/\/hyfac.fr\/en\/wp-json\/wp\/v2\/pages\/47"}],"collection":[{"href":"https:\/\/hyfac.fr\/en\/wp-json\/wp\/v2\/pages"}],"about":[{"href":"https:\/\/hyfac.fr\/en\/wp-json\/wp\/v2\/types\/page"}],"author":[{"embeddable":true,"href":"https:\/\/hyfac.fr\/en\/wp-json\/wp\/v2\/users\/1"}],"replies":[{"embeddable":true,"href":"https:\/\/hyfac.fr\/en\/wp-json\/wp\/v2\/comments?post=47"}],"version-history":[{"count":33,"href":"https:\/\/hyfac.fr\/en\/wp-json\/wp\/v2\/pages\/47\/revisions"}],"predecessor-version":[{"id":4807,"href":"https:\/\/hyfac.fr\/en\/wp-json\/wp\/v2\/pages\/47\/revisions\/4807"}],"up":[{"embeddable":true,"href":"https:\/\/hyfac.fr\/en\/wp-json\/wp\/v2\/pages\/22"}],"wp:attachment":[{"href":"https:\/\/hyfac.fr\/en\/wp-json\/wp\/v2\/media?parent=47"}],"curies":[{"name":"wp","href":"https:\/\/api.w.org\/{rel}","templated":true}]}}