{"id":1416,"date":"2016-05-25T23:41:52","date_gmt":"2016-05-25T21:41:52","guid":{"rendered":"http:\/\/hyfac.fr\/?page_id=1416"},"modified":"2022-02-05T00:04:54","modified_gmt":"2022-02-04T23:04:54","slug":"pain-nettoyant-purifiant","status":"publish","type":"page","link":"https:\/\/hyfac.fr\/es\/nos-gammes\/hyfac-classique\/pain-nettoyant-purifiant\/","title":{"rendered":"Barra limpiadora purificadora"},"content":{"rendered":"<p>&nbsp;<\/p>\n<div style=\"width: 960px;\">&nbsp;<\/div>\n<div id=\"prd\">\n<div class=\"csRow\">\n<div class=\"csColumn\" style=\"margin: 0px; padding: 0px; float: left; width: 43%;\" data-csstartpoint=\"0\" data-csendpoint=\"430\" data-cswidth=\"43.0%\" data-csid=\"beb42ad8-6bfd-a029-8282-bd93ae120b4d\">\n<style type=\"text\/css\">#soliloquy-container-5303 .soliloquy-pager{bottom: -30px;}<\/style><div class=\"soliloquy-outer-container\" data-soliloquy-loaded=\"0\"><div aria-live=\"polite\" id=\"soliloquy-container-5303\" class=\"soliloquy-container soliloquy-transition-horizontal soliloquy-slide-horizontal soliloquy-controls-active slider-img-prd soliloquy-theme-base\" style=\"max-width:500px;max-height:500px;margin:0 auto 20px;max-width:100%;max-height:none;\"><ul id=\"soliloquy-5303\" class=\"soliloquy-slider soliloquy-slides soliloquy-wrap soliloquy-clear\"><li aria-hidden=\"true\" class=\"soliloquy-item soliloquy-item-1 soliloquy-id-5654 soliloquy-image-slide\" draggable=\"false\" style=\"list-style:none;\"><a href=\"https:\/\/hyfac.fr\/wp-content\/uploads\/2018\/09\/Diapositive06-2-3-3.jpeg\" class=\"soliloquy-link\" title=\"Diapositive06 2 3\" rel=\"soliloquybox5303\" data-thumbnail=\"https:\/\/hyfac.fr\/wp-content\/uploads\/2018\/09\/Diapositive06-2-3-3-75x75_c.jpeg\"><img id=\"soliloquy-image-5654\" class=\"soliloquy-image soliloquy-image-1\" src=\"https:\/\/hyfac.fr\/wp-content\/uploads\/2018\/09\/Diapositive06-2-3-3-500x500_c.jpeg\" alt=\"Diapositive06 2 3\" \/><\/a><\/li><li aria-hidden=\"true\" class=\"soliloquy-item soliloquy-item-2 soliloquy-id-5655 soliloquy-image-slide\" draggable=\"false\" style=\"list-style:none;\"><a href=\"https:\/\/hyfac.fr\/wp-content\/uploads\/2018\/09\/Diapositive06-2-5.jpeg\" class=\"soliloquy-link\" title=\"Diapositive06 2\" rel=\"soliloquybox5303\" data-thumbnail=\"https:\/\/hyfac.fr\/wp-content\/uploads\/2018\/09\/Diapositive06-2-5-75x75_c.jpeg\"><img id=\"soliloquy-image-5655\" class=\"soliloquy-image soliloquy-image-2 soliloquy-preload\" src=\"https:\/\/hyfac.fr\/wp-content\/plugins\/soliloquy\/assets\/css\/images\/holder.gif\" data-soliloquy-src=\"https:\/\/hyfac.fr\/wp-content\/uploads\/2018\/09\/Diapositive06-2-5-500x500_c.jpeg\" alt=\"Diapositive06 2\" \/><\/a><\/li><\/ul><\/div><noscript><style type=\"text\/css\" scoped>#soliloquy-container-5303{opacity:1}#soliloquy-container-5303 li > .soliloquy-caption{display:none}#soliloquy-container-5303 li:first-child > .soliloquy-caption{display:block}<\/style><div class=\"soliloquy-no-js\" style=\"display:none;visibility:hidden;height:0;line-height:0;opacity:0;\"><img class=\"soliloquy-image soliloquy-no-js-image\" src=\"https:\/\/hyfac.fr\/wp-content\/uploads\/2018\/09\/Diapositive06-2-3-3.jpeg\" alt=\"Diapositive06 2 3\" \/><img class=\"soliloquy-image soliloquy-no-js-image\" src=\"https:\/\/hyfac.fr\/wp-content\/uploads\/2018\/09\/Diapositive06-2-5.jpeg\" alt=\"Diapositive06 2\" \/><\/div><\/noscript><\/div>\n<\/div>\n<div class=\"csColumnGap\" style=\"margin: 0px; padding: 0px; float: left; width: 7.7%;\"><img style=\"border: none;\" src=\"https:\/\/hyfac.fr\/wp-content\/plugins\/advanced-wp-columns\/assets\/js\/plugins\/views\/img\/1x1-pixel.png\"><\/div>\n<div class=\"csColumn\" style=\"margin: 0px; padding: 0px; float: left; width: 49.3%;\" data-csstartpoint=\"507\" data-csendpoint=\"1000\" data-cswidth=\"49.3%\" data-csid=\"56e6cac6-63f3-6945-9ddf-f20a5ec7912c\">\n<h1><span style=\"color: #df6c2e; line-height: 35px;\">PAIN NETTOYANT PURIFIANT<\/span><\/h1>\n<p><span style=\"color: #df6c2e;\">Gama HYFAC Original<\/span><br \/>\nPain dermatologique 100g. Visage et corps.<\/p>\n<p><br \/>\nPain nettoyant purifiant sans savon pour les&nbsp;peaux \u00e0 tendance acn\u00e9ique.&nbsp;Purifie en profondeur et r\u00e9duit les imperfections.<\/p>\n<ul id=\"ulprd\">\n<li><img class=\"logo-prd\" src=\"\/wp-content\/uploads\/2018\/09\/Nettoie.png\" alt=\"Limpia\" width=\"50\"><br \/>\nLIMPIEZA<\/li>\n<li><img class=\"logo-prd\" src=\"\/wp-content\/uploads\/2018\/09\/PURIFIE.png\" alt=\"PURIFICAR\" width=\"50\"><br \/>\nPURIFICAR<\/li>\n<li><img class=\"logo-prd\" src=\"\/wp-content\/uploads\/2018\/08\/doux.png\" alt=\"dulce\" width=\"50\"><br \/>\nDOUX<\/li>\n<li><img class=\"logo-prd\" src=\"\/wp-content\/uploads\/2018\/09\/Sans-savon.png\" alt=\"Sin jab\u00f3n\" width=\"50\"><br \/>\nSIN JAB\u00d3N<\/li>\n<\/ul>\n<ul id=\"ulprd-link\">\n<li><p class=\"product woocommerce add_to_cart_inline\" style=\"border:4px solid #ccc; padding: 12px;\"><span class=\"woocommerce-Price-amount amount\"><bdi>8,90&nbsp;<span class=\"woocommerce-Price-currencySymbol\">\u20ac<\/span><\/bdi><\/span><a href=\"?add-to-cart=14923\" data-quantity=\"1\" class=\"button product_type_simple add_to_cart_button ajax_add_to_cart\" data-product_id=\"14923\" data-product_sku=\"\" aria-label=\"A\u00f1ade \u201cClassic - Pain Nettoyant Purifiant\u201d a tu carrito\" rel=\"nofollow\" data-no-translation=\"\" data-trp-gettext=\"\" data-no-translation-aria-label=\"\">A\u00f1adir al carrito<\/a><\/p><\/li>\n<li>&nbsp;<\/li>\n<li><a href=\"https:\/\/hyfac.fr\/es\/pres-de-chez-vous\/\"><img class=\"img2\" src=\"\/wp-content\/uploads\/2018\/06\/logo-map-e1530138886120.png\" alt=\"loc\">Encontrar un punto de venta<\/a><\/li>\n<\/ul>\n<ul id=\"ulprd-link\">\n<li class=\"infotri\"><span class=\"spantri\">Descubra nuestras instrucciones de clasificaci\u00f3n<\/span><br \/>\n<img class=\"imgtri\" src=\"https:\/\/hyfac.fr\/wp-content\/uploads\/2020\/12\/HYFAC-ORIGINAL-Pain-nettoyant.png\"><\/li>\n<\/ul>\n<\/div>\n<div style=\"clear: both; float: none; display: block; visibility: hidden; width: 0px; font-size: 0px; line-height: 0;\">&nbsp;<\/div>\n<\/div>\n<\/div>\n<div id=\"descript-prd\">Le pain nettoyant purifiant HYFAC <strong>limpia<\/strong> y <strong>purifica<\/strong> en douceur les peaux jeunes \u00e0 imperfections. Recommand\u00e9 pour le visage et le corps, il facilite l\u2019\u00e9limination des impuret\u00e9s et de l\u2019exc\u00e8s de s\u00e9bum, et purifie la peau sans l\u2019agresser. Sa formule <strong>sin jab\u00f3n<\/strong> apaise les sensations de tiraillements et respecte la barri\u00e8re cutan\u00e9e. Apr\u00e8s le nettoyage, la peau est plus nette, plus saine et purifi\u00e9e en profondeur.<\/div>\n<div id=\"menu-prdnew\">\n<ul>\n<li><a id=\"lienmenuconseil\" href=\"#prd\">CONSEJO DE USO<\/a><\/li>\n<li><a id=\"lienmenuactifs\" href=\"#conseil-prd\">ACTIVOS<\/a><\/li>\n<li><a id=\"lienmenucmplt\" href=\"#actifs-prd\">PRODUCTOS COMPLEMENTARIOS<\/a><\/li>\n<li><a id=\"lienmenusavoir\" href=\"#cmplt-prd\">CONOZCA M\u00c1S<\/a><\/li>\n<li><a id=\"lienmenucompo\" href=\"#savoir-prd\">COMPOSICI\u00d3N<\/a><\/li>\n<\/ul>\n<\/div>\n<div id=\"conseil-prd\">\n<div class=\"csRow\">\n<div class=\"csColumn\" style=\"margin: 0px; padding: 0px; float: left; width: 70.8%;\" data-csstartpoint=\"0\" data-csendpoint=\"680\" data-cswidth=\"70.8%\" data-csid=\"7ce9a14c-d45b-a3f2-987b-63fd249cc312\">\n<p><span style=\"color: #df6c2e;\">COMMENT UTILISER LE PAIN NETTOYANT HYFAC ?<\/span><\/p>\n<p>Utiliser le pain nettoyant purifiant matin et soir sur une peau pr\u00e9alablement humidifi\u00e9e. Faire mousser entre les mains et appliquer en massant l\u00e9g\u00e8rement la peau. Rincer abondamment \u00e0 l\u2019eau claire. Il est ensuite conseill\u00e9 d\u2019appliquer le <a href=\"https:\/\/hyfac.fr\/es\/nos-gammes\/hyfac-classique\/soin-global\/\">Atenci\u00f3n integral HYFAC<\/a> en una piel perfectamente seca.<\/p>\n<p>Facile \u00e0 transporter, le pain nettoyant visage HYFAC est id\u00e9al \u00e0 glisser dans sa valise pour les voyages.<\/p>\n<p>Sa formule ultra-douce est adapt\u00e9e \u00e0 tous les types de peaux, m\u00eame les plus sensibles.<\/p>\n<\/div>\n<div class=\"csColumnGap\" style=\"margin: 0px; padding: 0px; float: left; width: 1.56%;\"><img style=\"border: none;\" src=\"https:\/\/hyfac.fr\/wp-content\/plugins\/advanced-wp-columns\/assets\/js\/plugins\/views\/img\/1x1-pixel.png\"><\/div>\n<div class=\"csColumn\" style=\"margin: 0px; padding: 0px; float: left; width: 27.6%;\" data-csstartpoint=\"695\" data-csendpoint=\"960\" data-cswidth=\"27.6%\" data-csid=\"2de6301b-fc0e-6c4c-b16e-671973f34d15\">\n<p><img loading=\"lazy\" class=\"aligncenter wp-image-5140\" src=\"https:\/\/hyfac.fr\/wp-content\/uploads\/2018\/07\/conseil-250x250.png\" alt=\"\" width=\"180\" height=\"181\" srcset=\"https:\/\/hyfac.fr\/wp-content\/uploads\/2018\/07\/conseil-250x250.png 250w, https:\/\/hyfac.fr\/wp-content\/uploads\/2018\/07\/conseil-298x300.png 298w, https:\/\/hyfac.fr\/wp-content\/uploads\/2018\/07\/conseil.png 308w\" sizes=\"(max-width: 180px) 100vw, 180px\" \/><\/p>\n<\/div>\n<div style=\"clear: both; float: none; display: block; visibility: hidden; width: 0px; font-size: 0px; line-height: 0;\">&nbsp;<\/div>\n<\/div>\n<\/div>\n<div id=\"actifs-prd\">\n<div class=\"h2prd\">\n<h2><span style=\"color: #df6c2e;\">ACTIVOS CLAVE<\/span><\/h2>\n<\/div>\n<p><span style=\"color: #df6c2e;\">Glycocolle : Apaisant<\/span><br \/>\nLe glycocolle est un acide amin\u00e9 neutre pr\u00e9sent dans l\u2019organisme humain. Il contribue \u00e0 la pr\u00e9vention des ph\u00e9nom\u00e8nes irritatifs.<\/p>\n<p><span style=\"color: #df6c2e;\">Piroctone Olamine: Antibacteriano y conservante<\/span><br \/>\nReconnue pour son action antimicrobienne, en particulier sur le P.acnes et la Malassezia, la Piroctone Olamine est un actif \u00e0 l\u2019efficacit\u00e9 prouv\u00e9e. Elle joue \u00e9galement un r\u00f4le de conservateur. Cette fonction permet de ne pas ajouter \u00e0 notre formule d\u2019autres agents conservateurs tels que les parabens.<\/p>\n<\/div>\n<div id=\"cmplt-prd\">\n<div class=\"h2prd\">\n<h2><span style=\"color: #df6c2e;\">PRODUCTOS COMPLEMENTARIOS<\/span><\/h2>\n<\/div>\n<style type=\"text\/css\">#soliloquy-container-5364 .soliloquy-prev{left: -60px;background-color:#df6c2e;}#soliloquy-container-5364 .soliloquy-next{right: -60px;background-color:#df6c2e;}#soliloquy-container-5364 .soliloquy-image{background: #f3f3f3;border: 1px solid #ddd;padding:3px;}#soliloquy-container-5364 .soliloquy-viewport{height: 260px !important;}#soliloquy-container-5364 .soliloquy-caption-bottom{position: relative;}#soliloquy-container-5364 .soliloquy-caption-inside{color:#CEBFB6; text-shadow:none;background:none;}@media only screen and (max-width: 1000px){#soliloquy-container-5364 .soliloquy-prev{left: 0px;}#soliloquy-container-5364 .soliloquy-next{right: 0px;}#soliloquy-container-5364 .soliloquy-viewport{height: 200px;}}<\/style><div class=\"soliloquy-outer-container soliloquy-carousel\" data-soliloquy-loaded=\"0\"><div aria-live=\"polite\" id=\"soliloquy-container-5364\" class=\"soliloquy-container soliloquy-transition-horizontal soliloquy-slide-horizontal soliloquy-arrows-active Produits-complmentaires-Hyfac soliloquy-theme-base\" style=\"max-width:960px;max-height:300px;margin:0 auto 20px;\"><ul id=\"soliloquy-5364\" class=\"soliloquy-slider soliloquy-slides soliloquy-wrap soliloquy-clear\"><li aria-hidden=\"true\" class=\"soliloquy-item soliloquy-item-1 soliloquy-id-5625 soliloquy-image-slide\" draggable=\"false\" style=\"list-style:none;\"><a href=\"https:\/\/hyfac.fr\/es\/nos-gammes\/hyfac-classique\/gel-nettoyant-purifiant\/\" class=\"soliloquy-link\" title=\"Gel limpiador purificante para el acn\u00e9 HYFAC\"><img id=\"soliloquy-image-5625\" class=\"soliloquy-image soliloquy-image-1\" src=\"https:\/\/hyfac.fr\/wp-content\/uploads\/2018\/09\/Diapositive01-1-200x200_c.jpeg\" alt=\"Gel limpiador purificante para el acn\u00e9 HYFAC\" \/><\/a><div class=\"soliloquy-caption soliloquy-caption-bottom\"><div class=\"soliloquy-caption-inside\"><p>Gel limpiador purificante<\/p><br \/>\n<p style=\"font-size:13px\">Limpia y purifica<\/p><\/div><\/div><\/li><li aria-hidden=\"true\" class=\"soliloquy-item soliloquy-item-2 soliloquy-id-5626 soliloquy-image-slide\" draggable=\"false\" style=\"list-style:none;\"><a href=\"https:\/\/hyfac.fr\/es\/nos-gammes\/hyfac-classique\/mousse-nettoyante-exfoliante\/\" class=\"soliloquy-link\" title=\"HYFAC Espuma Limpiadora Anti-Imperfecciones para Acn\u00e9\"><img id=\"soliloquy-image-5626\" class=\"soliloquy-image soliloquy-image-2\" src=\"https:\/\/hyfac.fr\/wp-content\/uploads\/2018\/09\/Diapositive03-1-200x200_c.jpeg\" alt=\"HYFAC Espuma Limpiadora Anti-Imperfecciones para Acn\u00e9\" \/><\/a><div class=\"soliloquy-caption soliloquy-caption-bottom\"><div class=\"soliloquy-caption-inside\"><p>Espuma limpiadora exfoliante<\/p><br \/>\n<p style=\"font-size:13px\">Limpia y elimina la suciedad<\/p><\/div><\/div><\/li><li aria-hidden=\"true\" class=\"soliloquy-item soliloquy-item-3 soliloquy-id-5627 soliloquy-image-slide\" draggable=\"false\" style=\"list-style:none;\"><a href=\"https:\/\/hyfac.fr\/es\/nos-gammes\/hyfac-classique\/pain-nettoyant-purifiant\/\" class=\"soliloquy-link\" title=\"HYFAC Barra Limpiadora Purificante para el Acn\u00e9\"><img id=\"soliloquy-image-5627\" class=\"soliloquy-image soliloquy-image-3\" src=\"https:\/\/hyfac.fr\/wp-content\/uploads\/2018\/09\/Diapositive05-1-200x200_c.jpeg\" alt=\"HYFAC Barra Limpiadora Purificante para el Acn\u00e9\" \/><\/a><div class=\"soliloquy-caption soliloquy-caption-bottom\"><div class=\"soliloquy-caption-inside\"><p>Barra limpiadora purificadora<\/p><br \/>\n<p style=\"font-size:13px\">Limpia y purifica<\/p><\/div><\/div><\/li><li aria-hidden=\"true\" class=\"soliloquy-item soliloquy-item-4 soliloquy-id-5628 soliloquy-image-slide\" draggable=\"false\" style=\"list-style:none;\"><a href=\"https:\/\/hyfac.fr\/es\/nos-gammes\/hyfac-classique\/soin-global\/\" class=\"soliloquy-link\" title=\"HYFAC Cuidado Global Anti-Imperfecciones para el Acn\u00e9\"><img id=\"soliloquy-image-5628\" class=\"soliloquy-image soliloquy-image-4\" src=\"https:\/\/hyfac.fr\/wp-content\/uploads\/2018\/09\/Diapositive07-1-200x200_c.jpeg\" alt=\"HYFAC Cuidado Global Anti-Imperfecciones para el Acn\u00e9\" \/><\/a><div class=\"soliloquy-caption soliloquy-caption-bottom\"><div class=\"soliloquy-caption-inside\"><p>Atenci\u00f3n global<\/p><br \/>\n<p style=\"font-size:13px\">Reduce las manchas e hidrata<\/p><\/div><\/div><\/li><li aria-hidden=\"true\" class=\"soliloquy-item soliloquy-item-5 soliloquy-id-5629 soliloquy-image-slide\" draggable=\"false\" style=\"list-style:none;\"><a href=\"https:\/\/hyfac.fr\/es\/nos-gammes\/hyfac-classique\/emulsion-fluide\/\" class=\"soliloquy-link\" title=\"HYFAC Emulsi\u00f3n Fluida Hidratante Calmante Tratamiento para el Acn\u00e9\"><img id=\"soliloquy-image-5629\" class=\"soliloquy-image soliloquy-image-5\" src=\"https:\/\/hyfac.fr\/wp-content\/uploads\/2018\/09\/Diapositive09-1-200x200_c.jpeg\" alt=\"HYFAC Emulsi\u00f3n Fluida Hidratante Calmante Tratamiento para el Acn\u00e9\" \/><\/a><div class=\"soliloquy-caption soliloquy-caption-bottom\"><div class=\"soliloquy-caption-inside\"><p>Emulsi\u00f3n fluida<\/p><br \/>\n<p style=\"font-size:13px\">Hidrata y matiza<\/p><\/div><\/div><\/li><li aria-hidden=\"true\" class=\"soliloquy-item soliloquy-item-6 soliloquy-id-11232 soliloquy-image-slide\" draggable=\"false\" style=\"list-style:none;\"><a href=\"https:\/\/hyfac.fr\/es\/nos-gammes\/hyfac-classique\/mousse-a-raser\/\" class=\"soliloquy-link\" title=\"Espuma de afeitar calmante HYFAC para pieles sensibles\"><img id=\"soliloquy-image-11232\" class=\"soliloquy-image soliloquy-image-6\" src=\"https:\/\/hyfac.fr\/wp-content\/uploads\/2018\/09\/Diapositive11-1-200x200_c.png\" alt=\"Espuma de afeitar calmante HYFAC para pieles sensibles\" \/><\/a><div class=\"soliloquy-caption soliloquy-caption-bottom\"><div class=\"soliloquy-caption-inside\"><p>Espuma de afeitar<\/p><br \/>\n<p style=\"font-size:13px\">Alivia las quemaduras de la maquinilla de afeitar<\/p><\/div><\/div><\/li><li aria-hidden=\"true\" class=\"soliloquy-item soliloquy-item-7 soliloquy-id-5632 soliloquy-image-slide\" draggable=\"false\" style=\"list-style:none;\"><a href=\"https:\/\/hyfac.fr\/es\/nos-gammes\/hyfac-classique\/patchs-anti-imperfections\/\" class=\"soliloquy-link\" title=\"HYFAC Parche Anti-Imperfecciones seca los granos\"><img id=\"soliloquy-image-5632\" class=\"soliloquy-image soliloquy-image-7\" src=\"https:\/\/hyfac.fr\/wp-content\/uploads\/2018\/09\/Diapositive13-200x200_c.jpeg\" alt=\"HYFAC Parche Anti-Imperfecciones seca los granos\" \/><\/a><div class=\"soliloquy-caption soliloquy-caption-bottom\"><div class=\"soliloquy-caption-inside\"><p>Parche antiimperfecciones<\/p><br \/>\n<p style=\"font-size:13px\">Seca y reduce el grano<\/p><\/div><\/div><\/li><\/ul><\/div><noscript><style type=\"text\/css\" scoped>#soliloquy-container-5364{opacity:1}#soliloquy-container-5364 li > .soliloquy-caption{display:none}#soliloquy-container-5364 li:first-child > .soliloquy-caption{display:block}<\/style><div class=\"soliloquy-no-js\" style=\"display:none;visibility:hidden;height:0;line-height:0;opacity:0;\"><img class=\"soliloquy-image soliloquy-no-js-image\" src=\"https:\/\/hyfac.fr\/wp-content\/uploads\/2018\/09\/Diapositive01-1.jpeg\" alt=\"Gel limpiador purificante para el acn\u00e9 HYFAC\" \/><img class=\"soliloquy-image soliloquy-no-js-image\" src=\"https:\/\/hyfac.fr\/wp-content\/uploads\/2018\/09\/Diapositive03-1.jpeg\" alt=\"HYFAC Espuma Limpiadora Anti-Imperfecciones para Acn\u00e9\" \/><img class=\"soliloquy-image soliloquy-no-js-image\" src=\"https:\/\/hyfac.fr\/wp-content\/uploads\/2018\/09\/Diapositive05-1.jpeg\" alt=\"HYFAC Barra Limpiadora Purificante para el Acn\u00e9\" \/><img class=\"soliloquy-image soliloquy-no-js-image\" src=\"https:\/\/hyfac.fr\/wp-content\/uploads\/2018\/09\/Diapositive07-1.jpeg\" alt=\"HYFAC Cuidado Global Anti-Imperfecciones para el Acn\u00e9\" \/><img class=\"soliloquy-image soliloquy-no-js-image\" src=\"https:\/\/hyfac.fr\/wp-content\/uploads\/2018\/09\/Diapositive09-1.jpeg\" alt=\"HYFAC Emulsi\u00f3n Fluida Hidratante Calmante Tratamiento para el Acn\u00e9\" \/><img class=\"soliloquy-image soliloquy-no-js-image\" src=\"https:\/\/hyfac.fr\/wp-content\/uploads\/2018\/09\/Diapositive11-1.png\" alt=\"Espuma de afeitar calmante HYFAC para pieles sensibles\" \/><img class=\"soliloquy-image soliloquy-no-js-image\" src=\"https:\/\/hyfac.fr\/wp-content\/uploads\/2018\/09\/Diapositive13.jpeg\" alt=\"HYFAC Parche Anti-Imperfecciones seca los granos\" \/><\/div><\/noscript><\/div>\n<\/div>\n<div id=\"savoir-prd\">\n<div class=\"h2prd\">\n<h2><span style=\"color: #df6c2e;\">CONOZCA M\u00c1S<\/span><\/h2>\n<\/div>\n<div class=\"csRow\">\n<div class=\"csColumn\" style=\"margin: 0px; padding: 0px; float: left; width: 38.6%;\" data-csstartpoint=\"0\" data-csendpoint=\"370.5\" data-cswidth=\"38.6%\" data-csid=\"beb42ad8-6bfd-a029-8282-bd93ae120b4d\"><a href=\"https:\/\/hyfac.fr\/es\/sos-dermato\/4329-acne-de-l-adolescent\/\" target=\"_blank\" rel=\"noopener\"><img loading=\"lazy\" class=\"aligncenter wp-image-4345 size-thumbnail\" src=\"https:\/\/hyfac.fr\/wp-content\/uploads\/2018\/03\/banniere_carree_site_hyfac_intro_themes5-250x250.jpg\" alt=\"Acn\u00e9 adolescente\" width=\"250\" height=\"250\" srcset=\"https:\/\/hyfac.fr\/wp-content\/uploads\/2018\/03\/banniere_carree_site_hyfac_intro_themes5-250x250.jpg 250w, https:\/\/hyfac.fr\/wp-content\/uploads\/2018\/03\/banniere_carree_site_hyfac_intro_themes5-300x300.jpg 300w, https:\/\/hyfac.fr\/wp-content\/uploads\/2018\/03\/banniere_carree_site_hyfac_intro_themes5.jpg 543w\" sizes=\"(max-width: 250px) 100vw, 250px\" \/><\/a><\/div>\n<div class=\"csColumnGap\" style=\"margin: 0px; padding: 0px; float: left; width: 1.56%;\"><img style=\"border: none;\" src=\"https:\/\/hyfac.fr\/wp-content\/plugins\/advanced-wp-columns\/assets\/js\/plugins\/views\/img\/1x1-pixel.png\"><\/div>\n<div class=\"csColumn\" style=\"margin: 0px; padding: 0px; float: left; width: 59.8%;\" data-csstartpoint=\"385.5\" data-csendpoint=\"960\" data-cswidth=\"59.8%\" data-csid=\"56e6cac6-63f3-6945-9ddf-f20a5ec7912c\">\n<p>Le nettoyage est la premi\u00e8re \u00e9tape d\u2019une routine de soins pour une peau nette et sans boutons. Celui-ci doit \u00eatre r\u00e9alis\u00e9 avec attention chez les peaux jeunes \u00e0 probl\u00e8mes, qui n\u00e9cessitent un nettoyage quotidien et rigoureux. Le pain nettoyant purifiant HYFAC est particuli\u00e8rement indiqu\u00e9 pour les peaux \u00e0 tendance acn\u00e9ique pr\u00e9sentant des boutons sur le visage, des points noirs et\/ou des microkystes blancs. Il peut \u00eatre utilis\u00e9 en accompagnement des diff\u00e9rents traitements de l\u2019acn\u00e9, y compris les traitements topiques dess\u00e9chants comme l\u2019adapal\u00e8ne ou le peroxyde de benzoyl.<\/p>\n<p>Le pain nettoyant purifiant HYFAC est une base lavante douce sans savon, appel\u00e9 syndet. Sa formule \u00e0 base de Piroctone Olamine, un puissant actif antibact\u00e9rien, permet d\u2019\u00e9quilibrer la flore cutan\u00e9e. Son agent surgraissant et son pH physiologique permettent de nettoyer la peau dans le parfait respect du film hydrolipidique de la peau.<\/p>\n<div id=\"savoirplus\"><a href=\"https:\/\/hyfac.fr\/es\/sos-dermato\/4329-acne-de-l-adolescent\/\">M\u00e1s informaci\u00f3n sobre el acn\u00e9 adolescente<\/a><\/div>\n<\/div>\n<div style=\"clear: both; float: none; display: block; visibility: hidden; width: 0px; font-size: 0px; line-height: 0;\">&nbsp;<\/div>\n<\/div>\n<\/div>\n<div id=\"compo-prd\">\n<div class=\"h2prd\">\n<h2><span style=\"color: #df6c2e;\">COMPOSICIONES <span style=\"font-size: 14pt;\">\/<\/span> INGREDIENTES<\/span><\/h2>\n<\/div>\n<p><span style=\"color: #cebfb6;\">INCI : ZEA MAYS (CORN) STARCH, POTASSIUM LAURYL SULFATE, CETEARYL ALCOHOL, SODIUM LAURYL SULFATE, HYDROGENATED CASTOR OIL, AQUA ( WATER), TALC, GLYCINE, GLYCERIN, PARFUM (FRAGRANCE), PIROCTONE OLAMINE, PARAFFINUM LIQUIDUM (MINERAL OIL), COCAMIDOPROPYL BETAINE, LACTIC ACID, CI 77891 (TITANIUM DIOXIDE), POTASSIUM PHOSPHATE, CI 77492 (IRON OXIDES).<\/span><\/p>\n<\/div>","protected":false},"excerpt":{"rendered":"<p>Limpia y purifica<\/p>","protected":false},"author":1,"featured_media":709,"parent":54,"menu_order":2,"comment_status":"closed","ping_status":"closed","template":"page\/page-template-newprdoriginal.php","meta":{"_mi_skip_tracking":false,"spay_email":""},"_links":{"self":[{"href":"https:\/\/hyfac.fr\/es\/wp-json\/wp\/v2\/pages\/1416"}],"collection":[{"href":"https:\/\/hyfac.fr\/es\/wp-json\/wp\/v2\/pages"}],"about":[{"href":"https:\/\/hyfac.fr\/es\/wp-json\/wp\/v2\/types\/page"}],"author":[{"embeddable":true,"href":"https:\/\/hyfac.fr\/es\/wp-json\/wp\/v2\/users\/1"}],"replies":[{"embeddable":true,"href":"https:\/\/hyfac.fr\/es\/wp-json\/wp\/v2\/comments?post=1416"}],"version-history":[{"count":46,"href":"https:\/\/hyfac.fr\/es\/wp-json\/wp\/v2\/pages\/1416\/revisions"}],"predecessor-version":[{"id":14972,"href":"https:\/\/hyfac.fr\/es\/wp-json\/wp\/v2\/pages\/1416\/revisions\/14972"}],"up":[{"embeddable":true,"href":"https:\/\/hyfac.fr\/es\/wp-json\/wp\/v2\/pages\/54"}],"wp:featuredmedia":[{"embeddable":true,"href":"https:\/\/hyfac.fr\/es\/wp-json\/wp\/v2\/media\/709"}],"wp:attachment":[{"href":"https:\/\/hyfac.fr\/es\/wp-json\/wp\/v2\/media?parent=1416"}],"curies":[{"name":"wp","href":"https:\/\/api.w.org\/{rel}","templated":true}]}}