{"id":1419,"date":"2016-05-25T23:44:02","date_gmt":"2016-05-25T21:44:02","guid":{"rendered":"http:\/\/hyfac.fr\/?page_id=1419"},"modified":"2022-02-10T01:52:36","modified_gmt":"2022-02-10T00:52:36","slug":"soin-global","status":"publish","type":"page","link":"https:\/\/hyfac.fr\/es\/nos-gammes\/hyfac-classique\/soin-global\/","title":{"rendered":"Atenci\u00f3n global"},"content":{"rendered":"<p>&nbsp;<\/p>\n<div style=\"width: 960px;\">&nbsp;<\/div>\n<div id=\"prd\">\n<div class=\"csRow\">\n<div class=\"csColumn\" style=\"margin: 0px; padding: 0px; float: left; width: 43%;\" data-csstartpoint=\"0\" data-csendpoint=\"430\" data-cswidth=\"43.0%\" data-csid=\"beb42ad8-6bfd-a029-8282-bd93ae120b4d\">\n<style type=\"text\/css\">#soliloquy-container-5304 .soliloquy-pager{bottom: -30px;}<\/style><div class=\"soliloquy-outer-container\" data-soliloquy-loaded=\"0\"><div aria-live=\"polite\" id=\"soliloquy-container-5304\" class=\"soliloquy-container soliloquy-transition-horizontal soliloquy-slide-horizontal soliloquy-controls-active slider-img-prd soliloquy-theme-base\" style=\"max-width:400px;max-height:400px;margin:0 auto 20px;\"><ul id=\"soliloquy-5304\" class=\"soliloquy-slider soliloquy-slides soliloquy-wrap soliloquy-clear\"><li aria-hidden=\"true\" class=\"soliloquy-item soliloquy-item-1 soliloquy-id-5562 soliloquy-image-slide\" draggable=\"false\" style=\"list-style:none;\"><img id=\"soliloquy-image-5562\" class=\"soliloquy-image soliloquy-image-1\" src=\"https:\/\/hyfac.fr\/wp-content\/uploads\/2018\/09\/Diapositive07.jpeg\" alt=\"HYFAC Cuidado Global Anti-Imperfecciones hidrata y purifica\" \/><\/li><li aria-hidden=\"true\" class=\"soliloquy-item soliloquy-item-2 soliloquy-id-5563 soliloquy-image-slide\" draggable=\"false\" style=\"list-style:none;\"><img id=\"soliloquy-image-5563\" class=\"soliloquy-image soliloquy-image-2 soliloquy-preload\" src=\"https:\/\/hyfac.fr\/wp-content\/plugins\/soliloquy\/assets\/css\/images\/holder.gif\" data-soliloquy-src=\"https:\/\/hyfac.fr\/wp-content\/uploads\/2018\/09\/Diapositive08.jpeg\" alt=\"HYFAC Cuidado Global Anti-Imperfecciones hidrata y purifica\" \/><\/li><\/ul><\/div><noscript><style type=\"text\/css\" scoped>#soliloquy-container-5304{opacity:1}#soliloquy-container-5304 li > .soliloquy-caption{display:none}#soliloquy-container-5304 li:first-child > .soliloquy-caption{display:block}<\/style><div class=\"soliloquy-no-js\" style=\"display:none;visibility:hidden;height:0;line-height:0;opacity:0;\"><img class=\"soliloquy-image soliloquy-no-js-image\" src=\"https:\/\/hyfac.fr\/wp-content\/uploads\/2018\/09\/Diapositive07.jpeg\" alt=\"HYFAC Cuidado Global Anti-Imperfecciones hidrata y purifica\" \/><img class=\"soliloquy-image soliloquy-no-js-image\" src=\"https:\/\/hyfac.fr\/wp-content\/uploads\/2018\/09\/Diapositive08.jpeg\" alt=\"HYFAC Cuidado Global Anti-Imperfecciones hidrata y purifica\" \/><\/div><\/noscript><\/div>\n<\/div>\n<div class=\"csColumnGap\" style=\"margin: 0px; padding: 0px; float: left; width: 7.7%;\"><img style=\"border: none;\" src=\"https:\/\/hyfac.fr\/wp-content\/plugins\/advanced-wp-columns\/assets\/js\/plugins\/views\/img\/1x1-pixel.png\"><\/div>\n<div class=\"csColumn\" style=\"margin: 0px; padding: 0px; float: left; width: 49.3%;\" data-csstartpoint=\"507\" data-csendpoint=\"1000\" data-cswidth=\"49.3%\" data-csid=\"56e6cac6-63f3-6945-9ddf-f20a5ec7912c\">\n<h1><span style=\"color: #df6c2e; line-height: 35px;\">ATENCI\u00d3N GLOBAL<\/span><\/h1>\n<p><span style=\"color: #df6c2e;\">Gama HYFAC Original<\/span><br \/>\nFrasco de 40 ml<\/p>\n<p><br \/>\nCuidado diario de las pieles con tendencia al acn\u00e9. Combate los granos inflamatorios y los puntos negros, matifica e hidrata.<\/p>\n<ul id=\"ulprd\">\n<li><img class=\"logo-prd\" src=\"\/wp-content\/uploads\/2018\/09\/Anti-boutons.png\" alt=\"Anti-bot\u00f3n\" width=\"50\"><br \/>\nANTI-BUTTER<\/li>\n<li><img class=\"logo-prd\" src=\"\/wp-content\/uploads\/2018\/09\/Desincruste.png\" alt=\"Desincorpora\" width=\"50\"><br \/>\nDESINCRUSTE<\/li>\n<li><img class=\"logo-prd\" src=\"\/wp-content\/uploads\/2018\/09\/Matifie.png\" alt=\"Matifica\" width=\"50\"><br \/>\nMATIFY<\/li>\n<li><img class=\"logo-prd\" src=\"\/wp-content\/uploads\/2018\/09\/Hydrate.png\" alt=\"Hidrata\" width=\"50\"><br \/>\nHIDRATACI\u00d3N<\/li>\n<\/ul>\n<ul id=\"ulprd-link\">\n<li><p class=\"product woocommerce add_to_cart_inline\" style=\"border:4px solid #ccc; padding: 12px;\"><span class=\"woocommerce-Price-amount amount\"><bdi>12,50&nbsp;<span class=\"woocommerce-Price-currencySymbol\">\u20ac<\/span><\/bdi><\/span><a href=\"?add-to-cart=14924\" data-quantity=\"1\" class=\"button product_type_simple add_to_cart_button ajax_add_to_cart\" data-product_id=\"14924\" data-product_sku=\"\" aria-label=\"A\u00f1ade \u201cClassic - Soin Global\u201d a tu carrito\" rel=\"nofollow\" data-no-translation=\"\" data-trp-gettext=\"\" data-no-translation-aria-label=\"\">A\u00f1adir al carrito<\/a><\/p><\/li>\n<li>&nbsp;<\/li>\n<li><a href=\"https:\/\/hyfac.fr\/es\/pres-de-chez-vous\/\"><img class=\"img2\" src=\"\/wp-content\/uploads\/2018\/06\/logo-map-e1530138886120.png\" alt=\"loc\">Encontrar un punto de venta<\/a><\/li>\n<\/ul>\n<ul id=\"ulprd-link\">\n<li class=\"infotri\"><span class=\"spantri\">Descubra nuestras instrucciones de clasificaci\u00f3n<\/span><br \/>\n<img class=\"imgtri\" src=\"https:\/\/hyfac.fr\/wp-content\/uploads\/2020\/12\/Infotri-flacon-et-etui.png\"><\/li>\n<\/ul>\n<\/div>\n<div style=\"clear: both; float: none; display: block; visibility: hidden; width: 0px; font-size: 0px; line-height: 0;\">&nbsp;<\/div>\n<\/div>\n<\/div>\n<div id=\"descript-prd\">El cuidado integral HYFAC <strong>\"4 en 1\".<\/strong> favorece la eliminaci\u00f3n de las imperfecciones (granos de acn\u00e9, puntos negros, microquistes), <strong>hidratar<\/strong> y <strong>mate<\/strong>. Su f\u00f3rmula combina varios ingredientes activos con propiedades cient\u00edficamente reconocidas que act\u00faan en sinergia sobre la piel propensa al acn\u00e9. El <strong>\u00e1cidos de frutas<\/strong> (AHA) limpian los poros sin da\u00f1ar la piel y evitan la formaci\u00f3n de imperfecciones. Una excelente base de maquillaje, que <strong>purifica<\/strong> y deja la piel limpia, hidratada y mate.<\/div>\n<div id=\"menu-prdnew\">\n<ul>\n<li><a id=\"lienmenuconseil\" href=\"#prd\">CONSEJO DE USO<\/a><\/li>\n<li><a id=\"lienmenuactifs\" href=\"#conseil-prd\">ACTIVOS<\/a><\/li>\n<li><a id=\"lienmenucmplt\" href=\"#actifs-prd\">PRODUCTOS COMPLEMENTARIOS<\/a><\/li>\n<li><a id=\"lienmenusavoir\" href=\"#cmplt-prd\">CONOZCA M\u00c1S<\/a><\/li>\n<li><a id=\"lienmenucompo\" href=\"#savoir-prd\">COMPOSICI\u00d3N<\/a><\/li>\n<\/ul>\n<\/div>\n<div id=\"conseil-prd\">\n<div class=\"csRow\">\n<div class=\"csColumn\" style=\"margin: 0px; padding: 0px; float: left; width: 70.8%;\" data-csstartpoint=\"0\" data-csendpoint=\"680\" data-cswidth=\"70.8%\" data-csid=\"7ce9a14c-d45b-a3f2-987b-63fd249cc312\">\n<p><span style=\"color: #df6c2e;\">\u00bfC\u00d3MO UTILIZAR HYFAC GLOBAL CARE?<\/span><\/p>\n<p>Aplicar por la ma\u00f1ana y\/o por la noche sobre el rostro despu\u00e9s de la limpieza con el <a href=\"https:\/\/hyfac.fr\/es\/nos-gammes\/hyfac-classique\/gel-nettoyant-purifiant\/\">Gel limpiador purificante HYFAC<\/a>y perfectamente seca. Este tratamiento \"4 en 1\" es adecuado como base de maquillaje.<\/p>\n<p>HYFAC Global Care puede utilizarse como monoterapia o como complemento de los tratamientos contra el acn\u00e9. Despu\u00e9s de interrumpir el tratamiento del acn\u00e9, es aconsejable seguir utilizando Global Care HYFAC como soluci\u00f3n de mantenimiento para prolongar la eficacia del tratamiento. Utilizada sola, se recomienda para el cuidado de las pieles con tendencia al acn\u00e9 como crema de d\u00eda y\/o de noche. Su eficacia est\u00e1 demostrada: ayuda a eliminar los granos rojos y blancos, los puntos negros y los microquistes.<\/p>\n<p>Su frasco de 40 ml sin aire limita la proliferaci\u00f3n de bacterias en el interior del producto.<\/p>\n<\/div>\n<div class=\"csColumnGap\" style=\"margin: 0px; padding: 0px; float: left; width: 1.56%;\"><img style=\"border: none;\" src=\"https:\/\/hyfac.fr\/wp-content\/plugins\/advanced-wp-columns\/assets\/js\/plugins\/views\/img\/1x1-pixel.png\"><\/div>\n<div class=\"csColumn\" style=\"margin: 0px; padding: 0px; float: left; width: 27.6%;\" data-csstartpoint=\"695\" data-csendpoint=\"960\" data-cswidth=\"27.6%\" data-csid=\"2de6301b-fc0e-6c4c-b16e-671973f34d15\">\n<p><img loading=\"lazy\" class=\"aligncenter wp-image-5140\" src=\"https:\/\/hyfac.fr\/wp-content\/uploads\/2018\/07\/conseil-250x250.png\" alt=\"\" width=\"180\" height=\"181\" srcset=\"https:\/\/hyfac.fr\/wp-content\/uploads\/2018\/07\/conseil-250x250.png 250w, https:\/\/hyfac.fr\/wp-content\/uploads\/2018\/07\/conseil-298x300.png 298w, https:\/\/hyfac.fr\/wp-content\/uploads\/2018\/07\/conseil.png 308w\" sizes=\"(max-width: 180px) 100vw, 180px\" \/><\/p>\n<\/div>\n<div style=\"clear: both; float: none; display: block; visibility: hidden; width: 0px; font-size: 0px; line-height: 0;\">&nbsp;<\/div>\n<\/div>\n<\/div>\n<div id=\"actifs-prd\">\n<div class=\"h2prd\">\n<h2><span style=\"color: #df6c2e;\">ACTIVOS CLAVE<\/span><\/h2>\n<\/div>\n<p><span style=\"color: #df6c2e;\">\u00c1cido glic\u00f3lico: Activo queratol\u00edtico (anti puntos negros) <\/span><br \/>\nEl \u00e1cido glic\u00f3lico es un \u00e1cido frutal de cadena corta (AHA). Se extrae de la ca\u00f1a de az\u00facar y es de origen natural. Su acci\u00f3n exfoliante inmediata sobre las c\u00e9lulas muertas que bloquean los canales excretores restablece el flujo normal de sebo. Favorece as\u00ed la desaparici\u00f3n progresiva de los puntos negros.<\/p>\n<p><span style=\"color: #df6c2e;\">Ester de malato de alquilo: Activo queratol\u00edtico e hidratante<\/span><br \/>\nL\u2019alkyl malate est un acide de fruit (AHA) \u00e0 chaine longue, qui permet une action d\u2019exfoliation sur la dur\u00e9e et donc en douceur. Naturellement pr\u00e9sent dans la pomme, il est \u00e9galement reconnu pour ses propri\u00e9t\u00e9s hydratantes.&nbsp;La combinaison de ces deux actifs prodigue au soin global une efficacit\u00e9 doubl\u00e9e d\u2019une grande tol\u00e9rance.<\/p>\n<p><span style=\"color: #df6c2e;\">Piroctone Olamine: Antibacteriano y conservante<\/span><br \/>\nLa piroctona olamina act\u00faa sobre los microorganismos que causan el acn\u00e9 y limita la formaci\u00f3n de granos inflamatorios. Conocido por sus propiedades antimicrobianas, tambi\u00e9n act\u00faa como conservante. Esta doble funci\u00f3n natural evita la adici\u00f3n de otros conservantes como los parabenos.<\/p>\n<\/div>\n<div id=\"cmplt-prd\">\n<div class=\"h2prd\">\n<h2><span style=\"color: #df6c2e;\">PRODUCTOS COMPLEMENTARIOS<\/span><\/h2>\n<\/div>\n<style type=\"text\/css\">#soliloquy-container-5364 .soliloquy-prev{left: -60px;background-color:#df6c2e;}#soliloquy-container-5364 .soliloquy-next{right: -60px;background-color:#df6c2e;}#soliloquy-container-5364 .soliloquy-image{background: #f3f3f3;border: 1px solid #ddd;padding:3px;}#soliloquy-container-5364 .soliloquy-viewport{height: 260px !important;}#soliloquy-container-5364 .soliloquy-caption-bottom{position: relative;}#soliloquy-container-5364 .soliloquy-caption-inside{color:#CEBFB6; text-shadow:none;background:none;}@media only screen and (max-width: 1000px){#soliloquy-container-5364 .soliloquy-prev{left: 0px;}#soliloquy-container-5364 .soliloquy-next{right: 0px;}#soliloquy-container-5364 .soliloquy-viewport{height: 200px;}}<\/style><div class=\"soliloquy-outer-container soliloquy-carousel\" data-soliloquy-loaded=\"0\"><div aria-live=\"polite\" id=\"soliloquy-container-5364\" class=\"soliloquy-container soliloquy-transition-horizontal soliloquy-slide-horizontal soliloquy-arrows-active Produits-complmentaires-Hyfac soliloquy-theme-base\" style=\"max-width:960px;max-height:300px;margin:0 auto 20px;\"><ul id=\"soliloquy-5364\" class=\"soliloquy-slider soliloquy-slides soliloquy-wrap soliloquy-clear\"><li aria-hidden=\"true\" class=\"soliloquy-item soliloquy-item-1 soliloquy-id-5625 soliloquy-image-slide\" draggable=\"false\" style=\"list-style:none;\"><a href=\"https:\/\/hyfac.fr\/es\/nos-gammes\/hyfac-classique\/gel-nettoyant-purifiant\/\" class=\"soliloquy-link\" title=\"Gel limpiador purificante para el acn\u00e9 HYFAC\"><img id=\"soliloquy-image-5625\" class=\"soliloquy-image soliloquy-image-1\" src=\"https:\/\/hyfac.fr\/wp-content\/uploads\/2018\/09\/Diapositive01-1-200x200_c.jpeg\" alt=\"Gel limpiador purificante para el acn\u00e9 HYFAC\" \/><\/a><div class=\"soliloquy-caption soliloquy-caption-bottom\"><div class=\"soliloquy-caption-inside\"><p>Gel limpiador purificante<\/p><br \/>\n<p style=\"font-size:13px\">Limpia y purifica<\/p><\/div><\/div><\/li><li aria-hidden=\"true\" class=\"soliloquy-item soliloquy-item-2 soliloquy-id-5626 soliloquy-image-slide\" draggable=\"false\" style=\"list-style:none;\"><a href=\"https:\/\/hyfac.fr\/es\/nos-gammes\/hyfac-classique\/mousse-nettoyante-exfoliante\/\" class=\"soliloquy-link\" title=\"HYFAC Espuma Limpiadora Anti-Imperfecciones para Acn\u00e9\"><img id=\"soliloquy-image-5626\" class=\"soliloquy-image soliloquy-image-2\" src=\"https:\/\/hyfac.fr\/wp-content\/uploads\/2018\/09\/Diapositive03-1-200x200_c.jpeg\" alt=\"HYFAC Espuma Limpiadora Anti-Imperfecciones para Acn\u00e9\" \/><\/a><div class=\"soliloquy-caption soliloquy-caption-bottom\"><div class=\"soliloquy-caption-inside\"><p>Espuma limpiadora exfoliante<\/p><br \/>\n<p style=\"font-size:13px\">Limpia y elimina la suciedad<\/p><\/div><\/div><\/li><li aria-hidden=\"true\" class=\"soliloquy-item soliloquy-item-3 soliloquy-id-5627 soliloquy-image-slide\" draggable=\"false\" style=\"list-style:none;\"><a href=\"https:\/\/hyfac.fr\/es\/nos-gammes\/hyfac-classique\/pain-nettoyant-purifiant\/\" class=\"soliloquy-link\" title=\"HYFAC Barra Limpiadora Purificante para el Acn\u00e9\"><img id=\"soliloquy-image-5627\" class=\"soliloquy-image soliloquy-image-3\" src=\"https:\/\/hyfac.fr\/wp-content\/uploads\/2018\/09\/Diapositive05-1-200x200_c.jpeg\" alt=\"HYFAC Barra Limpiadora Purificante para el Acn\u00e9\" \/><\/a><div class=\"soliloquy-caption soliloquy-caption-bottom\"><div class=\"soliloquy-caption-inside\"><p>Barra limpiadora purificadora<\/p><br \/>\n<p style=\"font-size:13px\">Limpia y purifica<\/p><\/div><\/div><\/li><li aria-hidden=\"true\" class=\"soliloquy-item soliloquy-item-4 soliloquy-id-5628 soliloquy-image-slide\" draggable=\"false\" style=\"list-style:none;\"><a href=\"https:\/\/hyfac.fr\/es\/nos-gammes\/hyfac-classique\/soin-global\/\" class=\"soliloquy-link\" title=\"HYFAC Cuidado Global Anti-Imperfecciones para el Acn\u00e9\"><img id=\"soliloquy-image-5628\" class=\"soliloquy-image soliloquy-image-4\" src=\"https:\/\/hyfac.fr\/wp-content\/uploads\/2018\/09\/Diapositive07-1-200x200_c.jpeg\" alt=\"HYFAC Cuidado Global Anti-Imperfecciones para el Acn\u00e9\" \/><\/a><div class=\"soliloquy-caption soliloquy-caption-bottom\"><div class=\"soliloquy-caption-inside\"><p>Atenci\u00f3n global<\/p><br \/>\n<p style=\"font-size:13px\">Reduce las manchas e hidrata<\/p><\/div><\/div><\/li><li aria-hidden=\"true\" class=\"soliloquy-item soliloquy-item-5 soliloquy-id-5629 soliloquy-image-slide\" draggable=\"false\" style=\"list-style:none;\"><a href=\"https:\/\/hyfac.fr\/es\/nos-gammes\/hyfac-classique\/emulsion-fluide\/\" class=\"soliloquy-link\" title=\"HYFAC Emulsi\u00f3n Fluida Hidratante Calmante Tratamiento para el Acn\u00e9\"><img id=\"soliloquy-image-5629\" class=\"soliloquy-image soliloquy-image-5\" src=\"https:\/\/hyfac.fr\/wp-content\/uploads\/2018\/09\/Diapositive09-1-200x200_c.jpeg\" alt=\"HYFAC Emulsi\u00f3n Fluida Hidratante Calmante Tratamiento para el Acn\u00e9\" \/><\/a><div class=\"soliloquy-caption soliloquy-caption-bottom\"><div class=\"soliloquy-caption-inside\"><p>Emulsi\u00f3n fluida<\/p><br \/>\n<p style=\"font-size:13px\">Hidrata y matiza<\/p><\/div><\/div><\/li><li aria-hidden=\"true\" class=\"soliloquy-item soliloquy-item-6 soliloquy-id-11232 soliloquy-image-slide\" draggable=\"false\" style=\"list-style:none;\"><a href=\"https:\/\/hyfac.fr\/es\/nos-gammes\/hyfac-classique\/mousse-a-raser\/\" class=\"soliloquy-link\" title=\"Espuma de afeitar calmante HYFAC para pieles sensibles\"><img id=\"soliloquy-image-11232\" class=\"soliloquy-image soliloquy-image-6\" src=\"https:\/\/hyfac.fr\/wp-content\/uploads\/2018\/09\/Diapositive11-1-200x200_c.png\" alt=\"Espuma de afeitar calmante HYFAC para pieles sensibles\" \/><\/a><div class=\"soliloquy-caption soliloquy-caption-bottom\"><div class=\"soliloquy-caption-inside\"><p>Espuma de afeitar<\/p><br \/>\n<p style=\"font-size:13px\">Alivia las quemaduras de la maquinilla de afeitar<\/p><\/div><\/div><\/li><li aria-hidden=\"true\" class=\"soliloquy-item soliloquy-item-7 soliloquy-id-5632 soliloquy-image-slide\" draggable=\"false\" style=\"list-style:none;\"><a href=\"https:\/\/hyfac.fr\/es\/nos-gammes\/hyfac-classique\/patchs-anti-imperfections\/\" class=\"soliloquy-link\" title=\"HYFAC Parche Anti-Imperfecciones seca los granos\"><img id=\"soliloquy-image-5632\" class=\"soliloquy-image soliloquy-image-7\" src=\"https:\/\/hyfac.fr\/wp-content\/uploads\/2018\/09\/Diapositive13-200x200_c.jpeg\" alt=\"HYFAC Parche Anti-Imperfecciones seca los granos\" \/><\/a><div class=\"soliloquy-caption soliloquy-caption-bottom\"><div class=\"soliloquy-caption-inside\"><p>Parche antiimperfecciones<\/p><br \/>\n<p style=\"font-size:13px\">Seca y reduce el grano<\/p><\/div><\/div><\/li><\/ul><\/div><noscript><style type=\"text\/css\" scoped>#soliloquy-container-5364{opacity:1}#soliloquy-container-5364 li > .soliloquy-caption{display:none}#soliloquy-container-5364 li:first-child > .soliloquy-caption{display:block}<\/style><div class=\"soliloquy-no-js\" style=\"display:none;visibility:hidden;height:0;line-height:0;opacity:0;\"><img class=\"soliloquy-image soliloquy-no-js-image\" src=\"https:\/\/hyfac.fr\/wp-content\/uploads\/2018\/09\/Diapositive01-1.jpeg\" alt=\"Gel limpiador purificante para el acn\u00e9 HYFAC\" \/><img class=\"soliloquy-image soliloquy-no-js-image\" src=\"https:\/\/hyfac.fr\/wp-content\/uploads\/2018\/09\/Diapositive03-1.jpeg\" alt=\"HYFAC Espuma Limpiadora Anti-Imperfecciones para Acn\u00e9\" \/><img class=\"soliloquy-image soliloquy-no-js-image\" src=\"https:\/\/hyfac.fr\/wp-content\/uploads\/2018\/09\/Diapositive05-1.jpeg\" alt=\"HYFAC Barra Limpiadora Purificante para el Acn\u00e9\" \/><img class=\"soliloquy-image soliloquy-no-js-image\" src=\"https:\/\/hyfac.fr\/wp-content\/uploads\/2018\/09\/Diapositive07-1.jpeg\" alt=\"HYFAC Cuidado Global Anti-Imperfecciones para el Acn\u00e9\" \/><img class=\"soliloquy-image soliloquy-no-js-image\" src=\"https:\/\/hyfac.fr\/wp-content\/uploads\/2018\/09\/Diapositive09-1.jpeg\" alt=\"HYFAC Emulsi\u00f3n Fluida Hidratante Calmante Tratamiento para el Acn\u00e9\" \/><img class=\"soliloquy-image soliloquy-no-js-image\" src=\"https:\/\/hyfac.fr\/wp-content\/uploads\/2018\/09\/Diapositive11-1.png\" alt=\"Espuma de afeitar calmante HYFAC para pieles sensibles\" \/><img class=\"soliloquy-image soliloquy-no-js-image\" src=\"https:\/\/hyfac.fr\/wp-content\/uploads\/2018\/09\/Diapositive13.jpeg\" alt=\"HYFAC Parche Anti-Imperfecciones seca los granos\" \/><\/div><\/noscript><\/div>\n<\/div>\n<div id=\"savoir-prd\">\n<div class=\"h2prd\">\n<h2><span style=\"color: #df6c2e;\">CONOZCA M\u00c1S<\/span><\/h2>\n<\/div>\n<div class=\"csRow\">\n<div class=\"csColumn\" style=\"margin: 0px; padding: 0px; float: left; width: 38.6%;\" data-csstartpoint=\"0\" data-csendpoint=\"370.5\" data-cswidth=\"38.6%\" data-csid=\"beb42ad8-6bfd-a029-8282-bd93ae120b4d\"><a href=\"https:\/\/hyfac.fr\/es\/sos-dermato\/4329-acne-de-l-adolescent\/\" target=\"_blank\" rel=\"noopener\"><img loading=\"lazy\" class=\"aligncenter wp-image-4345 size-thumbnail\" src=\"https:\/\/hyfac.fr\/wp-content\/uploads\/2018\/03\/banniere_carree_site_hyfac_intro_themes5-250x250.jpg\" alt=\"Acn\u00e9 adolescente\" width=\"250\" height=\"250\" srcset=\"https:\/\/hyfac.fr\/wp-content\/uploads\/2018\/03\/banniere_carree_site_hyfac_intro_themes5-250x250.jpg 250w, https:\/\/hyfac.fr\/wp-content\/uploads\/2018\/03\/banniere_carree_site_hyfac_intro_themes5-300x300.jpg 300w, https:\/\/hyfac.fr\/wp-content\/uploads\/2018\/03\/banniere_carree_site_hyfac_intro_themes5.jpg 543w\" sizes=\"(max-width: 250px) 100vw, 250px\" \/><\/a><\/div>\n<div class=\"csColumnGap\" style=\"margin: 0px; padding: 0px; float: left; width: 1.56%;\"><img style=\"border: none;\" src=\"https:\/\/hyfac.fr\/wp-content\/plugins\/advanced-wp-columns\/assets\/js\/plugins\/views\/img\/1x1-pixel.png\"><\/div>\n<div class=\"csColumn\" style=\"margin: 0px; padding: 0px; float: left; width: 59.8%;\" data-csstartpoint=\"385.5\" data-csendpoint=\"960\" data-cswidth=\"59.8%\" data-csid=\"56e6cac6-63f3-6945-9ddf-f20a5ec7912c\">HYFAC Global Care es una crema facial antimanchas perfectamente adaptada a las pieles con tendencia al acn\u00e9. Su acci\u00f3n \"4 en 1\" ayuda a eliminar los granos de acn\u00e9 del rostro, desobstruye los poros (acci\u00f3n antipuntos negros), hidrata y regula la secreci\u00f3n de sebo.<br \/>\nLa piroctona olamina, al actuar sobre los microorganismos causantes del acn\u00e9, limita la formaci\u00f3n de granos inflamatorios.<br \/>\nLos \u00e1cidos frutales (AHA) utilizados en el producto global de cuidado de la piel HYFAC existen de forma natural en el az\u00facar de ca\u00f1a (\u00e1cido glic\u00f3lico) y en las manzanas (\u00e1cido m\u00e1lico). Act\u00faan de forma gradual para desobstruir los poros sin da\u00f1ar la piel, lo que permite una alta tolerancia.<br \/>\nLa acci\u00f3n hidratante de los \u00e1cidos de la fruta est\u00e1 cient\u00edficamente reconocida. Aumenta la comodidad de uso de esta crema de cuidado antimanchas, como lo har\u00eda una crema hidratante.<br \/>\nEl cuidado integral HYFAC contiene agentes matificantes que absorben el exceso de sebo.&nbsp;&nbsp;<\/p>\n<div id=\"savoirplus\"><a href=\"https:\/\/hyfac.fr\/es\/sos-dermato\/4329-acne-de-l-adolescent\/\">M\u00e1s informaci\u00f3n sobre el acn\u00e9 adolescente<\/a><\/div>\n<\/div>\n<div style=\"clear: both; float: none; display: block; visibility: hidden; width: 0px; font-size: 0px; line-height: 0;\">&nbsp;<\/div>\n<\/div>\n<\/div>\n<div id=\"compo-prd\">\n<div class=\"h2prd\">\n<h2><span style=\"color: #df6c2e;\">COMPOSICIONES <span style=\"font-size: 14pt;\">\/<\/span> INGREDIENTES<\/span><\/h2>\n<\/div>\n<p><span style=\"color: #cebfb6;\">INCI : AQUA (AGUA), ETILHEXANOATO DE CETEARILO, DI C12-13 ALQUIL MALATO, \u00c1CIDO GLIC\u00d3LICO, CICLOPENTASILOXANO, GLICERINA, ESTEARETH-2, ESTEARETH-21, NYLON 12, CICLOHEXASILOXANO, ALCOHOL CET\u00cdLICO, POLIACRILAMIDA, HIDR\u00d3XIDO DE SODIO, C13-14 ISOPARAFINA, DIAZOLIDINIL UREA, DIMETICONOL, PIROCTONA OLAMINA, PARFUM (FRAGANCIA), LAURETH-7, GOMA XANTANA<\/span><\/p>\n<\/div>","protected":false},"excerpt":{"rendered":"<p>Reduce las imperfecciones y elimina las impurezas.<\/p>","protected":false},"author":1,"featured_media":730,"parent":54,"menu_order":3,"comment_status":"closed","ping_status":"closed","template":"page\/page-template-newprdoriginal.php","meta":{"_mi_skip_tracking":false,"spay_email":""},"_links":{"self":[{"href":"https:\/\/hyfac.fr\/es\/wp-json\/wp\/v2\/pages\/1419"}],"collection":[{"href":"https:\/\/hyfac.fr\/es\/wp-json\/wp\/v2\/pages"}],"about":[{"href":"https:\/\/hyfac.fr\/es\/wp-json\/wp\/v2\/types\/page"}],"author":[{"embeddable":true,"href":"https:\/\/hyfac.fr\/es\/wp-json\/wp\/v2\/users\/1"}],"replies":[{"embeddable":true,"href":"https:\/\/hyfac.fr\/es\/wp-json\/wp\/v2\/comments?post=1419"}],"version-history":[{"count":55,"href":"https:\/\/hyfac.fr\/es\/wp-json\/wp\/v2\/pages\/1419\/revisions"}],"predecessor-version":[{"id":15022,"href":"https:\/\/hyfac.fr\/es\/wp-json\/wp\/v2\/pages\/1419\/revisions\/15022"}],"up":[{"embeddable":true,"href":"https:\/\/hyfac.fr\/es\/wp-json\/wp\/v2\/pages\/54"}],"wp:featuredmedia":[{"embeddable":true,"href":"https:\/\/hyfac.fr\/es\/wp-json\/wp\/v2\/media\/730"}],"wp:attachment":[{"href":"https:\/\/hyfac.fr\/es\/wp-json\/wp\/v2\/media?parent=1419"}],"curies":[{"name":"wp","href":"https:\/\/api.w.org\/{rel}","templated":true}]}}