{"id":1422,"date":"2016-05-25T23:45:09","date_gmt":"2016-05-25T21:45:09","guid":{"rendered":"http:\/\/hyfac.fr\/?page_id=1422"},"modified":"2025-10-06T11:58:50","modified_gmt":"2025-10-06T09:58:50","slug":"patchs-anti-imperfections","status":"publish","type":"page","link":"https:\/\/hyfac.fr\/es\/nos-gammes\/hyfac-classique\/patchs-anti-imperfections\/","title":{"rendered":"Parches antiimperfecciones"},"content":{"rendered":"<div style=\"width: 960px;\"><\/div>\n<div id=\"prd\">\n<div class=\"csRow\">\n<div class=\"csColumn\" style=\"margin: 0px; padding: 0px; float: left; width: 43%;\" data-csstartpoint=\"0\" data-csendpoint=\"430\" data-cswidth=\"43.0%\" data-csid=\"beb42ad8-6bfd-a029-8282-bd93ae120b4d\">\n<style type=\"text\/css\">#soliloquy-container-5306 .soliloquy-pager{bottom: -30px;}<\/style><div class=\"soliloquy-outer-container\" data-soliloquy-loaded=\"0\"><div aria-live=\"polite\" id=\"soliloquy-container-5306\" class=\"soliloquy-container soliloquy-transition-horizontal soliloquy-slide-horizontal soliloquy-controls-active slider-img-prd soliloquy-theme-base\" style=\"max-width:340px;max-height:538px;margin:0 auto 20px;max-width:100%;max-height:none;\"><ul id=\"soliloquy-5306\" class=\"soliloquy-slider soliloquy-slides soliloquy-wrap soliloquy-clear\"><li aria-hidden=\"true\" class=\"soliloquy-item soliloquy-item-1 soliloquy-id-15863 soliloquy-image-slide\" draggable=\"false\" style=\"list-style:none;\"><a href=\"https:\/\/hyfac.fr\/wp-content\/uploads\/2022\/02\/Unknown.jpeg\" class=\"soliloquy-link\" title=\"Unknown\" rel=\"soliloquybox5306\" data-thumbnail=\"https:\/\/hyfac.fr\/wp-content\/uploads\/2022\/02\/Unknown-75x75_c.jpeg\"><img id=\"soliloquy-image-15863\" class=\"soliloquy-image soliloquy-image-1\" src=\"https:\/\/hyfac.fr\/wp-content\/uploads\/2022\/02\/Unknown-340x538_c.jpeg\" alt=\"Unknown\" \/><\/a><\/li><\/ul><\/div><noscript><style type=\"text\/css\" scoped>#soliloquy-container-5306{opacity:1}#soliloquy-container-5306 li > .soliloquy-caption{display:none}#soliloquy-container-5306 li:first-child > .soliloquy-caption{display:block}<\/style><div class=\"soliloquy-no-js\" style=\"display:none;visibility:hidden;height:0;line-height:0;opacity:0;\"><img class=\"soliloquy-image soliloquy-no-js-image\" src=\"https:\/\/hyfac.fr\/wp-content\/uploads\/2022\/02\/Unknown.jpeg\" alt=\"Unknown\" \/><\/div><\/noscript><\/div>\n<\/div>\n<div class=\"csColumnGap\" style=\"margin: 0px; padding: 0px; float: left; width: 7.7%;\"><img style=\"border: none;\" src=\"https:\/\/hyfac.fr\/wp-content\/plugins\/advanced-wp-columns\/assets\/js\/plugins\/views\/img\/1x1-pixel.png\" \/><\/div>\n<div class=\"csColumn\" style=\"margin: 0px; padding: 0px; float: left; width: 49.3%;\" data-csstartpoint=\"507\" data-csendpoint=\"1000\" data-cswidth=\"49.3%\" data-csid=\"56e6cac6-63f3-6945-9ddf-f20a5ec7912c\">\n<h1><span style=\"color: #df6c2e; line-height: 35px;\">PARCHES ANTIIMPERFECCIONES<\/span><\/h1>\n<p><span style=\"color: #df6c2e;\">Gama HYFAC Original<\/span><br \/>\nCaja de 30 parches<\/p>\n<p><br \/>\nSolution d&#8217;urgence anti-bouton aux huiles essentielles pour ass\u00e9cher et diminuer le bouton inflammatoire. Invisible et sans odeur.<\/p>\n<ul id=\"ulprd\">\n<li><img class=\"logo-prd\" src=\"\/wp-content\/uploads\/2018\/09\/Urgence-anti-bouton.png\" alt=\"Antibot\u00f3n de emergencia\" width=\"50\" \/><br \/>\nANTI-BUTTON<\/li>\n<li><img class=\"logo-prd\" src=\"\/wp-content\/uploads\/2018\/09\/asseche.png\" alt=\"se seca\" width=\"50\" \/><br \/>\nASSECHE<\/li>\n<li><img class=\"logo-prd\" src=\"\/wp-content\/uploads\/2018\/09\/Cicatriser.png\" alt=\"Curaci\u00f3n\" width=\"50\" \/><br \/>\nCICATRISANT<\/li>\n<li><img class=\"logo-prd\" src=\"\/wp-content\/uploads\/2018\/09\/Invisible.png\" alt=\"Invisible\" width=\"50\" \/><br \/>\nINVISIBLE<\/li>\n<\/ul>\n<ul id=\"ulprd-link\">\n<li><p class=\"product woocommerce add_to_cart_inline\" style=\"border:4px solid #ccc; padding: 12px;\"><span class=\"woocommerce-Price-amount amount\"><bdi>10,90&nbsp;<span class=\"woocommerce-Price-currencySymbol\">\u20ac<\/span><\/bdi><\/span><a href=\"?add-to-cart=14925\" data-quantity=\"1\" class=\"button product_type_simple add_to_cart_button ajax_add_to_cart\" data-product_id=\"14925\" data-product_sku=\"\" aria-label=\"A\u00f1ade \u201cClassic - Patchs anti-Imperfections\u201d a tu carrito\" rel=\"nofollow\" data-no-translation=\"\" data-trp-gettext=\"\" data-no-translation-aria-label=\"\">A\u00f1adir al carrito<\/a><\/p><\/li>\n<li><\/li>\n<li><a href=\"https:\/\/hyfac.fr\/es\/pres-de-chez-vous\/\"><img class=\"img2\" src=\"\/wp-content\/uploads\/2018\/06\/logo-map-e1530138886120.png\" alt=\"loc\" \/>Encontrar un punto de venta<\/a><\/li>\n<\/ul>\n<ul id=\"ulprd-link\">\n<li class=\"infotri\"><span class=\"spantri\">Descubra nuestras instrucciones de clasificaci\u00f3n<\/span><br \/>\n<img class=\"imgtri\" src=\"https:\/\/hyfac.fr\/wp-content\/uploads\/2020\/12\/HYFAC-ORIGINAL-Patchs.png\" \/><\/li>\n<\/ul>\n<\/div>\n<div style=\"clear: both; float: none; display: block; visibility: hidden; width: 0px; font-size: 0px; line-height: 0;\"><\/div>\n<\/div>\n<\/div>\n<div id=\"descript-prd\">El parche antimanchas HYFAC seca, alivia y reduce el grano inflamatorio. Este <strong>soluci\u00f3n de emergencia<\/strong> acelera el proceso de curaci\u00f3n del grano rojo o blanco para hacerlo desaparecer r\u00e1pidamente. Invisible y <strong>discreto<\/strong>El parche act\u00faa localmente gracias al <strong>aceites esenciales<\/strong> que contiene. Transparentes, las pastillas act\u00faan entre <strong>8 y 10 horas<\/strong>. Por lo tanto, el parche puede dejarse toda la noche sobre la mancha a eliminar.<\/div>\n<div id=\"menu-prdnew\">\n<ul>\n<li><a id=\"lienmenuconseil\" href=\"#prd\">CONSEJO DE USO<\/a><\/li>\n<li><a id=\"lienmenuactifs\" href=\"#conseil-prd\">ACTIVOS<\/a><\/li>\n<li><a id=\"lienmenucmplt\" href=\"#actifs-prd\">PRODUCTOS COMPLEMENTARIOS<\/a><\/li>\n<li><a id=\"lienmenusavoir\" href=\"#cmplt-prd\">CONOZCA M\u00c1S<\/a><\/li>\n<li><a id=\"lienmenucompo\" href=\"#savoir-prd\">COMPOSICI\u00d3N<\/a><\/li>\n<\/ul>\n<\/div>\n<div id=\"conseil-prd\">\n<div class=\"csRow\">\n<div class=\"csColumn\" style=\"margin: 0px; padding: 0px; float: left; width: 70.8%;\" data-csstartpoint=\"0\" data-csendpoint=\"680\" data-cswidth=\"70.8%\" data-csid=\"7ce9a14c-d45b-a3f2-987b-63fd249cc312\">\n<p><span style=\"color: #df6c2e;\">\u00bfC\u00d3MO UTILIZAR LOS PARCHES ANTIMANCHAS HYFAC?<\/span><\/p>\n<p>Por la noche, aplicar un parche directamente sobre el grano localizado, previamente limpiado con el <a href=\"https:\/\/hyfac.fr\/es\/nos-gammes\/hyfac-classique\/gel-nettoyant-purifiant\/\">Gel limpiador purificante HYFAC<\/a> y secado. D\u00e9jalo durante la noche y retira el parche al despertarte. Si es necesario, repetir la aplicaci\u00f3n la noche siguiente.<\/p>\n<p>Pastillas de un solo uso. Dejar actuar de 8 a 10 horas para obtener los mejores resultados.<\/p>\n<\/div>\n<div class=\"csColumnGap\" style=\"margin: 0px; padding: 0px; float: left; width: 1.56%;\"><img style=\"border: none;\" src=\"https:\/\/hyfac.fr\/wp-content\/plugins\/advanced-wp-columns\/assets\/js\/plugins\/views\/img\/1x1-pixel.png\" \/><\/div>\n<div class=\"csColumn\" style=\"margin: 0px; padding: 0px; float: left; width: 27.6%;\" data-csstartpoint=\"695\" data-csendpoint=\"960\" data-cswidth=\"27.6%\" data-csid=\"2de6301b-fc0e-6c4c-b16e-671973f34d15\">\n<p><img loading=\"lazy\" class=\"aligncenter wp-image-5140\" src=\"https:\/\/hyfac.fr\/wp-content\/uploads\/2018\/07\/conseil-250x250.png\" alt=\"\" width=\"180\" height=\"181\" srcset=\"https:\/\/hyfac.fr\/wp-content\/uploads\/2018\/07\/conseil-250x250.png 250w, https:\/\/hyfac.fr\/wp-content\/uploads\/2018\/07\/conseil-298x300.png 298w, https:\/\/hyfac.fr\/wp-content\/uploads\/2018\/07\/conseil.png 308w\" sizes=\"(max-width: 180px) 100vw, 180px\" \/><\/p>\n<\/div>\n<div style=\"clear: both; float: none; display: block; visibility: hidden; width: 0px; font-size: 0px; line-height: 0;\"><\/div>\n<\/div>\n<\/div>\n<div id=\"actifs-prd\">\n<div class=\"h2prd\">\n<h2><span style=\"color: #df6c2e;\">ACTIVOS CLAVE<\/span><\/h2>\n<\/div>\n<p><span style=\"color: #df6c2e;\">Aceites esenciales: Antimicrobianos y conservantes<\/span><br \/>\nLe patch anti-imperfections contient de nombreuses huiles essentielles reconnues pour leurs propri\u00e9t\u00e9s antibact\u00e9riennes. Tea tree, lavande, romarin ou menthe poivr\u00e9e, ces huiles essentielles ass\u00e8chent et neutralisent l&#8217;inflammation pour faire dispara\u00eetre rapidement les boutons inflammatoires.<\/p>\n<\/div>\n<div id=\"cmplt-prd\">\n<div class=\"h2prd\">\n<h2><span style=\"color: #df6c2e;\">PRODUCTOS COMPLEMENTARIOS<\/span><\/h2>\n<\/div>\n<style type=\"text\/css\">#soliloquy-container-5364 .soliloquy-prev{left: -60px;background-color:#df6c2e;}#soliloquy-container-5364 .soliloquy-next{right: -60px;background-color:#df6c2e;}#soliloquy-container-5364 .soliloquy-image{background: #f3f3f3;border: 1px solid #ddd;padding:3px;}#soliloquy-container-5364 .soliloquy-viewport{height: 260px !important;}#soliloquy-container-5364 .soliloquy-caption-bottom{position: relative;}#soliloquy-container-5364 .soliloquy-caption-inside{color:#CEBFB6; text-shadow:none;background:none;}@media only screen and (max-width: 1000px){#soliloquy-container-5364 .soliloquy-prev{left: 0px;}#soliloquy-container-5364 .soliloquy-next{right: 0px;}#soliloquy-container-5364 .soliloquy-viewport{height: 200px;}}<\/style><div class=\"soliloquy-outer-container soliloquy-carousel\" data-soliloquy-loaded=\"0\"><div aria-live=\"polite\" id=\"soliloquy-container-5364\" class=\"soliloquy-container soliloquy-transition-horizontal soliloquy-slide-horizontal soliloquy-arrows-active Produits-complmentaires-Hyfac soliloquy-theme-base\" style=\"max-width:960px;max-height:300px;margin:0 auto 20px;\"><ul id=\"soliloquy-5364\" class=\"soliloquy-slider soliloquy-slides soliloquy-wrap soliloquy-clear\"><li aria-hidden=\"true\" class=\"soliloquy-item soliloquy-item-1 soliloquy-id-5625 soliloquy-image-slide\" draggable=\"false\" style=\"list-style:none;\"><a href=\"https:\/\/hyfac.fr\/es\/nos-gammes\/hyfac-classique\/gel-nettoyant-purifiant\/\" class=\"soliloquy-link\" title=\"Gel limpiador purificante para el acn\u00e9 HYFAC\"><img id=\"soliloquy-image-5625\" class=\"soliloquy-image soliloquy-image-1\" src=\"https:\/\/hyfac.fr\/wp-content\/uploads\/2018\/09\/Diapositive01-1-200x200_c.jpeg\" alt=\"Gel limpiador purificante para el acn\u00e9 HYFAC\" \/><\/a><div class=\"soliloquy-caption soliloquy-caption-bottom\"><div class=\"soliloquy-caption-inside\"><p>Gel limpiador purificante<\/p><br \/>\n<p style=\"font-size:13px\">Limpia y purifica<\/p><\/div><\/div><\/li><li aria-hidden=\"true\" class=\"soliloquy-item soliloquy-item-2 soliloquy-id-5626 soliloquy-image-slide\" draggable=\"false\" style=\"list-style:none;\"><a href=\"https:\/\/hyfac.fr\/es\/nos-gammes\/hyfac-classique\/mousse-nettoyante-exfoliante\/\" class=\"soliloquy-link\" title=\"HYFAC Espuma Limpiadora Anti-Imperfecciones para Acn\u00e9\"><img id=\"soliloquy-image-5626\" class=\"soliloquy-image soliloquy-image-2\" src=\"https:\/\/hyfac.fr\/wp-content\/uploads\/2018\/09\/Diapositive03-1-200x200_c.jpeg\" alt=\"HYFAC Espuma Limpiadora Anti-Imperfecciones para Acn\u00e9\" \/><\/a><div class=\"soliloquy-caption soliloquy-caption-bottom\"><div class=\"soliloquy-caption-inside\"><p>Espuma limpiadora exfoliante<\/p><br \/>\n<p style=\"font-size:13px\">Limpia y elimina la suciedad<\/p><\/div><\/div><\/li><li aria-hidden=\"true\" class=\"soliloquy-item soliloquy-item-3 soliloquy-id-5627 soliloquy-image-slide\" draggable=\"false\" style=\"list-style:none;\"><a href=\"https:\/\/hyfac.fr\/es\/nos-gammes\/hyfac-classique\/pain-nettoyant-purifiant\/\" class=\"soliloquy-link\" title=\"HYFAC Barra Limpiadora Purificante para el Acn\u00e9\"><img id=\"soliloquy-image-5627\" class=\"soliloquy-image soliloquy-image-3\" src=\"https:\/\/hyfac.fr\/wp-content\/uploads\/2018\/09\/Diapositive05-1-200x200_c.jpeg\" alt=\"HYFAC Barra Limpiadora Purificante para el Acn\u00e9\" \/><\/a><div class=\"soliloquy-caption soliloquy-caption-bottom\"><div class=\"soliloquy-caption-inside\"><p>Barra limpiadora purificadora<\/p><br \/>\n<p style=\"font-size:13px\">Limpia y purifica<\/p><\/div><\/div><\/li><li aria-hidden=\"true\" class=\"soliloquy-item soliloquy-item-4 soliloquy-id-5628 soliloquy-image-slide\" draggable=\"false\" style=\"list-style:none;\"><a href=\"https:\/\/hyfac.fr\/es\/nos-gammes\/hyfac-classique\/soin-global\/\" class=\"soliloquy-link\" title=\"HYFAC Cuidado Global Anti-Imperfecciones para el Acn\u00e9\"><img id=\"soliloquy-image-5628\" class=\"soliloquy-image soliloquy-image-4\" src=\"https:\/\/hyfac.fr\/wp-content\/uploads\/2018\/09\/Diapositive07-1-200x200_c.jpeg\" alt=\"HYFAC Cuidado Global Anti-Imperfecciones para el Acn\u00e9\" \/><\/a><div class=\"soliloquy-caption soliloquy-caption-bottom\"><div class=\"soliloquy-caption-inside\"><p>Atenci\u00f3n global<\/p><br \/>\n<p style=\"font-size:13px\">Reduce las manchas e hidrata<\/p><\/div><\/div><\/li><li aria-hidden=\"true\" class=\"soliloquy-item soliloquy-item-5 soliloquy-id-5629 soliloquy-image-slide\" draggable=\"false\" style=\"list-style:none;\"><a href=\"https:\/\/hyfac.fr\/es\/nos-gammes\/hyfac-classique\/emulsion-fluide\/\" class=\"soliloquy-link\" title=\"HYFAC Emulsi\u00f3n Fluida Hidratante Calmante Tratamiento para el Acn\u00e9\"><img id=\"soliloquy-image-5629\" class=\"soliloquy-image soliloquy-image-5\" src=\"https:\/\/hyfac.fr\/wp-content\/uploads\/2018\/09\/Diapositive09-1-200x200_c.jpeg\" alt=\"HYFAC Emulsi\u00f3n Fluida Hidratante Calmante Tratamiento para el Acn\u00e9\" \/><\/a><div class=\"soliloquy-caption soliloquy-caption-bottom\"><div class=\"soliloquy-caption-inside\"><p>Emulsi\u00f3n fluida<\/p><br \/>\n<p style=\"font-size:13px\">Hidrata y matiza<\/p><\/div><\/div><\/li><li aria-hidden=\"true\" class=\"soliloquy-item soliloquy-item-6 soliloquy-id-11232 soliloquy-image-slide\" draggable=\"false\" style=\"list-style:none;\"><a href=\"https:\/\/hyfac.fr\/es\/nos-gammes\/hyfac-classique\/mousse-a-raser\/\" class=\"soliloquy-link\" title=\"Espuma de afeitar calmante HYFAC para pieles sensibles\"><img id=\"soliloquy-image-11232\" class=\"soliloquy-image soliloquy-image-6\" src=\"https:\/\/hyfac.fr\/wp-content\/uploads\/2018\/09\/Diapositive11-1-200x200_c.png\" alt=\"Espuma de afeitar calmante HYFAC para pieles sensibles\" \/><\/a><div class=\"soliloquy-caption soliloquy-caption-bottom\"><div class=\"soliloquy-caption-inside\"><p>Espuma de afeitar<\/p><br \/>\n<p style=\"font-size:13px\">Alivia las quemaduras de la maquinilla de afeitar<\/p><\/div><\/div><\/li><li aria-hidden=\"true\" class=\"soliloquy-item soliloquy-item-7 soliloquy-id-5632 soliloquy-image-slide\" draggable=\"false\" style=\"list-style:none;\"><a href=\"https:\/\/hyfac.fr\/es\/nos-gammes\/hyfac-classique\/patchs-anti-imperfections\/\" class=\"soliloquy-link\" title=\"HYFAC Parche Anti-Imperfecciones seca los granos\"><img id=\"soliloquy-image-5632\" class=\"soliloquy-image soliloquy-image-7\" src=\"https:\/\/hyfac.fr\/wp-content\/uploads\/2018\/09\/Diapositive13-200x200_c.jpeg\" alt=\"HYFAC Parche Anti-Imperfecciones seca los granos\" \/><\/a><div class=\"soliloquy-caption soliloquy-caption-bottom\"><div class=\"soliloquy-caption-inside\"><p>Parche antiimperfecciones<\/p><br \/>\n<p style=\"font-size:13px\">Seca y reduce el grano<\/p><\/div><\/div><\/li><\/ul><\/div><noscript><style type=\"text\/css\" scoped>#soliloquy-container-5364{opacity:1}#soliloquy-container-5364 li > .soliloquy-caption{display:none}#soliloquy-container-5364 li:first-child > .soliloquy-caption{display:block}<\/style><div class=\"soliloquy-no-js\" style=\"display:none;visibility:hidden;height:0;line-height:0;opacity:0;\"><img class=\"soliloquy-image soliloquy-no-js-image\" src=\"https:\/\/hyfac.fr\/wp-content\/uploads\/2018\/09\/Diapositive01-1.jpeg\" alt=\"Gel limpiador purificante para el acn\u00e9 HYFAC\" \/><img class=\"soliloquy-image soliloquy-no-js-image\" src=\"https:\/\/hyfac.fr\/wp-content\/uploads\/2018\/09\/Diapositive03-1.jpeg\" alt=\"HYFAC Espuma Limpiadora Anti-Imperfecciones para Acn\u00e9\" \/><img class=\"soliloquy-image soliloquy-no-js-image\" src=\"https:\/\/hyfac.fr\/wp-content\/uploads\/2018\/09\/Diapositive05-1.jpeg\" alt=\"HYFAC Barra Limpiadora Purificante para el Acn\u00e9\" \/><img class=\"soliloquy-image soliloquy-no-js-image\" src=\"https:\/\/hyfac.fr\/wp-content\/uploads\/2018\/09\/Diapositive07-1.jpeg\" alt=\"HYFAC Cuidado Global Anti-Imperfecciones para el Acn\u00e9\" \/><img class=\"soliloquy-image soliloquy-no-js-image\" src=\"https:\/\/hyfac.fr\/wp-content\/uploads\/2018\/09\/Diapositive09-1.jpeg\" alt=\"HYFAC Emulsi\u00f3n Fluida Hidratante Calmante Tratamiento para el Acn\u00e9\" \/><img class=\"soliloquy-image soliloquy-no-js-image\" src=\"https:\/\/hyfac.fr\/wp-content\/uploads\/2018\/09\/Diapositive11-1.png\" alt=\"Espuma de afeitar calmante HYFAC para pieles sensibles\" \/><img class=\"soliloquy-image soliloquy-no-js-image\" src=\"https:\/\/hyfac.fr\/wp-content\/uploads\/2018\/09\/Diapositive13.jpeg\" alt=\"HYFAC Parche Anti-Imperfecciones seca los granos\" \/><\/div><\/noscript><\/div>\n<\/div>\n<div id=\"savoir-prd\">\n<div class=\"h2prd\">\n<h2><span style=\"color: #df6c2e;\">CONOZCA M\u00c1S<\/span><\/h2>\n<\/div>\n<div class=\"csRow\">\n<div class=\"csColumn\" style=\"margin: 0px; padding: 0px; float: left; width: 38.6%;\" data-csstartpoint=\"0\" data-csendpoint=\"370.5\" data-cswidth=\"38.6%\" data-csid=\"beb42ad8-6bfd-a029-8282-bd93ae120b4d\"><a href=\"https:\/\/hyfac.fr\/es\/sos-dermato\/4329-acne-de-l-adolescent\/\" target=\"_blank\" rel=\"noopener\"><img loading=\"lazy\" class=\"aligncenter wp-image-4345 size-thumbnail\" src=\"https:\/\/hyfac.fr\/wp-content\/uploads\/2018\/03\/banniere_carree_site_hyfac_intro_themes5-250x250.jpg\" alt=\"Acn\u00e9 adolescente\" width=\"250\" height=\"250\" srcset=\"https:\/\/hyfac.fr\/wp-content\/uploads\/2018\/03\/banniere_carree_site_hyfac_intro_themes5-250x250.jpg 250w, https:\/\/hyfac.fr\/wp-content\/uploads\/2018\/03\/banniere_carree_site_hyfac_intro_themes5-300x300.jpg 300w, https:\/\/hyfac.fr\/wp-content\/uploads\/2018\/03\/banniere_carree_site_hyfac_intro_themes5.jpg 543w\" sizes=\"(max-width: 250px) 100vw, 250px\" \/><\/a><\/div>\n<div class=\"csColumnGap\" style=\"margin: 0px; padding: 0px; float: left; width: 1.56%;\"><img style=\"border: none;\" src=\"https:\/\/hyfac.fr\/wp-content\/plugins\/advanced-wp-columns\/assets\/js\/plugins\/views\/img\/1x1-pixel.png\" \/><\/div>\n<div class=\"csColumn\" style=\"margin: 0px; padding: 0px; float: left; width: 59.8%;\" data-csstartpoint=\"385.5\" data-csendpoint=\"960\" data-cswidth=\"59.8%\" data-csid=\"56e6cac6-63f3-6945-9ddf-f20a5ec7912c\">Un gros bouton rouge appara\u00eet la veille d\u2019un \u00e9v\u00e9nement ou d&#8217;une r\u00e9union importante ? Comment s\u2019en d\u00e9barasser en urgence ?<br \/>\n\u00a1No perforar un grano blanco en la cara! Esto empeorar\u00e1 mucho la situaci\u00f3n y provocar\u00e1 la formaci\u00f3n de una costra a\u00fan m\u00e1s visible que el propio grano. M\u00e1s all\u00e1 de esta antiest\u00e9tica costra, reventar un grano puede dejar una cicatriz adem\u00e1s de las que puede dejar el acn\u00e9.<br \/>\nEl parche antimanchas HYFAC, enriquecido con aceites esenciales antis\u00e9pticos, ayuda a acelerar el proceso de curaci\u00f3n del grano. El parche antimanchas es una soluci\u00f3n de secado de emergencia, que tambi\u00e9n ayuda a evitar que se agraven los granos y las cicatrices al rascar o frotar la zona afectada.<\/p>\n<div id=\"savoirplus\"><a href=\"https:\/\/hyfac.fr\/es\/sos-dermato\/4329-acne-de-l-adolescent\/\">M\u00e1s informaci\u00f3n sobre el acn\u00e9 adolescente<\/a><\/div>\n<\/div>\n<div style=\"clear: both; float: none; display: block; visibility: hidden; width: 0px; font-size: 0px; line-height: 0;\"><\/div>\n<\/div>\n<\/div>\n<div id=\"compo-prd\">\n<div class=\"h2prd\">\n<h2><span style=\"color: #df6c2e;\">COMPOSICIONES <span style=\"font-size: 14pt;\">\/<\/span> INGREDIENTES<\/span><\/h2>\n<\/div>\n<p><span style=\"color: #cebfb6;\">INCI : STYRENE\/ISOPRENE COPOLYMER, HYDROGENATED POLY (C6-20 OLEFIN), CELLULOSE GUM, POLYISOBUTENE, SALICYLIC ACID MELALEUCA ALTERNIFOLIA (TEA TREE) LEAF OIL, ASIATICOSIDE, MADECASSIC ACID.<\/span><\/p>\n<\/div>","protected":false},"excerpt":{"rendered":"<p>Seca y reduce el grano inflamatorio<\/p>","protected":false},"author":1,"featured_media":15863,"parent":54,"menu_order":5,"comment_status":"closed","ping_status":"closed","template":"page\/page-template-newprdoriginal.php","meta":{"_mi_skip_tracking":false,"spay_email":""},"_links":{"self":[{"href":"https:\/\/hyfac.fr\/es\/wp-json\/wp\/v2\/pages\/1422"}],"collection":[{"href":"https:\/\/hyfac.fr\/es\/wp-json\/wp\/v2\/pages"}],"about":[{"href":"https:\/\/hyfac.fr\/es\/wp-json\/wp\/v2\/types\/page"}],"author":[{"embeddable":true,"href":"https:\/\/hyfac.fr\/es\/wp-json\/wp\/v2\/users\/1"}],"replies":[{"embeddable":true,"href":"https:\/\/hyfac.fr\/es\/wp-json\/wp\/v2\/comments?post=1422"}],"version-history":[{"count":43,"href":"https:\/\/hyfac.fr\/es\/wp-json\/wp\/v2\/pages\/1422\/revisions"}],"predecessor-version":[{"id":15870,"href":"https:\/\/hyfac.fr\/es\/wp-json\/wp\/v2\/pages\/1422\/revisions\/15870"}],"up":[{"embeddable":true,"href":"https:\/\/hyfac.fr\/es\/wp-json\/wp\/v2\/pages\/54"}],"wp:featuredmedia":[{"embeddable":true,"href":"https:\/\/hyfac.fr\/es\/wp-json\/wp\/v2\/media\/15863"}],"wp:attachment":[{"href":"https:\/\/hyfac.fr\/es\/wp-json\/wp\/v2\/media?parent=1422"}],"curies":[{"name":"wp","href":"https:\/\/api.w.org\/{rel}","templated":true}]}}