{"id":1433,"date":"2016-05-26T00:48:43","date_gmt":"2016-05-25T22:48:43","guid":{"rendered":"http:\/\/hyfac.fr\/?page_id=1433"},"modified":"2022-02-10T01:57:30","modified_gmt":"2022-02-10T00:57:30","slug":"eau-micellaire","status":"publish","type":"page","link":"https:\/\/hyfac.fr\/es\/nos-gammes\/hyfac-woman\/eau-micellaire\/","title":{"rendered":"Agua micelar"},"content":{"rendered":"<p>&nbsp;<\/p>\n<div style=\"width: 960px;\">&nbsp;<\/div>\n<div id=\"prd\">\n<div class=\"csRow\">\n<div class=\"csColumn\" style=\"margin: 0px; padding: 0px; float: left; width: 43%;\" data-csstartpoint=\"0\" data-csendpoint=\"430\" data-cswidth=\"43.0%\" data-csid=\"beb42ad8-6bfd-a029-8282-bd93ae120b4d\">\n<style type=\"text\/css\">#soliloquy-container-5297 .soliloquy-pager{bottom: -30px;}<\/style><div class=\"soliloquy-outer-container\" data-soliloquy-loaded=\"0\"><div aria-live=\"polite\" id=\"soliloquy-container-5297\" class=\"soliloquy-container soliloquy-transition-horizontal soliloquy-slide-horizontal soliloquy-controls-active slider-img-prd soliloquy-theme-base\" style=\"max-width:340px;max-height:538px;margin:0 auto 20px;max-width:100%;max-height:none;\"><ul id=\"soliloquy-5297\" class=\"soliloquy-slider soliloquy-slides soliloquy-wrap soliloquy-clear\"><li aria-hidden=\"true\" class=\"soliloquy-item soliloquy-item-1 soliloquy-id-5574 soliloquy-image-slide\" draggable=\"false\" style=\"list-style:none;\"><img id=\"soliloquy-image-5574\" class=\"soliloquy-image soliloquy-image-1\" src=\"https:\/\/hyfac.fr\/wp-content\/uploads\/2018\/09\/Diapositive19-340x538_c.jpeg\" alt=\"El agua micelar HYFAC WOMAN limpia y desmaquilla\" \/><\/li><li aria-hidden=\"true\" class=\"soliloquy-item soliloquy-item-2 soliloquy-id-5575 soliloquy-image-slide\" draggable=\"false\" style=\"list-style:none;\"><img id=\"soliloquy-image-5575\" class=\"soliloquy-image soliloquy-image-2 soliloquy-preload\" src=\"https:\/\/hyfac.fr\/wp-content\/plugins\/soliloquy\/assets\/css\/images\/holder.gif\" data-soliloquy-src=\"https:\/\/hyfac.fr\/wp-content\/uploads\/2018\/09\/Diapositive20-340x538_c.jpeg\" alt=\"El agua micelar HYFAC WOMAN limpia y desmaquilla\" \/><\/li><\/ul><\/div><noscript><style type=\"text\/css\" scoped>#soliloquy-container-5297{opacity:1}#soliloquy-container-5297 li > .soliloquy-caption{display:none}#soliloquy-container-5297 li:first-child > .soliloquy-caption{display:block}<\/style><div class=\"soliloquy-no-js\" style=\"display:none;visibility:hidden;height:0;line-height:0;opacity:0;\"><img class=\"soliloquy-image soliloquy-no-js-image\" src=\"https:\/\/hyfac.fr\/wp-content\/uploads\/2018\/09\/Diapositive19.jpeg\" alt=\"El agua micelar HYFAC WOMAN limpia y desmaquilla\" \/><img class=\"soliloquy-image soliloquy-no-js-image\" src=\"https:\/\/hyfac.fr\/wp-content\/uploads\/2018\/09\/Diapositive20.jpeg\" alt=\"El agua micelar HYFAC WOMAN limpia y desmaquilla\" \/><\/div><\/noscript><\/div>\n<\/div>\n<div class=\"csColumnGap\" style=\"margin: 0px; padding: 0px; float: left; width: 7.7%;\"><img style=\"border: none;\" src=\"https:\/\/hyfac.fr\/wp-content\/plugins\/advanced-wp-columns\/assets\/js\/plugins\/views\/img\/1x1-pixel.png\"><\/div>\n<div class=\"csColumn\" style=\"margin: 0px; padding: 0px; float: left; width: 49.3%;\" data-csstartpoint=\"507\" data-csendpoint=\"1000\" data-cswidth=\"49.3%\" data-csid=\"56e6cac6-63f3-6945-9ddf-f20a5ec7912c\">\n<h1><span style=\"color: #d0006d; line-height: 35px;\">AGUA MICELAR<\/span><\/h1>\n<p><span style=\"color: #d0006d;\">Gama HYFAC Woman<\/span><br \/>\nFlacon de&nbsp;200ml<\/p>\n<p><br \/>\nLoci\u00f3n limpiadora y desmaquillante sin aclarado. Elimina las impurezas, calma y reduce las rojeces gracias a sus extractos de t\u00e9 blanco.<\/p>\n<ul id=\"ulprd\">\n<li><img class=\"logo-prd\" src=\"\/wp-content\/uploads\/2018\/09\/Nettoie.png\" alt=\"limpia\" width=\"50\"><br \/>\nLIMPIEZA<\/li>\n<li><img class=\"logo-prd\" src=\"\/wp-content\/uploads\/2018\/09\/Demaquille.png\" alt=\"demaquille\" width=\"50\"><br \/>\nDEMAQUILLE<\/li>\n<li><img class=\"logo-prd\" src=\"\/wp-content\/uploads\/2018\/09\/Apaise.png\" alt=\"alivia\" width=\"50\"><br \/>\nAPAISE<\/li>\n<li><img class=\"logo-prd\" src=\"\/wp-content\/uploads\/2018\/09\/ANTI_ROUGEURS.png\" alt=\"antienrojecimiento\" width=\"50\"><br \/>\nANTI-ROGERS<\/li>\n<\/ul>\n<ul id=\"ulprd-link\">\n<li><p class=\"product woocommerce add_to_cart_inline\" style=\"border:4px solid #ccc; padding: 12px;\"><span class=\"woocommerce-Price-amount amount\"><bdi>8,90&nbsp;<span class=\"woocommerce-Price-currencySymbol\">\u20ac<\/span><\/bdi><\/span><a href=\"?add-to-cart=14927\" data-quantity=\"1\" class=\"button product_type_simple add_to_cart_button ajax_add_to_cart\" data-product_id=\"14927\" data-product_sku=\"\" aria-label=\"A\u00f1ade \u201cWoman - Eau Micellaire\u201d a tu carrito\" rel=\"nofollow\" data-no-translation=\"\" data-trp-gettext=\"\" data-no-translation-aria-label=\"\">A\u00f1adir al carrito<\/a><\/p><\/li>\n<li>&nbsp;<\/li>\n<li><a href=\"https:\/\/hyfac.fr\/es\/pres-de-chez-vous\/\"><img class=\"img2\" src=\"\/wp-content\/uploads\/2018\/06\/logo-map-e1530138886120.png\" alt=\"loc\">Encontrar un punto de venta<\/a><\/li>\n<\/ul>\n<ul id=\"ulprd-link\">\n<li class=\"infotri\"><span class=\"spantri\">Descubra nuestras instrucciones de clasificaci\u00f3n<\/span><br \/>\n<img class=\"imgtri\" src=\"https:\/\/hyfac.fr\/wp-content\/uploads\/2020\/12\/HYFAC-WOMAN-Eau-micellaire.png\"><\/li>\n<\/ul>\n<\/div>\n<div style=\"clear: both; float: none; display: block; visibility: hidden; width: 0px; font-size: 0px; line-height: 0;\">&nbsp;<\/div>\n<\/div>\n<\/div>\n<div id=\"descript-prd\">Agua micelar HYFAC WOMAN <strong>limpia<\/strong> y <strong>desmaquillante<\/strong> Limpia suavemente el rostro y los ojos. Elimina las impurezas y remueve hasta el <strong>maquillaje a prueba de agua<\/strong>. Sus extractos de t\u00e9 blanco despiertan la luminosidad de la tez y <strong>reducir las manchas y las rojeces<\/strong>. Calmante y sin necesidad de usar, es ideal para las mujeres con <strong>piel sensible<\/strong> con imperfecciones. Utilizado diariamente, deja la piel limpia, fresca y purificada. Su sutil fragancia floral hace que su uso sea un momento de pura felicidad.<\/div>\n<div id=\"menu-prdnew\">\n<ul>\n<li><a id=\"lienmenuconseil\" href=\"#prd\">CONSEJO DE USO<\/a><\/li>\n<li><a id=\"lienmenuactifs\" href=\"#conseil-prd\">ACTIVOS<\/a><\/li>\n<li><a id=\"lienmenucmplt\" href=\"#actifs-prd\">PRODUCTOS COMPLEMENTARIOS<\/a><\/li>\n<li><a id=\"lienmenusavoir\" href=\"#cmplt-prd\">CONOZCA M\u00c1S<\/a><\/li>\n<li><a id=\"lienmenucompo\" href=\"#savoir-prd\">COMPOSICI\u00d3N<\/a><\/li>\n<\/ul>\n<\/div>\n<div id=\"conseil-prd\">\n<div class=\"csRow\">\n<div class=\"csColumn\" style=\"margin: 0px; padding: 0px; float: left; width: 70.8%;\" data-csstartpoint=\"0\" data-csendpoint=\"680\" data-cswidth=\"70.8%\" data-csid=\"7ce9a14c-d45b-a3f2-987b-63fd249cc312\">\n<p><span style=\"color: #d0006d;\">COMMENT UTILISER L&#8217;EAU MICELLAIRE HYFAC WOMAN ?<\/span><\/p>\n<p>Por la ma\u00f1ana y\/o por la noche, aplicar sobre el rostro y los ojos con un algod\u00f3n para limpiar y desmaquillar. Repite la operaci\u00f3n hasta que el algod\u00f3n est\u00e9 perfectamente limpio. Secar suavemente la piel con una toalla limpia. No aclarar. A continuaci\u00f3n, se recomienda aplicar el <a href=\"https:\/\/hyfac.fr\/es\/nos-gammes\/hyfac-woman\/soin-global\/\">HYFAC Woman cuidado global antiimperfecciones<\/a> sobre la piel perfectamente seca para completar la rutina de cuidado.<\/p>\n<p><span style=\"color: #d0006d;\">Adecuado para todo tipo de pieles (pieles sensibles, pieles con tendencia al acn\u00e9).<\/span><\/p>\n<\/div>\n<div class=\"csColumnGap\" style=\"margin: 0px; padding: 0px; float: left; width: 1.56%;\"><img style=\"border: none;\" src=\"https:\/\/hyfac.fr\/wp-content\/plugins\/advanced-wp-columns\/assets\/js\/plugins\/views\/img\/1x1-pixel.png\"><\/div>\n<div class=\"csColumn\" style=\"margin: 0px; padding: 0px; float: left; width: 27.6%;\" data-csstartpoint=\"695\" data-csendpoint=\"960\" data-cswidth=\"27.6%\" data-csid=\"2de6301b-fc0e-6c4c-b16e-671973f34d15\">\n<p><img loading=\"lazy\" class=\"aligncenter wp-image-5140\" src=\"https:\/\/hyfac.fr\/wp-content\/uploads\/2018\/07\/conseil-250x250.png\" alt=\"\" width=\"180\" height=\"181\" srcset=\"https:\/\/hyfac.fr\/wp-content\/uploads\/2018\/07\/conseil-250x250.png 250w, https:\/\/hyfac.fr\/wp-content\/uploads\/2018\/07\/conseil-298x300.png 298w, https:\/\/hyfac.fr\/wp-content\/uploads\/2018\/07\/conseil.png 308w\" sizes=\"(max-width: 180px) 100vw, 180px\" \/><\/p>\n<\/div>\n<div style=\"clear: both; float: none; display: block; visibility: hidden; width: 0px; font-size: 0px; line-height: 0;\">&nbsp;<\/div>\n<\/div>\n<\/div>\n<div id=\"actifs-prd\">\n<div class=\"h2prd\">\n<h2><span style=\"color: #d0006d;\">ACTIVOS CLAVE<\/span><\/h2>\n<\/div>\n<p><span style=\"color: #d0006d;\">Camellia Sinensis : Aclara la tez<\/span><br \/>\nEl agua micelar HYFAC WOMAN contiene extractos de Camellia Sinensis (t\u00e9 blanco). El t\u00e9 blanco aclara la tez reduciendo las manchas y las rojeces. La piel recupera entonces su luminosidad.<\/p>\n<p><span style=\"color: #d0006d;\">Polifenoles: Antioxidantes<\/span><br \/>\nLos polifenoles son mol\u00e9culas producidas naturalmente por las plantas para defenderse de las agresiones externas. Las sustancias que contienen contribuyen a la lucha contra la producci\u00f3n de radicales libres, conocidos como responsables del r\u00e1pido envejecimiento de las c\u00e9lulas.<\/p>\n<\/div>\n<div id=\"cmplt-prd\">\n<div class=\"h2prd\">\n<h2><span style=\"color: #d0006d;\">PRODUCTOS COMPLEMENTARIOS<\/span><\/h2>\n<\/div>\n<style type=\"text\/css\">#soliloquy-container-5181 .soliloquy-prev{left: -60px;background-color:#d0006d;}#soliloquy-container-5181 .soliloquy-next{right: -60px;background-color:#d0006d;}#soliloquy-container-5181 .soliloquy-image{background: #f3f3f3;border: 1px solid #ddd;padding:3px;}#soliloquy-container-5181 .soliloquy-viewport{height: 260px !important;}#soliloquy-container-5181 .soliloquy-caption-bottom{position: relative;}#soliloquy-container-5181 .soliloquy-caption-inside{color:#CEBFB6; text-shadow:none;background:none;}@media only screen and (max-width: 1000px){#soliloquy-container-5181 .soliloquy-prev{left: 0px;}#soliloquy-container-5181 .soliloquy-next{right: 0px;}#soliloquy-container-5181 .soliloquy-viewport{height: 200px;}}<\/style><div class=\"soliloquy-outer-container soliloquy-carousel\" data-soliloquy-loaded=\"0\"><div aria-live=\"polite\" id=\"soliloquy-container-5181\" class=\"soliloquy-container soliloquy-transition-horizontal soliloquy-slide-horizontal soliloquy-arrows-active  soliloquy-theme-base\" style=\"max-width:960px;max-height:300px;margin:0 auto 20px;\"><ul id=\"soliloquy-5181\" class=\"soliloquy-slider soliloquy-slides soliloquy-wrap soliloquy-clear\"><li aria-hidden=\"true\" class=\"soliloquy-item soliloquy-item-1 soliloquy-id-5615 soliloquy-image-slide\" draggable=\"false\" style=\"list-style:none;\"><a href=\"https:\/\/hyfac.fr\/es\/nos-gammes\/hyfac-woman\/eau-micellaire\/\" class=\"soliloquy-link\" title=\"HYFAC WOMAN Agua micelar limpiadora\"><img id=\"soliloquy-image-5615\" class=\"soliloquy-image soliloquy-image-1\" src=\"https:\/\/hyfac.fr\/wp-content\/uploads\/2018\/07\/Diapositive19-200x200_c.jpeg\" alt=\"HYFAC WOMAN Agua micelar limpiadora\" \/><\/a><div class=\"soliloquy-caption soliloquy-caption-bottom\"><div class=\"soliloquy-caption-inside\"><p>Agua micelar<\/p><br \/>\n<p style=\"font-size:13px\">Limpia y desmaquilla<\/p><\/div><\/div><\/li><li aria-hidden=\"true\" class=\"soliloquy-item soliloquy-item-2 soliloquy-id-5613 soliloquy-image-slide\" draggable=\"false\" style=\"list-style:none;\"><a href=\"https:\/\/hyfac.fr\/es\/nos-gammes\/hyfac-woman\/soin-global\/\" class=\"soliloquy-link\" title=\"HYFAC WOMAN cuidado global antiimperfecciones para la mujer\"><img id=\"soliloquy-image-5613\" class=\"soliloquy-image soliloquy-image-2\" src=\"https:\/\/hyfac.fr\/wp-content\/uploads\/2018\/07\/Diapositive15-200x200_c.jpeg\" alt=\"HYFAC WOMAN cuidado global antiimperfecciones para la mujer\" \/><\/a><div class=\"soliloquy-caption soliloquy-caption-bottom\"><div class=\"soliloquy-caption-inside\"><p>Atenci\u00f3n global<\/p><br \/>\n<p style=\"font-size:13px\">Reduce las manchas e hidrata<\/p><\/div><\/div><\/li><li aria-hidden=\"true\" class=\"soliloquy-item soliloquy-item-3 soliloquy-id-5614 soliloquy-image-slide\" draggable=\"false\" style=\"list-style:none;\"><a href=\"https:\/\/hyfac.fr\/es\/nos-gammes\/hyfac-woman\/gommage-douceur\/\" class=\"soliloquy-link\" title=\"Exfoliante suave HYFAC WOMAN\"><img id=\"soliloquy-image-5614\" class=\"soliloquy-image soliloquy-image-3\" src=\"https:\/\/hyfac.fr\/wp-content\/uploads\/2018\/07\/Diapositive17-200x200_c.jpeg\" alt=\"Exfoliante suave HYFAC WOMAN\" \/><\/a><div class=\"soliloquy-caption soliloquy-caption-bottom\"><div class=\"soliloquy-caption-inside\"><p>Exfoliante suave<\/p><br \/>\n<p style=\"font-size:13px\">Aclara y devuelve la luminosidad<\/p><\/div><\/div><\/li><li aria-hidden=\"true\" class=\"soliloquy-item soliloquy-item-4 soliloquy-id-15334 soliloquy-image-slide\" draggable=\"false\" style=\"list-style:none;\"><a href=\"https:\/\/hyfac.fr\/es\/nos-gammes\/hyfac-woman\/active-mask\/\" class=\"soliloquy-link\" title=\"HYFAC WOMAN Active Mask tratamiento del acn\u00e9 para mujeres adultas\"><img id=\"soliloquy-image-15334\" class=\"soliloquy-image soliloquy-image-4\" src=\"https:\/\/hyfac.fr\/wp-content\/uploads\/2022\/02\/Sans-titre-61-200x200_c.jpeg\" alt=\"HYFAC WOMAN Active Mask tratamiento del acn\u00e9 para mujeres adultas\" \/><\/a><div class=\"soliloquy-caption soliloquy-caption-bottom\"><div class=\"soliloquy-caption-inside\"><p>M\u00e1scara activa<\/p><br \/>\n<p style=\"font-size:13px\">Tratamiento del acn\u00e9 en las mujeres<\/p><\/div><\/div><\/li><\/ul><\/div><noscript><style type=\"text\/css\" scoped>#soliloquy-container-5181{opacity:1}#soliloquy-container-5181 li > .soliloquy-caption{display:none}#soliloquy-container-5181 li:first-child > .soliloquy-caption{display:block}<\/style><div class=\"soliloquy-no-js\" style=\"display:none;visibility:hidden;height:0;line-height:0;opacity:0;\"><img class=\"soliloquy-image soliloquy-no-js-image\" src=\"https:\/\/hyfac.fr\/wp-content\/uploads\/2018\/07\/Diapositive19.jpeg\" alt=\"HYFAC WOMAN Agua micelar limpiadora\" \/><img class=\"soliloquy-image soliloquy-no-js-image\" src=\"https:\/\/hyfac.fr\/wp-content\/uploads\/2018\/07\/Diapositive15.jpeg\" alt=\"HYFAC WOMAN cuidado global antiimperfecciones para la mujer\" \/><img class=\"soliloquy-image soliloquy-no-js-image\" src=\"https:\/\/hyfac.fr\/wp-content\/uploads\/2018\/07\/Diapositive17.jpeg\" alt=\"Exfoliante suave HYFAC WOMAN\" \/><img class=\"soliloquy-image soliloquy-no-js-image\" src=\"https:\/\/hyfac.fr\/wp-content\/uploads\/2022\/02\/Sans-titre-61.jpeg\" alt=\"HYFAC WOMAN Active Mask tratamiento del acn\u00e9 para mujeres adultas\" \/><\/div><\/noscript><\/div>\n<\/div>\n<div id=\"savoir-prd\">\n<div class=\"h2prd\">\n<h2><span style=\"color: #d0006d;\">CONOZCA M\u00c1S<\/span><\/h2>\n<\/div>\n<div class=\"csRow\">\n<div class=\"csColumn\" style=\"margin: 0px; padding: 0px; float: left; width: 38.6%;\" data-csstartpoint=\"0\" data-csendpoint=\"370.5\" data-cswidth=\"38.6%\" data-csid=\"beb42ad8-6bfd-a029-8282-bd93ae120b4d\"><a href=\"https:\/\/hyfac.fr\/es\/sos-dermato\/4321-acne-de-la-femme-adulte\/\" target=\"_blank\" rel=\"noopener\"><img loading=\"lazy\" class=\"aligncenter wp-image-4368 size-thumbnail\" src=\"https:\/\/hyfac.fr\/wp-content\/uploads\/2018\/03\/banniere_carree_site_hyfac_intro_themes_femme-250x250.jpeg\" alt=\"acn\u00e9 en mujeres adultas\" width=\"250\" height=\"250\" srcset=\"https:\/\/hyfac.fr\/wp-content\/uploads\/2018\/03\/banniere_carree_site_hyfac_intro_themes_femme-250x250.jpeg 250w, https:\/\/hyfac.fr\/wp-content\/uploads\/2018\/03\/banniere_carree_site_hyfac_intro_themes_femme-300x300.jpeg 300w, https:\/\/hyfac.fr\/wp-content\/uploads\/2018\/03\/banniere_carree_site_hyfac_intro_themes_femme.jpeg 543w\" sizes=\"(max-width: 250px) 100vw, 250px\" \/><\/a><\/div>\n<div class=\"csColumnGap\" style=\"margin: 0px; padding: 0px; float: left; width: 1.56%;\"><img style=\"border: none;\" src=\"https:\/\/hyfac.fr\/wp-content\/plugins\/advanced-wp-columns\/assets\/js\/plugins\/views\/img\/1x1-pixel.png\"><\/div>\n<div class=\"csColumn\" style=\"margin: 0px; padding: 0px; float: left; width: 59.8%;\" data-csstartpoint=\"385.5\" data-csendpoint=\"960\" data-cswidth=\"59.8%\" data-csid=\"56e6cac6-63f3-6945-9ddf-f20a5ec7912c\">40% de las mujeres mayores de 20 a\u00f1os sufren de acn\u00e9 persistente. Espinillas inflamatorias, piel grasa o puntos negros, la gama HYFAC WOMAN ha sido creada para tratar espec\u00edficamente los problemas de la piel con imperfecciones de las mujeres adultas.<br \/>\nEl agua micelar est\u00e1 especialmente recomendada para la higiene facial de las mujeres. Aut\u00e9ntica loci\u00f3n antiacn\u00e9, est\u00e1 indicada para todo tipo de pieles, incluso las sensibles, las secas o las grasas con granos de acn\u00e9, puntos negros o comedones blancos o microquistes. Es compatible con los tratamientos contra el acn\u00e9 y est\u00e1 indicado para las pieles reactivas e intolerantes.<br \/>\nEl agua micelar HYFAC WOMAN con extractos de t\u00e9 blanco tiene una acci\u00f3n aclaradora de manchas y rojeces. Ayuda a desvanecer las peque\u00f1as marcas marrones, habituales tras la desaparici\u00f3n de los granos inflamatorios del rostro. La luminosidad de la tez se reaviva.<br \/>\nEsta loci\u00f3n antimanchas puede integrarse f\u00e1cilmente en cualquier rutina de cuidado de la piel. Puede utilizarse una o dos veces al d\u00eda, siempre que se aclare y se seque la piel antes de aplicar los cuidados necesarios para el acn\u00e9 en mujeres adultas.&nbsp;<\/p>\n<div id=\"savoirplus\"><a href=\"https:\/\/hyfac.fr\/es\/sos-dermato\/4321-acne-de-la-femme-adulte\/\">M\u00e1s informaci\u00f3n sobre el acn\u00e9 en mujeres adultas<\/a><\/div>\n<\/div>\n<div style=\"clear: both; float: none; display: block; visibility: hidden; width: 0px; font-size: 0px; line-height: 0;\">&nbsp;<\/div>\n<\/div>\n<\/div>\n<div id=\"compo-prd\">\n<div class=\"h2prd\">\n<h2><span style=\"color: #d0006d;\">COMPOSICIONES <span style=\"font-size: 14pt;\">\/<\/span> INGREDIENTES<\/span><\/h2>\n<\/div>\n<p><span style=\"color: #cebfb6;\">INCI : AQUA (AGUA), PROPANEDIOL, PEG-6 GLIC\u00c9RIDOS CAPR\u00cdLICOS\/C\u00c1PRICOS, PEG-7 COCOATO DE GLICERILO, CAPRILILGLUC\u00d3SIDO, EXTRACTO DE HOJA DE CAMELIA SINENSIS, EXTRACTO DE CODIUM TOMENTOSUM, BUTILENGLICOL, HIDROXIETILCELULOSA, DIACETATO DE GLUTAMATO TETRAS\u00d3DICO, \u00c1CIDO C\u00cdTRICO, PARFUM (FRAGANCIA), BROMURO DE CETRIMONIO.<\/span><\/p>\n<\/div>","protected":false},"excerpt":{"rendered":"<p>Ilumina la tez, limpia y desmaquilla.<\/p>","protected":false},"author":1,"featured_media":1788,"parent":47,"menu_order":0,"comment_status":"closed","ping_status":"closed","template":"page\/page-template-newprdwoman.php","meta":{"_mi_skip_tracking":false,"spay_email":""},"_links":{"self":[{"href":"https:\/\/hyfac.fr\/es\/wp-json\/wp\/v2\/pages\/1433"}],"collection":[{"href":"https:\/\/hyfac.fr\/es\/wp-json\/wp\/v2\/pages"}],"about":[{"href":"https:\/\/hyfac.fr\/es\/wp-json\/wp\/v2\/types\/page"}],"author":[{"embeddable":true,"href":"https:\/\/hyfac.fr\/es\/wp-json\/wp\/v2\/users\/1"}],"replies":[{"embeddable":true,"href":"https:\/\/hyfac.fr\/es\/wp-json\/wp\/v2\/comments?post=1433"}],"version-history":[{"count":77,"href":"https:\/\/hyfac.fr\/es\/wp-json\/wp\/v2\/pages\/1433\/revisions"}],"predecessor-version":[{"id":15025,"href":"https:\/\/hyfac.fr\/es\/wp-json\/wp\/v2\/pages\/1433\/revisions\/15025"}],"up":[{"embeddable":true,"href":"https:\/\/hyfac.fr\/es\/wp-json\/wp\/v2\/pages\/47"}],"wp:featuredmedia":[{"embeddable":true,"href":"https:\/\/hyfac.fr\/es\/wp-json\/wp\/v2\/media\/1788"}],"wp:attachment":[{"href":"https:\/\/hyfac.fr\/es\/wp-json\/wp\/v2\/media?parent=1433"}],"curies":[{"name":"wp","href":"https:\/\/api.w.org\/{rel}","templated":true}]}}