{"id":24,"date":"2016-04-20T16:59:46","date_gmt":"2016-04-20T14:59:46","guid":{"rendered":"http:\/\/hyfac.fr\/?page_id=24"},"modified":"2020-12-08T08:54:00","modified_gmt":"2020-12-08T07:54:00","slug":"le-laboratoire","status":"publish","type":"page","link":"https:\/\/hyfac.fr\/es\/le-laboratoire\/","title":{"rendered":"El laboratorio"},"content":{"rendered":"<h1><img loading=\"lazy\" class=\"alignnone size-full wp-image-1596\" src=\"http:\/\/hyfac.fr\/wp-content\/uploads\/2016\/04\/Le-Laboratoire.png\" alt=\"El laboratorio\" width=\"1776\" height=\"350\" srcset=\"https:\/\/hyfac.fr\/wp-content\/uploads\/2016\/04\/Le-Laboratoire.png 1776w, https:\/\/hyfac.fr\/wp-content\/uploads\/2016\/04\/Le-Laboratoire-300x59.png 300w, https:\/\/hyfac.fr\/wp-content\/uploads\/2016\/04\/Le-Laboratoire-1024x202.png 1024w\" sizes=\"(max-width: 1776px) 100vw, 1776px\" \/><\/h1>\n<h2><span style=\"color: #68153d;\">NUESTROS EXPERTOS DERMAT\u00d3LOGOS<\/span><\/h2>\n<div class=\"hr-hyfac hr-hyfac-labo\"><\/div>\n<p style=\"text-align: justify;\"><img loading=\"lazy\" class=\"alignleft size-medium wp-image-1660\" src=\"http:\/\/hyfac.fr\/wp-content\/uploads\/2016\/04\/illus_dermato_hyfac-259x300.png\" alt=\"illus_dermato_hyfac\" width=\"259\" height=\"300\" srcset=\"https:\/\/hyfac.fr\/wp-content\/uploads\/2016\/04\/illus_dermato_hyfac-259x300.png 259w, https:\/\/hyfac.fr\/wp-content\/uploads\/2016\/04\/illus_dermato_hyfac-883x1024.png 883w, https:\/\/hyfac.fr\/wp-content\/uploads\/2016\/04\/illus_dermato_hyfac.png 1545w\" sizes=\"(max-width: 259px) 100vw, 259px\" \/><\/p>\n<p style=\"text-align: justify;\">Desde la creaci\u00f3n de la\u00a0<a href=\"https:\/\/www.moulinroyalcosmetics.com\">Laboratorios Moulin Royal Cosmetics<\/a>Nuestro deseo ha sido establecer una relaci\u00f3n privilegiada con los dermat\u00f3logos. Tenemos la misma l\u00ednea de conducta: satisfacer las necesidades de los pacientes con productos seguros, eficaces y bien tolerados. A lo largo de los a\u00f1os, esta asociaci\u00f3n ha crecido y hoy trabajamos mano a mano con nuestros dermat\u00f3logos. Juntos desarrollamos nuevas gamas dermocosm\u00e9ticas en varias \u00e1reas (<a href=\"https:\/\/hyfac.fr\/es\/nos-gammes\/hyfac-woman\/\">acn\u00e9 en las mujeres<\/a>, <a href=\"https:\/\/hyfac.fr\/es\/nos-gammes\/hydrafac\/\">hidrataci\u00f3n<\/a>etc.).<\/p>\n<p style=\"text-align: justify;\">Tambi\u00e9n hemos creado con ellos una secci\u00f3n \"SOS Dermato\", que nos permite responder a las preguntas de los consumidores sobre la piel. <a href=\"https:\/\/hyfac.fr\/es\/conseils-dermato\/1287-lacne-et-lalimentation\/\">suministro de energ\u00eda<\/a>acn\u00e9 &amp; <a href=\"https:\/\/hyfac.fr\/es\/conseils-dermato\/1289-lacne-et-la-contraception\/\">anticoncepci\u00f3n<\/a>, <a href=\"https:\/\/hyfac.fr\/es\/sos-dermato\/4326-hydratation-de-la-peau\/\">hidrataci\u00f3n<\/a>, <a href=\"https:\/\/hyfac.fr\/es\/sos-dermato\/4324-le-soleil-et-la-peau\/\">piel y sol<\/a>y mucho m\u00e1s.<\/p>\n<p style=\"text-align: justify;\">Por \u00faltimo, viajamos con regularidad por toda Francia para discutir con los dermat\u00f3logos los art\u00edculos cient\u00edficos recientemente publicados. Estas reuniones se denominan \"caf\u00e9s cient\u00edficos\".<\/p>\n<p>&nbsp;<\/p>\n<h2><span style=\"color: #68153d;\">LA CREATION D&#8217;HYFAC<\/span><\/h2>\n<div class=\"hr-hyfac hr-hyfac-labo\"><\/div>\n<p><img loading=\"lazy\" class=\"alignleft size-medium wp-image-1661\" src=\"http:\/\/hyfac.fr\/wp-content\/uploads\/2016\/04\/labo_hyfac_1-300x200-300x200.jpg\" alt=\"labo_hyfac_1-300x200\" width=\"300\" height=\"200\" \/><\/p>\n<p style=\"text-align: justify;\">La historia comienza en 1984 en un laboratorio. Alice trabajaba como qu\u00edmica en el desarrollo de un champ\u00fa. Tras probar su champ\u00fa durante varios d\u00edas, se dio cuenta de que en la frente, en una zona cercana al cuero cabelludo, su piel parec\u00eda m\u00e1s clara y menos grasa. Alice y sus amigos investigadores se pusieron a trabajar para determinar el origen de esta sublime acci\u00f3n. Los resultados mostraron que la piroctona olamina era la responsable de esta acci\u00f3n beneficiosa para la piel. Tras este descubrimiento fortuito pero prometedor, el laboratorio decidi\u00f3 desarrollar f\u00f3rmulas originales basadas en la Piroctona Olamina para ayudar a las pieles con tendencia al acn\u00e9.<\/p>\n<p style=\"text-align: justify;\">As\u00ed naci\u00f3 lo siguiente <span style=\"color: #68153d;\"><strong>HYFAC<\/strong><\/span> <a href=\"https:\/\/hyfac.fr\/es\/nos-gammes\/hyfac-classique\/\">cuidado de la piel joven<\/a>. Una gama de <span style=\"color: #68153d;\"><strong>simple<\/strong>, <strong>efectivo<\/strong><\/span>con <span style=\"color: #68153d;\"><strong>activos reconocidos<\/strong><\/span>.<\/p>\n<p style=\"text-align: justify;\">HYFAC trata de ser consciente de que el acn\u00e9 puede ser dif\u00edcil de vivir, que se produce en torno a la adolescencia y que tarda en desaparecer. El acn\u00e9 es una enfermedad que requiere <span style=\"color: #68153d;\"><strong>atenci\u00f3n integral<\/strong><\/span> con buenos productos pero tambi\u00e9n con un estilo de vida adaptado. Por ello, HYFAC le ayuda a comprender su enfermedad.<\/p>\n<p style=\"text-align: justify;\">Con un equipo experimentado de <span style=\"color: #68153d;\"><strong>dermat\u00f3logos<\/strong><\/span>de <span style=\"color: #68153d;\"><strong>farmac\u00e9uticos<\/strong><\/span> y j\u00f3venes, el Laboratorio Moulin Royal Cosmetics ha seguido desarrollando nuevas gamas dermocosm\u00e9ticas adaptadas a cada necesidad y a cada estilo de vida.<\/p>\n<p>&nbsp;<\/p>\n<h2><span style=\"color: #68153d;\">C\u00d3DIGO DE CONDUCTA<\/span><\/h2>\n<div class=\"hr-hyfac hr-hyfac-labo\"><\/div>\n<p><img loading=\"lazy\" class=\"alignright wp-image-436\" src=\"http:\/\/hyfac.fr\/wp-content\/uploads\/2015\/07\/labo_hyfac_3.jpg\" alt=\"labo_hyfac\" width=\"250\" height=\"375\" \/>Nos comprometemos a respetar nuestra carta de inteligencia y requisitos cosm\u00e9ticos:<\/p>\n<ul>\n<li style=\"text-align: justify;\">Innovaci\u00f3n y <span style=\"color: #68153d;\"><strong>b\u00fasqueda de la m\u00e1xima calidad<\/strong><\/span> debe estar presente en todos los niveles, desde el dise\u00f1o hasta la distribuci\u00f3n.<\/li>\n<li style=\"text-align: justify;\">Nuestros ingredientes y activos est\u00e1n sujetos a<span style=\"color: #68153d;\"><strong>amplios estudios b\u00e1sicos<\/strong><\/span> para su desarrollo.<\/li>\n<li style=\"text-align: justify;\">La calidad t\u00e9cnica de nuestros <span style=\"color: #68153d;\"><strong>sistemas de entrega<\/strong><\/span> permite la ausencia de contacto con el aire ambiente (sistemas airless) en la mayor\u00eda de nuestros productos.<\/li>\n<li style=\"text-align: justify;\">La realizaci\u00f3n de<span style=\"color: #68153d;\"><strong>ensayos cl\u00ednicos<\/strong><\/span> est\u00e1 programado para todas nuestras referencias. La llevan a cabo investigadores dermat\u00f3logos.<\/li>\n<li style=\"text-align: justify;\">El <a href=\"https:\/\/hyfac.fr\/es\/pres-de-chez-vous\/\">distribuci\u00f3n<\/a> en <span style=\"color: #68153d;\"><strong>farmacia y parafarmacia<\/strong><\/span> es nuestra opci\u00f3n de marketing.<\/li>\n<li style=\"text-align: justify;\">Por \u00faltimo, nuestro objetivo de desarrollar en el<span style=\"color: #68153d;\"><strong>internacional<\/strong><\/span> refuerza nuestra preocupaci\u00f3n por una calidad rigurosa.<\/li>\n<\/ul>\n<p>&nbsp;<\/p>\n<h2><span style=\"color: #68153d;\">UNA PRESENCIA INTERNACIONAL<\/span><\/h2>\n<div class=\"hr-hyfac hr-hyfac-labo\"><\/div>\n<p><img loading=\"lazy\" class=\"aligncenter size-full wp-image-4704\" src=\"https:\/\/hyfac.fr\/wp-content\/uploads\/2018\/05\/carte_monde_vierge_frontiere_pays_continent_hyfac_toutes_gammes.jpg\" alt=\"\" width=\"1839\" height=\"878\" srcset=\"https:\/\/hyfac.fr\/wp-content\/uploads\/2018\/05\/carte_monde_vierge_frontiere_pays_continent_hyfac_toutes_gammes.jpg 1839w, https:\/\/hyfac.fr\/wp-content\/uploads\/2018\/05\/carte_monde_vierge_frontiere_pays_continent_hyfac_toutes_gammes-300x143.jpg 300w, https:\/\/hyfac.fr\/wp-content\/uploads\/2018\/05\/carte_monde_vierge_frontiere_pays_continent_hyfac_toutes_gammes-1024x489.jpg 1024w\" sizes=\"(max-width: 1839px) 100vw, 1839px\" \/><\/p>\n<h2><\/h2>\n<p style=\"text-align: center;\">Si desea m\u00e1s informaci\u00f3n, visite : <a href=\"https:\/\/www.moulinroyalcosmetics.com\">www.moulinroyalcosmetics.com<\/a><\/p>","protected":false},"excerpt":{"rendered":"<p>NOS EXPERTS DERMATOLOGUES D\u00e8s la cr\u00e9ation des\u00a0Laboratoires Moulin Royal Cosmetics, notre souhait a \u00e9t\u00e9 de nouer avec les dermatologues des relations privil\u00e9gi\u00e9es. Nous avons la m\u00eame ligne de conduite\u00a0: r\u00e9pondre aux besoins des patients avec des produits s\u00fbrs, efficaces et bien tol\u00e9r\u00e9s. Au fil des ann\u00e9es, ce partenariat s\u2019amplifia et nous travaillons aujourd\u2019hui main dans\u2026 <a class='lire-suite' href=\"https:\/\/hyfac.fr\/es\/le-laboratoire\/\">Leer m\u00e1s &gt;&gt;&gt;<\/a><\/p>","protected":false},"author":1,"featured_media":0,"parent":0,"menu_order":4,"comment_status":"closed","ping_status":"closed","template":"page\/page-template-defaulthyfac.php","meta":{"_mi_skip_tracking":false,"spay_email":""},"_links":{"self":[{"href":"https:\/\/hyfac.fr\/es\/wp-json\/wp\/v2\/pages\/24"}],"collection":[{"href":"https:\/\/hyfac.fr\/es\/wp-json\/wp\/v2\/pages"}],"about":[{"href":"https:\/\/hyfac.fr\/es\/wp-json\/wp\/v2\/types\/page"}],"author":[{"embeddable":true,"href":"https:\/\/hyfac.fr\/es\/wp-json\/wp\/v2\/users\/1"}],"replies":[{"embeddable":true,"href":"https:\/\/hyfac.fr\/es\/wp-json\/wp\/v2\/comments?post=24"}],"version-history":[{"count":48,"href":"https:\/\/hyfac.fr\/es\/wp-json\/wp\/v2\/pages\/24\/revisions"}],"predecessor-version":[{"id":14760,"href":"https:\/\/hyfac.fr\/es\/wp-json\/wp\/v2\/pages\/24\/revisions\/14760"}],"wp:attachment":[{"href":"https:\/\/hyfac.fr\/es\/wp-json\/wp\/v2\/media?parent=24"}],"curies":[{"name":"wp","href":"https:\/\/api.w.org\/{rel}","templated":true}]}}