{"id":2441,"date":"2018-02-14T00:39:05","date_gmt":"2018-02-13T23:39:05","guid":{"rendered":"http:\/\/hyfac.fr\/?page_id=2441"},"modified":"2022-02-10T01:32:37","modified_gmt":"2022-02-10T00:32:37","slug":"creme-legere","status":"publish","type":"page","link":"https:\/\/hyfac.fr\/es\/nos-gammes\/hydrafac\/creme-legere\/","title":{"rendered":"Crema ligera"},"content":{"rendered":"<div style=\"width: 960px;\"><\/div>\n<div id=\"prd\">\n<div class=\"csRow\">\n<div class=\"csColumn\" style=\"margin: 0px; padding: 0px; float: left; width: 47%;\" data-csstartpoint=\"0\" data-csendpoint=\"470\" data-cswidth=\"47.0%\" data-csid=\"beb42ad8-6bfd-a029-8282-bd93ae120b4d\">\n<style type=\"text\/css\">#soliloquy-container-5185 .soliloquy-pager{bottom: 10px;}<\/style><div class=\"soliloquy-outer-container\" data-soliloquy-loaded=\"0\"><div aria-live=\"polite\" id=\"soliloquy-container-5308\" class=\"soliloquy-container soliloquy-transition-horizontal soliloquy-slide-horizontal soliloquy-controls-active slider-img-prd soliloquy-theme-base\" style=\"max-width:390px;max-height:600px;margin:0 auto 20px;max-width:100%;max-height:none;\"><ul id=\"soliloquy-5308\" class=\"soliloquy-slider soliloquy-slides soliloquy-wrap soliloquy-clear\"><li aria-hidden=\"true\" class=\"soliloquy-item soliloquy-item-1 soliloquy-id-5552 soliloquy-image-slide\" draggable=\"false\" style=\"list-style:none;\"><img id=\"soliloquy-image-5552\" class=\"soliloquy-image soliloquy-image-1\" src=\"https:\/\/hyfac.fr\/wp-content\/uploads\/2018\/09\/Diapositive23-390x600_c.jpeg\" alt=\"HYDRAFAC crema hidratante rica y ligera para pieles normales a mixtas\" \/><\/li><li aria-hidden=\"true\" class=\"soliloquy-item soliloquy-item-2 soliloquy-id-5553 soliloquy-image-slide\" draggable=\"false\" style=\"list-style:none;\"><img id=\"soliloquy-image-5553\" class=\"soliloquy-image soliloquy-image-2 soliloquy-preload\" src=\"https:\/\/hyfac.fr\/wp-content\/plugins\/soliloquy\/assets\/css\/images\/holder.gif\" data-soliloquy-src=\"https:\/\/hyfac.fr\/wp-content\/uploads\/2018\/09\/Diapositive24-390x600_c.jpeg\" alt=\"HYDRAFAC crema hidratante rica y ligera para pieles normales a mixtas\" \/><\/li><\/ul><\/div><noscript><style type=\"text\/css\" scoped>#soliloquy-container-5308{opacity:1}#soliloquy-container-5308 li > .soliloquy-caption{display:none}#soliloquy-container-5308 li:first-child > .soliloquy-caption{display:block}<\/style><div class=\"soliloquy-no-js\" style=\"display:none;visibility:hidden;height:0;line-height:0;opacity:0;\"><img class=\"soliloquy-image soliloquy-no-js-image\" src=\"https:\/\/hyfac.fr\/wp-content\/uploads\/2018\/09\/Diapositive23.jpeg\" alt=\"HYDRAFAC crema hidratante rica y ligera para pieles normales a mixtas\" \/><img class=\"soliloquy-image soliloquy-no-js-image\" src=\"https:\/\/hyfac.fr\/wp-content\/uploads\/2018\/09\/Diapositive24.jpeg\" alt=\"HYDRAFAC crema hidratante rica y ligera para pieles normales a mixtas\" \/><\/div><\/noscript><\/div>\n<\/div>\n<div class=\"csColumnGap\" style=\"margin: 0px; padding: 0px; float: left; width: 3.7%;\"><img style=\"border: none;\" src=\"https:\/\/hyfac.fr\/wp-content\/plugins\/advanced-wp-columns\/assets\/js\/plugins\/views\/img\/1x1-pixel.png\" \/><\/div>\n<div class=\"csColumn\" style=\"margin: 0px; padding: 0px; float: left; width: 49.3%;\" data-csstartpoint=\"507\" data-csendpoint=\"1000\" data-cswidth=\"49.3%\" data-csid=\"56e6cac6-63f3-6945-9ddf-f20a5ec7912c\">\n<h1><span style=\"color: #0075b2; line-height: 35px;\">CREMA LIGERA<\/span><\/h1>\n<p><span style=\"color: #0075b2;\">Gama HYDRAFAC<\/span><br \/>\nTubo de 40 ml<\/p>\n<p><br \/>\nSoin hydratant visage pour peaux normales \u00e0 mixtes. Am\u00e9liore le renouvellement de l&#8217;\u00e9piderme et prot\u00e8ge durablement la peau.<\/p>\n<ul id=\"ulprd\">\n<li><img class=\"logo-prd\" src=\"\/wp-content\/uploads\/2018\/09\/Hydrate.png\" alt=\"Hidrata\" width=\"50\" \/><br \/>\nHIDRATACI\u00d3N<\/li>\n<li><img class=\"logo-prd\" src=\"\/wp-content\/uploads\/2018\/09\/Protege.png\" alt=\"Protege\" width=\"50\" \/><br \/>\nPROTEGER<\/li>\n<li><img class=\"logo-prd\" src=\"\/wp-content\/uploads\/2018\/08\/lisse.png\" alt=\"Suave\" width=\"50\" \/><br \/>\nLISSE<\/li>\n<li><img class=\"logo-prd\" src=\"\/wp-content\/uploads\/2018\/09\/Confort.png\" alt=\"Confort\" width=\"50\" \/><br \/>\nCOMODIDAD<\/li>\n<\/ul>\n<ul id=\"ulprd-link\">\n<li><p class=\"product woocommerce add_to_cart_inline\" style=\"border:4px solid #ccc; padding: 12px;\"><span class=\"woocommerce-Price-amount amount\"><bdi>11,50&nbsp;<span class=\"woocommerce-Price-currencySymbol\">\u20ac<\/span><\/bdi><\/span><a href=\"?add-to-cart=14931\" data-quantity=\"1\" class=\"button product_type_simple add_to_cart_button ajax_add_to_cart\" data-product_id=\"14931\" data-product_sku=\"\" aria-label=\"A\u00f1ade \u201cHydrafac - Cr\u00e8me L\u00e9g\u00e8re\u201d a tu carrito\" rel=\"nofollow\" data-no-translation=\"\" data-trp-gettext=\"\" data-no-translation-aria-label=\"\">A\u00f1adir al carrito<\/a><\/p><\/li>\n<li><\/li>\n<li><a href=\"https:\/\/hyfac.fr\/es\/pres-de-chez-vous\/\"><img class=\"img2\" src=\"\/wp-content\/uploads\/2018\/06\/logo-map-e1530138886120.png\" alt=\"loc\" \/>Encontrar un punto de venta<\/a><\/li>\n<\/ul>\n<ul id=\"ulprd-link\">\n<li class=\"infotri\"><span class=\"spantri\">Descubra nuestras instrucciones de clasificaci\u00f3n<\/span><br \/>\n<img class=\"imgtri\" src=\"https:\/\/hyfac.fr\/wp-content\/uploads\/2020\/12\/HYDRAFAC-Creme-legere.png\" \/><\/li>\n<\/ul>\n<\/div>\n<div style=\"clear: both; float: none; display: block; visibility: hidden; width: 0px; font-size: 0px; line-height: 0;\"><\/div>\n<\/div>\n<\/div>\n<div id=\"descript-prd\">La cr\u00e8me hydratante visage HYDRAFAC l\u00e9g\u00e8re procure une sensation d&#8217;hydratation imm\u00e9diate et durable de l\u2019\u00e9piderme et \u00ab booste \u00bb la fonction d\u2019hydratation de la peau. Enrichie en <strong>activos de la planta<\/strong>su f\u00f3rmula mejora la <strong>renovaci\u00f3n de la piel<\/strong> para mantener la protecci\u00f3n de la barrera cut\u00e1nea. Utilizado a diario, alisa la textura de la piel y revela la luminosidad del cutis para un <strong>efecto \"piel nueva\".<\/strong>. Su textura fundente y no grasa calma inmediatamente y aporta una sensaci\u00f3n de frescor y confort a la piel. Recomendado para <strong>pieles normales a mixtas<\/strong>Tambi\u00e9n es ideal como base de maquillaje durante el verano.<\/div>\n<div id=\"menu-prdnew\">\n<ul>\n<li><a id=\"lienmenuconseil\" href=\"#prd\">CONSEJO DE USO<\/a><\/li>\n<li><a id=\"lienmenuactifs\" href=\"#conseil-prd\">ACTIVOS<\/a><\/li>\n<li><a id=\"lienmenucmplt\" href=\"#actifs-prd\">PRODUCTOS COMPLEMENTARIOS<\/a><\/li>\n<li><a id=\"lienmenusavoir\" href=\"#cmplt-prd\">CONOZCA M\u00c1S<\/a><\/li>\n<li><a id=\"lienmenucompo\" href=\"#savoir-prd\">COMPOSICI\u00d3N<\/a><\/li>\n<\/ul>\n<\/div>\n<div id=\"conseil-prd\">\n<div class=\"csRow\">\n<div class=\"csColumn\" style=\"margin: 0px; padding: 0px; float: left; width: 70.8%;\" data-csstartpoint=\"0\" data-csendpoint=\"680\" data-cswidth=\"70.8%\" data-csid=\"7ce9a14c-d45b-a3f2-987b-63fd249cc312\">\n<p><span style=\"color: #0075b2;\">\u00bfC\u00d3MO UTILIZAR LA CREMA HIDRATANTE HYDRAFAC LIGHT?<\/span><\/p>\n<p>Aplicar por la ma\u00f1ana y\/o por la noche sobre el rostro y el cuello despu\u00e9s de una limpieza a fondo con el <a href=\"https:\/\/hyfac.fr\/es\/nos-gammes\/hyfac-classique\/gel-nettoyant-purifiant\/\">HYFAC Original Gel Limpiador Purificador<\/a>. Ideal como base de maquillaje.<\/p>\n<p>La cr\u00e8me hydratante visage pour les peaux normales \u00e0 mixtes HYDRAFAC L\u00e9g\u00e8re hydrate et apaise la peau. Sa texture fine et non grasse d\u00e9salt\u00e8re la peau d\u00e8s l&#8217;application et lui procure souplesse, douceur et \u00e9clat. La peau retrouve toute sa fra\u00eecheur. Sans fini gras.<\/p>\n<\/div>\n<div class=\"csColumnGap\" style=\"margin: 0px; padding: 0px; float: left; width: 1.56%;\"><img style=\"border: none;\" src=\"https:\/\/hyfac.fr\/wp-content\/plugins\/advanced-wp-columns\/assets\/js\/plugins\/views\/img\/1x1-pixel.png\" \/><\/div>\n<div class=\"csColumn\" style=\"margin: 0px; padding: 0px; float: left; width: 27.6%;\" data-csstartpoint=\"695\" data-csendpoint=\"960\" data-cswidth=\"27.6%\" data-csid=\"2de6301b-fc0e-6c4c-b16e-671973f34d15\">\n<p><img loading=\"lazy\" class=\"aligncenter wp-image-5140\" src=\"https:\/\/hyfac.fr\/wp-content\/uploads\/2018\/07\/conseil-250x250.png\" alt=\"\" width=\"180\" height=\"181\" srcset=\"https:\/\/hyfac.fr\/wp-content\/uploads\/2018\/07\/conseil-250x250.png 250w, https:\/\/hyfac.fr\/wp-content\/uploads\/2018\/07\/conseil-298x300.png 298w, https:\/\/hyfac.fr\/wp-content\/uploads\/2018\/07\/conseil.png 308w\" sizes=\"(max-width: 180px) 100vw, 180px\" \/><\/p>\n<\/div>\n<div style=\"clear: both; float: none; display: block; visibility: hidden; width: 0px; font-size: 0px; line-height: 0;\"><\/div>\n<\/div>\n<\/div>\n<div id=\"actifs-prd\">\n<div class=\"h2prd\">\n<h2><span style=\"color: #0075b2;\">ACTIVOS CLAVE<\/span><\/h2>\n<\/div>\n<p><span style=\"color: #0075b2;\">Extractos de aulagas<\/span><br \/>\nHidrata la piel de forma inmediata y duradera.<\/p>\n<p><span style=\"color: #0075b2;\">Exopolisac\u00e1ridos\u00a0<\/span><br \/>\nMejora la renovaci\u00f3n natural de la epidermis y refuerza el sistema de defensa de la piel.<\/p>\n<p><span style=\"color: #0075b2;\">Glicerina<\/span><br \/>\nRestaura la barrera cut\u00e1nea y mantiene la piel hidratada durante mucho tiempo. La glicerina es un potente agente hidratante que puede retener varias veces su peso en agua.<\/p>\n<\/div>\n<div id=\"cmplt-prd\">\n<div class=\"h2prd\">\n<h2><span style=\"color: #0075b2;\">PRODUCTOS COMPLEMENTARIOS<\/span><\/h2>\n<\/div>\n<style type=\"text\/css\">#soliloquy-container-5438 .soliloquy-prev{left: -60px;background-color:#0075b2;}#soliloquy-container-5438 .soliloquy-next{right: -60px;background-color:#0075b2;}#soliloquy-container-5438 .soliloquy-image{background: #f3f3f3;border: 1px solid #ddd;padding:3px;}#soliloquy-container-5438 .soliloquy-viewport{height: 260px !important;}#soliloquy-container-5438 .soliloquy-caption-bottom{position: relative;}#soliloquy-container-5438 .soliloquy-caption-inside{color:#CEBFB6; text-shadow:none;background:none;}@media only screen and (max-width: 1000px){#soliloquy-container-5438 .soliloquy-prev{left: 0px;}#soliloquy-container-5438 .soliloquy-next{right: 0px;}#soliloquy-container-5438 .soliloquy-viewport{height: 200px;}}<\/style><div class=\"soliloquy-outer-container soliloquy-carousel\" data-soliloquy-loaded=\"0\"><div aria-live=\"polite\" id=\"soliloquy-container-5438\" class=\"soliloquy-container soliloquy-transition-horizontal soliloquy-slide-horizontal soliloquy-arrows-active Produits-complmentaires-Hyfac soliloquy-theme-base\" style=\"max-width:960px;max-height:300px;margin:0 auto 20px;\"><ul id=\"soliloquy-5438\" class=\"soliloquy-slider soliloquy-slides soliloquy-wrap soliloquy-clear\"><li aria-hidden=\"true\" class=\"soliloquy-item soliloquy-item-1 soliloquy-id-5603 soliloquy-image-slide\" draggable=\"false\" style=\"list-style:none;\"><a href=\"https:\/\/hyfac.fr\/es\/nos-gammes\/hydrafac\/creme-legere\/\" class=\"soliloquy-link\" title=\"HYDRAFAC crema hidratante ligera para pieles normales a mixtas\"><img id=\"soliloquy-image-5603\" class=\"soliloquy-image soliloquy-image-1\" src=\"https:\/\/hyfac.fr\/wp-content\/uploads\/2018\/09\/Diapositive24-3-200x200_c.jpeg\" alt=\"HYDRAFAC crema hidratante ligera para pieles normales a mixtas\" \/><\/a><div class=\"soliloquy-caption soliloquy-caption-bottom\"><div class=\"soliloquy-caption-inside\"><p>Crema ligera<\/p><br \/>\n<p style=\"font-size:13px\">Crema hidratante para pieles normales a mixtas<\/p><\/div><\/div><\/li><li aria-hidden=\"true\" class=\"soliloquy-item soliloquy-item-2 soliloquy-id-5604 soliloquy-image-slide\" draggable=\"false\" style=\"list-style:none;\"><a href=\"https:\/\/hyfac.fr\/es\/nos-gammes\/hydrafac\/creme-riche\/\" class=\"soliloquy-link\" title=\"HYDRAFAC crema hidratante rica para pieles secas\"><img id=\"soliloquy-image-5604\" class=\"soliloquy-image soliloquy-image-2\" src=\"https:\/\/hyfac.fr\/wp-content\/uploads\/2018\/09\/Diapositive26-4-200x200_c.jpeg\" alt=\"HYDRAFAC crema hidratante rica para pieles secas\" \/><\/a><div class=\"soliloquy-caption soliloquy-caption-bottom\"><div class=\"soliloquy-caption-inside\"><p>Crema rica<\/p><br \/>\n<p style=\"font-size:13px\">Crema hidratante para pieles secas<\/p><\/div><\/div><\/li><li aria-hidden=\"true\" class=\"soliloquy-item soliloquy-item-3 soliloquy-id-5605 soliloquy-image-slide\" draggable=\"false\" style=\"list-style:none;\"><a href=\"https:\/\/hyfac.fr\/es\/nos-gammes\/hydrafac\/baume-levres\/\" class=\"soliloquy-link\" title=\"B\u00e1lsamo labial nutritivo HYDRAFAC\"><img id=\"soliloquy-image-5605\" class=\"soliloquy-image soliloquy-image-3\" src=\"https:\/\/hyfac.fr\/wp-content\/uploads\/2018\/09\/Diapositive28-2-200x200_c.jpeg\" alt=\"B\u00e1lsamo labial nutritivo HYDRAFAC\" \/><\/a><div class=\"soliloquy-caption soliloquy-caption-bottom\"><div class=\"soliloquy-caption-inside\"><p>B\u00e1lsamo labial<\/p><br \/>\n<p style=\"font-size:13px\">Nutre y protege<\/p><\/div><\/div><\/li><\/ul><\/div><noscript><style type=\"text\/css\" scoped>#soliloquy-container-5438{opacity:1}#soliloquy-container-5438 li > .soliloquy-caption{display:none}#soliloquy-container-5438 li:first-child > .soliloquy-caption{display:block}<\/style><div class=\"soliloquy-no-js\" style=\"display:none;visibility:hidden;height:0;line-height:0;opacity:0;\"><img class=\"soliloquy-image soliloquy-no-js-image\" src=\"https:\/\/hyfac.fr\/wp-content\/uploads\/2018\/09\/Diapositive24-3.jpeg\" alt=\"HYDRAFAC crema hidratante ligera para pieles normales a mixtas\" \/><img class=\"soliloquy-image soliloquy-no-js-image\" src=\"https:\/\/hyfac.fr\/wp-content\/uploads\/2018\/09\/Diapositive26-4.jpeg\" alt=\"HYDRAFAC crema hidratante rica para pieles secas\" \/><img class=\"soliloquy-image soliloquy-no-js-image\" src=\"https:\/\/hyfac.fr\/wp-content\/uploads\/2018\/09\/Diapositive28-2.jpeg\" alt=\"B\u00e1lsamo labial nutritivo HYDRAFAC\" \/><\/div><\/noscript><\/div>\n<\/div>\n<div id=\"savoir-prd\">\n<div class=\"h2prd\">\n<h2><span style=\"color: #0075b2;\">CONOZCA M\u00c1S<\/span><\/h2>\n<\/div>\n<div class=\"csRow\">\n<div class=\"csColumn\" style=\"margin: 0px; padding: 0px; float: left; width: 38.6%;\" data-csstartpoint=\"0\" data-csendpoint=\"370.5\" data-cswidth=\"38.6%\" data-csid=\"beb42ad8-6bfd-a029-8282-bd93ae120b4d\"><a href=\"https:\/\/hyfac.fr\/es\/sos-dermato\/4326-hydratation-de-la-peau\/\" target=\"_blank\" rel=\"noopener\"><img loading=\"lazy\" class=\"aligncenter wp-image-4346 size-thumbnail\" src=\"https:\/\/hyfac.fr\/wp-content\/uploads\/2018\/03\/banniere_carree_site_hyfac_intro_themes6-250x250.jpg\" alt=\"Hidrataci\u00f3n de la piel\" width=\"250\" height=\"250\" srcset=\"https:\/\/hyfac.fr\/wp-content\/uploads\/2018\/03\/banniere_carree_site_hyfac_intro_themes6-250x250.jpg 250w, https:\/\/hyfac.fr\/wp-content\/uploads\/2018\/03\/banniere_carree_site_hyfac_intro_themes6-300x300.jpg 300w, https:\/\/hyfac.fr\/wp-content\/uploads\/2018\/03\/banniere_carree_site_hyfac_intro_themes6.jpg 543w\" sizes=\"(max-width: 250px) 100vw, 250px\" \/><\/a><\/div>\n<div class=\"csColumnGap\" style=\"margin: 0px; padding: 0px; float: left; width: 1.56%;\"><img style=\"border: none;\" src=\"https:\/\/hyfac.fr\/wp-content\/plugins\/advanced-wp-columns\/assets\/js\/plugins\/views\/img\/1x1-pixel.png\" \/><\/div>\n<div class=\"csColumn\" style=\"margin: 0px; padding: 0px; float: left; width: 59.8%;\" data-csstartpoint=\"385.5\" data-csendpoint=\"960\" data-cswidth=\"59.8%\" data-csid=\"56e6cac6-63f3-6945-9ddf-f20a5ec7912c\">El sol y el calor son factores de desecaci\u00f3n de la piel. El calor intensifica la evaporaci\u00f3n del agua y debilita la barrera cut\u00e1nea: esto da lugar a una piel seca. Las pieles mixtas y grasas necesitan una hidrataci\u00f3n m\u00e1s ligera que las secas.<br \/>\nLa crema hidratante ligera HYDRAFAC proporciona una hidrataci\u00f3n inmediata de la epidermis y \"potencia\" la funci\u00f3n de hidrataci\u00f3n de la piel. Su complejo vegetal mejora la renovaci\u00f3n de la epidermis para mantener la protecci\u00f3n de la barrera cut\u00e1nea. Sus agentes hidratantes aumentan la presencia de agua en el estrato c\u00f3rneo (capa superficial de la piel).<br \/>\nGracias a la acci\u00f3n de su complejo hidratante natural, que garantiza una difusi\u00f3n \u00f3ptima del agua en la piel y limita su evaporaci\u00f3n, la crema ligera HYDRAFAC hidrata intensamente la piel a diario.<\/p>\n<div id=\"savoirplus\"><a href=\"https:\/\/hyfac.fr\/es\/sos-dermato\/4326-hydratation-de-la-peau\/\">M\u00e1s informaci\u00f3n sobre la hidrataci\u00f3n de la piel<\/a><\/div>\n<\/div>\n<div style=\"clear: both; float: none; display: block; visibility: hidden; width: 0px; font-size: 0px; line-height: 0;\"><\/div>\n<\/div>\n<\/div>\n<div id=\"compo-prd\">\n<div class=\"h2prd\">\n<h2><span style=\"color: #0075b2;\">COMPOSICIONES <span style=\"font-size: 14pt;\">\/<\/span> INGREDIENTES<\/span><\/h2>\n<\/div>\n<p><span style=\"color: #cebfb6;\">INCI : AQUA (AGUA) \/ EAU , ISONONANOATO DE ISONONILO , PROPANEDIOL , BUTILENGLICOL , POLIACRILATO DE SODIO , PENTYLENE GLYCOL , EXTRACTO DE CHONDRUS CRISPUS , EXTRACTO DE HOJA\/RA\u00cdZ\/TALLO DE ULEX EUROPAEUS , ISOMERADO DE SAC\u00c1RIDOS , GLICERINA , PARFUM (FRAGANCIA) , GOMA XANTANA , CAPRILIL GLICOL , ETILHEXILGLICERINA , ALCOHOL FEN\u00cdLICO , GLUCOSA , CARRAGENINA , EDTA DIS\u00d3DICO , \u00c1CIDO C\u00cdTRICO , BENZOATO DE SODIO , CI 42090 (AZUL 1).<\/span><\/p>\n<\/div>","protected":false},"excerpt":{"rendered":"<p>Cr\u00e8me hydratante adapt\u00e9e aux peaux mixtes, l&#8217;\u00e9t\u00e9 ou en base de maquillage. Augmente la pr\u00e9sence d&#8217;eau dans le stratum corn\u00e9um.<\/p>","protected":false},"author":1,"featured_media":2506,"parent":56,"menu_order":0,"comment_status":"closed","ping_status":"closed","template":"page\/page-template-newprdhydrafac.php","meta":{"_mi_skip_tracking":false,"spay_email":""},"_links":{"self":[{"href":"https:\/\/hyfac.fr\/es\/wp-json\/wp\/v2\/pages\/2441"}],"collection":[{"href":"https:\/\/hyfac.fr\/es\/wp-json\/wp\/v2\/pages"}],"about":[{"href":"https:\/\/hyfac.fr\/es\/wp-json\/wp\/v2\/types\/page"}],"author":[{"embeddable":true,"href":"https:\/\/hyfac.fr\/es\/wp-json\/wp\/v2\/users\/1"}],"replies":[{"embeddable":true,"href":"https:\/\/hyfac.fr\/es\/wp-json\/wp\/v2\/comments?post=2441"}],"version-history":[{"count":42,"href":"https:\/\/hyfac.fr\/es\/wp-json\/wp\/v2\/pages\/2441\/revisions"}],"predecessor-version":[{"id":15016,"href":"https:\/\/hyfac.fr\/es\/wp-json\/wp\/v2\/pages\/2441\/revisions\/15016"}],"up":[{"embeddable":true,"href":"https:\/\/hyfac.fr\/es\/wp-json\/wp\/v2\/pages\/56"}],"wp:featuredmedia":[{"embeddable":true,"href":"https:\/\/hyfac.fr\/es\/wp-json\/wp\/v2\/media\/2506"}],"wp:attachment":[{"href":"https:\/\/hyfac.fr\/es\/wp-json\/wp\/v2\/media?parent=2441"}],"curies":[{"name":"wp","href":"https:\/\/api.w.org\/{rel}","templated":true}]}}