{"id":2599,"date":"2018-02-19T16:48:37","date_gmt":"2018-02-19T15:48:37","guid":{"rendered":"http:\/\/hyfac.fr\/?page_id=2599"},"modified":"2022-02-10T02:06:07","modified_gmt":"2022-02-10T01:06:07","slug":"fotoker-creme-dermatologique","status":"publish","type":"page","link":"https:\/\/hyfac.fr\/es\/nos-gammes\/fotoker-creme-dermatologique\/","title":{"rendered":"FOTOKER - Prevenci\u00f3n y reparaci\u00f3n de da\u00f1os solares"},"content":{"rendered":"<div style=\"width: 960px;\">&nbsp;<\/div>\n<div id=\"prd\">\n<div class=\"csRow\">\n<div class=\"csColumn\" style=\"margin: 0px; padding: 0px; float: left; width: 43%;\" data-csstartpoint=\"0\" data-csendpoint=\"430\" data-cswidth=\"43.0%\" data-csid=\"beb42ad8-6bfd-a029-8282-bd93ae120b4d\">\n<style type=\"text\/css\">#soliloquy-container-5312 .soliloquy-pager{bottom: -30px;}<\/style><div class=\"soliloquy-outer-container\" data-soliloquy-loaded=\"0\"><div aria-live=\"polite\" id=\"soliloquy-container-5312\" class=\"soliloquy-container soliloquy-transition-horizontal soliloquy-slide-horizontal soliloquy-controls-active slider-img-prd soliloquy-theme-base\" style=\"max-width:330px;max-height:600px;margin:0 auto 20px;max-width:100%;max-height:none;\"><ul id=\"soliloquy-5312\" class=\"soliloquy-slider soliloquy-slides soliloquy-wrap soliloquy-clear\"><li aria-hidden=\"true\" class=\"soliloquy-item soliloquy-item-1 soliloquy-id-5589 soliloquy-image-slide\" draggable=\"false\" style=\"list-style:none;\"><img id=\"soliloquy-image-5589\" class=\"soliloquy-image soliloquy-image-1\" src=\"https:\/\/hyfac.fr\/wp-content\/uploads\/2018\/09\/Diapositive32-1-330x600_c.jpeg\" alt=\"FOTOKER crema dermatol\u00f3gica da\u00f1o act\u00ednico\" \/><\/li><li aria-hidden=\"true\" class=\"soliloquy-item soliloquy-item-2 soliloquy-id-5546 soliloquy-image-slide\" draggable=\"false\" style=\"list-style:none;\"><img id=\"soliloquy-image-5546\" class=\"soliloquy-image soliloquy-image-2 soliloquy-preload\" src=\"https:\/\/hyfac.fr\/wp-content\/plugins\/soliloquy\/assets\/css\/images\/holder.gif\" data-soliloquy-src=\"https:\/\/hyfac.fr\/wp-content\/uploads\/2018\/09\/Diapositive32-330x600_c.jpeg\" alt=\"FOTOKER crema dermatol\u00f3gica da\u00f1o act\u00ednico\" \/><\/li><\/ul><\/div><noscript><style type=\"text\/css\" scoped>#soliloquy-container-5312{opacity:1}#soliloquy-container-5312 li > .soliloquy-caption{display:none}#soliloquy-container-5312 li:first-child > .soliloquy-caption{display:block}<\/style><div class=\"soliloquy-no-js\" style=\"display:none;visibility:hidden;height:0;line-height:0;opacity:0;\"><img class=\"soliloquy-image soliloquy-no-js-image\" src=\"https:\/\/hyfac.fr\/wp-content\/uploads\/2018\/09\/Diapositive32-1.jpeg\" alt=\"FOTOKER crema dermatol\u00f3gica da\u00f1o act\u00ednico\" \/><img class=\"soliloquy-image soliloquy-no-js-image\" src=\"https:\/\/hyfac.fr\/wp-content\/uploads\/2018\/09\/Diapositive32.jpeg\" alt=\"FOTOKER crema dermatol\u00f3gica da\u00f1o act\u00ednico\" \/><\/div><\/noscript><\/div>\n<\/div>\n<div class=\"csColumnGap\" style=\"margin: 0px; padding: 0px; float: left; width: 7.7%;\"><img style=\"border: none;\" src=\"https:\/\/hyfac.fr\/wp-content\/plugins\/advanced-wp-columns\/assets\/js\/plugins\/views\/img\/1x1-pixel.png\"><\/div>\n<div class=\"csColumn\" style=\"margin: 0px; padding: 0px; float: left; width: 49.3%;\" data-csstartpoint=\"507\" data-csendpoint=\"1000\" data-cswidth=\"49.3%\" data-csid=\"56e6cac6-63f3-6945-9ddf-f20a5ec7912c\">\n<h1><span style=\"color: #11568c; line-height: 35px;\">FOTOKER<\/span><\/h1>\n<p><span style=\"color: #11568c;\">Gama FOTOKER<\/span><br \/>\nTubo de 50 ml. Dispositivo m\u00e9dico.<\/p>\n<p><br \/>\nPrevenci\u00f3n y reparaci\u00f3n del da\u00f1o solar (da\u00f1o act\u00ednico). Crema dermatol\u00f3gica.<\/p>\n<ul id=\"ulprd\">\n<li><img class=\"logo-prd\" src=\"\/wp-content\/uploads\/2018\/09\/Repare_ADN.png\" alt=\"Reparar_ADN\" width=\"50\"><br \/>\nREPARE<\/li>\n<li><img class=\"logo-prd\" src=\"\/wp-content\/uploads\/2018\/09\/Protege-des-UV.png\" alt=\"Protecci\u00f3n UV\" width=\"50\"><br \/>\nFPS 50+.<\/li>\n<li><img class=\"logo-prd\" src=\"\/wp-content\/uploads\/2018\/09\/uvb_uva.png\" alt=\"uvb_uva\" width=\"50\"><br \/>\nPROTECCI\u00d3N UVA\/UVB<\/li>\n<li><img class=\"logo-prd\" src=\"\/wp-content\/uploads\/2018\/09\/Hydrate.png\" alt=\"Hidrata\" width=\"50\"><br \/>\nHIDRATACI\u00d3N<\/li>\n<\/ul>\n<ul id=\"ulprd-link\">\n<li><a href=\"https:\/\/fotoker.fr\/produit\/fotoker-creme-dermatologique\/\"><img class=\"img1\" src=\"\/wp-content\/uploads\/2018\/11\/caddie-copy.png\" alt=\"comprar\">Pedir en l\u00ednea<\/a><\/li>\n<li><a href=\"https:\/\/hyfac.fr\/es\/pres-de-chez-vous\/\"><img class=\"img2\" src=\"\/wp-content\/uploads\/2018\/06\/logo-map-e1530138886120.png\" alt=\"loc\">Encontrar un punto de venta<\/a><\/li>\n<\/ul>\n<ul id=\"ulprd-link\">\n<li class=\"infotri\"><span class=\"spantri\">Descubra nuestras instrucciones de clasificaci\u00f3n<\/span><br \/>\n<img class=\"imgtri\" src=\"https:\/\/hyfac.fr\/wp-content\/uploads\/2020\/12\/FOTOKER.png\"><\/li>\n<\/ul>\n<\/div>\n<div style=\"clear: both; float: none; display: block; visibility: hidden; width: 0px; font-size: 0px; line-height: 0;\">&nbsp;<\/div>\n<\/div>\n<\/div>\n<div id=\"descript-prd\">La crema dermatol\u00f3gica FOTOKER aporta <strong>doble acci\u00f3n preventiva<\/strong> a la piel. Forma una pel\u00edcula protectora sobre la piel y proporciona protecci\u00f3n solar contra los rayos UVA y UVB. Por tanto, limita la penetraci\u00f3n de los rayos UV y tambi\u00e9n repara las alteraciones celulares causadas por los rayos UV que han escapado a esta primera barrera (fotoliasa). FOTOKER combina una enzima, la <strong>fotoliasa<\/strong> a <strong>protectores solares de amplio espectro<\/strong> (protecci\u00f3n solar 50+). La fotoliasa tiene la capacidad de reparar instant\u00e1neamente algunos de los da\u00f1os en el ADN de nuestras c\u00e9lulas causados por los rayos UV del sol. Su <strong>textura hidratante<\/strong> y la cobertura garantizan una aplicaci\u00f3n agradable y un cumplimiento \u00f3ptimo.<\/div>\n<div id=\"menu-prdnew\">\n<ul>\n<li><a id=\"lienmenuconseil\" href=\"#prd\">CONSEJO DE USO<\/a><\/li>\n<li><a id=\"lienmenuactifs\" href=\"#conseil-prd\">ACTIVOS<\/a><\/li>\n<li><a id=\"lienmenucmplt\" href=\"#actifs-prd\">PRODUCTOS COMPLEMENTARIOS<\/a><\/li>\n<li><a id=\"lienmenusavoir\" href=\"#cmplt-prd\">CONOZCA M\u00c1S<\/a><\/li>\n<li><a id=\"lienmenucompo\" href=\"#savoir-prd\">COMPOSICI\u00d3N<\/a><\/li>\n<\/ul>\n<\/div>\n<div id=\"conseil-prd\">\n<div class=\"csRow\">\n<div class=\"csColumn\" style=\"margin: 0px; padding: 0px; float: left; width: 70.8%;\" data-csstartpoint=\"0\" data-csendpoint=\"680\" data-cswidth=\"70.8%\" data-csid=\"7ce9a14c-d45b-a3f2-987b-63fd249cc312\">\n<p><span style=\"color: #11568c;\">\u00bfC\u00d3MO APLICAR CORRECTAMENTE LA CREMA DERMATOL\u00d3GICA FOTOKER?<\/span><\/p>\n<p>FOTOKER es un producto sanitario recomendado para la prevenci\u00f3n de las queratosis act\u00ednicas. Se recomienda a las personas que realizan regularmente actividades al aire libre, para prevenir la aparici\u00f3n de da\u00f1os causados por el sol.<\/p>\n<p>Aplicar al menos dos veces al d\u00eda (por la ma\u00f1ana hacia las 10h y por la tarde hacia las 14h) en las zonas expuestas (cara, cr\u00e1neo, cuello, manos). En particular, cuando la piel es asiento de queratosis act\u00ednicas, la aplicaci\u00f3n se har\u00e1 prioritariamente en las zonas de la piel tocadas por \u00e9stas.<\/p>\n<p>Es importante aplicarlo durante todo el a\u00f1o (en todas las estaciones) y no s\u00f3lo durante el verano o cuando el tiempo es soleado.<\/p>\n<\/div>\n<div class=\"csColumnGap\" style=\"margin: 0px; padding: 0px; float: left; width: 1.56%;\"><img style=\"border: none;\" src=\"https:\/\/hyfac.fr\/wp-content\/plugins\/advanced-wp-columns\/assets\/js\/plugins\/views\/img\/1x1-pixel.png\"><\/div>\n<div class=\"csColumn\" style=\"margin: 0px; padding: 0px; float: left; width: 27.6%;\" data-csstartpoint=\"695\" data-csendpoint=\"960\" data-cswidth=\"27.6%\" data-csid=\"2de6301b-fc0e-6c4c-b16e-671973f34d15\">&nbsp;<br \/>\n&nbsp;<br \/>\n&nbsp;<br \/>\n<img loading=\"lazy\" class=\"aligncenter wp-image-5140\" src=\"https:\/\/hyfac.fr\/wp-content\/uploads\/2018\/07\/conseil-250x250.png\" alt=\"\" width=\"180\" height=\"181\" srcset=\"https:\/\/hyfac.fr\/wp-content\/uploads\/2018\/07\/conseil-250x250.png 250w, https:\/\/hyfac.fr\/wp-content\/uploads\/2018\/07\/conseil-298x300.png 298w, https:\/\/hyfac.fr\/wp-content\/uploads\/2018\/07\/conseil.png 308w\" sizes=\"(max-width: 180px) 100vw, 180px\" \/>&nbsp;<\/p>\n<\/div>\n<div style=\"clear: both; float: none; display: block; visibility: hidden; width: 0px; font-size: 0px; line-height: 0;\">&nbsp;<\/div>\n<p><span style=\"color: #11568c;\">\u00bfQu\u00e9 aporta FOTOKER a la prevenci\u00f3n de las queratosis act\u00ednicas?<\/span><br \/>\nUn protector solar, incluso uno de muy amplio espectro, no es una pantalla total. FOTOKER es m\u00e1s que un simple protector solar porque contiene una enzima que tiene la capacidad de reparar instant\u00e1neamente algunos de los da\u00f1os causados al ADN de las c\u00e9lulas de la piel. Esta enzima es la <strong>fotoliasa.<\/strong> Est\u00e1 naturalmente ausente en los seres humanos y presente en muchas especies de plantas y animales. FOTOKER combina la fotoliasa con un protector solar de amplio espectro 50+.<\/p>\n<\/div>\n<\/div>\n<div id=\"actifs-prd\">\n<div class=\"h2prd\">\n<h2><span style=\"color: #11568c;\">ACTIVOS CLAVE<\/span><\/h2>\n<\/div>\n<p><span style=\"color: #11568c;\">Fotoliasa (extracto de plancton)<\/span><br \/>\nLa fotoliasa es una enzima que repara instant\u00e1neamente los da\u00f1os causados por los rayos UV en el ADN de las c\u00e9lulas epid\u00e9rmicas. Esta enzima est\u00e1 ausente de forma natural en los seres humanos y est\u00e1 presente en muchas especies vegetales y animales.<\/p>\n<p><span style=\"color: #11568c;\">Protector solar 50+ de amplio espectro, sin pantallas minerales<\/span><br \/>\nLos protectores solares de amplio espectro proporcionan una alta protecci\u00f3n contra los rayos UVA y UVB.<\/p>\n<\/div>\n<div id=\"cmplt-prd\">\n<div class=\"h2prd\">\n<h2><span style=\"color: #11568c;\">PRODUCTOS COMPLEMENTARIOS<\/span><\/h2>\n<\/div>\n<style type=\"text\/css\">#soliloquy-container-5444 .soliloquy-prev{left: -60px;background-color:#11568C;}#soliloquy-container-5444 .soliloquy-next{right: -60px;background-color:#11568C;}#soliloquy-container-5444 .soliloquy-image{background: #f3f3f3;border: 1px solid #ddd;padding:3px;}#soliloquy-container-5444 .soliloquy-viewport{height: 260px !important;}#soliloquy-container-5444 .soliloquy-caption-bottom{position: relative;}#soliloquy-container-5444 .soliloquy-caption-inside{color:#CEBFB6; text-shadow:none;background:none;}@media only screen and (max-width: 1000px){#soliloquy-container-5444 .soliloquy-prev{left: 0px;}#soliloquy-container-5444 .soliloquy-next{right: 0px;}#soliloquy-container-5444 .soliloquy-viewport{height: 200px;}}<\/style><div class=\"soliloquy-outer-container soliloquy-carousel\" data-soliloquy-loaded=\"0\"><div aria-live=\"polite\" id=\"soliloquy-container-5444\" class=\"soliloquy-container soliloquy-transition-horizontal soliloquy-slide-horizontal soliloquy-arrows-active Produits-complmentaires-Hyfac soliloquy-theme-base\" style=\"max-width:960px;max-height:300px;margin:0 auto 20px;\"><ul id=\"soliloquy-5444\" class=\"soliloquy-slider soliloquy-slides soliloquy-wrap soliloquy-clear\"><li aria-hidden=\"true\" class=\"soliloquy-item soliloquy-item-1 soliloquy-id-5591 soliloquy-image-slide\" draggable=\"false\" style=\"list-style:none;\"><a href=\"https:\/\/hyfac.fr\/es\/nos-gammes\/hydrafac\/creme-legere\/\" class=\"soliloquy-link\" title=\"HYDRAFAC crema hidratante ligera para pieles mixtas\"><img id=\"soliloquy-image-5591\" class=\"soliloquy-image soliloquy-image-1\" src=\"https:\/\/hyfac.fr\/wp-content\/uploads\/2018\/09\/Diapositive24-1-200x200_c.jpeg\" alt=\"HYDRAFAC crema hidratante ligera para pieles mixtas\" \/><\/a><div class=\"soliloquy-caption soliloquy-caption-bottom\"><div class=\"soliloquy-caption-inside\"><p>Crema ligera<\/p><br \/>\n<p style=\"font-size:13px\">Crema hidratante para pieles normales a mixtas<\/p><\/div><\/div><\/li><li aria-hidden=\"true\" class=\"soliloquy-item soliloquy-item-2 soliloquy-id-5592 soliloquy-image-slide\" draggable=\"false\" style=\"list-style:none;\"><a href=\"https:\/\/hyfac.fr\/es\/nos-gammes\/hydrafac\/creme-riche\/\" class=\"soliloquy-link\" title=\"HYDRAFAC crema hidratante rica para pieles secas\"><img id=\"soliloquy-image-5592\" class=\"soliloquy-image soliloquy-image-2\" src=\"https:\/\/hyfac.fr\/wp-content\/uploads\/2018\/09\/Diapositive26-1-200x200_c.jpeg\" alt=\"HYDRAFAC crema hidratante rica para pieles secas\" \/><\/a><div class=\"soliloquy-caption soliloquy-caption-bottom\"><div class=\"soliloquy-caption-inside\"><p>Crema rica<\/p><br \/>\n<p style=\"font-size:13px\">Crema hidratante para pieles secas<\/p><\/div><\/div><\/li><li aria-hidden=\"true\" class=\"soliloquy-item soliloquy-item-3 soliloquy-id-5593 soliloquy-image-slide\" draggable=\"false\" style=\"list-style:none;\"><a href=\"https:\/\/hyfac.fr\/es\/nos-gammes\/hydrafac\/baume-levres\/\" class=\"soliloquy-link\" title=\"B\u00e1lsamo Labial Hidratante HYDRAFAC\"><img id=\"soliloquy-image-5593\" class=\"soliloquy-image soliloquy-image-3\" src=\"https:\/\/hyfac.fr\/wp-content\/uploads\/2018\/09\/Diapositive28-200x200_c.jpeg\" alt=\"B\u00e1lsamo Labial Hidratante HYDRAFAC\" \/><\/a><div class=\"soliloquy-caption soliloquy-caption-bottom\"><div class=\"soliloquy-caption-inside\"><p>B\u00e1lsamo labial<\/p><br \/>\n<p style=\"font-size:13px\">Nutre e hidrata<\/p><\/div><\/div><\/li><li aria-hidden=\"true\" class=\"soliloquy-item soliloquy-item-4 soliloquy-id-5594 soliloquy-image-slide\" draggable=\"false\" style=\"list-style:none;\"><a href=\"https:\/\/hyfac.fr\/es\/nos-gammes\/clarifac-soin-anti-taches\/\" class=\"soliloquy-link\" title=\"Cuidado antimanchas CLARIFAC\"><img id=\"soliloquy-image-5594\" class=\"soliloquy-image soliloquy-image-4\" src=\"https:\/\/hyfac.fr\/wp-content\/uploads\/2018\/09\/Diapositive30-1-200x200_c.jpeg\" alt=\"Cuidado antimanchas CLARIFAC\" \/><\/a><div class=\"soliloquy-caption soliloquy-caption-bottom\"><div class=\"soliloquy-caption-inside\"><p>Cuidado antimanchas<\/p><br \/>\n<p style=\"font-size:13px\">Iguala e ilumina la tez<\/p><\/div><\/div><\/li><\/ul><\/div><noscript><style type=\"text\/css\" scoped>#soliloquy-container-5444{opacity:1}#soliloquy-container-5444 li > .soliloquy-caption{display:none}#soliloquy-container-5444 li:first-child > .soliloquy-caption{display:block}<\/style><div class=\"soliloquy-no-js\" style=\"display:none;visibility:hidden;height:0;line-height:0;opacity:0;\"><img class=\"soliloquy-image soliloquy-no-js-image\" src=\"https:\/\/hyfac.fr\/wp-content\/uploads\/2018\/09\/Diapositive24-1.jpeg\" alt=\"HYDRAFAC crema hidratante ligera para pieles mixtas\" \/><img class=\"soliloquy-image soliloquy-no-js-image\" src=\"https:\/\/hyfac.fr\/wp-content\/uploads\/2018\/09\/Diapositive26-1.jpeg\" alt=\"HYDRAFAC crema hidratante rica para pieles secas\" \/><img class=\"soliloquy-image soliloquy-no-js-image\" src=\"https:\/\/hyfac.fr\/wp-content\/uploads\/2018\/09\/Diapositive28.jpeg\" alt=\"B\u00e1lsamo Labial Hidratante HYDRAFAC\" \/><img class=\"soliloquy-image soliloquy-no-js-image\" src=\"https:\/\/hyfac.fr\/wp-content\/uploads\/2018\/09\/Diapositive30-1.jpeg\" alt=\"Cuidado antimanchas CLARIFAC\" \/><\/div><\/noscript><\/div>\n<\/div>\n<div id=\"savoir-prd\">\n<div class=\"h2prd\">\n<h2><span style=\"color: #11568c;\">CONOZCA M\u00c1S<\/span><\/h2>\n<\/div>\n<div class=\"csRow\">\n<div class=\"csColumn\" style=\"margin: 0px; padding: 0px; float: left; width: 38.6%;\" data-csstartpoint=\"0\" data-csendpoint=\"370.5\" data-cswidth=\"38.6%\" data-csid=\"beb42ad8-6bfd-a029-8282-bd93ae120b4d\"><a href=\"https:\/\/hyfac.fr\/es\/sos-dermato\/4322-keratoses-actiniques-prevention\/\" target=\"_blank\" rel=\"noopener\"><img loading=\"lazy\" class=\"aligncenter wp-image-4342 size-thumbnail\" src=\"https:\/\/hyfac.fr\/wp-content\/uploads\/2018\/03\/banniere_carree_site_hyfac_intro_themes2-250x250.jpg\" alt=\"Queratosis act\u00ednica y prevenci\u00f3n\" width=\"250\" height=\"250\" srcset=\"https:\/\/hyfac.fr\/wp-content\/uploads\/2018\/03\/banniere_carree_site_hyfac_intro_themes2-250x250.jpg 250w, https:\/\/hyfac.fr\/wp-content\/uploads\/2018\/03\/banniere_carree_site_hyfac_intro_themes2-300x300.jpg 300w, https:\/\/hyfac.fr\/wp-content\/uploads\/2018\/03\/banniere_carree_site_hyfac_intro_themes2.jpg 543w\" sizes=\"(max-width: 250px) 100vw, 250px\" \/><\/a><\/div>\n<div class=\"csColumnGap\" style=\"margin: 0px; padding: 0px; float: left; width: 1.56%;\"><img style=\"border: none;\" src=\"https:\/\/hyfac.fr\/wp-content\/plugins\/advanced-wp-columns\/assets\/js\/plugins\/views\/img\/1x1-pixel.png\"><\/div>\n<div class=\"csColumn\" style=\"margin: 0px; padding: 0px; float: left; width: 59.8%;\" data-csstartpoint=\"385.5\" data-csendpoint=\"960\" data-cswidth=\"59.8%\" data-csid=\"56e6cac6-63f3-6945-9ddf-f20a5ec7912c\"><span style=\"color: #11568c;\">\u00bfQu\u00e9 son las queratosis act\u00ednicas?<\/span><br \/>\nEs un nombre poco conocido para uno de los problemas m\u00e1s comunes de la piel.<br \/>\nLas queratosis act\u00ednicas, tambi\u00e9n conocidas como queratosis solares, son lesiones cut\u00e1neas precancerosas. Son precursores de una forma particular de c\u00e1ncer de piel. Las queratosis act\u00ednicas est\u00e1n relacionadas con la exposici\u00f3n cr\u00f3nica o repetida al sol, ya sea en el trabajo (marineros, agricultores, deportistas, trabajadores de la construcci\u00f3n, etc.) o en el ocio (jardiner\u00eda, paseos al sol, ciclismo, etc.). Se producen principalmente en las zonas expuestas (cara, calva, nuca, piernas, escote y manos).<br \/>\nLas queratosis act\u00ednicas son peque\u00f1as lesiones cr\u00f3nicas, de color rosa o marr\u00f3n, escamosas o costrosas, planas o ligeramente elevadas, muy a menudo \u00e1speras al tacto. Son un motivo de consulta muy frecuente en dermatolog\u00eda.<br \/>\nLa queratosis solar no tratada puede persistir, desaparecer espont\u00e1neamente o convertirse en un carcinoma de c\u00e9lulas escamosas (c\u00e1ncer de piel). Se estima que un individuo con m\u00e1s de 10 queratosis act\u00ednicas tiene una probabilidad 10% de desarrollar un carcinoma de c\u00e9lulas escamosas en un plazo de 10 a\u00f1os. La aparici\u00f3n de queratosis act\u00ednicas est\u00e1 directamente relacionada con la exposici\u00f3n al sol, por lo que la prevenci\u00f3n es esencial (ropa, protectores solares de amplio espectro en las zonas expuestas).&nbsp;<\/p>\n<div id=\"savoirplus\"><a href=\"https:\/\/hyfac.fr\/es\/sos-dermato\/4322-keratoses-actiniques-prevention\/\">M\u00e1s informaci\u00f3n sobre la queratosis act\u00ednica y su prevenci\u00f3n<\/a><\/div>\n<\/div>\n<div style=\"clear: both; float: none; display: block; visibility: hidden; width: 0px; font-size: 0px; line-height: 0;\">&nbsp;<\/div>\n<\/div>\n<\/div>\n<div id=\"compo-prd\">\n<div class=\"h2prd\">\n<h2><span style=\"color: #11568c;\">COMPOSICIONES <span style=\"font-size: 14pt;\">\/<\/span> INGREDIENTES<\/span><\/h2>\n<\/div>\n<p><span style=\"color: #cebfb6;\">INCI: AQUA, METILENO BIS-BENZOTRIAZOLIL TETRAMETILBUTILFENOL [NANO], ETILHEXIL METOXICINAMATO, BIS-ETILHEXILOFENOL METOXIFENIL TRIAZINA, DICAPRILIL \u00c9TER, OCTOCRILENO, ETILHEXANOATO DE CETEARILO, CICLOPENTESILOXANO, BUTIL METOXIDIBENZOILMETANO, GLICERINA, ALCOHOL CETEAR\u00cdLICO, ESTEARATO DE GLICERILO, PROPILENGLICOL, DECIL GLUC\u00d3SIDO, TRIACONTANIL PVP, COPOL\u00cdMERO DE ACRILOILDIMETILTAURATO\/VP DE AMONIO, PROTE\u00cdNA DE TRIGO HIDROLIZADA DE PALMITOILO DE POTASIO, FENETIL ALCOHOL, CAPRILIL GLICOL, ACETATO DE TOCOFERILO, EXTRACTO DE PLANCTON, DIAMINOPROPIONOYL TRIPEPTIDE-33, PARFUM, \u00c1CIDO C\u00cdTRICO, LECITINA, GOMA XANTANA, TOCOFEROL, PALMITATO DE ASCORBILO.<\/span><\/p>\n<\/div>","protected":false},"excerpt":{"rendered":"<p>Dispositif m\u00e9dical.<\/p>","protected":false},"author":1,"featured_media":4698,"parent":22,"menu_order":4,"comment_status":"closed","ping_status":"closed","template":"page\/page-template-newprdfotoker.php","meta":{"_mi_skip_tracking":false,"spay_email":""},"_links":{"self":[{"href":"https:\/\/hyfac.fr\/es\/wp-json\/wp\/v2\/pages\/2599"}],"collection":[{"href":"https:\/\/hyfac.fr\/es\/wp-json\/wp\/v2\/pages"}],"about":[{"href":"https:\/\/hyfac.fr\/es\/wp-json\/wp\/v2\/types\/page"}],"author":[{"embeddable":true,"href":"https:\/\/hyfac.fr\/es\/wp-json\/wp\/v2\/users\/1"}],"replies":[{"embeddable":true,"href":"https:\/\/hyfac.fr\/es\/wp-json\/wp\/v2\/comments?post=2599"}],"version-history":[{"count":59,"href":"https:\/\/hyfac.fr\/es\/wp-json\/wp\/v2\/pages\/2599\/revisions"}],"predecessor-version":[{"id":15033,"href":"https:\/\/hyfac.fr\/es\/wp-json\/wp\/v2\/pages\/2599\/revisions\/15033"}],"up":[{"embeddable":true,"href":"https:\/\/hyfac.fr\/es\/wp-json\/wp\/v2\/pages\/22"}],"wp:featuredmedia":[{"embeddable":true,"href":"https:\/\/hyfac.fr\/es\/wp-json\/wp\/v2\/media\/4698"}],"wp:attachment":[{"href":"https:\/\/hyfac.fr\/es\/wp-json\/wp\/v2\/media?parent=2599"}],"curies":[{"name":"wp","href":"https:\/\/api.w.org\/{rel}","templated":true}]}}