{"id":2823,"date":"2018-02-21T01:24:54","date_gmt":"2018-02-21T00:24:54","guid":{"rendered":"http:\/\/hyfac.fr\/?page_id=2823"},"modified":"2022-02-10T02:05:06","modified_gmt":"2022-02-10T01:05:06","slug":"clarifac-soin-anti-taches","status":"publish","type":"page","link":"https:\/\/hyfac.fr\/es\/nos-gammes\/clarifac-soin-anti-taches\/","title":{"rendered":"CLARIFAC - Trastornos de la pigmentaci\u00f3n"},"content":{"rendered":"<p>&nbsp;<\/p>\n<div style=\"width: 960px;\">&nbsp;<\/div>\n<div id=\"prd\">\n<div class=\"csRow\">\n<div class=\"csColumn\" style=\"margin: 0px; padding: 0px; float: left; width: 43%;\" data-csstartpoint=\"0\" data-csendpoint=\"430\" data-cswidth=\"43.0%\" data-csid=\"beb42ad8-6bfd-a029-8282-bd93ae120b4d\">\n<style type=\"text\/css\">#soliloquy-container-5311 .soliloquy-pager{bottom: -30px;}<\/style><div class=\"soliloquy-outer-container\" data-soliloquy-loaded=\"0\"><div aria-live=\"polite\" id=\"soliloquy-container-5311\" class=\"soliloquy-container soliloquy-transition-horizontal soliloquy-slide-horizontal soliloquy-controls-active slider-img-prd soliloquy-theme-base\" style=\"max-width:340px;max-height:538px;margin:0 auto 20px;max-width:100%;max-height:none;\"><ul id=\"soliloquy-5311\" class=\"soliloquy-slider soliloquy-slides soliloquy-wrap soliloquy-clear\"><li aria-hidden=\"true\" class=\"soliloquy-item soliloquy-item-1 soliloquy-id-5547 soliloquy-image-slide\" draggable=\"false\" style=\"list-style:none;\"><img id=\"soliloquy-image-5547\" class=\"soliloquy-image soliloquy-image-1\" src=\"https:\/\/hyfac.fr\/wp-content\/uploads\/2018\/09\/Diapositive29-340x538_c.jpeg\" alt=\"Cuidado antimanchas CLARIFAC\" \/><\/li><li aria-hidden=\"true\" class=\"soliloquy-item soliloquy-item-2 soliloquy-id-5548 soliloquy-image-slide\" draggable=\"false\" style=\"list-style:none;\"><img id=\"soliloquy-image-5548\" class=\"soliloquy-image soliloquy-image-2 soliloquy-preload\" src=\"https:\/\/hyfac.fr\/wp-content\/plugins\/soliloquy\/assets\/css\/images\/holder.gif\" data-soliloquy-src=\"https:\/\/hyfac.fr\/wp-content\/uploads\/2018\/09\/Diapositive30-340x538_c.jpeg\" alt=\"Cuidado antimanchas CLARIFAC\" \/><\/li><\/ul><\/div><noscript><style type=\"text\/css\" scoped>#soliloquy-container-5311{opacity:1}#soliloquy-container-5311 li > .soliloquy-caption{display:none}#soliloquy-container-5311 li:first-child > .soliloquy-caption{display:block}<\/style><div class=\"soliloquy-no-js\" style=\"display:none;visibility:hidden;height:0;line-height:0;opacity:0;\"><img class=\"soliloquy-image soliloquy-no-js-image\" src=\"https:\/\/hyfac.fr\/wp-content\/uploads\/2018\/09\/Diapositive29.jpeg\" alt=\"Cuidado antimanchas CLARIFAC\" \/><img class=\"soliloquy-image soliloquy-no-js-image\" src=\"https:\/\/hyfac.fr\/wp-content\/uploads\/2018\/09\/Diapositive30.jpeg\" alt=\"Cuidado antimanchas CLARIFAC\" \/><\/div><\/noscript><\/div>\n<\/div>\n<div class=\"csColumnGap\" style=\"margin: 0px; padding: 0px; float: left; width: 7.7%;\"><img style=\"border: none;\" src=\"https:\/\/hyfac.fr\/wp-content\/plugins\/advanced-wp-columns\/assets\/js\/plugins\/views\/img\/1x1-pixel.png\"><\/div>\n<div class=\"csColumn\" style=\"margin: 0px; padding: 0px; float: left; width: 49.3%;\" data-csstartpoint=\"507\" data-csendpoint=\"1000\" data-cswidth=\"49.3%\" data-csid=\"56e6cac6-63f3-6945-9ddf-f20a5ec7912c\">\n<h1><span style=\"color: #5e2f24; line-height: 35px;\">tratamiento antimanchas<\/span><\/h1>\n<p><span style=\"color: #5e2f24;\">Gama CLARIFAC<\/span><br \/>\nTubo de 40 ml<\/p>\n<p><br \/>\nCrema unificadora iluminadora SPF30. Reduce la producci\u00f3n de melanina y aclara la tez gracias a su complejo vegetal.<\/p>\n<ul id=\"ulprd\">\n<li><img class=\"logo-prd\" src=\"\/wp-content\/uploads\/2018\/09\/ESTOMPE.png\" alt=\"ESTOMPEO\" width=\"50\"><br \/>\nESTOMPEO<\/li>\n<li><img class=\"logo-prd\" src=\"\/wp-content\/uploads\/2018\/09\/Unifie.png\" alt=\"Unifica\" width=\"50\"><br \/>\nUNIFICADO<\/li>\n<li><img class=\"logo-prd\" src=\"\/wp-content\/uploads\/2018\/09\/Hydrate.png\" alt=\"Hidrata\" width=\"50\"><br \/>\nHIDRATACI\u00d3N<\/li>\n<li><img class=\"logo-prd\" src=\"\/wp-content\/uploads\/2018\/09\/Protege-des-UV.png\" alt=\"Protecci\u00f3n UV\" width=\"50\"><br \/>\nFPS 30<\/li>\n<\/ul>\n<ul id=\"ulprd-link\">\n<li><p class=\"product woocommerce add_to_cart_inline\" style=\"border:4px solid #ccc; padding: 12px;\"><span class=\"woocommerce-Price-amount amount\"><bdi>13,90&nbsp;<span class=\"woocommerce-Price-currencySymbol\">\u20ac<\/span><\/bdi><\/span><a href=\"?add-to-cart=14935\" data-quantity=\"1\" class=\"button product_type_simple add_to_cart_button ajax_add_to_cart\" data-product_id=\"14935\" data-product_sku=\"\" aria-label=\"A\u00f1ade \u201cClarifac - Troubles de la Pigmentation\u201d a tu carrito\" rel=\"nofollow\" data-no-translation=\"\" data-trp-gettext=\"\" data-no-translation-aria-label=\"\">A\u00f1adir al carrito<\/a><\/p><\/li>\n<li>&nbsp;<\/li>\n<li><a href=\"https:\/\/hyfac.fr\/es\/pres-de-chez-vous\/\"><img class=\"img2\" src=\"\/wp-content\/uploads\/2018\/06\/logo-map-e1530138886120.png\" alt=\"loc\">Encontrar un punto de venta<\/a><\/li>\n<\/ul>\n<ul id=\"ulprd-link\">\n<li class=\"infotri\"><span class=\"spantri\">Descubra nuestras instrucciones de clasificaci\u00f3n<\/span><br \/>\n<img class=\"imgtri\" src=\"https:\/\/hyfac.fr\/wp-content\/uploads\/2020\/12\/CLARIFAC.png\"><\/li>\n<\/ul>\n<\/div>\n<div style=\"clear: both; float: none; display: block; visibility: hidden; width: 0px; font-size: 0px; line-height: 0;\">&nbsp;<\/div>\n<\/div>\n<\/div>\n<div id=\"descript-prd\">El tratamiento antimanchas CLARIFAC aclara, <strong>une<\/strong> y restablece la luminosidad natural de la piel. Su <strong>activos de la planta<\/strong> act\u00faan en el coraz\u00f3n de la piel para regular la producci\u00f3n de melanina, responsable de los trastornos de la pigmentaci\u00f3n. Combinado con un <strong>protecci\u00f3n solar SPF30<\/strong>El tratamiento aclarante CLARIFAC ayuda a que desaparezcan las manchas marrones (lentigo, melasma, cicatrices), unificando e iluminando la tez. En pocas semanas, las manchas se reducen visiblemente en tama\u00f1o e intensidad a 75%*.<\/div>\n<div id=\"menu-prdnew\">\n<ul>\n<li><a id=\"lienmenuconseil\" href=\"#prd\">CONSEJO DE USO<\/a><\/li>\n<li><a id=\"lienmenuactifs\" href=\"#conseil-prd\">ACTIVOS<\/a><\/li>\n<li><a id=\"lienmenucmplt\" href=\"#actifs-prd\">PRODUCTOS COMPLEMENTARIOS<\/a><\/li>\n<li><a id=\"lienmenusavoir\" href=\"#cmplt-prd\">CONOZCA M\u00c1S<\/a><\/li>\n<li><a id=\"lienmenucompo\" href=\"#savoir-prd\">COMPOSICI\u00d3N<\/a><\/li>\n<\/ul>\n<\/div>\n<div id=\"conseil-prd\">\n<div class=\"csRow\">\n<div class=\"csColumn\" style=\"margin: 0px; padding: 0px; float: left; width: 70.8%;\" data-csstartpoint=\"0\" data-csendpoint=\"680\" data-cswidth=\"70.8%\" data-csid=\"7ce9a14c-d45b-a3f2-987b-63fd249cc312\">\n<p><span style=\"color: #5e2f24;\">\u00bfC\u00d3MO UTILIZAR EL CUIDADO ANTIMANCHAS CLARIFAC?<\/span><\/p>\n<p>Aplicar el tratamiento antimanchas CLARIFAC en el rostro y el cuello despu\u00e9s de la limpieza y el secado. Utilizar dos veces al d\u00eda, idealmente por la ma\u00f1ana y al mediod\u00eda, evitando el \u00e1rea de los ojos.<\/p>\n<p>La crema aclarante CLARIFAC contiene un complejo vegetal que act\u00faa en el coraz\u00f3n de las manchas para reducir su tama\u00f1o e intensidad. Su FPS 30 protege la piel de los rayos UV y previene la aparici\u00f3n de nuevas manchas pigmentadas.<\/p>\n<\/div>\n<div class=\"csColumnGap\" style=\"margin: 0px; padding: 0px; float: left; width: 1.56%;\"><img style=\"border: none;\" src=\"https:\/\/hyfac.fr\/wp-content\/plugins\/advanced-wp-columns\/assets\/js\/plugins\/views\/img\/1x1-pixel.png\"><\/div>\n<div class=\"csColumn\" style=\"margin: 0px; padding: 0px; float: left; width: 27.6%;\" data-csstartpoint=\"695\" data-csendpoint=\"960\" data-cswidth=\"27.6%\" data-csid=\"2de6301b-fc0e-6c4c-b16e-671973f34d15\">\n<p><img loading=\"lazy\" class=\"aligncenter wp-image-5140\" src=\"https:\/\/hyfac.fr\/wp-content\/uploads\/2018\/07\/conseil-250x250.png\" alt=\"\" width=\"180\" height=\"181\" srcset=\"https:\/\/hyfac.fr\/wp-content\/uploads\/2018\/07\/conseil-250x250.png 250w, https:\/\/hyfac.fr\/wp-content\/uploads\/2018\/07\/conseil-298x300.png 298w, https:\/\/hyfac.fr\/wp-content\/uploads\/2018\/07\/conseil.png 308w\" sizes=\"(max-width: 180px) 100vw, 180px\" \/><\/p>\n<\/div>\n<div style=\"clear: both; float: none; display: block; visibility: hidden; width: 0px; font-size: 0px; line-height: 0;\">&nbsp;<\/div>\n<\/div>\n<\/div>\n<div id=\"actifs-prd\">\n<div class=\"h2prd\">\n<h2><span style=\"color: #5e2f24;\">ACTIVOS CLAVE<\/span><\/h2>\n<\/div>\n<p><span style=\"color: #5e2f24;\">Dictyopteris membranacea<\/span><br \/>\nReduce la producci\u00f3n de melanina y aclara la tez.<br \/>\nDictyopteris membranacea es un alga marina que act\u00faa sobre las 3 etapas clave del mecanismo de pigmentaci\u00f3n de la piel: la melanog\u00e9nesis.<\/p>\n<ol>\n<li>Inhibe la melanog\u00e9nesis: Inhibe la liberaci\u00f3n de endotelina.<\/li>\n<li>S\u00edntesis de melanina: Inhibe los 2 genes implicados en la maduraci\u00f3n del melanosoma.<\/li>\n<li>Migraci\u00f3n y transferencia de melanina: Inhibe los genes implicados en el transporte de melanina.<\/li>\n<\/ol>\n<\/div>\n<div id=\"cmplt-prd\">\n<div class=\"h2prd\">\n<h2><span style=\"color: #5e2f24;\">PRODUCTOS COMPLEMENTARIOS<\/span><\/h2>\n<\/div>\n<style type=\"text\/css\">#soliloquy-container-5442 .soliloquy-prev{left: -60px;background-color:#5E2F24;}#soliloquy-container-5442 .soliloquy-next{right: -60px;background-color:#5E2F24;}#soliloquy-container-5442 .soliloquy-image{background: #f3f3f3;border: 1px solid #ddd;padding:3px;}#soliloquy-container-5442 .soliloquy-viewport{height: 260px !important;}#soliloquy-container-5442 .soliloquy-caption-bottom{position: relative;}#soliloquy-container-5442 .soliloquy-caption-inside{color:#CEBFB6; text-shadow:none;background:none;}@media only screen and (max-width: 1000px){#soliloquy-container-5442 .soliloquy-prev{left: 0px;}#soliloquy-container-5442 .soliloquy-next{right: 0px;}#soliloquy-container-5442 .soliloquy-viewport{height: 200px;}}<\/style><div class=\"soliloquy-outer-container soliloquy-carousel\" data-soliloquy-loaded=\"0\"><div aria-live=\"polite\" id=\"soliloquy-container-5442\" class=\"soliloquy-container soliloquy-transition-horizontal soliloquy-slide-horizontal soliloquy-arrows-active Produits-complmentaires-Hyfac soliloquy-theme-base\" style=\"max-width:960px;max-height:300px;margin:0 auto 20px;\"><ul id=\"soliloquy-5442\" class=\"soliloquy-slider soliloquy-slides soliloquy-wrap soliloquy-clear\"><li aria-hidden=\"true\" class=\"soliloquy-item soliloquy-item-1 soliloquy-id-5598 soliloquy-image-slide\" draggable=\"false\" style=\"list-style:none;\"><a href=\"https:\/\/hyfac.fr\/es\/nos-gammes\/hydrafac\/creme-legere\/\" class=\"soliloquy-link\" title=\"HYDRAFAC crema hidratante ligera para pieles normales y mixtas\"><img id=\"soliloquy-image-5598\" class=\"soliloquy-image soliloquy-image-1\" src=\"https:\/\/hyfac.fr\/wp-content\/uploads\/2018\/09\/Diapositive24-2-200x200_c.jpeg\" alt=\"HYDRAFAC crema hidratante ligera para pieles normales y mixtas\" \/><\/a><div class=\"soliloquy-caption soliloquy-caption-bottom\"><div class=\"soliloquy-caption-inside\"><p>Crema ligera<\/p><br \/>\n<p style=\"font-size:13px\">Crema hidratante para pieles normales a mixtas<\/p><\/div><\/div><\/li><li aria-hidden=\"true\" class=\"soliloquy-item soliloquy-item-2 soliloquy-id-5600 soliloquy-image-slide\" draggable=\"false\" style=\"list-style:none;\"><a href=\"https:\/\/hyfac.fr\/es\/nos-gammes\/hydrafac\/creme-riche\/\" class=\"soliloquy-link\" title=\"HYDRAFAC crema hidratante rica para pieles secas\"><img id=\"soliloquy-image-5600\" class=\"soliloquy-image soliloquy-image-2\" src=\"https:\/\/hyfac.fr\/wp-content\/uploads\/2018\/09\/Diapositive26-3-200x200_c.jpeg\" alt=\"HYDRAFAC crema hidratante rica para pieles secas\" \/><\/a><div class=\"soliloquy-caption soliloquy-caption-bottom\"><div class=\"soliloquy-caption-inside\"><p>Crema rica<\/p><br \/>\n<p style=\"font-size:13px\">Crema hidratante para pieles secas<\/p><\/div><\/div><\/li><li aria-hidden=\"true\" class=\"soliloquy-item soliloquy-item-3 soliloquy-id-5601 soliloquy-image-slide\" draggable=\"false\" style=\"list-style:none;\"><a href=\"https:\/\/hyfac.fr\/es\/nos-gammes\/hydrafac\/baume-levres\/\" class=\"soliloquy-link\" title=\"B\u00e1lsamo Labial Hidratante HYDRAFAC\"><img id=\"soliloquy-image-5601\" class=\"soliloquy-image soliloquy-image-3\" src=\"https:\/\/hyfac.fr\/wp-content\/uploads\/2018\/09\/Diapositive28-1-200x200_c.jpeg\" alt=\"B\u00e1lsamo Labial Hidratante HYDRAFAC\" \/><\/a><div class=\"soliloquy-caption soliloquy-caption-bottom\"><div class=\"soliloquy-caption-inside\"><p>B\u00e1lsamo labial<\/p><br \/>\n<p style=\"font-size:13px\">Nutre e hidrata<\/p><\/div><\/div><\/li><li aria-hidden=\"true\" class=\"soliloquy-item soliloquy-item-4 soliloquy-id-5595 soliloquy-image-slide\" draggable=\"false\" style=\"list-style:none;\"><a href=\"https:\/\/hyfac.fr\/es\/nos-gammes\/hyfac-woman\/soin-global\/\" class=\"soliloquy-link\" title=\"HYFAC WOMAN cuidado global antiimperfecciones para mujeres con acn\u00e9\"><img id=\"soliloquy-image-5595\" class=\"soliloquy-image soliloquy-image-4\" src=\"https:\/\/hyfac.fr\/wp-content\/uploads\/2018\/09\/Diapositive15-1-200x200_c.jpeg\" alt=\"HYFAC WOMAN cuidado global antiimperfecciones para mujeres con acn\u00e9\" \/><\/a><div class=\"soliloquy-caption soliloquy-caption-bottom\"><div class=\"soliloquy-caption-inside\"><p>Atenci\u00f3n global<\/p><br \/>\n<p style=\"font-size:13px\">Reduce las manchas e hidrata<\/p><\/div><\/div><\/li><li aria-hidden=\"true\" class=\"soliloquy-item soliloquy-item-5 soliloquy-id-5596 soliloquy-image-slide\" draggable=\"false\" style=\"list-style:none;\"><a href=\"https:\/\/hyfac.fr\/es\/nos-gammes\/hyfac-woman\/gommage-douceur\/\" class=\"soliloquy-link\" title=\"HYFAC WOMAN Exfoliante Suave Limpia\"><img id=\"soliloquy-image-5596\" class=\"soliloquy-image soliloquy-image-5\" src=\"https:\/\/hyfac.fr\/wp-content\/uploads\/2018\/09\/Diapositive17-200x200_c.jpeg\" alt=\"HYFAC WOMAN Exfoliante Suave Limpia\" \/><\/a><div class=\"soliloquy-caption soliloquy-caption-bottom\"><div class=\"soliloquy-caption-inside\"><p>Exfoliante suave<\/p><br \/>\n<p style=\"font-size:13px\">Aclara y devuelve la luminosidad<\/p><\/div><\/div><\/li><li aria-hidden=\"true\" class=\"soliloquy-item soliloquy-item-6 soliloquy-id-5597 soliloquy-image-slide\" draggable=\"false\" style=\"list-style:none;\"><a href=\"https:\/\/hyfac.fr\/es\/nos-gammes\/hyfac-woman\/eau-micellaire\/\" class=\"soliloquy-link\" title=\"HYFAC WOMAN El agua micelar limpia y desmaquilla\"><img id=\"soliloquy-image-5597\" class=\"soliloquy-image soliloquy-image-6\" src=\"https:\/\/hyfac.fr\/wp-content\/uploads\/2018\/09\/Diapositive19-1-200x200_c.jpeg\" alt=\"HYFAC WOMAN El agua micelar limpia y desmaquilla\" \/><\/a><div class=\"soliloquy-caption soliloquy-caption-bottom\"><div class=\"soliloquy-caption-inside\"><p>Agua micelar<\/p><br \/>\n<p style=\"font-size:13px\">Limpia y desmaquilla<\/p><\/div><\/div><\/li><li aria-hidden=\"true\" class=\"soliloquy-item soliloquy-item-7 soliloquy-id-15334 soliloquy-image-slide\" draggable=\"false\" style=\"list-style:none;\"><a href=\"https:\/\/hyfac.fr\/es\/nos-gammes\/hyfac-woman\/active-mask\/\" class=\"soliloquy-link\" title=\"HYFAC WOMAN Active Mask tratamiento del acn\u00e9 para mujeres\"><img id=\"soliloquy-image-15334\" class=\"soliloquy-image soliloquy-image-7\" src=\"https:\/\/hyfac.fr\/wp-content\/uploads\/2022\/02\/Sans-titre-61-200x200_c.jpeg\" alt=\"HYFAC WOMAN Active Mask tratamiento del acn\u00e9 para mujeres\" \/><\/a><div class=\"soliloquy-caption soliloquy-caption-bottom\"><div class=\"soliloquy-caption-inside\"><p>M\u00e1scara activa<\/p><br \/>\n<p style=\"font-size:13px\">Tratamiento del acn\u00e9 en mujeres adultas<\/p><\/div><\/div><\/li><\/ul><\/div><noscript><style type=\"text\/css\" scoped>#soliloquy-container-5442{opacity:1}#soliloquy-container-5442 li > .soliloquy-caption{display:none}#soliloquy-container-5442 li:first-child > .soliloquy-caption{display:block}<\/style><div class=\"soliloquy-no-js\" style=\"display:none;visibility:hidden;height:0;line-height:0;opacity:0;\"><img class=\"soliloquy-image soliloquy-no-js-image\" src=\"https:\/\/hyfac.fr\/wp-content\/uploads\/2018\/09\/Diapositive24-2.jpeg\" alt=\"HYDRAFAC crema hidratante ligera para pieles normales y mixtas\" \/><img class=\"soliloquy-image soliloquy-no-js-image\" src=\"https:\/\/hyfac.fr\/wp-content\/uploads\/2018\/09\/Diapositive26-3.jpeg\" alt=\"HYDRAFAC crema hidratante rica para pieles secas\" \/><img class=\"soliloquy-image soliloquy-no-js-image\" src=\"https:\/\/hyfac.fr\/wp-content\/uploads\/2018\/09\/Diapositive28-1.jpeg\" alt=\"B\u00e1lsamo Labial Hidratante HYDRAFAC\" \/><img class=\"soliloquy-image soliloquy-no-js-image\" src=\"https:\/\/hyfac.fr\/wp-content\/uploads\/2018\/09\/Diapositive15-1.jpeg\" alt=\"HYFAC WOMAN cuidado global antiimperfecciones para mujeres con acn\u00e9\" \/><img class=\"soliloquy-image soliloquy-no-js-image\" src=\"https:\/\/hyfac.fr\/wp-content\/uploads\/2018\/09\/Diapositive17.jpeg\" alt=\"HYFAC WOMAN Exfoliante Suave Limpia\" \/><img class=\"soliloquy-image soliloquy-no-js-image\" src=\"https:\/\/hyfac.fr\/wp-content\/uploads\/2018\/09\/Diapositive19-1.jpeg\" alt=\"HYFAC WOMAN El agua micelar limpia y desmaquilla\" \/><img class=\"soliloquy-image soliloquy-no-js-image\" src=\"https:\/\/hyfac.fr\/wp-content\/uploads\/2022\/02\/Sans-titre-61.jpeg\" alt=\"HYFAC WOMAN Active Mask tratamiento del acn\u00e9 para mujeres\" \/><\/div><\/noscript><\/div>\n<\/div>\n<div id=\"savoir-prd\">\n<div class=\"h2prd\">\n<h2><span style=\"color: #5e2f24;\">CONOZCA M\u00c1S<\/span><\/h2>\n<\/div>\n<div class=\"csRow\">\n<div class=\"csColumn\" style=\"margin: 0px; padding: 0px; float: left; width: 38.6%;\" data-csstartpoint=\"0\" data-csendpoint=\"370.5\" data-cswidth=\"38.6%\" data-csid=\"beb42ad8-6bfd-a029-8282-bd93ae120b4d\"><a href=\"https:\/\/hyfac.fr\/es\/sos-dermato\/4328-hyperpigmentation-taches-cutanees\/\" target=\"_blank\" rel=\"noopener\"><img loading=\"lazy\" class=\"aligncenter wp-image-4348 size-thumbnail\" src=\"https:\/\/hyfac.fr\/wp-content\/uploads\/2018\/03\/banniere_carree_site_hyfac_intro_themes8-250x250.jpg\" alt=\"Hiperpigmentaci\u00f3n\" width=\"250\" height=\"250\" srcset=\"https:\/\/hyfac.fr\/wp-content\/uploads\/2018\/03\/banniere_carree_site_hyfac_intro_themes8-250x250.jpg 250w, https:\/\/hyfac.fr\/wp-content\/uploads\/2018\/03\/banniere_carree_site_hyfac_intro_themes8-300x300.jpg 300w, https:\/\/hyfac.fr\/wp-content\/uploads\/2018\/03\/banniere_carree_site_hyfac_intro_themes8.jpg 543w\" sizes=\"(max-width: 250px) 100vw, 250px\" \/><\/a><\/div>\n<div class=\"csColumnGap\" style=\"margin: 0px; padding: 0px; float: left; width: 1.56%;\"><img style=\"border: none;\" src=\"https:\/\/hyfac.fr\/wp-content\/plugins\/advanced-wp-columns\/assets\/js\/plugins\/views\/img\/1x1-pixel.png\"><\/div>\n<div class=\"csColumn\" style=\"margin: 0px; padding: 0px; float: left; width: 59.8%;\" data-csstartpoint=\"385.5\" data-csendpoint=\"960\" data-cswidth=\"59.8%\" data-csid=\"56e6cac6-63f3-6945-9ddf-f20a5ec7912c\"><span style=\"color: #5e2f24;\">\u00bfPara qui\u00e9n es Clarifac?<\/span><br \/>\nEl tratamiento antimanchas CLARIFAC se recomienda para las pieles con manchas marrones. Estas manchas, presentes sobre todo en las partes expuestas del cuerpo (cara, escote, manos), son causadas o acentuadas por el sol.<br \/>\nLos m\u00e1s comunes son el lentigo solar. Son peque\u00f1as manchas de color marr\u00f3n oscuro que son m\u00e1s frecuentes en las zonas expuestas al sol. Estas manchas solares son el objetivo principal de CLARIFAC.<br \/>\nLa hiperpigmentaci\u00f3n postinflamatoria tambi\u00e9n es el objetivo de CLARIFAC. Se trata de manchas marrones resultantes de la inflamaci\u00f3n de la piel: pueden aparecer tras una infecci\u00f3n cut\u00e1nea, una alergia cut\u00e1nea, una reacci\u00f3n al sol o una lesi\u00f3n en la piel expuesta al sol. Los granos de acn\u00e9 tambi\u00e9n pueden dejar cicatrices de acn\u00e9 en forma de manchas marrones.<br \/>\nEl melasma es una forma de pigmentaci\u00f3n dif\u00edcil de eliminar. Aparece principalmente durante el embarazo o durante un tratamiento hormonal (p\u00edldora) asociado al sol. Son manchas marrones con bordes irregulares, de color marr\u00f3n claro a marr\u00f3n muy oscuro. Generalmente se localiza en la frente, las mejillas y a veces en el labio superior, de forma sim\u00e9trica. S\u00f3lo se puede reducir el pigmento presente en la epidermis mediante el uso de CLARIFAC. Ninguna crema cosm\u00e9tica puede hacer desaparecer el pigmento de la dermis.&nbsp;<\/p>\n<div id=\"savoirplus\"><a href=\"https:\/\/hyfac.fr\/es\/sos-dermato\/4328-hyperpigmentation-taches-cutanees\/\">M\u00e1s informaci\u00f3n sobre la hiperpigmentaci\u00f3n<\/a><\/div>\n<\/div>\n<div style=\"clear: both; float: none; display: block; visibility: hidden; width: 0px; font-size: 0px; line-height: 0;\">&nbsp;<\/div>\n<\/div>\n<\/div>\n<div id=\"compo-prd\">\n<div class=\"h2prd\">\n<h2><span style=\"color: #5e2f24;\">COMPOSICIONES <span style=\"font-size: 14pt;\">\/<\/span> INGREDIENTES<\/span><\/h2>\n<\/div>\n<p><span style=\"color: #cebfb6;\">INCI : AQUA (AGUA) \/ EAU, OCTOCRILENO, CARBONATO DE DICAPRILILO, GLICERINA, METILENO BIS-BENZOTRIAZOLIL TETRAMETILBUTILFENOL [NANO], CICLOPENTASILOXANO, PENTILENGLICOL, BIS-ETILHEXILOFENOL METOXIFENIL TRIAZINA, ERUCATO DE OLEILO, ALCOHOL CETEAR\u00cdLICO, CI 77891 (DI\u00d3XIDO DE TITANIO), COCO-GLUCOSIDE, MARIS AQUA (AGUA DE MAR) \/ EAU DE MER, ISOPROPYL ISOSTEARATE, DECYL GLUCOSIDE, PARFUM (FRAGANCIA), DIPHENYL DIMETHICONE, HYDROXYETHYL ACRYLATE\/SODIUM ACRYLOYLDIMETHYL TAURATE COPOLYMER, ACETATO DE TOCOFERILO, MANTECA DE BUTYROSPERMUM PARKII (SHEA), ESQUALANO, GOMA DE XANTO, DIMETICONA, DIACETATO DE GLUTAMATO DE TETRASODIO, BENZOATO DE SODIO, \u00c1CIDO ESTE\u00c1RICO, \u00c1CIDO C\u00cdTRICO, S\u00cdLICE, o-CYMEN-5-OL, \u00c1CIDO POLIHIDROXISTE\u00c1RICO, POLISORBATO 60, AL\u00daMINA, TETRAISOPALMITATO DE ASCORBILO, EXTRACTO DE ALGAS, PROPILENGLICOL, EXTRACTO DE FLOR DE LILIUM CANDIDUM, ISOESTEARATO DE SORBIT\u00c1N, EXTRACTO DE FLOR DE PRUNUS CERASUS (CEREZA AMARGA), TOCOFEROL, SORBATO DE POTASIO.<\/span><\/p>\n<\/div>","protected":false},"excerpt":{"rendered":"<p>Estompe les taches pigment\u00e9es, donne de l\u2019\u00e9clat.<\/p>","protected":false},"author":1,"featured_media":2824,"parent":22,"menu_order":5,"comment_status":"closed","ping_status":"closed","template":"page\/page-template-newprdclarifac.php","meta":{"_mi_skip_tracking":false,"spay_email":""},"_links":{"self":[{"href":"https:\/\/hyfac.fr\/es\/wp-json\/wp\/v2\/pages\/2823"}],"collection":[{"href":"https:\/\/hyfac.fr\/es\/wp-json\/wp\/v2\/pages"}],"about":[{"href":"https:\/\/hyfac.fr\/es\/wp-json\/wp\/v2\/types\/page"}],"author":[{"embeddable":true,"href":"https:\/\/hyfac.fr\/es\/wp-json\/wp\/v2\/users\/1"}],"replies":[{"embeddable":true,"href":"https:\/\/hyfac.fr\/es\/wp-json\/wp\/v2\/comments?post=2823"}],"version-history":[{"count":37,"href":"https:\/\/hyfac.fr\/es\/wp-json\/wp\/v2\/pages\/2823\/revisions"}],"predecessor-version":[{"id":15032,"href":"https:\/\/hyfac.fr\/es\/wp-json\/wp\/v2\/pages\/2823\/revisions\/15032"}],"up":[{"embeddable":true,"href":"https:\/\/hyfac.fr\/es\/wp-json\/wp\/v2\/pages\/22"}],"wp:featuredmedia":[{"embeddable":true,"href":"https:\/\/hyfac.fr\/es\/wp-json\/wp\/v2\/media\/2824"}],"wp:attachment":[{"href":"https:\/\/hyfac.fr\/es\/wp-json\/wp\/v2\/media?parent=2823"}],"curies":[{"name":"wp","href":"https:\/\/api.w.org\/{rel}","templated":true}]}}