{"id":4907,"date":"2018-06-26T12:45:16","date_gmt":"2018-06-26T10:45:16","guid":{"rendered":"https:\/\/hyfac.fr\/?page_id=4907"},"modified":"2018-06-26T13:03:17","modified_gmt":"2018-06-26T11:03:17","slug":"plan-du-site","status":"publish","type":"page","link":"https:\/\/hyfac.fr\/es\/plan-du-site\/","title":{"rendered":"Mapa del sitio"},"content":{"rendered":"<p><strong><div class=\"wsp-container\"><h2 class=\"wsp-pages-title\" data-no-translation=\"\" data-trp-gettext=\"\">P\u00e1ginas<\/h2>\n<ul class=\"wsp-pages-list\">\n<li class=\"page_item page-item-2\"><a href=\"https:\/\/hyfac.fr\/es\/\">Inicio<\/a><\/li>\n<li class=\"page_item page-item-14911\"><a href=\"https:\/\/hyfac.fr\/es\/boutique\/\">Boutique<\/a><\/li>\n<li class=\"page_item page-item-14998\"><a href=\"https:\/\/hyfac.fr\/es\/cgv\/\">CONDICIONES GENERALES<\/a><\/li>\n<li class=\"page_item page-item-14914\"><a href=\"https:\/\/hyfac.fr\/es\/mon-compte\/\">Mi cuenta<\/a><\/li>\n<li class=\"page_item page-item-14912\"><a href=\"https:\/\/hyfac.fr\/es\/panier\/\">Cesta<\/a><\/li>\n<li class=\"page_item page-item-14913\"><a href=\"https:\/\/hyfac.fr\/es\/commander\/\">Validation de la commande<\/a><\/li>\n<li class=\"page_item page-item-22 page_item_has_children\"><a href=\"https:\/\/hyfac.fr\/es\/nos-gammes\/\">Nuestras gamas<\/a>\n<ul class='children'>\n\t<li class=\"page_item page-item-54 page_item_has_children\"><a href=\"https:\/\/hyfac.fr\/es\/nos-gammes\/hyfac-classique\/\">HYFAC ORIGINAL - Pieles j\u00f3venes con imperfecciones<\/a>\n\t<ul class='children'>\n\t\t<li class=\"page_item page-item-1396\"><a href=\"https:\/\/hyfac.fr\/es\/nos-gammes\/hyfac-classique\/gel-nettoyant-purifiant\/\">Gel limpiador purificante<\/a><\/li>\n\t\t<li class=\"page_item page-item-1415\"><a href=\"https:\/\/hyfac.fr\/es\/nos-gammes\/hyfac-classique\/mousse-nettoyante-exfoliante\/\">Espuma limpiadora exfoliante<\/a><\/li>\n\t\t<li class=\"page_item page-item-1416\"><a href=\"https:\/\/hyfac.fr\/es\/nos-gammes\/hyfac-classique\/pain-nettoyant-purifiant\/\">Barra limpiadora purificadora<\/a><\/li>\n\t\t<li class=\"page_item page-item-1419\"><a href=\"https:\/\/hyfac.fr\/es\/nos-gammes\/hyfac-classique\/soin-global\/\">Atenci\u00f3n global<\/a><\/li>\n\t\t<li class=\"page_item page-item-1422\"><a href=\"https:\/\/hyfac.fr\/es\/nos-gammes\/hyfac-classique\/patchs-anti-imperfections\/\">Parches antiimperfecciones<\/a><\/li>\n\t<\/ul>\n<\/li>\n\t<li class=\"page_item page-item-47 page_item_has_children\"><a href=\"https:\/\/hyfac.fr\/es\/nos-gammes\/hyfac-woman\/\">HYFAC WOMAN - Pieles adultas con imperfecciones<\/a>\n\t<ul class='children'>\n\t\t<li class=\"page_item page-item-1433\"><a href=\"https:\/\/hyfac.fr\/es\/nos-gammes\/hyfac-woman\/eau-micellaire\/\">Agua micelar<\/a><\/li>\n\t\t<li class=\"page_item page-item-2606\"><a href=\"https:\/\/hyfac.fr\/es\/nos-gammes\/hyfac-woman\/active-mask\/\">M\u00e1scara activa<\/a><\/li>\n\t\t<li class=\"page_item page-item-1432\"><a href=\"https:\/\/hyfac.fr\/es\/nos-gammes\/hyfac-woman\/soin-global\/\">Atenci\u00f3n global<\/a><\/li>\n\t<\/ul>\n<\/li>\n\t<li class=\"page_item page-item-56 page_item_has_children\"><a href=\"https:\/\/hyfac.fr\/es\/nos-gammes\/hydrafac\/\">HYDRAFAC - Hidrataci\u00f3n diaria<\/a>\n\t<ul class='children'>\n\t\t<li class=\"page_item page-item-2441\"><a href=\"https:\/\/hyfac.fr\/es\/nos-gammes\/hydrafac\/creme-legere\/\">Crema ligera<\/a><\/li>\n\t<\/ul>\n<\/li>\n\t<li class=\"page_item page-item-2592 page_item_has_children\"><a href=\"https:\/\/hyfac.fr\/es\/nos-gammes\/hyfac-sun\/\">HYFAC SUN - Protecci\u00f3n solar<\/a>\n\t<ul class='children'>\n\t\t<li class=\"page_item page-item-2596\"><a href=\"https:\/\/hyfac.fr\/es\/nos-gammes\/hyfac-sun\/protection-solaire-invisible\/\">Protecci\u00f3n solar invisible<\/a><\/li>\n\t\t<li class=\"page_item page-item-2597\"><a href=\"https:\/\/hyfac.fr\/es\/nos-gammes\/hyfac-sun\/protection-solaire-teintee\/\">Protecci\u00f3n solar tintada<\/a><\/li>\n\t<\/ul>\n<\/li>\n\t<li class=\"page_item page-item-2599\"><a href=\"https:\/\/hyfac.fr\/es\/nos-gammes\/fotoker-creme-dermatologique\/\">FOTOKER - Prevenci\u00f3n y reparaci\u00f3n de da\u00f1os solares<\/a><\/li>\n\t<li class=\"page_item page-item-2823\"><a href=\"https:\/\/hyfac.fr\/es\/nos-gammes\/clarifac-soin-anti-taches\/\">CLARIFAC - Trastornos de la pigmentaci\u00f3n<\/a><\/li>\n<\/ul>\n<\/li>\n<li class=\"page_item page-item-4319\"><a href=\"https:\/\/hyfac.fr\/es\/sos-dermato\/\">SOS Dermato<\/a><\/li>\n<li class=\"page_item page-item-15\"><a href=\"https:\/\/hyfac.fr\/es\/evenements\/\">Eventos<\/a><\/li>\n<li class=\"page_item page-item-24\"><a href=\"https:\/\/hyfac.fr\/es\/le-laboratoire\/\">El laboratorio<\/a><\/li>\n<li class=\"page_item page-item-74\"><a href=\"https:\/\/hyfac.fr\/es\/pres-de-chez-vous\/\">Cerca de ti<\/a><\/li>\n<li class=\"page_item page-item-72\"><a href=\"https:\/\/hyfac.fr\/es\/sur-internet\/\">En Internet<\/a><\/li>\n<li class=\"page_item page-item-20\"><a href=\"https:\/\/hyfac.fr\/es\/informations\/\">Contacte con<\/a><\/li>\n<li class=\"page_item page-item-4307\"><a href=\"https:\/\/hyfac.fr\/es\/vie-privee-mentions-legales\/\">Privacidad e informaci\u00f3n legal<\/a><\/li>\n<li class=\"page_item page-item-4907\"><a href=\"https:\/\/hyfac.fr\/es\/plan-du-site\/\">Mapa del sitio<\/a><\/li>\n<\/ul>\n<\/div><\/strong><\/p>","protected":false},"excerpt":{"rendered":"","protected":false},"author":1,"featured_media":0,"parent":0,"menu_order":10,"comment_status":"closed","ping_status":"closed","template":"","meta":{"_mi_skip_tracking":false,"spay_email":""},"_links":{"self":[{"href":"https:\/\/hyfac.fr\/es\/wp-json\/wp\/v2\/pages\/4907"}],"collection":[{"href":"https:\/\/hyfac.fr\/es\/wp-json\/wp\/v2\/pages"}],"about":[{"href":"https:\/\/hyfac.fr\/es\/wp-json\/wp\/v2\/types\/page"}],"author":[{"embeddable":true,"href":"https:\/\/hyfac.fr\/es\/wp-json\/wp\/v2\/users\/1"}],"replies":[{"embeddable":true,"href":"https:\/\/hyfac.fr\/es\/wp-json\/wp\/v2\/comments?post=4907"}],"version-history":[{"count":6,"href":"https:\/\/hyfac.fr\/es\/wp-json\/wp\/v2\/pages\/4907\/revisions"}],"predecessor-version":[{"id":4913,"href":"https:\/\/hyfac.fr\/es\/wp-json\/wp\/v2\/pages\/4907\/revisions\/4913"}],"wp:attachment":[{"href":"https:\/\/hyfac.fr\/es\/wp-json\/wp\/v2\/media?parent=4907"}],"curies":[{"name":"wp","href":"https:\/\/api.w.org\/{rel}","templated":true}]}}