{"id":56,"date":"2016-04-26T06:05:09","date_gmt":"2016-04-26T04:05:09","guid":{"rendered":"http:\/\/hyfac.fr\/?page_id=56"},"modified":"2018-06-20T11:48:03","modified_gmt":"2018-06-20T09:48:03","slug":"hydrafac","status":"publish","type":"page","link":"https:\/\/hyfac.fr\/es\/nos-gammes\/hydrafac\/","title":{"rendered":"HYDRAFAC - Hidrataci\u00f3n diaria"},"content":{"rendered":"<p><img loading=\"lazy\" class=\"alignleft wp-image-2463\" src=\"http:\/\/hyfac.fr\/wp-content\/uploads\/2018\/02\/logo_hyfac_hydrafac.png\" alt=\"logo hydrafac\" width=\"260\" height=\"220\" srcset=\"https:\/\/hyfac.fr\/wp-content\/uploads\/2018\/02\/logo_hyfac_hydrafac.png 1674w, https:\/\/hyfac.fr\/wp-content\/uploads\/2018\/02\/logo_hyfac_hydrafac-300x253.png 300w, https:\/\/hyfac.fr\/wp-content\/uploads\/2018\/02\/logo_hyfac_hydrafac-1024x865.png 1024w\" sizes=\"(max-width: 260px) 100vw, 260px\" \/><\/p>\n<h1 class=\"entry-title\">Hydrafac - Hidrataci\u00f3n diaria para todo tipo de pieles<\/h1>\n<p style=\"text-align: justify;\">La hidrataci\u00f3n es el gesto diario para preservar un buen equilibrio de la piel. Una piel bien hidratada est\u00e1 protegida y sana.<\/p>\n<p style=\"text-align: justify;\">HYDRAFAC es la gama cuyo objetivo es hidratar diariamente todo tipo de pieles en cualquier circunstancia. Dos alternativas adaptadas a las necesidades de cada uno:<\/p>\n<ul>\n<li style=\"text-align: justify;\">A <a href=\"https:\/\/hyfac.fr\/es\/nos-gammes\/hydrafac\/creme-legere\/\">f\u00f3rmula ligera<\/a> para pieles mixtas, en verano o como base de maquillaje.<\/li>\n<li style=\"text-align: justify;\">A <a href=\"https:\/\/hyfac.fr\/es\/nos-gammes\/hydrafac\/creme-riche\/\">rica f\u00f3rmula<\/a> para pieles secas o en invierno o como crema de noche.<\/li>\n<li style=\"text-align: justify;\">Pero tambi\u00e9n un <a href=\"https:\/\/hyfac.fr\/es\/nos-gammes\/hydrafac\/baume-levres\/\">b\u00e1lsamo labial<\/a> 100% natural.<\/li>\n<\/ul>\n<h2><\/h2>\n<p>&nbsp;<\/p>\n<p>&nbsp;<\/p>\n<p>&nbsp;<\/p>\n<h2 style=\"text-align: center;\">Todos nuestros productos de cuidado de la piel para hidratarla:<\/h2>\n<p>&nbsp;<\/p>","protected":false},"excerpt":{"rendered":"<p>Hydrafac &#8211; Hydratation de toutes les peaux au quotidien L\u2019hydratation est le geste quotidien pour pr\u00e9server un bon \u00e9quilibre de la peau. Une peau bien hydrat\u00e9e est prot\u00e9g\u00e9e et en bonne sant\u00e9. HYDRAFAC est la gamme dont l\u2019objectif est d\u2019hydrater au quotidien toutes les peaux en toutes circonstances. Deux alternatives adapt\u00e9es aux besoins de chacun\u00a0:\u2026 <a class='lire-suite' href=\"https:\/\/hyfac.fr\/es\/nos-gammes\/hydrafac\/\">Leer m\u00e1s &gt;&gt;&gt;<\/a><\/p>","protected":false},"author":1,"featured_media":0,"parent":22,"menu_order":2,"comment_status":"closed","ping_status":"closed","template":"page\/page-template-hydrafac.php","meta":{"_mi_skip_tracking":false,"spay_email":""},"_links":{"self":[{"href":"https:\/\/hyfac.fr\/es\/wp-json\/wp\/v2\/pages\/56"}],"collection":[{"href":"https:\/\/hyfac.fr\/es\/wp-json\/wp\/v2\/pages"}],"about":[{"href":"https:\/\/hyfac.fr\/es\/wp-json\/wp\/v2\/types\/page"}],"author":[{"embeddable":true,"href":"https:\/\/hyfac.fr\/es\/wp-json\/wp\/v2\/users\/1"}],"replies":[{"embeddable":true,"href":"https:\/\/hyfac.fr\/es\/wp-json\/wp\/v2\/comments?post=56"}],"version-history":[{"count":29,"href":"https:\/\/hyfac.fr\/es\/wp-json\/wp\/v2\/pages\/56\/revisions"}],"predecessor-version":[{"id":4886,"href":"https:\/\/hyfac.fr\/es\/wp-json\/wp\/v2\/pages\/56\/revisions\/4886"}],"up":[{"embeddable":true,"href":"https:\/\/hyfac.fr\/es\/wp-json\/wp\/v2\/pages\/22"}],"wp:attachment":[{"href":"https:\/\/hyfac.fr\/es\/wp-json\/wp\/v2\/media?parent=56"}],"curies":[{"name":"wp","href":"https:\/\/api.w.org\/{rel}","templated":true}]}}