{"id":14912,"date":"2022-02-03T01:04:01","date_gmt":"2022-02-03T00:04:01","guid":{"rendered":"https:\/\/hyfac.fr\/panier\/"},"modified":"2022-10-10T20:40:24","modified_gmt":"2022-10-10T18:40:24","slug":"panier","status":"publish","type":"page","link":"https:\/\/hyfac.fr\/fr_fr\/panier\/","title":{"rendered":"Panier"},"content":{"rendered":"\n<p class=\"has-text-align-center has-luminous-vivid-orange-color has-text-color\" style=\"font-style:normal;font-weight:800\">INFO DOM-TOM et hors UE : Des frais de douane \u00e0 charge de l&#8217;acheteur peuvent \u00eatre appliqu\u00e9s en sus. Veuillez verifier les conditions de douane en vigueur dans votre r\u00e9gion.<\/p>\n\n\n\n","protected":false},"excerpt":{"rendered":"<p>INFO DOM-TOM et hors UE : Des frais de douane \u00e0 charge de l&#8217;acheteur peuvent \u00eatre appliqu\u00e9s en sus. Veuillez verifier les conditions de douane en vigueur dans votre r\u00e9gion.<\/p>\n","protected":false},"author":1,"featured_media":0,"parent":0,"menu_order":0,"comment_status":"closed","ping_status":"closed","template":"","meta":{"_mi_skip_tracking":false,"spay_email":""},"_links":{"self":[{"href":"https:\/\/hyfac.fr\/fr_fr\/wp-json\/wp\/v2\/pages\/14912"}],"collection":[{"href":"https:\/\/hyfac.fr\/fr_fr\/wp-json\/wp\/v2\/pages"}],"about":[{"href":"https:\/\/hyfac.fr\/fr_fr\/wp-json\/wp\/v2\/types\/page"}],"author":[{"embeddable":true,"href":"https:\/\/hyfac.fr\/fr_fr\/wp-json\/wp\/v2\/users\/1"}],"replies":[{"embeddable":true,"href":"https:\/\/hyfac.fr\/fr_fr\/wp-json\/wp\/v2\/comments?post=14912"}],"version-history":[{"count":3,"href":"https:\/\/hyfac.fr\/fr_fr\/wp-json\/wp\/v2\/pages\/14912\/revisions"}],"predecessor-version":[{"id":15270,"href":"https:\/\/hyfac.fr\/fr_fr\/wp-json\/wp\/v2\/pages\/14912\/revisions\/15270"}],"wp:attachment":[{"href":"https:\/\/hyfac.fr\/fr_fr\/wp-json\/wp\/v2\/media?parent=14912"}],"curies":[{"name":"wp","href":"https:\/\/api.w.org\/{rel}","templated":true}]}}