{"id":22,"date":"2016-04-20T16:59:25","date_gmt":"2016-04-20T14:59:25","guid":{"rendered":"http:\/\/hyfac.fr\/?page_id=22"},"modified":"2019-06-30T17:46:29","modified_gmt":"2019-06-30T15:46:29","slug":"nos-gammes","status":"publish","type":"page","link":"https:\/\/hyfac.fr\/fr_fr\/nos-gammes\/","title":{"rendered":"Nos Gammes"},"content":{"rendered":"<p style=\"text-align: justify;\"><img loading=\"lazy\" class=\"alignnone size-full wp-image-1598\" src=\"http:\/\/hyfac.fr\/wp-content\/uploads\/2016\/04\/Nos-Gammes.png\" alt=\"Nos-Gammes\" width=\"1776\" height=\"350\" srcset=\"https:\/\/hyfac.fr\/wp-content\/uploads\/2016\/04\/Nos-Gammes.png 1776w, https:\/\/hyfac.fr\/wp-content\/uploads\/2016\/04\/Nos-Gammes-300x59.png 300w, https:\/\/hyfac.fr\/wp-content\/uploads\/2016\/04\/Nos-Gammes-1024x202.png 1024w\" sizes=\"(max-width: 1776px) 100vw, 1776px\" \/><br \/>\n<a href=\"\/nos-gammes\/hyfac-classique\/\"><img loading=\"lazy\" id=\"logo-gamme-1\" class=\"alignleft wp-image-93\" src=\"http:\/\/hyfac.fr\/wp-content\/uploads\/2016\/04\/Logo-hyfac-ok-300x202.png\" alt=\"logo_HW\" width=\"160\" height=\"133\" \/><\/a><br \/>\n<strong>HYFAC ORIGINAL<\/strong>\u00a0est une gamme de soins pour les peaux jeunes \u00e0 imperfections. Avec plus de 30 ans d\u2019exp\u00e9rience, cette gamme est devenue l\u2019une des favorites des dermatologues.<\/p>\n<p><a id=\"link-gamme-classic\" href=\"\/nos-gammes\/hyfac-classique\/\">D\u00e9couvrir les soins &gt;&gt;&gt;<\/a><\/p>\n<p>&nbsp;<\/p>\n<div class=\"hr-hyfac\"><\/div>\n<p>&nbsp;<\/p>\n<p style=\"text-align: justify;\"><a href=\"\/nos-gammes\/hyfac-woman\/\"><img loading=\"lazy\" id=\"logo-gamme-2\" class=\"alignleft wp-image-93\" src=\"http:\/\/hyfac.fr\/wp-content\/uploads\/2016\/04\/logo_HW-300x249.png\" alt=\"logo_HW\" width=\"160\" height=\"133\" srcset=\"https:\/\/hyfac.fr\/wp-content\/uploads\/2016\/04\/logo_HW-300x249.png 300w, https:\/\/hyfac.fr\/wp-content\/uploads\/2016\/04\/logo_HW-1024x851.png 1024w, https:\/\/hyfac.fr\/wp-content\/uploads\/2016\/04\/logo_HW.png 1092w\" sizes=\"(max-width: 160px) 100vw, 160px\" \/><\/a><br \/>\n<strong>HYFAC WOMAN<\/strong>\u00a0est une gamme de soins d\u00e9di\u00e9s aux femmes ayant une peau \u00e0 imperfections. Vous serez conquises par l\u2019efficacit\u00e9 mais aussi par la douceur et le parfum de ces soins qui deviennent un v\u00e9ritable plaisir au quotidien.<\/p>\n<p><a id=\"link-gamme-woman\" href=\"\/nos-gammes\/hyfac-woman\/\">D\u00e9couvrir les soins &gt;&gt;&gt;<\/a><\/p>\n<p>&nbsp;<\/p>\n<div class=\"hr-hyfac\"><\/div>\n<p>&nbsp;<\/p>\n<p style=\"text-align: justify;\"><a href=\"\/nos-gammes\/hydrafac\/\"><img loading=\"lazy\" id=\"logo-gamme-3\" class=\"alignleft wp-image-2463\" src=\"http:\/\/hyfac.fr\/wp-content\/uploads\/2018\/02\/logo_hyfac_hydrafac.png\" alt=\"logo Hydrafac\" width=\"160\" height=\"135\" srcset=\"https:\/\/hyfac.fr\/wp-content\/uploads\/2018\/02\/logo_hyfac_hydrafac.png 1674w, https:\/\/hyfac.fr\/wp-content\/uploads\/2018\/02\/logo_hyfac_hydrafac-300x253.png 300w, https:\/\/hyfac.fr\/wp-content\/uploads\/2018\/02\/logo_hyfac_hydrafac-1024x865.png 1024w\" sizes=\"(max-width: 160px) 100vw, 160px\" \/><\/a><br \/>\n<strong>HYDRAFAC<\/strong>\u00a0est une gamme de produits d&#8217;hydratation pour tous type de peaux, qu&#8217;elles soient s\u00e8ches, normales ou mixtes.\u00a0Elle se compose d&#8217;une cr\u00e8me riche pour l&#8217;hiver, une cr\u00e8me l\u00e9g\u00e8re pour l&#8217;\u00e9t\u00e9 ainsi qu&#8217;un baume \u00e0 l\u00e8vres.<\/p>\n<p><a id=\"link-gamme-hydrafac\" href=\"\/nos-gammes\/hydrafac\/\">D\u00e9couvrir les soins &gt;&gt;&gt;<\/a><\/p>\n<p>&nbsp;<\/p>\n<div class=\"hr-hyfac\"><\/div>\n<p>&nbsp;<\/p>\n<p style=\"text-align: justify;\"><a href=\"\/nos-gammes\/clarifac-soin-anti-taches\/\"><img loading=\"lazy\" id=\"logo-gamme-6\" class=\"alignleft wp-image-2820\" src=\"http:\/\/hyfac.fr\/wp-content\/uploads\/2018\/02\/logo_hyfac_clarifac.jpg\" alt=\"logo_hyfac_clarifac\" width=\"160\" height=\"135\" srcset=\"https:\/\/hyfac.fr\/wp-content\/uploads\/2018\/02\/logo_hyfac_clarifac.jpg 1674w, https:\/\/hyfac.fr\/wp-content\/uploads\/2018\/02\/logo_hyfac_clarifac-300x253.jpg 300w, https:\/\/hyfac.fr\/wp-content\/uploads\/2018\/02\/logo_hyfac_clarifac-1024x865.jpg 1024w\" sizes=\"(max-width: 160px) 100vw, 160px\" \/><\/a><br \/>\n<strong>CLARIFAC<\/strong> est un soin anti-taches sp\u00e9cialement con\u00e7u pour les peaux portant des taches pigment\u00e9es. Gr\u00e2ces \u00e0 ses actifs diff\u00e9rents v\u00e9g\u00e9taux, il \u00e9claircit, hydrate et prot\u00e8ge votre peau au quotidien.<\/p>\n<p><a id=\"link-gamme-clarifac\" href=\"\/nos-gammes\/clarifac-soin-anti-taches\/\">D\u00e9couvrir les soins &gt;&gt;&gt;<\/a><\/p>\n<p>&nbsp;<\/p>\n<div class=\"hr-hyfac\"><\/div>\n<p>&nbsp;<\/p>\n<p style=\"text-align: justify;\"><a href=\"\/nos-gammes\/fotoker-creme-dermatologique\/\"><img loading=\"lazy\" id=\"logo-gamme-5\" class=\"alignleft wp-image-2613\" src=\"http:\/\/hyfac.fr\/wp-content\/uploads\/2018\/02\/logo_hyfac_fotoker.jpg\" alt=\"logo fotoker\" width=\"160\" height=\"135\" srcset=\"https:\/\/hyfac.fr\/wp-content\/uploads\/2018\/02\/logo_hyfac_fotoker.jpg 1674w, https:\/\/hyfac.fr\/wp-content\/uploads\/2018\/02\/logo_hyfac_fotoker-300x253.jpg 300w, https:\/\/hyfac.fr\/wp-content\/uploads\/2018\/02\/logo_hyfac_fotoker-1024x865.jpg 1024w\" sizes=\"(max-width: 160px) 100vw, 160px\" \/><\/a><br \/>\n<strong>FOTOKER<\/strong> (dispositif m\u00e9dical) est un traitement pr\u00e9ventif des dommages caus\u00e9s par le soleil offrant une double action de r\u00e9paration et de pr\u00e9vention en associant la photolyase, enzyme r\u00e9paratrice de l\u2019ADN des cellules de l\u2019\u00e9piderme, \u00e0 un \u00e9cran solaire \u00e0 large spectre.<\/p>\n<p><a id=\"link-gamme-fotoker\" href=\"\/nos-gammes\/fotoker-creme-dermatologique\/\">D\u00e9couvrir les soins &gt;&gt;&gt;<\/a><\/p>\n<p>&nbsp;<\/p>\n<div class=\"hr-hyfac\"><\/div>\n<p>&nbsp;<\/p>\n<p style=\"text-align: justify;\">\n<a href=\"\/nos-gammes\/hyfac-sun\/\"><img loading=\"lazy\" id=\"logo-gamme-5\" class=\"alignleft wp-image-2621\" src=\"https:\/\/hyfac.fr\/wp-content\/uploads\/2018\/02\/logo_hyfac_sun.jpg\" alt=\"logo hyfacsun\" width=\"160\" height=\"135\" srcset=\"https:\/\/hyfac.fr\/wp-content\/uploads\/2018\/02\/logo_hyfac_sun.jpg 1674w, https:\/\/hyfac.fr\/wp-content\/uploads\/2018\/02\/logo_hyfac_sun-300x253.jpg 300w, https:\/\/hyfac.fr\/wp-content\/uploads\/2018\/02\/logo_hyfac_sun-1024x865.jpg 1024w\" sizes=\"(max-width: 160px) 100vw, 160px\" \/><\/a><br \/>\n<strong>HYFAC SUN<\/strong> est une gamme de soins de tr\u00e8s haute protection solaire (SPF 50+) b\u00e9n\u00e9ficiant d\u2019une double efficacit\u00e9. Invisible ou teint\u00e9, nos deux formules prot\u00e8gent la peau contre les rayonnements du soleil (UVB et UVA) et les agressions ext\u00e9rieures gr\u00e2ce \u00e0 leurs propri\u00e9t\u00e9s anti-pollution.<\/p>\n<p><a id=\"link-gamme-hyfacsun\" href=\"\/nos-gammes\/hyfac-sun\/\">D\u00e9couvrir les soins &gt;&gt;&gt;<\/a><\/p>\n","protected":false},"excerpt":{"rendered":"<p>HYFAC ORIGINAL\u00a0est une gamme de soins pour les peaux jeunes \u00e0 imperfections. Avec plus de 30 ans d\u2019exp\u00e9rience, cette gamme est devenue l\u2019une des favorites des dermatologues. D\u00e9couvrir les soins &gt;&gt;&gt; &nbsp; &nbsp; HYFAC WOMAN\u00a0est une gamme de soins d\u00e9di\u00e9s aux femmes ayant une peau \u00e0 imperfections. Vous serez conquises par l\u2019efficacit\u00e9 mais aussi par\u2026 <a class='lire-suite' href=https:\/\/hyfac.fr\/fr_fr\/nos-gammes\/>Lire la suite >>><\/a><\/p>\n","protected":false},"author":1,"featured_media":0,"parent":0,"menu_order":1,"comment_status":"closed","ping_status":"closed","template":"page\/page-template-defaulthyfac.php","meta":{"_mi_skip_tracking":false,"spay_email":""},"_links":{"self":[{"href":"https:\/\/hyfac.fr\/fr_fr\/wp-json\/wp\/v2\/pages\/22"}],"collection":[{"href":"https:\/\/hyfac.fr\/fr_fr\/wp-json\/wp\/v2\/pages"}],"about":[{"href":"https:\/\/hyfac.fr\/fr_fr\/wp-json\/wp\/v2\/types\/page"}],"author":[{"embeddable":true,"href":"https:\/\/hyfac.fr\/fr_fr\/wp-json\/wp\/v2\/users\/1"}],"replies":[{"embeddable":true,"href":"https:\/\/hyfac.fr\/fr_fr\/wp-json\/wp\/v2\/comments?post=22"}],"version-history":[{"count":85,"href":"https:\/\/hyfac.fr\/fr_fr\/wp-json\/wp\/v2\/pages\/22\/revisions"}],"predecessor-version":[{"id":7353,"href":"https:\/\/hyfac.fr\/fr_fr\/wp-json\/wp\/v2\/pages\/22\/revisions\/7353"}],"wp:attachment":[{"href":"https:\/\/hyfac.fr\/fr_fr\/wp-json\/wp\/v2\/media?parent=22"}],"curies":[{"name":"wp","href":"https:\/\/api.w.org\/{rel}","templated":true}]}}