{"id":24,"date":"2016-04-20T16:59:46","date_gmt":"2016-04-20T14:59:46","guid":{"rendered":"http:\/\/hyfac.fr\/?page_id=24"},"modified":"2020-12-08T08:54:00","modified_gmt":"2020-12-08T07:54:00","slug":"le-laboratoire","status":"publish","type":"page","link":"https:\/\/hyfac.fr\/fr_fr\/le-laboratoire\/","title":{"rendered":"Le laboratoire"},"content":{"rendered":"<h1><img loading=\"lazy\" class=\"alignnone size-full wp-image-1596\" src=\"http:\/\/hyfac.fr\/wp-content\/uploads\/2016\/04\/Le-Laboratoire.png\" alt=\"Le-Laboratoire\" width=\"1776\" height=\"350\" srcset=\"https:\/\/hyfac.fr\/wp-content\/uploads\/2016\/04\/Le-Laboratoire.png 1776w, https:\/\/hyfac.fr\/wp-content\/uploads\/2016\/04\/Le-Laboratoire-300x59.png 300w, https:\/\/hyfac.fr\/wp-content\/uploads\/2016\/04\/Le-Laboratoire-1024x202.png 1024w\" sizes=\"(max-width: 1776px) 100vw, 1776px\" \/><\/h1>\n<h2><span style=\"color: #68153d;\">NOS EXPERTS DERMATOLOGUES<\/span><\/h2>\n<div class=\"hr-hyfac hr-hyfac-labo\"><\/div>\n<p style=\"text-align: justify;\"><img loading=\"lazy\" class=\"alignleft size-medium wp-image-1660\" src=\"http:\/\/hyfac.fr\/wp-content\/uploads\/2016\/04\/illus_dermato_hyfac-259x300.png\" alt=\"illus_dermato_hyfac\" width=\"259\" height=\"300\" srcset=\"https:\/\/hyfac.fr\/wp-content\/uploads\/2016\/04\/illus_dermato_hyfac-259x300.png 259w, https:\/\/hyfac.fr\/wp-content\/uploads\/2016\/04\/illus_dermato_hyfac-883x1024.png 883w, https:\/\/hyfac.fr\/wp-content\/uploads\/2016\/04\/illus_dermato_hyfac.png 1545w\" sizes=\"(max-width: 259px) 100vw, 259px\" \/><\/p>\n<p style=\"text-align: justify;\">D\u00e8s la cr\u00e9ation des\u00a0<a href=\"https:\/\/www.moulinroyalcosmetics.com\">Laboratoires Moulin Royal Cosmetics<\/a>, notre souhait a \u00e9t\u00e9 de nouer avec les dermatologues des relations privil\u00e9gi\u00e9es. Nous avons la m\u00eame ligne de conduite\u00a0: r\u00e9pondre aux besoins des patients avec des produits s\u00fbrs, efficaces et bien tol\u00e9r\u00e9s. Au fil des ann\u00e9es, ce partenariat s\u2019amplifia et nous travaillons aujourd\u2019hui main dans la main avec nos dermatologues. Nous d\u00e9veloppons ensemble de nouvelles gammes dermo-cosm\u00e9tiques dans plusieurs domaines (<a href=\"https:\/\/hyfac.fr\/nos-gammes\/hyfac-woman\/\">acn\u00e9 de la femme<\/a>, <a href=\"https:\/\/hyfac.fr\/nos-gammes\/hydrafac\/\">hydratation<\/a>, etc.).<\/p>\n<p style=\"text-align: justify;\">Nous avons \u00e9galement construits avec eux une rubrique \u00ab\u00a0SOS Dermato \u00bb, permettant de r\u00e9pondre aux questions des consommateurs sur la peau. Chaque mois vous trouverez sur notre site et sur nos r\u00e9seaux sociaux des conseils de nos experts dermatologues sur diff\u00e9rents th\u00e8mes\u00a0: acn\u00e9 &amp; <a href=\"https:\/\/hyfac.fr\/conseils-dermato\/1287-lacne-et-lalimentation\/\">alimentation<\/a>, acn\u00e9 &amp; <a href=\"https:\/\/hyfac.fr\/conseils-dermato\/1289-lacne-et-la-contraception\/\">contraception<\/a>, <a href=\"https:\/\/hyfac.fr\/sos-dermato\/4326-hydratation-de-la-peau\/\">hydratation<\/a>, <a href=\"https:\/\/hyfac.fr\/sos-dermato\/4324-le-soleil-et-la-peau\/\">la peau et le soleil<\/a>, et bien plus encore.<\/p>\n<p style=\"text-align: justify;\">Enfin, nous parcourons r\u00e9guli\u00e8rement la France afin d\u2019\u00e9changer avec les dermatologues sur des articles scientifiques r\u00e9cemment publi\u00e9s. Ces r\u00e9unions prennent le nom de \u00ab \u00a0Caf\u00e9s scientifiques\u00a0\u00bb.<\/p>\n<p>&nbsp;<\/p>\n<h2><span style=\"color: #68153d;\">LA CREATION D&#8217;HYFAC<\/span><\/h2>\n<div class=\"hr-hyfac hr-hyfac-labo\"><\/div>\n<p><img loading=\"lazy\" class=\"alignleft size-medium wp-image-1661\" src=\"http:\/\/hyfac.fr\/wp-content\/uploads\/2016\/04\/labo_hyfac_1-300x200-300x200.jpg\" alt=\"labo_hyfac_1-300x200\" width=\"300\" height=\"200\" \/><\/p>\n<p style=\"text-align: justify;\">L\u2019histoire commence en 1984 dans un laboratoire. Alice, y travaille comme chimiste sur la mise au point d\u2019un shampoing. Apr\u00e8s avoir test\u00e9 plusieurs jours son shampoing elle se rendit compte qu\u2019au niveau du front, sur une zone proche du cuir chevelu, sa peau semblait plus nette, moins grasse. Alice et ses amis chercheurs se mirent au travail afin de d\u00e9terminer l\u2019origine de cette sublime action. Les r\u00e9sultats d\u00e9montr\u00e8rent que la Piroctone Olamine \u00e9tait responsable de cette action b\u00e9n\u00e9fique sur la peau. C\u2019est suite \u00e0 cette d\u00e9couverte fortuite, mais n\u00e9anmoins prometteuse, que le laboratoire d\u00e9cida de mettre au point des formulations originales \u00e0 base de Piroctone Olamine pour aider les peaux \u00e0 tendances acn\u00e9iques.<\/p>\n<p style=\"text-align: justify;\">C\u2019est ainsi qu\u2019est n\u00e9 <span style=\"color: #68153d;\"><strong>HYFAC<\/strong><\/span> <a href=\"https:\/\/hyfac.fr\/nos-gammes\/hyfac-classique\/\">soins pour les peaux jeunes<\/a>. Une gamme <span style=\"color: #68153d;\"><strong>simple<\/strong>, <strong>efficace<\/strong><\/span>, avec des <span style=\"color: #68153d;\"><strong>actifs reconnus<\/strong><\/span>.<\/p>\n<p style=\"text-align: justify;\">HYFAC, c\u2019est avoir conscience que l\u2019acn\u00e9 peut \u00eatre difficile \u00e0 vivre, qu\u2019il survient vers l\u2019adolescence et met du temps \u00e0 vous quitter. L\u2019acn\u00e9 est une maladie n\u00e9cessitant une <span style=\"color: #68153d;\"><strong>prise en charge globale<\/strong><\/span> avec de bons produits mais aussi avec une hygi\u00e8ne de vie adapt\u00e9e. C\u2019est pourquoi HYFAC vous aide \u00e0 comprendre votre maladie.<\/p>\n<p style=\"text-align: justify;\">Fort d\u2019une \u00e9quipe exp\u00e9riment\u00e9e constitu\u00e9e de <span style=\"color: #68153d;\"><strong>dermatologues<\/strong><\/span>, de <span style=\"color: #68153d;\"><strong>pharmaciens<\/strong><\/span> et de jeunes, les Laboratoire Moulin Royal Cosmetics a continu\u00e9 de d\u00e9velopper de nouvelles gammes dermo-cosmetique adapt\u00e9es \u00e0 chaque besoin et chaque mode de vie.<\/p>\n<p>&nbsp;<\/p>\n<h2><span style=\"color: #68153d;\">CHARTE DE BONNE CONDUITE<\/span><\/h2>\n<div class=\"hr-hyfac hr-hyfac-labo\"><\/div>\n<p><img loading=\"lazy\" class=\"alignright wp-image-436\" src=\"http:\/\/hyfac.fr\/wp-content\/uploads\/2015\/07\/labo_hyfac_3.jpg\" alt=\"labo_hyfac\" width=\"250\" height=\"375\" \/>Nous nous engageons \u00e0 respecter notre charte d\u2019intelligence et d\u2019exigence cosm\u00e9tique :<\/p>\n<ul>\n<li style=\"text-align: justify;\">L\u2019innovation et la <span style=\"color: #68153d;\"><strong>recherche de la qualit\u00e9 maximale<\/strong><\/span> doivent \u00eatre pr\u00e9sentes \u00e0 tous les niveaux, de la conception \u00e0 la distribution.<\/li>\n<li style=\"text-align: justify;\">Nos ingr\u00e9dients et actifs font l\u2019objet d\u2019<span style=\"color: #68153d;\"><strong>\u00e9tudes fondamentales pouss\u00e9es<\/strong><\/span> pour leur mise au point.<\/li>\n<li style=\"text-align: justify;\">La qualit\u00e9 technique de nos <span style=\"color: #68153d;\"><strong>syst\u00e8mes de d\u00e9livrance<\/strong><\/span> permet l\u2019absence de contact avec l\u2019air ambiant (syst\u00e8mes \u00ab airless \u00bb) dans la plupart de nos produits.<\/li>\n<li style=\"text-align: justify;\">La r\u00e9alisation d\u2019<span style=\"color: #68153d;\"><strong>\u00e9tudes cliniques<\/strong><\/span> est programm\u00e9e pour l\u2019ensemble de nos r\u00e9f\u00e9rences. Elle est assur\u00e9e par des investigateurs dermatologues.<\/li>\n<li style=\"text-align: justify;\">La <a href=\"https:\/\/hyfac.fr\/pres-de-chez-vous\/\">distribution<\/a> en <span style=\"color: #68153d;\"><strong>pharmacie et parapharmacie<\/strong><\/span> est notre choix de commercialisation.<\/li>\n<li style=\"text-align: justify;\">Enfin, notre objectif de d\u00e9veloppement \u00e0 l\u2019<span style=\"color: #68153d;\"><strong>international<\/strong><\/span> renforce notre souci d\u2019exigence d\u2019une qualit\u00e9 rigoureuse.<\/li>\n<\/ul>\n<p>&nbsp;<\/p>\n<h2><span style=\"color: #68153d;\">UNE PRESENCE INTERNATIONALE<\/span><\/h2>\n<div class=\"hr-hyfac hr-hyfac-labo\"><\/div>\n<p><img loading=\"lazy\" class=\"aligncenter size-full wp-image-4704\" src=\"https:\/\/hyfac.fr\/wp-content\/uploads\/2018\/05\/carte_monde_vierge_frontiere_pays_continent_hyfac_toutes_gammes.jpg\" alt=\"\" width=\"1839\" height=\"878\" srcset=\"https:\/\/hyfac.fr\/wp-content\/uploads\/2018\/05\/carte_monde_vierge_frontiere_pays_continent_hyfac_toutes_gammes.jpg 1839w, https:\/\/hyfac.fr\/wp-content\/uploads\/2018\/05\/carte_monde_vierge_frontiere_pays_continent_hyfac_toutes_gammes-300x143.jpg 300w, https:\/\/hyfac.fr\/wp-content\/uploads\/2018\/05\/carte_monde_vierge_frontiere_pays_continent_hyfac_toutes_gammes-1024x489.jpg 1024w\" sizes=\"(max-width: 1839px) 100vw, 1839px\" \/><\/p>\n<h2><\/h2>\n<p style=\"text-align: center;\">Pour en savoir plus rendez vous sur : <a href=\"https:\/\/www.moulinroyalcosmetics.com\">www.moulinroyalcosmetics.com<\/a><\/p>\n","protected":false},"excerpt":{"rendered":"<p>NOS EXPERTS DERMATOLOGUES D\u00e8s la cr\u00e9ation des\u00a0Laboratoires Moulin Royal Cosmetics, notre souhait a \u00e9t\u00e9 de nouer avec les dermatologues des relations privil\u00e9gi\u00e9es. Nous avons la m\u00eame ligne de conduite\u00a0: r\u00e9pondre aux besoins des patients avec des produits s\u00fbrs, efficaces et bien tol\u00e9r\u00e9s. Au fil des ann\u00e9es, ce partenariat s\u2019amplifia et nous travaillons aujourd\u2019hui main dans\u2026 <a class='lire-suite' href=https:\/\/hyfac.fr\/fr_fr\/le-laboratoire\/>Lire la suite >>><\/a><\/p>\n","protected":false},"author":1,"featured_media":0,"parent":0,"menu_order":4,"comment_status":"closed","ping_status":"closed","template":"page\/page-template-defaulthyfac.php","meta":{"_mi_skip_tracking":false,"spay_email":""},"_links":{"self":[{"href":"https:\/\/hyfac.fr\/fr_fr\/wp-json\/wp\/v2\/pages\/24"}],"collection":[{"href":"https:\/\/hyfac.fr\/fr_fr\/wp-json\/wp\/v2\/pages"}],"about":[{"href":"https:\/\/hyfac.fr\/fr_fr\/wp-json\/wp\/v2\/types\/page"}],"author":[{"embeddable":true,"href":"https:\/\/hyfac.fr\/fr_fr\/wp-json\/wp\/v2\/users\/1"}],"replies":[{"embeddable":true,"href":"https:\/\/hyfac.fr\/fr_fr\/wp-json\/wp\/v2\/comments?post=24"}],"version-history":[{"count":48,"href":"https:\/\/hyfac.fr\/fr_fr\/wp-json\/wp\/v2\/pages\/24\/revisions"}],"predecessor-version":[{"id":14760,"href":"https:\/\/hyfac.fr\/fr_fr\/wp-json\/wp\/v2\/pages\/24\/revisions\/14760"}],"wp:attachment":[{"href":"https:\/\/hyfac.fr\/fr_fr\/wp-json\/wp\/v2\/media?parent=24"}],"curies":[{"name":"wp","href":"https:\/\/api.w.org\/{rel}","templated":true}]}}