{"id":2599,"date":"2018-02-19T16:48:37","date_gmt":"2018-02-19T15:48:37","guid":{"rendered":"http:\/\/hyfac.fr\/?page_id=2599"},"modified":"2022-02-10T02:06:07","modified_gmt":"2022-02-10T01:06:07","slug":"fotoker-creme-dermatologique","status":"publish","type":"page","link":"https:\/\/hyfac.fr\/fr_fr\/nos-gammes\/fotoker-creme-dermatologique\/","title":{"rendered":"FOTOKER &#8211; Pr\u00e9vention et r\u00e9paration des dommages caus\u00e9s par le soleil"},"content":{"rendered":"<div style=\"width: 960px;\">&nbsp;<\/div>\n<div id=\"prd\">\n<div class=\"csRow\">\n<div class=\"csColumn\" style=\"margin: 0px; padding: 0px; float: left; width: 43%;\" data-csstartpoint=\"0\" data-csendpoint=\"430\" data-cswidth=\"43.0%\" data-csid=\"beb42ad8-6bfd-a029-8282-bd93ae120b4d\">\n<style type=\"text\/css\">#soliloquy-container-5312 .soliloquy-pager{bottom: -30px;}<\/style><div class=\"soliloquy-outer-container\" data-soliloquy-loaded=\"0\"><div aria-live=\"polite\" id=\"soliloquy-container-5312\" class=\"soliloquy-container soliloquy-transition-horizontal soliloquy-slide-horizontal soliloquy-controls-active slider-img-prd soliloquy-theme-base\" style=\"max-width:330px;max-height:600px;margin:0 auto 20px;max-width:100%;max-height:none;\"><ul id=\"soliloquy-5312\" class=\"soliloquy-slider soliloquy-slides soliloquy-wrap soliloquy-clear\"><li aria-hidden=\"true\" class=\"soliloquy-item soliloquy-item-1 soliloquy-id-5589 soliloquy-image-slide\" draggable=\"false\" style=\"list-style:none;\"><img id=\"soliloquy-image-5589\" class=\"soliloquy-image soliloquy-image-1\" src=\"https:\/\/hyfac.fr\/wp-content\/uploads\/2018\/09\/Diapositive32-1-330x600_c.jpeg\" alt=\"FOTOKER cr\u00e8me dermatologique dommages actiniques\" \/><\/li><li aria-hidden=\"true\" class=\"soliloquy-item soliloquy-item-2 soliloquy-id-5546 soliloquy-image-slide\" draggable=\"false\" style=\"list-style:none;\"><img id=\"soliloquy-image-5546\" class=\"soliloquy-image soliloquy-image-2 soliloquy-preload\" src=\"https:\/\/hyfac.fr\/wp-content\/plugins\/soliloquy\/assets\/css\/images\/holder.gif\" data-soliloquy-src=\"https:\/\/hyfac.fr\/wp-content\/uploads\/2018\/09\/Diapositive32-330x600_c.jpeg\" alt=\"FOTOKER cr\u00e8me dermatologique dommages actiniques\" \/><\/li><\/ul><\/div><noscript><style type=\"text\/css\" scoped>#soliloquy-container-5312{opacity:1}#soliloquy-container-5312 li > .soliloquy-caption{display:none}#soliloquy-container-5312 li:first-child > .soliloquy-caption{display:block}<\/style><div class=\"soliloquy-no-js\" style=\"display:none;visibility:hidden;height:0;line-height:0;opacity:0;\"><img class=\"soliloquy-image soliloquy-no-js-image\" src=\"https:\/\/hyfac.fr\/wp-content\/uploads\/2018\/09\/Diapositive32-1.jpeg\" alt=\"FOTOKER cr\u00e8me dermatologique dommages actiniques\" \/><img class=\"soliloquy-image soliloquy-no-js-image\" src=\"https:\/\/hyfac.fr\/wp-content\/uploads\/2018\/09\/Diapositive32.jpeg\" alt=\"FOTOKER cr\u00e8me dermatologique dommages actiniques\" \/><\/div><\/noscript><\/div>\n<\/div>\n<div class=\"csColumnGap\" style=\"margin: 0px; padding: 0px; float: left; width: 7.7%;\"><img style=\"border: none;\" src=\"https:\/\/hyfac.fr\/wp-content\/plugins\/advanced-wp-columns\/assets\/js\/plugins\/views\/img\/1x1-pixel.png\"><\/div>\n<div class=\"csColumn\" style=\"margin: 0px; padding: 0px; float: left; width: 49.3%;\" data-csstartpoint=\"507\" data-csendpoint=\"1000\" data-cswidth=\"49.3%\" data-csid=\"56e6cac6-63f3-6945-9ddf-f20a5ec7912c\">\n<h1><span style=\"color: #11568c; line-height: 35px;\">FOTOKER<\/span><\/h1>\n<p><span style=\"color: #11568c;\">Gamme FOTOKER<\/span><br \/>\nTube 50ml. Dispositif m\u00e9dical.<\/p>\n<p><br \/>\nPr\u00e9vention et r\u00e9paration des dommages caus\u00e9s par le soleil (dommages actiniques).&nbsp;Cr\u00e8me dermatologique.<\/p>\n<ul id=\"ulprd\">\n<li><img class=\"logo-prd\" src=\"\/wp-content\/uploads\/2018\/09\/Repare_ADN.png\" alt=\"R\u00e9pare_ADN\" width=\"50\"><br \/>\nREPARE<\/li>\n<li><img class=\"logo-prd\" src=\"\/wp-content\/uploads\/2018\/09\/Protege-des-UV.png\" alt=\"Prot\u00e8ge des UV\" width=\"50\"><br \/>\nSPF 50+<\/li>\n<li><img class=\"logo-prd\" src=\"\/wp-content\/uploads\/2018\/09\/uvb_uva.png\" alt=\"uvb_uva\" width=\"50\"><br \/>\nPROTECTION UVA\/UVB<\/li>\n<li><img class=\"logo-prd\" src=\"\/wp-content\/uploads\/2018\/09\/Hydrate.png\" alt=\"Hydrate\" width=\"50\"><br \/>\nHYDRATE<\/li>\n<\/ul>\n<ul id=\"ulprd-link\">\n<li><a href=\"https:\/\/fotoker.fr\/produit\/fotoker-creme-dermatologique\/\"><img class=\"img1\" src=\"\/wp-content\/uploads\/2018\/11\/caddie-copy.png\" alt=\"buy\">Commander en ligne<\/a><\/li>\n<li><a href=\"\/pres-de-chez-vous\/\"><img class=\"img2\" src=\"\/wp-content\/uploads\/2018\/06\/logo-map-e1530138886120.png\" alt=\"loc\">Trouver un point de vente<\/a><\/li>\n<\/ul>\n<ul id=\"ulprd-link\">\n<li class=\"infotri\"><span class=\"spantri\">D\u00e9couvrez nos consignes de tri<\/span><br \/>\n<img class=\"imgtri\" src=\"https:\/\/hyfac.fr\/wp-content\/uploads\/2020\/12\/FOTOKER.png\"><\/li>\n<\/ul>\n<\/div>\n<div style=\"clear: both; float: none; display: block; visibility: hidden; width: 0px; font-size: 0px; line-height: 0;\">&nbsp;<\/div>\n<\/div>\n<\/div>\n<div id=\"descript-prd\">La&nbsp;cr\u00e8me dermatologique FOTOKER apporte une <strong>double action pr\u00e9ventive<\/strong> \u00e0 la peau. Elle forme un film protecteur sur la peau et lui assure une protection solaire contre les UVA et UVB. Elle limite donc la p\u00e9n\u00e9tration des UV et r\u00e9pare d\u2019autre part les alt\u00e9rations cellulaires caus\u00e9es par les rayons UV qui auraient \u00e9chapp\u00e9 \u00e0 cette premi\u00e8re barri\u00e8re (photolyase). FOTOKER associe une enzyme, la <strong>photolyase<\/strong> \u00e0 des <strong>filtres solaires \u00e0 large spectre<\/strong> (\u00e9cran solaire 50+). La photolyase a la capacit\u00e9 de r\u00e9parer en instantan\u00e9 certains dommages de l\u2019ADN de nos cellules que provoquent les rayonnements UV du soleil. Sa <strong>texture hydratante<\/strong> et couvrante assure une application agr\u00e9able et une observance optimale.<\/div>\n<div id=\"menu-prdnew\">\n<ul>\n<li><a id=\"lienmenuconseil\" href=\"#prd\">CONSEILS D&#8217;UTILISATION<\/a><\/li>\n<li><a id=\"lienmenuactifs\" href=\"#conseil-prd\">ACTIFS<\/a><\/li>\n<li><a id=\"lienmenucmplt\" href=\"#actifs-prd\">PRODUITS COMPLEMENTAIRES<\/a><\/li>\n<li><a id=\"lienmenusavoir\" href=\"#cmplt-prd\">EN SAVOIR PLUS<\/a><\/li>\n<li><a id=\"lienmenucompo\" href=\"#savoir-prd\">COMPOSITION<\/a><\/li>\n<\/ul>\n<\/div>\n<div id=\"conseil-prd\">\n<div class=\"csRow\">\n<div class=\"csColumn\" style=\"margin: 0px; padding: 0px; float: left; width: 70.8%;\" data-csstartpoint=\"0\" data-csendpoint=\"680\" data-cswidth=\"70.8%\" data-csid=\"7ce9a14c-d45b-a3f2-987b-63fd249cc312\">\n<p><span style=\"color: #11568c;\">COMMENT BIEN APPLIQUER FOTOKER CREME DERMATOLOGIQUE ?<\/span><\/p>\n<p>FOTOKER est un dispositif m\u00e9dical recommand\u00e9 pour la pr\u00e9vention des k\u00e9ratoses actiniques. Il est recommand\u00e9 pour les personnes ayant une activit\u00e9 r\u00e9guli\u00e8re \u00e0 l\u2019ext\u00e9rieur, en pr\u00e9vention de l\u2019apparition des dommages provoqu\u00e9s par le soleil.<\/p>\n<p>Appliquer au moins 2 fois par jour (le matin vers 10H00 et l\u2019apr\u00e8s-midi vers 14H00) sur les zones d\u00e9couvertes (visage, cr\u00e2ne, cou, mains). En particulier, lorsque la peau est le si\u00e8ge de k\u00e9ratoses actiniques, l\u2019application se fera en priorit\u00e9 sur les zones de peau touch\u00e9es par celles-ci.<\/p>\n<p>Il est important de l\u2019appliquer tout au long de l\u2019ann\u00e9e (en toute saison) et pas uniquement durant l\u2019\u00e9t\u00e9 ou lorsque le temps est ensoleill\u00e9.<\/p>\n<\/div>\n<div class=\"csColumnGap\" style=\"margin: 0px; padding: 0px; float: left; width: 1.56%;\"><img style=\"border: none;\" src=\"https:\/\/hyfac.fr\/wp-content\/plugins\/advanced-wp-columns\/assets\/js\/plugins\/views\/img\/1x1-pixel.png\"><\/div>\n<div class=\"csColumn\" style=\"margin: 0px; padding: 0px; float: left; width: 27.6%;\" data-csstartpoint=\"695\" data-csendpoint=\"960\" data-cswidth=\"27.6%\" data-csid=\"2de6301b-fc0e-6c4c-b16e-671973f34d15\">&nbsp;<br \/>\n&nbsp;<br \/>\n&nbsp;<br \/>\n<img loading=\"lazy\" class=\"aligncenter wp-image-5140\" src=\"https:\/\/hyfac.fr\/wp-content\/uploads\/2018\/07\/conseil-250x250.png\" alt=\"\" width=\"180\" height=\"181\" srcset=\"https:\/\/hyfac.fr\/wp-content\/uploads\/2018\/07\/conseil-250x250.png 250w, https:\/\/hyfac.fr\/wp-content\/uploads\/2018\/07\/conseil-298x300.png 298w, https:\/\/hyfac.fr\/wp-content\/uploads\/2018\/07\/conseil.png 308w\" sizes=\"(max-width: 180px) 100vw, 180px\" \/>&nbsp;<\/p>\n<\/div>\n<div style=\"clear: both; float: none; display: block; visibility: hidden; width: 0px; font-size: 0px; line-height: 0;\">&nbsp;<\/div>\n<p><span style=\"color: #11568c;\">Qu\u2019apporte FOTOKER dans la pr\u00e9vention des k\u00e9ratoses actiniques ?<\/span><br \/>\nUn \u00e9cran solaire, m\u00eame \u00e0 tr\u00e8s large spectre, n\u2019est pas un \u00e9cran total. FOTOKER va au-del\u00e0 du simple \u00e9cran solaire car il contient une enzyme qui a la capacit\u00e9 de r\u00e9parer en instantan\u00e9 certains dommages caus\u00e9s \u00e0 l\u2019ADN des cellules de l\u2019\u00e9piderme. Cette enzyme est la <strong>photolyase.<\/strong> Elle est naturellement absente chez l\u2019homme et pr\u00e9sente dans de nombreuses esp\u00e8ces v\u00e9g\u00e9tales ou animales. FOTOKER associe \u00e0 la photolyase un \u00e9cran solaire 50+ \u00e0 large spectre.<\/p>\n<\/div>\n<\/div>\n<div id=\"actifs-prd\">\n<div class=\"h2prd\">\n<h2><span style=\"color: #11568c;\">ACTIFS PRINCIPAUX<\/span><\/h2>\n<\/div>\n<p><span style=\"color: #11568c;\">Photolyase (extrait de plancton)<\/span><br \/>\nLa photolyase est une enzyme permettant de r\u00e9parer instantan\u00e9ment les dommages caus\u00e9s par les UV au niveau de l\u2019ADN des cellules de l\u2019\u00e9piderme. Cette enzyme est naturellement absente chez l\u2019homme et pr\u00e9sente dans de nombreuses esp\u00e8ces v\u00e9g\u00e9tales ou animales.<\/p>\n<p><span style=\"color: #11568c;\">Ecran solaire 50+ \u00e0 large spectre, sans \u00e9crans min\u00e9raux<\/span><br \/>\nLes filtres solaires \u00e0 large spectre de photo-protection assurent une haute protection solaire contre les UVA et UVB.<\/p>\n<\/div>\n<div id=\"cmplt-prd\">\n<div class=\"h2prd\">\n<h2><span style=\"color: #11568c;\">PRODUITS COMPLEMENTAIRES<\/span><\/h2>\n<\/div>\n<style type=\"text\/css\">#soliloquy-container-5444 .soliloquy-prev{left: -60px;background-color:#11568C;}#soliloquy-container-5444 .soliloquy-next{right: -60px;background-color:#11568C;}#soliloquy-container-5444 .soliloquy-image{background: #f3f3f3;border: 1px solid #ddd;padding:3px;}#soliloquy-container-5444 .soliloquy-viewport{height: 260px !important;}#soliloquy-container-5444 .soliloquy-caption-bottom{position: relative;}#soliloquy-container-5444 .soliloquy-caption-inside{color:#CEBFB6; text-shadow:none;background:none;}@media only screen and (max-width: 1000px){#soliloquy-container-5444 .soliloquy-prev{left: 0px;}#soliloquy-container-5444 .soliloquy-next{right: 0px;}#soliloquy-container-5444 .soliloquy-viewport{height: 200px;}}<\/style><div class=\"soliloquy-outer-container soliloquy-carousel\" data-soliloquy-loaded=\"0\"><div aria-live=\"polite\" id=\"soliloquy-container-5444\" class=\"soliloquy-container soliloquy-transition-horizontal soliloquy-slide-horizontal soliloquy-arrows-active Produits-complmentaires-Hyfac soliloquy-theme-base\" style=\"max-width:960px;max-height:300px;margin:0 auto 20px;\"><ul id=\"soliloquy-5444\" class=\"soliloquy-slider soliloquy-slides soliloquy-wrap soliloquy-clear\"><li aria-hidden=\"true\" class=\"soliloquy-item soliloquy-item-1 soliloquy-id-5591 soliloquy-image-slide\" draggable=\"false\" style=\"list-style:none;\"><a href=\"https:\/\/hyfac.fr\/nos-gammes\/hydrafac\/creme-legere\/\" class=\"soliloquy-link\" title=\"HYDRAFAC cr\u00e8me hydratante l\u00e9g\u00e8re peaux mixtes\"><img id=\"soliloquy-image-5591\" class=\"soliloquy-image soliloquy-image-1\" src=\"https:\/\/hyfac.fr\/wp-content\/uploads\/2018\/09\/Diapositive24-1-200x200_c.jpeg\" alt=\"HYDRAFAC cr\u00e8me hydratante l\u00e9g\u00e8re peaux mixtes\" \/><\/a><div class=\"soliloquy-caption soliloquy-caption-bottom\"><div class=\"soliloquy-caption-inside\"><p>Cr\u00e8me l\u00e9g\u00e8re<\/p><br \/>\n<p style=\"font-size:13px\">Cr\u00e8me hydratante pour peaux normales \u00e0 mixtes<\/p><\/div><\/div><\/li><li aria-hidden=\"true\" class=\"soliloquy-item soliloquy-item-2 soliloquy-id-5592 soliloquy-image-slide\" draggable=\"false\" style=\"list-style:none;\"><a href=\"https:\/\/hyfac.fr\/nos-gammes\/hydrafac\/creme-riche\/\" class=\"soliloquy-link\" title=\"HYDRAFAC cr\u00e8me hydratante riche peau s\u00e8che\"><img id=\"soliloquy-image-5592\" class=\"soliloquy-image soliloquy-image-2\" src=\"https:\/\/hyfac.fr\/wp-content\/uploads\/2018\/09\/Diapositive26-1-200x200_c.jpeg\" alt=\"HYDRAFAC cr\u00e8me hydratante riche peau s\u00e8che\" \/><\/a><div class=\"soliloquy-caption soliloquy-caption-bottom\"><div class=\"soliloquy-caption-inside\"><p>Cr\u00e8me riche<\/p><br \/>\n<p style=\"font-size:13px\">Cr\u00e8me hydratante pour peaux s\u00e8ches<\/p><\/div><\/div><\/li><li aria-hidden=\"true\" class=\"soliloquy-item soliloquy-item-3 soliloquy-id-5593 soliloquy-image-slide\" draggable=\"false\" style=\"list-style:none;\"><a href=\"https:\/\/hyfac.fr\/nos-gammes\/hydrafac\/baume-levres\/\" class=\"soliloquy-link\" title=\"HYDRAFAC Baume l\u00e8vres hydratant nourissant\"><img id=\"soliloquy-image-5593\" class=\"soliloquy-image soliloquy-image-3\" src=\"https:\/\/hyfac.fr\/wp-content\/uploads\/2018\/09\/Diapositive28-200x200_c.jpeg\" alt=\"HYDRAFAC Baume l\u00e8vres hydratant nourissant\" \/><\/a><div class=\"soliloquy-caption soliloquy-caption-bottom\"><div class=\"soliloquy-caption-inside\"><p>Baume l\u00e8vres<\/p><br \/>\n<p style=\"font-size:13px\">Nourrit et hydrate<\/p><\/div><\/div><\/li><li aria-hidden=\"true\" class=\"soliloquy-item soliloquy-item-4 soliloquy-id-5594 soliloquy-image-slide\" draggable=\"false\" style=\"list-style:none;\"><a href=\"https:\/\/hyfac.fr\/nos-gammes\/clarifac-soin-anti-taches\/\" class=\"soliloquy-link\" title=\"CLARIFAC soin anti-tache \u00e9claircissant\"><img id=\"soliloquy-image-5594\" class=\"soliloquy-image soliloquy-image-4\" src=\"https:\/\/hyfac.fr\/wp-content\/uploads\/2018\/09\/Diapositive30-1-200x200_c.jpeg\" alt=\"CLARIFAC soin anti-tache \u00e9claircissant\" \/><\/a><div class=\"soliloquy-caption soliloquy-caption-bottom\"><div class=\"soliloquy-caption-inside\"><p>Soin anti-taches<\/p><br \/>\n<p style=\"font-size:13px\">Unifie et \u00e9claircit le teint<\/p><\/div><\/div><\/li><\/ul><\/div><noscript><style type=\"text\/css\" scoped>#soliloquy-container-5444{opacity:1}#soliloquy-container-5444 li > .soliloquy-caption{display:none}#soliloquy-container-5444 li:first-child > .soliloquy-caption{display:block}<\/style><div class=\"soliloquy-no-js\" style=\"display:none;visibility:hidden;height:0;line-height:0;opacity:0;\"><img class=\"soliloquy-image soliloquy-no-js-image\" src=\"https:\/\/hyfac.fr\/wp-content\/uploads\/2018\/09\/Diapositive24-1.jpeg\" alt=\"HYDRAFAC cr\u00e8me hydratante l\u00e9g\u00e8re peaux mixtes\" \/><img class=\"soliloquy-image soliloquy-no-js-image\" src=\"https:\/\/hyfac.fr\/wp-content\/uploads\/2018\/09\/Diapositive26-1.jpeg\" alt=\"HYDRAFAC cr\u00e8me hydratante riche peau s\u00e8che\" \/><img class=\"soliloquy-image soliloquy-no-js-image\" src=\"https:\/\/hyfac.fr\/wp-content\/uploads\/2018\/09\/Diapositive28.jpeg\" alt=\"HYDRAFAC Baume l\u00e8vres hydratant nourissant\" \/><img class=\"soliloquy-image soliloquy-no-js-image\" src=\"https:\/\/hyfac.fr\/wp-content\/uploads\/2018\/09\/Diapositive30-1.jpeg\" alt=\"CLARIFAC soin anti-tache \u00e9claircissant\" \/><\/div><\/noscript><\/div>\n<\/div>\n<div id=\"savoir-prd\">\n<div class=\"h2prd\">\n<h2><span style=\"color: #11568c;\">EN SAVOIR PLUS<\/span><\/h2>\n<\/div>\n<div class=\"csRow\">\n<div class=\"csColumn\" style=\"margin: 0px; padding: 0px; float: left; width: 38.6%;\" data-csstartpoint=\"0\" data-csendpoint=\"370.5\" data-cswidth=\"38.6%\" data-csid=\"beb42ad8-6bfd-a029-8282-bd93ae120b4d\"><a href=\"\/sos-dermato\/4322-keratoses-actiniques-prevention\/\" target=\"_blank\" rel=\"noopener\"><img loading=\"lazy\" class=\"aligncenter wp-image-4342 size-thumbnail\" src=\"https:\/\/hyfac.fr\/wp-content\/uploads\/2018\/03\/banniere_carree_site_hyfac_intro_themes2-250x250.jpg\" alt=\"Les k\u00e9ratoses actiniques et la pr\u00e9vention\" width=\"250\" height=\"250\" srcset=\"https:\/\/hyfac.fr\/wp-content\/uploads\/2018\/03\/banniere_carree_site_hyfac_intro_themes2-250x250.jpg 250w, https:\/\/hyfac.fr\/wp-content\/uploads\/2018\/03\/banniere_carree_site_hyfac_intro_themes2-300x300.jpg 300w, https:\/\/hyfac.fr\/wp-content\/uploads\/2018\/03\/banniere_carree_site_hyfac_intro_themes2.jpg 543w\" sizes=\"(max-width: 250px) 100vw, 250px\" \/><\/a><\/div>\n<div class=\"csColumnGap\" style=\"margin: 0px; padding: 0px; float: left; width: 1.56%;\"><img style=\"border: none;\" src=\"https:\/\/hyfac.fr\/wp-content\/plugins\/advanced-wp-columns\/assets\/js\/plugins\/views\/img\/1x1-pixel.png\"><\/div>\n<div class=\"csColumn\" style=\"margin: 0px; padding: 0px; float: left; width: 59.8%;\" data-csstartpoint=\"385.5\" data-csendpoint=\"960\" data-cswidth=\"59.8%\" data-csid=\"56e6cac6-63f3-6945-9ddf-f20a5ec7912c\"><span style=\"color: #11568c;\">Qu\u2019est-ce que les k\u00e9ratoses actiniques ?<\/span><br \/>\nIl s\u2019agit d\u2019un nom m\u00e9connu d\u00e9signant un probl\u00e8me cutan\u00e9 parmi les plus fr\u00e9quents !<br \/>\nLes k\u00e9ratoses actiniques, encore appel\u00e9es k\u00e9ratoses solaires, sont des l\u00e9sions cutan\u00e9es pr\u00e9canc\u00e9reuses. Ce sont des pr\u00e9curseurs d\u2019une forme particuli\u00e8re de cancers de la peau. Les k\u00e9ratoses actiniques sont li\u00e9es \u00e0 une exposition au soleil chronique ou r\u00e9p\u00e9t\u00e9e, qu\u2019elle soit professionnelle (marins, agriculteurs, sportifs, travailleurs du b\u00e2timent, etc.), ou pour les loisirs (jardinage, marche au soleil, v\u00e9lo, etc.). Elles surviennent donc essentiellement sur les zones d\u00e9couvertes (visage, cr\u00e2ne chauve, nuque, jambes, d\u00e9collet\u00e9 et mains).<br \/>\nLes k\u00e9ratoses actiniques sont de petites l\u00e9sions chroniques, roses ou brunes, squameuses ou cro\u00fbteuses, planes ou l\u00e9g\u00e8rement sur\u00e9lev\u00e9es, tr\u00e8s souvent rugueuses au toucher. Elles sont un motif de consultation extr\u00eamement fr\u00e9quent en dermatologie.<br \/>\nUne k\u00e9ratose solaire non trait\u00e9e peut soit persister, soit disparaitre spontan\u00e9ment, soit se transformer en carcinome \u00e9pidermo\u00efde (cancer cutan\u00e9). On estime qu\u2019un individu porteur de plus de 10 k\u00e9ratoses actiniques a une probabilit\u00e9 de 10% de d\u00e9velopper un carcinome \u00e9pidermo\u00efde dans les 10 ans. La survenue des k\u00e9ratoses actiniques est directement li\u00e9e \u00e0 l\u2019exposition solaire, la pr\u00e9vention est donc essentielle (v\u00eatements, \u00e9crans solaires \u00e0 large spectre sur les zones d\u00e9couvertes).&nbsp;<\/p>\n<div id=\"savoirplus\"><a href=\"\/sos-dermato\/4322-keratoses-actiniques-prevention\/\">En savoir plus sur les k\u00e9ratoses actiniques et la pr\u00e9vention<\/a><\/div>\n<\/div>\n<div style=\"clear: both; float: none; display: block; visibility: hidden; width: 0px; font-size: 0px; line-height: 0;\">&nbsp;<\/div>\n<\/div>\n<\/div>\n<div id=\"compo-prd\">\n<div class=\"h2prd\">\n<h2><span style=\"color: #11568c;\">COMPOSITIONS <span style=\"font-size: 14pt;\">\/<\/span> INGREDIENTS<\/span><\/h2>\n<\/div>\n<p><span style=\"color: #cebfb6;\">INCI : AQUA, METHYLENE BIS-BENZOTRIAZOLYL TETRAMETHYLBUTYLPHENOL [NANO], ETHYLHEXYL METHOXYCINNAMATE, BIS-ETHYLHEXYLOXYPHENOL METHOXYPHENYL TRIAZINE, DICAPRYLYL ETHER, OCTOCRYLENE, CETEARYL ETHYLHEXANOATE, CYCLOPENTESILOXANE, BUTYL METHOXYDIBENZOYLMETHANE, GLYCERIN, CETEARYL ALCOHOL, GLYCERYL STEARATE, PROPYLENE GLYCOL, DECYL GLUCOSIDE, TRIACONTANYL PVP, AMMONIUM ACRYLOYLDIMETHYLTAURATE\/VP COPOLYMER, POTASSIUM PALMITOYL HYDROLYZED WHEAT PROTEIN, PHENETHYL ALCOHOL, CAPRYLYL GLYCOL, TOCOPHERYL ACETATE, PLANKTON EXTRACT, DIAMINOPROPIONOYL TRIPEPTIDE-33, PARFUM, CITRIC ACID, LECITHIN, XANTHAN GUM,TOCOPHEROL, ASCORBYL PALMITATE.<\/span><\/p>\n<\/div>\n","protected":false},"excerpt":{"rendered":"<p>Dispositif m\u00e9dical.<\/p>\n","protected":false},"author":1,"featured_media":4698,"parent":22,"menu_order":4,"comment_status":"closed","ping_status":"closed","template":"page\/page-template-newprdfotoker.php","meta":{"_mi_skip_tracking":false,"spay_email":""},"_links":{"self":[{"href":"https:\/\/hyfac.fr\/fr_fr\/wp-json\/wp\/v2\/pages\/2599"}],"collection":[{"href":"https:\/\/hyfac.fr\/fr_fr\/wp-json\/wp\/v2\/pages"}],"about":[{"href":"https:\/\/hyfac.fr\/fr_fr\/wp-json\/wp\/v2\/types\/page"}],"author":[{"embeddable":true,"href":"https:\/\/hyfac.fr\/fr_fr\/wp-json\/wp\/v2\/users\/1"}],"replies":[{"embeddable":true,"href":"https:\/\/hyfac.fr\/fr_fr\/wp-json\/wp\/v2\/comments?post=2599"}],"version-history":[{"count":59,"href":"https:\/\/hyfac.fr\/fr_fr\/wp-json\/wp\/v2\/pages\/2599\/revisions"}],"predecessor-version":[{"id":15033,"href":"https:\/\/hyfac.fr\/fr_fr\/wp-json\/wp\/v2\/pages\/2599\/revisions\/15033"}],"up":[{"embeddable":true,"href":"https:\/\/hyfac.fr\/fr_fr\/wp-json\/wp\/v2\/pages\/22"}],"wp:featuredmedia":[{"embeddable":true,"href":"https:\/\/hyfac.fr\/fr_fr\/wp-json\/wp\/v2\/media\/4698"}],"wp:attachment":[{"href":"https:\/\/hyfac.fr\/fr_fr\/wp-json\/wp\/v2\/media?parent=2599"}],"curies":[{"name":"wp","href":"https:\/\/api.w.org\/{rel}","templated":true}]}}